{"id":294955,"date":"2024-10-01T13:59:41","date_gmt":"2024-10-01T11:59:41","guid":{"rendered":"https:\/\/miomiorun.com\/prodotto\/stretch-2-maglia-donna\/"},"modified":"2025-05-27T18:55:16","modified_gmt":"2025-05-27T16:55:16","slug":"stretch-2-maillot-femme","status":"publish","type":"product","link":"https:\/\/www.miomiorun.com\/fr\/produit\/stretch-2-maillot-femme\/","title":{"rendered":"Stretch 2 Maillot femme"},"content":{"rendered":"<div class=\"product-attribute product-attribute-passion\">\n<div class=\"product-info-main\">\n<div class=\"product-attribute product-attribute-passion\">\n<h3 class=\"product-attribute-season\">La polaire extensible dans les deux sens pour femmes est chaude et confortable, parfaite pour l&#8217;alpinisme, la randonn\u00e9e et le ski.<\/h3>\n<div><\/div>\n<div class=\"product-attribute-season\">Cette veste enti\u00e8rement zipp\u00e9e est fabriqu\u00e9e en polaire thermique en polyester recycl\u00e9 extensible dans les deux sens, une mati\u00e8re chaude et souple. La doublure partielle en maille augmente la circulation de l&#8217;air pour une meilleure respirabilit\u00e9 par temps chaud.<\/div>\n<div class=\"product-attribute-season\">Facile \u00e0 enfiler et \u00e0 retirer gr\u00e2ce \u00e0 la fermeture \u00e0 glissi\u00e8re centrale sur le devant, il est dot\u00e9 de poches zipp\u00e9es sur les mains pour transporter vos affaires essentielles. Les poignets et l&#8217;ourlet \u00e9lastiqu\u00e9s s&#8217;ajustent parfaitement pour un maintien optimal et une bonne stabilit\u00e9 pendant l&#8217;activit\u00e9 physique. Des randonn\u00e9es printani\u00e8res dans les collines aux journ\u00e9es de ski, le maillot stretch fleece 2 pour femmes offre un confort maximal saison apr\u00e8s saison.<\/div>\n<\/div>\n<\/div>\n<\/div>\n<div><\/div>\n<div><strong>Caract\u00e9ristiques :<\/strong><\/div>\n<div>\n<ul class=\"tw-list-disc\">\n<li class=\"tw-text-xs\">Maillot ouvert pour femmes<\/li>\n<li class=\"tw-text-xs\">Tissu polaire thermique en polyester bi-extensible<\/li>\n<li class=\"tw-text-xs\">Partiellement doubl\u00e9 de tissu en maille<\/li>\n<li class=\"tw-text-xs\">&#8211; Fermeture \u00e0 glissi\u00e8re au milieu du devant ;<\/li>\n<li class=\"tw-text-xs\">Poignets et ourlets \u00e9lastiques.<\/li>\n<li class=\"tw-text-xs\">Id\u00e9al pour diverses activit\u00e9s de plein air.<\/li>\n<li class=\"tw-text-xs\">Poids : 350,0 g<\/li>\n<\/ul>\n<h3 style=\"text-align: center;\">Avantages<\/h3>\n<div class=\"content__image-wrapper tw-w-fit\">\n<div class=\"content__image tw-relative tw-w-[3.2rem]\"><img loading=\"lazy\" decoding=\"async\" class=\"tw-absolute tw-top-0 tw-left-0 tw-w-full tw-h-full\" src=\"https:\/\/www.montura.com\/cdn\/shop\/files\/004_Breathable_Black.svg?v=1709125473&amp;width=200\" srcset=\"\/\/www.montura.com\/cdn\/shop\/files\/004_Breathable_Black.svg?v=1709125473&amp;width=200 200w\" alt=\"\" width=\"51\" height=\"51\" \/><\/div>\n<div>\n<h3 class=\"tw-text-s tw-pt-[1.2rem] tw-pb-[0.4rem] tw-font-medium\">&#8211; Respirant ;<\/h3>\n<p class=\"tw-text-greyish-brown tw-text-xs tw-pt-[0.4rem]\">Les tissus respirants favorisent la transpiration naturelle de la peau et maintiennent le corps \u00e0 une temp\u00e9rature optimale en permanence.<\/p>\n<\/div>\n<\/div>\n<\/div>\n<p>&nbsp;<\/p>\n<div class=\"product-attribute product-attribute-passion\">\n<div class=\"product-info-main\">\n<div class=\"product-attribute product-attribute-passion\">\n<div class=\"texture-images\">\n<div class=\"content__image-wrapper tw-w-fit\">\n<div class=\"content__image tw-relative tw-w-[3.2rem]\"><img loading=\"lazy\" decoding=\"async\" class=\"tw-absolute tw-top-0 tw-left-0 tw-w-full tw-h-full\" src=\"https:\/\/www.montura.com\/cdn\/shop\/files\/012_RecycledMaterial_Black.svg?v=1709125426&amp;width=200\" srcset=\"\/\/www.montura.com\/cdn\/shop\/files\/012_RecycledMaterial_Black.svg?v=1709125426&amp;width=200 200w\" alt=\"\" width=\"50\" height=\"50\" \/><\/div>\n<\/div>\n<\/div>\n<div>\n<h3 class=\"tw-text-s tw-pt-[1.2rem] tw-pb-[0.4rem] tw-font-medium\">Mat\u00e9riaux recycl\u00e9s.<\/h3>\n<p class=\"tw-text-greyish-brown tw-text-xs tw-pt-[0.4rem]\">Fabriqu\u00e9 \u00e0 partir de mat\u00e9riaux recycl\u00e9s, ce produit contribue \u00e0 r\u00e9duire les d\u00e9chets et l&#8217;utilisation de mat\u00e9riaux vierges.<\/p>\n<\/div>\n<p>&nbsp;<\/p>\n<\/div>\n<\/div>\n<\/div>\n","protected":false},"excerpt":{"rendered":"<ul>\n<li>Deuxi\u00e8me couche en tissu polaire thermique<\/li>\n<li>Id\u00e9al pour les activit\u00e9s de plein air<\/li>\n<\/ul>\n","protected":false},"featured_media":249396,"template":"","meta":{"_acf_changed":false,"inline_featured_image":false},"product_brand":[],"product_cat":[22601,22596,22595],"product_tag":[23512,23514],"class_list":{"0":"post-294955","1":"product","2":"type-product","3":"status-publish","4":"has-post-thumbnail","6":"product_cat-maillots","7":"product_cat-vetements-pour-femmes","8":"product_cat-femme","9":"product_tag-montura-fr","10":"product_tag-montura-femme","11":"pa_attivita-marcher","12":"pa_attivita-outdoor-fr","13":"pa_colore-stretch-2-maglia-w-black-fr","14":"pa_marca-montura-fr","15":"pa_sesso-femme","16":"pa_size-small-fr","17":"pa_size-medium-fr","18":"pa_size-large-fr","20":"first","21":"instock","22":"sale","23":"taxable","24":"shipping-taxable","25":"purchasable","26":"product-type-variable","27":"wvs-archive-product-wrapper"},"acf":[],"yoast_head":"<!-- This site is optimized with the Yoast SEO plugin v26.8 - https:\/\/yoast.com\/product\/yoast-seo-wordpress\/ -->\n<title>Montura Stretch 2 Maillot femme - Maillot \u00e0 manches longues d&#039;hiver - MioMioRun<\/title>\n<meta name=\"description\" content=\"Stretch 2 Fleece pour femmes chaud et confortable : parfait pour l&#039;alpinisme, la randonn\u00e9e et le ski. D\u00e9couvrez-le avec nous\" \/>\n<meta name=\"robots\" content=\"index, follow, max-snippet:-1, max-image-preview:large, max-video-preview:-1\" \/>\n<link rel=\"canonical\" href=\"https:\/\/www.miomiorun.com\/fr\/produit\/stretch-2-maillot-femme\/\" \/>\n<meta property=\"og:locale\" content=\"fr_FR\" \/>\n<meta property=\"og:type\" content=\"article\" \/>\n<meta property=\"og:title\" content=\"Montura Stretch 2 Maillot femme - Maillot \u00e0 manches longues d&#039;hiver - MioMioRun\" \/>\n<meta property=\"og:description\" content=\"Stretch 2 Fleece pour femmes chaud et confortable : parfait pour l&#039;alpinisme, la randonn\u00e9e et le ski. D\u00e9couvrez-le avec nous\" \/>\n<meta property=\"og:url\" content=\"https:\/\/www.miomiorun.com\/fr\/produit\/stretch-2-maillot-femme\/\" \/>\n<meta property=\"og:site_name\" content=\"MioMioRun\" \/>\n<meta property=\"article:publisher\" content=\"https:\/\/www.facebook.com\/miomiorun\/\" \/>\n<meta property=\"article:modified_time\" content=\"2025-05-27T16:55:16+00:00\" \/>\n<meta property=\"og:image\" content=\"https:\/\/www.miomiorun.com\/app\/uploads\/2024\/10\/montura-Stretch-2-maglia-W-light-rose-MMAP46W.01.webp\" \/>\n\t<meta property=\"og:image:width\" content=\"600\" \/>\n\t<meta property=\"og:image:height\" content=\"600\" \/>\n\t<meta property=\"og:image:type\" content=\"image\/webp\" \/>\n<meta name=\"twitter:card\" content=\"summary_large_image\" \/>\n<meta name=\"twitter:label1\" content=\"Est. reading time\" \/>\n\t<meta name=\"twitter:data1\" content=\"1 minute\" \/>\n<script type=\"application\/ld+json\" class=\"yoast-schema-graph\">{\"@context\":\"https:\/\/schema.org\",\"@graph\":[{\"@type\":\"WebPage\",\"@id\":\"https:\/\/www.miomiorun.com\/fr\/produit\/stretch-2-maillot-femme\/\",\"url\":\"https:\/\/www.miomiorun.com\/fr\/produit\/stretch-2-maillot-femme\/\",\"name\":\"Montura Stretch 2 Maillot femme - Maillot \u00e0 manches longues d'hiver - MioMioRun\",\"isPartOf\":{\"@id\":\"https:\/\/www.miomiorun.com\/fr\/#website\"},\"primaryImageOfPage\":{\"@id\":\"https:\/\/www.miomiorun.com\/fr\/produit\/stretch-2-maillot-femme\/#primaryimage\"},\"image\":{\"@id\":\"https:\/\/www.miomiorun.com\/fr\/produit\/stretch-2-maillot-femme\/#primaryimage\"},\"thumbnailUrl\":\"https:\/\/www.miomiorun.com\/app\/uploads\/2024\/10\/montura-Stretch-2-maglia-W-light-rose-MMAP46W.01.webp\",\"datePublished\":\"2024-10-01T11:59:41+00:00\",\"dateModified\":\"2025-05-27T16:55:16+00:00\",\"description\":\"Stretch 2 Fleece pour femmes chaud et confortable : parfait pour l'alpinisme, la randonn\u00e9e et le ski. D\u00e9couvrez-le avec nous\",\"breadcrumb\":{\"@id\":\"https:\/\/www.miomiorun.com\/fr\/produit\/stretch-2-maillot-femme\/#breadcrumb\"},\"inLanguage\":\"fr-FR\",\"potentialAction\":[{\"@type\":\"ReadAction\",\"target\":[\"https:\/\/www.miomiorun.com\/fr\/produit\/stretch-2-maillot-femme\/\"]}]},{\"@type\":\"ImageObject\",\"inLanguage\":\"fr-FR\",\"@id\":\"https:\/\/www.miomiorun.com\/fr\/produit\/stretch-2-maillot-femme\/#primaryimage\",\"url\":\"https:\/\/www.miomiorun.com\/app\/uploads\/2024\/10\/montura-Stretch-2-maglia-W-light-rose-MMAP46W.01.webp\",\"contentUrl\":\"https:\/\/www.miomiorun.com\/app\/uploads\/2024\/10\/montura-Stretch-2-maglia-W-light-rose-MMAP46W.01.webp\",\"width\":600,\"height\":600,\"caption\":\"montura Stretch 2 maglia W light rose MMAP46W.01\"},{\"@type\":\"BreadcrumbList\",\"@id\":\"https:\/\/www.miomiorun.com\/fr\/produit\/stretch-2-maillot-femme\/#breadcrumb\",\"itemListElement\":[{\"@type\":\"ListItem\",\"position\":1,\"name\":\"Home\",\"item\":\"https:\/\/www.miomiorun.com\/fr\/home-page\/\"},{\"@type\":\"ListItem\",\"position\":2,\"name\":\"Shop\",\"item\":\"https:\/\/www.miomiorun.com\/shop\/\"},{\"@type\":\"ListItem\",\"position\":3,\"name\":\"Stretch 2 Maillot femme\"}]},{\"@type\":\"WebSite\",\"@id\":\"https:\/\/www.miomiorun.com\/fr\/#website\",\"url\":\"https:\/\/www.miomiorun.com\/fr\/\",\"name\":\"MioMioRun\",\"description\":\"Boutique 100% running et trail\",\"publisher\":{\"@id\":\"https:\/\/www.miomiorun.com\/fr\/#organization\"},\"potentialAction\":[{\"@type\":\"SearchAction\",\"target\":{\"@type\":\"EntryPoint\",\"urlTemplate\":\"https:\/\/www.miomiorun.com\/fr\/?s={search_term_string}\"},\"query-input\":{\"@type\":\"PropertyValueSpecification\",\"valueRequired\":true,\"valueName\":\"search_term_string\"}}],\"inLanguage\":\"fr-FR\"},{\"@type\":\"Organization\",\"@id\":\"https:\/\/www.miomiorun.com\/fr\/#organization\",\"name\":\"MioMio Run\",\"url\":\"https:\/\/www.miomiorun.com\/fr\/\",\"logo\":{\"@type\":\"ImageObject\",\"inLanguage\":\"fr-FR\",\"@id\":\"https:\/\/www.miomiorun.com\/fr\/#\/schema\/logo\/image\/\",\"url\":\"https:\/\/www.miomiorun.com\/app\/uploads\/2019\/12\/logomio.png\",\"contentUrl\":\"https:\/\/www.miomiorun.com\/app\/uploads\/2019\/12\/logomio.png\",\"width\":115,\"height\":82,\"caption\":\"MioMio Run\"},\"image\":{\"@id\":\"https:\/\/www.miomiorun.com\/fr\/#\/schema\/logo\/image\/\"},\"sameAs\":[\"https:\/\/www.facebook.com\/miomiorun\/\",\"https:\/\/www.instagram.com\/miomiorun\/\"]}]}<\/script>\n<!-- \/ Yoast SEO plugin. -->","yoast_head_json":{"title":"Montura Stretch 2 Maillot femme - Maillot \u00e0 manches longues d'hiver - MioMioRun","description":"Stretch 2 Fleece pour femmes chaud et confortable : parfait pour l'alpinisme, la randonn\u00e9e et le ski. D\u00e9couvrez-le avec nous","robots":{"index":"index","follow":"follow","max-snippet":"max-snippet:-1","max-image-preview":"max-image-preview:large","max-video-preview":"max-video-preview:-1"},"canonical":"https:\/\/www.miomiorun.com\/fr\/produit\/stretch-2-maillot-femme\/","og_locale":"fr_FR","og_type":"article","og_title":"Montura Stretch 2 Maillot femme - Maillot \u00e0 manches longues d'hiver - MioMioRun","og_description":"Stretch 2 Fleece pour femmes chaud et confortable : parfait pour l'alpinisme, la randonn\u00e9e et le ski. D\u00e9couvrez-le avec nous","og_url":"https:\/\/www.miomiorun.com\/fr\/produit\/stretch-2-maillot-femme\/","og_site_name":"MioMioRun","article_publisher":"https:\/\/www.facebook.com\/miomiorun\/","article_modified_time":"2025-05-27T16:55:16+00:00","og_image":[{"width":600,"height":600,"url":"https:\/\/www.miomiorun.com\/app\/uploads\/2024\/10\/montura-Stretch-2-maglia-W-light-rose-MMAP46W.01.webp","type":"image\/webp"}],"twitter_card":"summary_large_image","twitter_misc":{"Est. reading time":"1 minute"},"schema":{"@context":"https:\/\/schema.org","@graph":[{"@type":"WebPage","@id":"https:\/\/www.miomiorun.com\/fr\/produit\/stretch-2-maillot-femme\/","url":"https:\/\/www.miomiorun.com\/fr\/produit\/stretch-2-maillot-femme\/","name":"Montura Stretch 2 Maillot femme - Maillot \u00e0 manches longues d'hiver - MioMioRun","isPartOf":{"@id":"https:\/\/www.miomiorun.com\/fr\/#website"},"primaryImageOfPage":{"@id":"https:\/\/www.miomiorun.com\/fr\/produit\/stretch-2-maillot-femme\/#primaryimage"},"image":{"@id":"https:\/\/www.miomiorun.com\/fr\/produit\/stretch-2-maillot-femme\/#primaryimage"},"thumbnailUrl":"https:\/\/www.miomiorun.com\/app\/uploads\/2024\/10\/montura-Stretch-2-maglia-W-light-rose-MMAP46W.01.webp","datePublished":"2024-10-01T11:59:41+00:00","dateModified":"2025-05-27T16:55:16+00:00","description":"Stretch 2 Fleece pour femmes chaud et confortable : parfait pour l'alpinisme, la randonn\u00e9e et le ski. D\u00e9couvrez-le avec nous","breadcrumb":{"@id":"https:\/\/www.miomiorun.com\/fr\/produit\/stretch-2-maillot-femme\/#breadcrumb"},"inLanguage":"fr-FR","potentialAction":[{"@type":"ReadAction","target":["https:\/\/www.miomiorun.com\/fr\/produit\/stretch-2-maillot-femme\/"]}]},{"@type":"ImageObject","inLanguage":"fr-FR","@id":"https:\/\/www.miomiorun.com\/fr\/produit\/stretch-2-maillot-femme\/#primaryimage","url":"https:\/\/www.miomiorun.com\/app\/uploads\/2024\/10\/montura-Stretch-2-maglia-W-light-rose-MMAP46W.01.webp","contentUrl":"https:\/\/www.miomiorun.com\/app\/uploads\/2024\/10\/montura-Stretch-2-maglia-W-light-rose-MMAP46W.01.webp","width":600,"height":600,"caption":"montura Stretch 2 maglia W light rose MMAP46W.01"},{"@type":"BreadcrumbList","@id":"https:\/\/www.miomiorun.com\/fr\/produit\/stretch-2-maillot-femme\/#breadcrumb","itemListElement":[{"@type":"ListItem","position":1,"name":"Home","item":"https:\/\/www.miomiorun.com\/fr\/home-page\/"},{"@type":"ListItem","position":2,"name":"Shop","item":"https:\/\/www.miomiorun.com\/shop\/"},{"@type":"ListItem","position":3,"name":"Stretch 2 Maillot femme"}]},{"@type":"WebSite","@id":"https:\/\/www.miomiorun.com\/fr\/#website","url":"https:\/\/www.miomiorun.com\/fr\/","name":"MioMioRun","description":"Boutique 100% running et trail","publisher":{"@id":"https:\/\/www.miomiorun.com\/fr\/#organization"},"potentialAction":[{"@type":"SearchAction","target":{"@type":"EntryPoint","urlTemplate":"https:\/\/www.miomiorun.com\/fr\/?s={search_term_string}"},"query-input":{"@type":"PropertyValueSpecification","valueRequired":true,"valueName":"search_term_string"}}],"inLanguage":"fr-FR"},{"@type":"Organization","@id":"https:\/\/www.miomiorun.com\/fr\/#organization","name":"MioMio Run","url":"https:\/\/www.miomiorun.com\/fr\/","logo":{"@type":"ImageObject","inLanguage":"fr-FR","@id":"https:\/\/www.miomiorun.com\/fr\/#\/schema\/logo\/image\/","url":"https:\/\/www.miomiorun.com\/app\/uploads\/2019\/12\/logomio.png","contentUrl":"https:\/\/www.miomiorun.com\/app\/uploads\/2019\/12\/logomio.png","width":115,"height":82,"caption":"MioMio Run"},"image":{"@id":"https:\/\/www.miomiorun.com\/fr\/#\/schema\/logo\/image\/"},"sameAs":["https:\/\/www.facebook.com\/miomiorun\/","https:\/\/www.instagram.com\/miomiorun\/"]}]}},"_links":{"self":[{"href":"https:\/\/www.miomiorun.com\/fr\/wp-json\/wp\/v2\/product\/294955","targetHints":{"allow":["GET"]}}],"collection":[{"href":"https:\/\/www.miomiorun.com\/fr\/wp-json\/wp\/v2\/product"}],"about":[{"href":"https:\/\/www.miomiorun.com\/fr\/wp-json\/wp\/v2\/types\/product"}],"wp:featuredmedia":[{"embeddable":true,"href":"https:\/\/www.miomiorun.com\/fr\/wp-json\/wp\/v2\/media\/249396"}],"wp:attachment":[{"href":"https:\/\/www.miomiorun.com\/fr\/wp-json\/wp\/v2\/media?parent=294955"}],"wp:term":[{"taxonomy":"product_brand","embeddable":true,"href":"https:\/\/www.miomiorun.com\/fr\/wp-json\/wp\/v2\/product_brand?post=294955"},{"taxonomy":"product_cat","embeddable":true,"href":"https:\/\/www.miomiorun.com\/fr\/wp-json\/wp\/v2\/product_cat?post=294955"},{"taxonomy":"product_tag","embeddable":true,"href":"https:\/\/www.miomiorun.com\/fr\/wp-json\/wp\/v2\/product_tag?post=294955"}],"curies":[{"name":"wp","href":"https:\/\/api.w.org\/{rel}","templated":true}]}}