{"id":294951,"date":"2024-09-28T11:15:58","date_gmt":"2024-09-28T09:15:58","guid":{"rendered":"https:\/\/miomiorun.com\/prodotto\/trace-hybrid-vest-uomo\/"},"modified":"2025-05-27T16:33:36","modified_gmt":"2025-05-27T14:33:36","slug":"trace-hybrid-vest-homme","status":"publish","type":"product","link":"https:\/\/www.miomiorun.com\/fr\/produit\/trace-hybrid-vest-homme\/","title":{"rendered":"Trace Hybrid Vest homme"},"content":{"rendered":"<p><strong>Gilet<\/strong> polyvalent et protecteur <strong>Trace Hybrid<\/strong> pour homme : id\u00e9al pour les aventures en haute altitude.<\/p>\n<p>Ce gilet dot\u00e9 de la technologie PASMO\u2122 double ripstop est con\u00e7u pour r\u00e9sister \u00e0 l&#8217;usure en montagne. Le traitement DWR vous prot\u00e8ge des pluies l\u00e9g\u00e8res, tandis que le rembourrage ultra-l\u00e9ger Comfortemp\u00ae AIR, une alternative synth\u00e9tique au duvet, am\u00e9liore la respirabilit\u00e9 et isole du froid, m\u00eame apr\u00e8s plusieurs lavages. Les emmanchures extensibles dans les 4 sens vous permettent de bouger librement \u00e0 la mont\u00e9e comme \u00e0 la descente, tandis que l&#8217;ourlet \u00e9lastiqu\u00e9 emp\u00eache le gilet de glisser vers le haut. La fermeture \u00e9clair vous permet de vous rafra\u00eechir lors des mont\u00e9es les plus exigeantes, tandis que les poches gardent vos mains au chaud pendant les pauses. Le gilet Trace Hybrid pour homme est un v\u00eatement l\u00e9ger et durable qui vous isole du froid pendant les sessions intenses.<\/p>\n<p><strong>Caract\u00e9ristiques :<\/strong><\/p>\n<ul class=\"tw-list-disc\">\n<li class=\"tw-text-xs\">Gilet pour homme<\/li>\n<li class=\"tw-text-xs\">Tissu en nylon DWR extensible dans 4 directions<\/li>\n<li class=\"tw-text-xs\">Tissu en nylon avec double construction rip-stop, traitement DWR PFCec Free et technologie PASMO\u2122<\/li>\n<li class=\"tw-text-xs\">Rembourrage ultral\u00e9ger Comfortemp\u00ae 60gr en polyester<\/li>\n<li class=\"tw-text-xs\">Devant central avec fermeture \u00e0 glissi\u00e8re, poches pour les mains avec fermeture \u00e0 glissi\u00e8re<\/li>\n<li class=\"tw-text-xs\">Emmanchures et ourlet termin\u00e9s par un \u00e9lastique<\/li>\n<li class=\"tw-text-xs\">V\u00eatement id\u00e9al pour le ski de randonn\u00e9e, l&#8217;alpinisme et les activit\u00e9s de plein air<\/li>\n<li class=\"tw-text-xs\">Poids : 230,0 g<\/li>\n<\/ul>\n<h2 class=\"accordion__title tw-font-normal tw-text-l\" style=\"text-align: center;\">Avantages<\/h2>\n<p>&nbsp;<\/p>\n<div class=\"attribute_container tw-pb-24 last-of-type:tw-pb-0\">\n<div class=\"content__image-wrapper tw-w-fit\">\n<div class=\"content__image tw-relative tw-w-[3.2rem]\"><img loading=\"lazy\" decoding=\"async\" class=\"tw-absolute tw-top-0 tw-left-0 tw-w-full tw-h-full\" src=\"https:\/\/www.montura.com\/cdn\/shop\/files\/004_Breathable_Black.svg?v=1709125473&amp;width=200\" srcset=\"\/\/www.montura.com\/cdn\/shop\/files\/004_Breathable_Black.svg?v=1709125473&amp;width=200 200w\" alt=\"\" width=\"50\" height=\"50\" \/><\/div>\n<\/div>\n<h3 class=\"tw-text-s tw-pt-[1.2rem] tw-pb-[0.4rem] tw-font-medium\">Respirant<\/h3>\n<p class=\"tw-text-greyish-brown tw-text-xs tw-pt-[0.4rem]\">Gr\u00e2ce \u00e0 des tissus respirants, ce v\u00eatement favorise la transpiration naturelle de la peau et maintient le corps \u00e0 une temp\u00e9rature optimale en permanence.<\/p>\n<\/div>\n<p>&nbsp;<\/p>\n<div class=\"attribute_container tw-pb-24 last-of-type:tw-pb-0\">\n<div class=\"content__image-wrapper tw-w-fit\">\n<div class=\"content__image tw-relative tw-w-[3.2rem]\"><img loading=\"lazy\" decoding=\"async\" class=\"tw-absolute tw-top-0 tw-left-0 tw-w-full tw-h-full\" src=\"https:\/\/www.montura.com\/cdn\/shop\/files\/002_WaterResistantDWR_Black.svg?v=1709125500&amp;width=200\" srcset=\"\/\/www.montura.com\/cdn\/shop\/files\/002_WaterResistantDWR_Black.svg?v=1709125500&amp;width=200 200w\" alt=\"\" width=\"50\" height=\"50\" \/><\/div>\n<\/div>\n<h3 class=\"tw-text-s tw-pt-[1.2rem] tw-pb-[0.4rem] tw-font-medium\">D\u00e9perlant (DWR)<\/h3>\n<p class=\"tw-text-greyish-brown tw-text-xs tw-pt-[0.4rem]\">Une couche d\u00e9perlante appliqu\u00e9e sur le tissu offre une l\u00e9g\u00e8re protection contre l&#8217;humidit\u00e9 ext\u00e9rieure.<\/p>\n<\/div>\n<p>&nbsp;<\/p>\n<div class=\"attribute_container tw-pb-24 last-of-type:tw-pb-0\">\n<div class=\"content__image-wrapper tw-w-fit\">\n<div class=\"content__image tw-relative tw-w-[3.2rem]\"><img loading=\"lazy\" decoding=\"async\" class=\"tw-absolute tw-top-0 tw-left-0 tw-w-full tw-h-full\" src=\"https:\/\/www.montura.com\/cdn\/shop\/files\/003_Windproof_Black.svg?v=1709125529&amp;width=200\" srcset=\"\/\/www.montura.com\/cdn\/shop\/files\/003_Windproof_Black.svg?v=1709125529&amp;width=200 200w\" alt=\"\" width=\"50\" height=\"50\" \/><\/div>\n<\/div>\n<h3 class=\"tw-text-s tw-pt-[1.2rem] tw-pb-[0.4rem] tw-font-medium\">Coupe-vent<\/h3>\n<p class=\"tw-text-greyish-brown tw-text-xs tw-pt-[0.4rem]\">Le tissu emp\u00eache le vent de p\u00e9n\u00e9trer, r\u00e9duisant ainsi le risque de refroidissement.<\/p>\n<\/div>\n<p>&nbsp;<\/p>\n<div class=\"attribute_container tw-pb-24 last-of-type:tw-pb-0\">\n<div class=\"content__image-wrapper tw-w-fit\">\n<div class=\"content__image tw-relative tw-w-[3.2rem]\"><img loading=\"lazy\" decoding=\"async\" class=\"tw-absolute tw-top-0 tw-left-0 tw-w-full tw-h-full\" src=\"https:\/\/www.montura.com\/cdn\/shop\/files\/012_RecycledMaterial_Black.svg?v=1709125426&amp;width=200\" srcset=\"\/\/www.montura.com\/cdn\/shop\/files\/012_RecycledMaterial_Black.svg?v=1709125426&amp;width=200 200w\" alt=\"\" width=\"49\" height=\"49\" \/><\/div>\n<\/div>\n<h3 class=\"tw-text-s tw-pt-[1.2rem] tw-pb-[0.4rem] tw-font-medium\">Mat\u00e9riaux recycl\u00e9s<\/h3>\n<p class=\"tw-text-greyish-brown tw-text-xs tw-pt-[0.4rem]\">Fabriqu\u00e9 \u00e0 partir de mat\u00e9riaux recycl\u00e9s, ce produit contribue \u00e0 r\u00e9duire les d\u00e9chets et l&#8217;utilisation de mat\u00e9riaux vierges.<\/p>\n<\/div>\n<p>&nbsp;<\/p>\n","protected":false},"excerpt":{"rendered":"<ul>\n<li>Gilet ultra l\u00e9ger qui vous isole du froid.<\/li>\n<li>Id\u00e9al pour le ski alpinisme et les activit\u00e9s de plein air.<\/li>\n<\/ul>\n","protected":false},"featured_media":249144,"template":"","meta":{"_acf_changed":false,"inline_featured_image":false},"product_brand":[],"product_cat":[24480,24482,24484],"product_tag":[23512,23524],"class_list":{"0":"post-294951","1":"product","2":"type-product","3":"status-publish","4":"has-post-thumbnail","6":"product_cat-vestes-fr-2","7":"product_cat-vetements-pour-hommes-fr","8":"product_cat-homme","9":"product_tag-montura-fr","10":"product_tag-montura-homme","11":"pa_attivita-lifestyle-fr","12":"pa_attivita-marcher","13":"pa_attivita-outdoor-fr","14":"pa_colore-trace-hybrid-vest-verde-salvia-verde-lim-fr","15":"pa_marca-montura-fr","16":"pa_sesso-homme","17":"pa_size-small-fr","19":"first","20":"instock","21":"sale","22":"taxable","23":"shipping-taxable","24":"purchasable","25":"product-type-variable","26":"wvs-archive-product-wrapper"},"acf":[],"yoast_head":"<!-- This site is optimized with the Yoast SEO plugin v26.8 - https:\/\/yoast.com\/product\/yoast-seo-wordpress\/ -->\n<title>Montura Trace Hybrid Vest homme - Gilet outdoor - MioMioRun<\/title>\n<meta name=\"description\" content=\"Gilet Trace Hybrid da uomo versatile e protettivo: ideale per le avventure ad alta quota.Questo gilet con tecnologia PASMO\u2122 a doppio ripstop\" \/>\n<meta name=\"robots\" content=\"index, follow, max-snippet:-1, max-image-preview:large, max-video-preview:-1\" \/>\n<link rel=\"canonical\" href=\"https:\/\/www.miomiorun.com\/fr\/produit\/trace-hybrid-vest-homme\/\" \/>\n<meta property=\"og:locale\" content=\"fr_FR\" \/>\n<meta property=\"og:type\" content=\"article\" \/>\n<meta property=\"og:title\" content=\"Montura Trace Hybrid Vest homme - Gilet outdoor - MioMioRun\" \/>\n<meta property=\"og:description\" content=\"Gilet Trace Hybrid da uomo versatile e protettivo: ideale per le avventure ad alta quota.Questo gilet con tecnologia PASMO\u2122 a doppio ripstop\" \/>\n<meta property=\"og:url\" content=\"https:\/\/www.miomiorun.com\/fr\/produit\/trace-hybrid-vest-homme\/\" \/>\n<meta property=\"og:site_name\" content=\"MioMioRun\" \/>\n<meta property=\"article:publisher\" content=\"https:\/\/www.facebook.com\/miomiorun\/\" \/>\n<meta property=\"article:modified_time\" content=\"2025-05-27T14:33:36+00:00\" \/>\n<meta property=\"og:image\" content=\"https:\/\/www.miomiorun.com\/app\/uploads\/2024\/09\/montura-Trace-hybrid-vest-verde-salvia-verde-lim-MVVS20X.4947.webp\" \/>\n\t<meta property=\"og:image:width\" content=\"600\" \/>\n\t<meta property=\"og:image:height\" content=\"600\" \/>\n\t<meta property=\"og:image:type\" content=\"image\/webp\" \/>\n<meta name=\"twitter:card\" content=\"summary_large_image\" \/>\n<meta name=\"twitter:label1\" content=\"Est. reading time\" \/>\n\t<meta name=\"twitter:data1\" content=\"2 minutes\" \/>\n<script type=\"application\/ld+json\" class=\"yoast-schema-graph\">{\"@context\":\"https:\/\/schema.org\",\"@graph\":[{\"@type\":\"WebPage\",\"@id\":\"https:\/\/www.miomiorun.com\/fr\/produit\/trace-hybrid-vest-homme\/\",\"url\":\"https:\/\/www.miomiorun.com\/fr\/produit\/trace-hybrid-vest-homme\/\",\"name\":\"Montura Trace Hybrid Vest homme - Gilet outdoor - MioMioRun\",\"isPartOf\":{\"@id\":\"https:\/\/www.miomiorun.com\/fr\/#website\"},\"primaryImageOfPage\":{\"@id\":\"https:\/\/www.miomiorun.com\/fr\/produit\/trace-hybrid-vest-homme\/#primaryimage\"},\"image\":{\"@id\":\"https:\/\/www.miomiorun.com\/fr\/produit\/trace-hybrid-vest-homme\/#primaryimage\"},\"thumbnailUrl\":\"https:\/\/www.miomiorun.com\/app\/uploads\/2024\/09\/montura-Trace-hybrid-vest-verde-salvia-verde-lim-MVVS20X.4947.webp\",\"datePublished\":\"2024-09-28T09:15:58+00:00\",\"dateModified\":\"2025-05-27T14:33:36+00:00\",\"description\":\"Gilet Trace Hybrid da uomo versatile e protettivo: ideale per le avventure ad alta quota.Questo gilet con tecnologia PASMO\u2122 a doppio ripstop\",\"breadcrumb\":{\"@id\":\"https:\/\/www.miomiorun.com\/fr\/produit\/trace-hybrid-vest-homme\/#breadcrumb\"},\"inLanguage\":\"fr-FR\",\"potentialAction\":[{\"@type\":\"ReadAction\",\"target\":[\"https:\/\/www.miomiorun.com\/fr\/produit\/trace-hybrid-vest-homme\/\"]}]},{\"@type\":\"ImageObject\",\"inLanguage\":\"fr-FR\",\"@id\":\"https:\/\/www.miomiorun.com\/fr\/produit\/trace-hybrid-vest-homme\/#primaryimage\",\"url\":\"https:\/\/www.miomiorun.com\/app\/uploads\/2024\/09\/montura-Trace-hybrid-vest-verde-salvia-verde-lim-MVVS20X.4947.webp\",\"contentUrl\":\"https:\/\/www.miomiorun.com\/app\/uploads\/2024\/09\/montura-Trace-hybrid-vest-verde-salvia-verde-lim-MVVS20X.4947.webp\",\"width\":600,\"height\":600,\"caption\":\"montura Trace hybrid vest verde salvia verde lim MVVS20X.4947\"},{\"@type\":\"BreadcrumbList\",\"@id\":\"https:\/\/www.miomiorun.com\/fr\/produit\/trace-hybrid-vest-homme\/#breadcrumb\",\"itemListElement\":[{\"@type\":\"ListItem\",\"position\":1,\"name\":\"Home\",\"item\":\"https:\/\/www.miomiorun.com\/fr\/home-page\/\"},{\"@type\":\"ListItem\",\"position\":2,\"name\":\"Shop\",\"item\":\"https:\/\/www.miomiorun.com\/shop\/\"},{\"@type\":\"ListItem\",\"position\":3,\"name\":\"Trace Hybrid Vest homme\"}]},{\"@type\":\"WebSite\",\"@id\":\"https:\/\/www.miomiorun.com\/fr\/#website\",\"url\":\"https:\/\/www.miomiorun.com\/fr\/\",\"name\":\"MioMioRun\",\"description\":\"Boutique 100% running et trail\",\"publisher\":{\"@id\":\"https:\/\/www.miomiorun.com\/fr\/#organization\"},\"potentialAction\":[{\"@type\":\"SearchAction\",\"target\":{\"@type\":\"EntryPoint\",\"urlTemplate\":\"https:\/\/www.miomiorun.com\/fr\/?s={search_term_string}\"},\"query-input\":{\"@type\":\"PropertyValueSpecification\",\"valueRequired\":true,\"valueName\":\"search_term_string\"}}],\"inLanguage\":\"fr-FR\"},{\"@type\":\"Organization\",\"@id\":\"https:\/\/www.miomiorun.com\/fr\/#organization\",\"name\":\"MioMio Run\",\"url\":\"https:\/\/www.miomiorun.com\/fr\/\",\"logo\":{\"@type\":\"ImageObject\",\"inLanguage\":\"fr-FR\",\"@id\":\"https:\/\/www.miomiorun.com\/fr\/#\/schema\/logo\/image\/\",\"url\":\"https:\/\/www.miomiorun.com\/app\/uploads\/2019\/12\/logomio.png\",\"contentUrl\":\"https:\/\/www.miomiorun.com\/app\/uploads\/2019\/12\/logomio.png\",\"width\":115,\"height\":82,\"caption\":\"MioMio Run\"},\"image\":{\"@id\":\"https:\/\/www.miomiorun.com\/fr\/#\/schema\/logo\/image\/\"},\"sameAs\":[\"https:\/\/www.facebook.com\/miomiorun\/\",\"https:\/\/www.instagram.com\/miomiorun\/\"]}]}<\/script>\n<!-- \/ Yoast SEO plugin. -->","yoast_head_json":{"title":"Montura Trace Hybrid Vest homme - Gilet outdoor - MioMioRun","description":"Gilet Trace Hybrid da uomo versatile e protettivo: ideale per le avventure ad alta quota.Questo gilet con tecnologia PASMO\u2122 a doppio ripstop","robots":{"index":"index","follow":"follow","max-snippet":"max-snippet:-1","max-image-preview":"max-image-preview:large","max-video-preview":"max-video-preview:-1"},"canonical":"https:\/\/www.miomiorun.com\/fr\/produit\/trace-hybrid-vest-homme\/","og_locale":"fr_FR","og_type":"article","og_title":"Montura Trace Hybrid Vest homme - Gilet outdoor - MioMioRun","og_description":"Gilet Trace Hybrid da uomo versatile e protettivo: ideale per le avventure ad alta quota.Questo gilet con tecnologia PASMO\u2122 a doppio ripstop","og_url":"https:\/\/www.miomiorun.com\/fr\/produit\/trace-hybrid-vest-homme\/","og_site_name":"MioMioRun","article_publisher":"https:\/\/www.facebook.com\/miomiorun\/","article_modified_time":"2025-05-27T14:33:36+00:00","og_image":[{"width":600,"height":600,"url":"https:\/\/www.miomiorun.com\/app\/uploads\/2024\/09\/montura-Trace-hybrid-vest-verde-salvia-verde-lim-MVVS20X.4947.webp","type":"image\/webp"}],"twitter_card":"summary_large_image","twitter_misc":{"Est. reading time":"2 minutes"},"schema":{"@context":"https:\/\/schema.org","@graph":[{"@type":"WebPage","@id":"https:\/\/www.miomiorun.com\/fr\/produit\/trace-hybrid-vest-homme\/","url":"https:\/\/www.miomiorun.com\/fr\/produit\/trace-hybrid-vest-homme\/","name":"Montura Trace Hybrid Vest homme - Gilet outdoor - MioMioRun","isPartOf":{"@id":"https:\/\/www.miomiorun.com\/fr\/#website"},"primaryImageOfPage":{"@id":"https:\/\/www.miomiorun.com\/fr\/produit\/trace-hybrid-vest-homme\/#primaryimage"},"image":{"@id":"https:\/\/www.miomiorun.com\/fr\/produit\/trace-hybrid-vest-homme\/#primaryimage"},"thumbnailUrl":"https:\/\/www.miomiorun.com\/app\/uploads\/2024\/09\/montura-Trace-hybrid-vest-verde-salvia-verde-lim-MVVS20X.4947.webp","datePublished":"2024-09-28T09:15:58+00:00","dateModified":"2025-05-27T14:33:36+00:00","description":"Gilet Trace Hybrid da uomo versatile e protettivo: ideale per le avventure ad alta quota.Questo gilet con tecnologia PASMO\u2122 a doppio ripstop","breadcrumb":{"@id":"https:\/\/www.miomiorun.com\/fr\/produit\/trace-hybrid-vest-homme\/#breadcrumb"},"inLanguage":"fr-FR","potentialAction":[{"@type":"ReadAction","target":["https:\/\/www.miomiorun.com\/fr\/produit\/trace-hybrid-vest-homme\/"]}]},{"@type":"ImageObject","inLanguage":"fr-FR","@id":"https:\/\/www.miomiorun.com\/fr\/produit\/trace-hybrid-vest-homme\/#primaryimage","url":"https:\/\/www.miomiorun.com\/app\/uploads\/2024\/09\/montura-Trace-hybrid-vest-verde-salvia-verde-lim-MVVS20X.4947.webp","contentUrl":"https:\/\/www.miomiorun.com\/app\/uploads\/2024\/09\/montura-Trace-hybrid-vest-verde-salvia-verde-lim-MVVS20X.4947.webp","width":600,"height":600,"caption":"montura Trace hybrid vest verde salvia verde lim MVVS20X.4947"},{"@type":"BreadcrumbList","@id":"https:\/\/www.miomiorun.com\/fr\/produit\/trace-hybrid-vest-homme\/#breadcrumb","itemListElement":[{"@type":"ListItem","position":1,"name":"Home","item":"https:\/\/www.miomiorun.com\/fr\/home-page\/"},{"@type":"ListItem","position":2,"name":"Shop","item":"https:\/\/www.miomiorun.com\/shop\/"},{"@type":"ListItem","position":3,"name":"Trace Hybrid Vest homme"}]},{"@type":"WebSite","@id":"https:\/\/www.miomiorun.com\/fr\/#website","url":"https:\/\/www.miomiorun.com\/fr\/","name":"MioMioRun","description":"Boutique 100% running et trail","publisher":{"@id":"https:\/\/www.miomiorun.com\/fr\/#organization"},"potentialAction":[{"@type":"SearchAction","target":{"@type":"EntryPoint","urlTemplate":"https:\/\/www.miomiorun.com\/fr\/?s={search_term_string}"},"query-input":{"@type":"PropertyValueSpecification","valueRequired":true,"valueName":"search_term_string"}}],"inLanguage":"fr-FR"},{"@type":"Organization","@id":"https:\/\/www.miomiorun.com\/fr\/#organization","name":"MioMio Run","url":"https:\/\/www.miomiorun.com\/fr\/","logo":{"@type":"ImageObject","inLanguage":"fr-FR","@id":"https:\/\/www.miomiorun.com\/fr\/#\/schema\/logo\/image\/","url":"https:\/\/www.miomiorun.com\/app\/uploads\/2019\/12\/logomio.png","contentUrl":"https:\/\/www.miomiorun.com\/app\/uploads\/2019\/12\/logomio.png","width":115,"height":82,"caption":"MioMio Run"},"image":{"@id":"https:\/\/www.miomiorun.com\/fr\/#\/schema\/logo\/image\/"},"sameAs":["https:\/\/www.facebook.com\/miomiorun\/","https:\/\/www.instagram.com\/miomiorun\/"]}]}},"_links":{"self":[{"href":"https:\/\/www.miomiorun.com\/fr\/wp-json\/wp\/v2\/product\/294951","targetHints":{"allow":["GET"]}}],"collection":[{"href":"https:\/\/www.miomiorun.com\/fr\/wp-json\/wp\/v2\/product"}],"about":[{"href":"https:\/\/www.miomiorun.com\/fr\/wp-json\/wp\/v2\/types\/product"}],"wp:featuredmedia":[{"embeddable":true,"href":"https:\/\/www.miomiorun.com\/fr\/wp-json\/wp\/v2\/media\/249144"}],"wp:attachment":[{"href":"https:\/\/www.miomiorun.com\/fr\/wp-json\/wp\/v2\/media?parent=294951"}],"wp:term":[{"taxonomy":"product_brand","embeddable":true,"href":"https:\/\/www.miomiorun.com\/fr\/wp-json\/wp\/v2\/product_brand?post=294951"},{"taxonomy":"product_cat","embeddable":true,"href":"https:\/\/www.miomiorun.com\/fr\/wp-json\/wp\/v2\/product_cat?post=294951"},{"taxonomy":"product_tag","embeddable":true,"href":"https:\/\/www.miomiorun.com\/fr\/wp-json\/wp\/v2\/product_tag?post=294951"}],"curies":[{"name":"wp","href":"https:\/\/api.w.org\/{rel}","templated":true}]}}