{"id":294934,"date":"2024-09-28T10:47:38","date_gmt":"2024-09-28T08:47:38","guid":{"rendered":"https:\/\/miomiorun.com\/prodotto\/trace-hybrid-jacket-uomo\/"},"modified":"2025-12-05T18:14:48","modified_gmt":"2025-12-05T17:14:48","slug":"trace-hybrid-jacket-homme","status":"publish","type":"product","link":"https:\/\/www.miomiorun.com\/fr\/produit\/trace-hybrid-jacket-homme\/","title":{"rendered":"Trace Hybrid Jacket homme"},"content":{"rendered":"<p>Veste Trace Hybrid pour homme : pour vous prot\u00e9ger des intemp\u00e9ries lors de vos randonn\u00e9es \u00e0 ski.<\/p>\n<p>Confectionn\u00e9e en nylon extensible dans les quatre sens, cette veste \u00e0 capuche vous offre une libert\u00e9 de mouvement maximale sur les pentes les plus raides. Gr\u00e2ce \u00e0 sa construction double ripstop et \u00e0 la technologie PASMO\u2122, elle r\u00e9siste \u00e0 l&#8217;abrasion au contact des rochers et lorsque vous portez vos skis sur les \u00e9paules. Le tissu ext\u00e9rieur avec traitement DWR sans PFAS vous prot\u00e8ge du vent et de la pluie. Et lorsque les temp\u00e9ratures baissent, le rembourrage synth\u00e9tique ultral\u00e9ger Comfortemp\u00ae vous isole et vous garde au chaud sans limiter la respirabilit\u00e9, pour un confort qui dure toute la journ\u00e9e. La fermeture \u00e9clair centrale sur le devant vous permet de l&#8217;enlever en un clin d&#8217;\u0153il. La capuche, les poignets et l&#8217;ourlet \u00e9lastiques restent toujours en place. Respirante, souple et coupe-vent, la veste Trace Hybrid pour homme est parfaite pour vos aventures en montagne.<\/p>\n<h4>Caract\u00e9ristiques :<\/h4>\n<ul class=\"tw-list-disc\">\n<li class=\"tw-text-xs\">Veste \u00e0 capuche pour homme<\/li>\n<li class=\"tw-text-xs\">Tissu nylon DWR 4 way-stretch<\/li>\n<li class=\"tw-text-xs\">Tissu nylon avec construction double rip-stop, traitement DWR PFCec Free et technologie PASMO\u2122<\/li>\n<li class=\"tw-text-xs\">Rembourrage ultra-l\u00e9ger en polyester Comfortemp\u00ae 60 g<\/li>\n<li class=\"tw-text-xs\">Fermeture \u00e9clair centrale sur le devant, poches mains zipp\u00e9es<\/li>\n<li class=\"tw-text-xs\">Capuche, poignets et bas \u00e9lastiqu\u00e9s<\/li>\n<li class=\"tw-text-xs\">V\u00eatement id\u00e9al pour le ski alpinisme, l&#8217;alpinisme et les activit\u00e9s de plein air<\/li>\n<li class=\"tw-text-xs\">Poids : 360,0 g<\/li>\n<\/ul>\n<h2 style=\"text-align: center\">Avantages<\/h2>\n<div class=\"attribute_container tw-pb-24 last-of-type:tw-pb-0\">\n<div class=\"content__image-wrapper tw-w-fit \">\n<div class=\"content__image tw-relative tw-w-[3.2rem]\"><img loading=\"lazy\" decoding=\"async\" class=\"tw-absolute tw-top-0 tw-left-0 tw-w-full tw-h-full\" src=\"https:\/\/www.montura.com\/cdn\/shop\/files\/004_Breathable_Black.svg?v=1709125473&amp;width=200\" alt=\"\" width=\"50\" height=\"50\"><\/div>\n<\/div>\n<h3 class=\"tw-text-s tw-pt-[1.2rem] tw-pb-[0.4rem] tw-font-medium\">Respirant<\/h3>\n<p class=\"tw-text-greyish-brown tw-text-xs tw-pt-[0.4rem]\">Gr\u00e2ce \u00e0 ses tissus respirants, ce v\u00eatement favorise la transpiration naturelle de la peau tout en maintenant le corps \u00e0 une temp\u00e9rature optimale. <\/p>\n<\/div>\n<p>&nbsp;<\/p>\n<div class=\"attribute_container tw-pb-24 last-of-type:tw-pb-0\">\n<div class=\"content__image-wrapper tw-w-fit \">\n<div class=\"content__image tw-relative tw-w-[3.2rem]\"><img loading=\"lazy\" decoding=\"async\" class=\"tw-absolute tw-top-0 tw-left-0 tw-w-full tw-h-full\" src=\"https:\/\/www.montura.com\/cdn\/shop\/files\/002_WaterResistantDWR_Black.svg?v=1709125500&amp;width=200\" alt=\"\" width=\"50\" height=\"50\"><\/div>\n<\/div>\n<h3 class=\"tw-text-s tw-pt-[1.2rem] tw-pb-[0.4rem] tw-font-medium\">Hydrofuge (DWR)<\/h3>\n<p class=\"tw-text-greyish-brown tw-text-xs tw-pt-[0.4rem]\">Une couche hydrofuge appliqu\u00e9e sur le tissu assure une l\u00e9g\u00e8re protection contre l&#8217;humidit\u00e9 ext\u00e9rieure. <\/p>\n<\/div>\n<p>&nbsp;<\/p>\n<div class=\"attribute_container tw-pb-24 last-of-type:tw-pb-0\">\n<div class=\"content__image-wrapper tw-w-fit \">\n<div class=\"content__image tw-relative tw-w-[3.2rem]\"><img loading=\"lazy\" decoding=\"async\" class=\"tw-absolute tw-top-0 tw-left-0 tw-w-full tw-h-full\" src=\"https:\/\/www.montura.com\/cdn\/shop\/files\/003_Windproof_Black.svg?v=1709125529&amp;width=200\" alt=\"\" width=\"50\" height=\"50\"><\/div>\n<\/div>\n<h3 class=\"tw-text-s tw-pt-[1.2rem] tw-pb-[0.4rem] tw-font-medium\">Coupe-vent<\/h3>\n<p class=\"tw-text-greyish-brown tw-text-xs tw-pt-[0.4rem]\">Le tissu emp\u00eache le vent de p\u00e9n\u00e9trer, r\u00e9duisant ainsi le risque de refroidissement.<\/p>\n<\/div>\n<p>&nbsp;<\/p>\n<div class=\"attribute_container tw-pb-24 last-of-type:tw-pb-0\">\n<div class=\"content__image-wrapper tw-w-fit \">\n<div class=\"content__image tw-relative tw-w-[3.2rem]\"><img loading=\"lazy\" decoding=\"async\" class=\"tw-absolute tw-top-0 tw-left-0 tw-w-full tw-h-full\" src=\"https:\/\/www.montura.com\/cdn\/shop\/files\/012_RecycledMaterial_Black.svg?v=1709125426&amp;width=200\" alt=\"\" width=\"50\" height=\"50\"><\/div>\n<\/div>\n<h3 class=\"tw-text-s tw-pt-[1.2rem] tw-pb-[0.4rem] tw-font-medium\">Mat\u00e9riaux recycl\u00e9s<\/h3>\n<p class=\"tw-text-greyish-brown tw-text-xs tw-pt-[0.4rem]\">Fabriqu\u00e9 \u00e0 partir de mat\u00e9riaux recycl\u00e9s, ce produit contribue \u00e0 r\u00e9duire les d\u00e9chets et l&#8217;utilisation de mat\u00e9riaux vierges<\/p>\n<\/div>\n<p>&nbsp;<\/p>\n<p>&nbsp;<\/p>\n<p>&nbsp;<\/p>\n<p>&nbsp;<\/p>\n<p>&nbsp;<\/p>\n","protected":false},"excerpt":{"rendered":"<ul>\n<li>Veste parfaite pour les randonn\u00e9es en montagne.<\/li>\n<li>Id\u00e9ale pour les activit\u00e9s de plein air pendant la saison hivernale.<\/li>\n<\/ul>\n","protected":false},"featured_media":249136,"template":"","meta":{"_acf_changed":false,"inline_featured_image":false},"product_brand":[],"product_cat":[24480,24482,24484],"product_tag":[23512,23524],"class_list":{"0":"post-294934","1":"product","2":"type-product","3":"status-publish","4":"has-post-thumbnail","6":"product_cat-vestes-fr-2","7":"product_cat-vetements-pour-hommes-fr","8":"product_cat-homme","9":"product_tag-montura-fr","10":"product_tag-montura-homme","11":"pa_attivita-lifestyle-fr","12":"pa_attivita-marcher","13":"pa_attivita-outdoor-fr","14":"pa_colore-trace-hybrid-jacket-deep-blue-orange-fr","15":"pa_marca-montura-fr","16":"pa_sesso-homme","17":"pa_size-small-fr","18":"pa_size-large-fr","20":"first","21":"instock","22":"taxable","23":"shipping-taxable","24":"purchasable","25":"product-type-variable","26":"wvs-archive-product-wrapper"},"acf":[],"yoast_head":"<!-- This site is optimized with the Yoast SEO plugin v26.8 - https:\/\/yoast.com\/product\/yoast-seo-wordpress\/ -->\n<title>Montura Trace Hybrid Jacket homme - Veste pour homme - MioMioRun<\/title>\n<meta name=\"description\" content=\"Veste Trace Hybrid pour homme : pour vous prot\u00e9ger des intemp\u00e9ries lors de vos randonn\u00e9es \u00e0 ski. Confectionn\u00e9e en nylon 4-way-stretch coupe-vent et imperm\u00e9able.\" \/>\n<meta name=\"robots\" content=\"index, follow, max-snippet:-1, max-image-preview:large, max-video-preview:-1\" \/>\n<link rel=\"canonical\" href=\"https:\/\/www.miomiorun.com\/fr\/produit\/trace-hybrid-jacket-homme\/\" \/>\n<meta property=\"og:locale\" content=\"fr_FR\" \/>\n<meta property=\"og:type\" content=\"article\" \/>\n<meta property=\"og:title\" content=\"Montura Trace Hybrid Jacket homme - Veste pour homme - MioMioRun\" \/>\n<meta property=\"og:description\" content=\"Veste Trace Hybrid pour homme : pour vous prot\u00e9ger des intemp\u00e9ries lors de vos randonn\u00e9es \u00e0 ski. Confectionn\u00e9e en nylon 4-way-stretch coupe-vent et imperm\u00e9able.\" \/>\n<meta property=\"og:url\" content=\"https:\/\/www.miomiorun.com\/fr\/produit\/trace-hybrid-jacket-homme\/\" \/>\n<meta property=\"og:site_name\" content=\"MioMioRun\" \/>\n<meta property=\"article:publisher\" content=\"https:\/\/www.facebook.com\/miomiorun\/\" \/>\n<meta property=\"article:modified_time\" content=\"2025-12-05T17:14:48+00:00\" \/>\n<meta property=\"og:image\" content=\"https:\/\/www.miomiorun.com\/app\/uploads\/2024\/09\/montura-Trace-hybrid-jacket-deep-blue-orange-MJAS20X.8768.webp\" \/>\n\t<meta property=\"og:image:width\" content=\"600\" \/>\n\t<meta property=\"og:image:height\" content=\"600\" \/>\n\t<meta property=\"og:image:type\" content=\"image\/webp\" \/>\n<meta name=\"twitter:card\" content=\"summary_large_image\" \/>\n<meta name=\"twitter:label1\" content=\"Est. reading time\" \/>\n\t<meta name=\"twitter:data1\" content=\"2 minutes\" \/>\n<script type=\"application\/ld+json\" class=\"yoast-schema-graph\">{\"@context\":\"https:\/\/schema.org\",\"@graph\":[{\"@type\":\"WebPage\",\"@id\":\"https:\/\/www.miomiorun.com\/fr\/produit\/trace-hybrid-jacket-homme\/\",\"url\":\"https:\/\/www.miomiorun.com\/fr\/produit\/trace-hybrid-jacket-homme\/\",\"name\":\"Montura Trace Hybrid Jacket homme - Veste pour homme - MioMioRun\",\"isPartOf\":{\"@id\":\"https:\/\/www.miomiorun.com\/fr\/#website\"},\"primaryImageOfPage\":{\"@id\":\"https:\/\/www.miomiorun.com\/fr\/produit\/trace-hybrid-jacket-homme\/#primaryimage\"},\"image\":{\"@id\":\"https:\/\/www.miomiorun.com\/fr\/produit\/trace-hybrid-jacket-homme\/#primaryimage\"},\"thumbnailUrl\":\"https:\/\/www.miomiorun.com\/app\/uploads\/2024\/09\/montura-Trace-hybrid-jacket-deep-blue-orange-MJAS20X.8768.webp\",\"datePublished\":\"2024-09-28T08:47:38+00:00\",\"dateModified\":\"2025-12-05T17:14:48+00:00\",\"description\":\"Veste Trace Hybrid pour homme : pour vous prot\u00e9ger des intemp\u00e9ries lors de vos randonn\u00e9es \u00e0 ski. Confectionn\u00e9e en nylon 4-way-stretch coupe-vent et imperm\u00e9able.\",\"breadcrumb\":{\"@id\":\"https:\/\/www.miomiorun.com\/fr\/produit\/trace-hybrid-jacket-homme\/#breadcrumb\"},\"inLanguage\":\"fr-FR\",\"potentialAction\":[{\"@type\":\"ReadAction\",\"target\":[\"https:\/\/www.miomiorun.com\/fr\/produit\/trace-hybrid-jacket-homme\/\"]}]},{\"@type\":\"ImageObject\",\"inLanguage\":\"fr-FR\",\"@id\":\"https:\/\/www.miomiorun.com\/fr\/produit\/trace-hybrid-jacket-homme\/#primaryimage\",\"url\":\"https:\/\/www.miomiorun.com\/app\/uploads\/2024\/09\/montura-Trace-hybrid-jacket-deep-blue-orange-MJAS20X.8768.webp\",\"contentUrl\":\"https:\/\/www.miomiorun.com\/app\/uploads\/2024\/09\/montura-Trace-hybrid-jacket-deep-blue-orange-MJAS20X.8768.webp\",\"width\":600,\"height\":600,\"caption\":\"montura Trace hybrid jacket deep blue orange MJAS20X.8768\"},{\"@type\":\"BreadcrumbList\",\"@id\":\"https:\/\/www.miomiorun.com\/fr\/produit\/trace-hybrid-jacket-homme\/#breadcrumb\",\"itemListElement\":[{\"@type\":\"ListItem\",\"position\":1,\"name\":\"Home\",\"item\":\"https:\/\/www.miomiorun.com\/fr\/home-page\/\"},{\"@type\":\"ListItem\",\"position\":2,\"name\":\"Shop\",\"item\":\"https:\/\/www.miomiorun.com\/shop\/\"},{\"@type\":\"ListItem\",\"position\":3,\"name\":\"Trace Hybrid Jacket homme\"}]},{\"@type\":\"WebSite\",\"@id\":\"https:\/\/www.miomiorun.com\/fr\/#website\",\"url\":\"https:\/\/www.miomiorun.com\/fr\/\",\"name\":\"MioMioRun\",\"description\":\"Boutique 100% running et trail\",\"publisher\":{\"@id\":\"https:\/\/www.miomiorun.com\/fr\/#organization\"},\"potentialAction\":[{\"@type\":\"SearchAction\",\"target\":{\"@type\":\"EntryPoint\",\"urlTemplate\":\"https:\/\/www.miomiorun.com\/fr\/?s={search_term_string}\"},\"query-input\":{\"@type\":\"PropertyValueSpecification\",\"valueRequired\":true,\"valueName\":\"search_term_string\"}}],\"inLanguage\":\"fr-FR\"},{\"@type\":\"Organization\",\"@id\":\"https:\/\/www.miomiorun.com\/fr\/#organization\",\"name\":\"MioMio Run\",\"url\":\"https:\/\/www.miomiorun.com\/fr\/\",\"logo\":{\"@type\":\"ImageObject\",\"inLanguage\":\"fr-FR\",\"@id\":\"https:\/\/www.miomiorun.com\/fr\/#\/schema\/logo\/image\/\",\"url\":\"https:\/\/www.miomiorun.com\/app\/uploads\/2019\/12\/logomio.png\",\"contentUrl\":\"https:\/\/www.miomiorun.com\/app\/uploads\/2019\/12\/logomio.png\",\"width\":115,\"height\":82,\"caption\":\"MioMio Run\"},\"image\":{\"@id\":\"https:\/\/www.miomiorun.com\/fr\/#\/schema\/logo\/image\/\"},\"sameAs\":[\"https:\/\/www.facebook.com\/miomiorun\/\",\"https:\/\/www.instagram.com\/miomiorun\/\"]}]}<\/script>\n<!-- \/ Yoast SEO plugin. -->","yoast_head_json":{"title":"Montura Trace Hybrid Jacket homme - Veste pour homme - MioMioRun","description":"Veste Trace Hybrid pour homme : pour vous prot\u00e9ger des intemp\u00e9ries lors de vos randonn\u00e9es \u00e0 ski. Confectionn\u00e9e en nylon 4-way-stretch coupe-vent et imperm\u00e9able.","robots":{"index":"index","follow":"follow","max-snippet":"max-snippet:-1","max-image-preview":"max-image-preview:large","max-video-preview":"max-video-preview:-1"},"canonical":"https:\/\/www.miomiorun.com\/fr\/produit\/trace-hybrid-jacket-homme\/","og_locale":"fr_FR","og_type":"article","og_title":"Montura Trace Hybrid Jacket homme - Veste pour homme - MioMioRun","og_description":"Veste Trace Hybrid pour homme : pour vous prot\u00e9ger des intemp\u00e9ries lors de vos randonn\u00e9es \u00e0 ski. Confectionn\u00e9e en nylon 4-way-stretch coupe-vent et imperm\u00e9able.","og_url":"https:\/\/www.miomiorun.com\/fr\/produit\/trace-hybrid-jacket-homme\/","og_site_name":"MioMioRun","article_publisher":"https:\/\/www.facebook.com\/miomiorun\/","article_modified_time":"2025-12-05T17:14:48+00:00","og_image":[{"width":600,"height":600,"url":"https:\/\/www.miomiorun.com\/app\/uploads\/2024\/09\/montura-Trace-hybrid-jacket-deep-blue-orange-MJAS20X.8768.webp","type":"image\/webp"}],"twitter_card":"summary_large_image","twitter_misc":{"Est. reading time":"2 minutes"},"schema":{"@context":"https:\/\/schema.org","@graph":[{"@type":"WebPage","@id":"https:\/\/www.miomiorun.com\/fr\/produit\/trace-hybrid-jacket-homme\/","url":"https:\/\/www.miomiorun.com\/fr\/produit\/trace-hybrid-jacket-homme\/","name":"Montura Trace Hybrid Jacket homme - Veste pour homme - MioMioRun","isPartOf":{"@id":"https:\/\/www.miomiorun.com\/fr\/#website"},"primaryImageOfPage":{"@id":"https:\/\/www.miomiorun.com\/fr\/produit\/trace-hybrid-jacket-homme\/#primaryimage"},"image":{"@id":"https:\/\/www.miomiorun.com\/fr\/produit\/trace-hybrid-jacket-homme\/#primaryimage"},"thumbnailUrl":"https:\/\/www.miomiorun.com\/app\/uploads\/2024\/09\/montura-Trace-hybrid-jacket-deep-blue-orange-MJAS20X.8768.webp","datePublished":"2024-09-28T08:47:38+00:00","dateModified":"2025-12-05T17:14:48+00:00","description":"Veste Trace Hybrid pour homme : pour vous prot\u00e9ger des intemp\u00e9ries lors de vos randonn\u00e9es \u00e0 ski. Confectionn\u00e9e en nylon 4-way-stretch coupe-vent et imperm\u00e9able.","breadcrumb":{"@id":"https:\/\/www.miomiorun.com\/fr\/produit\/trace-hybrid-jacket-homme\/#breadcrumb"},"inLanguage":"fr-FR","potentialAction":[{"@type":"ReadAction","target":["https:\/\/www.miomiorun.com\/fr\/produit\/trace-hybrid-jacket-homme\/"]}]},{"@type":"ImageObject","inLanguage":"fr-FR","@id":"https:\/\/www.miomiorun.com\/fr\/produit\/trace-hybrid-jacket-homme\/#primaryimage","url":"https:\/\/www.miomiorun.com\/app\/uploads\/2024\/09\/montura-Trace-hybrid-jacket-deep-blue-orange-MJAS20X.8768.webp","contentUrl":"https:\/\/www.miomiorun.com\/app\/uploads\/2024\/09\/montura-Trace-hybrid-jacket-deep-blue-orange-MJAS20X.8768.webp","width":600,"height":600,"caption":"montura Trace hybrid jacket deep blue orange MJAS20X.8768"},{"@type":"BreadcrumbList","@id":"https:\/\/www.miomiorun.com\/fr\/produit\/trace-hybrid-jacket-homme\/#breadcrumb","itemListElement":[{"@type":"ListItem","position":1,"name":"Home","item":"https:\/\/www.miomiorun.com\/fr\/home-page\/"},{"@type":"ListItem","position":2,"name":"Shop","item":"https:\/\/www.miomiorun.com\/shop\/"},{"@type":"ListItem","position":3,"name":"Trace Hybrid Jacket homme"}]},{"@type":"WebSite","@id":"https:\/\/www.miomiorun.com\/fr\/#website","url":"https:\/\/www.miomiorun.com\/fr\/","name":"MioMioRun","description":"Boutique 100% running et trail","publisher":{"@id":"https:\/\/www.miomiorun.com\/fr\/#organization"},"potentialAction":[{"@type":"SearchAction","target":{"@type":"EntryPoint","urlTemplate":"https:\/\/www.miomiorun.com\/fr\/?s={search_term_string}"},"query-input":{"@type":"PropertyValueSpecification","valueRequired":true,"valueName":"search_term_string"}}],"inLanguage":"fr-FR"},{"@type":"Organization","@id":"https:\/\/www.miomiorun.com\/fr\/#organization","name":"MioMio Run","url":"https:\/\/www.miomiorun.com\/fr\/","logo":{"@type":"ImageObject","inLanguage":"fr-FR","@id":"https:\/\/www.miomiorun.com\/fr\/#\/schema\/logo\/image\/","url":"https:\/\/www.miomiorun.com\/app\/uploads\/2019\/12\/logomio.png","contentUrl":"https:\/\/www.miomiorun.com\/app\/uploads\/2019\/12\/logomio.png","width":115,"height":82,"caption":"MioMio Run"},"image":{"@id":"https:\/\/www.miomiorun.com\/fr\/#\/schema\/logo\/image\/"},"sameAs":["https:\/\/www.facebook.com\/miomiorun\/","https:\/\/www.instagram.com\/miomiorun\/"]}]}},"_links":{"self":[{"href":"https:\/\/www.miomiorun.com\/fr\/wp-json\/wp\/v2\/product\/294934","targetHints":{"allow":["GET"]}}],"collection":[{"href":"https:\/\/www.miomiorun.com\/fr\/wp-json\/wp\/v2\/product"}],"about":[{"href":"https:\/\/www.miomiorun.com\/fr\/wp-json\/wp\/v2\/types\/product"}],"wp:featuredmedia":[{"embeddable":true,"href":"https:\/\/www.miomiorun.com\/fr\/wp-json\/wp\/v2\/media\/249136"}],"wp:attachment":[{"href":"https:\/\/www.miomiorun.com\/fr\/wp-json\/wp\/v2\/media?parent=294934"}],"wp:term":[{"taxonomy":"product_brand","embeddable":true,"href":"https:\/\/www.miomiorun.com\/fr\/wp-json\/wp\/v2\/product_brand?post=294934"},{"taxonomy":"product_cat","embeddable":true,"href":"https:\/\/www.miomiorun.com\/fr\/wp-json\/wp\/v2\/product_cat?post=294934"},{"taxonomy":"product_tag","embeddable":true,"href":"https:\/\/www.miomiorun.com\/fr\/wp-json\/wp\/v2\/product_tag?post=294934"}],"curies":[{"name":"wp","href":"https:\/\/api.w.org\/{rel}","templated":true}]}}