{"id":294931,"date":"2024-09-26T15:43:09","date_gmt":"2024-09-26T13:43:09","guid":{"rendered":"https:\/\/miomiorun.com\/prodotto\/dolomiti-cargo-pants-uomo\/"},"modified":"2025-05-27T16:30:38","modified_gmt":"2025-05-27T14:30:38","slug":"dolomiti-cargo-pants-homme","status":"publish","type":"product","link":"https:\/\/www.miomiorun.com\/fr\/produit\/dolomiti-cargo-pants-homme\/","title":{"rendered":"Dolomiti Cargo Pants homme"},"content":{"rendered":"<p>Pantalon <strong>Dolomiti Cargo<\/strong> pour homme, pratique et fonctionnel : id\u00e9al pour le trekking et les aventures en plein air.<\/p>\n<p>Fabriqu\u00e9 en nylon recycl\u00e9 4-way-stretch, ce pantalon est con\u00e7u pour r\u00e9sister \u00e0 l&#8217;abrasion et vous offrir une totale libert\u00e9 de mouvement sur les sentiers. Le traitement respirant DWR sans PFAS vous garde au sec en cas de pluie fine ou de neige. Gr\u00e2ce \u00e0 l&#8217;int\u00e9rieur bross\u00e9 et \u00e0 l&#8217;action coupe-vent, vous restez au chaud par temps froid sans vous sentir lourd, pour un confort tout au long de la journ\u00e9e. Dot\u00e9s de nombreuses poches pour garder vos affaires \u00e0 port\u00e9e de main, ils ont une taille \u00e9lastique et une boucle r\u00e9glable pour vous maintenir en s\u00e9curit\u00e9 sans restreindre vos mouvements. De plus, les bas de jambe peuvent \u00eatre ajust\u00e9s en fonction de vos besoins. Pantalon cargo Dolomiti pour hommes : parfait pour la marche nordique et les randonn\u00e9es exigeantes en automne et en hiver.<\/p>\n<p><strong>Caract\u00e9ristiques :<\/strong><\/p>\n<ul class=\"tw-list-disc\">\n<li class=\"tw-text-xs\">Pantalon long pour homme<\/li>\n<li class=\"tw-text-xs\">Tissu nylon avec PFCec Free DWR 4-way stretch gaufr\u00e9 sur l&#8217;envers<\/li>\n<li class=\"tw-text-xs\">Taille \u00e9lastiqu\u00e9e, ouverture avec bouton et fermeture \u00e9clair<\/li>\n<li class=\"tw-text-xs\">Taille ajustable avec boucle<\/li>\n<li class=\"tw-text-xs\">Poches ouvertes sur les mains<\/li>\n<li class=\"tw-text-xs\">Poches zipp\u00e9es sur les hanches<\/li>\n<li class=\"tw-text-xs\">Bas avec r\u00e9glage<\/li>\n<li class=\"tw-text-xs\">Id\u00e9al pour le trekking, la marche nordique et l&#8217;utilisation en ext\u00e9rieur<\/li>\n<li class=\"tw-text-xs\">Poids : 430,0 g<\/li>\n<\/ul>\n<h2 class=\"accordion__title tw-font-normal tw-text-l\">Avantages<\/h2>\n<p>&nbsp;<\/p>\n<div class=\"content__image-wrapper tw-w-fit\">\n<div class=\"content__image tw-relative tw-w-[3.2rem]\">\n<p><img loading=\"lazy\" decoding=\"async\" class=\"tw-absolute tw-top-0 tw-left-0 tw-w-full tw-h-full\" src=\"https:\/\/www.montura.com\/cdn\/shop\/files\/004_Breathable_Black.svg?v=1709125473&amp;width=200\" srcset=\"\/\/www.montura.com\/cdn\/shop\/files\/004_Breathable_Black.svg?v=1709125473&amp;width=200 200w\" alt=\"\" width=\"60\" height=\"60\" \/><\/p>\n<h3 class=\"tw-text-s tw-pt-[1.2rem] tw-pb-[0.4rem] tw-font-medium\">Respirant<\/h3>\n<p class=\"tw-text-greyish-brown tw-text-xs tw-pt-[0.4rem]\">Gr\u00e2ce \u00e0 des tissus respirants, ce v\u00eatement favorise la transpiration naturelle de la peau et maintient le corps \u00e0 une temp\u00e9rature optimale en permanence.<\/p>\n<\/div>\n<\/div>\n<p>&nbsp;<\/p>\n<div class=\"content__image-wrapper tw-w-fit\">\n<div class=\"content__image tw-relative tw-w-[3.2rem]\">\n<p><img loading=\"lazy\" decoding=\"async\" class=\"tw-absolute tw-top-0 tw-left-0 tw-w-full tw-h-full\" src=\"https:\/\/www.montura.com\/cdn\/shop\/files\/002_WaterResistantDWR_Black.svg?v=1709125500&amp;width=200\" srcset=\"\/\/www.montura.com\/cdn\/shop\/files\/002_WaterResistantDWR_Black.svg?v=1709125500&amp;width=200 200w\" alt=\"\" width=\"60\" height=\"60\" \/><\/p>\n<h3 class=\"tw-text-s tw-pt-[1.2rem] tw-pb-[0.4rem] tw-font-medium\">D\u00e9perlant (DWR)<\/h3>\n<p class=\"tw-text-greyish-brown tw-text-xs tw-pt-[0.4rem]\">Une couche d\u00e9perlante appliqu\u00e9e sur le tissu offre une l\u00e9g\u00e8re protection contre l&#8217;humidit\u00e9 ext\u00e9rieure.<\/p>\n<\/div>\n<\/div>\n<p>&nbsp;<\/p>\n<div class=\"content__image-wrapper tw-w-fit\">\n<div class=\"content__image tw-relative tw-w-[3.2rem]\">\n<p><img loading=\"lazy\" decoding=\"async\" class=\"tw-absolute tw-top-0 tw-left-0 tw-w-full tw-h-full\" src=\"https:\/\/www.montura.com\/cdn\/shop\/files\/003_Windproof_Black.svg?v=1709125529&amp;width=200\" srcset=\"\/\/www.montura.com\/cdn\/shop\/files\/003_Windproof_Black.svg?v=1709125529&amp;width=200 200w\" alt=\"\" width=\"60\" height=\"60\" \/><\/p>\n<h3 class=\"tw-text-s tw-pt-[1.2rem] tw-pb-[0.4rem] tw-font-medium\">Coupe-vent<\/h3>\n<p class=\"tw-text-s tw-pt-[1.2rem] tw-pb-[0.4rem] tw-font-medium\">Le tissu emp\u00eache le vent de p\u00e9n\u00e9trer, r\u00e9duisant ainsi le risque de refroidissement.<\/p>\n<\/div>\n<p>&nbsp;<\/p>\n<div class=\"content__image tw-relative tw-w-[3.2rem]\">\n<div class=\"content__image-wrapper tw-w-fit\">\n<div class=\"content__image tw-relative tw-w-[3.2rem]\"><img loading=\"lazy\" decoding=\"async\" class=\"tw-absolute tw-top-0 tw-left-0 tw-w-full tw-h-full\" src=\"https:\/\/www.montura.com\/cdn\/shop\/files\/024_PFAS_free_Black.svg?v=1724232112&amp;width=200\" srcset=\"\/\/www.montura.com\/cdn\/shop\/files\/024_PFAS_free_Black.svg?v=1724232112&amp;width=200 200w\" alt=\"\" width=\"60\" height=\"60\" \/><\/div>\n<div>\n<h3 class=\"tw-text-s tw-pt-[1.2rem] tw-pb-[0.4rem] tw-font-medium\">SANS PFAS<\/h3>\n<p class=\"tw-text-greyish-brown tw-text-xs tw-pt-[0.4rem]\">Un v\u00eatement sans PFAS est fabriqu\u00e9 \u00e0 partir de mat\u00e9riaux exempts de traitements d\u00e9perlants \u00e0 base de compos\u00e9s perfluor\u00e9s et polyphlor\u00e9s (PFAS), nocifs pour l&#8217;environnement et les \u00eatres vivants. Les tissus sont trait\u00e9s avec une finition d\u00e9perlante \u00e9cologique, non fluor\u00e9e et d&#8217;origine v\u00e9g\u00e9tale qui garantit une d\u00e9perlance durable.<\/p>\n<\/div>\n<\/div>\n<\/div>\n<div class=\"tw-flex tw-flex-row tw-flex-wrap tw-pb-[2.4rem]\">\n<div class=\"tw-text-xs tw-text-nowrap tw-pr-4\"><\/div>\n<\/div>\n<div class=\"attribute_container tw-flex tw-gap-16 tw-items-center last-of-type:tw-pb-0\">\n<div class=\"\"><\/div>\n<\/div>\n<div class=\"attribute_container tw-flex tw-gap-16 tw-items-center last-of-type:tw-pb-0\">\n<p class=\"tw-text-greyish-brown tw-text-wrap tw-text-xs tw-pt-[0.4rem]\">\n<\/div>\n<div class=\"content__image tw-relative tw-w-[3.2rem]\">\n<div class=\"content__image-wrapper tw-w-fit\">\n<div><\/div>\n<\/div>\n<\/div>\n<div><\/div>\n<\/div>\n<div class=\"content__image-wrapper tw-w-fit\">\n<div class=\"content__image tw-relative tw-w-[3.2rem]\"><\/div>\n<\/div>\n<div class=\"content__image-wrapper tw-w-fit\">\n<div class=\"content__image tw-relative tw-w-[3.2rem]\">\n<\/div>\n<\/div>\n","protected":false},"excerpt":{"rendered":"<ul>\n<li>Pantalon d&#8217;hiver<\/li>\n<li>Id\u00e9al \u00e0 porter lors d&#8217;activit\u00e9s de plein air par temps froid<\/li>\n<\/ul>\n","protected":false},"featured_media":249108,"template":"","meta":{"_acf_changed":false,"inline_featured_image":false},"product_brand":[],"product_cat":[24450,24482],"product_tag":[23512,23524],"class_list":{"0":"post-294931","1":"product","2":"type-product","3":"status-publish","4":"has-post-thumbnail","6":"product_cat-pantalon-long-fr-3","7":"product_cat-vetements-pour-hommes-fr","8":"product_tag-montura-fr","9":"product_tag-montura-homme","10":"pa_attivita-marcher","11":"pa_attivita-outdoor-fr","12":"pa_colore-dolomiti-cargo-pants-black-fr","13":"pa_marca-montura-fr","14":"pa_sesso-homme","15":"pa_size-extra-large-fr","17":"first","18":"instock","19":"sale","20":"taxable","21":"shipping-taxable","22":"purchasable","23":"product-type-variable","24":"wvs-archive-product-wrapper"},"acf":[],"yoast_head":"<!-- This site is optimized with the Yoast SEO plugin v26.8 - https:\/\/yoast.com\/product\/yoast-seo-wordpress\/ -->\n<title>Montura Dolomiti Cargo Pants homme - pantalone montagna - MioMioRun<\/title>\n<meta name=\"description\" content=\"Pantaloni Dolomiti Cargo da uomo, pratici e funzionali: ideali per trekking e avventure outdoor.Realizzati in nylon riciclato 4-way-stretch\" \/>\n<meta name=\"robots\" content=\"index, follow, max-snippet:-1, max-image-preview:large, max-video-preview:-1\" \/>\n<link rel=\"canonical\" href=\"https:\/\/www.miomiorun.com\/fr\/produit\/dolomiti-cargo-pants-homme\/\" \/>\n<meta property=\"og:locale\" content=\"fr_FR\" \/>\n<meta property=\"og:type\" content=\"article\" \/>\n<meta property=\"og:title\" content=\"Montura Dolomiti Cargo Pants homme - pantalone montagna - MioMioRun\" \/>\n<meta property=\"og:description\" content=\"Pantaloni Dolomiti Cargo da uomo, pratici e funzionali: ideali per trekking e avventure outdoor.Realizzati in nylon riciclato 4-way-stretch\" \/>\n<meta property=\"og:url\" content=\"https:\/\/www.miomiorun.com\/fr\/produit\/dolomiti-cargo-pants-homme\/\" \/>\n<meta property=\"og:site_name\" content=\"MioMioRun\" \/>\n<meta property=\"article:publisher\" content=\"https:\/\/www.facebook.com\/miomiorun\/\" \/>\n<meta property=\"article:modified_time\" content=\"2025-05-27T14:30:38+00:00\" \/>\n<meta property=\"og:image\" content=\"https:\/\/www.miomiorun.com\/app\/uploads\/2024\/09\/Montura-Dolomiti-cargo-pants-black-MPLA56X-90.webp\" \/>\n\t<meta property=\"og:image:width\" content=\"600\" \/>\n\t<meta property=\"og:image:height\" content=\"600\" \/>\n\t<meta property=\"og:image:type\" content=\"image\/webp\" \/>\n<meta name=\"twitter:card\" content=\"summary_large_image\" \/>\n<meta name=\"twitter:label1\" content=\"Est. reading time\" \/>\n\t<meta name=\"twitter:data1\" content=\"2 minutes\" \/>\n<script type=\"application\/ld+json\" class=\"yoast-schema-graph\">{\"@context\":\"https:\/\/schema.org\",\"@graph\":[{\"@type\":\"WebPage\",\"@id\":\"https:\/\/www.miomiorun.com\/fr\/produit\/dolomiti-cargo-pants-homme\/\",\"url\":\"https:\/\/www.miomiorun.com\/fr\/produit\/dolomiti-cargo-pants-homme\/\",\"name\":\"Montura Dolomiti Cargo Pants homme - pantalone montagna - MioMioRun\",\"isPartOf\":{\"@id\":\"https:\/\/www.miomiorun.com\/fr\/#website\"},\"primaryImageOfPage\":{\"@id\":\"https:\/\/www.miomiorun.com\/fr\/produit\/dolomiti-cargo-pants-homme\/#primaryimage\"},\"image\":{\"@id\":\"https:\/\/www.miomiorun.com\/fr\/produit\/dolomiti-cargo-pants-homme\/#primaryimage\"},\"thumbnailUrl\":\"https:\/\/www.miomiorun.com\/app\/uploads\/2024\/09\/Montura-Dolomiti-cargo-pants-black-MPLA56X-90.webp\",\"datePublished\":\"2024-09-26T13:43:09+00:00\",\"dateModified\":\"2025-05-27T14:30:38+00:00\",\"description\":\"Pantaloni Dolomiti Cargo da uomo, pratici e funzionali: ideali per trekking e avventure outdoor.Realizzati in nylon riciclato 4-way-stretch\",\"breadcrumb\":{\"@id\":\"https:\/\/www.miomiorun.com\/fr\/produit\/dolomiti-cargo-pants-homme\/#breadcrumb\"},\"inLanguage\":\"fr-FR\",\"potentialAction\":[{\"@type\":\"ReadAction\",\"target\":[\"https:\/\/www.miomiorun.com\/fr\/produit\/dolomiti-cargo-pants-homme\/\"]}]},{\"@type\":\"ImageObject\",\"inLanguage\":\"fr-FR\",\"@id\":\"https:\/\/www.miomiorun.com\/fr\/produit\/dolomiti-cargo-pants-homme\/#primaryimage\",\"url\":\"https:\/\/www.miomiorun.com\/app\/uploads\/2024\/09\/Montura-Dolomiti-cargo-pants-black-MPLA56X-90.webp\",\"contentUrl\":\"https:\/\/www.miomiorun.com\/app\/uploads\/2024\/09\/Montura-Dolomiti-cargo-pants-black-MPLA56X-90.webp\",\"width\":600,\"height\":600,\"caption\":\"Montura Dolomiti cargo pants black MPLA56X 90\"},{\"@type\":\"BreadcrumbList\",\"@id\":\"https:\/\/www.miomiorun.com\/fr\/produit\/dolomiti-cargo-pants-homme\/#breadcrumb\",\"itemListElement\":[{\"@type\":\"ListItem\",\"position\":1,\"name\":\"Home\",\"item\":\"https:\/\/www.miomiorun.com\/fr\/home-page\/\"},{\"@type\":\"ListItem\",\"position\":2,\"name\":\"Shop\",\"item\":\"https:\/\/www.miomiorun.com\/shop\/\"},{\"@type\":\"ListItem\",\"position\":3,\"name\":\"Dolomiti Cargo Pants homme\"}]},{\"@type\":\"WebSite\",\"@id\":\"https:\/\/www.miomiorun.com\/fr\/#website\",\"url\":\"https:\/\/www.miomiorun.com\/fr\/\",\"name\":\"MioMioRun\",\"description\":\"Boutique 100% running et trail\",\"publisher\":{\"@id\":\"https:\/\/www.miomiorun.com\/fr\/#organization\"},\"potentialAction\":[{\"@type\":\"SearchAction\",\"target\":{\"@type\":\"EntryPoint\",\"urlTemplate\":\"https:\/\/www.miomiorun.com\/fr\/?s={search_term_string}\"},\"query-input\":{\"@type\":\"PropertyValueSpecification\",\"valueRequired\":true,\"valueName\":\"search_term_string\"}}],\"inLanguage\":\"fr-FR\"},{\"@type\":\"Organization\",\"@id\":\"https:\/\/www.miomiorun.com\/fr\/#organization\",\"name\":\"MioMio Run\",\"url\":\"https:\/\/www.miomiorun.com\/fr\/\",\"logo\":{\"@type\":\"ImageObject\",\"inLanguage\":\"fr-FR\",\"@id\":\"https:\/\/www.miomiorun.com\/fr\/#\/schema\/logo\/image\/\",\"url\":\"https:\/\/www.miomiorun.com\/app\/uploads\/2019\/12\/logomio.png\",\"contentUrl\":\"https:\/\/www.miomiorun.com\/app\/uploads\/2019\/12\/logomio.png\",\"width\":115,\"height\":82,\"caption\":\"MioMio Run\"},\"image\":{\"@id\":\"https:\/\/www.miomiorun.com\/fr\/#\/schema\/logo\/image\/\"},\"sameAs\":[\"https:\/\/www.facebook.com\/miomiorun\/\",\"https:\/\/www.instagram.com\/miomiorun\/\"]}]}<\/script>\n<!-- \/ Yoast SEO plugin. -->","yoast_head_json":{"title":"Montura Dolomiti Cargo Pants homme - pantalone montagna - MioMioRun","description":"Pantaloni Dolomiti Cargo da uomo, pratici e funzionali: ideali per trekking e avventure outdoor.Realizzati in nylon riciclato 4-way-stretch","robots":{"index":"index","follow":"follow","max-snippet":"max-snippet:-1","max-image-preview":"max-image-preview:large","max-video-preview":"max-video-preview:-1"},"canonical":"https:\/\/www.miomiorun.com\/fr\/produit\/dolomiti-cargo-pants-homme\/","og_locale":"fr_FR","og_type":"article","og_title":"Montura Dolomiti Cargo Pants homme - pantalone montagna - MioMioRun","og_description":"Pantaloni Dolomiti Cargo da uomo, pratici e funzionali: ideali per trekking e avventure outdoor.Realizzati in nylon riciclato 4-way-stretch","og_url":"https:\/\/www.miomiorun.com\/fr\/produit\/dolomiti-cargo-pants-homme\/","og_site_name":"MioMioRun","article_publisher":"https:\/\/www.facebook.com\/miomiorun\/","article_modified_time":"2025-05-27T14:30:38+00:00","og_image":[{"width":600,"height":600,"url":"https:\/\/www.miomiorun.com\/app\/uploads\/2024\/09\/Montura-Dolomiti-cargo-pants-black-MPLA56X-90.webp","type":"image\/webp"}],"twitter_card":"summary_large_image","twitter_misc":{"Est. reading time":"2 minutes"},"schema":{"@context":"https:\/\/schema.org","@graph":[{"@type":"WebPage","@id":"https:\/\/www.miomiorun.com\/fr\/produit\/dolomiti-cargo-pants-homme\/","url":"https:\/\/www.miomiorun.com\/fr\/produit\/dolomiti-cargo-pants-homme\/","name":"Montura Dolomiti Cargo Pants homme - pantalone montagna - MioMioRun","isPartOf":{"@id":"https:\/\/www.miomiorun.com\/fr\/#website"},"primaryImageOfPage":{"@id":"https:\/\/www.miomiorun.com\/fr\/produit\/dolomiti-cargo-pants-homme\/#primaryimage"},"image":{"@id":"https:\/\/www.miomiorun.com\/fr\/produit\/dolomiti-cargo-pants-homme\/#primaryimage"},"thumbnailUrl":"https:\/\/www.miomiorun.com\/app\/uploads\/2024\/09\/Montura-Dolomiti-cargo-pants-black-MPLA56X-90.webp","datePublished":"2024-09-26T13:43:09+00:00","dateModified":"2025-05-27T14:30:38+00:00","description":"Pantaloni Dolomiti Cargo da uomo, pratici e funzionali: ideali per trekking e avventure outdoor.Realizzati in nylon riciclato 4-way-stretch","breadcrumb":{"@id":"https:\/\/www.miomiorun.com\/fr\/produit\/dolomiti-cargo-pants-homme\/#breadcrumb"},"inLanguage":"fr-FR","potentialAction":[{"@type":"ReadAction","target":["https:\/\/www.miomiorun.com\/fr\/produit\/dolomiti-cargo-pants-homme\/"]}]},{"@type":"ImageObject","inLanguage":"fr-FR","@id":"https:\/\/www.miomiorun.com\/fr\/produit\/dolomiti-cargo-pants-homme\/#primaryimage","url":"https:\/\/www.miomiorun.com\/app\/uploads\/2024\/09\/Montura-Dolomiti-cargo-pants-black-MPLA56X-90.webp","contentUrl":"https:\/\/www.miomiorun.com\/app\/uploads\/2024\/09\/Montura-Dolomiti-cargo-pants-black-MPLA56X-90.webp","width":600,"height":600,"caption":"Montura Dolomiti cargo pants black MPLA56X 90"},{"@type":"BreadcrumbList","@id":"https:\/\/www.miomiorun.com\/fr\/produit\/dolomiti-cargo-pants-homme\/#breadcrumb","itemListElement":[{"@type":"ListItem","position":1,"name":"Home","item":"https:\/\/www.miomiorun.com\/fr\/home-page\/"},{"@type":"ListItem","position":2,"name":"Shop","item":"https:\/\/www.miomiorun.com\/shop\/"},{"@type":"ListItem","position":3,"name":"Dolomiti Cargo Pants homme"}]},{"@type":"WebSite","@id":"https:\/\/www.miomiorun.com\/fr\/#website","url":"https:\/\/www.miomiorun.com\/fr\/","name":"MioMioRun","description":"Boutique 100% running et trail","publisher":{"@id":"https:\/\/www.miomiorun.com\/fr\/#organization"},"potentialAction":[{"@type":"SearchAction","target":{"@type":"EntryPoint","urlTemplate":"https:\/\/www.miomiorun.com\/fr\/?s={search_term_string}"},"query-input":{"@type":"PropertyValueSpecification","valueRequired":true,"valueName":"search_term_string"}}],"inLanguage":"fr-FR"},{"@type":"Organization","@id":"https:\/\/www.miomiorun.com\/fr\/#organization","name":"MioMio Run","url":"https:\/\/www.miomiorun.com\/fr\/","logo":{"@type":"ImageObject","inLanguage":"fr-FR","@id":"https:\/\/www.miomiorun.com\/fr\/#\/schema\/logo\/image\/","url":"https:\/\/www.miomiorun.com\/app\/uploads\/2019\/12\/logomio.png","contentUrl":"https:\/\/www.miomiorun.com\/app\/uploads\/2019\/12\/logomio.png","width":115,"height":82,"caption":"MioMio Run"},"image":{"@id":"https:\/\/www.miomiorun.com\/fr\/#\/schema\/logo\/image\/"},"sameAs":["https:\/\/www.facebook.com\/miomiorun\/","https:\/\/www.instagram.com\/miomiorun\/"]}]}},"_links":{"self":[{"href":"https:\/\/www.miomiorun.com\/fr\/wp-json\/wp\/v2\/product\/294931","targetHints":{"allow":["GET"]}}],"collection":[{"href":"https:\/\/www.miomiorun.com\/fr\/wp-json\/wp\/v2\/product"}],"about":[{"href":"https:\/\/www.miomiorun.com\/fr\/wp-json\/wp\/v2\/types\/product"}],"wp:featuredmedia":[{"embeddable":true,"href":"https:\/\/www.miomiorun.com\/fr\/wp-json\/wp\/v2\/media\/249108"}],"wp:attachment":[{"href":"https:\/\/www.miomiorun.com\/fr\/wp-json\/wp\/v2\/media?parent=294931"}],"wp:term":[{"taxonomy":"product_brand","embeddable":true,"href":"https:\/\/www.miomiorun.com\/fr\/wp-json\/wp\/v2\/product_brand?post=294931"},{"taxonomy":"product_cat","embeddable":true,"href":"https:\/\/www.miomiorun.com\/fr\/wp-json\/wp\/v2\/product_cat?post=294931"},{"taxonomy":"product_tag","embeddable":true,"href":"https:\/\/www.miomiorun.com\/fr\/wp-json\/wp\/v2\/product_tag?post=294931"}],"curies":[{"name":"wp","href":"https:\/\/api.w.org\/{rel}","templated":true}]}}