{"id":294754,"date":"2024-10-02T18:28:44","date_gmt":"2024-10-02T16:28:44","guid":{"rendered":"https:\/\/miomiorun.com\/prodotto\/supernova-solution-uomo\/"},"modified":"2025-04-18T10:15:02","modified_gmt":"2025-04-18T08:15:02","slug":"supernova-solution-homme","status":"publish","type":"product","link":"https:\/\/www.miomiorun.com\/fr\/produit\/supernova-solution-homme\/","title":{"rendered":"Supernova Solution homme"},"content":{"rendered":"<div class=\"vc-row container\"><div class=\"vc-column\"><div class=\"vc-column-text\"><\/p>\n<h4>Caract\u00e9ristiques techniques<\/h4>\n<p>Cat\u00e9gorie : amorti moyen<br \/>\nD\u00e9calage : 10 mm (talon : 36 mm \/ avant-pied : 26 mm)<br \/>\nPoids : 288 g<br \/>\nId\u00e9al pour : les coureurs ayant une tendance \u00e0 la pronation, recherchant un mod\u00e8le soutenu et protecteur, mais sans sacrifier la performance compte tenu du faible poids de la chaussure.<br \/>\nPoids du sportif : &gt;70 kg<br \/>\nAllure de course : moyenne (5-6 min\/km)<br \/>\n<a href=\"https:\/\/miomiorun.com\/fr\/guide-des-specificites\/\">Guide des caract\u00e9ristiques techniques<\/a><\/p>\n<p><\/div><\/div><div class=\"vc-column\"><div class=\"vc-column-text\"><\/p>\n<div class=\"text-content___13aRm\">\n<h3 class=\"subtitle___9ljbp\">LES CHAUSSURES SUPERNOVA SOLUTION ONT \u00c9T\u00c9 CR\u00c9\u00c9ES POUR OFFRIR UN SOUTIEN SUPPL\u00c9MENTAIRE.<\/h3>\n<p class=\"gl-vspace\">La <strong>Supernova<\/strong> Solution pour hommes est dot\u00e9e d&#8217;une semelle interm\u00e9diaire super compos\u00e9e Dreamstrike+, d&#8217;un syst\u00e8me Comfort Heel Fit et d&#8217;une semelle ext\u00e9rieure adiwear qui offre une adh\u00e9rence optimale. La Supernova Solution est le choix id\u00e9al pour le coureur de tous les jours. De plus, nous avons ajout\u00e9 des barres de soutien \u00e0 double densit\u00e9 avec une g\u00e9om\u00e9trie optimis\u00e9e \u00e0 l&#8217;int\u00e9rieur.<\/p>\n<p><strong>Caract\u00e9ristiques :<\/strong><\/p>\n<ul class=\"gl-list\">\n<li class=\"gl-vspace-bpall-small\">Coupe r\u00e9guli\u00e8re<\/li>\n<li class=\"gl-vspace-bpall-small\">Fermeture \u00e0 lacets<\/li>\n<li class=\"gl-vspace-bpall-small\">Dessus en maille<\/li>\n<li class=\"gl-vspace-bpall-small\">Doublure en tissu<\/li>\n<li class=\"gl-vspace-bpall-small\">Syst\u00e8me de barres de soutien<\/li>\n<li class=\"gl-vspace-bpall-small\">Semelle interm\u00e9diaire Dreamstrike<\/li>\n<li>semelle ext\u00e9rieure adiwear<\/li>\n<\/ul>\n<div class=\"_cell_18qu3_18 _with-content_18qu3_27\" data-auto-id=\"bs-body\">\n<div class=\"_banner-split_18qu3_31 color-theme-black\">\n<h2 class=\"_banner-split-title_18qu3_68 _dynamic-alignment_18qu3_126\" style=\"text-align: center;\" data-auto-id=\"bs-title\">TALON SUPER CONFORTABLE<\/h2>\n<p class=\"_banner-split-summary_18qu3_92 _dynamic-alignment_18qu3_126\" style=\"text-align: center;\" data-auto-id=\"bs-summary\">Une combinaison parfaite entre l&#8217;amorti du compos\u00e9 et la douceur du tissu, vous offrant un soutien maximal, comme si la chaussure \u00e9pousait votre talon.<\/p>\n<div class=\"_cell_18qu3_18 _with-content_18qu3_27\" data-auto-id=\"bs-body\">\n<div class=\"_banner-split_18qu3_31 color-theme-black\">\n<h2 class=\"_banner-split-title_18qu3_68 _dynamic-alignment_18qu3_126\" style=\"text-align: center;\" data-auto-id=\"bs-title\">DREAMSTRIKE+<\/h2>\n<p class=\"_banner-split-summary_18qu3_92 _dynamic-alignment_18qu3_126\" style=\"text-align: center;\" data-auto-id=\"bs-summary\">Le super compos\u00e9 de nouvelle g\u00e9n\u00e9ration de la semelle interm\u00e9diaire amortit chaque pas, offrant le meilleur \u00e9quilibre entre confort et stabilit\u00e9, kilom\u00e8tre apr\u00e8s kilom\u00e8tre.<\/p>\n<div class=\"_cell_18qu3_18 _with-content_18qu3_27\" data-auto-id=\"bs-body\">\n<div class=\"_banner-split_18qu3_31 color-theme-black\">\n<h2 class=\"_banner-split-title_18qu3_68 _dynamic-alignment_18qu3_126\" style=\"text-align: center;\" data-auto-id=\"bs-title\">BARRES DE SOUTIEN POUR UNE STABILIT\u00c9 MAXIMALE<\/h2>\n<p class=\"_banner-split-summary_18qu3_92 _dynamic-alignment_18qu3_126\" style=\"text-align: center;\" data-auto-id=\"bs-summary\">Nos innovations sont complexes : barres de soutien \u00e0 double densit\u00e9 et g\u00e9om\u00e9trie optimis\u00e9e \u00e0 l&#8217;int\u00e9rieur du pied. Mais le b\u00e9n\u00e9fice qu&#8217;elles vous apportent est simple : un meilleur soutien l\u00e0 o\u00f9 vous en avez le plus besoin.<\/p>\n<\/div>\n<\/div>\n<\/div>\n<\/div>\n<\/div>\n<\/div>\n<\/div>\n<p><\/div><\/div><\/div>\n","protected":false},"excerpt":{"rendered":"<ul>\n<li>Chaussure de course \u00e0 pied avec un soutien suppl\u00e9mentaire,<\/li>\n<li>parfaite pour tous les entra\u00eenements quotidiens<\/li>\n<li>.<\/li>\n<\/ul>\n","protected":false},"featured_media":249212,"template":"","meta":{"_acf_changed":false,"inline_featured_image":false},"product_brand":[],"product_cat":[24254,24483],"product_tag":[23557,23564],"class_list":{"0":"post-294754","1":"product","2":"type-product","3":"status-publish","4":"has-post-thumbnail","6":"product_cat-chaussures-pour-hommes","7":"product_cat-les-ecuries-fr","8":"product_tag-adidas-fr","9":"product_tag-adidas-homme","10":"pa_attivita-fitness-fr","11":"pa_attivita-marcher","12":"pa_attivita-running-fr","13":"pa_colore-supernova-solution-prloin-flaaqu-ftwwht-fr","14":"pa_marca-adidas-fr","15":"pa_sesso-homme","16":"pa_size-46-fr","18":"first","19":"instock","20":"taxable","21":"shipping-taxable","22":"purchasable","23":"product-type-variable","24":"wvs-archive-product-wrapper"},"acf":[],"yoast_head":"<!-- This site is optimized with the Yoast SEO plugin v26.8 - https:\/\/yoast.com\/product\/yoast-seo-wordpress\/ -->\n<title>Adidas Supernova Solution homme - chaussures de course - MioMioRun.com<\/title>\n<meta name=\"description\" content=\"La Supernova Solution pour homme est dot\u00e9e d&#039;une semelle interm\u00e9diaire avec le super compos\u00e9 Dreamstrike+, le syst\u00e8me Comfort Heel Fit\" \/>\n<meta name=\"robots\" content=\"index, follow, max-snippet:-1, max-image-preview:large, max-video-preview:-1\" \/>\n<link rel=\"canonical\" href=\"https:\/\/www.miomiorun.com\/fr\/produit\/supernova-solution-homme\/\" \/>\n<meta property=\"og:locale\" content=\"fr_FR\" \/>\n<meta property=\"og:type\" content=\"article\" \/>\n<meta property=\"og:title\" content=\"Adidas Supernova Solution homme - chaussures de course - MioMioRun.com\" \/>\n<meta property=\"og:description\" content=\"La Supernova Solution pour homme est dot\u00e9e d&#039;une semelle interm\u00e9diaire avec le super compos\u00e9 Dreamstrike+, le syst\u00e8me Comfort Heel Fit\" \/>\n<meta property=\"og:url\" content=\"https:\/\/www.miomiorun.com\/fr\/produit\/supernova-solution-homme\/\" \/>\n<meta property=\"og:site_name\" content=\"MioMioRun\" \/>\n<meta property=\"article:publisher\" content=\"https:\/\/www.facebook.com\/miomiorun\/\" \/>\n<meta property=\"article:modified_time\" content=\"2025-04-18T08:15:02+00:00\" \/>\n<meta property=\"og:image\" content=\"https:\/\/www.miomiorun.com\/app\/uploads\/2024\/10\/adidas-Supernova-Solution-prloin-flaaqu-ftwwht-ID3602.webp\" \/>\n\t<meta property=\"og:image:width\" content=\"600\" \/>\n\t<meta property=\"og:image:height\" content=\"600\" \/>\n\t<meta property=\"og:image:type\" content=\"image\/webp\" \/>\n<meta name=\"twitter:card\" content=\"summary_large_image\" \/>\n<meta name=\"twitter:label1\" content=\"Est. reading time\" \/>\n\t<meta name=\"twitter:data1\" content=\"2 minutes\" \/>\n<script type=\"application\/ld+json\" class=\"yoast-schema-graph\">{\"@context\":\"https:\/\/schema.org\",\"@graph\":[{\"@type\":\"WebPage\",\"@id\":\"https:\/\/www.miomiorun.com\/fr\/produit\/supernova-solution-homme\/\",\"url\":\"https:\/\/www.miomiorun.com\/fr\/produit\/supernova-solution-homme\/\",\"name\":\"Adidas Supernova Solution homme - chaussures de course - MioMioRun.com\",\"isPartOf\":{\"@id\":\"https:\/\/www.miomiorun.com\/fr\/#website\"},\"primaryImageOfPage\":{\"@id\":\"https:\/\/www.miomiorun.com\/fr\/produit\/supernova-solution-homme\/#primaryimage\"},\"image\":{\"@id\":\"https:\/\/www.miomiorun.com\/fr\/produit\/supernova-solution-homme\/#primaryimage\"},\"thumbnailUrl\":\"https:\/\/www.miomiorun.com\/app\/uploads\/2024\/10\/adidas-Supernova-Solution-prloin-flaaqu-ftwwht-ID3602.webp\",\"datePublished\":\"2024-10-02T16:28:44+00:00\",\"dateModified\":\"2025-04-18T08:15:02+00:00\",\"description\":\"La Supernova Solution pour homme est dot\u00e9e d'une semelle interm\u00e9diaire avec le super compos\u00e9 Dreamstrike+, le syst\u00e8me Comfort Heel Fit\",\"breadcrumb\":{\"@id\":\"https:\/\/www.miomiorun.com\/fr\/produit\/supernova-solution-homme\/#breadcrumb\"},\"inLanguage\":\"fr-FR\",\"potentialAction\":[{\"@type\":\"ReadAction\",\"target\":[\"https:\/\/www.miomiorun.com\/fr\/produit\/supernova-solution-homme\/\"]}]},{\"@type\":\"ImageObject\",\"inLanguage\":\"fr-FR\",\"@id\":\"https:\/\/www.miomiorun.com\/fr\/produit\/supernova-solution-homme\/#primaryimage\",\"url\":\"https:\/\/www.miomiorun.com\/app\/uploads\/2024\/10\/adidas-Supernova-Solution-prloin-flaaqu-ftwwht-ID3602.webp\",\"contentUrl\":\"https:\/\/www.miomiorun.com\/app\/uploads\/2024\/10\/adidas-Supernova-Solution-prloin-flaaqu-ftwwht-ID3602.webp\",\"width\":600,\"height\":600,\"caption\":\"adidas Supernova Solution prloin flaaqu ftwwht ID3602\"},{\"@type\":\"BreadcrumbList\",\"@id\":\"https:\/\/www.miomiorun.com\/fr\/produit\/supernova-solution-homme\/#breadcrumb\",\"itemListElement\":[{\"@type\":\"ListItem\",\"position\":1,\"name\":\"Home\",\"item\":\"https:\/\/www.miomiorun.com\/fr\/home-page\/\"},{\"@type\":\"ListItem\",\"position\":2,\"name\":\"Shop\",\"item\":\"https:\/\/www.miomiorun.com\/shop\/\"},{\"@type\":\"ListItem\",\"position\":3,\"name\":\"Supernova Solution homme\"}]},{\"@type\":\"WebSite\",\"@id\":\"https:\/\/www.miomiorun.com\/fr\/#website\",\"url\":\"https:\/\/www.miomiorun.com\/fr\/\",\"name\":\"MioMioRun\",\"description\":\"Boutique 100% running et trail\",\"publisher\":{\"@id\":\"https:\/\/www.miomiorun.com\/fr\/#organization\"},\"potentialAction\":[{\"@type\":\"SearchAction\",\"target\":{\"@type\":\"EntryPoint\",\"urlTemplate\":\"https:\/\/www.miomiorun.com\/fr\/?s={search_term_string}\"},\"query-input\":{\"@type\":\"PropertyValueSpecification\",\"valueRequired\":true,\"valueName\":\"search_term_string\"}}],\"inLanguage\":\"fr-FR\"},{\"@type\":\"Organization\",\"@id\":\"https:\/\/www.miomiorun.com\/fr\/#organization\",\"name\":\"MioMio Run\",\"url\":\"https:\/\/www.miomiorun.com\/fr\/\",\"logo\":{\"@type\":\"ImageObject\",\"inLanguage\":\"fr-FR\",\"@id\":\"https:\/\/www.miomiorun.com\/fr\/#\/schema\/logo\/image\/\",\"url\":\"https:\/\/www.miomiorun.com\/app\/uploads\/2019\/12\/logomio.png\",\"contentUrl\":\"https:\/\/www.miomiorun.com\/app\/uploads\/2019\/12\/logomio.png\",\"width\":115,\"height\":82,\"caption\":\"MioMio Run\"},\"image\":{\"@id\":\"https:\/\/www.miomiorun.com\/fr\/#\/schema\/logo\/image\/\"},\"sameAs\":[\"https:\/\/www.facebook.com\/miomiorun\/\",\"https:\/\/www.instagram.com\/miomiorun\/\"]}]}<\/script>\n<!-- \/ Yoast SEO plugin. -->","yoast_head_json":{"title":"Adidas Supernova Solution homme - chaussures de course - MioMioRun.com","description":"La Supernova Solution pour homme est dot\u00e9e d'une semelle interm\u00e9diaire avec le super compos\u00e9 Dreamstrike+, le syst\u00e8me Comfort Heel Fit","robots":{"index":"index","follow":"follow","max-snippet":"max-snippet:-1","max-image-preview":"max-image-preview:large","max-video-preview":"max-video-preview:-1"},"canonical":"https:\/\/www.miomiorun.com\/fr\/produit\/supernova-solution-homme\/","og_locale":"fr_FR","og_type":"article","og_title":"Adidas Supernova Solution homme - chaussures de course - MioMioRun.com","og_description":"La Supernova Solution pour homme est dot\u00e9e d'une semelle interm\u00e9diaire avec le super compos\u00e9 Dreamstrike+, le syst\u00e8me Comfort Heel Fit","og_url":"https:\/\/www.miomiorun.com\/fr\/produit\/supernova-solution-homme\/","og_site_name":"MioMioRun","article_publisher":"https:\/\/www.facebook.com\/miomiorun\/","article_modified_time":"2025-04-18T08:15:02+00:00","og_image":[{"width":600,"height":600,"url":"https:\/\/www.miomiorun.com\/app\/uploads\/2024\/10\/adidas-Supernova-Solution-prloin-flaaqu-ftwwht-ID3602.webp","type":"image\/webp"}],"twitter_card":"summary_large_image","twitter_misc":{"Est. reading time":"2 minutes"},"schema":{"@context":"https:\/\/schema.org","@graph":[{"@type":"WebPage","@id":"https:\/\/www.miomiorun.com\/fr\/produit\/supernova-solution-homme\/","url":"https:\/\/www.miomiorun.com\/fr\/produit\/supernova-solution-homme\/","name":"Adidas Supernova Solution homme - chaussures de course - MioMioRun.com","isPartOf":{"@id":"https:\/\/www.miomiorun.com\/fr\/#website"},"primaryImageOfPage":{"@id":"https:\/\/www.miomiorun.com\/fr\/produit\/supernova-solution-homme\/#primaryimage"},"image":{"@id":"https:\/\/www.miomiorun.com\/fr\/produit\/supernova-solution-homme\/#primaryimage"},"thumbnailUrl":"https:\/\/www.miomiorun.com\/app\/uploads\/2024\/10\/adidas-Supernova-Solution-prloin-flaaqu-ftwwht-ID3602.webp","datePublished":"2024-10-02T16:28:44+00:00","dateModified":"2025-04-18T08:15:02+00:00","description":"La Supernova Solution pour homme est dot\u00e9e d'une semelle interm\u00e9diaire avec le super compos\u00e9 Dreamstrike+, le syst\u00e8me Comfort Heel Fit","breadcrumb":{"@id":"https:\/\/www.miomiorun.com\/fr\/produit\/supernova-solution-homme\/#breadcrumb"},"inLanguage":"fr-FR","potentialAction":[{"@type":"ReadAction","target":["https:\/\/www.miomiorun.com\/fr\/produit\/supernova-solution-homme\/"]}]},{"@type":"ImageObject","inLanguage":"fr-FR","@id":"https:\/\/www.miomiorun.com\/fr\/produit\/supernova-solution-homme\/#primaryimage","url":"https:\/\/www.miomiorun.com\/app\/uploads\/2024\/10\/adidas-Supernova-Solution-prloin-flaaqu-ftwwht-ID3602.webp","contentUrl":"https:\/\/www.miomiorun.com\/app\/uploads\/2024\/10\/adidas-Supernova-Solution-prloin-flaaqu-ftwwht-ID3602.webp","width":600,"height":600,"caption":"adidas Supernova Solution prloin flaaqu ftwwht ID3602"},{"@type":"BreadcrumbList","@id":"https:\/\/www.miomiorun.com\/fr\/produit\/supernova-solution-homme\/#breadcrumb","itemListElement":[{"@type":"ListItem","position":1,"name":"Home","item":"https:\/\/www.miomiorun.com\/fr\/home-page\/"},{"@type":"ListItem","position":2,"name":"Shop","item":"https:\/\/www.miomiorun.com\/shop\/"},{"@type":"ListItem","position":3,"name":"Supernova Solution homme"}]},{"@type":"WebSite","@id":"https:\/\/www.miomiorun.com\/fr\/#website","url":"https:\/\/www.miomiorun.com\/fr\/","name":"MioMioRun","description":"Boutique 100% running et trail","publisher":{"@id":"https:\/\/www.miomiorun.com\/fr\/#organization"},"potentialAction":[{"@type":"SearchAction","target":{"@type":"EntryPoint","urlTemplate":"https:\/\/www.miomiorun.com\/fr\/?s={search_term_string}"},"query-input":{"@type":"PropertyValueSpecification","valueRequired":true,"valueName":"search_term_string"}}],"inLanguage":"fr-FR"},{"@type":"Organization","@id":"https:\/\/www.miomiorun.com\/fr\/#organization","name":"MioMio Run","url":"https:\/\/www.miomiorun.com\/fr\/","logo":{"@type":"ImageObject","inLanguage":"fr-FR","@id":"https:\/\/www.miomiorun.com\/fr\/#\/schema\/logo\/image\/","url":"https:\/\/www.miomiorun.com\/app\/uploads\/2019\/12\/logomio.png","contentUrl":"https:\/\/www.miomiorun.com\/app\/uploads\/2019\/12\/logomio.png","width":115,"height":82,"caption":"MioMio Run"},"image":{"@id":"https:\/\/www.miomiorun.com\/fr\/#\/schema\/logo\/image\/"},"sameAs":["https:\/\/www.facebook.com\/miomiorun\/","https:\/\/www.instagram.com\/miomiorun\/"]}]}},"_links":{"self":[{"href":"https:\/\/www.miomiorun.com\/fr\/wp-json\/wp\/v2\/product\/294754","targetHints":{"allow":["GET"]}}],"collection":[{"href":"https:\/\/www.miomiorun.com\/fr\/wp-json\/wp\/v2\/product"}],"about":[{"href":"https:\/\/www.miomiorun.com\/fr\/wp-json\/wp\/v2\/types\/product"}],"wp:featuredmedia":[{"embeddable":true,"href":"https:\/\/www.miomiorun.com\/fr\/wp-json\/wp\/v2\/media\/249212"}],"wp:attachment":[{"href":"https:\/\/www.miomiorun.com\/fr\/wp-json\/wp\/v2\/media?parent=294754"}],"wp:term":[{"taxonomy":"product_brand","embeddable":true,"href":"https:\/\/www.miomiorun.com\/fr\/wp-json\/wp\/v2\/product_brand?post=294754"},{"taxonomy":"product_cat","embeddable":true,"href":"https:\/\/www.miomiorun.com\/fr\/wp-json\/wp\/v2\/product_cat?post=294754"},{"taxonomy":"product_tag","embeddable":true,"href":"https:\/\/www.miomiorun.com\/fr\/wp-json\/wp\/v2\/product_tag?post=294754"}],"curies":[{"name":"wp","href":"https:\/\/api.w.org\/{rel}","templated":true}]}}