{"id":294751,"date":"2024-10-03T13:17:18","date_gmt":"2024-10-03T11:17:18","guid":{"rendered":"https:\/\/miomiorun.com\/prodotto\/high-point-tight-uomo\/"},"modified":"2026-05-08T22:13:35","modified_gmt":"2026-05-08T20:13:35","slug":"high-point-tight-homme","status":"publish","type":"product","link":"https:\/\/www.miomiorun.com\/fr\/produit\/high-point-tight-homme\/","title":{"rendered":"High Point Tight homme"},"content":{"rendered":"<h2>Envolez-vous avec ce collant de course pour homme sp\u00e9cialement con\u00e7u pour les sentiers.<\/h2>\n<p>Son tissu r\u00e9sistant et offrant un bon maintien, avec des sections coupe-vent et d\u00e9perlantes, assure confort et protection contre les intemp\u00e9ries, tandis que ses poches pratiques vous permettent d&#8217;emporter tout ce dont vous avez besoin pour de longues journ\u00e9es d&#8217;aventure.<\/p>\n<h3>Coupe<\/h3>\n<ul>\n<li>&nbsp;Ajust\u00e9.<\/li>\n<\/ul>\n<h3><strong>Id\u00e9al pour :<br \/>\n<\/strong><\/h3>\n<div aria-hidden=\"true\"><\/div>\n<div class=\"m-long-description__best-for-icon\" aria-hidden=\"true\"><img loading=\"lazy\" decoding=\"async\" class=\"a-responsive-image__img\" src=\"https:\/\/www.brooksrunning.com\/on\/demandware.static\/-\/Sites-brooks-master-catalog\/default\/dw337b1a5c\/specs\/PDP-BestFor-APP-Wind-&amp;-Water-Protection.svg\" alt=\"\" width=\"50\" height=\"50\"><\/div>\n<div aria-hidden=\"true\">Protection contre le vent et l&#8217;eau<\/div>\n<div aria-hidden=\"true\"><\/div>\n<div aria-hidden=\"true\"><\/div>\n<div aria-hidden=\"true\">\n<div class=\"m-long-description__best-for-icon\" aria-hidden=\"true\"><img loading=\"lazy\" decoding=\"async\" class=\"a-responsive-image__img\" src=\"https:\/\/www.brooksrunning.com\/on\/demandware.static\/-\/Sites-brooks-master-catalog\/default\/dw500bc82d\/specs\/PDP-BestFor-APP-BRA-Storage.svg\" alt=\"\" width=\"50\" height=\"50\"><\/div>\n<div aria-hidden=\"true\">Espace<\/div>\n<\/div>\n<div aria-hidden=\"true\"><\/div>\n<div aria-hidden=\"true\"><\/div>\n<div aria-hidden=\"true\">\n<div class=\"m-long-description__best-for-icon\" aria-hidden=\"true\"><img loading=\"lazy\" decoding=\"async\" class=\"a-responsive-image__img\" src=\"https:\/\/www.brooksrunning.com\/on\/demandware.static\/-\/Sites-brooks-master-catalog\/default\/dwe3490683\/specs\/PDP-BestFor-APP-BRA-Unrestricted-Movement.svg\" alt=\"\" width=\"50\" height=\"50\"><\/div>\n<div aria-hidden=\"true\">\n<div class=\"m-long-description__best-for-icon\" aria-hidden=\"true\"><\/div>\n<div class=\"m-long-description__best-for-text\">Libert\u00e9 de mouvement<\/div>\n<\/div>\n<\/div>\n<div><\/div>\n<div><\/div>\n<div>\n<div class=\"m-long-description__best-for-icon\" aria-hidden=\"true\"><img loading=\"lazy\" decoding=\"async\" class=\"a-responsive-image__img\" src=\"https:\/\/www.brooksrunning.com\/on\/demandware.static\/-\/Sites-brooks-master-catalog\/default\/dw57aae252\/specs\/PDP-BestFor-APP-Fit-For-Speed.svg\" alt=\"\" width=\"50\" height=\"50\"><\/div>\n<div aria-hidden=\"true\">Longues distances<\/div>\n<\/div>\n<div aria-hidden=\"true\"><\/div>\n<p><strong>CARACT\u00c9RISTIQUES :<\/strong><\/p>\n<ul class=\"m-long-description__features\">\n<li class=\"m-long-description__feature\">\n<div class=\"m-long-description__feature--bullets\" aria-hidden=\"true\">Protection contre le vent et l&#8217;eau<\/div>\n<\/li>\n<li class=\"m-long-description__feature\">\n<div class=\"m-long-description__feature--bullets\" aria-hidden=\"true\">Con\u00e7us pour les mont\u00e9es raides<\/div>\n<\/li>\n<li class=\"m-long-description__feature\">\n<div class=\"m-long-description__feature--bullets\" aria-hidden=\"true\">Vos effets personnels en s\u00e9curit\u00e9<\/div>\n<\/li>\n<li class=\"m-long-description__feature\">\n<div class=\"m-long-description__feature--bullets\" aria-hidden=\"true\">Coulisse externe<\/div>\n<\/li>\n<\/ul>\n","protected":false},"excerpt":{"rendered":"<ul class=\"m-long-description__features\">\n<li class=\"m-long-description__feature\">Leggings con\u00e7us pour le trail, coupe ajust\u00e9e.<\/li>\n<li>Offre une protection contre le vent et l&#8217;eau.<\/li>\n<\/ul>\n","protected":false},"featured_media":249306,"template":"","meta":{"_acf_changed":false,"inline_featured_image":false},"product_brand":[],"product_cat":[24450,24482,24484],"product_tag":[23462,23655],"class_list":{"0":"post-294751","1":"product","2":"type-product","3":"status-publish","4":"has-post-thumbnail","6":"product_cat-pantalon-long-fr-3","7":"product_cat-vetements-pour-hommes-fr","8":"product_cat-homme","9":"product_tag-brooks-fr","10":"product_tag-brooks-homme","11":"pa_attivita-marcher","12":"pa_attivita-running-fr","13":"pa_attivita-trail-fr","14":"pa_colore-hight-point-tight-phantom-grey-fr","15":"pa_marca-brooks-fr","16":"pa_sesso-homme","17":"pa_size-small-fr","19":"first","20":"instock","21":"sale","22":"taxable","23":"shipping-taxable","24":"purchasable","25":"product-type-variable","26":"wvs-archive-product-wrapper"},"acf":[],"yoast_head":"<!-- This site is optimized with the Yoast SEO plugin v26.8 - https:\/\/yoast.com\/product\/yoast-seo-wordpress\/ -->\n<title>BrooksHigh Point Tight homme - Leggings de trail running - MioMioRun<\/title>\n<meta name=\"description\" content=\"Envolez-vous avec ce collant de course pour homme sp\u00e9cialement con\u00e7u pour les sentiers. Son tissu r\u00e9sistant et offrant un bon maintien, avec des sections coupe-vent et d\u00e9perlantes,\" \/>\n<meta name=\"robots\" content=\"index, follow, max-snippet:-1, max-image-preview:large, max-video-preview:-1\" \/>\n<link rel=\"canonical\" href=\"https:\/\/www.miomiorun.com\/fr\/produit\/high-point-tight-homme\/\" \/>\n<meta property=\"og:locale\" content=\"fr_FR\" \/>\n<meta property=\"og:type\" content=\"article\" \/>\n<meta property=\"og:title\" content=\"BrooksHigh Point Tight homme - Leggings de trail running - MioMioRun\" \/>\n<meta property=\"og:description\" content=\"Envolez-vous avec ce collant de course pour homme sp\u00e9cialement con\u00e7u pour les sentiers. Son tissu r\u00e9sistant et offrant un bon maintien, avec des sections coupe-vent et d\u00e9perlantes,\" \/>\n<meta property=\"og:url\" content=\"https:\/\/www.miomiorun.com\/fr\/produit\/high-point-tight-homme\/\" \/>\n<meta property=\"og:site_name\" content=\"MioMioRun\" \/>\n<meta property=\"article:publisher\" content=\"https:\/\/www.facebook.com\/miomiorun\/\" \/>\n<meta property=\"article:modified_time\" content=\"2026-05-08T20:13:35+00:00\" \/>\n<meta property=\"og:image\" content=\"https:\/\/www.miomiorun.com\/app\/uploads\/2024\/10\/brooks-Hight-Point-tight-phantom-grey-211513050.webp\" \/>\n\t<meta property=\"og:image:width\" content=\"600\" \/>\n\t<meta property=\"og:image:height\" content=\"600\" \/>\n\t<meta property=\"og:image:type\" content=\"image\/webp\" \/>\n<meta name=\"twitter:card\" content=\"summary_large_image\" \/>\n<meta name=\"twitter:label1\" content=\"Est. reading time\" \/>\n\t<meta name=\"twitter:data1\" content=\"1 minute\" \/>\n<script type=\"application\/ld+json\" class=\"yoast-schema-graph\">{\"@context\":\"https:\/\/schema.org\",\"@graph\":[{\"@type\":\"WebPage\",\"@id\":\"https:\/\/www.miomiorun.com\/fr\/produit\/high-point-tight-homme\/\",\"url\":\"https:\/\/www.miomiorun.com\/fr\/produit\/high-point-tight-homme\/\",\"name\":\"BrooksHigh Point Tight homme - Leggings de trail running - MioMioRun\",\"isPartOf\":{\"@id\":\"https:\/\/www.miomiorun.com\/fr\/#website\"},\"primaryImageOfPage\":{\"@id\":\"https:\/\/www.miomiorun.com\/fr\/produit\/high-point-tight-homme\/#primaryimage\"},\"image\":{\"@id\":\"https:\/\/www.miomiorun.com\/fr\/produit\/high-point-tight-homme\/#primaryimage\"},\"thumbnailUrl\":\"https:\/\/www.miomiorun.com\/app\/uploads\/2024\/10\/brooks-Hight-Point-tight-phantom-grey-211513050.webp\",\"datePublished\":\"2024-10-03T11:17:18+00:00\",\"dateModified\":\"2026-05-08T20:13:35+00:00\",\"description\":\"Envolez-vous avec ce collant de course pour homme sp\u00e9cialement con\u00e7u pour les sentiers. Son tissu r\u00e9sistant et offrant un bon maintien, avec des sections coupe-vent et d\u00e9perlantes,\",\"breadcrumb\":{\"@id\":\"https:\/\/www.miomiorun.com\/fr\/produit\/high-point-tight-homme\/#breadcrumb\"},\"inLanguage\":\"fr-FR\",\"potentialAction\":[{\"@type\":\"ReadAction\",\"target\":[\"https:\/\/www.miomiorun.com\/fr\/produit\/high-point-tight-homme\/\"]}]},{\"@type\":\"ImageObject\",\"inLanguage\":\"fr-FR\",\"@id\":\"https:\/\/www.miomiorun.com\/fr\/produit\/high-point-tight-homme\/#primaryimage\",\"url\":\"https:\/\/www.miomiorun.com\/app\/uploads\/2024\/10\/brooks-Hight-Point-tight-phantom-grey-211513050.webp\",\"contentUrl\":\"https:\/\/www.miomiorun.com\/app\/uploads\/2024\/10\/brooks-Hight-Point-tight-phantom-grey-211513050.webp\",\"width\":600,\"height\":600,\"caption\":\"brooks Hight Point tight phantom grey 211513050\"},{\"@type\":\"BreadcrumbList\",\"@id\":\"https:\/\/www.miomiorun.com\/fr\/produit\/high-point-tight-homme\/#breadcrumb\",\"itemListElement\":[{\"@type\":\"ListItem\",\"position\":1,\"name\":\"Home\",\"item\":\"https:\/\/www.miomiorun.com\/fr\/home-page\/\"},{\"@type\":\"ListItem\",\"position\":2,\"name\":\"Shop\",\"item\":\"https:\/\/www.miomiorun.com\/shop\/\"},{\"@type\":\"ListItem\",\"position\":3,\"name\":\"High Point Tight homme\"}]},{\"@type\":\"WebSite\",\"@id\":\"https:\/\/www.miomiorun.com\/fr\/#website\",\"url\":\"https:\/\/www.miomiorun.com\/fr\/\",\"name\":\"MioMioRun\",\"description\":\"Boutique 100% running et trail\",\"publisher\":{\"@id\":\"https:\/\/www.miomiorun.com\/fr\/#organization\"},\"potentialAction\":[{\"@type\":\"SearchAction\",\"target\":{\"@type\":\"EntryPoint\",\"urlTemplate\":\"https:\/\/www.miomiorun.com\/fr\/?s={search_term_string}\"},\"query-input\":{\"@type\":\"PropertyValueSpecification\",\"valueRequired\":true,\"valueName\":\"search_term_string\"}}],\"inLanguage\":\"fr-FR\"},{\"@type\":\"Organization\",\"@id\":\"https:\/\/www.miomiorun.com\/fr\/#organization\",\"name\":\"MioMio Run\",\"url\":\"https:\/\/www.miomiorun.com\/fr\/\",\"logo\":{\"@type\":\"ImageObject\",\"inLanguage\":\"fr-FR\",\"@id\":\"https:\/\/www.miomiorun.com\/fr\/#\/schema\/logo\/image\/\",\"url\":\"https:\/\/www.miomiorun.com\/app\/uploads\/2019\/12\/logomio.png\",\"contentUrl\":\"https:\/\/www.miomiorun.com\/app\/uploads\/2019\/12\/logomio.png\",\"width\":115,\"height\":82,\"caption\":\"MioMio Run\"},\"image\":{\"@id\":\"https:\/\/www.miomiorun.com\/fr\/#\/schema\/logo\/image\/\"},\"sameAs\":[\"https:\/\/www.facebook.com\/miomiorun\/\",\"https:\/\/www.instagram.com\/miomiorun\/\"]}]}<\/script>\n<!-- \/ Yoast SEO plugin. -->","yoast_head_json":{"title":"BrooksHigh Point Tight homme - Leggings de trail running - MioMioRun","description":"Envolez-vous avec ce collant de course pour homme sp\u00e9cialement con\u00e7u pour les sentiers. Son tissu r\u00e9sistant et offrant un bon maintien, avec des sections coupe-vent et d\u00e9perlantes,","robots":{"index":"index","follow":"follow","max-snippet":"max-snippet:-1","max-image-preview":"max-image-preview:large","max-video-preview":"max-video-preview:-1"},"canonical":"https:\/\/www.miomiorun.com\/fr\/produit\/high-point-tight-homme\/","og_locale":"fr_FR","og_type":"article","og_title":"BrooksHigh Point Tight homme - Leggings de trail running - MioMioRun","og_description":"Envolez-vous avec ce collant de course pour homme sp\u00e9cialement con\u00e7u pour les sentiers. Son tissu r\u00e9sistant et offrant un bon maintien, avec des sections coupe-vent et d\u00e9perlantes,","og_url":"https:\/\/www.miomiorun.com\/fr\/produit\/high-point-tight-homme\/","og_site_name":"MioMioRun","article_publisher":"https:\/\/www.facebook.com\/miomiorun\/","article_modified_time":"2026-05-08T20:13:35+00:00","og_image":[{"width":600,"height":600,"url":"https:\/\/www.miomiorun.com\/app\/uploads\/2024\/10\/brooks-Hight-Point-tight-phantom-grey-211513050.webp","type":"image\/webp"}],"twitter_card":"summary_large_image","twitter_misc":{"Est. reading time":"1 minute"},"schema":{"@context":"https:\/\/schema.org","@graph":[{"@type":"WebPage","@id":"https:\/\/www.miomiorun.com\/fr\/produit\/high-point-tight-homme\/","url":"https:\/\/www.miomiorun.com\/fr\/produit\/high-point-tight-homme\/","name":"BrooksHigh Point Tight homme - Leggings de trail running - MioMioRun","isPartOf":{"@id":"https:\/\/www.miomiorun.com\/fr\/#website"},"primaryImageOfPage":{"@id":"https:\/\/www.miomiorun.com\/fr\/produit\/high-point-tight-homme\/#primaryimage"},"image":{"@id":"https:\/\/www.miomiorun.com\/fr\/produit\/high-point-tight-homme\/#primaryimage"},"thumbnailUrl":"https:\/\/www.miomiorun.com\/app\/uploads\/2024\/10\/brooks-Hight-Point-tight-phantom-grey-211513050.webp","datePublished":"2024-10-03T11:17:18+00:00","dateModified":"2026-05-08T20:13:35+00:00","description":"Envolez-vous avec ce collant de course pour homme sp\u00e9cialement con\u00e7u pour les sentiers. Son tissu r\u00e9sistant et offrant un bon maintien, avec des sections coupe-vent et d\u00e9perlantes,","breadcrumb":{"@id":"https:\/\/www.miomiorun.com\/fr\/produit\/high-point-tight-homme\/#breadcrumb"},"inLanguage":"fr-FR","potentialAction":[{"@type":"ReadAction","target":["https:\/\/www.miomiorun.com\/fr\/produit\/high-point-tight-homme\/"]}]},{"@type":"ImageObject","inLanguage":"fr-FR","@id":"https:\/\/www.miomiorun.com\/fr\/produit\/high-point-tight-homme\/#primaryimage","url":"https:\/\/www.miomiorun.com\/app\/uploads\/2024\/10\/brooks-Hight-Point-tight-phantom-grey-211513050.webp","contentUrl":"https:\/\/www.miomiorun.com\/app\/uploads\/2024\/10\/brooks-Hight-Point-tight-phantom-grey-211513050.webp","width":600,"height":600,"caption":"brooks Hight Point tight phantom grey 211513050"},{"@type":"BreadcrumbList","@id":"https:\/\/www.miomiorun.com\/fr\/produit\/high-point-tight-homme\/#breadcrumb","itemListElement":[{"@type":"ListItem","position":1,"name":"Home","item":"https:\/\/www.miomiorun.com\/fr\/home-page\/"},{"@type":"ListItem","position":2,"name":"Shop","item":"https:\/\/www.miomiorun.com\/shop\/"},{"@type":"ListItem","position":3,"name":"High Point Tight homme"}]},{"@type":"WebSite","@id":"https:\/\/www.miomiorun.com\/fr\/#website","url":"https:\/\/www.miomiorun.com\/fr\/","name":"MioMioRun","description":"Boutique 100% running et trail","publisher":{"@id":"https:\/\/www.miomiorun.com\/fr\/#organization"},"potentialAction":[{"@type":"SearchAction","target":{"@type":"EntryPoint","urlTemplate":"https:\/\/www.miomiorun.com\/fr\/?s={search_term_string}"},"query-input":{"@type":"PropertyValueSpecification","valueRequired":true,"valueName":"search_term_string"}}],"inLanguage":"fr-FR"},{"@type":"Organization","@id":"https:\/\/www.miomiorun.com\/fr\/#organization","name":"MioMio Run","url":"https:\/\/www.miomiorun.com\/fr\/","logo":{"@type":"ImageObject","inLanguage":"fr-FR","@id":"https:\/\/www.miomiorun.com\/fr\/#\/schema\/logo\/image\/","url":"https:\/\/www.miomiorun.com\/app\/uploads\/2019\/12\/logomio.png","contentUrl":"https:\/\/www.miomiorun.com\/app\/uploads\/2019\/12\/logomio.png","width":115,"height":82,"caption":"MioMio Run"},"image":{"@id":"https:\/\/www.miomiorun.com\/fr\/#\/schema\/logo\/image\/"},"sameAs":["https:\/\/www.facebook.com\/miomiorun\/","https:\/\/www.instagram.com\/miomiorun\/"]}]}},"_links":{"self":[{"href":"https:\/\/www.miomiorun.com\/fr\/wp-json\/wp\/v2\/product\/294751","targetHints":{"allow":["GET"]}}],"collection":[{"href":"https:\/\/www.miomiorun.com\/fr\/wp-json\/wp\/v2\/product"}],"about":[{"href":"https:\/\/www.miomiorun.com\/fr\/wp-json\/wp\/v2\/types\/product"}],"wp:featuredmedia":[{"embeddable":true,"href":"https:\/\/www.miomiorun.com\/fr\/wp-json\/wp\/v2\/media\/249306"}],"wp:attachment":[{"href":"https:\/\/www.miomiorun.com\/fr\/wp-json\/wp\/v2\/media?parent=294751"}],"wp:term":[{"taxonomy":"product_brand","embeddable":true,"href":"https:\/\/www.miomiorun.com\/fr\/wp-json\/wp\/v2\/product_brand?post=294751"},{"taxonomy":"product_cat","embeddable":true,"href":"https:\/\/www.miomiorun.com\/fr\/wp-json\/wp\/v2\/product_cat?post=294751"},{"taxonomy":"product_tag","embeddable":true,"href":"https:\/\/www.miomiorun.com\/fr\/wp-json\/wp\/v2\/product_tag?post=294751"}],"curies":[{"name":"wp","href":"https:\/\/api.w.org\/{rel}","templated":true}]}}