{"id":294732,"date":"2024-10-03T14:41:09","date_gmt":"2024-10-03T12:41:09","guid":{"rendered":"https:\/\/miomiorun.com\/prodotto\/run-visible-tight-2-0-donna\/"},"modified":"2025-05-28T10:56:40","modified_gmt":"2025-05-28T08:56:40","slug":"run-visible-tight-2-0-femme","status":"publish","type":"product","link":"https:\/\/www.miomiorun.com\/fr\/produit\/run-visible-tight-2-0-femme\/","title":{"rendered":"Run Visible Tight 2.0 femme"},"content":{"rendered":"<h2>Ne craignez pas les \u00e9l\u00e9ments avec ces collants de course \u00e0 pied pour femmes.<\/h2>\n<p>Le <strong>collant Run Visible 2.0.<\/strong> est dot\u00e9 d&#8217;un design haute visibilit\u00e9, d&#8217;une chaleur l\u00e9g\u00e8re et de poches pratiques pour un confort de course maximal, m\u00eame lorsqu&#8217;il fait frais et sombre \u00e0 l&#8217;ext\u00e9rieur. Le tissu l\u00e9g\u00e8rement compressif garantit un ajustement stable et s\u00fbr.<\/p>\n<h3>Tenue<\/h3>\n<ul>\n<li>Coupe pr\u00e8s du corps.<\/li>\n<\/ul>\n<h3>D\u00e9veloppement durable<\/h3>\n<ul>\n<li>10 bouteilles en plastique qui ne finiront pas \u00e0 la d\u00e9charge.<\/li>\n<\/ul>\n<p class=\"a-type-h4 m-long-description__label\"><strong>ID\u00c9AL POUR :<\/strong><\/p>\n<p>&nbsp;<\/p>\n<p><img loading=\"lazy\" decoding=\"async\" class=\"a-responsive-image__img\" src=\"https:\/\/www.brooksrunning.com\/on\/demandware.static\/-\/Sites-brooks-master-catalog\/default\/dw568ee9ad\/specs\/PDP-BestFor-FTW-APP-Visible-In-The-Dark.svg\" alt=\"\" width=\"51\" height=\"51\" \/><\/p>\n<p>Visibilit\u00e9<\/p>\n<p>&nbsp;<\/p>\n<p><img loading=\"lazy\" decoding=\"async\" class=\"a-responsive-image__img\" src=\"https:\/\/www.brooksrunning.com\/on\/demandware.static\/-\/Sites-brooks-master-catalog\/default\/dw76d19a15\/specs\/PDP-BestFor-APP-Warmth.svg\" alt=\"\" width=\"50\" height=\"50\" \/><\/p>\n<p>Temp\u00e9ratures basses ou fra\u00eeches<\/p>\n<p>&nbsp;<\/p>\n<div class=\"m-long-description__best-for-icon\" aria-hidden=\"true\"><img loading=\"lazy\" decoding=\"async\" class=\"a-responsive-image__img\" src=\"https:\/\/www.brooksrunning.com\/on\/demandware.static\/-\/Sites-brooks-master-catalog\/default\/dw4f254e91\/specs\/PDP-BestFor-APP-Slim-Fit.svg\" alt=\"\" width=\"50\" height=\"50\" \/><\/div>\n<div aria-hidden=\"true\">Compression<\/div>\n<div aria-hidden=\"true\"><\/div>\n<div aria-hidden=\"true\"><\/div>\n<div aria-hidden=\"true\"><\/div>\n<div class=\"m-long-description__best-for-icon\" aria-hidden=\"true\"><img loading=\"lazy\" decoding=\"async\" class=\"a-responsive-image__img\" src=\"https:\/\/www.brooksrunning.com\/on\/demandware.static\/-\/Sites-brooks-master-catalog\/default\/dw500bc82d\/specs\/PDP-BestFor-APP-BRA-Storage.svg\" alt=\"\" width=\"50\" height=\"50\" \/><\/div>\n<div aria-hidden=\"true\">Espace<\/div>\n<p>&nbsp;<\/p>\n<p><strong>CARACT\u00c9RISTIQUES :<\/strong><\/p>\n<ul>\n<li class=\"m-long-description__feature\">Visible dans l&#8217;obscurit\u00e9<\/li>\n<li class=\"m-long-description__feature\">\n<div class=\"m-long-description__feature--bullets\" aria-hidden=\"true\">Chaleur et l\u00e9g\u00e8ret\u00e9<\/div>\n<\/li>\n<li class=\"m-long-description__feature\">\n<div class=\"m-long-description__feature--bullets\" aria-hidden=\"true\">Vos effets personnels en s\u00e9curit\u00e9<\/div>\n<\/li>\n<li class=\"m-long-description__feature\">\n<div class=\"m-long-description__feature--bullets\" aria-hidden=\"true\">Cordon de serrage pour ajuster l&#8217;ajustement<\/div>\n<\/li>\n<\/ul>\n<p>&nbsp;<\/p>\n<div class=\"o-feature-callout__feature-copy\">\n<h2 class=\"a-type-h4 o-feature-callout__feature-eyebrow\">Visibilit\u00e9 \u00e0 360<\/h2>\n<h3 class=\"a-type-h3--big o-feature-callout__feature-header\">Visible dans l&#8217;obscurit\u00e9<\/h3>\n<p class=\"a-type-p o-feature-callout__feature-body\">Inserts 3M\u2122 Scotchlite\u2122 Carbon Black Stretch r\u00e9fl\u00e9chissants, fluorescents et \u00e0 fort contraste strat\u00e9giquement positionn\u00e9s pour que les coureurs soient reconnaissables par les automobilistes.<\/p>\n<\/div>\n<div class=\"o-feature-callout__feature-copy\">\n<h2 class=\"a-type-h4 o-feature-callout__feature-eyebrow\">Chaleur id\u00e9ale<\/h2>\n<h3 class=\"a-type-h3--big o-feature-callout__feature-header\">Couverture confortable<\/h3>\n<p class=\"a-type-p o-feature-callout__feature-body\">Le tissu \u00e9quilibre chaleur et respirabilit\u00e9. La compression et les coutures r\u00e9duites permettent aux jambes de se sentir bien.<\/p>\n<div class=\"o-feature-callout__feature-copy\">\n<h2 class=\"a-type-h4 o-feature-callout__feature-eyebrow\">A propos des poches<\/h2>\n<h3 class=\"a-type-h3--big o-feature-callout__feature-header\">Un espace de rangement pratique<\/h3>\n<p class=\"a-type-p o-feature-callout__feature-body\">Une poche zipp\u00e9e \u00e0 gauche et une pochette \u00e0 droite vous permettent de ranger vos objets essentiels.<\/p>\n<\/div>\n<\/div>\n","protected":false},"excerpt":{"rendered":"<ul class=\"m-long-description__features\">\n<li class=\"m-long-description__feature\">Visible dans l&#8217;obscurit\u00e9<\/li>\n<li class=\"m-long-description__feature\">Couverture confortable<\/li>\n<li class=\"m-long-description__feature\">Espace de rangement pratique<\/li>\n<\/ul>\n","protected":false},"featured_media":249374,"template":"","meta":{"_acf_changed":false,"inline_featured_image":false},"product_brand":[],"product_cat":[22603,22596],"product_tag":[23462,23656],"class_list":{"0":"post-294732","1":"product","2":"type-product","3":"status-publish","4":"has-post-thumbnail","6":"product_cat-pantalon-long","7":"product_cat-vetements-pour-femmes","8":"product_tag-brooks-fr","9":"product_tag-brooks-femme","10":"pa_attivita-marcher","11":"pa_attivita-running-fr","12":"pa_colore-run-visible-tight-2-0-w-black-fluoro-fla-fr","13":"pa_marca-brooks-fr","14":"pa_sesso-femme","15":"pa_size-extra-small-fr","16":"pa_size-small-fr","18":"first","19":"instock","20":"sale","21":"taxable","22":"shipping-taxable","23":"purchasable","24":"product-type-variable","25":"wvs-archive-product-wrapper"},"acf":[],"yoast_head":"<!-- This site is optimized with the Yoast SEO plugin v26.8 - https:\/\/yoast.com\/product\/yoast-seo-wordpress\/ -->\n<title>BrooksRun Visible Tight 2.0 femme - Pantalons longs - MioMioRun<\/title>\n<meta name=\"description\" content=\"Le collant Run Visible 2.0. pr\u00e9sente un design haute visibilit\u00e9, offre une chaleur l\u00e9g\u00e8re et des poches pratiques pour le confort de la course.\" \/>\n<meta name=\"robots\" content=\"index, follow, max-snippet:-1, max-image-preview:large, max-video-preview:-1\" \/>\n<link rel=\"canonical\" href=\"https:\/\/www.miomiorun.com\/fr\/produit\/run-visible-tight-2-0-femme\/\" \/>\n<meta property=\"og:locale\" content=\"fr_FR\" \/>\n<meta property=\"og:type\" content=\"article\" \/>\n<meta property=\"og:title\" content=\"BrooksRun Visible Tight 2.0 femme - Pantalons longs - MioMioRun\" \/>\n<meta property=\"og:description\" content=\"Le collant Run Visible 2.0. pr\u00e9sente un design haute visibilit\u00e9, offre une chaleur l\u00e9g\u00e8re et des poches pratiques pour le confort de la course.\" \/>\n<meta property=\"og:url\" content=\"https:\/\/www.miomiorun.com\/fr\/produit\/run-visible-tight-2-0-femme\/\" \/>\n<meta property=\"og:site_name\" content=\"MioMioRun\" \/>\n<meta property=\"article:publisher\" content=\"https:\/\/www.facebook.com\/miomiorun\/\" \/>\n<meta property=\"article:modified_time\" content=\"2025-05-28T08:56:40+00:00\" \/>\n<meta property=\"og:image\" content=\"https:\/\/www.miomiorun.com\/app\/uploads\/2024\/10\/brooks-Run-Visible-tight-2.0-W-black-fluoro-fla-221693068.webp\" \/>\n\t<meta property=\"og:image:width\" content=\"600\" \/>\n\t<meta property=\"og:image:height\" content=\"600\" \/>\n\t<meta property=\"og:image:type\" content=\"image\/webp\" \/>\n<meta name=\"twitter:card\" content=\"summary_large_image\" \/>\n<meta name=\"twitter:label1\" content=\"Est. reading time\" \/>\n\t<meta name=\"twitter:data1\" content=\"1 minute\" \/>\n<script type=\"application\/ld+json\" class=\"yoast-schema-graph\">{\"@context\":\"https:\/\/schema.org\",\"@graph\":[{\"@type\":\"WebPage\",\"@id\":\"https:\/\/www.miomiorun.com\/fr\/produit\/run-visible-tight-2-0-femme\/\",\"url\":\"https:\/\/www.miomiorun.com\/fr\/produit\/run-visible-tight-2-0-femme\/\",\"name\":\"BrooksRun Visible Tight 2.0 femme - Pantalons longs - MioMioRun\",\"isPartOf\":{\"@id\":\"https:\/\/www.miomiorun.com\/fr\/#website\"},\"primaryImageOfPage\":{\"@id\":\"https:\/\/www.miomiorun.com\/fr\/produit\/run-visible-tight-2-0-femme\/#primaryimage\"},\"image\":{\"@id\":\"https:\/\/www.miomiorun.com\/fr\/produit\/run-visible-tight-2-0-femme\/#primaryimage\"},\"thumbnailUrl\":\"https:\/\/www.miomiorun.com\/app\/uploads\/2024\/10\/brooks-Run-Visible-tight-2.0-W-black-fluoro-fla-221693068.webp\",\"datePublished\":\"2024-10-03T12:41:09+00:00\",\"dateModified\":\"2025-05-28T08:56:40+00:00\",\"description\":\"Le collant Run Visible 2.0. pr\u00e9sente un design haute visibilit\u00e9, offre une chaleur l\u00e9g\u00e8re et des poches pratiques pour le confort de la course.\",\"breadcrumb\":{\"@id\":\"https:\/\/www.miomiorun.com\/fr\/produit\/run-visible-tight-2-0-femme\/#breadcrumb\"},\"inLanguage\":\"fr-FR\",\"potentialAction\":[{\"@type\":\"ReadAction\",\"target\":[\"https:\/\/www.miomiorun.com\/fr\/produit\/run-visible-tight-2-0-femme\/\"]}]},{\"@type\":\"ImageObject\",\"inLanguage\":\"fr-FR\",\"@id\":\"https:\/\/www.miomiorun.com\/fr\/produit\/run-visible-tight-2-0-femme\/#primaryimage\",\"url\":\"https:\/\/www.miomiorun.com\/app\/uploads\/2024\/10\/brooks-Run-Visible-tight-2.0-W-black-fluoro-fla-221693068.webp\",\"contentUrl\":\"https:\/\/www.miomiorun.com\/app\/uploads\/2024\/10\/brooks-Run-Visible-tight-2.0-W-black-fluoro-fla-221693068.webp\",\"width\":600,\"height\":600,\"caption\":\"brooks Run Visible tight 2.0 W black fluoro fla 221693068\"},{\"@type\":\"BreadcrumbList\",\"@id\":\"https:\/\/www.miomiorun.com\/fr\/produit\/run-visible-tight-2-0-femme\/#breadcrumb\",\"itemListElement\":[{\"@type\":\"ListItem\",\"position\":1,\"name\":\"Home\",\"item\":\"https:\/\/www.miomiorun.com\/fr\/home-page\/\"},{\"@type\":\"ListItem\",\"position\":2,\"name\":\"Shop\",\"item\":\"https:\/\/www.miomiorun.com\/shop\/\"},{\"@type\":\"ListItem\",\"position\":3,\"name\":\"Run Visible Tight 2.0 femme\"}]},{\"@type\":\"WebSite\",\"@id\":\"https:\/\/www.miomiorun.com\/fr\/#website\",\"url\":\"https:\/\/www.miomiorun.com\/fr\/\",\"name\":\"MioMioRun\",\"description\":\"Boutique 100% running et trail\",\"publisher\":{\"@id\":\"https:\/\/www.miomiorun.com\/fr\/#organization\"},\"potentialAction\":[{\"@type\":\"SearchAction\",\"target\":{\"@type\":\"EntryPoint\",\"urlTemplate\":\"https:\/\/www.miomiorun.com\/fr\/?s={search_term_string}\"},\"query-input\":{\"@type\":\"PropertyValueSpecification\",\"valueRequired\":true,\"valueName\":\"search_term_string\"}}],\"inLanguage\":\"fr-FR\"},{\"@type\":\"Organization\",\"@id\":\"https:\/\/www.miomiorun.com\/fr\/#organization\",\"name\":\"MioMio Run\",\"url\":\"https:\/\/www.miomiorun.com\/fr\/\",\"logo\":{\"@type\":\"ImageObject\",\"inLanguage\":\"fr-FR\",\"@id\":\"https:\/\/www.miomiorun.com\/fr\/#\/schema\/logo\/image\/\",\"url\":\"https:\/\/www.miomiorun.com\/app\/uploads\/2019\/12\/logomio.png\",\"contentUrl\":\"https:\/\/www.miomiorun.com\/app\/uploads\/2019\/12\/logomio.png\",\"width\":115,\"height\":82,\"caption\":\"MioMio Run\"},\"image\":{\"@id\":\"https:\/\/www.miomiorun.com\/fr\/#\/schema\/logo\/image\/\"},\"sameAs\":[\"https:\/\/www.facebook.com\/miomiorun\/\",\"https:\/\/www.instagram.com\/miomiorun\/\"]}]}<\/script>\n<!-- \/ Yoast SEO plugin. -->","yoast_head_json":{"title":"BrooksRun Visible Tight 2.0 femme - Pantalons longs - MioMioRun","description":"Le collant Run Visible 2.0. pr\u00e9sente un design haute visibilit\u00e9, offre une chaleur l\u00e9g\u00e8re et des poches pratiques pour le confort de la course.","robots":{"index":"index","follow":"follow","max-snippet":"max-snippet:-1","max-image-preview":"max-image-preview:large","max-video-preview":"max-video-preview:-1"},"canonical":"https:\/\/www.miomiorun.com\/fr\/produit\/run-visible-tight-2-0-femme\/","og_locale":"fr_FR","og_type":"article","og_title":"BrooksRun Visible Tight 2.0 femme - Pantalons longs - MioMioRun","og_description":"Le collant Run Visible 2.0. pr\u00e9sente un design haute visibilit\u00e9, offre une chaleur l\u00e9g\u00e8re et des poches pratiques pour le confort de la course.","og_url":"https:\/\/www.miomiorun.com\/fr\/produit\/run-visible-tight-2-0-femme\/","og_site_name":"MioMioRun","article_publisher":"https:\/\/www.facebook.com\/miomiorun\/","article_modified_time":"2025-05-28T08:56:40+00:00","og_image":[{"width":600,"height":600,"url":"https:\/\/www.miomiorun.com\/app\/uploads\/2024\/10\/brooks-Run-Visible-tight-2.0-W-black-fluoro-fla-221693068.webp","type":"image\/webp"}],"twitter_card":"summary_large_image","twitter_misc":{"Est. reading time":"1 minute"},"schema":{"@context":"https:\/\/schema.org","@graph":[{"@type":"WebPage","@id":"https:\/\/www.miomiorun.com\/fr\/produit\/run-visible-tight-2-0-femme\/","url":"https:\/\/www.miomiorun.com\/fr\/produit\/run-visible-tight-2-0-femme\/","name":"BrooksRun Visible Tight 2.0 femme - Pantalons longs - MioMioRun","isPartOf":{"@id":"https:\/\/www.miomiorun.com\/fr\/#website"},"primaryImageOfPage":{"@id":"https:\/\/www.miomiorun.com\/fr\/produit\/run-visible-tight-2-0-femme\/#primaryimage"},"image":{"@id":"https:\/\/www.miomiorun.com\/fr\/produit\/run-visible-tight-2-0-femme\/#primaryimage"},"thumbnailUrl":"https:\/\/www.miomiorun.com\/app\/uploads\/2024\/10\/brooks-Run-Visible-tight-2.0-W-black-fluoro-fla-221693068.webp","datePublished":"2024-10-03T12:41:09+00:00","dateModified":"2025-05-28T08:56:40+00:00","description":"Le collant Run Visible 2.0. pr\u00e9sente un design haute visibilit\u00e9, offre une chaleur l\u00e9g\u00e8re et des poches pratiques pour le confort de la course.","breadcrumb":{"@id":"https:\/\/www.miomiorun.com\/fr\/produit\/run-visible-tight-2-0-femme\/#breadcrumb"},"inLanguage":"fr-FR","potentialAction":[{"@type":"ReadAction","target":["https:\/\/www.miomiorun.com\/fr\/produit\/run-visible-tight-2-0-femme\/"]}]},{"@type":"ImageObject","inLanguage":"fr-FR","@id":"https:\/\/www.miomiorun.com\/fr\/produit\/run-visible-tight-2-0-femme\/#primaryimage","url":"https:\/\/www.miomiorun.com\/app\/uploads\/2024\/10\/brooks-Run-Visible-tight-2.0-W-black-fluoro-fla-221693068.webp","contentUrl":"https:\/\/www.miomiorun.com\/app\/uploads\/2024\/10\/brooks-Run-Visible-tight-2.0-W-black-fluoro-fla-221693068.webp","width":600,"height":600,"caption":"brooks Run Visible tight 2.0 W black fluoro fla 221693068"},{"@type":"BreadcrumbList","@id":"https:\/\/www.miomiorun.com\/fr\/produit\/run-visible-tight-2-0-femme\/#breadcrumb","itemListElement":[{"@type":"ListItem","position":1,"name":"Home","item":"https:\/\/www.miomiorun.com\/fr\/home-page\/"},{"@type":"ListItem","position":2,"name":"Shop","item":"https:\/\/www.miomiorun.com\/shop\/"},{"@type":"ListItem","position":3,"name":"Run Visible Tight 2.0 femme"}]},{"@type":"WebSite","@id":"https:\/\/www.miomiorun.com\/fr\/#website","url":"https:\/\/www.miomiorun.com\/fr\/","name":"MioMioRun","description":"Boutique 100% running et trail","publisher":{"@id":"https:\/\/www.miomiorun.com\/fr\/#organization"},"potentialAction":[{"@type":"SearchAction","target":{"@type":"EntryPoint","urlTemplate":"https:\/\/www.miomiorun.com\/fr\/?s={search_term_string}"},"query-input":{"@type":"PropertyValueSpecification","valueRequired":true,"valueName":"search_term_string"}}],"inLanguage":"fr-FR"},{"@type":"Organization","@id":"https:\/\/www.miomiorun.com\/fr\/#organization","name":"MioMio Run","url":"https:\/\/www.miomiorun.com\/fr\/","logo":{"@type":"ImageObject","inLanguage":"fr-FR","@id":"https:\/\/www.miomiorun.com\/fr\/#\/schema\/logo\/image\/","url":"https:\/\/www.miomiorun.com\/app\/uploads\/2019\/12\/logomio.png","contentUrl":"https:\/\/www.miomiorun.com\/app\/uploads\/2019\/12\/logomio.png","width":115,"height":82,"caption":"MioMio Run"},"image":{"@id":"https:\/\/www.miomiorun.com\/fr\/#\/schema\/logo\/image\/"},"sameAs":["https:\/\/www.facebook.com\/miomiorun\/","https:\/\/www.instagram.com\/miomiorun\/"]}]}},"_links":{"self":[{"href":"https:\/\/www.miomiorun.com\/fr\/wp-json\/wp\/v2\/product\/294732","targetHints":{"allow":["GET"]}}],"collection":[{"href":"https:\/\/www.miomiorun.com\/fr\/wp-json\/wp\/v2\/product"}],"about":[{"href":"https:\/\/www.miomiorun.com\/fr\/wp-json\/wp\/v2\/types\/product"}],"wp:featuredmedia":[{"embeddable":true,"href":"https:\/\/www.miomiorun.com\/fr\/wp-json\/wp\/v2\/media\/249374"}],"wp:attachment":[{"href":"https:\/\/www.miomiorun.com\/fr\/wp-json\/wp\/v2\/media?parent=294732"}],"wp:term":[{"taxonomy":"product_brand","embeddable":true,"href":"https:\/\/www.miomiorun.com\/fr\/wp-json\/wp\/v2\/product_brand?post=294732"},{"taxonomy":"product_cat","embeddable":true,"href":"https:\/\/www.miomiorun.com\/fr\/wp-json\/wp\/v2\/product_cat?post=294732"},{"taxonomy":"product_tag","embeddable":true,"href":"https:\/\/www.miomiorun.com\/fr\/wp-json\/wp\/v2\/product_tag?post=294732"}],"curies":[{"name":"wp","href":"https:\/\/api.w.org\/{rel}","templated":true}]}}