{"id":294689,"date":"2024-10-03T13:49:42","date_gmt":"2024-10-03T11:49:42","guid":{"rendered":"https:\/\/miomiorun.com\/prodotto\/run-visible-jacket-2-0-uomo\/"},"modified":"2026-05-08T22:13:13","modified_gmt":"2026-05-08T20:13:13","slug":"run-visible-jacket-2-0-homme","status":"publish","type":"product","link":"https:\/\/www.miomiorun.com\/fr\/produit\/run-visible-jacket-2-0-homme\/","title":{"rendered":"Run Visible Jacket 2.0 homme"},"content":{"rendered":"<h2>Pluie et faible luminosit\u00e9 ? Pas de probl\u00e8me.<\/h2>\n<p>Cette veste de pluie pour homme destin\u00e9e \u00e0 la course \u00e0 pied vous gardera non seulement au sec gr\u00e2ce \u00e0 sa protection coupe-vent et d\u00e9perlante, mais vous permettra \u00e9galement de courir en toute s\u00e9curit\u00e9 gr\u00e2ce \u00e0 son design tr\u00e8s visible. Parmi les d\u00e9tails qui se distinguent, citons la capuche repliable et la possibilit\u00e9 d&#8217;emporter vos affaires essentielles \u00e0 tout moment.<\/p>\n<h3>Coupe<\/h3>\n<ul>\n<li>Semi-adh\u00e9rent<\/li>\n<\/ul>\n<h3>Id\u00e9al pour :<\/h3>\n<div class=\"m-long-description__best-for-icon\" aria-hidden=\"true\"><img loading=\"lazy\" decoding=\"async\" class=\"a-responsive-image__img\" src=\"https:\/\/www.brooksrunning.com\/on\/demandware.static\/-\/Sites-brooks-master-catalog\/default\/dw568ee9ad\/specs\/PDP-BestFor-FTW-APP-Visible-In-The-Dark.svg\" alt=\"\" width=\"51\" height=\"51\" \/><\/div>\n<div aria-hidden=\"true\">Visibilit\u00e9<\/div>\n<div aria-hidden=\"true\"><\/div>\n<div aria-hidden=\"true\"><\/div>\n<div class=\"m-long-description__best-for-icon\" aria-hidden=\"true\"><img loading=\"lazy\" decoding=\"async\" class=\"a-responsive-image__img\" src=\"https:\/\/www.brooksrunning.com\/on\/demandware.static\/-\/Sites-brooks-master-catalog\/default\/dw337b1a5c\/specs\/PDP-BestFor-APP-Wind-&amp;-Water-Protection.svg\" alt=\"\" width=\"50\" height=\"50\" \/><\/div>\n<div aria-hidden=\"true\">Protection contre les intemp\u00e9ries<\/div>\n<div aria-hidden=\"true\"><\/div>\n<div aria-hidden=\"true\"><\/div>\n<div class=\"m-long-description__best-for-icon\" aria-hidden=\"true\"><img loading=\"lazy\" decoding=\"async\" class=\"a-responsive-image__img\" src=\"https:\/\/www.brooksrunning.com\/on\/demandware.static\/-\/Sites-brooks-master-catalog\/default\/dwce073625\/specs\/PDP-BestFor-APP-Layering.svg\" alt=\"\" width=\"50\" height=\"50\" \/><\/div>\n<div aria-hidden=\"true\">V\u00eatements superpos\u00e9s<\/div>\n<div aria-hidden=\"true\"><\/div>\n<div aria-hidden=\"true\"><\/div>\n<div class=\"m-long-description__best-for-icon\" aria-hidden=\"true\"><img loading=\"lazy\" decoding=\"async\" class=\"a-responsive-image__img\" src=\"https:\/\/www.brooksrunning.com\/on\/demandware.static\/-\/Sites-brooks-master-catalog\/default\/dw500bc82d\/specs\/PDP-BestFor-APP-BRA-Storage.svg\" alt=\"\" width=\"50\" height=\"50\" \/><\/div>\n<div aria-hidden=\"true\">Espace<\/div>\n<div aria-hidden=\"true\"><\/div>\n<h3 aria-hidden=\"true\">Caract\u00e9ristiques :<\/h3>\n<ul class=\"m-long-description__features\">\n<li class=\"m-long-description__feature\">\n<div class=\"m-long-description__feature--bullets\" aria-hidden=\"true\">Visible dans l&#8217;obscurit\u00e9<\/div>\n<\/li>\n<li class=\"m-long-description__feature\">\n<div class=\"m-long-description__feature--bullets\" aria-hidden=\"true\">Protection contre le vent et l&#8217;eau<\/div>\n<\/li>\n<li class=\"m-long-description__feature\">\n<div class=\"m-long-description__feature--bullets\" aria-hidden=\"true\">Vos effets personnels en s\u00e9curit\u00e9<\/div>\n<\/li>\n<li class=\"m-long-description__feature\">\n<div class=\"m-long-description__feature--bullets\" aria-hidden=\"true\">Capuchon dissimul\u00e9<\/div>\n<\/li>\n<\/ul>\n<h2><\/h2>\n<h2 style=\"text-align: center;\">Protection \u00e9tanche qui brille dans l&#8217;obscurit\u00e9<\/h2>\n<p>&nbsp;<\/p>\n<p style=\"text-align: center;\">VISIBILIT\u00c9 \u00c0 360<\/p>\n<h3 style=\"text-align: center;\">Visible dans l&#8217;obscurit\u00e9<\/h3>\n<p style=\"text-align: center;\">La fluorescence, le contraste \u00e9lev\u00e9 et la r\u00e9fraction dans les zones de mouvement cl\u00e9s aident les coureurs \u00e0 rester visibles dans l&#8217;obscurit\u00e9.<\/p>\n<p>&nbsp;<\/p>\n<p style=\"text-align: center;\">DOMINE LE MAUVAIS TEMPS<\/p>\n<h3 style=\"text-align: center;\">Protection contre le vent et l&#8217;eau<\/h3>\n<p style=\"text-align: center;\">Le tissu offre une protection contre le vent et l&#8217;eau, pour un confort s\u00fbr contre les \u00e9l\u00e9ments.<\/p>\n<h3 style=\"text-align: center;\"><\/h3>\n<p style=\"text-align: center;\">\u00c0 PROPOS DES POCHES<\/p>\n<h3 style=\"text-align: center;\">Gardez vos affaires en s\u00e9curit\u00e9<\/h3>\n<p style=\"text-align: center;\">Deux poches frontales zipp\u00e9es pour ranger les objets de valeur. La poche de droite est dot\u00e9e d&#8217;une pochette de rangement pratique.<\/p>\n<p>&nbsp;<\/p>\n","protected":false},"excerpt":{"rendered":"<ul class=\"m-long-description__features\">\n<li class=\"m-long-description__feature\">Protection imperm\u00e9able et coupe-vent<\/li>\n<li class=\"m-long-description__feature\">Veste id\u00e9ale pour \u00eatre vu dans l&#8217;obscurit\u00e9<\/li>\n<\/ul>\n","protected":false},"featured_media":249322,"template":"","meta":{"_acf_changed":false,"inline_featured_image":false},"product_brand":[],"product_cat":[24480,24482,24484],"product_tag":[23462,23655],"class_list":{"0":"post-294689","1":"product","2":"type-product","3":"status-publish","4":"has-post-thumbnail","6":"product_cat-vestes-fr-2","7":"product_cat-vetements-pour-hommes-fr","8":"product_cat-homme","9":"product_tag-brooks-fr","10":"product_tag-brooks-homme","11":"pa_attivita-marcher","12":"pa_attivita-running-fr","13":"pa_colore-run-visible-jacket-2-0-ecru-fluoro-flash-fr","14":"pa_marca-brooks-fr","15":"pa_sesso-homme","16":"pa_size-small-fr","17":"pa_size-medium-fr","19":"first","20":"instock","21":"sale","22":"taxable","23":"shipping-taxable","24":"purchasable","25":"product-type-variable","26":"wvs-archive-product-wrapper"},"acf":[],"yoast_head":"<!-- This site is optimized with the Yoast SEO plugin v26.8 - https:\/\/yoast.com\/product\/yoast-seo-wordpress\/ -->\n<title>BrooksRun Visible Jacket 2.0 homme -Veste de course - MioMioRun<\/title>\n<meta name=\"description\" content=\"Il pleut et il y a peu de lumi\u00e8re ? Pas de probl\u00e8me, cette veste de pluie pour homme pour la course \u00e0 pied vous gardera au sec gr\u00e2ce \u00e0 sa protection coupe-vent et d\u00e9perlante.\" \/>\n<meta name=\"robots\" content=\"index, follow, max-snippet:-1, max-image-preview:large, max-video-preview:-1\" \/>\n<link rel=\"canonical\" href=\"https:\/\/www.miomiorun.com\/fr\/produit\/run-visible-jacket-2-0-homme\/\" \/>\n<meta property=\"og:locale\" content=\"fr_FR\" \/>\n<meta property=\"og:type\" content=\"article\" \/>\n<meta property=\"og:title\" content=\"BrooksRun Visible Jacket 2.0 homme -Veste de course - MioMioRun\" \/>\n<meta property=\"og:description\" content=\"Il pleut et il y a peu de lumi\u00e8re ? Pas de probl\u00e8me, cette veste de pluie pour homme pour la course \u00e0 pied vous gardera au sec gr\u00e2ce \u00e0 sa protection coupe-vent et d\u00e9perlante.\" \/>\n<meta property=\"og:url\" content=\"https:\/\/www.miomiorun.com\/fr\/produit\/run-visible-jacket-2-0-homme\/\" \/>\n<meta property=\"og:site_name\" content=\"MioMioRun\" \/>\n<meta property=\"article:publisher\" content=\"https:\/\/www.facebook.com\/miomiorun\/\" \/>\n<meta property=\"article:modified_time\" content=\"2026-05-08T20:13:13+00:00\" \/>\n<meta property=\"og:image\" content=\"https:\/\/www.miomiorun.com\/app\/uploads\/2024\/10\/brooks-Run-Visible-jacket-2.0-ecru-fluoro-flash-211519167.webp\" \/>\n\t<meta property=\"og:image:width\" content=\"600\" \/>\n\t<meta property=\"og:image:height\" content=\"600\" \/>\n\t<meta property=\"og:image:type\" content=\"image\/webp\" \/>\n<meta name=\"twitter:card\" content=\"summary_large_image\" \/>\n<meta name=\"twitter:label1\" content=\"Est. reading time\" \/>\n\t<meta name=\"twitter:data1\" content=\"1 minute\" \/>\n<script type=\"application\/ld+json\" class=\"yoast-schema-graph\">{\"@context\":\"https:\/\/schema.org\",\"@graph\":[{\"@type\":\"WebPage\",\"@id\":\"https:\/\/www.miomiorun.com\/fr\/produit\/run-visible-jacket-2-0-homme\/\",\"url\":\"https:\/\/www.miomiorun.com\/fr\/produit\/run-visible-jacket-2-0-homme\/\",\"name\":\"BrooksRun Visible Jacket 2.0 homme -Veste de course - MioMioRun\",\"isPartOf\":{\"@id\":\"https:\/\/www.miomiorun.com\/fr\/#website\"},\"primaryImageOfPage\":{\"@id\":\"https:\/\/www.miomiorun.com\/fr\/produit\/run-visible-jacket-2-0-homme\/#primaryimage\"},\"image\":{\"@id\":\"https:\/\/www.miomiorun.com\/fr\/produit\/run-visible-jacket-2-0-homme\/#primaryimage\"},\"thumbnailUrl\":\"https:\/\/www.miomiorun.com\/app\/uploads\/2024\/10\/brooks-Run-Visible-jacket-2.0-ecru-fluoro-flash-211519167.webp\",\"datePublished\":\"2024-10-03T11:49:42+00:00\",\"dateModified\":\"2026-05-08T20:13:13+00:00\",\"description\":\"Il pleut et il y a peu de lumi\u00e8re ? Pas de probl\u00e8me, cette veste de pluie pour homme pour la course \u00e0 pied vous gardera au sec gr\u00e2ce \u00e0 sa protection coupe-vent et d\u00e9perlante.\",\"breadcrumb\":{\"@id\":\"https:\/\/www.miomiorun.com\/fr\/produit\/run-visible-jacket-2-0-homme\/#breadcrumb\"},\"inLanguage\":\"fr-FR\",\"potentialAction\":[{\"@type\":\"ReadAction\",\"target\":[\"https:\/\/www.miomiorun.com\/fr\/produit\/run-visible-jacket-2-0-homme\/\"]}]},{\"@type\":\"ImageObject\",\"inLanguage\":\"fr-FR\",\"@id\":\"https:\/\/www.miomiorun.com\/fr\/produit\/run-visible-jacket-2-0-homme\/#primaryimage\",\"url\":\"https:\/\/www.miomiorun.com\/app\/uploads\/2024\/10\/brooks-Run-Visible-jacket-2.0-ecru-fluoro-flash-211519167.webp\",\"contentUrl\":\"https:\/\/www.miomiorun.com\/app\/uploads\/2024\/10\/brooks-Run-Visible-jacket-2.0-ecru-fluoro-flash-211519167.webp\",\"width\":600,\"height\":600,\"caption\":\"brooks Run Visible jacket 2.0 ecru fluoro flash 211519167\"},{\"@type\":\"BreadcrumbList\",\"@id\":\"https:\/\/www.miomiorun.com\/fr\/produit\/run-visible-jacket-2-0-homme\/#breadcrumb\",\"itemListElement\":[{\"@type\":\"ListItem\",\"position\":1,\"name\":\"Home\",\"item\":\"https:\/\/www.miomiorun.com\/fr\/home-page\/\"},{\"@type\":\"ListItem\",\"position\":2,\"name\":\"Shop\",\"item\":\"https:\/\/www.miomiorun.com\/shop\/\"},{\"@type\":\"ListItem\",\"position\":3,\"name\":\"Run Visible Jacket 2.0 homme\"}]},{\"@type\":\"WebSite\",\"@id\":\"https:\/\/www.miomiorun.com\/fr\/#website\",\"url\":\"https:\/\/www.miomiorun.com\/fr\/\",\"name\":\"MioMioRun\",\"description\":\"Boutique 100% running et trail\",\"publisher\":{\"@id\":\"https:\/\/www.miomiorun.com\/fr\/#organization\"},\"potentialAction\":[{\"@type\":\"SearchAction\",\"target\":{\"@type\":\"EntryPoint\",\"urlTemplate\":\"https:\/\/www.miomiorun.com\/fr\/?s={search_term_string}\"},\"query-input\":{\"@type\":\"PropertyValueSpecification\",\"valueRequired\":true,\"valueName\":\"search_term_string\"}}],\"inLanguage\":\"fr-FR\"},{\"@type\":\"Organization\",\"@id\":\"https:\/\/www.miomiorun.com\/fr\/#organization\",\"name\":\"MioMio Run\",\"url\":\"https:\/\/www.miomiorun.com\/fr\/\",\"logo\":{\"@type\":\"ImageObject\",\"inLanguage\":\"fr-FR\",\"@id\":\"https:\/\/www.miomiorun.com\/fr\/#\/schema\/logo\/image\/\",\"url\":\"https:\/\/www.miomiorun.com\/app\/uploads\/2019\/12\/logomio.png\",\"contentUrl\":\"https:\/\/www.miomiorun.com\/app\/uploads\/2019\/12\/logomio.png\",\"width\":115,\"height\":82,\"caption\":\"MioMio Run\"},\"image\":{\"@id\":\"https:\/\/www.miomiorun.com\/fr\/#\/schema\/logo\/image\/\"},\"sameAs\":[\"https:\/\/www.facebook.com\/miomiorun\/\",\"https:\/\/www.instagram.com\/miomiorun\/\"]}]}<\/script>\n<!-- \/ Yoast SEO plugin. -->","yoast_head_json":{"title":"BrooksRun Visible Jacket 2.0 homme -Veste de course - MioMioRun","description":"Il pleut et il y a peu de lumi\u00e8re ? Pas de probl\u00e8me, cette veste de pluie pour homme pour la course \u00e0 pied vous gardera au sec gr\u00e2ce \u00e0 sa protection coupe-vent et d\u00e9perlante.","robots":{"index":"index","follow":"follow","max-snippet":"max-snippet:-1","max-image-preview":"max-image-preview:large","max-video-preview":"max-video-preview:-1"},"canonical":"https:\/\/www.miomiorun.com\/fr\/produit\/run-visible-jacket-2-0-homme\/","og_locale":"fr_FR","og_type":"article","og_title":"BrooksRun Visible Jacket 2.0 homme -Veste de course - MioMioRun","og_description":"Il pleut et il y a peu de lumi\u00e8re ? Pas de probl\u00e8me, cette veste de pluie pour homme pour la course \u00e0 pied vous gardera au sec gr\u00e2ce \u00e0 sa protection coupe-vent et d\u00e9perlante.","og_url":"https:\/\/www.miomiorun.com\/fr\/produit\/run-visible-jacket-2-0-homme\/","og_site_name":"MioMioRun","article_publisher":"https:\/\/www.facebook.com\/miomiorun\/","article_modified_time":"2026-05-08T20:13:13+00:00","og_image":[{"width":600,"height":600,"url":"https:\/\/www.miomiorun.com\/app\/uploads\/2024\/10\/brooks-Run-Visible-jacket-2.0-ecru-fluoro-flash-211519167.webp","type":"image\/webp"}],"twitter_card":"summary_large_image","twitter_misc":{"Est. reading time":"1 minute"},"schema":{"@context":"https:\/\/schema.org","@graph":[{"@type":"WebPage","@id":"https:\/\/www.miomiorun.com\/fr\/produit\/run-visible-jacket-2-0-homme\/","url":"https:\/\/www.miomiorun.com\/fr\/produit\/run-visible-jacket-2-0-homme\/","name":"BrooksRun Visible Jacket 2.0 homme -Veste de course - MioMioRun","isPartOf":{"@id":"https:\/\/www.miomiorun.com\/fr\/#website"},"primaryImageOfPage":{"@id":"https:\/\/www.miomiorun.com\/fr\/produit\/run-visible-jacket-2-0-homme\/#primaryimage"},"image":{"@id":"https:\/\/www.miomiorun.com\/fr\/produit\/run-visible-jacket-2-0-homme\/#primaryimage"},"thumbnailUrl":"https:\/\/www.miomiorun.com\/app\/uploads\/2024\/10\/brooks-Run-Visible-jacket-2.0-ecru-fluoro-flash-211519167.webp","datePublished":"2024-10-03T11:49:42+00:00","dateModified":"2026-05-08T20:13:13+00:00","description":"Il pleut et il y a peu de lumi\u00e8re ? Pas de probl\u00e8me, cette veste de pluie pour homme pour la course \u00e0 pied vous gardera au sec gr\u00e2ce \u00e0 sa protection coupe-vent et d\u00e9perlante.","breadcrumb":{"@id":"https:\/\/www.miomiorun.com\/fr\/produit\/run-visible-jacket-2-0-homme\/#breadcrumb"},"inLanguage":"fr-FR","potentialAction":[{"@type":"ReadAction","target":["https:\/\/www.miomiorun.com\/fr\/produit\/run-visible-jacket-2-0-homme\/"]}]},{"@type":"ImageObject","inLanguage":"fr-FR","@id":"https:\/\/www.miomiorun.com\/fr\/produit\/run-visible-jacket-2-0-homme\/#primaryimage","url":"https:\/\/www.miomiorun.com\/app\/uploads\/2024\/10\/brooks-Run-Visible-jacket-2.0-ecru-fluoro-flash-211519167.webp","contentUrl":"https:\/\/www.miomiorun.com\/app\/uploads\/2024\/10\/brooks-Run-Visible-jacket-2.0-ecru-fluoro-flash-211519167.webp","width":600,"height":600,"caption":"brooks Run Visible jacket 2.0 ecru fluoro flash 211519167"},{"@type":"BreadcrumbList","@id":"https:\/\/www.miomiorun.com\/fr\/produit\/run-visible-jacket-2-0-homme\/#breadcrumb","itemListElement":[{"@type":"ListItem","position":1,"name":"Home","item":"https:\/\/www.miomiorun.com\/fr\/home-page\/"},{"@type":"ListItem","position":2,"name":"Shop","item":"https:\/\/www.miomiorun.com\/shop\/"},{"@type":"ListItem","position":3,"name":"Run Visible Jacket 2.0 homme"}]},{"@type":"WebSite","@id":"https:\/\/www.miomiorun.com\/fr\/#website","url":"https:\/\/www.miomiorun.com\/fr\/","name":"MioMioRun","description":"Boutique 100% running et trail","publisher":{"@id":"https:\/\/www.miomiorun.com\/fr\/#organization"},"potentialAction":[{"@type":"SearchAction","target":{"@type":"EntryPoint","urlTemplate":"https:\/\/www.miomiorun.com\/fr\/?s={search_term_string}"},"query-input":{"@type":"PropertyValueSpecification","valueRequired":true,"valueName":"search_term_string"}}],"inLanguage":"fr-FR"},{"@type":"Organization","@id":"https:\/\/www.miomiorun.com\/fr\/#organization","name":"MioMio Run","url":"https:\/\/www.miomiorun.com\/fr\/","logo":{"@type":"ImageObject","inLanguage":"fr-FR","@id":"https:\/\/www.miomiorun.com\/fr\/#\/schema\/logo\/image\/","url":"https:\/\/www.miomiorun.com\/app\/uploads\/2019\/12\/logomio.png","contentUrl":"https:\/\/www.miomiorun.com\/app\/uploads\/2019\/12\/logomio.png","width":115,"height":82,"caption":"MioMio Run"},"image":{"@id":"https:\/\/www.miomiorun.com\/fr\/#\/schema\/logo\/image\/"},"sameAs":["https:\/\/www.facebook.com\/miomiorun\/","https:\/\/www.instagram.com\/miomiorun\/"]}]}},"_links":{"self":[{"href":"https:\/\/www.miomiorun.com\/fr\/wp-json\/wp\/v2\/product\/294689","targetHints":{"allow":["GET"]}}],"collection":[{"href":"https:\/\/www.miomiorun.com\/fr\/wp-json\/wp\/v2\/product"}],"about":[{"href":"https:\/\/www.miomiorun.com\/fr\/wp-json\/wp\/v2\/types\/product"}],"wp:featuredmedia":[{"embeddable":true,"href":"https:\/\/www.miomiorun.com\/fr\/wp-json\/wp\/v2\/media\/249322"}],"wp:attachment":[{"href":"https:\/\/www.miomiorun.com\/fr\/wp-json\/wp\/v2\/media?parent=294689"}],"wp:term":[{"taxonomy":"product_brand","embeddable":true,"href":"https:\/\/www.miomiorun.com\/fr\/wp-json\/wp\/v2\/product_brand?post=294689"},{"taxonomy":"product_cat","embeddable":true,"href":"https:\/\/www.miomiorun.com\/fr\/wp-json\/wp\/v2\/product_cat?post=294689"},{"taxonomy":"product_tag","embeddable":true,"href":"https:\/\/www.miomiorun.com\/fr\/wp-json\/wp\/v2\/product_tag?post=294689"}],"curies":[{"name":"wp","href":"https:\/\/api.w.org\/{rel}","templated":true}]}}