{"id":294686,"date":"2024-10-03T14:15:15","date_gmt":"2024-10-03T12:15:15","guid":{"rendered":"https:\/\/miomiorun.com\/prodotto\/run-visible-short-sleeve-2-0-donna\/"},"modified":"2025-05-28T10:36:40","modified_gmt":"2025-05-28T08:36:40","slug":"run-visible-short-sleeve-2-0-femme","status":"publish","type":"product","link":"https:\/\/www.miomiorun.com\/fr\/produit\/run-visible-short-sleeve-2-0-femme\/","title":{"rendered":"Run Visible Short Sleeve 2.0 femme"},"content":{"rendered":"<h2>Parfait pour les courses d&#8217;\u00e9t\u00e9 entre le lever et le coucher du soleil, ce maillot de course pour femmes est id\u00e9al pour affronter la chaleur.<\/h2>\n<p>Le design haute visibilit\u00e9 et le tissu GO\u2082\u1d40\u1d39 l\u00e9ger et respirant vous rendent reconnaissable partout, assurant fra\u00eecheur et confort.<\/p>\n<h3>Forme<\/h3>\n<ul>\n<li>Semi-adh\u00e9rent.<\/li>\n<\/ul>\n<h3>Durabilit\u00e9<\/h3>\n<ul>\n<li>5 bouteilles en plastique qui ne finiront pas \u00e0 la d\u00e9charge.<\/li>\n<\/ul>\n<h3>Id\u00e9al pour :<\/h3>\n<p>&nbsp;<\/p>\n<div class=\"m-long-description__best-for-icon\" aria-hidden=\"true\"><img loading=\"lazy\" decoding=\"async\" class=\"a-responsive-image__img\" src=\"https:\/\/www.brooksrunning.com\/on\/demandware.static\/-\/Sites-brooks-master-catalog\/default\/dw568ee9ad\/specs\/PDP-BestFor-FTW-APP-Visible-In-The-Dark.svg\" alt=\"\" width=\"50\" height=\"50\" \/><\/div>\n<div aria-hidden=\"true\">Visibilit\u00e9<\/div>\n<div aria-hidden=\"true\"><\/div>\n<div aria-hidden=\"true\"><\/div>\n<div class=\"m-long-description__best-for-icon\" aria-hidden=\"true\"><img loading=\"lazy\" decoding=\"async\" class=\"a-responsive-image__img\" src=\"https:\/\/www.brooksrunning.com\/on\/demandware.static\/-\/Sites-brooks-master-catalog\/default\/dw4fc42e57\/specs\/PDP-BestFor-FTW-APP-BRA-Breathability.svg\" alt=\"\" width=\"49\" height=\"49\" \/><\/div>\n<div aria-hidden=\"true\">Respirabilit\u00e9<\/div>\n<div aria-hidden=\"true\"><\/div>\n<div aria-hidden=\"true\"><\/div>\n<div class=\"m-long-description__best-for-icon\" aria-hidden=\"true\"><img loading=\"lazy\" decoding=\"async\" class=\"a-responsive-image__img\" src=\"https:\/\/www.brooksrunning.com\/on\/demandware.static\/-\/Sites-brooks-master-catalog\/default\/dw167200db\/specs\/PDP-BestFor-APP-Light-Weight-Comfortable.svg\" alt=\"\" width=\"51\" height=\"51\" \/><\/div>\n<div aria-hidden=\"true\">L\u00e9g\u00e8ret\u00e9<\/div>\n<div aria-hidden=\"true\"><\/div>\n<div aria-hidden=\"true\"><\/div>\n<div aria-hidden=\"true\">\n<div class=\"m-long-description__best-for-icon\" aria-hidden=\"true\"><img loading=\"lazy\" decoding=\"async\" class=\"a-responsive-image__img\" src=\"https:\/\/www.brooksrunning.com\/on\/demandware.static\/-\/Sites-brooks-master-catalog\/default\/dw27028037\/specs\/PDP-BestFor-APP-Run-ready_fit.svg\" alt=\"\" width=\"50\" height=\"50\" \/><\/div>\n<div aria-hidden=\"true\">Coupe sp\u00e9cifique \u00e0 la course \u00e0 pied<\/div>\n<\/div>\n<div aria-hidden=\"true\"><\/div>\n<div aria-hidden=\"true\"><\/div>\n<h3 aria-hidden=\"true\">Caract\u00e9ristiques :<\/h3>\n<ul>\n<li class=\"m-long-description__feature\">Visible dans l&#8217;obscurit\u00e9.<\/li>\n<li class=\"m-long-description__feature\">\n<div class=\"m-long-description__feature--bullets\" aria-hidden=\"true\">L\u00e9g\u00e8ret\u00e9 et respirabilit\u00e9.<\/div>\n<\/li>\n<li class=\"m-long-description__feature\">\n<div class=\"m-long-description__feature--bullets\" aria-hidden=\"true\">Coupe sp\u00e9cifique \u00e0 la course \u00e0 pied.<\/div>\n<\/li>\n<\/ul>\n<h2 class=\"a-type-h2\">Fra\u00eecheur et visibilit\u00e9 dans l&#8217;obscurit\u00e9<\/h2>\n<p>&nbsp;<\/p>\n<p>VISIBILIT\u00c9 \u00c0 360 DEGR\u00c9S<\/p>\n<h3>Visible dans l&#8217;obscurit\u00e9<\/h3>\n<p>La fluorescence, le contraste \u00e9lev\u00e9 et la r\u00e9fraction dans les zones de mouvement cl\u00e9s aident les coureurs \u00e0 rester visibles dans l&#8217;obscurit\u00e9.<\/p>\n<p>&nbsp;<\/p>\n<p>COURSE INTENSE ? PAS DE TRANSPIRATION<\/p>\n<h3>L\u00e9g\u00e8ret\u00e9 et respirabilit\u00e9<\/h3>\n<p>Le tissu GO2 est l\u00e9ger, respirant et accompagne chacun de vos mouvements dans un confort total. De plus, la partie dorsale est fabriqu\u00e9e dans un tissu encore plus l\u00e9ger.<\/p>\n<p>&nbsp;<\/p>\n<p>BOUGEZ EN TOUTE LIBERT\u00c9<\/p>\n<h3>Une coupe id\u00e9ale pour la course \u00e0 pied<\/h3>\n<p>Une coupe sans distraction qui s&#8217;adapte \u00e0 votre corps pendant que vous courez.<\/p>\n<p>&nbsp;<\/p>\n","protected":false},"excerpt":{"rendered":"<ul class=\"m-long-description__features\">\n<li class=\"m-long-description__feature\">Id\u00e9al pour \u00eatre vu dans l&#8217;obscurit\u00e9.<\/li>\n<li class=\"m-long-description__feature\">Coupe id\u00e9ale pour la course \u00e0 pied.<\/li>\n<\/ul>\n","protected":false},"featured_media":249370,"template":"","meta":{"_acf_changed":false,"inline_featured_image":false},"product_brand":[],"product_cat":[22604,22596,22595],"product_tag":[23462,23656],"class_list":{"0":"post-294686","1":"product","2":"type-product","3":"status-publish","4":"has-post-thumbnail","6":"product_cat-t-shirt","7":"product_cat-vetements-pour-femmes","8":"product_cat-femme","9":"product_tag-brooks-fr","10":"product_tag-brooks-femme","11":"pa_attivita-marcher","12":"pa_attivita-running-fr","13":"pa_colore-run-visible-short-sleeve-2-0-w-ecru-fluo-fr","14":"pa_marca-brooks-fr","15":"pa_sesso-femme","16":"pa_size-extra-small-fr","17":"pa_size-small-fr","18":"pa_size-medium-fr","20":"first","21":"instock","22":"sale","23":"taxable","24":"shipping-taxable","25":"purchasable","26":"product-type-variable","27":"wvs-archive-product-wrapper"},"acf":[],"yoast_head":"<!-- This site is optimized with the Yoast SEO plugin v26.8 - https:\/\/yoast.com\/product\/yoast-seo-wordpress\/ -->\n<title>Brooks Run Visible Short Sleeve 2.0 femme - T-shirt de course- MioMioRun<\/title>\n<meta name=\"description\" content=\"Parfait pour les courses d&#039;\u00e9t\u00e9 entre le lever et le coucher du soleil, ce maillot de course \u00e0 pied pour femmes est id\u00e9al pour faire face \u00e0 la chaleur. Avec un tissu l\u00e9ger et respirant.\" \/>\n<meta name=\"robots\" content=\"index, follow, max-snippet:-1, max-image-preview:large, max-video-preview:-1\" \/>\n<link rel=\"canonical\" href=\"https:\/\/www.miomiorun.com\/fr\/produit\/run-visible-short-sleeve-2-0-femme\/\" \/>\n<meta property=\"og:locale\" content=\"fr_FR\" \/>\n<meta property=\"og:type\" content=\"article\" \/>\n<meta property=\"og:title\" content=\"Brooks Run Visible Short Sleeve 2.0 femme - T-shirt de course- MioMioRun\" \/>\n<meta property=\"og:description\" content=\"Parfait pour les courses d&#039;\u00e9t\u00e9 entre le lever et le coucher du soleil, ce maillot de course \u00e0 pied pour femmes est id\u00e9al pour faire face \u00e0 la chaleur. Avec un tissu l\u00e9ger et respirant.\" \/>\n<meta property=\"og:url\" content=\"https:\/\/www.miomiorun.com\/fr\/produit\/run-visible-short-sleeve-2-0-femme\/\" \/>\n<meta property=\"og:site_name\" content=\"MioMioRun\" \/>\n<meta property=\"article:publisher\" content=\"https:\/\/www.facebook.com\/miomiorun\/\" \/>\n<meta property=\"article:modified_time\" content=\"2025-05-28T08:36:40+00:00\" \/>\n<meta property=\"og:image\" content=\"https:\/\/www.miomiorun.com\/app\/uploads\/2024\/10\/brooks-Run-Visible-short-sleeve-2.0-W-ecru-fluo-221690167.webp\" \/>\n\t<meta property=\"og:image:width\" content=\"600\" \/>\n\t<meta property=\"og:image:height\" content=\"600\" \/>\n\t<meta property=\"og:image:type\" content=\"image\/webp\" \/>\n<meta name=\"twitter:card\" content=\"summary_large_image\" \/>\n<meta name=\"twitter:label1\" content=\"Est. reading time\" \/>\n\t<meta name=\"twitter:data1\" content=\"1 minute\" \/>\n<script type=\"application\/ld+json\" class=\"yoast-schema-graph\">{\"@context\":\"https:\/\/schema.org\",\"@graph\":[{\"@type\":\"WebPage\",\"@id\":\"https:\/\/www.miomiorun.com\/fr\/produit\/run-visible-short-sleeve-2-0-femme\/\",\"url\":\"https:\/\/www.miomiorun.com\/fr\/produit\/run-visible-short-sleeve-2-0-femme\/\",\"name\":\"Brooks Run Visible Short Sleeve 2.0 femme - T-shirt de course- MioMioRun\",\"isPartOf\":{\"@id\":\"https:\/\/www.miomiorun.com\/fr\/#website\"},\"primaryImageOfPage\":{\"@id\":\"https:\/\/www.miomiorun.com\/fr\/produit\/run-visible-short-sleeve-2-0-femme\/#primaryimage\"},\"image\":{\"@id\":\"https:\/\/www.miomiorun.com\/fr\/produit\/run-visible-short-sleeve-2-0-femme\/#primaryimage\"},\"thumbnailUrl\":\"https:\/\/www.miomiorun.com\/app\/uploads\/2024\/10\/brooks-Run-Visible-short-sleeve-2.0-W-ecru-fluo-221690167.webp\",\"datePublished\":\"2024-10-03T12:15:15+00:00\",\"dateModified\":\"2025-05-28T08:36:40+00:00\",\"description\":\"Parfait pour les courses d'\u00e9t\u00e9 entre le lever et le coucher du soleil, ce maillot de course \u00e0 pied pour femmes est id\u00e9al pour faire face \u00e0 la chaleur. Avec un tissu l\u00e9ger et respirant.\",\"breadcrumb\":{\"@id\":\"https:\/\/www.miomiorun.com\/fr\/produit\/run-visible-short-sleeve-2-0-femme\/#breadcrumb\"},\"inLanguage\":\"fr-FR\",\"potentialAction\":[{\"@type\":\"ReadAction\",\"target\":[\"https:\/\/www.miomiorun.com\/fr\/produit\/run-visible-short-sleeve-2-0-femme\/\"]}]},{\"@type\":\"ImageObject\",\"inLanguage\":\"fr-FR\",\"@id\":\"https:\/\/www.miomiorun.com\/fr\/produit\/run-visible-short-sleeve-2-0-femme\/#primaryimage\",\"url\":\"https:\/\/www.miomiorun.com\/app\/uploads\/2024\/10\/brooks-Run-Visible-short-sleeve-2.0-W-ecru-fluo-221690167.webp\",\"contentUrl\":\"https:\/\/www.miomiorun.com\/app\/uploads\/2024\/10\/brooks-Run-Visible-short-sleeve-2.0-W-ecru-fluo-221690167.webp\",\"width\":600,\"height\":600,\"caption\":\"brooks Run Visible short sleeve 2.0 W ecru fluo 221690167\"},{\"@type\":\"BreadcrumbList\",\"@id\":\"https:\/\/www.miomiorun.com\/fr\/produit\/run-visible-short-sleeve-2-0-femme\/#breadcrumb\",\"itemListElement\":[{\"@type\":\"ListItem\",\"position\":1,\"name\":\"Home\",\"item\":\"https:\/\/www.miomiorun.com\/fr\/home-page\/\"},{\"@type\":\"ListItem\",\"position\":2,\"name\":\"Shop\",\"item\":\"https:\/\/www.miomiorun.com\/shop\/\"},{\"@type\":\"ListItem\",\"position\":3,\"name\":\"Run Visible Short Sleeve 2.0 femme\"}]},{\"@type\":\"WebSite\",\"@id\":\"https:\/\/www.miomiorun.com\/fr\/#website\",\"url\":\"https:\/\/www.miomiorun.com\/fr\/\",\"name\":\"MioMioRun\",\"description\":\"Boutique 100% running et trail\",\"publisher\":{\"@id\":\"https:\/\/www.miomiorun.com\/fr\/#organization\"},\"potentialAction\":[{\"@type\":\"SearchAction\",\"target\":{\"@type\":\"EntryPoint\",\"urlTemplate\":\"https:\/\/www.miomiorun.com\/fr\/?s={search_term_string}\"},\"query-input\":{\"@type\":\"PropertyValueSpecification\",\"valueRequired\":true,\"valueName\":\"search_term_string\"}}],\"inLanguage\":\"fr-FR\"},{\"@type\":\"Organization\",\"@id\":\"https:\/\/www.miomiorun.com\/fr\/#organization\",\"name\":\"MioMio Run\",\"url\":\"https:\/\/www.miomiorun.com\/fr\/\",\"logo\":{\"@type\":\"ImageObject\",\"inLanguage\":\"fr-FR\",\"@id\":\"https:\/\/www.miomiorun.com\/fr\/#\/schema\/logo\/image\/\",\"url\":\"https:\/\/www.miomiorun.com\/app\/uploads\/2019\/12\/logomio.png\",\"contentUrl\":\"https:\/\/www.miomiorun.com\/app\/uploads\/2019\/12\/logomio.png\",\"width\":115,\"height\":82,\"caption\":\"MioMio Run\"},\"image\":{\"@id\":\"https:\/\/www.miomiorun.com\/fr\/#\/schema\/logo\/image\/\"},\"sameAs\":[\"https:\/\/www.facebook.com\/miomiorun\/\",\"https:\/\/www.instagram.com\/miomiorun\/\"]}]}<\/script>\n<!-- \/ Yoast SEO plugin. -->","yoast_head_json":{"title":"Brooks Run Visible Short Sleeve 2.0 femme - T-shirt de course- MioMioRun","description":"Parfait pour les courses d'\u00e9t\u00e9 entre le lever et le coucher du soleil, ce maillot de course \u00e0 pied pour femmes est id\u00e9al pour faire face \u00e0 la chaleur. Avec un tissu l\u00e9ger et respirant.","robots":{"index":"index","follow":"follow","max-snippet":"max-snippet:-1","max-image-preview":"max-image-preview:large","max-video-preview":"max-video-preview:-1"},"canonical":"https:\/\/www.miomiorun.com\/fr\/produit\/run-visible-short-sleeve-2-0-femme\/","og_locale":"fr_FR","og_type":"article","og_title":"Brooks Run Visible Short Sleeve 2.0 femme - T-shirt de course- MioMioRun","og_description":"Parfait pour les courses d'\u00e9t\u00e9 entre le lever et le coucher du soleil, ce maillot de course \u00e0 pied pour femmes est id\u00e9al pour faire face \u00e0 la chaleur. Avec un tissu l\u00e9ger et respirant.","og_url":"https:\/\/www.miomiorun.com\/fr\/produit\/run-visible-short-sleeve-2-0-femme\/","og_site_name":"MioMioRun","article_publisher":"https:\/\/www.facebook.com\/miomiorun\/","article_modified_time":"2025-05-28T08:36:40+00:00","og_image":[{"width":600,"height":600,"url":"https:\/\/www.miomiorun.com\/app\/uploads\/2024\/10\/brooks-Run-Visible-short-sleeve-2.0-W-ecru-fluo-221690167.webp","type":"image\/webp"}],"twitter_card":"summary_large_image","twitter_misc":{"Est. reading time":"1 minute"},"schema":{"@context":"https:\/\/schema.org","@graph":[{"@type":"WebPage","@id":"https:\/\/www.miomiorun.com\/fr\/produit\/run-visible-short-sleeve-2-0-femme\/","url":"https:\/\/www.miomiorun.com\/fr\/produit\/run-visible-short-sleeve-2-0-femme\/","name":"Brooks Run Visible Short Sleeve 2.0 femme - T-shirt de course- MioMioRun","isPartOf":{"@id":"https:\/\/www.miomiorun.com\/fr\/#website"},"primaryImageOfPage":{"@id":"https:\/\/www.miomiorun.com\/fr\/produit\/run-visible-short-sleeve-2-0-femme\/#primaryimage"},"image":{"@id":"https:\/\/www.miomiorun.com\/fr\/produit\/run-visible-short-sleeve-2-0-femme\/#primaryimage"},"thumbnailUrl":"https:\/\/www.miomiorun.com\/app\/uploads\/2024\/10\/brooks-Run-Visible-short-sleeve-2.0-W-ecru-fluo-221690167.webp","datePublished":"2024-10-03T12:15:15+00:00","dateModified":"2025-05-28T08:36:40+00:00","description":"Parfait pour les courses d'\u00e9t\u00e9 entre le lever et le coucher du soleil, ce maillot de course \u00e0 pied pour femmes est id\u00e9al pour faire face \u00e0 la chaleur. Avec un tissu l\u00e9ger et respirant.","breadcrumb":{"@id":"https:\/\/www.miomiorun.com\/fr\/produit\/run-visible-short-sleeve-2-0-femme\/#breadcrumb"},"inLanguage":"fr-FR","potentialAction":[{"@type":"ReadAction","target":["https:\/\/www.miomiorun.com\/fr\/produit\/run-visible-short-sleeve-2-0-femme\/"]}]},{"@type":"ImageObject","inLanguage":"fr-FR","@id":"https:\/\/www.miomiorun.com\/fr\/produit\/run-visible-short-sleeve-2-0-femme\/#primaryimage","url":"https:\/\/www.miomiorun.com\/app\/uploads\/2024\/10\/brooks-Run-Visible-short-sleeve-2.0-W-ecru-fluo-221690167.webp","contentUrl":"https:\/\/www.miomiorun.com\/app\/uploads\/2024\/10\/brooks-Run-Visible-short-sleeve-2.0-W-ecru-fluo-221690167.webp","width":600,"height":600,"caption":"brooks Run Visible short sleeve 2.0 W ecru fluo 221690167"},{"@type":"BreadcrumbList","@id":"https:\/\/www.miomiorun.com\/fr\/produit\/run-visible-short-sleeve-2-0-femme\/#breadcrumb","itemListElement":[{"@type":"ListItem","position":1,"name":"Home","item":"https:\/\/www.miomiorun.com\/fr\/home-page\/"},{"@type":"ListItem","position":2,"name":"Shop","item":"https:\/\/www.miomiorun.com\/shop\/"},{"@type":"ListItem","position":3,"name":"Run Visible Short Sleeve 2.0 femme"}]},{"@type":"WebSite","@id":"https:\/\/www.miomiorun.com\/fr\/#website","url":"https:\/\/www.miomiorun.com\/fr\/","name":"MioMioRun","description":"Boutique 100% running et trail","publisher":{"@id":"https:\/\/www.miomiorun.com\/fr\/#organization"},"potentialAction":[{"@type":"SearchAction","target":{"@type":"EntryPoint","urlTemplate":"https:\/\/www.miomiorun.com\/fr\/?s={search_term_string}"},"query-input":{"@type":"PropertyValueSpecification","valueRequired":true,"valueName":"search_term_string"}}],"inLanguage":"fr-FR"},{"@type":"Organization","@id":"https:\/\/www.miomiorun.com\/fr\/#organization","name":"MioMio Run","url":"https:\/\/www.miomiorun.com\/fr\/","logo":{"@type":"ImageObject","inLanguage":"fr-FR","@id":"https:\/\/www.miomiorun.com\/fr\/#\/schema\/logo\/image\/","url":"https:\/\/www.miomiorun.com\/app\/uploads\/2019\/12\/logomio.png","contentUrl":"https:\/\/www.miomiorun.com\/app\/uploads\/2019\/12\/logomio.png","width":115,"height":82,"caption":"MioMio Run"},"image":{"@id":"https:\/\/www.miomiorun.com\/fr\/#\/schema\/logo\/image\/"},"sameAs":["https:\/\/www.facebook.com\/miomiorun\/","https:\/\/www.instagram.com\/miomiorun\/"]}]}},"_links":{"self":[{"href":"https:\/\/www.miomiorun.com\/fr\/wp-json\/wp\/v2\/product\/294686","targetHints":{"allow":["GET"]}}],"collection":[{"href":"https:\/\/www.miomiorun.com\/fr\/wp-json\/wp\/v2\/product"}],"about":[{"href":"https:\/\/www.miomiorun.com\/fr\/wp-json\/wp\/v2\/types\/product"}],"wp:featuredmedia":[{"embeddable":true,"href":"https:\/\/www.miomiorun.com\/fr\/wp-json\/wp\/v2\/media\/249370"}],"wp:attachment":[{"href":"https:\/\/www.miomiorun.com\/fr\/wp-json\/wp\/v2\/media?parent=294686"}],"wp:term":[{"taxonomy":"product_brand","embeddable":true,"href":"https:\/\/www.miomiorun.com\/fr\/wp-json\/wp\/v2\/product_brand?post=294686"},{"taxonomy":"product_cat","embeddable":true,"href":"https:\/\/www.miomiorun.com\/fr\/wp-json\/wp\/v2\/product_cat?post=294686"},{"taxonomy":"product_tag","embeddable":true,"href":"https:\/\/www.miomiorun.com\/fr\/wp-json\/wp\/v2\/product_tag?post=294686"}],"curies":[{"name":"wp","href":"https:\/\/api.w.org\/{rel}","templated":true}]}}