{"id":294677,"date":"2025-04-11T10:42:45","date_gmt":"2025-04-11T08:42:45","guid":{"rendered":"https:\/\/miomiorun.com\/?post_type=product&#038;p=294677"},"modified":"2025-12-03T10:43:35","modified_gmt":"2025-12-03T09:43:35","slug":"color-block-lilas-manches-longues-femme","status":"publish","type":"product","link":"https:\/\/www.miomiorun.com\/fr\/produit\/color-block-lilas-manches-longues-femme\/","title":{"rendered":"Color Block Lilas Manches Longues Femme"},"content":{"rendered":"<p class=\"\" data-start=\"83\" data-end=\"453\">\u00c9nergie, libert\u00e9, personnalit\u00e9 : ce maillot technique \u00e0 manches longues incarne tout ce qui rend votre course unique. Les blocs de couleur lilas, rose, violet et marron se fondent dans un design audacieux et dynamique, accompagn\u00e9s de l&#8217;inscription \u00ab The Wild Side \u00bb sur la manche gauche, une invitation \u00e0 renouer avec votre nature la plus authentique.<\/p>\n<p class=\"\" data-start=\"455\" data-end=\"737\">Fabriqu\u00e9 dans un tissu <strong data-start=\"477\" data-end=\"514\">Gotex ultra-doux et respirant<\/strong>, ce maillot offre une sensation soyeuse sur la peau et des performances fiables \u00e0 chaque sortie. Que vous vous lanciez dans une s\u00e9ance de r\u00e9p\u00e9titions ou que vous profitiez d&#8217;un trail en for\u00eat, il vous garantit confort et libert\u00e9 de mouvement.<\/p>\n<p class=\"\" data-start=\"739\" data-end=\"770\"><strong data-start=\"739\" data-end=\"769\">Caract\u00e9ristiques principales<\/strong> :<\/p>\n<ul data-start=\"771\" data-end=\"1048\">\n<li class=\"\" data-start=\"771\" data-end=\"849\">\n<p class=\"\" data-start=\"773\" data-end=\"849\">Maillot technique \u00e0 manches longues avec motif multicolore \u00e0 blocs et rayures<\/p>\n<\/li>\n<li class=\"\" data-start=\"850\" data-end=\"895\">\n<p class=\"\" data-start=\"852\" data-end=\"895\">Tissu Gotex l\u00e9ger et doux comme de la soie<\/p>\n<\/li>\n<li class=\"\" data-start=\"896\" data-end=\"973\">\n<p class=\"\" data-start=\"898\" data-end=\"973\">Respirant, s\u00e9chage rapide, id\u00e9al pour les activit\u00e9s de plein air et la course \u00e0 pied<\/p>\n<\/li>\n<li class=\"\" data-start=\"974\" data-end=\"1025\">\n<p class=\"\" data-start=\"976\" data-end=\"1025\">D\u00e9tail \u00ab The Wild Side \u00bb imprim\u00e9 sur la manche<\/p>\n<\/li>\n<li class=\"\" data-start=\"1026\" data-end=\"1048\">\n<p class=\"\" data-start=\"1028\" data-end=\"1048\"><strong data-start=\"1028\" data-end=\"1037\">Poids :<\/strong> seulement 115 g<\/p>\n<\/li>\n<\/ul>\n","protected":false},"excerpt":{"rendered":"<ul>\n<li class=\"\" data-start=\"850\" data-end=\"895\">\n<p class=\"\" data-start=\"852\" data-end=\"895\">Tissu Gotex l\u00e9ger et doux comme de la soie<\/p>\n<\/li>\n<li class=\"\" data-start=\"896\" data-end=\"973\">\n<p class=\"\" data-start=\"898\" data-end=\"973\">Respirant, s\u00e9chage rapide, id\u00e9al pour les activit\u00e9s de plein air et la course \u00e0 pied<\/p>\n<\/li>\n<\/ul>\n","protected":false},"featured_media":308626,"template":"","meta":{"_acf_changed":false,"inline_featured_image":false},"product_brand":[],"product_cat":[22601,22596],"product_tag":[23528,23568],"class_list":{"0":"post-294677","1":"product","2":"type-product","3":"status-publish","4":"has-post-thumbnail","6":"product_cat-maillots","7":"product_cat-vetements-pour-femmes","8":"product_tag-wild-tee-fr","9":"product_tag-wild-tee-femme","10":"pa_attivita-marcher","11":"pa_attivita-running-fr","12":"pa_attivita-trail-fr","13":"pa_marca-wild-tee-fr","14":"pa_sesso-femme","15":"pa_size-extra-small-fr","16":"pa_size-small-fr","17":"pa_size-medium-fr","19":"first","20":"instock","21":"sale","22":"taxable","23":"shipping-taxable","24":"purchasable","25":"product-type-variable","26":"wvs-archive-product-wrapper"},"acf":[],"yoast_head":"<!-- This site is optimized with the Yoast SEO plugin v26.8 - https:\/\/yoast.com\/product\/yoast-seo-wordpress\/ -->\n<title>Wild Tee Color Block Lilas Manches Longues Femme -Maillot de course \u00e0 pied- MioMioRun<\/title>\n<meta name=\"description\" content=\"Maillot technique de course \u00e0 manches longues en tissu Gotex ultra-doux. Design multicolore et imprim\u00e9. L\u00e9ger, respirant, id\u00e9al pour la piste et le trail.\" \/>\n<meta name=\"robots\" content=\"index, follow, max-snippet:-1, max-image-preview:large, max-video-preview:-1\" \/>\n<link rel=\"canonical\" href=\"https:\/\/www.miomiorun.com\/fr\/produit\/color-block-lilas-manches-longues-femme\/\" \/>\n<meta property=\"og:locale\" content=\"fr_FR\" \/>\n<meta property=\"og:type\" content=\"article\" \/>\n<meta property=\"og:title\" content=\"Wild Tee Color Block Lilas Manches Longues Femme -Maillot de course \u00e0 pied- MioMioRun\" \/>\n<meta property=\"og:description\" content=\"Maillot technique de course \u00e0 manches longues en tissu Gotex ultra-doux. Design multicolore et imprim\u00e9. L\u00e9ger, respirant, id\u00e9al pour la piste et le trail.\" \/>\n<meta property=\"og:url\" content=\"https:\/\/www.miomiorun.com\/fr\/produit\/color-block-lilas-manches-longues-femme\/\" \/>\n<meta property=\"og:site_name\" content=\"MioMioRun\" \/>\n<meta property=\"article:publisher\" content=\"https:\/\/www.facebook.com\/miomiorun\/\" \/>\n<meta property=\"article:modified_time\" content=\"2025-12-03T09:43:35+00:00\" \/>\n<meta property=\"og:image\" content=\"https:\/\/www.miomiorun.com\/app\/uploads\/2025\/04\/wild-tee-Longsleeve-W-color-black-lillac-WT007WT142.webp\" \/>\n\t<meta property=\"og:image:width\" content=\"600\" \/>\n\t<meta property=\"og:image:height\" content=\"600\" \/>\n\t<meta property=\"og:image:type\" content=\"image\/webp\" \/>\n<meta name=\"twitter:card\" content=\"summary_large_image\" \/>\n<meta name=\"twitter:label1\" content=\"Est. reading time\" \/>\n\t<meta name=\"twitter:data1\" content=\"1 minute\" \/>\n<script type=\"application\/ld+json\" class=\"yoast-schema-graph\">{\"@context\":\"https:\/\/schema.org\",\"@graph\":[{\"@type\":\"WebPage\",\"@id\":\"https:\/\/www.miomiorun.com\/fr\/produit\/color-block-lilas-manches-longues-femme\/\",\"url\":\"https:\/\/www.miomiorun.com\/fr\/produit\/color-block-lilas-manches-longues-femme\/\",\"name\":\"Wild Tee Color Block Lilas Manches Longues Femme -Maillot de course \u00e0 pied- MioMioRun\",\"isPartOf\":{\"@id\":\"https:\/\/www.miomiorun.com\/fr\/#website\"},\"primaryImageOfPage\":{\"@id\":\"https:\/\/www.miomiorun.com\/fr\/produit\/color-block-lilas-manches-longues-femme\/#primaryimage\"},\"image\":{\"@id\":\"https:\/\/www.miomiorun.com\/fr\/produit\/color-block-lilas-manches-longues-femme\/#primaryimage\"},\"thumbnailUrl\":\"https:\/\/www.miomiorun.com\/app\/uploads\/2025\/04\/wild-tee-Longsleeve-W-color-black-lillac-WT007WT142.webp\",\"datePublished\":\"2025-04-11T08:42:45+00:00\",\"dateModified\":\"2025-12-03T09:43:35+00:00\",\"description\":\"Maillot technique de course \u00e0 manches longues en tissu Gotex ultra-doux. Design multicolore et imprim\u00e9. L\u00e9ger, respirant, id\u00e9al pour la piste et le trail.\",\"breadcrumb\":{\"@id\":\"https:\/\/www.miomiorun.com\/fr\/produit\/color-block-lilas-manches-longues-femme\/#breadcrumb\"},\"inLanguage\":\"fr-FR\",\"potentialAction\":[{\"@type\":\"ReadAction\",\"target\":[\"https:\/\/www.miomiorun.com\/fr\/produit\/color-block-lilas-manches-longues-femme\/\"]}]},{\"@type\":\"ImageObject\",\"inLanguage\":\"fr-FR\",\"@id\":\"https:\/\/www.miomiorun.com\/fr\/produit\/color-block-lilas-manches-longues-femme\/#primaryimage\",\"url\":\"https:\/\/www.miomiorun.com\/app\/uploads\/2025\/04\/wild-tee-Longsleeve-W-color-black-lillac-WT007WT142.webp\",\"contentUrl\":\"https:\/\/www.miomiorun.com\/app\/uploads\/2025\/04\/wild-tee-Longsleeve-W-color-black-lillac-WT007WT142.webp\",\"width\":600,\"height\":600,\"caption\":\"wild tee Longsleeve W color black lillac WT007WT142\"},{\"@type\":\"BreadcrumbList\",\"@id\":\"https:\/\/www.miomiorun.com\/fr\/produit\/color-block-lilas-manches-longues-femme\/#breadcrumb\",\"itemListElement\":[{\"@type\":\"ListItem\",\"position\":1,\"name\":\"Home\",\"item\":\"https:\/\/www.miomiorun.com\/fr\/home-page\/\"},{\"@type\":\"ListItem\",\"position\":2,\"name\":\"Shop\",\"item\":\"https:\/\/www.miomiorun.com\/shop\/\"},{\"@type\":\"ListItem\",\"position\":3,\"name\":\"Color Block Lilas Manches Longues Femme\"}]},{\"@type\":\"WebSite\",\"@id\":\"https:\/\/www.miomiorun.com\/fr\/#website\",\"url\":\"https:\/\/www.miomiorun.com\/fr\/\",\"name\":\"MioMioRun\",\"description\":\"Boutique 100% running et trail\",\"publisher\":{\"@id\":\"https:\/\/www.miomiorun.com\/fr\/#organization\"},\"potentialAction\":[{\"@type\":\"SearchAction\",\"target\":{\"@type\":\"EntryPoint\",\"urlTemplate\":\"https:\/\/www.miomiorun.com\/fr\/?s={search_term_string}\"},\"query-input\":{\"@type\":\"PropertyValueSpecification\",\"valueRequired\":true,\"valueName\":\"search_term_string\"}}],\"inLanguage\":\"fr-FR\"},{\"@type\":\"Organization\",\"@id\":\"https:\/\/www.miomiorun.com\/fr\/#organization\",\"name\":\"MioMio Run\",\"url\":\"https:\/\/www.miomiorun.com\/fr\/\",\"logo\":{\"@type\":\"ImageObject\",\"inLanguage\":\"fr-FR\",\"@id\":\"https:\/\/www.miomiorun.com\/fr\/#\/schema\/logo\/image\/\",\"url\":\"https:\/\/www.miomiorun.com\/app\/uploads\/2019\/12\/logomio.png\",\"contentUrl\":\"https:\/\/www.miomiorun.com\/app\/uploads\/2019\/12\/logomio.png\",\"width\":115,\"height\":82,\"caption\":\"MioMio Run\"},\"image\":{\"@id\":\"https:\/\/www.miomiorun.com\/fr\/#\/schema\/logo\/image\/\"},\"sameAs\":[\"https:\/\/www.facebook.com\/miomiorun\/\",\"https:\/\/www.instagram.com\/miomiorun\/\"]}]}<\/script>\n<!-- \/ Yoast SEO plugin. -->","yoast_head_json":{"title":"Wild Tee Color Block Lilas Manches Longues Femme -Maillot de course \u00e0 pied- MioMioRun","description":"Maillot technique de course \u00e0 manches longues en tissu Gotex ultra-doux. Design multicolore et imprim\u00e9. L\u00e9ger, respirant, id\u00e9al pour la piste et le trail.","robots":{"index":"index","follow":"follow","max-snippet":"max-snippet:-1","max-image-preview":"max-image-preview:large","max-video-preview":"max-video-preview:-1"},"canonical":"https:\/\/www.miomiorun.com\/fr\/produit\/color-block-lilas-manches-longues-femme\/","og_locale":"fr_FR","og_type":"article","og_title":"Wild Tee Color Block Lilas Manches Longues Femme -Maillot de course \u00e0 pied- MioMioRun","og_description":"Maillot technique de course \u00e0 manches longues en tissu Gotex ultra-doux. Design multicolore et imprim\u00e9. L\u00e9ger, respirant, id\u00e9al pour la piste et le trail.","og_url":"https:\/\/www.miomiorun.com\/fr\/produit\/color-block-lilas-manches-longues-femme\/","og_site_name":"MioMioRun","article_publisher":"https:\/\/www.facebook.com\/miomiorun\/","article_modified_time":"2025-12-03T09:43:35+00:00","og_image":[{"width":600,"height":600,"url":"https:\/\/www.miomiorun.com\/app\/uploads\/2025\/04\/wild-tee-Longsleeve-W-color-black-lillac-WT007WT142.webp","type":"image\/webp"}],"twitter_card":"summary_large_image","twitter_misc":{"Est. reading time":"1 minute"},"schema":{"@context":"https:\/\/schema.org","@graph":[{"@type":"WebPage","@id":"https:\/\/www.miomiorun.com\/fr\/produit\/color-block-lilas-manches-longues-femme\/","url":"https:\/\/www.miomiorun.com\/fr\/produit\/color-block-lilas-manches-longues-femme\/","name":"Wild Tee Color Block Lilas Manches Longues Femme -Maillot de course \u00e0 pied- MioMioRun","isPartOf":{"@id":"https:\/\/www.miomiorun.com\/fr\/#website"},"primaryImageOfPage":{"@id":"https:\/\/www.miomiorun.com\/fr\/produit\/color-block-lilas-manches-longues-femme\/#primaryimage"},"image":{"@id":"https:\/\/www.miomiorun.com\/fr\/produit\/color-block-lilas-manches-longues-femme\/#primaryimage"},"thumbnailUrl":"https:\/\/www.miomiorun.com\/app\/uploads\/2025\/04\/wild-tee-Longsleeve-W-color-black-lillac-WT007WT142.webp","datePublished":"2025-04-11T08:42:45+00:00","dateModified":"2025-12-03T09:43:35+00:00","description":"Maillot technique de course \u00e0 manches longues en tissu Gotex ultra-doux. Design multicolore et imprim\u00e9. L\u00e9ger, respirant, id\u00e9al pour la piste et le trail.","breadcrumb":{"@id":"https:\/\/www.miomiorun.com\/fr\/produit\/color-block-lilas-manches-longues-femme\/#breadcrumb"},"inLanguage":"fr-FR","potentialAction":[{"@type":"ReadAction","target":["https:\/\/www.miomiorun.com\/fr\/produit\/color-block-lilas-manches-longues-femme\/"]}]},{"@type":"ImageObject","inLanguage":"fr-FR","@id":"https:\/\/www.miomiorun.com\/fr\/produit\/color-block-lilas-manches-longues-femme\/#primaryimage","url":"https:\/\/www.miomiorun.com\/app\/uploads\/2025\/04\/wild-tee-Longsleeve-W-color-black-lillac-WT007WT142.webp","contentUrl":"https:\/\/www.miomiorun.com\/app\/uploads\/2025\/04\/wild-tee-Longsleeve-W-color-black-lillac-WT007WT142.webp","width":600,"height":600,"caption":"wild tee Longsleeve W color black lillac WT007WT142"},{"@type":"BreadcrumbList","@id":"https:\/\/www.miomiorun.com\/fr\/produit\/color-block-lilas-manches-longues-femme\/#breadcrumb","itemListElement":[{"@type":"ListItem","position":1,"name":"Home","item":"https:\/\/www.miomiorun.com\/fr\/home-page\/"},{"@type":"ListItem","position":2,"name":"Shop","item":"https:\/\/www.miomiorun.com\/shop\/"},{"@type":"ListItem","position":3,"name":"Color Block Lilas Manches Longues Femme"}]},{"@type":"WebSite","@id":"https:\/\/www.miomiorun.com\/fr\/#website","url":"https:\/\/www.miomiorun.com\/fr\/","name":"MioMioRun","description":"Boutique 100% running et trail","publisher":{"@id":"https:\/\/www.miomiorun.com\/fr\/#organization"},"potentialAction":[{"@type":"SearchAction","target":{"@type":"EntryPoint","urlTemplate":"https:\/\/www.miomiorun.com\/fr\/?s={search_term_string}"},"query-input":{"@type":"PropertyValueSpecification","valueRequired":true,"valueName":"search_term_string"}}],"inLanguage":"fr-FR"},{"@type":"Organization","@id":"https:\/\/www.miomiorun.com\/fr\/#organization","name":"MioMio Run","url":"https:\/\/www.miomiorun.com\/fr\/","logo":{"@type":"ImageObject","inLanguage":"fr-FR","@id":"https:\/\/www.miomiorun.com\/fr\/#\/schema\/logo\/image\/","url":"https:\/\/www.miomiorun.com\/app\/uploads\/2019\/12\/logomio.png","contentUrl":"https:\/\/www.miomiorun.com\/app\/uploads\/2019\/12\/logomio.png","width":115,"height":82,"caption":"MioMio Run"},"image":{"@id":"https:\/\/www.miomiorun.com\/fr\/#\/schema\/logo\/image\/"},"sameAs":["https:\/\/www.facebook.com\/miomiorun\/","https:\/\/www.instagram.com\/miomiorun\/"]}]}},"_links":{"self":[{"href":"https:\/\/www.miomiorun.com\/fr\/wp-json\/wp\/v2\/product\/294677","targetHints":{"allow":["GET"]}}],"collection":[{"href":"https:\/\/www.miomiorun.com\/fr\/wp-json\/wp\/v2\/product"}],"about":[{"href":"https:\/\/www.miomiorun.com\/fr\/wp-json\/wp\/v2\/types\/product"}],"wp:featuredmedia":[{"embeddable":true,"href":"https:\/\/www.miomiorun.com\/fr\/wp-json\/wp\/v2\/media\/308626"}],"wp:attachment":[{"href":"https:\/\/www.miomiorun.com\/fr\/wp-json\/wp\/v2\/media?parent=294677"}],"wp:term":[{"taxonomy":"product_brand","embeddable":true,"href":"https:\/\/www.miomiorun.com\/fr\/wp-json\/wp\/v2\/product_brand?post=294677"},{"taxonomy":"product_cat","embeddable":true,"href":"https:\/\/www.miomiorun.com\/fr\/wp-json\/wp\/v2\/product_cat?post=294677"},{"taxonomy":"product_tag","embeddable":true,"href":"https:\/\/www.miomiorun.com\/fr\/wp-json\/wp\/v2\/product_tag?post=294677"}],"curies":[{"name":"wp","href":"https:\/\/api.w.org\/{rel}","templated":true}]}}