{"id":294576,"date":"2024-10-03T14:52:39","date_gmt":"2024-10-03T12:52:39","guid":{"rendered":"https:\/\/miomiorun.com\/prodotto\/ghost-lite-crew\/"},"modified":"2025-05-28T10:58:46","modified_gmt":"2025-05-28T08:58:46","slug":"ghost-lite-crew","status":"publish","type":"product","link":"https:\/\/www.miomiorun.com\/fr\/produit\/ghost-lite-crew\/","title":{"rendered":"Ghost Lite Crew"},"content":{"rendered":"<div class=\"o-feature-callout__feature-copy\">\n<div class=\"o-feature-callout__feature-copy\">\n<h2 class=\"o-feature-callout__feature-copy\">Choyez vos pieds avec les chaussettes mi-longues Ghost Lite.<\/h2>\n<div class=\"o-feature-callout__feature-copy\">\n<p>Con\u00e7ues avec un amorti au niveau du talon et des orteils, un soutien confortable de la vo\u00fbte plantaire et une finition r\u00e9sistante aux odeurs, ces chaussettes vous assurent de rester \u00e0 l&#8217;aise kilom\u00e8tre apr\u00e8s kilom\u00e8tre.<\/p>\n<h3>Caract\u00e9ristiques :<\/h3>\n<ul>\n<li class=\"m-long-description__feature\">Amortissement cibl\u00e9.<\/li>\n<li class=\"m-long-description__feature\">\n<div class=\"m-long-description__feature--bullets\" aria-hidden=\"true\">Soutien de la vo\u00fbte plantaire.<\/div>\n<\/li>\n<li class=\"m-long-description__feature\">\n<div class=\"m-long-description__feature--bullets\" aria-hidden=\"true\">R\u00e9sistant aux odeurs.<\/div>\n<\/li>\n<\/ul>\n<p>&nbsp;<\/p>\n<p>&nbsp;<\/p>\n<p>&nbsp;<\/p>\n<p>&nbsp;<\/p>\n<\/div>\n<\/div>\n<\/div>\n","protected":false},"excerpt":{"rendered":"<ul class=\"m-long-description__features\">\n<li class=\"m-long-description__feature\">Amorti cibl\u00e9<\/li>\n<li class=\"m-long-description__feature\">Soutien de la vo\u00fbte plantaire<\/li>\n<li class=\"m-long-description__feature\">R\u00e9sistance aux odeurs<\/li>\n<\/ul>\n","protected":false},"featured_media":249380,"template":"","meta":{"_acf_changed":false,"inline_featured_image":false},"product_brand":[],"product_cat":[22597,24256,22596,24482,24484,22595],"product_tag":[23462,23656,23655],"class_list":{"0":"post-294576","1":"product","2":"type-product","3":"status-publish","4":"has-post-thumbnail","6":"product_cat-chaussettes","7":"product_cat-chaussettes-fr","8":"product_cat-vetements-pour-femmes","9":"product_cat-vetements-pour-hommes-fr","10":"product_cat-homme","11":"product_cat-femme","12":"product_tag-brooks-fr","13":"product_tag-brooks-femme","14":"product_tag-brooks-homme","15":"pa_attivita-fitness-fr","16":"pa_attivita-marcher","17":"pa_attivita-running-fr","18":"pa_colore-ghost-lite-crew-fluoro-flash-fr","19":"pa_marca-brooks-fr","20":"pa_sesso-femme","21":"pa_sesso-homme","22":"pa_size-34-37-fr","23":"pa_size-46-48-fr","25":"first","26":"instock","27":"sale","28":"taxable","29":"shipping-taxable","30":"purchasable","31":"product-type-variable","32":"wvs-archive-product-wrapper"},"acf":[],"yoast_head":"<!-- This site is optimized with the Yoast SEO plugin v26.8 - https:\/\/yoast.com\/product\/yoast-seo-wordpress\/ -->\n<title>BrooksGhost Lite Crew -Chaussettes de course - MioMioRun<\/title>\n<meta name=\"description\" content=\"Chouchoutez vos pieds avec les chaussettes mi-longues Ghost Lite, con\u00e7ues avec un amorti au niveau du talon et des orteils et un soutien de la vo\u00fbte plantaire.\" \/>\n<meta name=\"robots\" content=\"index, follow, max-snippet:-1, max-image-preview:large, max-video-preview:-1\" \/>\n<link rel=\"canonical\" href=\"https:\/\/www.miomiorun.com\/fr\/produit\/ghost-lite-crew\/\" \/>\n<meta property=\"og:locale\" content=\"fr_FR\" \/>\n<meta property=\"og:type\" content=\"article\" \/>\n<meta property=\"og:title\" content=\"BrooksGhost Lite Crew -Chaussettes de course - MioMioRun\" \/>\n<meta property=\"og:description\" content=\"Chouchoutez vos pieds avec les chaussettes mi-longues Ghost Lite, con\u00e7ues avec un amorti au niveau du talon et des orteils et un soutien de la vo\u00fbte plantaire.\" \/>\n<meta property=\"og:url\" content=\"https:\/\/www.miomiorun.com\/fr\/produit\/ghost-lite-crew\/\" \/>\n<meta property=\"og:site_name\" content=\"MioMioRun\" \/>\n<meta property=\"article:publisher\" content=\"https:\/\/www.facebook.com\/miomiorun\/\" \/>\n<meta property=\"article:modified_time\" content=\"2025-05-28T08:58:46+00:00\" \/>\n<meta property=\"og:image\" content=\"https:\/\/www.miomiorun.com\/app\/uploads\/2024\/10\/brooks-Ghost-lite-crew-fluoro-flash-280522851.webp\" \/>\n\t<meta property=\"og:image:width\" content=\"600\" \/>\n\t<meta property=\"og:image:height\" content=\"600\" \/>\n\t<meta property=\"og:image:type\" content=\"image\/webp\" \/>\n<meta name=\"twitter:card\" content=\"summary_large_image\" \/>\n<script type=\"application\/ld+json\" class=\"yoast-schema-graph\">{\"@context\":\"https:\/\/schema.org\",\"@graph\":[{\"@type\":\"WebPage\",\"@id\":\"https:\/\/www.miomiorun.com\/fr\/produit\/ghost-lite-crew\/\",\"url\":\"https:\/\/www.miomiorun.com\/fr\/produit\/ghost-lite-crew\/\",\"name\":\"BrooksGhost Lite Crew -Chaussettes de course - MioMioRun\",\"isPartOf\":{\"@id\":\"https:\/\/www.miomiorun.com\/fr\/#website\"},\"primaryImageOfPage\":{\"@id\":\"https:\/\/www.miomiorun.com\/fr\/produit\/ghost-lite-crew\/#primaryimage\"},\"image\":{\"@id\":\"https:\/\/www.miomiorun.com\/fr\/produit\/ghost-lite-crew\/#primaryimage\"},\"thumbnailUrl\":\"https:\/\/www.miomiorun.com\/app\/uploads\/2024\/10\/brooks-Ghost-lite-crew-fluoro-flash-280522851.webp\",\"datePublished\":\"2024-10-03T12:52:39+00:00\",\"dateModified\":\"2025-05-28T08:58:46+00:00\",\"description\":\"Chouchoutez vos pieds avec les chaussettes mi-longues Ghost Lite, con\u00e7ues avec un amorti au niveau du talon et des orteils et un soutien de la vo\u00fbte plantaire.\",\"breadcrumb\":{\"@id\":\"https:\/\/www.miomiorun.com\/fr\/produit\/ghost-lite-crew\/#breadcrumb\"},\"inLanguage\":\"fr-FR\",\"potentialAction\":[{\"@type\":\"ReadAction\",\"target\":[\"https:\/\/www.miomiorun.com\/fr\/produit\/ghost-lite-crew\/\"]}]},{\"@type\":\"ImageObject\",\"inLanguage\":\"fr-FR\",\"@id\":\"https:\/\/www.miomiorun.com\/fr\/produit\/ghost-lite-crew\/#primaryimage\",\"url\":\"https:\/\/www.miomiorun.com\/app\/uploads\/2024\/10\/brooks-Ghost-lite-crew-fluoro-flash-280522851.webp\",\"contentUrl\":\"https:\/\/www.miomiorun.com\/app\/uploads\/2024\/10\/brooks-Ghost-lite-crew-fluoro-flash-280522851.webp\",\"width\":600,\"height\":600,\"caption\":\"brooks Ghost lite crew fluoro flash 280522851\"},{\"@type\":\"BreadcrumbList\",\"@id\":\"https:\/\/www.miomiorun.com\/fr\/produit\/ghost-lite-crew\/#breadcrumb\",\"itemListElement\":[{\"@type\":\"ListItem\",\"position\":1,\"name\":\"Home\",\"item\":\"https:\/\/www.miomiorun.com\/fr\/home-page\/\"},{\"@type\":\"ListItem\",\"position\":2,\"name\":\"Shop\",\"item\":\"https:\/\/www.miomiorun.com\/shop\/\"},{\"@type\":\"ListItem\",\"position\":3,\"name\":\"Ghost Lite Crew\"}]},{\"@type\":\"WebSite\",\"@id\":\"https:\/\/www.miomiorun.com\/fr\/#website\",\"url\":\"https:\/\/www.miomiorun.com\/fr\/\",\"name\":\"MioMioRun\",\"description\":\"Boutique 100% running et trail\",\"publisher\":{\"@id\":\"https:\/\/www.miomiorun.com\/fr\/#organization\"},\"potentialAction\":[{\"@type\":\"SearchAction\",\"target\":{\"@type\":\"EntryPoint\",\"urlTemplate\":\"https:\/\/www.miomiorun.com\/fr\/?s={search_term_string}\"},\"query-input\":{\"@type\":\"PropertyValueSpecification\",\"valueRequired\":true,\"valueName\":\"search_term_string\"}}],\"inLanguage\":\"fr-FR\"},{\"@type\":\"Organization\",\"@id\":\"https:\/\/www.miomiorun.com\/fr\/#organization\",\"name\":\"MioMio Run\",\"url\":\"https:\/\/www.miomiorun.com\/fr\/\",\"logo\":{\"@type\":\"ImageObject\",\"inLanguage\":\"fr-FR\",\"@id\":\"https:\/\/www.miomiorun.com\/fr\/#\/schema\/logo\/image\/\",\"url\":\"https:\/\/www.miomiorun.com\/app\/uploads\/2019\/12\/logomio.png\",\"contentUrl\":\"https:\/\/www.miomiorun.com\/app\/uploads\/2019\/12\/logomio.png\",\"width\":115,\"height\":82,\"caption\":\"MioMio Run\"},\"image\":{\"@id\":\"https:\/\/www.miomiorun.com\/fr\/#\/schema\/logo\/image\/\"},\"sameAs\":[\"https:\/\/www.facebook.com\/miomiorun\/\",\"https:\/\/www.instagram.com\/miomiorun\/\"]}]}<\/script>\n<!-- \/ Yoast SEO plugin. -->","yoast_head_json":{"title":"BrooksGhost Lite Crew -Chaussettes de course - MioMioRun","description":"Chouchoutez vos pieds avec les chaussettes mi-longues Ghost Lite, con\u00e7ues avec un amorti au niveau du talon et des orteils et un soutien de la vo\u00fbte plantaire.","robots":{"index":"index","follow":"follow","max-snippet":"max-snippet:-1","max-image-preview":"max-image-preview:large","max-video-preview":"max-video-preview:-1"},"canonical":"https:\/\/www.miomiorun.com\/fr\/produit\/ghost-lite-crew\/","og_locale":"fr_FR","og_type":"article","og_title":"BrooksGhost Lite Crew -Chaussettes de course - MioMioRun","og_description":"Chouchoutez vos pieds avec les chaussettes mi-longues Ghost Lite, con\u00e7ues avec un amorti au niveau du talon et des orteils et un soutien de la vo\u00fbte plantaire.","og_url":"https:\/\/www.miomiorun.com\/fr\/produit\/ghost-lite-crew\/","og_site_name":"MioMioRun","article_publisher":"https:\/\/www.facebook.com\/miomiorun\/","article_modified_time":"2025-05-28T08:58:46+00:00","og_image":[{"width":600,"height":600,"url":"https:\/\/www.miomiorun.com\/app\/uploads\/2024\/10\/brooks-Ghost-lite-crew-fluoro-flash-280522851.webp","type":"image\/webp"}],"twitter_card":"summary_large_image","schema":{"@context":"https:\/\/schema.org","@graph":[{"@type":"WebPage","@id":"https:\/\/www.miomiorun.com\/fr\/produit\/ghost-lite-crew\/","url":"https:\/\/www.miomiorun.com\/fr\/produit\/ghost-lite-crew\/","name":"BrooksGhost Lite Crew -Chaussettes de course - MioMioRun","isPartOf":{"@id":"https:\/\/www.miomiorun.com\/fr\/#website"},"primaryImageOfPage":{"@id":"https:\/\/www.miomiorun.com\/fr\/produit\/ghost-lite-crew\/#primaryimage"},"image":{"@id":"https:\/\/www.miomiorun.com\/fr\/produit\/ghost-lite-crew\/#primaryimage"},"thumbnailUrl":"https:\/\/www.miomiorun.com\/app\/uploads\/2024\/10\/brooks-Ghost-lite-crew-fluoro-flash-280522851.webp","datePublished":"2024-10-03T12:52:39+00:00","dateModified":"2025-05-28T08:58:46+00:00","description":"Chouchoutez vos pieds avec les chaussettes mi-longues Ghost Lite, con\u00e7ues avec un amorti au niveau du talon et des orteils et un soutien de la vo\u00fbte plantaire.","breadcrumb":{"@id":"https:\/\/www.miomiorun.com\/fr\/produit\/ghost-lite-crew\/#breadcrumb"},"inLanguage":"fr-FR","potentialAction":[{"@type":"ReadAction","target":["https:\/\/www.miomiorun.com\/fr\/produit\/ghost-lite-crew\/"]}]},{"@type":"ImageObject","inLanguage":"fr-FR","@id":"https:\/\/www.miomiorun.com\/fr\/produit\/ghost-lite-crew\/#primaryimage","url":"https:\/\/www.miomiorun.com\/app\/uploads\/2024\/10\/brooks-Ghost-lite-crew-fluoro-flash-280522851.webp","contentUrl":"https:\/\/www.miomiorun.com\/app\/uploads\/2024\/10\/brooks-Ghost-lite-crew-fluoro-flash-280522851.webp","width":600,"height":600,"caption":"brooks Ghost lite crew fluoro flash 280522851"},{"@type":"BreadcrumbList","@id":"https:\/\/www.miomiorun.com\/fr\/produit\/ghost-lite-crew\/#breadcrumb","itemListElement":[{"@type":"ListItem","position":1,"name":"Home","item":"https:\/\/www.miomiorun.com\/fr\/home-page\/"},{"@type":"ListItem","position":2,"name":"Shop","item":"https:\/\/www.miomiorun.com\/shop\/"},{"@type":"ListItem","position":3,"name":"Ghost Lite Crew"}]},{"@type":"WebSite","@id":"https:\/\/www.miomiorun.com\/fr\/#website","url":"https:\/\/www.miomiorun.com\/fr\/","name":"MioMioRun","description":"Boutique 100% running et trail","publisher":{"@id":"https:\/\/www.miomiorun.com\/fr\/#organization"},"potentialAction":[{"@type":"SearchAction","target":{"@type":"EntryPoint","urlTemplate":"https:\/\/www.miomiorun.com\/fr\/?s={search_term_string}"},"query-input":{"@type":"PropertyValueSpecification","valueRequired":true,"valueName":"search_term_string"}}],"inLanguage":"fr-FR"},{"@type":"Organization","@id":"https:\/\/www.miomiorun.com\/fr\/#organization","name":"MioMio Run","url":"https:\/\/www.miomiorun.com\/fr\/","logo":{"@type":"ImageObject","inLanguage":"fr-FR","@id":"https:\/\/www.miomiorun.com\/fr\/#\/schema\/logo\/image\/","url":"https:\/\/www.miomiorun.com\/app\/uploads\/2019\/12\/logomio.png","contentUrl":"https:\/\/www.miomiorun.com\/app\/uploads\/2019\/12\/logomio.png","width":115,"height":82,"caption":"MioMio Run"},"image":{"@id":"https:\/\/www.miomiorun.com\/fr\/#\/schema\/logo\/image\/"},"sameAs":["https:\/\/www.facebook.com\/miomiorun\/","https:\/\/www.instagram.com\/miomiorun\/"]}]}},"_links":{"self":[{"href":"https:\/\/www.miomiorun.com\/fr\/wp-json\/wp\/v2\/product\/294576","targetHints":{"allow":["GET"]}}],"collection":[{"href":"https:\/\/www.miomiorun.com\/fr\/wp-json\/wp\/v2\/product"}],"about":[{"href":"https:\/\/www.miomiorun.com\/fr\/wp-json\/wp\/v2\/types\/product"}],"wp:featuredmedia":[{"embeddable":true,"href":"https:\/\/www.miomiorun.com\/fr\/wp-json\/wp\/v2\/media\/249380"}],"wp:attachment":[{"href":"https:\/\/www.miomiorun.com\/fr\/wp-json\/wp\/v2\/media?parent=294576"}],"wp:term":[{"taxonomy":"product_brand","embeddable":true,"href":"https:\/\/www.miomiorun.com\/fr\/wp-json\/wp\/v2\/product_brand?post=294576"},{"taxonomy":"product_cat","embeddable":true,"href":"https:\/\/www.miomiorun.com\/fr\/wp-json\/wp\/v2\/product_cat?post=294576"},{"taxonomy":"product_tag","embeddable":true,"href":"https:\/\/www.miomiorun.com\/fr\/wp-json\/wp\/v2\/product_tag?post=294576"}],"curies":[{"name":"wp","href":"https:\/\/api.w.org\/{rel}","templated":true}]}}