{"id":294563,"date":"2024-10-03T15:10:29","date_gmt":"2024-10-03T13:10:29","guid":{"rendered":"https:\/\/miomiorun.com\/prodotto\/run-visible-insulated-vest-2-0-uomo\/"},"modified":"2025-05-28T11:11:33","modified_gmt":"2025-05-28T09:11:33","slug":"run-visible-insulated-vest-2-0-homme","status":"publish","type":"product","link":"https:\/\/www.miomiorun.com\/fr\/produit\/run-visible-insulated-vest-2-0-homme\/","title":{"rendered":"Run Visible Insulated Vest 2.0 homme"},"content":{"rendered":"<h2>Temp\u00e9ratures basses et faible luminosit\u00e9 ? Optez pour ce gilet isolant pour homme.<\/h2>\n<p>Le tissu GO\u2082 Warm\u1d40\u1d39\u1d40\u1d40\u1d39 et l&#8217;isolation THERMOLITE\u00ae de 120 g retiennent la chaleur pour un confort optimal, tandis que le design \u00e0 haute visibilit\u00e9 vous prot\u00e8ge m\u00eame dans des conditions de faible luminosit\u00e9.<\/p>\n<h3>Coupe<\/h3>\n<ul>\n<li>Semi-adh\u00e9rent.<\/li>\n<\/ul>\n<h3>Durabilit\u00e9<\/h3>\n<ul>\n<li>7 bouteilles en plastique qui ne finiront pas \u00e0 la d\u00e9charge<\/li>\n<\/ul>\n<p>&nbsp;<\/p>\n<p dir=\"ltr\" data-placeholder=\"Traduzione\"><strong>IDEAL POUR :<\/strong><\/p>\n<p dir=\"ltr\" data-placeholder=\"Traduzione\"><img loading=\"lazy\" decoding=\"async\" class=\"a-responsive-image__img\" src=\"https:\/\/www.brooksrunning.com\/on\/demandware.static\/-\/Sites-brooks-master-catalog\/default\/dw568ee9ad\/specs\/PDP-BestFor-FTW-APP-Visible-In-The-Dark.svg\" alt=\"\" width=\"40\" height=\"40\" \/><\/p>\n<p dir=\"ltr\" data-placeholder=\"Traduzione\">Courir dans l&#8217;obscurit\u00e9<\/p>\n<p dir=\"ltr\" data-placeholder=\"Traduzione\"><img loading=\"lazy\" decoding=\"async\" class=\"a-responsive-image__img\" src=\"https:\/\/www.brooksrunning.com\/on\/demandware.static\/-\/Sites-brooks-master-catalog\/default\/dw76d19a15\/specs\/PDP-BestFor-APP-Warmth.svg\" alt=\"\" width=\"40\" height=\"40\" \/><\/p>\n<p dir=\"ltr\" data-placeholder=\"Traduzione\">Basses temp\u00e9ratures<\/p>\n<div class=\"m-long-description__best-for-icon\" aria-hidden=\"true\"><img loading=\"lazy\" decoding=\"async\" class=\"a-responsive-image__img\" src=\"https:\/\/www.brooksrunning.com\/on\/demandware.static\/-\/Sites-brooks-master-catalog\/default\/dwce073625\/specs\/PDP-BestFor-APP-Layering.svg\" alt=\"\" width=\"37\" height=\"37\" \/><\/div>\n<div aria-hidden=\"true\">V\u00eatements superpos\u00e9s<\/div>\n<div aria-hidden=\"true\"><\/div>\n<div aria-hidden=\"true\"><\/div>\n<div aria-hidden=\"true\">\n<div class=\"m-long-description__best-for-icon\" aria-hidden=\"true\"><img loading=\"lazy\" decoding=\"async\" class=\"a-responsive-image__img\" src=\"https:\/\/www.brooksrunning.com\/on\/demandware.static\/-\/Sites-brooks-master-catalog\/default\/dw500bc82d\/specs\/PDP-BestFor-APP-BRA-Storage.svg\" alt=\"\" width=\"35\" height=\"35\" \/><\/div>\n<div aria-hidden=\"true\">Espace<\/div>\n<\/div>\n<div aria-hidden=\"true\"><\/div>\n<p><strong>CARACT\u00c9RISTIQUES :<\/strong><\/p>\n<ul class=\"m-long-description__features\">\n<li class=\"m-long-description__feature\">\n<div class=\"m-long-description__feature--bullets\" aria-hidden=\"true\">Visible dans l&#8217;obscurit\u00e9<\/div>\n<\/li>\n<li class=\"m-long-description__feature\">\n<div class=\"m-long-description__feature--bullets\" aria-hidden=\"true\">Chaud et isolant<\/div>\n<\/li>\n<li class=\"m-long-description__feature\">\n<div class=\"m-long-description__feature--bullets\" aria-hidden=\"true\">Vos effets personnels en s\u00e9curit\u00e9<\/div>\n<\/li>\n<\/ul>\n<p>&nbsp;<\/p>\n","protected":false},"excerpt":{"rendered":"<ul class=\"m-long-description__features\">\n<li class=\"m-long-description__feature\">Visible dans l&#8217;obscurit\u00e9<\/li>\n<li class=\"m-long-description__feature\">R\u00e9sistant \u00e0 la chaleur et aux intemp\u00e9ries<\/li>\n<li class=\"m-long-description__feature\">Espace de rangement pratique<\/li>\n<\/ul>\n","protected":false},"featured_media":249318,"template":"","meta":{"_acf_changed":false,"inline_featured_image":false},"product_brand":[],"product_cat":[24480,24482,24484],"product_tag":[23462,23655],"class_list":{"0":"post-294563","1":"product","2":"type-product","3":"status-publish","4":"has-post-thumbnail","6":"product_cat-vestes-fr-2","7":"product_cat-vetements-pour-hommes-fr","8":"product_cat-homme","9":"product_tag-brooks-fr","10":"product_tag-brooks-homme","11":"pa_attivita-marcher","12":"pa_attivita-running-fr","13":"pa_colore-run-visible-insulated-vest-2-0-ecru-fluo-fr","14":"pa_marca-brooks-fr","15":"pa_sesso-homme","16":"pa_size-small-fr","18":"first","19":"instock","20":"sale","21":"taxable","22":"shipping-taxable","23":"purchasable","24":"product-type-variable","25":"wvs-archive-product-wrapper"},"acf":[],"yoast_head":"<!-- This site is optimized with the Yoast SEO plugin v26.8 - https:\/\/yoast.com\/product\/yoast-seo-wordpress\/ -->\n<title>Brooks Run Visible Insulated Vest 2.0 homme -Gilet de course - MioMioRun<\/title>\n<meta name=\"description\" content=\"Temp\u00e9ratures basses et faible luminosit\u00e9 ? Optez pour ce gilet isolant pour homme.Le tissu GO\u2082 Warm\u1d40\u1d39\u1d40\u1d39 retient la chaleur pour vous garder \u00e0 l&#039;aise.\" \/>\n<meta name=\"robots\" content=\"index, follow, max-snippet:-1, max-image-preview:large, max-video-preview:-1\" \/>\n<link rel=\"canonical\" href=\"https:\/\/www.miomiorun.com\/fr\/produit\/run-visible-insulated-vest-2-0-homme\/\" \/>\n<meta property=\"og:locale\" content=\"fr_FR\" \/>\n<meta property=\"og:type\" content=\"article\" \/>\n<meta property=\"og:title\" content=\"Brooks Run Visible Insulated Vest 2.0 homme -Gilet de course - MioMioRun\" \/>\n<meta property=\"og:description\" content=\"Temp\u00e9ratures basses et faible luminosit\u00e9 ? Optez pour ce gilet isolant pour homme.Le tissu GO\u2082 Warm\u1d40\u1d39\u1d40\u1d39 retient la chaleur pour vous garder \u00e0 l&#039;aise.\" \/>\n<meta property=\"og:url\" content=\"https:\/\/www.miomiorun.com\/fr\/produit\/run-visible-insulated-vest-2-0-homme\/\" \/>\n<meta property=\"og:site_name\" content=\"MioMioRun\" \/>\n<meta property=\"article:publisher\" content=\"https:\/\/www.facebook.com\/miomiorun\/\" \/>\n<meta property=\"article:modified_time\" content=\"2025-05-28T09:11:33+00:00\" \/>\n<meta property=\"og:image\" content=\"https:\/\/www.miomiorun.com\/app\/uploads\/2024\/10\/brooks-Run-visible-insulated-vest-2.0-ecru-fluo-211518167.webp\" \/>\n\t<meta property=\"og:image:width\" content=\"600\" \/>\n\t<meta property=\"og:image:height\" content=\"600\" \/>\n\t<meta property=\"og:image:type\" content=\"image\/webp\" \/>\n<meta name=\"twitter:card\" content=\"summary_large_image\" \/>\n<script type=\"application\/ld+json\" class=\"yoast-schema-graph\">{\"@context\":\"https:\/\/schema.org\",\"@graph\":[{\"@type\":\"WebPage\",\"@id\":\"https:\/\/www.miomiorun.com\/fr\/produit\/run-visible-insulated-vest-2-0-homme\/\",\"url\":\"https:\/\/www.miomiorun.com\/fr\/produit\/run-visible-insulated-vest-2-0-homme\/\",\"name\":\"Brooks Run Visible Insulated Vest 2.0 homme -Gilet de course - MioMioRun\",\"isPartOf\":{\"@id\":\"https:\/\/www.miomiorun.com\/fr\/#website\"},\"primaryImageOfPage\":{\"@id\":\"https:\/\/www.miomiorun.com\/fr\/produit\/run-visible-insulated-vest-2-0-homme\/#primaryimage\"},\"image\":{\"@id\":\"https:\/\/www.miomiorun.com\/fr\/produit\/run-visible-insulated-vest-2-0-homme\/#primaryimage\"},\"thumbnailUrl\":\"https:\/\/www.miomiorun.com\/app\/uploads\/2024\/10\/brooks-Run-visible-insulated-vest-2.0-ecru-fluo-211518167.webp\",\"datePublished\":\"2024-10-03T13:10:29+00:00\",\"dateModified\":\"2025-05-28T09:11:33+00:00\",\"description\":\"Temp\u00e9ratures basses et faible luminosit\u00e9 ? Optez pour ce gilet isolant pour homme.Le tissu GO\u2082 Warm\u1d40\u1d39\u1d40\u1d39 retient la chaleur pour vous garder \u00e0 l'aise.\",\"breadcrumb\":{\"@id\":\"https:\/\/www.miomiorun.com\/fr\/produit\/run-visible-insulated-vest-2-0-homme\/#breadcrumb\"},\"inLanguage\":\"fr-FR\",\"potentialAction\":[{\"@type\":\"ReadAction\",\"target\":[\"https:\/\/www.miomiorun.com\/fr\/produit\/run-visible-insulated-vest-2-0-homme\/\"]}]},{\"@type\":\"ImageObject\",\"inLanguage\":\"fr-FR\",\"@id\":\"https:\/\/www.miomiorun.com\/fr\/produit\/run-visible-insulated-vest-2-0-homme\/#primaryimage\",\"url\":\"https:\/\/www.miomiorun.com\/app\/uploads\/2024\/10\/brooks-Run-visible-insulated-vest-2.0-ecru-fluo-211518167.webp\",\"contentUrl\":\"https:\/\/www.miomiorun.com\/app\/uploads\/2024\/10\/brooks-Run-visible-insulated-vest-2.0-ecru-fluo-211518167.webp\",\"width\":600,\"height\":600,\"caption\":\"brooks Run visible insulated vest 2.0 ecru fluo 211518167\"},{\"@type\":\"BreadcrumbList\",\"@id\":\"https:\/\/www.miomiorun.com\/fr\/produit\/run-visible-insulated-vest-2-0-homme\/#breadcrumb\",\"itemListElement\":[{\"@type\":\"ListItem\",\"position\":1,\"name\":\"Home\",\"item\":\"https:\/\/www.miomiorun.com\/fr\/home-page\/\"},{\"@type\":\"ListItem\",\"position\":2,\"name\":\"Shop\",\"item\":\"https:\/\/www.miomiorun.com\/shop\/\"},{\"@type\":\"ListItem\",\"position\":3,\"name\":\"Run Visible Insulated Vest 2.0 homme\"}]},{\"@type\":\"WebSite\",\"@id\":\"https:\/\/www.miomiorun.com\/fr\/#website\",\"url\":\"https:\/\/www.miomiorun.com\/fr\/\",\"name\":\"MioMioRun\",\"description\":\"Boutique 100% running et trail\",\"publisher\":{\"@id\":\"https:\/\/www.miomiorun.com\/fr\/#organization\"},\"potentialAction\":[{\"@type\":\"SearchAction\",\"target\":{\"@type\":\"EntryPoint\",\"urlTemplate\":\"https:\/\/www.miomiorun.com\/fr\/?s={search_term_string}\"},\"query-input\":{\"@type\":\"PropertyValueSpecification\",\"valueRequired\":true,\"valueName\":\"search_term_string\"}}],\"inLanguage\":\"fr-FR\"},{\"@type\":\"Organization\",\"@id\":\"https:\/\/www.miomiorun.com\/fr\/#organization\",\"name\":\"MioMio Run\",\"url\":\"https:\/\/www.miomiorun.com\/fr\/\",\"logo\":{\"@type\":\"ImageObject\",\"inLanguage\":\"fr-FR\",\"@id\":\"https:\/\/www.miomiorun.com\/fr\/#\/schema\/logo\/image\/\",\"url\":\"https:\/\/www.miomiorun.com\/app\/uploads\/2019\/12\/logomio.png\",\"contentUrl\":\"https:\/\/www.miomiorun.com\/app\/uploads\/2019\/12\/logomio.png\",\"width\":115,\"height\":82,\"caption\":\"MioMio Run\"},\"image\":{\"@id\":\"https:\/\/www.miomiorun.com\/fr\/#\/schema\/logo\/image\/\"},\"sameAs\":[\"https:\/\/www.facebook.com\/miomiorun\/\",\"https:\/\/www.instagram.com\/miomiorun\/\"]}]}<\/script>\n<!-- \/ Yoast SEO plugin. -->","yoast_head_json":{"title":"Brooks Run Visible Insulated Vest 2.0 homme -Gilet de course - MioMioRun","description":"Temp\u00e9ratures basses et faible luminosit\u00e9 ? Optez pour ce gilet isolant pour homme.Le tissu GO\u2082 Warm\u1d40\u1d39\u1d40\u1d39 retient la chaleur pour vous garder \u00e0 l'aise.","robots":{"index":"index","follow":"follow","max-snippet":"max-snippet:-1","max-image-preview":"max-image-preview:large","max-video-preview":"max-video-preview:-1"},"canonical":"https:\/\/www.miomiorun.com\/fr\/produit\/run-visible-insulated-vest-2-0-homme\/","og_locale":"fr_FR","og_type":"article","og_title":"Brooks Run Visible Insulated Vest 2.0 homme -Gilet de course - MioMioRun","og_description":"Temp\u00e9ratures basses et faible luminosit\u00e9 ? Optez pour ce gilet isolant pour homme.Le tissu GO\u2082 Warm\u1d40\u1d39\u1d40\u1d39 retient la chaleur pour vous garder \u00e0 l'aise.","og_url":"https:\/\/www.miomiorun.com\/fr\/produit\/run-visible-insulated-vest-2-0-homme\/","og_site_name":"MioMioRun","article_publisher":"https:\/\/www.facebook.com\/miomiorun\/","article_modified_time":"2025-05-28T09:11:33+00:00","og_image":[{"width":600,"height":600,"url":"https:\/\/www.miomiorun.com\/app\/uploads\/2024\/10\/brooks-Run-visible-insulated-vest-2.0-ecru-fluo-211518167.webp","type":"image\/webp"}],"twitter_card":"summary_large_image","schema":{"@context":"https:\/\/schema.org","@graph":[{"@type":"WebPage","@id":"https:\/\/www.miomiorun.com\/fr\/produit\/run-visible-insulated-vest-2-0-homme\/","url":"https:\/\/www.miomiorun.com\/fr\/produit\/run-visible-insulated-vest-2-0-homme\/","name":"Brooks Run Visible Insulated Vest 2.0 homme -Gilet de course - MioMioRun","isPartOf":{"@id":"https:\/\/www.miomiorun.com\/fr\/#website"},"primaryImageOfPage":{"@id":"https:\/\/www.miomiorun.com\/fr\/produit\/run-visible-insulated-vest-2-0-homme\/#primaryimage"},"image":{"@id":"https:\/\/www.miomiorun.com\/fr\/produit\/run-visible-insulated-vest-2-0-homme\/#primaryimage"},"thumbnailUrl":"https:\/\/www.miomiorun.com\/app\/uploads\/2024\/10\/brooks-Run-visible-insulated-vest-2.0-ecru-fluo-211518167.webp","datePublished":"2024-10-03T13:10:29+00:00","dateModified":"2025-05-28T09:11:33+00:00","description":"Temp\u00e9ratures basses et faible luminosit\u00e9 ? Optez pour ce gilet isolant pour homme.Le tissu GO\u2082 Warm\u1d40\u1d39\u1d40\u1d39 retient la chaleur pour vous garder \u00e0 l'aise.","breadcrumb":{"@id":"https:\/\/www.miomiorun.com\/fr\/produit\/run-visible-insulated-vest-2-0-homme\/#breadcrumb"},"inLanguage":"fr-FR","potentialAction":[{"@type":"ReadAction","target":["https:\/\/www.miomiorun.com\/fr\/produit\/run-visible-insulated-vest-2-0-homme\/"]}]},{"@type":"ImageObject","inLanguage":"fr-FR","@id":"https:\/\/www.miomiorun.com\/fr\/produit\/run-visible-insulated-vest-2-0-homme\/#primaryimage","url":"https:\/\/www.miomiorun.com\/app\/uploads\/2024\/10\/brooks-Run-visible-insulated-vest-2.0-ecru-fluo-211518167.webp","contentUrl":"https:\/\/www.miomiorun.com\/app\/uploads\/2024\/10\/brooks-Run-visible-insulated-vest-2.0-ecru-fluo-211518167.webp","width":600,"height":600,"caption":"brooks Run visible insulated vest 2.0 ecru fluo 211518167"},{"@type":"BreadcrumbList","@id":"https:\/\/www.miomiorun.com\/fr\/produit\/run-visible-insulated-vest-2-0-homme\/#breadcrumb","itemListElement":[{"@type":"ListItem","position":1,"name":"Home","item":"https:\/\/www.miomiorun.com\/fr\/home-page\/"},{"@type":"ListItem","position":2,"name":"Shop","item":"https:\/\/www.miomiorun.com\/shop\/"},{"@type":"ListItem","position":3,"name":"Run Visible Insulated Vest 2.0 homme"}]},{"@type":"WebSite","@id":"https:\/\/www.miomiorun.com\/fr\/#website","url":"https:\/\/www.miomiorun.com\/fr\/","name":"MioMioRun","description":"Boutique 100% running et trail","publisher":{"@id":"https:\/\/www.miomiorun.com\/fr\/#organization"},"potentialAction":[{"@type":"SearchAction","target":{"@type":"EntryPoint","urlTemplate":"https:\/\/www.miomiorun.com\/fr\/?s={search_term_string}"},"query-input":{"@type":"PropertyValueSpecification","valueRequired":true,"valueName":"search_term_string"}}],"inLanguage":"fr-FR"},{"@type":"Organization","@id":"https:\/\/www.miomiorun.com\/fr\/#organization","name":"MioMio Run","url":"https:\/\/www.miomiorun.com\/fr\/","logo":{"@type":"ImageObject","inLanguage":"fr-FR","@id":"https:\/\/www.miomiorun.com\/fr\/#\/schema\/logo\/image\/","url":"https:\/\/www.miomiorun.com\/app\/uploads\/2019\/12\/logomio.png","contentUrl":"https:\/\/www.miomiorun.com\/app\/uploads\/2019\/12\/logomio.png","width":115,"height":82,"caption":"MioMio Run"},"image":{"@id":"https:\/\/www.miomiorun.com\/fr\/#\/schema\/logo\/image\/"},"sameAs":["https:\/\/www.facebook.com\/miomiorun\/","https:\/\/www.instagram.com\/miomiorun\/"]}]}},"_links":{"self":[{"href":"https:\/\/www.miomiorun.com\/fr\/wp-json\/wp\/v2\/product\/294563","targetHints":{"allow":["GET"]}}],"collection":[{"href":"https:\/\/www.miomiorun.com\/fr\/wp-json\/wp\/v2\/product"}],"about":[{"href":"https:\/\/www.miomiorun.com\/fr\/wp-json\/wp\/v2\/types\/product"}],"wp:featuredmedia":[{"embeddable":true,"href":"https:\/\/www.miomiorun.com\/fr\/wp-json\/wp\/v2\/media\/249318"}],"wp:attachment":[{"href":"https:\/\/www.miomiorun.com\/fr\/wp-json\/wp\/v2\/media?parent=294563"}],"wp:term":[{"taxonomy":"product_brand","embeddable":true,"href":"https:\/\/www.miomiorun.com\/fr\/wp-json\/wp\/v2\/product_brand?post=294563"},{"taxonomy":"product_cat","embeddable":true,"href":"https:\/\/www.miomiorun.com\/fr\/wp-json\/wp\/v2\/product_cat?post=294563"},{"taxonomy":"product_tag","embeddable":true,"href":"https:\/\/www.miomiorun.com\/fr\/wp-json\/wp\/v2\/product_tag?post=294563"}],"curies":[{"name":"wp","href":"https:\/\/api.w.org\/{rel}","templated":true}]}}