{"id":294435,"date":"2024-07-24T19:13:47","date_gmt":"2024-07-24T17:13:47","guid":{"rendered":"https:\/\/miomiorun.com\/prodotto\/ora-athletic-slide\/"},"modified":"2026-05-08T22:11:54","modified_gmt":"2026-05-08T20:11:54","slug":"ora-athletic-slide","status":"publish","type":"product","link":"https:\/\/www.miomiorun.com\/fr\/produit\/ora-athletic-slide\/","title":{"rendered":"Ora Athletic Slide"},"content":{"rendered":"<div class=\"vc-row container\"><div class=\"vc-column\"><div class=\"vc-column-text\"><\/p>\n<p><strong>Caract\u00e9ristiques techniques<\/strong><\/p>\n<p>Cat\u00e9gorie : Amortissement r\u00e9actif<br \/>\nD\u00e9calage : 6 mm<br \/>\nPoids : 195 g<br \/>\nId\u00e9al pour : les coureurs \u00e0 la recherche d&#8217;un mod\u00e8le pour la r\u00e9cup\u00e9ration post-course, ce chausson amorti est con\u00e7u pour le repos et le confort du pied apr\u00e8s une course ou une activit\u00e9 intense.<\/p>\n<p><a href=\"https:\/\/miomiorun.com\/fr\/guide-des-specificites\/\">Guide des sp\u00e9cifications techniques<\/a><\/p>\n<p><\/div><\/div><div class=\"vc-column\"><div class=\"vc-column-text\"><\/p>\n<h2 style=\"text-align: center;\"><strong>L&#8217;extase apr\u00e8s la course.<\/strong><\/h2>\n<p class=\"product-name\" data-qa=\"productName\">L&#8217;<strong>Athletic Slide<\/strong> unisexe de Hoka est <strong>d\u00e9sormais<\/strong> la nouvelle pantoufle d\u00e9fatigante pour votre apr\u00e8s-course !<\/p>\n<p data-qa=\"productName\">Ax\u00e9 sur le confort et con\u00e7u pour le repos, ce mod\u00e8le d\u00e9riv\u00e9 est dot\u00e9 d&#8217;une semelle int\u00e9rieure en canne \u00e0 sucre. Maintenant Athletic Slide, qui repose sur la m\u00eame semelle inject\u00e9e \u00e0 double densit\u00e9 que le mod\u00e8le original iconique, offre un confort qui enveloppe le pied dans une silhouette tourn\u00e9e vers l&#8217;avenir.<\/p>\n<h3 data-qa=\"productName\">CONVIENT POUR :<\/h3>\n<ul>\n<li>R\u00e9cup\u00e9ration apr\u00e8s la course.<\/li>\n<\/ul>\n<h3>Caract\u00e9ristiques :<\/h3>\n<ul>\n<li>Bande lisse avec graphisme HOKA<\/li>\n<li>Forme double densit\u00e9<\/li>\n<li>Semelle interm\u00e9diaire en EVA de canne \u00e0 sucre moul\u00e9e par injection (35%)<\/li>\n<li>Fluide MetaRocker\u2122<\/li>\n<li>Semelle ext\u00e9rieure en EVA moul\u00e9 par injection<\/li>\n<\/ul>\n<p>&nbsp;<\/p>\n<h2 class=\"card-title mb-3\"><span title=\"\" data-original-title=\"\" data-title=\"Alcune scarpe hanno un supporto integrato superiore, pensato per gli iperpronatori; altre sono in minima parte ortopediche, progettate per garantire ammortizzazione senza ostacolarti.\" data-placement=\"bottom\" data-toggle=\"tooltip\"><span class=\"techspec-bar-title\">Stabilit\u00e9<\/span><\/span><\/h2>\n<p class=\"tech-spec-product-msg active\">La chaussure Now Athletic Slide poss\u00e8de des caract\u00e9ristiques qui la rendent intrins\u00e8quement stable, par exemple la base large et l&#8217;Active Foot Frame, pour une stabilit\u00e9 mod\u00e9r\u00e9e qui convient toujours aux d\u00e9marches neutres.<\/p>\n<p>&nbsp;<\/p>\n<h2 class=\"card-title mb-3\"><span title=\"\" data-original-title=\"\" data-title=\"Tutte le nostre calzature presentano un\u2019intersuola ammortizzata, progettata per ridurre l\u2019impatto e garantire supporto. La quantit\u00e0 di ammortizzazione e quanto sia compatta o morbida varia da modello a modello.\" data-placement=\"bottom\" data-toggle=\"tooltip\"><span class=\"techspec-bar-title\">Amortissement<\/span><\/span><\/h2>\n<p class=\"tech-spec-product-msg active\">La chaussure Now Athletic Slide est dot\u00e9e d&#8217;un amorti plus haut, con\u00e7u pour un impact plus doux et une exp\u00e9rience plus agr\u00e9able pour l&#8217;utilisateur.<\/p>\n<p><\/div><\/div><\/div>\n","protected":false},"excerpt":{"rendered":"<ul>\n<li>Chausson id\u00e9al apr\u00e8s la course<\/li>\n<li>R\u00e9g\u00e9n\u00e9rant et antifatigue, id\u00e9al pour reposer le pied apr\u00e8s une activit\u00e9 physique intense<\/li>\n<\/ul>\n","protected":false},"featured_media":248000,"template":"","meta":{"_acf_changed":false,"inline_featured_image":false},"product_brand":[],"product_cat":[22605,24448,24447,22606,22595],"product_tag":[23478,23494,23604],"class_list":{"0":"post-294435","1":"product","2":"type-product","3":"status-publish","4":"has-post-thumbnail","6":"product_cat-chaussures-pour-femmes","7":"product_cat-chaussures-pour-hommes-fr","8":"product_cat-neutre-fr-3","9":"product_cat-neutre","10":"product_cat-femme","11":"product_tag-hoka-one-one-fr","12":"product_tag-hoka-femme","13":"product_tag-hoka-homme","14":"pa_attivita-lifestyle-fr","15":"pa_colore-ora-athletic-slide-black-white-fr","16":"pa_marca-hoka-fr","17":"pa_sesso-femme","18":"pa_sesso-homme","19":"pa_size-38-fr","20":"pa_size-40-fr","22":"first","23":"instock","24":"sale","25":"taxable","26":"shipping-taxable","27":"purchasable","28":"product-type-variable","29":"wvs-archive-product-wrapper"},"acf":[],"yoast_head":"<!-- This site is optimized with the Yoast SEO plugin v26.8 - https:\/\/yoast.com\/product\/yoast-seo-wordpress\/ -->\n<title>HokaOra Athletic Slide - pantoufle de course - MioMioRun .com<\/title>\n<meta name=\"description\" content=\"Le Hoka&#039;s Athletic Slide unisexe est le nouveau chausson d\u00e9fatiguant pour votre vie d&#039;apr\u00e8s-course ! ax\u00e9 sur le confort et con\u00e7u pour le repos.\" \/>\n<meta name=\"robots\" content=\"index, follow, max-snippet:-1, max-image-preview:large, max-video-preview:-1\" \/>\n<link rel=\"canonical\" href=\"https:\/\/www.miomiorun.com\/fr\/produit\/ora-athletic-slide\/\" \/>\n<meta property=\"og:locale\" content=\"fr_FR\" \/>\n<meta property=\"og:type\" content=\"article\" \/>\n<meta property=\"og:title\" content=\"HokaOra Athletic Slide - pantoufle de course - MioMioRun .com\" \/>\n<meta property=\"og:description\" content=\"Le Hoka&#039;s Athletic Slide unisexe est le nouveau chausson d\u00e9fatiguant pour votre vie d&#039;apr\u00e8s-course ! ax\u00e9 sur le confort et con\u00e7u pour le repos.\" \/>\n<meta property=\"og:url\" content=\"https:\/\/www.miomiorun.com\/fr\/produit\/ora-athletic-slide\/\" \/>\n<meta property=\"og:site_name\" content=\"MioMioRun\" \/>\n<meta property=\"article:publisher\" content=\"https:\/\/www.facebook.com\/miomiorun\/\" \/>\n<meta property=\"article:modified_time\" content=\"2026-05-08T20:11:54+00:00\" \/>\n<meta property=\"og:image\" content=\"https:\/\/www.miomiorun.com\/app\/uploads\/2024\/08\/Hoka-Ora-Athletic-Slide-black-white-1155154-BWHT.webp\" \/>\n\t<meta property=\"og:image:width\" content=\"600\" \/>\n\t<meta property=\"og:image:height\" content=\"600\" \/>\n\t<meta property=\"og:image:type\" content=\"image\/webp\" \/>\n<meta name=\"twitter:card\" content=\"summary_large_image\" \/>\n<meta name=\"twitter:label1\" content=\"Est. reading time\" \/>\n\t<meta name=\"twitter:data1\" content=\"1 minute\" \/>\n<script type=\"application\/ld+json\" class=\"yoast-schema-graph\">{\"@context\":\"https:\/\/schema.org\",\"@graph\":[{\"@type\":\"WebPage\",\"@id\":\"https:\/\/www.miomiorun.com\/fr\/produit\/ora-athletic-slide\/\",\"url\":\"https:\/\/www.miomiorun.com\/fr\/produit\/ora-athletic-slide\/\",\"name\":\"HokaOra Athletic Slide - pantoufle de course - MioMioRun .com\",\"isPartOf\":{\"@id\":\"https:\/\/www.miomiorun.com\/fr\/#website\"},\"primaryImageOfPage\":{\"@id\":\"https:\/\/www.miomiorun.com\/fr\/produit\/ora-athletic-slide\/#primaryimage\"},\"image\":{\"@id\":\"https:\/\/www.miomiorun.com\/fr\/produit\/ora-athletic-slide\/#primaryimage\"},\"thumbnailUrl\":\"https:\/\/www.miomiorun.com\/app\/uploads\/2024\/08\/Hoka-Ora-Athletic-Slide-black-white-1155154-BWHT.webp\",\"datePublished\":\"2024-07-24T17:13:47+00:00\",\"dateModified\":\"2026-05-08T20:11:54+00:00\",\"description\":\"Le Hoka's Athletic Slide unisexe est le nouveau chausson d\u00e9fatiguant pour votre vie d'apr\u00e8s-course ! ax\u00e9 sur le confort et con\u00e7u pour le repos.\",\"breadcrumb\":{\"@id\":\"https:\/\/www.miomiorun.com\/fr\/produit\/ora-athletic-slide\/#breadcrumb\"},\"inLanguage\":\"fr-FR\",\"potentialAction\":[{\"@type\":\"ReadAction\",\"target\":[\"https:\/\/www.miomiorun.com\/fr\/produit\/ora-athletic-slide\/\"]}]},{\"@type\":\"ImageObject\",\"inLanguage\":\"fr-FR\",\"@id\":\"https:\/\/www.miomiorun.com\/fr\/produit\/ora-athletic-slide\/#primaryimage\",\"url\":\"https:\/\/www.miomiorun.com\/app\/uploads\/2024\/08\/Hoka-Ora-Athletic-Slide-black-white-1155154-BWHT.webp\",\"contentUrl\":\"https:\/\/www.miomiorun.com\/app\/uploads\/2024\/08\/Hoka-Ora-Athletic-Slide-black-white-1155154-BWHT.webp\",\"width\":600,\"height\":600,\"caption\":\"Hoka Ora Athletic Slide black white 1155154 BWHT\"},{\"@type\":\"BreadcrumbList\",\"@id\":\"https:\/\/www.miomiorun.com\/fr\/produit\/ora-athletic-slide\/#breadcrumb\",\"itemListElement\":[{\"@type\":\"ListItem\",\"position\":1,\"name\":\"Home\",\"item\":\"https:\/\/www.miomiorun.com\/fr\/home-page\/\"},{\"@type\":\"ListItem\",\"position\":2,\"name\":\"Shop\",\"item\":\"https:\/\/www.miomiorun.com\/shop\/\"},{\"@type\":\"ListItem\",\"position\":3,\"name\":\"Ora Athletic Slide\"}]},{\"@type\":\"WebSite\",\"@id\":\"https:\/\/www.miomiorun.com\/fr\/#website\",\"url\":\"https:\/\/www.miomiorun.com\/fr\/\",\"name\":\"MioMioRun\",\"description\":\"Boutique 100% running et trail\",\"publisher\":{\"@id\":\"https:\/\/www.miomiorun.com\/fr\/#organization\"},\"potentialAction\":[{\"@type\":\"SearchAction\",\"target\":{\"@type\":\"EntryPoint\",\"urlTemplate\":\"https:\/\/www.miomiorun.com\/fr\/?s={search_term_string}\"},\"query-input\":{\"@type\":\"PropertyValueSpecification\",\"valueRequired\":true,\"valueName\":\"search_term_string\"}}],\"inLanguage\":\"fr-FR\"},{\"@type\":\"Organization\",\"@id\":\"https:\/\/www.miomiorun.com\/fr\/#organization\",\"name\":\"MioMio Run\",\"url\":\"https:\/\/www.miomiorun.com\/fr\/\",\"logo\":{\"@type\":\"ImageObject\",\"inLanguage\":\"fr-FR\",\"@id\":\"https:\/\/www.miomiorun.com\/fr\/#\/schema\/logo\/image\/\",\"url\":\"https:\/\/www.miomiorun.com\/app\/uploads\/2019\/12\/logomio.png\",\"contentUrl\":\"https:\/\/www.miomiorun.com\/app\/uploads\/2019\/12\/logomio.png\",\"width\":115,\"height\":82,\"caption\":\"MioMio Run\"},\"image\":{\"@id\":\"https:\/\/www.miomiorun.com\/fr\/#\/schema\/logo\/image\/\"},\"sameAs\":[\"https:\/\/www.facebook.com\/miomiorun\/\",\"https:\/\/www.instagram.com\/miomiorun\/\"]}]}<\/script>\n<!-- \/ Yoast SEO plugin. -->","yoast_head_json":{"title":"HokaOra Athletic Slide - pantoufle de course - MioMioRun .com","description":"Le Hoka's Athletic Slide unisexe est le nouveau chausson d\u00e9fatiguant pour votre vie d'apr\u00e8s-course ! ax\u00e9 sur le confort et con\u00e7u pour le repos.","robots":{"index":"index","follow":"follow","max-snippet":"max-snippet:-1","max-image-preview":"max-image-preview:large","max-video-preview":"max-video-preview:-1"},"canonical":"https:\/\/www.miomiorun.com\/fr\/produit\/ora-athletic-slide\/","og_locale":"fr_FR","og_type":"article","og_title":"HokaOra Athletic Slide - pantoufle de course - MioMioRun .com","og_description":"Le Hoka's Athletic Slide unisexe est le nouveau chausson d\u00e9fatiguant pour votre vie d'apr\u00e8s-course ! ax\u00e9 sur le confort et con\u00e7u pour le repos.","og_url":"https:\/\/www.miomiorun.com\/fr\/produit\/ora-athletic-slide\/","og_site_name":"MioMioRun","article_publisher":"https:\/\/www.facebook.com\/miomiorun\/","article_modified_time":"2026-05-08T20:11:54+00:00","og_image":[{"width":600,"height":600,"url":"https:\/\/www.miomiorun.com\/app\/uploads\/2024\/08\/Hoka-Ora-Athletic-Slide-black-white-1155154-BWHT.webp","type":"image\/webp"}],"twitter_card":"summary_large_image","twitter_misc":{"Est. reading time":"1 minute"},"schema":{"@context":"https:\/\/schema.org","@graph":[{"@type":"WebPage","@id":"https:\/\/www.miomiorun.com\/fr\/produit\/ora-athletic-slide\/","url":"https:\/\/www.miomiorun.com\/fr\/produit\/ora-athletic-slide\/","name":"HokaOra Athletic Slide - pantoufle de course - MioMioRun .com","isPartOf":{"@id":"https:\/\/www.miomiorun.com\/fr\/#website"},"primaryImageOfPage":{"@id":"https:\/\/www.miomiorun.com\/fr\/produit\/ora-athletic-slide\/#primaryimage"},"image":{"@id":"https:\/\/www.miomiorun.com\/fr\/produit\/ora-athletic-slide\/#primaryimage"},"thumbnailUrl":"https:\/\/www.miomiorun.com\/app\/uploads\/2024\/08\/Hoka-Ora-Athletic-Slide-black-white-1155154-BWHT.webp","datePublished":"2024-07-24T17:13:47+00:00","dateModified":"2026-05-08T20:11:54+00:00","description":"Le Hoka's Athletic Slide unisexe est le nouveau chausson d\u00e9fatiguant pour votre vie d'apr\u00e8s-course ! ax\u00e9 sur le confort et con\u00e7u pour le repos.","breadcrumb":{"@id":"https:\/\/www.miomiorun.com\/fr\/produit\/ora-athletic-slide\/#breadcrumb"},"inLanguage":"fr-FR","potentialAction":[{"@type":"ReadAction","target":["https:\/\/www.miomiorun.com\/fr\/produit\/ora-athletic-slide\/"]}]},{"@type":"ImageObject","inLanguage":"fr-FR","@id":"https:\/\/www.miomiorun.com\/fr\/produit\/ora-athletic-slide\/#primaryimage","url":"https:\/\/www.miomiorun.com\/app\/uploads\/2024\/08\/Hoka-Ora-Athletic-Slide-black-white-1155154-BWHT.webp","contentUrl":"https:\/\/www.miomiorun.com\/app\/uploads\/2024\/08\/Hoka-Ora-Athletic-Slide-black-white-1155154-BWHT.webp","width":600,"height":600,"caption":"Hoka Ora Athletic Slide black white 1155154 BWHT"},{"@type":"BreadcrumbList","@id":"https:\/\/www.miomiorun.com\/fr\/produit\/ora-athletic-slide\/#breadcrumb","itemListElement":[{"@type":"ListItem","position":1,"name":"Home","item":"https:\/\/www.miomiorun.com\/fr\/home-page\/"},{"@type":"ListItem","position":2,"name":"Shop","item":"https:\/\/www.miomiorun.com\/shop\/"},{"@type":"ListItem","position":3,"name":"Ora Athletic Slide"}]},{"@type":"WebSite","@id":"https:\/\/www.miomiorun.com\/fr\/#website","url":"https:\/\/www.miomiorun.com\/fr\/","name":"MioMioRun","description":"Boutique 100% running et trail","publisher":{"@id":"https:\/\/www.miomiorun.com\/fr\/#organization"},"potentialAction":[{"@type":"SearchAction","target":{"@type":"EntryPoint","urlTemplate":"https:\/\/www.miomiorun.com\/fr\/?s={search_term_string}"},"query-input":{"@type":"PropertyValueSpecification","valueRequired":true,"valueName":"search_term_string"}}],"inLanguage":"fr-FR"},{"@type":"Organization","@id":"https:\/\/www.miomiorun.com\/fr\/#organization","name":"MioMio Run","url":"https:\/\/www.miomiorun.com\/fr\/","logo":{"@type":"ImageObject","inLanguage":"fr-FR","@id":"https:\/\/www.miomiorun.com\/fr\/#\/schema\/logo\/image\/","url":"https:\/\/www.miomiorun.com\/app\/uploads\/2019\/12\/logomio.png","contentUrl":"https:\/\/www.miomiorun.com\/app\/uploads\/2019\/12\/logomio.png","width":115,"height":82,"caption":"MioMio Run"},"image":{"@id":"https:\/\/www.miomiorun.com\/fr\/#\/schema\/logo\/image\/"},"sameAs":["https:\/\/www.facebook.com\/miomiorun\/","https:\/\/www.instagram.com\/miomiorun\/"]}]}},"_links":{"self":[{"href":"https:\/\/www.miomiorun.com\/fr\/wp-json\/wp\/v2\/product\/294435","targetHints":{"allow":["GET"]}}],"collection":[{"href":"https:\/\/www.miomiorun.com\/fr\/wp-json\/wp\/v2\/product"}],"about":[{"href":"https:\/\/www.miomiorun.com\/fr\/wp-json\/wp\/v2\/types\/product"}],"wp:featuredmedia":[{"embeddable":true,"href":"https:\/\/www.miomiorun.com\/fr\/wp-json\/wp\/v2\/media\/248000"}],"wp:attachment":[{"href":"https:\/\/www.miomiorun.com\/fr\/wp-json\/wp\/v2\/media?parent=294435"}],"wp:term":[{"taxonomy":"product_brand","embeddable":true,"href":"https:\/\/www.miomiorun.com\/fr\/wp-json\/wp\/v2\/product_brand?post=294435"},{"taxonomy":"product_cat","embeddable":true,"href":"https:\/\/www.miomiorun.com\/fr\/wp-json\/wp\/v2\/product_cat?post=294435"},{"taxonomy":"product_tag","embeddable":true,"href":"https:\/\/www.miomiorun.com\/fr\/wp-json\/wp\/v2\/product_tag?post=294435"}],"curies":[{"name":"wp","href":"https:\/\/api.w.org\/{rel}","templated":true}]}}