{"id":294434,"date":"2024-07-25T14:17:23","date_gmt":"2024-07-25T12:17:23","guid":{"rendered":"https:\/\/miomiorun.com\/prodotto\/olympus-6-uomo\/"},"modified":"2025-04-22T11:15:10","modified_gmt":"2025-04-22T09:15:10","slug":"olympus-6-homme","status":"publish","type":"product","link":"https:\/\/www.miomiorun.com\/fr\/produit\/olympus-6-homme\/","title":{"rendered":"Olympus 6 homme"},"content":{"rendered":"<div class=\"vc-row container\"><div class=\"vc-column\"><div class=\"vc-column-text\"><\/p>\n<p><strong>Caract\u00e9ristiques techniques<\/strong><\/p>\n<p>Cat\u00e9gorie : amorti sup\u00e9rieur<br \/>\nD\u00e9calage : o mm<br \/>\nHauteur de tige : 33 mm<br \/>\nPoids : 345 g<br \/>\nId\u00e9al pour : coureurs tout-terrain \u00e0 la recherche d&#8217;un mod\u00e8le bien amorti pouvant \u00eatre utilis\u00e9 sur des distances longues \u00e0 moyennes en montagne, ainsi que sur des chemins de terre et occasionnellement sur l&#8217;asphalte.<br \/>\nPoids de l&#8217;athl\u00e8te : 70-90 kg<br \/>\nAllure de course : moyenne (5.00 min\/km)<br \/>\n<a href=\"https:\/\/miomiorun.com\/fr\/guide-des-specificites\/\">Guide de sp\u00e9cification<\/a><\/p>\n<p><\/div><\/div><div class=\"vc-column\"><div class=\"vc-column-text\"><\/p>\n<div class=\"product attribute description\">\n<h2 class=\"value\" style=\"text-align: left;\">Partez \u00e0 la conqu\u00eate des sentiers avec la chaussure de trail running la plus souple et la plus r\u00e9sistante pour courir toute la journ\u00e9e.<\/h2>\n<h3 class=\"value\">Avec l&#8217;amorti, l&#8217;adh\u00e9rence et une bo\u00eete \u00e0 orteils plus spacieuse pour un maximum de confort et de s\u00e9curit\u00e9.<\/h3>\n<div>La nouvelle <strong>Olympus 6<\/strong> pour hommes a conserv\u00e9 la conception de la semelle interm\u00e9diaire en mousse souple et r\u00e9active et a mis \u00e0 jour la tige en mesh pour offrir une plus grande respirabilit\u00e9 pendant les longues journ\u00e9es sur les sentiers.<\/div>\n<div><\/div>\n<h2>La semelle Vibram\u00ae Megagrip offre une adh\u00e9rence fiable, avec des rainures am\u00e9lior\u00e9es pour plus de durabilit\u00e9, de stabilit\u00e9 et d&#8217;adh\u00e9rence pour \u00e9viter de glisser sur les terrains techniques.<\/h2>\n<div><\/div>\n<div>Un support de tendon d&#8217;Achille de haute qualit\u00e9 a \u00e9t\u00e9 ajout\u00e9 \u00e0 la toute nouvelle Olympus 6, con\u00e7u pour une sensation encore plus confortable. Vos orteils peuvent rester \u00e0 l&#8217;aise gr\u00e2ce \u00e0 l&#8217;Original FootShape Fit, la bo\u00eete \u00e0 orteils plus spacieuse, avec toute la surface dont vous avez besoin pour bouger librement et de l&#8217;espace pour le milieu du pied.<\/div>\n<div><\/div>\n<h3>Atteignez le sommet et profitez de la meilleure vue avec une chaussure confortable et durable con\u00e7ue pour vous aider \u00e0 conqu\u00e9rir le sentier.<\/h3>\n<\/div>\n<p>&nbsp;<\/p>\n<h3>Caract\u00e9ristiques :<\/h3>\n<ul>\n<li>Semelle interm\u00e9diaire : Mousse EVA souple moul\u00e9e par compression<\/li>\n<li>Semelle ext\u00e9rieure : Vibram<\/li>\n<li>Hauteur des crampons : 33mm\/33mm<\/li>\n<li>Partie sup\u00e9rieure : Technical Mesh<\/li>\n<li>Forme du pied : Originale<\/li>\n<li>Famille : Olympus<\/li>\n<li>Amortissement : Maximum<\/li>\n<li>Ligne : Pistes<\/li>\n<\/ul>\n<p><\/div><\/div><\/div>\n","protected":false},"excerpt":{"rendered":"<ul>\n<li>Semelle ext\u00e9rieure : Vibram\u00ae Megagrip<\/li>\n<li>Chaussure de trail running pour affronter tous les sentiers.<\/li>\n<\/ul>\n","protected":false},"featured_media":404349,"template":"","meta":{"_acf_changed":false,"inline_featured_image":false},"product_brand":[],"product_cat":[24448,24445],"product_tag":[23458,23671],"class_list":{"0":"post-294434","1":"product","2":"type-product","3":"status-publish","4":"has-post-thumbnail","6":"product_cat-chaussures-pour-hommes-fr","7":"product_cat-trail-fr-3","8":"product_tag-altra-fr","9":"product_tag-altra-homme","10":"pa_attivita-outdoor-fr","11":"pa_attivita-trail-fr","12":"pa_colore-olympus-6-gray-blue","13":"pa_colore-olympus-6-gray-lime","14":"pa_colore-olympus-6-gray-red-fr","15":"pa_marca-altra-fr","16":"pa_sesso-homme","17":"pa_size-41-fr","18":"pa_size-42-5-fr","19":"pa_size-43-fr","20":"pa_size-44-fr","21":"pa_size-44-5-fr","22":"pa_size-45-fr","23":"pa_size-46-fr","24":"pa_size-46-5-fr","26":"first","27":"instock","28":"sale","29":"taxable","30":"shipping-taxable","31":"purchasable","32":"product-type-variable","33":"wvs-archive-product-wrapper"},"acf":[],"yoast_head":"<!-- This site is optimized with the Yoast SEO plugin v26.8 - https:\/\/yoast.com\/product\/yoast-seo-wordpress\/ -->\n<title>Altra Olympus 6 homme - chaussures de trail - MioMioRun.com<\/title>\n<meta name=\"description\" content=\"La nouvelle Olympus 6 pour hommes a conserv\u00e9 la conception de la semelle interm\u00e9diaire en mousse souple et r\u00e9active et a mis \u00e0 jour l&#039;empeigne en mesh.\" \/>\n<meta name=\"robots\" content=\"index, follow, max-snippet:-1, max-image-preview:large, max-video-preview:-1\" \/>\n<link rel=\"canonical\" href=\"https:\/\/www.miomiorun.com\/fr\/produit\/olympus-6-homme\/\" \/>\n<meta property=\"og:locale\" content=\"fr_FR\" \/>\n<meta property=\"og:type\" content=\"article\" \/>\n<meta property=\"og:title\" content=\"Altra Olympus 6 homme - chaussures de trail - MioMioRun.com\" \/>\n<meta property=\"og:description\" content=\"La nouvelle Olympus 6 pour hommes a conserv\u00e9 la conception de la semelle interm\u00e9diaire en mousse souple et r\u00e9active et a mis \u00e0 jour l&#039;empeigne en mesh.\" \/>\n<meta property=\"og:url\" content=\"https:\/\/www.miomiorun.com\/fr\/produit\/olympus-6-homme\/\" \/>\n<meta property=\"og:site_name\" content=\"MioMioRun\" \/>\n<meta property=\"article:publisher\" content=\"https:\/\/www.facebook.com\/miomiorun\/\" \/>\n<meta property=\"article:modified_time\" content=\"2025-04-22T09:15:10+00:00\" \/>\n<meta property=\"og:image\" content=\"https:\/\/www.miomiorun.com\/app\/uploads\/2026\/02\/Altra-Olympus-6-gray-blue-AL0A85NJ2421.webp\" \/>\n\t<meta property=\"og:image:width\" content=\"720\" \/>\n\t<meta property=\"og:image:height\" content=\"720\" \/>\n\t<meta property=\"og:image:type\" content=\"image\/webp\" \/>\n<meta name=\"twitter:card\" content=\"summary_large_image\" \/>\n<meta name=\"twitter:label1\" content=\"Est. reading time\" \/>\n\t<meta name=\"twitter:data1\" content=\"2 minutes\" \/>\n<script type=\"application\/ld+json\" class=\"yoast-schema-graph\">{\"@context\":\"https:\/\/schema.org\",\"@graph\":[{\"@type\":\"WebPage\",\"@id\":\"https:\/\/www.miomiorun.com\/fr\/produit\/olympus-6-homme\/\",\"url\":\"https:\/\/www.miomiorun.com\/fr\/produit\/olympus-6-homme\/\",\"name\":\"Altra Olympus 6 homme - chaussures de trail - MioMioRun.com\",\"isPartOf\":{\"@id\":\"https:\/\/www.miomiorun.com\/fr\/#website\"},\"primaryImageOfPage\":{\"@id\":\"https:\/\/www.miomiorun.com\/fr\/produit\/olympus-6-homme\/#primaryimage\"},\"image\":{\"@id\":\"https:\/\/www.miomiorun.com\/fr\/produit\/olympus-6-homme\/#primaryimage\"},\"thumbnailUrl\":\"https:\/\/www.miomiorun.com\/app\/uploads\/2026\/02\/Altra-Olympus-6-gray-blue-AL0A85NJ2421.webp\",\"datePublished\":\"2024-07-25T12:17:23+00:00\",\"dateModified\":\"2025-04-22T09:15:10+00:00\",\"description\":\"La nouvelle Olympus 6 pour hommes a conserv\u00e9 la conception de la semelle interm\u00e9diaire en mousse souple et r\u00e9active et a mis \u00e0 jour l'empeigne en mesh.\",\"breadcrumb\":{\"@id\":\"https:\/\/www.miomiorun.com\/fr\/produit\/olympus-6-homme\/#breadcrumb\"},\"inLanguage\":\"fr-FR\",\"potentialAction\":[{\"@type\":\"ReadAction\",\"target\":[\"https:\/\/www.miomiorun.com\/fr\/produit\/olympus-6-homme\/\"]}]},{\"@type\":\"ImageObject\",\"inLanguage\":\"fr-FR\",\"@id\":\"https:\/\/www.miomiorun.com\/fr\/produit\/olympus-6-homme\/#primaryimage\",\"url\":\"https:\/\/www.miomiorun.com\/app\/uploads\/2026\/02\/Altra-Olympus-6-gray-blue-AL0A85NJ2421.webp\",\"contentUrl\":\"https:\/\/www.miomiorun.com\/app\/uploads\/2026\/02\/Altra-Olympus-6-gray-blue-AL0A85NJ2421.webp\",\"width\":720,\"height\":720,\"caption\":\"Altra Olympus 6 gray blue AL0A85NJ2421\"},{\"@type\":\"BreadcrumbList\",\"@id\":\"https:\/\/www.miomiorun.com\/fr\/produit\/olympus-6-homme\/#breadcrumb\",\"itemListElement\":[{\"@type\":\"ListItem\",\"position\":1,\"name\":\"Home\",\"item\":\"https:\/\/www.miomiorun.com\/fr\/home-page\/\"},{\"@type\":\"ListItem\",\"position\":2,\"name\":\"Shop\",\"item\":\"https:\/\/www.miomiorun.com\/shop\/\"},{\"@type\":\"ListItem\",\"position\":3,\"name\":\"Olympus 6 homme\"}]},{\"@type\":\"WebSite\",\"@id\":\"https:\/\/www.miomiorun.com\/fr\/#website\",\"url\":\"https:\/\/www.miomiorun.com\/fr\/\",\"name\":\"MioMioRun\",\"description\":\"Boutique 100% running et trail\",\"publisher\":{\"@id\":\"https:\/\/www.miomiorun.com\/fr\/#organization\"},\"potentialAction\":[{\"@type\":\"SearchAction\",\"target\":{\"@type\":\"EntryPoint\",\"urlTemplate\":\"https:\/\/www.miomiorun.com\/fr\/?s={search_term_string}\"},\"query-input\":{\"@type\":\"PropertyValueSpecification\",\"valueRequired\":true,\"valueName\":\"search_term_string\"}}],\"inLanguage\":\"fr-FR\"},{\"@type\":\"Organization\",\"@id\":\"https:\/\/www.miomiorun.com\/fr\/#organization\",\"name\":\"MioMio Run\",\"url\":\"https:\/\/www.miomiorun.com\/fr\/\",\"logo\":{\"@type\":\"ImageObject\",\"inLanguage\":\"fr-FR\",\"@id\":\"https:\/\/www.miomiorun.com\/fr\/#\/schema\/logo\/image\/\",\"url\":\"https:\/\/www.miomiorun.com\/app\/uploads\/2019\/12\/logomio.png\",\"contentUrl\":\"https:\/\/www.miomiorun.com\/app\/uploads\/2019\/12\/logomio.png\",\"width\":115,\"height\":82,\"caption\":\"MioMio Run\"},\"image\":{\"@id\":\"https:\/\/www.miomiorun.com\/fr\/#\/schema\/logo\/image\/\"},\"sameAs\":[\"https:\/\/www.facebook.com\/miomiorun\/\",\"https:\/\/www.instagram.com\/miomiorun\/\"]}]}<\/script>\n<!-- \/ Yoast SEO plugin. -->","yoast_head_json":{"title":"Altra Olympus 6 homme - chaussures de trail - MioMioRun.com","description":"La nouvelle Olympus 6 pour hommes a conserv\u00e9 la conception de la semelle interm\u00e9diaire en mousse souple et r\u00e9active et a mis \u00e0 jour l'empeigne en mesh.","robots":{"index":"index","follow":"follow","max-snippet":"max-snippet:-1","max-image-preview":"max-image-preview:large","max-video-preview":"max-video-preview:-1"},"canonical":"https:\/\/www.miomiorun.com\/fr\/produit\/olympus-6-homme\/","og_locale":"fr_FR","og_type":"article","og_title":"Altra Olympus 6 homme - chaussures de trail - MioMioRun.com","og_description":"La nouvelle Olympus 6 pour hommes a conserv\u00e9 la conception de la semelle interm\u00e9diaire en mousse souple et r\u00e9active et a mis \u00e0 jour l'empeigne en mesh.","og_url":"https:\/\/www.miomiorun.com\/fr\/produit\/olympus-6-homme\/","og_site_name":"MioMioRun","article_publisher":"https:\/\/www.facebook.com\/miomiorun\/","article_modified_time":"2025-04-22T09:15:10+00:00","og_image":[{"width":720,"height":720,"url":"https:\/\/www.miomiorun.com\/app\/uploads\/2026\/02\/Altra-Olympus-6-gray-blue-AL0A85NJ2421.webp","type":"image\/webp"}],"twitter_card":"summary_large_image","twitter_misc":{"Est. reading time":"2 minutes"},"schema":{"@context":"https:\/\/schema.org","@graph":[{"@type":"WebPage","@id":"https:\/\/www.miomiorun.com\/fr\/produit\/olympus-6-homme\/","url":"https:\/\/www.miomiorun.com\/fr\/produit\/olympus-6-homme\/","name":"Altra Olympus 6 homme - chaussures de trail - MioMioRun.com","isPartOf":{"@id":"https:\/\/www.miomiorun.com\/fr\/#website"},"primaryImageOfPage":{"@id":"https:\/\/www.miomiorun.com\/fr\/produit\/olympus-6-homme\/#primaryimage"},"image":{"@id":"https:\/\/www.miomiorun.com\/fr\/produit\/olympus-6-homme\/#primaryimage"},"thumbnailUrl":"https:\/\/www.miomiorun.com\/app\/uploads\/2026\/02\/Altra-Olympus-6-gray-blue-AL0A85NJ2421.webp","datePublished":"2024-07-25T12:17:23+00:00","dateModified":"2025-04-22T09:15:10+00:00","description":"La nouvelle Olympus 6 pour hommes a conserv\u00e9 la conception de la semelle interm\u00e9diaire en mousse souple et r\u00e9active et a mis \u00e0 jour l'empeigne en mesh.","breadcrumb":{"@id":"https:\/\/www.miomiorun.com\/fr\/produit\/olympus-6-homme\/#breadcrumb"},"inLanguage":"fr-FR","potentialAction":[{"@type":"ReadAction","target":["https:\/\/www.miomiorun.com\/fr\/produit\/olympus-6-homme\/"]}]},{"@type":"ImageObject","inLanguage":"fr-FR","@id":"https:\/\/www.miomiorun.com\/fr\/produit\/olympus-6-homme\/#primaryimage","url":"https:\/\/www.miomiorun.com\/app\/uploads\/2026\/02\/Altra-Olympus-6-gray-blue-AL0A85NJ2421.webp","contentUrl":"https:\/\/www.miomiorun.com\/app\/uploads\/2026\/02\/Altra-Olympus-6-gray-blue-AL0A85NJ2421.webp","width":720,"height":720,"caption":"Altra Olympus 6 gray blue AL0A85NJ2421"},{"@type":"BreadcrumbList","@id":"https:\/\/www.miomiorun.com\/fr\/produit\/olympus-6-homme\/#breadcrumb","itemListElement":[{"@type":"ListItem","position":1,"name":"Home","item":"https:\/\/www.miomiorun.com\/fr\/home-page\/"},{"@type":"ListItem","position":2,"name":"Shop","item":"https:\/\/www.miomiorun.com\/shop\/"},{"@type":"ListItem","position":3,"name":"Olympus 6 homme"}]},{"@type":"WebSite","@id":"https:\/\/www.miomiorun.com\/fr\/#website","url":"https:\/\/www.miomiorun.com\/fr\/","name":"MioMioRun","description":"Boutique 100% running et trail","publisher":{"@id":"https:\/\/www.miomiorun.com\/fr\/#organization"},"potentialAction":[{"@type":"SearchAction","target":{"@type":"EntryPoint","urlTemplate":"https:\/\/www.miomiorun.com\/fr\/?s={search_term_string}"},"query-input":{"@type":"PropertyValueSpecification","valueRequired":true,"valueName":"search_term_string"}}],"inLanguage":"fr-FR"},{"@type":"Organization","@id":"https:\/\/www.miomiorun.com\/fr\/#organization","name":"MioMio Run","url":"https:\/\/www.miomiorun.com\/fr\/","logo":{"@type":"ImageObject","inLanguage":"fr-FR","@id":"https:\/\/www.miomiorun.com\/fr\/#\/schema\/logo\/image\/","url":"https:\/\/www.miomiorun.com\/app\/uploads\/2019\/12\/logomio.png","contentUrl":"https:\/\/www.miomiorun.com\/app\/uploads\/2019\/12\/logomio.png","width":115,"height":82,"caption":"MioMio Run"},"image":{"@id":"https:\/\/www.miomiorun.com\/fr\/#\/schema\/logo\/image\/"},"sameAs":["https:\/\/www.facebook.com\/miomiorun\/","https:\/\/www.instagram.com\/miomiorun\/"]}]}},"_links":{"self":[{"href":"https:\/\/www.miomiorun.com\/fr\/wp-json\/wp\/v2\/product\/294434","targetHints":{"allow":["GET"]}}],"collection":[{"href":"https:\/\/www.miomiorun.com\/fr\/wp-json\/wp\/v2\/product"}],"about":[{"href":"https:\/\/www.miomiorun.com\/fr\/wp-json\/wp\/v2\/types\/product"}],"wp:featuredmedia":[{"embeddable":true,"href":"https:\/\/www.miomiorun.com\/fr\/wp-json\/wp\/v2\/media\/404349"}],"wp:attachment":[{"href":"https:\/\/www.miomiorun.com\/fr\/wp-json\/wp\/v2\/media?parent=294434"}],"wp:term":[{"taxonomy":"product_brand","embeddable":true,"href":"https:\/\/www.miomiorun.com\/fr\/wp-json\/wp\/v2\/product_brand?post=294434"},{"taxonomy":"product_cat","embeddable":true,"href":"https:\/\/www.miomiorun.com\/fr\/wp-json\/wp\/v2\/product_cat?post=294434"},{"taxonomy":"product_tag","embeddable":true,"href":"https:\/\/www.miomiorun.com\/fr\/wp-json\/wp\/v2\/product_tag?post=294434"}],"curies":[{"name":"wp","href":"https:\/\/api.w.org\/{rel}","templated":true}]}}