{"id":294321,"date":"2024-07-30T15:02:30","date_gmt":"2024-07-30T13:02:30","guid":{"rendered":"https:\/\/miomiorun.com\/prodotto\/infinite-elite-donna\/"},"modified":"2025-12-18T12:18:30","modified_gmt":"2025-12-18T11:18:30","slug":"infinite-elite-femme","status":"publish","type":"product","link":"https:\/\/www.miomiorun.com\/fr\/produit\/infinite-elite-femme\/","title":{"rendered":"Infinite Elite femme"},"content":{"rendered":"<div class=\"vc-row container\"><div class=\"vc-column\"><div class=\"vc-column-text\"><\/p>\n<h4>Caract\u00e9ristiques techniques<\/h4>\n<p>Cat\u00e9gorie : super amorti<br \/>\nD\u00e9calage : 8 mm<br \/>\nPoids : 264 g<br \/>\nId\u00e9al pour : la super amortie d&#8217;Under Armour est toujours id\u00e9ale pour ceux qui recherchent une chaussure protectrice et souple. Ceux qui ont un poids plus \u00e9lev\u00e9, une foul\u00e9e un peu plus lente ou qui recherchent un excellent confort pour les moyennes\/longues distances font confiance \u00e0 Infinite Elite. Enfin, elles conviennent bien \u00e0 ceux qui recherchent une chaussure pour am\u00e9liorer leur endurance.<br \/>\nPoids de l&#8217;athl\u00e8te : &gt; 70 kg<br \/>\nAllure de course : &gt; 5,30 min\/km<br \/>\n<a href=\"https:\/\/miomiorun.com\/guida-alle-specifiche-tecniche\/\">Guide des sp\u00e9cifications techniques<\/a><\/p>\n<p><\/div><\/div><div class=\"vc-column\"><div class=\"vc-column-text\"><\/p>\n<h2>Vous vous entra\u00eenez pour am\u00e9liorer votre endurance ?<\/h2>\n<p>Les <strong>Under Armour Infinite Elite<\/strong> pour femmes repr\u00e9sentent la derni\u00e8re fronti\u00e8re pour les passionn\u00e9es de course \u00e0 pied qui recherchent le meilleur de leurs chaussures. Gr\u00e2ce \u00e0 l&#8217;amorti r\u00e9actif <strong>UA HOVR+<\/strong>, ces chaussures offrent un soutien in\u00e9gal\u00e9, r\u00e9duisant la fatigue et vous permettant de maintenir un rythme \u00e9lev\u00e9 plus longtemps.<\/p>\n<p>Cette chaussure de course vous permet de garder vos jambes fra\u00eeches pour une puissance d&#8217;entra\u00eenement infinie. Ainsi, lorsque viendra le moment de jouer, vous surpasserez tout le monde.<\/p>\n<h3>Caract\u00e9ristiques :<\/h3>\n<ul>\n<li>Id\u00e9ales pour les coureurs qui recherchent une polyvalence maximale pour les entra\u00eenements rapides comme pour les longues distances plus lentes. <\/li>\n<li>Empeigne en mesh UA Intelliknit, r\u00e9sistante et respirante, con\u00e7ue avec une texture qui s&#8217;adapte \u00e0 la forme du pied pendant la course. <\/li>\n<li>Semelle interm\u00e9diaire en m\u00e9lange HOVR+, plus l\u00e9g\u00e8re, plus souple et plus r\u00e9active de 20 % que le m\u00e9lange HOVR traditionnel, qui amortit chaque impact, vous permettant ainsi d&#8217;\u00e9conomiser une \u00e9nergie pr\u00e9cieuse<\/li>\n<li>Semelle ext\u00e9rieure en caoutchouc Thinweb r\u00e9sistant qui offre une adh\u00e9rence et un grip maximaux. La forme arrondie sous le talon permet des atterrissages en douceur et une plus grande fluidit\u00e9 dans la transition talon-pointe.\n<li>Lacets plats avec \u0153illets int\u00e9gr\u00e9s directement \u00e0 la tige, permettant \u00e0 la structure d&#8217;envelopper le pied sans exercer de pression sur le dessus du pied.\n<li>Languette l\u00e9g\u00e8rement rembourr\u00e9e et partiellement int\u00e9gr\u00e9e \u00e0 la structure.\n<li>Col rembourr\u00e9 et allong\u00e9 \u00e0 l&#8217;arri\u00e8re pour un plus grand confort au niveau du tendon d&#8217;Achille.\n<li>Clip \u00e0 la base de la coque en mat\u00e9riau plus r\u00e9sistant qui bloque le talon pendant la foul\u00e9e.\n<li>Dispositif \u00e0 l&#8217;arri\u00e8re facilitant l&#8217;enfilage.<\/li>\n<li>D\u00e9tails r\u00e9fl\u00e9chissants.<\/li>\n<li>Semelle int\u00e9rieure moul\u00e9e et amovible<\/li>\n<\/li>\n<\/li>\n<\/li>\n<\/li>\n<\/li>\n<\/ul>\n<div class=\"module__primary-text module__text-headline2 cm-richtext\">\n<div>\n<h2><\/h2>\n<h2>COURSES SANS FIN. R\u00c9SISTANCE IMBATTABLE.<\/h2>\n<\/div>\n<\/div>\n<div class=\"module__columns\">\n<div class=\"module__secondary-text cm-richtext\">\n<div>\n<p>Ne vous arr\u00eatez jamais gr\u00e2ce \u00e0 des chaussures explosives d\u00e8s le premier pas : l&#8217;amorti souple et \u00e9lastique UA HOVR+ vous aide \u00e0 garder les jambes l\u00e9g\u00e8res et \u00e0 parcourir n&#8217;importe quelle distance.<\/p>\n<div class=\"module__list-item-text cm-richtext\">\n<div>\n<h3>\u00c9LAN SANS FIN<\/h3>\n<\/div>\n<\/div>\n<div class=\"module__list-item-subtitle cm-richtext\">\n<div>\n<p>L&#8217;amorti ultra souple et \u00e9lastique UA HOVR+ vous offre une propulsion du d\u00e9but \u00e0 la fin.<\/p>\n<div class=\"module__list-item-text cm-richtext\">\n<div>\n<h3>STABILIT\u00c9 MAXIMALE<\/h3>\n<\/div>\n<\/div>\n<div class=\"module__list-item-subtitle cm-richtext\">\n<div>\n<p>La tige Adaptive UA IntelliKnit suit votre foul\u00e9e et maintient parfaitement votre pied, quelle que soit la distance que vous souhaitez parcourir.<\/p>\n<div class=\"module__list-item-text cm-richtext\">\n<div>\n<h3>ATTERRISSAGES EN DOUCEUR<\/h3>\n<\/div>\n<\/div>\n<div class=\"module__list-item-subtitle cm-richtext\">\n<div>\n<p>Le design inclin\u00e9 du talon et la semelle en caoutchouc l\u00e9ger et r\u00e9sistant absorbent les chocs pour vous offrir une sensation de fluidit\u00e9 et de stabilit\u00e9.<\/p>\n<div class=\"module__primary-text module__text-headline2 cm-richtext\">\n<div>\n<h2>QU&#8217;EST-CE QUE UA HOVR+ ?<\/h2>\n<\/div>\n<\/div>\n<div class=\"module__columns\">\n<div class=\"module__secondary-text cm-richtext\">\n<div>\n<p>L&#8217;amorti UA HOVR\u2122+ restitue l&#8217;\u00e9nergie utilis\u00e9e dans une pouss\u00e9e \u00e9lastique qui vous accompagne m\u00eame lors de courses de longue distance, en fusionnant de petites billes de mousse pour amortir chaque impact, vous permettant ainsi d&#8217;\u00e9conomiser une \u00e9nergie pr\u00e9cieuse.<\/p>\n<\/div>\n<\/div>\n<\/div>\n<\/div>\n<\/div>\n<\/div>\n<\/div>\n<\/div>\n<\/div>\n<\/div>\n<\/div>\n<\/div>\n<p><\/div><\/div><\/div>\n","protected":false},"excerpt":{"rendered":"<ul>\n<li>Id\u00e9ales pour les coureurs qui recherchent une chaussure pour les entra\u00eenements rapides et les longues distances plus lentes.<\/li>\n<li>Dot\u00e9es d&#8217;un excellent amorti.<\/li>\n<li>Id\u00e9ales pour am\u00e9liorer son endurance.<\/li>\n<\/ul>\n","protected":false},"featured_media":248212,"template":"","meta":{"_acf_changed":false,"inline_featured_image":false},"product_brand":[],"product_cat":[24435,24434],"product_tag":[23530,23575],"class_list":{"0":"post-294321","1":"product","2":"type-product","3":"status-publish","4":"has-post-thumbnail","6":"product_cat-chaussures-pour-femmes-fr","7":"product_cat-neutre-fr-2","8":"product_tag-under-armour-fr","9":"product_tag-under-armour-femme","10":"pa_attivita-lifestyle-fr","11":"pa_attivita-marcher","12":"pa_attivita-running-fr","13":"pa_colore-infinite-elite-w-white-fr","14":"pa_marca-under-armour-fr","15":"pa_sesso-femme","16":"pa_size-38-5-fr","17":"pa_size-40-fr","19":"first","20":"instock","21":"sale","22":"taxable","23":"shipping-taxable","24":"purchasable","25":"product-type-variable","26":"wvs-archive-product-wrapper"},"acf":[],"yoast_head":"<!-- This site is optimized with the Yoast SEO plugin v26.8 - https:\/\/yoast.com\/product\/yoast-seo-wordpress\/ -->\n<title>Under ArmourInfinite Elite femme - chaussures de course \u00e0 pied - MioMioRun .com<\/title>\n<meta name=\"description\" content=\"Les Under Armour Infinite Elite pour femmes repr\u00e9sentent la derni\u00e8re fronti\u00e8re pour les passionn\u00e9es de course \u00e0 pied qui recherchent le meilleur de leurs chaussures.\" \/>\n<meta name=\"robots\" content=\"index, follow, max-snippet:-1, max-image-preview:large, max-video-preview:-1\" \/>\n<link rel=\"canonical\" href=\"https:\/\/www.miomiorun.com\/fr\/produit\/infinite-elite-femme\/\" \/>\n<meta property=\"og:locale\" content=\"fr_FR\" \/>\n<meta property=\"og:type\" content=\"article\" \/>\n<meta property=\"og:title\" content=\"Under ArmourInfinite Elite femme - chaussures de course \u00e0 pied - MioMioRun .com\" \/>\n<meta property=\"og:description\" content=\"Les Under Armour Infinite Elite pour femmes repr\u00e9sentent la derni\u00e8re fronti\u00e8re pour les passionn\u00e9es de course \u00e0 pied qui recherchent le meilleur de leurs chaussures.\" \/>\n<meta property=\"og:url\" content=\"https:\/\/www.miomiorun.com\/fr\/produit\/infinite-elite-femme\/\" \/>\n<meta property=\"og:site_name\" content=\"MioMioRun\" \/>\n<meta property=\"article:publisher\" content=\"https:\/\/www.facebook.com\/miomiorun\/\" \/>\n<meta property=\"article:modified_time\" content=\"2025-12-18T11:18:30+00:00\" \/>\n<meta property=\"og:image\" content=\"https:\/\/www.miomiorun.com\/app\/uploads\/2024\/08\/Under-Armour-Infinite-Elite-W-white-3027199-0102.webp\" \/>\n\t<meta property=\"og:image:width\" content=\"600\" \/>\n\t<meta property=\"og:image:height\" content=\"600\" \/>\n\t<meta property=\"og:image:type\" content=\"image\/webp\" \/>\n<meta name=\"twitter:card\" content=\"summary_large_image\" \/>\n<meta name=\"twitter:label1\" content=\"Est. reading time\" \/>\n\t<meta name=\"twitter:data1\" content=\"3 minutes\" \/>\n<script type=\"application\/ld+json\" class=\"yoast-schema-graph\">{\"@context\":\"https:\/\/schema.org\",\"@graph\":[{\"@type\":\"WebPage\",\"@id\":\"https:\/\/www.miomiorun.com\/fr\/produit\/infinite-elite-femme\/\",\"url\":\"https:\/\/www.miomiorun.com\/fr\/produit\/infinite-elite-femme\/\",\"name\":\"Under ArmourInfinite Elite femme - chaussures de course \u00e0 pied - MioMioRun .com\",\"isPartOf\":{\"@id\":\"https:\/\/www.miomiorun.com\/fr\/#website\"},\"primaryImageOfPage\":{\"@id\":\"https:\/\/www.miomiorun.com\/fr\/produit\/infinite-elite-femme\/#primaryimage\"},\"image\":{\"@id\":\"https:\/\/www.miomiorun.com\/fr\/produit\/infinite-elite-femme\/#primaryimage\"},\"thumbnailUrl\":\"https:\/\/www.miomiorun.com\/app\/uploads\/2024\/08\/Under-Armour-Infinite-Elite-W-white-3027199-0102.webp\",\"datePublished\":\"2024-07-30T13:02:30+00:00\",\"dateModified\":\"2025-12-18T11:18:30+00:00\",\"description\":\"Les Under Armour Infinite Elite pour femmes repr\u00e9sentent la derni\u00e8re fronti\u00e8re pour les passionn\u00e9es de course \u00e0 pied qui recherchent le meilleur de leurs chaussures.\",\"breadcrumb\":{\"@id\":\"https:\/\/www.miomiorun.com\/fr\/produit\/infinite-elite-femme\/#breadcrumb\"},\"inLanguage\":\"fr-FR\",\"potentialAction\":[{\"@type\":\"ReadAction\",\"target\":[\"https:\/\/www.miomiorun.com\/fr\/produit\/infinite-elite-femme\/\"]}]},{\"@type\":\"ImageObject\",\"inLanguage\":\"fr-FR\",\"@id\":\"https:\/\/www.miomiorun.com\/fr\/produit\/infinite-elite-femme\/#primaryimage\",\"url\":\"https:\/\/www.miomiorun.com\/app\/uploads\/2024\/08\/Under-Armour-Infinite-Elite-W-white-3027199-0102.webp\",\"contentUrl\":\"https:\/\/www.miomiorun.com\/app\/uploads\/2024\/08\/Under-Armour-Infinite-Elite-W-white-3027199-0102.webp\",\"width\":600,\"height\":600,\"caption\":\"Under Armour Infinite Elite W white 3027199 0102\"},{\"@type\":\"BreadcrumbList\",\"@id\":\"https:\/\/www.miomiorun.com\/fr\/produit\/infinite-elite-femme\/#breadcrumb\",\"itemListElement\":[{\"@type\":\"ListItem\",\"position\":1,\"name\":\"Home\",\"item\":\"https:\/\/www.miomiorun.com\/fr\/home-page\/\"},{\"@type\":\"ListItem\",\"position\":2,\"name\":\"Shop\",\"item\":\"https:\/\/www.miomiorun.com\/shop\/\"},{\"@type\":\"ListItem\",\"position\":3,\"name\":\"Infinite Elite femme\"}]},{\"@type\":\"WebSite\",\"@id\":\"https:\/\/www.miomiorun.com\/fr\/#website\",\"url\":\"https:\/\/www.miomiorun.com\/fr\/\",\"name\":\"MioMioRun\",\"description\":\"Boutique 100% running et trail\",\"publisher\":{\"@id\":\"https:\/\/www.miomiorun.com\/fr\/#organization\"},\"potentialAction\":[{\"@type\":\"SearchAction\",\"target\":{\"@type\":\"EntryPoint\",\"urlTemplate\":\"https:\/\/www.miomiorun.com\/fr\/?s={search_term_string}\"},\"query-input\":{\"@type\":\"PropertyValueSpecification\",\"valueRequired\":true,\"valueName\":\"search_term_string\"}}],\"inLanguage\":\"fr-FR\"},{\"@type\":\"Organization\",\"@id\":\"https:\/\/www.miomiorun.com\/fr\/#organization\",\"name\":\"MioMio Run\",\"url\":\"https:\/\/www.miomiorun.com\/fr\/\",\"logo\":{\"@type\":\"ImageObject\",\"inLanguage\":\"fr-FR\",\"@id\":\"https:\/\/www.miomiorun.com\/fr\/#\/schema\/logo\/image\/\",\"url\":\"https:\/\/www.miomiorun.com\/app\/uploads\/2019\/12\/logomio.png\",\"contentUrl\":\"https:\/\/www.miomiorun.com\/app\/uploads\/2019\/12\/logomio.png\",\"width\":115,\"height\":82,\"caption\":\"MioMio Run\"},\"image\":{\"@id\":\"https:\/\/www.miomiorun.com\/fr\/#\/schema\/logo\/image\/\"},\"sameAs\":[\"https:\/\/www.facebook.com\/miomiorun\/\",\"https:\/\/www.instagram.com\/miomiorun\/\"]}]}<\/script>\n<!-- \/ Yoast SEO plugin. -->","yoast_head_json":{"title":"Under ArmourInfinite Elite femme - chaussures de course \u00e0 pied - MioMioRun .com","description":"Les Under Armour Infinite Elite pour femmes repr\u00e9sentent la derni\u00e8re fronti\u00e8re pour les passionn\u00e9es de course \u00e0 pied qui recherchent le meilleur de leurs chaussures.","robots":{"index":"index","follow":"follow","max-snippet":"max-snippet:-1","max-image-preview":"max-image-preview:large","max-video-preview":"max-video-preview:-1"},"canonical":"https:\/\/www.miomiorun.com\/fr\/produit\/infinite-elite-femme\/","og_locale":"fr_FR","og_type":"article","og_title":"Under ArmourInfinite Elite femme - chaussures de course \u00e0 pied - MioMioRun .com","og_description":"Les Under Armour Infinite Elite pour femmes repr\u00e9sentent la derni\u00e8re fronti\u00e8re pour les passionn\u00e9es de course \u00e0 pied qui recherchent le meilleur de leurs chaussures.","og_url":"https:\/\/www.miomiorun.com\/fr\/produit\/infinite-elite-femme\/","og_site_name":"MioMioRun","article_publisher":"https:\/\/www.facebook.com\/miomiorun\/","article_modified_time":"2025-12-18T11:18:30+00:00","og_image":[{"width":600,"height":600,"url":"https:\/\/www.miomiorun.com\/app\/uploads\/2024\/08\/Under-Armour-Infinite-Elite-W-white-3027199-0102.webp","type":"image\/webp"}],"twitter_card":"summary_large_image","twitter_misc":{"Est. reading time":"3 minutes"},"schema":{"@context":"https:\/\/schema.org","@graph":[{"@type":"WebPage","@id":"https:\/\/www.miomiorun.com\/fr\/produit\/infinite-elite-femme\/","url":"https:\/\/www.miomiorun.com\/fr\/produit\/infinite-elite-femme\/","name":"Under ArmourInfinite Elite femme - chaussures de course \u00e0 pied - MioMioRun .com","isPartOf":{"@id":"https:\/\/www.miomiorun.com\/fr\/#website"},"primaryImageOfPage":{"@id":"https:\/\/www.miomiorun.com\/fr\/produit\/infinite-elite-femme\/#primaryimage"},"image":{"@id":"https:\/\/www.miomiorun.com\/fr\/produit\/infinite-elite-femme\/#primaryimage"},"thumbnailUrl":"https:\/\/www.miomiorun.com\/app\/uploads\/2024\/08\/Under-Armour-Infinite-Elite-W-white-3027199-0102.webp","datePublished":"2024-07-30T13:02:30+00:00","dateModified":"2025-12-18T11:18:30+00:00","description":"Les Under Armour Infinite Elite pour femmes repr\u00e9sentent la derni\u00e8re fronti\u00e8re pour les passionn\u00e9es de course \u00e0 pied qui recherchent le meilleur de leurs chaussures.","breadcrumb":{"@id":"https:\/\/www.miomiorun.com\/fr\/produit\/infinite-elite-femme\/#breadcrumb"},"inLanguage":"fr-FR","potentialAction":[{"@type":"ReadAction","target":["https:\/\/www.miomiorun.com\/fr\/produit\/infinite-elite-femme\/"]}]},{"@type":"ImageObject","inLanguage":"fr-FR","@id":"https:\/\/www.miomiorun.com\/fr\/produit\/infinite-elite-femme\/#primaryimage","url":"https:\/\/www.miomiorun.com\/app\/uploads\/2024\/08\/Under-Armour-Infinite-Elite-W-white-3027199-0102.webp","contentUrl":"https:\/\/www.miomiorun.com\/app\/uploads\/2024\/08\/Under-Armour-Infinite-Elite-W-white-3027199-0102.webp","width":600,"height":600,"caption":"Under Armour Infinite Elite W white 3027199 0102"},{"@type":"BreadcrumbList","@id":"https:\/\/www.miomiorun.com\/fr\/produit\/infinite-elite-femme\/#breadcrumb","itemListElement":[{"@type":"ListItem","position":1,"name":"Home","item":"https:\/\/www.miomiorun.com\/fr\/home-page\/"},{"@type":"ListItem","position":2,"name":"Shop","item":"https:\/\/www.miomiorun.com\/shop\/"},{"@type":"ListItem","position":3,"name":"Infinite Elite femme"}]},{"@type":"WebSite","@id":"https:\/\/www.miomiorun.com\/fr\/#website","url":"https:\/\/www.miomiorun.com\/fr\/","name":"MioMioRun","description":"Boutique 100% running et trail","publisher":{"@id":"https:\/\/www.miomiorun.com\/fr\/#organization"},"potentialAction":[{"@type":"SearchAction","target":{"@type":"EntryPoint","urlTemplate":"https:\/\/www.miomiorun.com\/fr\/?s={search_term_string}"},"query-input":{"@type":"PropertyValueSpecification","valueRequired":true,"valueName":"search_term_string"}}],"inLanguage":"fr-FR"},{"@type":"Organization","@id":"https:\/\/www.miomiorun.com\/fr\/#organization","name":"MioMio Run","url":"https:\/\/www.miomiorun.com\/fr\/","logo":{"@type":"ImageObject","inLanguage":"fr-FR","@id":"https:\/\/www.miomiorun.com\/fr\/#\/schema\/logo\/image\/","url":"https:\/\/www.miomiorun.com\/app\/uploads\/2019\/12\/logomio.png","contentUrl":"https:\/\/www.miomiorun.com\/app\/uploads\/2019\/12\/logomio.png","width":115,"height":82,"caption":"MioMio Run"},"image":{"@id":"https:\/\/www.miomiorun.com\/fr\/#\/schema\/logo\/image\/"},"sameAs":["https:\/\/www.facebook.com\/miomiorun\/","https:\/\/www.instagram.com\/miomiorun\/"]}]}},"_links":{"self":[{"href":"https:\/\/www.miomiorun.com\/fr\/wp-json\/wp\/v2\/product\/294321","targetHints":{"allow":["GET"]}}],"collection":[{"href":"https:\/\/www.miomiorun.com\/fr\/wp-json\/wp\/v2\/product"}],"about":[{"href":"https:\/\/www.miomiorun.com\/fr\/wp-json\/wp\/v2\/types\/product"}],"wp:featuredmedia":[{"embeddable":true,"href":"https:\/\/www.miomiorun.com\/fr\/wp-json\/wp\/v2\/media\/248212"}],"wp:attachment":[{"href":"https:\/\/www.miomiorun.com\/fr\/wp-json\/wp\/v2\/media?parent=294321"}],"wp:term":[{"taxonomy":"product_brand","embeddable":true,"href":"https:\/\/www.miomiorun.com\/fr\/wp-json\/wp\/v2\/product_brand?post=294321"},{"taxonomy":"product_cat","embeddable":true,"href":"https:\/\/www.miomiorun.com\/fr\/wp-json\/wp\/v2\/product_cat?post=294321"},{"taxonomy":"product_tag","embeddable":true,"href":"https:\/\/www.miomiorun.com\/fr\/wp-json\/wp\/v2\/product_tag?post=294321"}],"curies":[{"name":"wp","href":"https:\/\/api.w.org\/{rel}","templated":true}]}}