{"id":294305,"date":"2024-07-26T16:08:17","date_gmt":"2024-07-26T14:08:17","guid":{"rendered":"https:\/\/miomiorun.com\/prodotto\/infinite-pro-uomo\/"},"modified":"2025-12-04T11:02:09","modified_gmt":"2025-12-04T10:02:09","slug":"infinite-pro-homme","status":"publish","type":"product","link":"https:\/\/www.miomiorun.com\/fr\/produit\/infinite-pro-homme\/","title":{"rendered":"Infinite Pro homme"},"content":{"rendered":"<div class=\"vc-row container\"><div class=\"vc-column\"><div class=\"vc-column-text\"><\/p>\n<h4>Caract\u00e9ristiques techniques<\/h4>\n<p>Cat\u00e9gorie : amorti structur\u00e9.<br \/>\nD\u00e9calage : 8 mm<br \/>\nPoids : 326 g<br \/>\nId\u00e9al pour : les coureurs \u00e0 foul\u00e9e neutre \u00e0 la recherche d&#8217;un mod\u00e8le offrant un bon amorti et une excellente polyvalence pour la course et la marche sur de longues ou moyennes distances.<br \/>\nPoids de l&#8217;athl\u00e8te : 70 kg<br \/>\nAllure de course : moyenne (5 min\/km)<br \/>\n<a href=\"https:\/\/miomiorun.com\/fr\/guide-des-specificites\/\">Guide des sp\u00e9cifications techniques<\/a><\/p>\n<p><\/div><\/div><div class=\"vc-column\"><div class=\"vc-column-text\"><\/p>\n<h2 style=\"text-align: center\"><strong>Vous vous entra\u00eenez pour am\u00e9liorer votre endurance ?<\/strong><\/h2>\n<p><strong>UA Infinite Pro<\/strong> pour homme offre un soutien ad\u00e9quat et le nouvel amorti r\u00e9actif <strong>UA HOVR+<\/strong> pour r\u00e9duire la fatigue des jambes. Ainsi, lorsque votre coach vous dira \u00ab Continuez \u00e0 courir \u00bb, c&#8217;est vous qui dicterez le rythme.<\/p>\n<h3>Caract\u00e9ristiques :<\/h3>\n<div id=\"acc-1\" class=\"g-accordion-content collapse show\">\n<ul class=\"t-tabs_data\">\n<li class=\"t-tabs_list\">Empeigne en maille technique Warp respirante et structure zon\u00e9e pour un maintien optimal avec d\u00e9tails imprim\u00e9s en 3D<\/li>\n<li class=\"t-tabs_list\">Doublure du col et languette souples pour un ajustement et un confort am\u00e9lior\u00e9s<\/li>\n<li class=\"t-tabs_list\">La conception du talon permet des atterrissages en douceur, r\u00e9duit l&#8217;impact avec le sol et augmente la stabilit\u00e9 g\u00e9n\u00e9rale<\/li>\n<li class=\"t-tabs_list\">Semelle int\u00e9rieure moul\u00e9e en 3D qui enveloppe le pied pour un ajustement plus confortable<\/li>\n<li class=\"t-tabs_list\">L&#8217;amorti ultra r\u00e9actif UA HOVR\u2122+ r\u00e9duit l&#8217;impact et restitue de l&#8217;\u00e9nergie \u00e0 chaque foul\u00e9e pour vous propulser encore plus loin<\/li>\n<li class=\"t-tabs_list\">Semelle en caoutchouc con\u00e7ue pour offrir r\u00e9sistance, l\u00e9g\u00e8ret\u00e9 et retour d&#8217;\u00e9nergie l\u00e0 o\u00f9 vous en avez besoin<\/li>\n<\/ul>\n<h2 style=\"text-align: center\">COURSE SANS FIN .<\/h2>\n<h2 style=\"text-align: center\">UNE R\u00c9SISTANCE IMBATTABLE.<\/p>\n<p style=\"text-align: center\">Entra\u00eenez-vous au mieux gr\u00e2ce \u00e0 l&#8217;\u00e9quilibre parfait entre le maintien et l&#8217;amorti souple et \u00e9lastique de l&#8217;UA HOVR+.<br \/>\n&nbsp;<\/p>\n<div class=\"module__list-item-text cm-richtext\">\n<div>\n<h3 style=\"text-align: center\">UNE \u00c9LAN INFINIE<br \/>\n<\/h3>\n<\/div>\n<\/div>\n<div class=\"module__list-item-subtitle cm-richtext\">\n<div>\n<p style=\"text-align: center\">L&#8217;amorti ultra souple et \u00e9lastique UA HOVR+ vous offre une propulsion du d\u00e9but \u00e0 la fin. L&#8217;un de nos designers a d\u00e9clar\u00e9 que c&#8217;\u00e9tait \u00ab comme courir sur des trampolines \u00bb.<\/p>\n<div class=\"module__list-item-text cm-richtext\">\n<div>\n<h3 style=\"text-align: center\">STABILIT\u00c9 MAXIMALE<\/h3>\n<\/div>\n<\/div>\n<div class=\"module__list-item-subtitle cm-richtext\">\n<div>\n<p style=\"text-align: center\">La tige Adaptive UA IntelliKnit suit votre foul\u00e9e, maintenant parfaitement votre pied en place, quelle que soit la distance que vous souhaitez parcourir. <\/p>\n<div class=\"module__list-item-text cm-richtext\">\n<div>\n<h3 style=\"text-align: center\">ATTERRISSAGES EN DOUCEUR<\/h3>\n<\/div>\n<\/div>\n<div class=\"module__list-item-subtitle cm-richtext\">\n<div>\n<p style=\"text-align: center\">Le design inclin\u00e9 du talon et la semelle en caoutchouc l\u00e9ger et r\u00e9sistant absorbent les chocs pour vous offrir une sensation de fluidit\u00e9 et de stabilit\u00e9. <\/p>\n<\/div>\n<\/div>\n<\/div>\n<\/div>\n<\/div>\n<\/div>\n<\/h2>\n<\/div>\n<p>&nbsp;<\/p>\n<p>&nbsp;<\/p>\n<div class=\"module__primary-text module__text-headline3 cm-richtext\">\n<div>\n<h2>QU&#8217;EST-CE QUE UA HOVR+ ?<\/h2>\n<\/div>\n<\/div>\n<div class=\"module__columns\">\n<div class=\"module__secondary-text cm-richtext\">\n<div>\n<p>L&#8217;essence m\u00eame de l&#8217;amorti UA HOVR\u2122 r\u00e9side dans son retour d&#8217;\u00e9nergie, cette sensation de rebond qui vous propulse m\u00eame lors des courses les plus longues. Gr\u00e2ce \u00e0 de petites billes de mousse fusionn\u00e9es entre elles, nous avons augment\u00e9 l&#8217;\u00e9lasticit\u00e9 et donn\u00e9 naissance \u00e0 UA HOVR\u2122+.<\/p>\n<p>La meilleure fa\u00e7on de d\u00e9crire cette exp\u00e9rience ? C&#8217;est comme courir sur des mini-trampolines.<\/p>\n<\/div>\n<\/div>\n<\/div>\n<p><\/div><\/div><\/div>\n","protected":false},"excerpt":{"rendered":"<ul>\n<li>Amorti UA HOVR+, souple et \u00e9lastique<\/li>\n<li>Id\u00e9al pour am\u00e9liorer l&#8217;endurance<\/li>\n<li>Tige am\u00e9lior\u00e9e<\/li>\n<\/ul>\n","protected":false},"featured_media":248218,"template":"","meta":{"_acf_changed":false,"inline_featured_image":false},"product_brand":[],"product_cat":[24448,24447],"product_tag":[23530,23574],"class_list":{"0":"post-294305","1":"product","2":"type-product","3":"status-publish","4":"has-post-thumbnail","6":"product_cat-chaussures-pour-hommes-fr","7":"product_cat-neutre-fr-3","8":"product_tag-under-armour-fr","9":"product_tag-under-armour-homme","10":"pa_attivita-fitness-fr","11":"pa_attivita-marcher","12":"pa_attivita-running-fr","13":"pa_colore-infinite-pro-black-fr","14":"pa_marca-under-armour-fr","15":"pa_sesso-homme","16":"pa_size-41-fr","17":"pa_size-46-fr","19":"first","20":"instock","21":"sale","22":"taxable","23":"shipping-taxable","24":"purchasable","25":"product-type-variable","26":"wvs-archive-product-wrapper"},"acf":[],"yoast_head":"<!-- This site is optimized with the Yoast SEO plugin v26.8 - https:\/\/yoast.com\/product\/yoast-seo-wordpress\/ -->\n<title>Under ArmourInfinite Pro homme - chaussures de course - MioMioRun.com<\/title>\n<meta name=\"description\" content=\"UA Infinite Pro pour homme offre un soutien optimal et le nouveau syst\u00e8me d&#039;amorti r\u00e9actif UA HOVR+ pour r\u00e9duire la fatigue des jambes.\" \/>\n<meta name=\"robots\" content=\"index, follow, max-snippet:-1, max-image-preview:large, max-video-preview:-1\" \/>\n<link rel=\"canonical\" href=\"https:\/\/www.miomiorun.com\/fr\/produit\/infinite-pro-homme\/\" \/>\n<meta property=\"og:locale\" content=\"fr_FR\" \/>\n<meta property=\"og:type\" content=\"article\" \/>\n<meta property=\"og:title\" content=\"Under ArmourInfinite Pro homme - chaussures de course - MioMioRun.com\" \/>\n<meta property=\"og:description\" content=\"UA Infinite Pro pour homme offre un soutien optimal et le nouveau syst\u00e8me d&#039;amorti r\u00e9actif UA HOVR+ pour r\u00e9duire la fatigue des jambes.\" \/>\n<meta property=\"og:url\" content=\"https:\/\/www.miomiorun.com\/fr\/produit\/infinite-pro-homme\/\" \/>\n<meta property=\"og:site_name\" content=\"MioMioRun\" \/>\n<meta property=\"article:publisher\" content=\"https:\/\/www.facebook.com\/miomiorun\/\" \/>\n<meta property=\"article:modified_time\" content=\"2025-12-04T10:02:09+00:00\" \/>\n<meta property=\"og:image\" content=\"https:\/\/www.miomiorun.com\/app\/uploads\/2024\/08\/Under-Armour-Infinite-Pro-tech-blue-3027190-0401.webp\" \/>\n\t<meta property=\"og:image:width\" content=\"600\" \/>\n\t<meta property=\"og:image:height\" content=\"600\" \/>\n\t<meta property=\"og:image:type\" content=\"image\/webp\" \/>\n<meta name=\"twitter:card\" content=\"summary_large_image\" \/>\n<meta name=\"twitter:label1\" content=\"Est. reading time\" \/>\n\t<meta name=\"twitter:data1\" content=\"2 minutes\" \/>\n<script type=\"application\/ld+json\" class=\"yoast-schema-graph\">{\"@context\":\"https:\/\/schema.org\",\"@graph\":[{\"@type\":\"WebPage\",\"@id\":\"https:\/\/www.miomiorun.com\/fr\/produit\/infinite-pro-homme\/\",\"url\":\"https:\/\/www.miomiorun.com\/fr\/produit\/infinite-pro-homme\/\",\"name\":\"Under ArmourInfinite Pro homme - chaussures de course - MioMioRun.com\",\"isPartOf\":{\"@id\":\"https:\/\/www.miomiorun.com\/fr\/#website\"},\"primaryImageOfPage\":{\"@id\":\"https:\/\/www.miomiorun.com\/fr\/produit\/infinite-pro-homme\/#primaryimage\"},\"image\":{\"@id\":\"https:\/\/www.miomiorun.com\/fr\/produit\/infinite-pro-homme\/#primaryimage\"},\"thumbnailUrl\":\"https:\/\/www.miomiorun.com\/app\/uploads\/2024\/08\/Under-Armour-Infinite-Pro-black-3027190-0001.webp\",\"datePublished\":\"2024-07-26T14:08:17+00:00\",\"dateModified\":\"2025-12-04T10:02:09+00:00\",\"description\":\"UA Infinite Pro pour homme offre un soutien optimal et le nouveau syst\u00e8me d'amorti r\u00e9actif UA HOVR+ pour r\u00e9duire la fatigue des jambes.\",\"breadcrumb\":{\"@id\":\"https:\/\/www.miomiorun.com\/fr\/produit\/infinite-pro-homme\/#breadcrumb\"},\"inLanguage\":\"fr-FR\",\"potentialAction\":[{\"@type\":\"ReadAction\",\"target\":[\"https:\/\/www.miomiorun.com\/fr\/produit\/infinite-pro-homme\/\"]}]},{\"@type\":\"ImageObject\",\"inLanguage\":\"fr-FR\",\"@id\":\"https:\/\/www.miomiorun.com\/fr\/produit\/infinite-pro-homme\/#primaryimage\",\"url\":\"https:\/\/www.miomiorun.com\/app\/uploads\/2024\/08\/Under-Armour-Infinite-Pro-black-3027190-0001.webp\",\"contentUrl\":\"https:\/\/www.miomiorun.com\/app\/uploads\/2024\/08\/Under-Armour-Infinite-Pro-black-3027190-0001.webp\",\"width\":600,\"height\":600,\"caption\":\"Under Armour Infinite Pro black 3027190 0001\"},{\"@type\":\"BreadcrumbList\",\"@id\":\"https:\/\/www.miomiorun.com\/fr\/produit\/infinite-pro-homme\/#breadcrumb\",\"itemListElement\":[{\"@type\":\"ListItem\",\"position\":1,\"name\":\"Home\",\"item\":\"https:\/\/www.miomiorun.com\/fr\/home-page\/\"},{\"@type\":\"ListItem\",\"position\":2,\"name\":\"Shop\",\"item\":\"https:\/\/www.miomiorun.com\/shop\/\"},{\"@type\":\"ListItem\",\"position\":3,\"name\":\"Infinite Pro homme\"}]},{\"@type\":\"WebSite\",\"@id\":\"https:\/\/www.miomiorun.com\/fr\/#website\",\"url\":\"https:\/\/www.miomiorun.com\/fr\/\",\"name\":\"MioMioRun\",\"description\":\"Boutique 100% running et trail\",\"publisher\":{\"@id\":\"https:\/\/www.miomiorun.com\/fr\/#organization\"},\"potentialAction\":[{\"@type\":\"SearchAction\",\"target\":{\"@type\":\"EntryPoint\",\"urlTemplate\":\"https:\/\/www.miomiorun.com\/fr\/?s={search_term_string}\"},\"query-input\":{\"@type\":\"PropertyValueSpecification\",\"valueRequired\":true,\"valueName\":\"search_term_string\"}}],\"inLanguage\":\"fr-FR\"},{\"@type\":\"Organization\",\"@id\":\"https:\/\/www.miomiorun.com\/fr\/#organization\",\"name\":\"MioMio Run\",\"url\":\"https:\/\/www.miomiorun.com\/fr\/\",\"logo\":{\"@type\":\"ImageObject\",\"inLanguage\":\"fr-FR\",\"@id\":\"https:\/\/www.miomiorun.com\/fr\/#\/schema\/logo\/image\/\",\"url\":\"https:\/\/www.miomiorun.com\/app\/uploads\/2019\/12\/logomio.png\",\"contentUrl\":\"https:\/\/www.miomiorun.com\/app\/uploads\/2019\/12\/logomio.png\",\"width\":115,\"height\":82,\"caption\":\"MioMio Run\"},\"image\":{\"@id\":\"https:\/\/www.miomiorun.com\/fr\/#\/schema\/logo\/image\/\"},\"sameAs\":[\"https:\/\/www.facebook.com\/miomiorun\/\",\"https:\/\/www.instagram.com\/miomiorun\/\"]}]}<\/script>\n<!-- \/ Yoast SEO plugin. -->","yoast_head_json":{"title":"Under ArmourInfinite Pro homme - chaussures de course - MioMioRun.com","description":"UA Infinite Pro pour homme offre un soutien optimal et le nouveau syst\u00e8me d'amorti r\u00e9actif UA HOVR+ pour r\u00e9duire la fatigue des jambes.","robots":{"index":"index","follow":"follow","max-snippet":"max-snippet:-1","max-image-preview":"max-image-preview:large","max-video-preview":"max-video-preview:-1"},"canonical":"https:\/\/www.miomiorun.com\/fr\/produit\/infinite-pro-homme\/","og_locale":"fr_FR","og_type":"article","og_title":"Under ArmourInfinite Pro homme - chaussures de course - MioMioRun.com","og_description":"UA Infinite Pro pour homme offre un soutien optimal et le nouveau syst\u00e8me d'amorti r\u00e9actif UA HOVR+ pour r\u00e9duire la fatigue des jambes.","og_url":"https:\/\/www.miomiorun.com\/fr\/produit\/infinite-pro-homme\/","og_site_name":"MioMioRun","article_publisher":"https:\/\/www.facebook.com\/miomiorun\/","article_modified_time":"2025-12-04T10:02:09+00:00","og_image":[{"width":600,"height":600,"url":"https:\/\/www.miomiorun.com\/app\/uploads\/2024\/08\/Under-Armour-Infinite-Pro-tech-blue-3027190-0401.webp","type":"image\/webp"}],"twitter_card":"summary_large_image","twitter_misc":{"Est. reading time":"2 minutes"},"schema":{"@context":"https:\/\/schema.org","@graph":[{"@type":"WebPage","@id":"https:\/\/www.miomiorun.com\/fr\/produit\/infinite-pro-homme\/","url":"https:\/\/www.miomiorun.com\/fr\/produit\/infinite-pro-homme\/","name":"Under ArmourInfinite Pro homme - chaussures de course - MioMioRun.com","isPartOf":{"@id":"https:\/\/www.miomiorun.com\/fr\/#website"},"primaryImageOfPage":{"@id":"https:\/\/www.miomiorun.com\/fr\/produit\/infinite-pro-homme\/#primaryimage"},"image":{"@id":"https:\/\/www.miomiorun.com\/fr\/produit\/infinite-pro-homme\/#primaryimage"},"thumbnailUrl":"https:\/\/www.miomiorun.com\/app\/uploads\/2024\/08\/Under-Armour-Infinite-Pro-black-3027190-0001.webp","datePublished":"2024-07-26T14:08:17+00:00","dateModified":"2025-12-04T10:02:09+00:00","description":"UA Infinite Pro pour homme offre un soutien optimal et le nouveau syst\u00e8me d'amorti r\u00e9actif UA HOVR+ pour r\u00e9duire la fatigue des jambes.","breadcrumb":{"@id":"https:\/\/www.miomiorun.com\/fr\/produit\/infinite-pro-homme\/#breadcrumb"},"inLanguage":"fr-FR","potentialAction":[{"@type":"ReadAction","target":["https:\/\/www.miomiorun.com\/fr\/produit\/infinite-pro-homme\/"]}]},{"@type":"ImageObject","inLanguage":"fr-FR","@id":"https:\/\/www.miomiorun.com\/fr\/produit\/infinite-pro-homme\/#primaryimage","url":"https:\/\/www.miomiorun.com\/app\/uploads\/2024\/08\/Under-Armour-Infinite-Pro-black-3027190-0001.webp","contentUrl":"https:\/\/www.miomiorun.com\/app\/uploads\/2024\/08\/Under-Armour-Infinite-Pro-black-3027190-0001.webp","width":600,"height":600,"caption":"Under Armour Infinite Pro black 3027190 0001"},{"@type":"BreadcrumbList","@id":"https:\/\/www.miomiorun.com\/fr\/produit\/infinite-pro-homme\/#breadcrumb","itemListElement":[{"@type":"ListItem","position":1,"name":"Home","item":"https:\/\/www.miomiorun.com\/fr\/home-page\/"},{"@type":"ListItem","position":2,"name":"Shop","item":"https:\/\/www.miomiorun.com\/shop\/"},{"@type":"ListItem","position":3,"name":"Infinite Pro homme"}]},{"@type":"WebSite","@id":"https:\/\/www.miomiorun.com\/fr\/#website","url":"https:\/\/www.miomiorun.com\/fr\/","name":"MioMioRun","description":"Boutique 100% running et trail","publisher":{"@id":"https:\/\/www.miomiorun.com\/fr\/#organization"},"potentialAction":[{"@type":"SearchAction","target":{"@type":"EntryPoint","urlTemplate":"https:\/\/www.miomiorun.com\/fr\/?s={search_term_string}"},"query-input":{"@type":"PropertyValueSpecification","valueRequired":true,"valueName":"search_term_string"}}],"inLanguage":"fr-FR"},{"@type":"Organization","@id":"https:\/\/www.miomiorun.com\/fr\/#organization","name":"MioMio Run","url":"https:\/\/www.miomiorun.com\/fr\/","logo":{"@type":"ImageObject","inLanguage":"fr-FR","@id":"https:\/\/www.miomiorun.com\/fr\/#\/schema\/logo\/image\/","url":"https:\/\/www.miomiorun.com\/app\/uploads\/2019\/12\/logomio.png","contentUrl":"https:\/\/www.miomiorun.com\/app\/uploads\/2019\/12\/logomio.png","width":115,"height":82,"caption":"MioMio Run"},"image":{"@id":"https:\/\/www.miomiorun.com\/fr\/#\/schema\/logo\/image\/"},"sameAs":["https:\/\/www.facebook.com\/miomiorun\/","https:\/\/www.instagram.com\/miomiorun\/"]}]}},"_links":{"self":[{"href":"https:\/\/www.miomiorun.com\/fr\/wp-json\/wp\/v2\/product\/294305","targetHints":{"allow":["GET"]}}],"collection":[{"href":"https:\/\/www.miomiorun.com\/fr\/wp-json\/wp\/v2\/product"}],"about":[{"href":"https:\/\/www.miomiorun.com\/fr\/wp-json\/wp\/v2\/types\/product"}],"wp:featuredmedia":[{"embeddable":true,"href":"https:\/\/www.miomiorun.com\/fr\/wp-json\/wp\/v2\/media\/248218"}],"wp:attachment":[{"href":"https:\/\/www.miomiorun.com\/fr\/wp-json\/wp\/v2\/media?parent=294305"}],"wp:term":[{"taxonomy":"product_brand","embeddable":true,"href":"https:\/\/www.miomiorun.com\/fr\/wp-json\/wp\/v2\/product_brand?post=294305"},{"taxonomy":"product_cat","embeddable":true,"href":"https:\/\/www.miomiorun.com\/fr\/wp-json\/wp\/v2\/product_cat?post=294305"},{"taxonomy":"product_tag","embeddable":true,"href":"https:\/\/www.miomiorun.com\/fr\/wp-json\/wp\/v2\/product_tag?post=294305"}],"curies":[{"name":"wp","href":"https:\/\/api.w.org\/{rel}","templated":true}]}}