{"id":294197,"date":"2024-08-06T14:45:05","date_gmt":"2024-08-06T12:45:05","guid":{"rendered":"https:\/\/miomiorun.com\/prodotto\/velociti-elite-2-uomo\/"},"modified":"2025-12-05T18:38:26","modified_gmt":"2025-12-05T17:38:26","slug":"velociti-elite-2-homme","status":"publish","type":"product","link":"https:\/\/www.miomiorun.com\/fr\/produit\/velociti-elite-2-homme\/","title":{"rendered":"Velociti Elite 2 homme"},"content":{"rendered":"<div class=\"vc-row container\"><div class=\"vc-column\"><div class=\"vc-column-text\"><\/p>\n<h4>Caract\u00e9ristiques techniques<\/h4>\n<p>Cat\u00e9gorie : Amorti r\u00e9actif<br \/>\nD\u00e9calage : 8 mm<br \/>\nPoids : 232 g<br \/>\nId\u00e9al pour : les coureurs confirm\u00e9s, \u00e0 la recherche de performances \u00e9lev\u00e9es et de confort de course \u00e0 la fois, pour obtenir d&#8217;excellents r\u00e9sultats sur des courses longues comme un marathon et qui recherchent une chaussure avec une plaque en fibre de carbone.<br \/>\nPoids de l&#8217;athl\u00e8te : 50-65 kg<br \/>\nAllure de course : rapide (&gt;4,00 min\/km)<br \/>\n<a href=\"https:\/\/miomiorun.com\/fr\/guide-des-specificites\/\">Guide des sp\u00e9cifications techniques<\/a><\/p>\n<p><\/div><\/div><div class=\"vc-column\"><div class=\"vc-column-text\"><\/p>\n<h2>Test\u00e9es par certains des coureurs les plus rapides au monde, ces chaussures de marathon ont \u00e9t\u00e9 con\u00e7ues pour atteindre des vitesses de champion. <\/h2>\n<p>La semelle plate en fibre de carbone sur toute la longueur ajoute de la propulsion, tandis que l&#8217;amorti UA Flow sans caoutchouc rend cette chaussure l\u00e9g\u00e8re et adh\u00e9rente au sol.<\/p>\n<div class=\"module__primary-text module__text-headline2 cm-richtext\">\n<div>\n<h2 style=\"text-align: center\">CON\u00c7UE POUR GAGNER DES MARATHONS<\/h2>\n<\/div>\n<\/div>\n<div class=\"module__columns\">\n<div class=\"module__secondary-text cm-richtext\">\n<div>\n<p><strong>Velociti Elite 2<\/strong> pour homme est une chaussure l\u00e9g\u00e8re et rapide qui aidera les professionnels \u00e0 donner le meilleur d&#8217;eux-m\u00eames et \u00e0 remporter des marathons. \u00c0 l&#8217;instar de la coureuse professionnelle Sharon Lokedi qui, apr\u00e8s des mois d&#8217;essais et d&#8217;entra\u00eenements avec les UA Velociti Elite 2, a enfil\u00e9 ces chaussures sans caoutchouc et dot\u00e9es d&#8217;une plaque en fibre de carbone pour remporter son premier marathon en 2022.<\/p>\n<p><strong>Caract\u00e9ristiques :<\/strong><\/p>\n<div id=\"acc-1\" class=\"g-accordion-content collapse show\">\n<ul class=\"t-tabs_data\">\n<li class=\"t-tabs_list\">Avantages : l\u00e9g\u00e8ret\u00e9, vitesse et explosivit\u00e9 pour les courses de longue et moyenne distance, comme les marathons<\/li>\n<li class=\"t-tabs_list\">La tige Warp 2.0 optimise le maintien avec une stabilit\u00e9 l\u00e9g\u00e8re et permet une respirabilit\u00e9 maximale<\/li>\n<li class=\"t-tabs_list\">Semelle int\u00e9rieure en TPE pour plus de r\u00e9silience et d&#8217;\u00e9lasticit\u00e9 \u00e0 chaque foul\u00e9e<\/li>\n<li class=\"t-tabs_list\">La semelle plate en fibre de carbone sur toute la longueur ajoute de l&#8217;explosivit\u00e9 \u00e0 chaque foul\u00e9e<\/li>\n<li class=\"t-tabs_list\">La technologie Flow \u00e9limine la semelle en caoutchouc, favorisant une course plus l\u00e9g\u00e8re et plus fluide sur toutes les surfaces<\/li>\n<li class=\"t-tabs_list\">Le mat\u00e9riau de la semelle est ultra-r\u00e9sistant et am\u00e9liore la traction<\/li>\n<li class=\"t-tabs_list\">D\u00e9tails r\u00e9fl\u00e9chissants \u00e0 360\u00b0 pour une meilleure visibilit\u00e9 lors des courses dans des conditions de faible luminosit\u00e9<\/li>\n<\/ul>\n<div class=\"module__list-item-text cm-richtext\">\n<div>\n<p><strong>ULTRAL\u00c9G\u00c8RE ET RAPIDE<\/strong><\/p>\n<\/div>\n<\/div>\n<div class=\"module__list-item-subtitle cm-richtext\">\n<div>\n<p>La semelle UA Flow tout-en-un sans caoutchouc et le syst\u00e8me d&#8217;amorti vous procurent une sensation de l\u00e9g\u00e8ret\u00e9 qui vous connecte au sol.<\/p>\n<div class=\"module__list-item-text cm-richtext\">\n<div>\n<p><strong>OFFRE UNE POUSS\u00c9E SUPPL\u00c9MENTAIRE<\/strong><\/p>\n<\/div>\n<\/div>\n<div class=\"module__list-item-subtitle cm-richtext\">\n<div>\n<p>Courez aussi vite qu&#8217;une fus\u00e9e gr\u00e2ce \u00e0 la l\u00e9g\u00e8ret\u00e9 des UA Flow, \u00e0 la pouss\u00e9e propulsive de la mousse Pebax bio et \u00e0 la plaque en fibre de carbone.<\/p>\n<div class=\"module__list-item-text cm-richtext\">\n<div>\n<p><strong>CHaussure stable<\/strong><\/p>\n<\/div>\n<\/div>\n<div class=\"module__list-item-subtitle cm-richtext\">\n<div>\n<p>Con\u00e7ue pour \u00eatre minimaliste, respirante et flexible, elle enveloppe le pied aux bons endroits.<\/p>\n<\/div>\n<\/div>\n<\/div>\n<\/div>\n<\/div>\n<\/div>\n<\/div>\n<\/div>\n<\/div>\n<\/div>\n<p><\/div><\/div><\/div>\n","protected":false},"excerpt":{"rendered":"<ul>\n<li>Chaussure de marathon rapide et l\u00e9g\u00e8re<\/li>\n<li>Avec plaque en fibre de carbone<\/li>\n<\/ul>\n","protected":false},"featured_media":248230,"template":"","meta":{"_acf_changed":false,"inline_featured_image":false},"product_brand":[],"product_cat":[24448,24447,24484],"product_tag":[23530,23574],"class_list":{"0":"post-294197","1":"product","2":"type-product","3":"status-publish","4":"has-post-thumbnail","6":"product_cat-chaussures-pour-hommes-fr","7":"product_cat-neutre-fr-3","8":"product_cat-homme","9":"product_tag-under-armour-fr","10":"product_tag-under-armour-homme","11":"pa_attivita-running-fr","12":"pa_colore-velociti-elite-2-black-hyper-green-fr","13":"pa_colore-velociti-elite-2-morph-green-fr","14":"pa_colore-velociti-elite-2-white-ares-red-fr","15":"pa_marca-under-armour-fr","16":"pa_sesso-femme","17":"pa_sesso-homme","18":"pa_size-41-fr","19":"pa_size-42-5-fr","20":"pa_size-43-fr","21":"pa_size-44-fr","22":"pa_size-44-5-fr","23":"pa_size-45-fr","25":"first","26":"instock","27":"sale","28":"taxable","29":"shipping-taxable","30":"purchasable","31":"product-type-variable","32":"wvs-archive-product-wrapper"},"acf":[],"yoast_head":"<!-- This site is optimized with the Yoast SEO plugin v26.8 - https:\/\/yoast.com\/product\/yoast-seo-wordpress\/ -->\n<title>Under Armour Velociti Elite 2 homme - chaussures de course homme - MioMioRun<\/title>\n<meta name=\"description\" content=\"La Velociti Elite 2 pour homme est une chaussure l\u00e9g\u00e8re et rapide qui aidera les professionnels \u00e0 donner le meilleur d&#039;eux-m\u00eames et \u00e0 remporter des marathons.\" \/>\n<meta name=\"robots\" content=\"index, follow, max-snippet:-1, max-image-preview:large, max-video-preview:-1\" \/>\n<link rel=\"canonical\" href=\"https:\/\/www.miomiorun.com\/fr\/produit\/velociti-elite-2-homme\/\" \/>\n<meta property=\"og:locale\" content=\"fr_FR\" \/>\n<meta property=\"og:type\" content=\"article\" \/>\n<meta property=\"og:title\" content=\"Under Armour Velociti Elite 2 homme - chaussures de course homme - MioMioRun\" \/>\n<meta property=\"og:description\" content=\"La Velociti Elite 2 pour homme est une chaussure l\u00e9g\u00e8re et rapide qui aidera les professionnels \u00e0 donner le meilleur d&#039;eux-m\u00eames et \u00e0 remporter des marathons.\" \/>\n<meta property=\"og:url\" content=\"https:\/\/www.miomiorun.com\/fr\/produit\/velociti-elite-2-homme\/\" \/>\n<meta property=\"og:site_name\" content=\"MioMioRun\" \/>\n<meta property=\"article:publisher\" content=\"https:\/\/www.facebook.com\/miomiorun\/\" \/>\n<meta property=\"article:modified_time\" content=\"2025-12-05T17:38:26+00:00\" \/>\n<meta property=\"og:image\" content=\"https:\/\/www.miomiorun.com\/app\/uploads\/2024\/08\/Under-Armour-Velociti-Elite-2-morph-green-3027205-0300.webp\" \/>\n\t<meta property=\"og:image:width\" content=\"600\" \/>\n\t<meta property=\"og:image:height\" content=\"600\" \/>\n\t<meta property=\"og:image:type\" content=\"image\/webp\" \/>\n<meta name=\"twitter:card\" content=\"summary_large_image\" \/>\n<meta name=\"twitter:label1\" content=\"Est. reading time\" \/>\n\t<meta name=\"twitter:data1\" content=\"2 minutes\" \/>\n<script type=\"application\/ld+json\" class=\"yoast-schema-graph\">{\"@context\":\"https:\/\/schema.org\",\"@graph\":[{\"@type\":\"WebPage\",\"@id\":\"https:\/\/www.miomiorun.com\/fr\/produit\/velociti-elite-2-homme\/\",\"url\":\"https:\/\/www.miomiorun.com\/fr\/produit\/velociti-elite-2-homme\/\",\"name\":\"Under Armour Velociti Elite 2 homme - chaussures de course homme - MioMioRun\",\"isPartOf\":{\"@id\":\"https:\/\/www.miomiorun.com\/fr\/#website\"},\"primaryImageOfPage\":{\"@id\":\"https:\/\/www.miomiorun.com\/fr\/produit\/velociti-elite-2-homme\/#primaryimage\"},\"image\":{\"@id\":\"https:\/\/www.miomiorun.com\/fr\/produit\/velociti-elite-2-homme\/#primaryimage\"},\"thumbnailUrl\":\"https:\/\/www.miomiorun.com\/app\/uploads\/2024\/08\/Under-Armour-Velociti-Elite-2-morph-green-3027205-0300.webp\",\"datePublished\":\"2024-08-06T12:45:05+00:00\",\"dateModified\":\"2025-12-05T17:38:26+00:00\",\"description\":\"La Velociti Elite 2 pour homme est une chaussure l\u00e9g\u00e8re et rapide qui aidera les professionnels \u00e0 donner le meilleur d'eux-m\u00eames et \u00e0 remporter des marathons.\",\"breadcrumb\":{\"@id\":\"https:\/\/www.miomiorun.com\/fr\/produit\/velociti-elite-2-homme\/#breadcrumb\"},\"inLanguage\":\"fr-FR\",\"potentialAction\":[{\"@type\":\"ReadAction\",\"target\":[\"https:\/\/www.miomiorun.com\/fr\/produit\/velociti-elite-2-homme\/\"]}]},{\"@type\":\"ImageObject\",\"inLanguage\":\"fr-FR\",\"@id\":\"https:\/\/www.miomiorun.com\/fr\/produit\/velociti-elite-2-homme\/#primaryimage\",\"url\":\"https:\/\/www.miomiorun.com\/app\/uploads\/2024\/08\/Under-Armour-Velociti-Elite-2-morph-green-3027205-0300.webp\",\"contentUrl\":\"https:\/\/www.miomiorun.com\/app\/uploads\/2024\/08\/Under-Armour-Velociti-Elite-2-morph-green-3027205-0300.webp\",\"width\":600,\"height\":600,\"caption\":\"Under Armour Velociti Elite 2 morph green 3027205 0300\"},{\"@type\":\"BreadcrumbList\",\"@id\":\"https:\/\/www.miomiorun.com\/fr\/produit\/velociti-elite-2-homme\/#breadcrumb\",\"itemListElement\":[{\"@type\":\"ListItem\",\"position\":1,\"name\":\"Home\",\"item\":\"https:\/\/www.miomiorun.com\/fr\/home-page\/\"},{\"@type\":\"ListItem\",\"position\":2,\"name\":\"Shop\",\"item\":\"https:\/\/www.miomiorun.com\/shop\/\"},{\"@type\":\"ListItem\",\"position\":3,\"name\":\"Velociti Elite 2 homme\"}]},{\"@type\":\"WebSite\",\"@id\":\"https:\/\/www.miomiorun.com\/fr\/#website\",\"url\":\"https:\/\/www.miomiorun.com\/fr\/\",\"name\":\"MioMioRun\",\"description\":\"Boutique 100% running et trail\",\"publisher\":{\"@id\":\"https:\/\/www.miomiorun.com\/fr\/#organization\"},\"potentialAction\":[{\"@type\":\"SearchAction\",\"target\":{\"@type\":\"EntryPoint\",\"urlTemplate\":\"https:\/\/www.miomiorun.com\/fr\/?s={search_term_string}\"},\"query-input\":{\"@type\":\"PropertyValueSpecification\",\"valueRequired\":true,\"valueName\":\"search_term_string\"}}],\"inLanguage\":\"fr-FR\"},{\"@type\":\"Organization\",\"@id\":\"https:\/\/www.miomiorun.com\/fr\/#organization\",\"name\":\"MioMio Run\",\"url\":\"https:\/\/www.miomiorun.com\/fr\/\",\"logo\":{\"@type\":\"ImageObject\",\"inLanguage\":\"fr-FR\",\"@id\":\"https:\/\/www.miomiorun.com\/fr\/#\/schema\/logo\/image\/\",\"url\":\"https:\/\/www.miomiorun.com\/app\/uploads\/2019\/12\/logomio.png\",\"contentUrl\":\"https:\/\/www.miomiorun.com\/app\/uploads\/2019\/12\/logomio.png\",\"width\":115,\"height\":82,\"caption\":\"MioMio Run\"},\"image\":{\"@id\":\"https:\/\/www.miomiorun.com\/fr\/#\/schema\/logo\/image\/\"},\"sameAs\":[\"https:\/\/www.facebook.com\/miomiorun\/\",\"https:\/\/www.instagram.com\/miomiorun\/\"]}]}<\/script>\n<!-- \/ Yoast SEO plugin. -->","yoast_head_json":{"title":"Under Armour Velociti Elite 2 homme - chaussures de course homme - MioMioRun","description":"La Velociti Elite 2 pour homme est une chaussure l\u00e9g\u00e8re et rapide qui aidera les professionnels \u00e0 donner le meilleur d'eux-m\u00eames et \u00e0 remporter des marathons.","robots":{"index":"index","follow":"follow","max-snippet":"max-snippet:-1","max-image-preview":"max-image-preview:large","max-video-preview":"max-video-preview:-1"},"canonical":"https:\/\/www.miomiorun.com\/fr\/produit\/velociti-elite-2-homme\/","og_locale":"fr_FR","og_type":"article","og_title":"Under Armour Velociti Elite 2 homme - chaussures de course homme - MioMioRun","og_description":"La Velociti Elite 2 pour homme est une chaussure l\u00e9g\u00e8re et rapide qui aidera les professionnels \u00e0 donner le meilleur d'eux-m\u00eames et \u00e0 remporter des marathons.","og_url":"https:\/\/www.miomiorun.com\/fr\/produit\/velociti-elite-2-homme\/","og_site_name":"MioMioRun","article_publisher":"https:\/\/www.facebook.com\/miomiorun\/","article_modified_time":"2025-12-05T17:38:26+00:00","og_image":[{"width":600,"height":600,"url":"https:\/\/www.miomiorun.com\/app\/uploads\/2024\/08\/Under-Armour-Velociti-Elite-2-morph-green-3027205-0300.webp","type":"image\/webp"}],"twitter_card":"summary_large_image","twitter_misc":{"Est. reading time":"2 minutes"},"schema":{"@context":"https:\/\/schema.org","@graph":[{"@type":"WebPage","@id":"https:\/\/www.miomiorun.com\/fr\/produit\/velociti-elite-2-homme\/","url":"https:\/\/www.miomiorun.com\/fr\/produit\/velociti-elite-2-homme\/","name":"Under Armour Velociti Elite 2 homme - chaussures de course homme - MioMioRun","isPartOf":{"@id":"https:\/\/www.miomiorun.com\/fr\/#website"},"primaryImageOfPage":{"@id":"https:\/\/www.miomiorun.com\/fr\/produit\/velociti-elite-2-homme\/#primaryimage"},"image":{"@id":"https:\/\/www.miomiorun.com\/fr\/produit\/velociti-elite-2-homme\/#primaryimage"},"thumbnailUrl":"https:\/\/www.miomiorun.com\/app\/uploads\/2024\/08\/Under-Armour-Velociti-Elite-2-morph-green-3027205-0300.webp","datePublished":"2024-08-06T12:45:05+00:00","dateModified":"2025-12-05T17:38:26+00:00","description":"La Velociti Elite 2 pour homme est une chaussure l\u00e9g\u00e8re et rapide qui aidera les professionnels \u00e0 donner le meilleur d'eux-m\u00eames et \u00e0 remporter des marathons.","breadcrumb":{"@id":"https:\/\/www.miomiorun.com\/fr\/produit\/velociti-elite-2-homme\/#breadcrumb"},"inLanguage":"fr-FR","potentialAction":[{"@type":"ReadAction","target":["https:\/\/www.miomiorun.com\/fr\/produit\/velociti-elite-2-homme\/"]}]},{"@type":"ImageObject","inLanguage":"fr-FR","@id":"https:\/\/www.miomiorun.com\/fr\/produit\/velociti-elite-2-homme\/#primaryimage","url":"https:\/\/www.miomiorun.com\/app\/uploads\/2024\/08\/Under-Armour-Velociti-Elite-2-morph-green-3027205-0300.webp","contentUrl":"https:\/\/www.miomiorun.com\/app\/uploads\/2024\/08\/Under-Armour-Velociti-Elite-2-morph-green-3027205-0300.webp","width":600,"height":600,"caption":"Under Armour Velociti Elite 2 morph green 3027205 0300"},{"@type":"BreadcrumbList","@id":"https:\/\/www.miomiorun.com\/fr\/produit\/velociti-elite-2-homme\/#breadcrumb","itemListElement":[{"@type":"ListItem","position":1,"name":"Home","item":"https:\/\/www.miomiorun.com\/fr\/home-page\/"},{"@type":"ListItem","position":2,"name":"Shop","item":"https:\/\/www.miomiorun.com\/shop\/"},{"@type":"ListItem","position":3,"name":"Velociti Elite 2 homme"}]},{"@type":"WebSite","@id":"https:\/\/www.miomiorun.com\/fr\/#website","url":"https:\/\/www.miomiorun.com\/fr\/","name":"MioMioRun","description":"Boutique 100% running et trail","publisher":{"@id":"https:\/\/www.miomiorun.com\/fr\/#organization"},"potentialAction":[{"@type":"SearchAction","target":{"@type":"EntryPoint","urlTemplate":"https:\/\/www.miomiorun.com\/fr\/?s={search_term_string}"},"query-input":{"@type":"PropertyValueSpecification","valueRequired":true,"valueName":"search_term_string"}}],"inLanguage":"fr-FR"},{"@type":"Organization","@id":"https:\/\/www.miomiorun.com\/fr\/#organization","name":"MioMio Run","url":"https:\/\/www.miomiorun.com\/fr\/","logo":{"@type":"ImageObject","inLanguage":"fr-FR","@id":"https:\/\/www.miomiorun.com\/fr\/#\/schema\/logo\/image\/","url":"https:\/\/www.miomiorun.com\/app\/uploads\/2019\/12\/logomio.png","contentUrl":"https:\/\/www.miomiorun.com\/app\/uploads\/2019\/12\/logomio.png","width":115,"height":82,"caption":"MioMio Run"},"image":{"@id":"https:\/\/www.miomiorun.com\/fr\/#\/schema\/logo\/image\/"},"sameAs":["https:\/\/www.facebook.com\/miomiorun\/","https:\/\/www.instagram.com\/miomiorun\/"]}]}},"_links":{"self":[{"href":"https:\/\/www.miomiorun.com\/fr\/wp-json\/wp\/v2\/product\/294197","targetHints":{"allow":["GET"]}}],"collection":[{"href":"https:\/\/www.miomiorun.com\/fr\/wp-json\/wp\/v2\/product"}],"about":[{"href":"https:\/\/www.miomiorun.com\/fr\/wp-json\/wp\/v2\/types\/product"}],"wp:featuredmedia":[{"embeddable":true,"href":"https:\/\/www.miomiorun.com\/fr\/wp-json\/wp\/v2\/media\/248230"}],"wp:attachment":[{"href":"https:\/\/www.miomiorun.com\/fr\/wp-json\/wp\/v2\/media?parent=294197"}],"wp:term":[{"taxonomy":"product_brand","embeddable":true,"href":"https:\/\/www.miomiorun.com\/fr\/wp-json\/wp\/v2\/product_brand?post=294197"},{"taxonomy":"product_cat","embeddable":true,"href":"https:\/\/www.miomiorun.com\/fr\/wp-json\/wp\/v2\/product_cat?post=294197"},{"taxonomy":"product_tag","embeddable":true,"href":"https:\/\/www.miomiorun.com\/fr\/wp-json\/wp\/v2\/product_tag?post=294197"}],"curies":[{"name":"wp","href":"https:\/\/api.w.org\/{rel}","templated":true}]}}