{"id":294194,"date":"2024-08-06T15:02:17","date_gmt":"2024-08-06T13:02:17","guid":{"rendered":"https:\/\/miomiorun.com\/prodotto\/velociti-4-donna\/"},"modified":"2025-12-05T18:40:32","modified_gmt":"2025-12-05T17:40:32","slug":"velociti-4-femme","status":"publish","type":"product","link":"https:\/\/www.miomiorun.com\/fr\/produit\/velociti-4-femme\/","title":{"rendered":"Velociti 4 femme"},"content":{"rendered":"<div class=\"vc-row container\"><div class=\"vc-column\"><div class=\"vc-column-text\"><\/p>\n<p><strong>Caract\u00e9ristiques techniques<\/strong><\/p>\n<p>Cat\u00e9gorie : amorti r\u00e9actif<br \/>\nD\u00e9calage : 8 mm<br \/>\nPoids : 187 g<br \/>\nId\u00e9al pour : les coureurs \u00e0 foul\u00e9e neutre et pied moyen \u00e0 la recherche d&#8217;une chaussure polyvalente, l\u00e9g\u00e8re et ultra-rapide pour affronter avec aisance les distances moyennes et les entra\u00eenements, m\u00eame de qualit\u00e9.<br \/>\nPoids de l&#8217;athl\u00e8te : 50-65 kg<br \/>\nAllure de course : moyenne \u00e0 rapide (4,00-5,30 min\/km)<br \/>\n<a href=\"https:\/\/miomiorun.com\/fr\/guide-des-specificites\/\">Guide des sp\u00e9cifications techniques<\/a><\/p>\n<p><\/div> <\/div><div class=\"vc-column\"><div class=\"vc-column-text\">La toute nouvelle <strong>Velociti 4<\/strong> pour femmes est dot\u00e9e d&#8217;un amorti r\u00e9volutionnaire, l\u00e9ger, sans caoutchouc et r\u00e9sistant, qui offre une sensation de vitesse et une adh\u00e9rence exceptionnelle au sol lorsque vous vous entra\u00eenez pour donner le meilleur de vous-m\u00eame.<\/p>\n<p><strong>Caract\u00e9ristiques :<\/strong><\/p>\n<div id=\"acc-1\" class=\"g-accordion-content collapse show\">\n<ul class=\"t-tabs_data\">\n<li class=\"t-tabs_list\">La tige en maille plate offre une \u00e9lasticit\u00e9 dynamique, un ajustement enveloppant et une respirabilit\u00e9 l\u00e0 o\u00f9 vous en avez le plus besoin<\/li>\n<li class=\"t-tabs_list\">Col en mousse avec une structure et une \u00e9paisseur am\u00e9lior\u00e9es pour un confort et une stabilit\u00e9 sup\u00e9rieurs lors de l&#8217;impact du talon<\/li>\n<li class=\"t-tabs_list\">La semelle int\u00e9rieure en EVA ajoute de l&#8217;\u00e9lasticit\u00e9 et du rebond \u00e0 chaque pas<\/li>\n<li class=\"t-tabs_list\">Plus souple et plus l\u00e9g\u00e8re, la semelle interm\u00e9diaire Flow d&#8217;un seul tenant offre un amorti r\u00e9actif et durable.\n<li class=\"t-tabs_list\">La technologie Flow \u00e9limine la semelle en caoutchouc, favorisant une course plus l\u00e9g\u00e8re et plus fluide sur toutes les surfaces.\n<li class=\"t-tabs_list\">Le motif de la semelle est ultra-r\u00e9sistant et adh\u00e9rent pour une foul\u00e9e fluide et naturelle.\n<\/li>\n<p>&nbsp;<\/p>\n<\/li>\n<\/li>\n<\/ul>\n<\/div>\n<p><\/div><\/div><\/div>\n","protected":false},"excerpt":{"rendered":"<ul>\n<li>Chaussure l\u00e9g\u00e8re.<\/li>\n<li>Parfaite pour vos entra\u00eenements rapides.<\/li>\n<\/ul>\n","protected":false},"featured_media":248236,"template":"","meta":{"_acf_changed":false,"inline_featured_image":false},"product_brand":[],"product_cat":[22605,22606],"product_tag":[23530,23575],"class_list":{"0":"post-294194","1":"product","2":"type-product","3":"status-publish","4":"has-post-thumbnail","6":"product_cat-chaussures-pour-femmes","7":"product_cat-neutre","8":"product_tag-under-armour-fr","9":"product_tag-under-armour-femme","10":"pa_attivita-fitness-fr","11":"pa_attivita-marcher","12":"pa_attivita-running-fr","13":"pa_colore-velociti-4-se-w-white-fr","14":"pa_colore-velociti-4-w-black-anthracite-white-fr","15":"pa_colore-velociti-4-w-white-hyper-green-halo-gray-fr","16":"pa_marca-under-armour-fr","17":"pa_sesso-femme","18":"pa_size-37-5-fr","19":"pa_size-38-fr","20":"pa_size-38-5-fr","21":"pa_size-39-fr","22":"pa_size-40-fr","23":"pa_size-40-5-fr","25":"first","26":"instock","27":"sale","28":"taxable","29":"shipping-taxable","30":"purchasable","31":"product-type-variable","32":"wvs-archive-product-wrapper"},"acf":[],"yoast_head":"<!-- This site is optimized with the Yoast SEO plugin v26.8 - https:\/\/yoast.com\/product\/yoast-seo-wordpress\/ -->\n<title>Under Armour Velociti 4 femme - chaussures de course - MioMioRun<\/title>\n<meta name=\"description\" content=\"La toute nouvelle Velociti 4 pour femmes est dot\u00e9e d&#039;un amorti r\u00e9volutionnaire, l\u00e9ger, sans caoutchouc et r\u00e9sistant, qui procure une sensation de vitesse.\" \/>\n<meta name=\"robots\" content=\"index, follow, max-snippet:-1, max-image-preview:large, max-video-preview:-1\" \/>\n<link rel=\"canonical\" href=\"https:\/\/www.miomiorun.com\/fr\/produit\/velociti-4-femme\/\" \/>\n<meta property=\"og:locale\" content=\"fr_FR\" \/>\n<meta property=\"og:type\" content=\"article\" \/>\n<meta property=\"og:title\" content=\"Under Armour Velociti 4 femme - chaussures de course - MioMioRun\" \/>\n<meta property=\"og:description\" content=\"La toute nouvelle Velociti 4 pour femmes est dot\u00e9e d&#039;un amorti r\u00e9volutionnaire, l\u00e9ger, sans caoutchouc et r\u00e9sistant, qui procure une sensation de vitesse.\" \/>\n<meta property=\"og:url\" content=\"https:\/\/www.miomiorun.com\/fr\/produit\/velociti-4-femme\/\" \/>\n<meta property=\"og:site_name\" content=\"MioMioRun\" \/>\n<meta property=\"article:publisher\" content=\"https:\/\/www.facebook.com\/miomiorun\/\" \/>\n<meta property=\"article:modified_time\" content=\"2025-12-05T17:40:32+00:00\" \/>\n<meta property=\"og:image\" content=\"https:\/\/www.miomiorun.com\/app\/uploads\/2024\/08\/Under-Armour-Velociti-4-SE-W-white-3027586-0102.webp\" \/>\n\t<meta property=\"og:image:width\" content=\"600\" \/>\n\t<meta property=\"og:image:height\" content=\"600\" \/>\n\t<meta property=\"og:image:type\" content=\"image\/webp\" \/>\n<meta name=\"twitter:card\" content=\"summary_large_image\" \/>\n<meta name=\"twitter:label1\" content=\"Est. reading time\" \/>\n\t<meta name=\"twitter:data1\" content=\"1 minute\" \/>\n<script type=\"application\/ld+json\" class=\"yoast-schema-graph\">{\"@context\":\"https:\/\/schema.org\",\"@graph\":[{\"@type\":\"WebPage\",\"@id\":\"https:\/\/www.miomiorun.com\/fr\/produit\/velociti-4-femme\/\",\"url\":\"https:\/\/www.miomiorun.com\/fr\/produit\/velociti-4-femme\/\",\"name\":\"Under Armour Velociti 4 femme - chaussures de course - MioMioRun\",\"isPartOf\":{\"@id\":\"https:\/\/www.miomiorun.com\/fr\/#website\"},\"primaryImageOfPage\":{\"@id\":\"https:\/\/www.miomiorun.com\/fr\/produit\/velociti-4-femme\/#primaryimage\"},\"image\":{\"@id\":\"https:\/\/www.miomiorun.com\/fr\/produit\/velociti-4-femme\/#primaryimage\"},\"thumbnailUrl\":\"https:\/\/www.miomiorun.com\/app\/uploads\/2024\/08\/Under-Armour-Velociti-4-SE-W-white-3027586-0102.webp\",\"datePublished\":\"2024-08-06T13:02:17+00:00\",\"dateModified\":\"2025-12-05T17:40:32+00:00\",\"description\":\"La toute nouvelle Velociti 4 pour femmes est dot\u00e9e d'un amorti r\u00e9volutionnaire, l\u00e9ger, sans caoutchouc et r\u00e9sistant, qui procure une sensation de vitesse.\",\"breadcrumb\":{\"@id\":\"https:\/\/www.miomiorun.com\/fr\/produit\/velociti-4-femme\/#breadcrumb\"},\"inLanguage\":\"fr-FR\",\"potentialAction\":[{\"@type\":\"ReadAction\",\"target\":[\"https:\/\/www.miomiorun.com\/fr\/produit\/velociti-4-femme\/\"]}]},{\"@type\":\"ImageObject\",\"inLanguage\":\"fr-FR\",\"@id\":\"https:\/\/www.miomiorun.com\/fr\/produit\/velociti-4-femme\/#primaryimage\",\"url\":\"https:\/\/www.miomiorun.com\/app\/uploads\/2024\/08\/Under-Armour-Velociti-4-SE-W-white-3027586-0102.webp\",\"contentUrl\":\"https:\/\/www.miomiorun.com\/app\/uploads\/2024\/08\/Under-Armour-Velociti-4-SE-W-white-3027586-0102.webp\",\"width\":600,\"height\":600,\"caption\":\"Under Armour Velociti 4 SE W white 3027586 0102\"},{\"@type\":\"BreadcrumbList\",\"@id\":\"https:\/\/www.miomiorun.com\/fr\/produit\/velociti-4-femme\/#breadcrumb\",\"itemListElement\":[{\"@type\":\"ListItem\",\"position\":1,\"name\":\"Home\",\"item\":\"https:\/\/www.miomiorun.com\/fr\/home-page\/\"},{\"@type\":\"ListItem\",\"position\":2,\"name\":\"Shop\",\"item\":\"https:\/\/www.miomiorun.com\/shop\/\"},{\"@type\":\"ListItem\",\"position\":3,\"name\":\"Velociti 4 femme\"}]},{\"@type\":\"WebSite\",\"@id\":\"https:\/\/www.miomiorun.com\/fr\/#website\",\"url\":\"https:\/\/www.miomiorun.com\/fr\/\",\"name\":\"MioMioRun\",\"description\":\"Boutique 100% running et trail\",\"publisher\":{\"@id\":\"https:\/\/www.miomiorun.com\/fr\/#organization\"},\"potentialAction\":[{\"@type\":\"SearchAction\",\"target\":{\"@type\":\"EntryPoint\",\"urlTemplate\":\"https:\/\/www.miomiorun.com\/fr\/?s={search_term_string}\"},\"query-input\":{\"@type\":\"PropertyValueSpecification\",\"valueRequired\":true,\"valueName\":\"search_term_string\"}}],\"inLanguage\":\"fr-FR\"},{\"@type\":\"Organization\",\"@id\":\"https:\/\/www.miomiorun.com\/fr\/#organization\",\"name\":\"MioMio Run\",\"url\":\"https:\/\/www.miomiorun.com\/fr\/\",\"logo\":{\"@type\":\"ImageObject\",\"inLanguage\":\"fr-FR\",\"@id\":\"https:\/\/www.miomiorun.com\/fr\/#\/schema\/logo\/image\/\",\"url\":\"https:\/\/www.miomiorun.com\/app\/uploads\/2019\/12\/logomio.png\",\"contentUrl\":\"https:\/\/www.miomiorun.com\/app\/uploads\/2019\/12\/logomio.png\",\"width\":115,\"height\":82,\"caption\":\"MioMio Run\"},\"image\":{\"@id\":\"https:\/\/www.miomiorun.com\/fr\/#\/schema\/logo\/image\/\"},\"sameAs\":[\"https:\/\/www.facebook.com\/miomiorun\/\",\"https:\/\/www.instagram.com\/miomiorun\/\"]}]}<\/script>\n<!-- \/ Yoast SEO plugin. -->","yoast_head_json":{"title":"Under Armour Velociti 4 femme - chaussures de course - MioMioRun","description":"La toute nouvelle Velociti 4 pour femmes est dot\u00e9e d'un amorti r\u00e9volutionnaire, l\u00e9ger, sans caoutchouc et r\u00e9sistant, qui procure une sensation de vitesse.","robots":{"index":"index","follow":"follow","max-snippet":"max-snippet:-1","max-image-preview":"max-image-preview:large","max-video-preview":"max-video-preview:-1"},"canonical":"https:\/\/www.miomiorun.com\/fr\/produit\/velociti-4-femme\/","og_locale":"fr_FR","og_type":"article","og_title":"Under Armour Velociti 4 femme - chaussures de course - MioMioRun","og_description":"La toute nouvelle Velociti 4 pour femmes est dot\u00e9e d'un amorti r\u00e9volutionnaire, l\u00e9ger, sans caoutchouc et r\u00e9sistant, qui procure une sensation de vitesse.","og_url":"https:\/\/www.miomiorun.com\/fr\/produit\/velociti-4-femme\/","og_site_name":"MioMioRun","article_publisher":"https:\/\/www.facebook.com\/miomiorun\/","article_modified_time":"2025-12-05T17:40:32+00:00","og_image":[{"width":600,"height":600,"url":"https:\/\/www.miomiorun.com\/app\/uploads\/2024\/08\/Under-Armour-Velociti-4-SE-W-white-3027586-0102.webp","type":"image\/webp"}],"twitter_card":"summary_large_image","twitter_misc":{"Est. reading time":"1 minute"},"schema":{"@context":"https:\/\/schema.org","@graph":[{"@type":"WebPage","@id":"https:\/\/www.miomiorun.com\/fr\/produit\/velociti-4-femme\/","url":"https:\/\/www.miomiorun.com\/fr\/produit\/velociti-4-femme\/","name":"Under Armour Velociti 4 femme - chaussures de course - MioMioRun","isPartOf":{"@id":"https:\/\/www.miomiorun.com\/fr\/#website"},"primaryImageOfPage":{"@id":"https:\/\/www.miomiorun.com\/fr\/produit\/velociti-4-femme\/#primaryimage"},"image":{"@id":"https:\/\/www.miomiorun.com\/fr\/produit\/velociti-4-femme\/#primaryimage"},"thumbnailUrl":"https:\/\/www.miomiorun.com\/app\/uploads\/2024\/08\/Under-Armour-Velociti-4-SE-W-white-3027586-0102.webp","datePublished":"2024-08-06T13:02:17+00:00","dateModified":"2025-12-05T17:40:32+00:00","description":"La toute nouvelle Velociti 4 pour femmes est dot\u00e9e d'un amorti r\u00e9volutionnaire, l\u00e9ger, sans caoutchouc et r\u00e9sistant, qui procure une sensation de vitesse.","breadcrumb":{"@id":"https:\/\/www.miomiorun.com\/fr\/produit\/velociti-4-femme\/#breadcrumb"},"inLanguage":"fr-FR","potentialAction":[{"@type":"ReadAction","target":["https:\/\/www.miomiorun.com\/fr\/produit\/velociti-4-femme\/"]}]},{"@type":"ImageObject","inLanguage":"fr-FR","@id":"https:\/\/www.miomiorun.com\/fr\/produit\/velociti-4-femme\/#primaryimage","url":"https:\/\/www.miomiorun.com\/app\/uploads\/2024\/08\/Under-Armour-Velociti-4-SE-W-white-3027586-0102.webp","contentUrl":"https:\/\/www.miomiorun.com\/app\/uploads\/2024\/08\/Under-Armour-Velociti-4-SE-W-white-3027586-0102.webp","width":600,"height":600,"caption":"Under Armour Velociti 4 SE W white 3027586 0102"},{"@type":"BreadcrumbList","@id":"https:\/\/www.miomiorun.com\/fr\/produit\/velociti-4-femme\/#breadcrumb","itemListElement":[{"@type":"ListItem","position":1,"name":"Home","item":"https:\/\/www.miomiorun.com\/fr\/home-page\/"},{"@type":"ListItem","position":2,"name":"Shop","item":"https:\/\/www.miomiorun.com\/shop\/"},{"@type":"ListItem","position":3,"name":"Velociti 4 femme"}]},{"@type":"WebSite","@id":"https:\/\/www.miomiorun.com\/fr\/#website","url":"https:\/\/www.miomiorun.com\/fr\/","name":"MioMioRun","description":"Boutique 100% running et trail","publisher":{"@id":"https:\/\/www.miomiorun.com\/fr\/#organization"},"potentialAction":[{"@type":"SearchAction","target":{"@type":"EntryPoint","urlTemplate":"https:\/\/www.miomiorun.com\/fr\/?s={search_term_string}"},"query-input":{"@type":"PropertyValueSpecification","valueRequired":true,"valueName":"search_term_string"}}],"inLanguage":"fr-FR"},{"@type":"Organization","@id":"https:\/\/www.miomiorun.com\/fr\/#organization","name":"MioMio Run","url":"https:\/\/www.miomiorun.com\/fr\/","logo":{"@type":"ImageObject","inLanguage":"fr-FR","@id":"https:\/\/www.miomiorun.com\/fr\/#\/schema\/logo\/image\/","url":"https:\/\/www.miomiorun.com\/app\/uploads\/2019\/12\/logomio.png","contentUrl":"https:\/\/www.miomiorun.com\/app\/uploads\/2019\/12\/logomio.png","width":115,"height":82,"caption":"MioMio Run"},"image":{"@id":"https:\/\/www.miomiorun.com\/fr\/#\/schema\/logo\/image\/"},"sameAs":["https:\/\/www.facebook.com\/miomiorun\/","https:\/\/www.instagram.com\/miomiorun\/"]}]}},"_links":{"self":[{"href":"https:\/\/www.miomiorun.com\/fr\/wp-json\/wp\/v2\/product\/294194","targetHints":{"allow":["GET"]}}],"collection":[{"href":"https:\/\/www.miomiorun.com\/fr\/wp-json\/wp\/v2\/product"}],"about":[{"href":"https:\/\/www.miomiorun.com\/fr\/wp-json\/wp\/v2\/types\/product"}],"wp:featuredmedia":[{"embeddable":true,"href":"https:\/\/www.miomiorun.com\/fr\/wp-json\/wp\/v2\/media\/248236"}],"wp:attachment":[{"href":"https:\/\/www.miomiorun.com\/fr\/wp-json\/wp\/v2\/media?parent=294194"}],"wp:term":[{"taxonomy":"product_brand","embeddable":true,"href":"https:\/\/www.miomiorun.com\/fr\/wp-json\/wp\/v2\/product_brand?post=294194"},{"taxonomy":"product_cat","embeddable":true,"href":"https:\/\/www.miomiorun.com\/fr\/wp-json\/wp\/v2\/product_cat?post=294194"},{"taxonomy":"product_tag","embeddable":true,"href":"https:\/\/www.miomiorun.com\/fr\/wp-json\/wp\/v2\/product_tag?post=294194"}],"curies":[{"name":"wp","href":"https:\/\/api.w.org\/{rel}","templated":true}]}}