{"id":294144,"date":"2024-08-20T14:52:12","date_gmt":"2024-08-20T12:52:12","guid":{"rendered":"https:\/\/miomiorun.com\/prodotto\/speedgoat-6-youth\/"},"modified":"2025-12-03T18:44:09","modified_gmt":"2025-12-03T17:44:09","slug":"speedgoat-6-youth","status":"publish","type":"product","link":"https:\/\/www.miomiorun.com\/fr\/produit\/speedgoat-6-youth\/","title":{"rendered":"Speedgoat 6 youth"},"content":{"rendered":"<div class=\"vc-row container\"><div class=\"vc-column\"><div class=\"vc-column-text\"><\/p>\n<h4>Caract\u00e9ristiques techniques<\/h4>\n<p>Cat\u00e9gorie : Amorti structur\u00e9<br \/>\nPoids : 231 g<br \/>\nD\u00e9calage : 6 mm<br \/>\nId\u00e9al pour : les jeunes qui ont besoin d&#8217;une chaussure offrant un bon amorti et une bonne structure pour affronter les sentiers de montagne. Id\u00e9al pour les premiers pas en trail ou pour les jeunes qui ont d\u00e9j\u00e0 tendance \u00e0 parcourir des distances moyennes \u00e0 longues.<br \/>\n<a href=\"https:\/\/miomiorun.com\/fr\/guide-des-specificites\/\">Guide des sp\u00e9cifications techniques<\/a><\/p>\n<p><\/div> <\/div><div class=\"vc-column\"><div class=\"vc-column-text\"><\/p>\n<p style=\"text-align: center\"><strong>Un pr\u00e9curseur de la g\u00e9n\u00e9ration \u00e0 venir.<\/strong><\/p>\n<p>Bas\u00e9e sur l&#8217;ic\u00f4ne originale du trail HOKA, la <strong>Speedgoat 6<\/strong> pour enfants pr\u00e9sente les m\u00eames caract\u00e9ristiques en termes de performances et de robustesse que le mod\u00e8le qui l&#8217;a inspir\u00e9e. Elle est d\u00e9sormais encore plus l\u00e9g\u00e8re gr\u00e2ce \u00e0 sa semelle interm\u00e9diaire en EVA \u00e0 base de canne \u00e0 sucre (30 %), \u00e0 sa semelle ext\u00e9rieure de 4,5 mm plus r\u00e9sistante et plus profonde qui offre une meilleure adh\u00e9rence sur les sentiers, et \u00e0 la quantit\u00e9 accrue de mat\u00e9riaux recycl\u00e9s.<\/p>\n<p style=\"text-align: center\"><strong>Attention : vous risquez de ne pas pouvoir suivre le rythme des enfants. <\/strong><\/p>\n<p>&nbsp;<\/p>\n<p data-qa=\"productName\"><strong>Caract\u00e9ristiques :<\/strong><\/p>\n<div class=\"description-techspecs__items\">\n<ul class=\"features-container\">\n<li class=\"feature-item\">Tige en mesh polyester recycl\u00e9 (31 %)<\/li>\n<li class=\"feature-item\">Lacement rapide<\/li>\n<li class=\"feature-item\">Semelle int\u00e9rieure moul\u00e9e amovible<\/li>\n<li class=\"feature-item\">Semelle interm\u00e9diaire en canne \u00e0 sucre (30 %)<\/li>\n<li class=\"feature-item\">Renforts r\u00e9sistants imprim\u00e9s en 3D sur la pointe<\/li>\n<li class=\"feature-item\">Semelle ext\u00e9rieure en caoutchouc Durabrasion Rubber<\/li>\n<li class=\"feature-item\">Semelle crant\u00e9e de 4,5 mm<\/li>\n<li class=\"feature-item\">Patte au talon, lacets et mesh de la languette en polyester recycl\u00e9 (100 %)<\/li>\n<li class=\"feature-item\">Maille de la partie inf\u00e9rieure du talon et de la partie sup\u00e9rieure de la languette en polyester recycl\u00e9 (90 %)<\/li>\n<li class=\"feature-item\">Maille de la partie principale de la tige en nylon et polyester recycl\u00e9 (30 %)<\/li>\n<\/ul>\n<div class=\"description-whatsnew\">\n<p style=\"text-align: center\"><strong>NOUVEAUT\u00c9<\/strong><\/p>\n<p style=\"text-align: center\">La semelle a \u00e9t\u00e9 all\u00e9g\u00e9e gr\u00e2ce \u00e0 l&#8217;introduction d&#8217;une nouvelle semelle interm\u00e9diaire en EVA issu de la canne \u00e0 sucre (30 %) et nous sommes pass\u00e9s \u00e0 une semelle crant\u00e9e de 4,5 mm plus adapt\u00e9e au trail, ainsi qu&#8217;\u00e0 une semelle robuste en Durabrasion : le tout en utilisant davantage de mat\u00e9riaux recycl\u00e9s. <\/p>\n<p>&nbsp;<\/p>\n<\/div>\n<\/div>\n<p><\/div><\/div><\/div>\n","protected":false},"excerpt":{"rendered":"<ul>\n<li>Chaussure pour les enfants qui aiment la montagne.<\/li>\n<li>Super amortissante et avec une excellente adh\u00e9rence.<\/li>\n<\/ul>\n","protected":false},"featured_media":248300,"template":"","meta":{"_acf_changed":false,"inline_featured_image":false},"product_brand":[],"product_cat":[22594,22593,22590],"product_tag":[23478,24182,24187],"class_list":{"0":"post-294144","1":"product","2":"type-product","3":"status-publish","4":"has-post-thumbnail","6":"product_cat-chaussures-pour-enfants","7":"product_cat-chaussures-pour-filles","8":"product_cat-enfant","9":"product_tag-hoka-one-one-fr","10":"product_tag-hoka-fille","11":"product_tag-hoka-garcon","12":"pa_attivita-lifestyle-fr","13":"pa_attivita-marcher","14":"pa_attivita-outdoor-fr","15":"pa_attivita-trail-fr","16":"pa_colore-speedgoat-6-y-electric-lemon-black-fr","17":"pa_colore-speedgoat-6-y-flower-nectar-neon-tangeri-fr","18":"pa_colore-speedgoat-6-y-night-sky-neon-lime-fr","19":"pa_colore-speedgoat-6-y-terra-cotta-mountain-fog-fr","20":"pa_colore-speedgoat-6-youth-ultramarine-electric-l-fr","21":"pa_marca-hoka-fr","22":"pa_sesso-femme","23":"pa_sesso-homme","24":"pa_size-36-fr","26":"pa_size-37-fr","27":"pa_size-38-fr","28":"pa_size-39-fr","29":"pa_size-40-fr","32":"first","33":"instock","34":"sale","35":"taxable","36":"shipping-taxable","37":"purchasable","38":"product-type-variable","39":"wvs-archive-product-wrapper"},"acf":[],"yoast_head":"<!-- This site is optimized with the Yoast SEO plugin v26.8 - https:\/\/yoast.com\/product\/yoast-seo-wordpress\/ -->\n<title>hokaSpeedgoat 6 youth - chaussures de course pour enfants - MioMioRun<\/title>\n<meta name=\"description\" content=\"Bas\u00e9e sur l&#039;ic\u00f4ne du trail HOKA, la Speedgoat 6 pour enfants pr\u00e9sente les m\u00eames caract\u00e9ristiques en termes de performances et de robustesse que le mod\u00e8le pour adultes.\" \/>\n<meta name=\"robots\" content=\"index, follow, max-snippet:-1, max-image-preview:large, max-video-preview:-1\" \/>\n<link rel=\"canonical\" href=\"https:\/\/www.miomiorun.com\/fr\/produit\/speedgoat-6-youth\/\" \/>\n<meta property=\"og:locale\" content=\"fr_FR\" \/>\n<meta property=\"og:type\" content=\"article\" \/>\n<meta property=\"og:title\" content=\"hokaSpeedgoat 6 youth - chaussures de course pour enfants - MioMioRun\" \/>\n<meta property=\"og:description\" content=\"Bas\u00e9e sur l&#039;ic\u00f4ne du trail HOKA, la Speedgoat 6 pour enfants pr\u00e9sente les m\u00eames caract\u00e9ristiques en termes de performances et de robustesse que le mod\u00e8le pour adultes.\" \/>\n<meta property=\"og:url\" content=\"https:\/\/www.miomiorun.com\/fr\/produit\/speedgoat-6-youth\/\" \/>\n<meta property=\"og:site_name\" content=\"MioMioRun\" \/>\n<meta property=\"article:publisher\" content=\"https:\/\/www.facebook.com\/miomiorun\/\" \/>\n<meta property=\"article:modified_time\" content=\"2025-12-03T17:44:09+00:00\" \/>\n<meta property=\"og:image\" content=\"https:\/\/www.miomiorun.com\/app\/uploads\/2024\/08\/Hoka-Speedgoat-6-youth-ultramarine-electric-l-1156933-UNL.webp\" \/>\n\t<meta property=\"og:image:width\" content=\"600\" \/>\n\t<meta property=\"og:image:height\" content=\"600\" \/>\n\t<meta property=\"og:image:type\" content=\"image\/webp\" \/>\n<meta name=\"twitter:card\" content=\"summary_large_image\" \/>\n<meta name=\"twitter:label1\" content=\"Est. reading time\" \/>\n\t<meta name=\"twitter:data1\" content=\"2 minutes\" \/>\n<script type=\"application\/ld+json\" class=\"yoast-schema-graph\">{\"@context\":\"https:\/\/schema.org\",\"@graph\":[{\"@type\":\"WebPage\",\"@id\":\"https:\/\/www.miomiorun.com\/fr\/produit\/speedgoat-6-youth\/\",\"url\":\"https:\/\/www.miomiorun.com\/fr\/produit\/speedgoat-6-youth\/\",\"name\":\"hokaSpeedgoat 6 youth - chaussures de course pour enfants - MioMioRun\",\"isPartOf\":{\"@id\":\"https:\/\/www.miomiorun.com\/fr\/#website\"},\"primaryImageOfPage\":{\"@id\":\"https:\/\/www.miomiorun.com\/fr\/produit\/speedgoat-6-youth\/#primaryimage\"},\"image\":{\"@id\":\"https:\/\/www.miomiorun.com\/fr\/produit\/speedgoat-6-youth\/#primaryimage\"},\"thumbnailUrl\":\"https:\/\/www.miomiorun.com\/app\/uploads\/2024\/08\/Hoka-Speedgoat-6-youth-ultramarine-electric-l-1156933-UNL.webp\",\"datePublished\":\"2024-08-20T12:52:12+00:00\",\"dateModified\":\"2025-12-03T17:44:09+00:00\",\"description\":\"Bas\u00e9e sur l'ic\u00f4ne du trail HOKA, la Speedgoat 6 pour enfants pr\u00e9sente les m\u00eames caract\u00e9ristiques en termes de performances et de robustesse que le mod\u00e8le pour adultes.\",\"breadcrumb\":{\"@id\":\"https:\/\/www.miomiorun.com\/fr\/produit\/speedgoat-6-youth\/#breadcrumb\"},\"inLanguage\":\"fr-FR\",\"potentialAction\":[{\"@type\":\"ReadAction\",\"target\":[\"https:\/\/www.miomiorun.com\/fr\/produit\/speedgoat-6-youth\/\"]}]},{\"@type\":\"ImageObject\",\"inLanguage\":\"fr-FR\",\"@id\":\"https:\/\/www.miomiorun.com\/fr\/produit\/speedgoat-6-youth\/#primaryimage\",\"url\":\"https:\/\/www.miomiorun.com\/app\/uploads\/2024\/08\/Hoka-Speedgoat-6-youth-ultramarine-electric-l-1156933-UNL.webp\",\"contentUrl\":\"https:\/\/www.miomiorun.com\/app\/uploads\/2024\/08\/Hoka-Speedgoat-6-youth-ultramarine-electric-l-1156933-UNL.webp\",\"width\":600,\"height\":600,\"caption\":\"Hoka Speedgoat 6 youth ultramarine electric l 1156933 UNL\"},{\"@type\":\"BreadcrumbList\",\"@id\":\"https:\/\/www.miomiorun.com\/fr\/produit\/speedgoat-6-youth\/#breadcrumb\",\"itemListElement\":[{\"@type\":\"ListItem\",\"position\":1,\"name\":\"Home\",\"item\":\"https:\/\/www.miomiorun.com\/fr\/home-page\/\"},{\"@type\":\"ListItem\",\"position\":2,\"name\":\"Shop\",\"item\":\"https:\/\/www.miomiorun.com\/shop\/\"},{\"@type\":\"ListItem\",\"position\":3,\"name\":\"Speedgoat 6 youth\"}]},{\"@type\":\"WebSite\",\"@id\":\"https:\/\/www.miomiorun.com\/fr\/#website\",\"url\":\"https:\/\/www.miomiorun.com\/fr\/\",\"name\":\"MioMioRun\",\"description\":\"Boutique 100% running et trail\",\"publisher\":{\"@id\":\"https:\/\/www.miomiorun.com\/fr\/#organization\"},\"potentialAction\":[{\"@type\":\"SearchAction\",\"target\":{\"@type\":\"EntryPoint\",\"urlTemplate\":\"https:\/\/www.miomiorun.com\/fr\/?s={search_term_string}\"},\"query-input\":{\"@type\":\"PropertyValueSpecification\",\"valueRequired\":true,\"valueName\":\"search_term_string\"}}],\"inLanguage\":\"fr-FR\"},{\"@type\":\"Organization\",\"@id\":\"https:\/\/www.miomiorun.com\/fr\/#organization\",\"name\":\"MioMio Run\",\"url\":\"https:\/\/www.miomiorun.com\/fr\/\",\"logo\":{\"@type\":\"ImageObject\",\"inLanguage\":\"fr-FR\",\"@id\":\"https:\/\/www.miomiorun.com\/fr\/#\/schema\/logo\/image\/\",\"url\":\"https:\/\/www.miomiorun.com\/app\/uploads\/2019\/12\/logomio.png\",\"contentUrl\":\"https:\/\/www.miomiorun.com\/app\/uploads\/2019\/12\/logomio.png\",\"width\":115,\"height\":82,\"caption\":\"MioMio Run\"},\"image\":{\"@id\":\"https:\/\/www.miomiorun.com\/fr\/#\/schema\/logo\/image\/\"},\"sameAs\":[\"https:\/\/www.facebook.com\/miomiorun\/\",\"https:\/\/www.instagram.com\/miomiorun\/\"]}]}<\/script>\n<!-- \/ Yoast SEO plugin. -->","yoast_head_json":{"title":"hokaSpeedgoat 6 youth - chaussures de course pour enfants - MioMioRun","description":"Bas\u00e9e sur l'ic\u00f4ne du trail HOKA, la Speedgoat 6 pour enfants pr\u00e9sente les m\u00eames caract\u00e9ristiques en termes de performances et de robustesse que le mod\u00e8le pour adultes.","robots":{"index":"index","follow":"follow","max-snippet":"max-snippet:-1","max-image-preview":"max-image-preview:large","max-video-preview":"max-video-preview:-1"},"canonical":"https:\/\/www.miomiorun.com\/fr\/produit\/speedgoat-6-youth\/","og_locale":"fr_FR","og_type":"article","og_title":"hokaSpeedgoat 6 youth - chaussures de course pour enfants - MioMioRun","og_description":"Bas\u00e9e sur l'ic\u00f4ne du trail HOKA, la Speedgoat 6 pour enfants pr\u00e9sente les m\u00eames caract\u00e9ristiques en termes de performances et de robustesse que le mod\u00e8le pour adultes.","og_url":"https:\/\/www.miomiorun.com\/fr\/produit\/speedgoat-6-youth\/","og_site_name":"MioMioRun","article_publisher":"https:\/\/www.facebook.com\/miomiorun\/","article_modified_time":"2025-12-03T17:44:09+00:00","og_image":[{"width":600,"height":600,"url":"https:\/\/www.miomiorun.com\/app\/uploads\/2024\/08\/Hoka-Speedgoat-6-youth-ultramarine-electric-l-1156933-UNL.webp","type":"image\/webp"}],"twitter_card":"summary_large_image","twitter_misc":{"Est. reading time":"2 minutes"},"schema":{"@context":"https:\/\/schema.org","@graph":[{"@type":"WebPage","@id":"https:\/\/www.miomiorun.com\/fr\/produit\/speedgoat-6-youth\/","url":"https:\/\/www.miomiorun.com\/fr\/produit\/speedgoat-6-youth\/","name":"hokaSpeedgoat 6 youth - chaussures de course pour enfants - MioMioRun","isPartOf":{"@id":"https:\/\/www.miomiorun.com\/fr\/#website"},"primaryImageOfPage":{"@id":"https:\/\/www.miomiorun.com\/fr\/produit\/speedgoat-6-youth\/#primaryimage"},"image":{"@id":"https:\/\/www.miomiorun.com\/fr\/produit\/speedgoat-6-youth\/#primaryimage"},"thumbnailUrl":"https:\/\/www.miomiorun.com\/app\/uploads\/2024\/08\/Hoka-Speedgoat-6-youth-ultramarine-electric-l-1156933-UNL.webp","datePublished":"2024-08-20T12:52:12+00:00","dateModified":"2025-12-03T17:44:09+00:00","description":"Bas\u00e9e sur l'ic\u00f4ne du trail HOKA, la Speedgoat 6 pour enfants pr\u00e9sente les m\u00eames caract\u00e9ristiques en termes de performances et de robustesse que le mod\u00e8le pour adultes.","breadcrumb":{"@id":"https:\/\/www.miomiorun.com\/fr\/produit\/speedgoat-6-youth\/#breadcrumb"},"inLanguage":"fr-FR","potentialAction":[{"@type":"ReadAction","target":["https:\/\/www.miomiorun.com\/fr\/produit\/speedgoat-6-youth\/"]}]},{"@type":"ImageObject","inLanguage":"fr-FR","@id":"https:\/\/www.miomiorun.com\/fr\/produit\/speedgoat-6-youth\/#primaryimage","url":"https:\/\/www.miomiorun.com\/app\/uploads\/2024\/08\/Hoka-Speedgoat-6-youth-ultramarine-electric-l-1156933-UNL.webp","contentUrl":"https:\/\/www.miomiorun.com\/app\/uploads\/2024\/08\/Hoka-Speedgoat-6-youth-ultramarine-electric-l-1156933-UNL.webp","width":600,"height":600,"caption":"Hoka Speedgoat 6 youth ultramarine electric l 1156933 UNL"},{"@type":"BreadcrumbList","@id":"https:\/\/www.miomiorun.com\/fr\/produit\/speedgoat-6-youth\/#breadcrumb","itemListElement":[{"@type":"ListItem","position":1,"name":"Home","item":"https:\/\/www.miomiorun.com\/fr\/home-page\/"},{"@type":"ListItem","position":2,"name":"Shop","item":"https:\/\/www.miomiorun.com\/shop\/"},{"@type":"ListItem","position":3,"name":"Speedgoat 6 youth"}]},{"@type":"WebSite","@id":"https:\/\/www.miomiorun.com\/fr\/#website","url":"https:\/\/www.miomiorun.com\/fr\/","name":"MioMioRun","description":"Boutique 100% running et trail","publisher":{"@id":"https:\/\/www.miomiorun.com\/fr\/#organization"},"potentialAction":[{"@type":"SearchAction","target":{"@type":"EntryPoint","urlTemplate":"https:\/\/www.miomiorun.com\/fr\/?s={search_term_string}"},"query-input":{"@type":"PropertyValueSpecification","valueRequired":true,"valueName":"search_term_string"}}],"inLanguage":"fr-FR"},{"@type":"Organization","@id":"https:\/\/www.miomiorun.com\/fr\/#organization","name":"MioMio Run","url":"https:\/\/www.miomiorun.com\/fr\/","logo":{"@type":"ImageObject","inLanguage":"fr-FR","@id":"https:\/\/www.miomiorun.com\/fr\/#\/schema\/logo\/image\/","url":"https:\/\/www.miomiorun.com\/app\/uploads\/2019\/12\/logomio.png","contentUrl":"https:\/\/www.miomiorun.com\/app\/uploads\/2019\/12\/logomio.png","width":115,"height":82,"caption":"MioMio Run"},"image":{"@id":"https:\/\/www.miomiorun.com\/fr\/#\/schema\/logo\/image\/"},"sameAs":["https:\/\/www.facebook.com\/miomiorun\/","https:\/\/www.instagram.com\/miomiorun\/"]}]}},"_links":{"self":[{"href":"https:\/\/www.miomiorun.com\/fr\/wp-json\/wp\/v2\/product\/294144","targetHints":{"allow":["GET"]}}],"collection":[{"href":"https:\/\/www.miomiorun.com\/fr\/wp-json\/wp\/v2\/product"}],"about":[{"href":"https:\/\/www.miomiorun.com\/fr\/wp-json\/wp\/v2\/types\/product"}],"wp:featuredmedia":[{"embeddable":true,"href":"https:\/\/www.miomiorun.com\/fr\/wp-json\/wp\/v2\/media\/248300"}],"wp:attachment":[{"href":"https:\/\/www.miomiorun.com\/fr\/wp-json\/wp\/v2\/media?parent=294144"}],"wp:term":[{"taxonomy":"product_brand","embeddable":true,"href":"https:\/\/www.miomiorun.com\/fr\/wp-json\/wp\/v2\/product_brand?post=294144"},{"taxonomy":"product_cat","embeddable":true,"href":"https:\/\/www.miomiorun.com\/fr\/wp-json\/wp\/v2\/product_cat?post=294144"},{"taxonomy":"product_tag","embeddable":true,"href":"https:\/\/www.miomiorun.com\/fr\/wp-json\/wp\/v2\/product_tag?post=294144"}],"curies":[{"name":"wp","href":"https:\/\/api.w.org\/{rel}","templated":true}]}}