{"id":294141,"date":"2024-08-22T14:47:08","date_gmt":"2024-08-22T12:47:08","guid":{"rendered":"https:\/\/miomiorun.com\/prodotto\/torrent-4-uomo\/"},"modified":"2025-12-04T11:04:16","modified_gmt":"2025-12-04T10:04:16","slug":"torrent-4-homme","status":"publish","type":"product","link":"https:\/\/www.miomiorun.com\/fr\/produit\/torrent-4-homme\/","title":{"rendered":"Torrent 4 homme"},"content":{"rendered":"<div class=\"vc-row container\"><div class=\"vc-column\"><div class=\"vc-column-text\"><\/p>\n<h4>Caract\u00e9ristiques techniques<\/h4>\n<p>Cat\u00e9gorie : amorti optimal<br \/>\nD\u00e9calage : 5 mm<br \/>\nPoids : 279 g<br \/>\nId\u00e9al pour : les athl\u00e8tes de poids moyen\/faible qui souhaitent maintenir une allure soutenue sur des parcours de moyenne et longue distance. Comme toutes les chaussures de trail Hoka, elle peut \u00eatre utilis\u00e9e pour la randonn\u00e9e en montagne, sur tous types de terrains et toutes distances.<br \/>\nPoids de l&#8217;athl\u00e8te : 70-80 kg<br \/>\nAllure : 4,00-5,00 min\/km<br \/>\n<a href=\"https:\/\/miomiorun.com\/fr\/guide-des-specificites\/\">Guide des sp\u00e9cifications techniques<\/a><\/p>\n<p><\/div><\/div><div class=\"vc-column\"><div class=\"vc-column-text\"><\/p>\n<p style=\"text-align: center\"><strong>Traction l\u00e9g\u00e8re et souple sur les sentiers.<\/strong><\/p>\n<p>Plus souple, r\u00e9active, stable et r\u00e9sistante : la nouvelle version de la <strong>Torrent 4<\/strong> pour homme est ax\u00e9e sur l&#8217;amorti et a \u00e9t\u00e9 perfectionn\u00e9e pour les sentiers. Le compos\u00e9 de la semelle interm\u00e9diaire a \u00e9t\u00e9 am\u00e9lior\u00e9 pour offrir une exp\u00e9rience plus l\u00e9g\u00e8re et plus confortable, en augmentant la hauteur de la semelle tout en veillant \u00e0 ce que l&#8217;Active Foot Frame\u2122 enveloppe fermement le pied. De plus, la semelle ext\u00e9rieure de 5 mm a \u00e9t\u00e9 repens\u00e9e pour offrir une adh\u00e9rence encore plus agressive, en pla\u00e7ant le rev\u00eatement en caoutchouc anti-abrasion \u00e0 un endroit strat\u00e9gique de la semelle et en ajoutant une semelle int\u00e9rieure ultra-douce pour garantir un confort durable.<\/p>\n<p><strong>Caract\u00e9ristiques :<\/strong><\/p>\n<ul class=\"features-container\">\n<li style=\"list-style-type: none\"><\/li>\n<\/ul>\n<ul class=\"features-container\">\n<li class=\"feature-item\">Col rembourr\u00e9 et profil\u00e9.<\/li>\n<li class=\"feature-item\">Tige respirante en maille monocouche en polyester recycl\u00e9 (35 %).<\/li>\n<li class=\"feature-item\">Cage de soutien thermofusionn\u00e9e.<\/li>\n<li class=\"feature-item\">Languette plate \u00e0 soufflet.<\/li>\n<li class=\"feature-item\">Bord imprim\u00e9 en 3D.<\/li>\n<li class=\"feature-item\">Compos\u00e9 de semelle interm\u00e9diaire l\u00e9ger et r\u00e9actif.<\/li>\n<li class=\"feature-item\">MetaRocker\u2122 pr\u00e8s de la vo\u00fbte plantaire.<\/li>\n<li class=\"feature-item\">Active Foot Frame\u2122 concentr\u00e9 sur l&#8217;arri\u00e8re-pied.<\/li>\n<li class=\"feature-item\">Rev\u00eatement en caoutchouc strat\u00e9giquement positionn\u00e9 pour assurer r\u00e9sistance et stabilit\u00e9.<\/li>\n<li class=\"feature-item\">Semelle ext\u00e9rieure agressive de 5 mm en caoutchouc anti-abrasion.<\/li>\n<\/ul>\n<div class=\"description-whatsnew\">\n<p><strong>NOUVEAUT\u00c9<\/strong><\/p>\n<p>Mod\u00e8le enti\u00e8rement repens\u00e9 gr\u00e2ce \u00e0 la nouvelle mousse de la semelle interm\u00e9diaire, \u00e0 la hauteur accrue de la semelle, au rev\u00eatement en caoutchouc \u00e9largi, \u00e0 la forme et \u00e0 l&#8217;orientation modifi\u00e9es des \u00e9l\u00e9ments de la semelle ext\u00e9rieure, et au renfort en tissu au talon.<\/p>\n<h2 class=\"card-title mb-3\"><span title=\"\" data-toggle=\"tooltip\" data-placement=\"bottom\" data-title=\"Alcune scarpe hanno un supporto integrato superiore, pensato per gli iperpronatori; altre sono in minima parte ortopediche, progettate per garantire ammortizzazione senza ostacolarti.\" data-original-title=\"\"> <span class=\"techspec-bar-title\">Stabilit\u00e9<\/span><\/span><\/h2>\n<p class=\"tech-spec-product-msg active\">Torrent 4 est dot\u00e9e d&#8217;un lit amortissant sym\u00e9trique, sans technologies orthop\u00e9diques suppl\u00e9mentaires. Con\u00e7ue pour vous offrir le soutien dont vous avez besoin, sans caract\u00e9ristiques superflues. <\/p>\n<h2 class=\"card-title mb-3\"><span title=\"\" data-toggle=\"tooltip\" data-placement=\"bottom\" data-title=\"Tutte le nostre calzature presentano un\u2019intersuola ammortizzata, progettata per ridurre l\u2019impatto e garantire supporto. La quantit\u00e0 di ammortizzazione e quanto sia compatta o morbida varia da modello a modello.\" data-original-title=\"\"> <span class=\"techspec-bar-title\">Amorti<\/span><\/span><\/h2>\n<p class=\"tech-spec-product-msg active\">Torrent 4 est con\u00e7u pour offrir un amorti protecteur, tout en conservant une pouss\u00e9e r\u00e9active lorsque vous souhaitez augmenter votre vitesse. <\/p>\n<\/div>\n<p><\/div><\/div><\/div>\n","protected":false},"excerpt":{"rendered":"<ul class=\"features-container\">\n<li class=\"feature-item\">Id\u00e9al pour ceux qui pratiquent le trail \u00e0 un rythme soutenu.<\/li>\n<li>Excellent sur tous les types de terrain et toutes les distances.<\/li>\n<\/ul>\n","protected":false},"featured_media":248366,"template":"","meta":{"_acf_changed":false,"inline_featured_image":false},"product_brand":[],"product_cat":[24448,24445],"product_tag":[23478,23604],"class_list":{"0":"post-294141","1":"product","2":"type-product","3":"status-publish","4":"has-post-thumbnail","6":"product_cat-chaussures-pour-hommes-fr","7":"product_cat-trail-fr-3","8":"product_tag-hoka-one-one-fr","9":"product_tag-hoka-homme","10":"pa_attivita-outdoor-fr","11":"pa_attivita-trail-fr","12":"pa_colore-torrent-4-black-asphalt-grey-fr","13":"pa_colore-torrent-4-charcoal-grey-foggy-night-fr","14":"pa_marca-hoka-fr","15":"pa_sesso-homme","16":"pa_size-40-fr","17":"pa_size-41-fr","18":"pa_size-42-fr","20":"pa_size-43-fr","21":"pa_size-44-fr","22":"pa_size-46-fr","25":"first","26":"instock","27":"sale","28":"taxable","29":"shipping-taxable","30":"purchasable","31":"product-type-variable","32":"wvs-archive-product-wrapper"},"acf":[],"yoast_head":"<!-- This site is optimized with the Yoast SEO plugin v26.8 - https:\/\/yoast.com\/product\/yoast-seo-wordpress\/ -->\n<title>Hoka Torrent 4 homme - chaussures de trail- MioMioRun.com<\/title>\n<meta name=\"description\" content=\"Plus souple, r\u00e9active, stable et r\u00e9sistante : la nouvelle version de la Torrent 4 pour homme met l&#039;accent sur l&#039;amorti et a \u00e9t\u00e9 perfectionn\u00e9e pour les trails.\" \/>\n<meta name=\"robots\" content=\"index, follow, max-snippet:-1, max-image-preview:large, max-video-preview:-1\" \/>\n<link rel=\"canonical\" href=\"https:\/\/www.miomiorun.com\/fr\/produit\/torrent-4-homme\/\" \/>\n<meta property=\"og:locale\" content=\"fr_FR\" \/>\n<meta property=\"og:type\" content=\"article\" \/>\n<meta property=\"og:title\" content=\"Hoka Torrent 4 homme - chaussures de trail- MioMioRun.com\" \/>\n<meta property=\"og:description\" content=\"Plus souple, r\u00e9active, stable et r\u00e9sistante : la nouvelle version de la Torrent 4 pour homme met l&#039;accent sur l&#039;amorti et a \u00e9t\u00e9 perfectionn\u00e9e pour les trails.\" \/>\n<meta property=\"og:url\" content=\"https:\/\/www.miomiorun.com\/fr\/produit\/torrent-4-homme\/\" \/>\n<meta property=\"og:site_name\" content=\"MioMioRun\" \/>\n<meta property=\"article:publisher\" content=\"https:\/\/www.facebook.com\/miomiorun\/\" \/>\n<meta property=\"article:modified_time\" content=\"2025-12-04T10:04:16+00:00\" \/>\n<meta property=\"og:image\" content=\"https:\/\/www.miomiorun.com\/app\/uploads\/2024\/08\/Hoka-Torrent-4-farro-ultramarine-1155115-FRRL.webp\" \/>\n\t<meta property=\"og:image:width\" content=\"600\" \/>\n\t<meta property=\"og:image:height\" content=\"600\" \/>\n\t<meta property=\"og:image:type\" content=\"image\/webp\" \/>\n<meta name=\"twitter:card\" content=\"summary_large_image\" \/>\n<meta name=\"twitter:label1\" content=\"Est. reading time\" \/>\n\t<meta name=\"twitter:data1\" content=\"2 minutes\" \/>\n<script type=\"application\/ld+json\" class=\"yoast-schema-graph\">{\"@context\":\"https:\/\/schema.org\",\"@graph\":[{\"@type\":\"WebPage\",\"@id\":\"https:\/\/www.miomiorun.com\/fr\/produit\/torrent-4-homme\/\",\"url\":\"https:\/\/www.miomiorun.com\/fr\/produit\/torrent-4-homme\/\",\"name\":\"Hoka Torrent 4 homme - chaussures de trail- MioMioRun.com\",\"isPartOf\":{\"@id\":\"https:\/\/www.miomiorun.com\/fr\/#website\"},\"primaryImageOfPage\":{\"@id\":\"https:\/\/www.miomiorun.com\/fr\/produit\/torrent-4-homme\/#primaryimage\"},\"image\":{\"@id\":\"https:\/\/www.miomiorun.com\/fr\/produit\/torrent-4-homme\/#primaryimage\"},\"thumbnailUrl\":\"https:\/\/www.miomiorun.com\/app\/uploads\/2024\/08\/Hoka-Torrent-4-farro-ultramarine-1155115-FRRL.webp\",\"datePublished\":\"2024-08-22T12:47:08+00:00\",\"dateModified\":\"2025-12-04T10:04:16+00:00\",\"description\":\"Plus souple, r\u00e9active, stable et r\u00e9sistante : la nouvelle version de la Torrent 4 pour homme met l'accent sur l'amorti et a \u00e9t\u00e9 perfectionn\u00e9e pour les trails.\",\"breadcrumb\":{\"@id\":\"https:\/\/www.miomiorun.com\/fr\/produit\/torrent-4-homme\/#breadcrumb\"},\"inLanguage\":\"fr-FR\",\"potentialAction\":[{\"@type\":\"ReadAction\",\"target\":[\"https:\/\/www.miomiorun.com\/fr\/produit\/torrent-4-homme\/\"]}]},{\"@type\":\"ImageObject\",\"inLanguage\":\"fr-FR\",\"@id\":\"https:\/\/www.miomiorun.com\/fr\/produit\/torrent-4-homme\/#primaryimage\",\"url\":\"https:\/\/www.miomiorun.com\/app\/uploads\/2024\/08\/Hoka-Torrent-4-farro-ultramarine-1155115-FRRL.webp\",\"contentUrl\":\"https:\/\/www.miomiorun.com\/app\/uploads\/2024\/08\/Hoka-Torrent-4-farro-ultramarine-1155115-FRRL.webp\",\"width\":600,\"height\":600,\"caption\":\"Hoka Torrent 4 farro ultramarine 1155115 FRRL\"},{\"@type\":\"BreadcrumbList\",\"@id\":\"https:\/\/www.miomiorun.com\/fr\/produit\/torrent-4-homme\/#breadcrumb\",\"itemListElement\":[{\"@type\":\"ListItem\",\"position\":1,\"name\":\"Home\",\"item\":\"https:\/\/www.miomiorun.com\/fr\/home-page\/\"},{\"@type\":\"ListItem\",\"position\":2,\"name\":\"Shop\",\"item\":\"https:\/\/www.miomiorun.com\/shop\/\"},{\"@type\":\"ListItem\",\"position\":3,\"name\":\"Torrent 4 homme\"}]},{\"@type\":\"WebSite\",\"@id\":\"https:\/\/www.miomiorun.com\/fr\/#website\",\"url\":\"https:\/\/www.miomiorun.com\/fr\/\",\"name\":\"MioMioRun\",\"description\":\"Boutique 100% running et trail\",\"publisher\":{\"@id\":\"https:\/\/www.miomiorun.com\/fr\/#organization\"},\"potentialAction\":[{\"@type\":\"SearchAction\",\"target\":{\"@type\":\"EntryPoint\",\"urlTemplate\":\"https:\/\/www.miomiorun.com\/fr\/?s={search_term_string}\"},\"query-input\":{\"@type\":\"PropertyValueSpecification\",\"valueRequired\":true,\"valueName\":\"search_term_string\"}}],\"inLanguage\":\"fr-FR\"},{\"@type\":\"Organization\",\"@id\":\"https:\/\/www.miomiorun.com\/fr\/#organization\",\"name\":\"MioMio Run\",\"url\":\"https:\/\/www.miomiorun.com\/fr\/\",\"logo\":{\"@type\":\"ImageObject\",\"inLanguage\":\"fr-FR\",\"@id\":\"https:\/\/www.miomiorun.com\/fr\/#\/schema\/logo\/image\/\",\"url\":\"https:\/\/www.miomiorun.com\/app\/uploads\/2019\/12\/logomio.png\",\"contentUrl\":\"https:\/\/www.miomiorun.com\/app\/uploads\/2019\/12\/logomio.png\",\"width\":115,\"height\":82,\"caption\":\"MioMio Run\"},\"image\":{\"@id\":\"https:\/\/www.miomiorun.com\/fr\/#\/schema\/logo\/image\/\"},\"sameAs\":[\"https:\/\/www.facebook.com\/miomiorun\/\",\"https:\/\/www.instagram.com\/miomiorun\/\"]}]}<\/script>\n<!-- \/ Yoast SEO plugin. -->","yoast_head_json":{"title":"Hoka Torrent 4 homme - chaussures de trail- MioMioRun.com","description":"Plus souple, r\u00e9active, stable et r\u00e9sistante : la nouvelle version de la Torrent 4 pour homme met l'accent sur l'amorti et a \u00e9t\u00e9 perfectionn\u00e9e pour les trails.","robots":{"index":"index","follow":"follow","max-snippet":"max-snippet:-1","max-image-preview":"max-image-preview:large","max-video-preview":"max-video-preview:-1"},"canonical":"https:\/\/www.miomiorun.com\/fr\/produit\/torrent-4-homme\/","og_locale":"fr_FR","og_type":"article","og_title":"Hoka Torrent 4 homme - chaussures de trail- MioMioRun.com","og_description":"Plus souple, r\u00e9active, stable et r\u00e9sistante : la nouvelle version de la Torrent 4 pour homme met l'accent sur l'amorti et a \u00e9t\u00e9 perfectionn\u00e9e pour les trails.","og_url":"https:\/\/www.miomiorun.com\/fr\/produit\/torrent-4-homme\/","og_site_name":"MioMioRun","article_publisher":"https:\/\/www.facebook.com\/miomiorun\/","article_modified_time":"2025-12-04T10:04:16+00:00","og_image":[{"width":600,"height":600,"url":"https:\/\/www.miomiorun.com\/app\/uploads\/2024\/08\/Hoka-Torrent-4-farro-ultramarine-1155115-FRRL.webp","type":"image\/webp"}],"twitter_card":"summary_large_image","twitter_misc":{"Est. reading time":"2 minutes"},"schema":{"@context":"https:\/\/schema.org","@graph":[{"@type":"WebPage","@id":"https:\/\/www.miomiorun.com\/fr\/produit\/torrent-4-homme\/","url":"https:\/\/www.miomiorun.com\/fr\/produit\/torrent-4-homme\/","name":"Hoka Torrent 4 homme - chaussures de trail- MioMioRun.com","isPartOf":{"@id":"https:\/\/www.miomiorun.com\/fr\/#website"},"primaryImageOfPage":{"@id":"https:\/\/www.miomiorun.com\/fr\/produit\/torrent-4-homme\/#primaryimage"},"image":{"@id":"https:\/\/www.miomiorun.com\/fr\/produit\/torrent-4-homme\/#primaryimage"},"thumbnailUrl":"https:\/\/www.miomiorun.com\/app\/uploads\/2024\/08\/Hoka-Torrent-4-farro-ultramarine-1155115-FRRL.webp","datePublished":"2024-08-22T12:47:08+00:00","dateModified":"2025-12-04T10:04:16+00:00","description":"Plus souple, r\u00e9active, stable et r\u00e9sistante : la nouvelle version de la Torrent 4 pour homme met l'accent sur l'amorti et a \u00e9t\u00e9 perfectionn\u00e9e pour les trails.","breadcrumb":{"@id":"https:\/\/www.miomiorun.com\/fr\/produit\/torrent-4-homme\/#breadcrumb"},"inLanguage":"fr-FR","potentialAction":[{"@type":"ReadAction","target":["https:\/\/www.miomiorun.com\/fr\/produit\/torrent-4-homme\/"]}]},{"@type":"ImageObject","inLanguage":"fr-FR","@id":"https:\/\/www.miomiorun.com\/fr\/produit\/torrent-4-homme\/#primaryimage","url":"https:\/\/www.miomiorun.com\/app\/uploads\/2024\/08\/Hoka-Torrent-4-farro-ultramarine-1155115-FRRL.webp","contentUrl":"https:\/\/www.miomiorun.com\/app\/uploads\/2024\/08\/Hoka-Torrent-4-farro-ultramarine-1155115-FRRL.webp","width":600,"height":600,"caption":"Hoka Torrent 4 farro ultramarine 1155115 FRRL"},{"@type":"BreadcrumbList","@id":"https:\/\/www.miomiorun.com\/fr\/produit\/torrent-4-homme\/#breadcrumb","itemListElement":[{"@type":"ListItem","position":1,"name":"Home","item":"https:\/\/www.miomiorun.com\/fr\/home-page\/"},{"@type":"ListItem","position":2,"name":"Shop","item":"https:\/\/www.miomiorun.com\/shop\/"},{"@type":"ListItem","position":3,"name":"Torrent 4 homme"}]},{"@type":"WebSite","@id":"https:\/\/www.miomiorun.com\/fr\/#website","url":"https:\/\/www.miomiorun.com\/fr\/","name":"MioMioRun","description":"Boutique 100% running et trail","publisher":{"@id":"https:\/\/www.miomiorun.com\/fr\/#organization"},"potentialAction":[{"@type":"SearchAction","target":{"@type":"EntryPoint","urlTemplate":"https:\/\/www.miomiorun.com\/fr\/?s={search_term_string}"},"query-input":{"@type":"PropertyValueSpecification","valueRequired":true,"valueName":"search_term_string"}}],"inLanguage":"fr-FR"},{"@type":"Organization","@id":"https:\/\/www.miomiorun.com\/fr\/#organization","name":"MioMio Run","url":"https:\/\/www.miomiorun.com\/fr\/","logo":{"@type":"ImageObject","inLanguage":"fr-FR","@id":"https:\/\/www.miomiorun.com\/fr\/#\/schema\/logo\/image\/","url":"https:\/\/www.miomiorun.com\/app\/uploads\/2019\/12\/logomio.png","contentUrl":"https:\/\/www.miomiorun.com\/app\/uploads\/2019\/12\/logomio.png","width":115,"height":82,"caption":"MioMio Run"},"image":{"@id":"https:\/\/www.miomiorun.com\/fr\/#\/schema\/logo\/image\/"},"sameAs":["https:\/\/www.facebook.com\/miomiorun\/","https:\/\/www.instagram.com\/miomiorun\/"]}]}},"_links":{"self":[{"href":"https:\/\/www.miomiorun.com\/fr\/wp-json\/wp\/v2\/product\/294141","targetHints":{"allow":["GET"]}}],"collection":[{"href":"https:\/\/www.miomiorun.com\/fr\/wp-json\/wp\/v2\/product"}],"about":[{"href":"https:\/\/www.miomiorun.com\/fr\/wp-json\/wp\/v2\/types\/product"}],"wp:featuredmedia":[{"embeddable":true,"href":"https:\/\/www.miomiorun.com\/fr\/wp-json\/wp\/v2\/media\/248366"}],"wp:attachment":[{"href":"https:\/\/www.miomiorun.com\/fr\/wp-json\/wp\/v2\/media?parent=294141"}],"wp:term":[{"taxonomy":"product_brand","embeddable":true,"href":"https:\/\/www.miomiorun.com\/fr\/wp-json\/wp\/v2\/product_brand?post=294141"},{"taxonomy":"product_cat","embeddable":true,"href":"https:\/\/www.miomiorun.com\/fr\/wp-json\/wp\/v2\/product_cat?post=294141"},{"taxonomy":"product_tag","embeddable":true,"href":"https:\/\/www.miomiorun.com\/fr\/wp-json\/wp\/v2\/product_tag?post=294141"}],"curies":[{"name":"wp","href":"https:\/\/api.w.org\/{rel}","templated":true}]}}