{"id":293926,"date":"2024-08-27T13:23:41","date_gmt":"2024-08-27T11:23:41","guid":{"rendered":"https:\/\/miomiorun.com\/prodotto\/adistar-3-uomo\/"},"modified":"2025-12-03T11:08:52","modified_gmt":"2025-12-03T10:08:52","slug":"adistar-3-homme","status":"publish","type":"product","link":"https:\/\/www.miomiorun.com\/fr\/produit\/adistar-3-homme\/","title":{"rendered":"Adistar 3 homme"},"content":{"rendered":"<div class=\"vc-row container\"><div class=\"vc-column\"><div class=\"vc-column-text\"><\/p>\n<h4>Caract\u00e9ristiques techniques<\/h4>\n<p>Cat\u00e9gorie : Amorti r\u00e9actif<br \/>\nD\u00e9calage : 5 mm<br \/>\nPoids : 270 g<br \/>\nId\u00e9al pour : les coureurs \u00e0 la recherche d&#8217;un mod\u00e8le l\u00e9ger, polyvalent et rapide, capable d&#8217;allier r\u00e9activit\u00e9, facilit\u00e9 de course et souplesse \u00e0 l&#8217;appui, pour les activit\u00e9s de moyenne et longue distance, mais aussi pour la marche.<br \/>\nPoids de l&#8217;athl\u00e8te : &lt; 70 kg<br \/>\nAllure de course : &lt; 4,30 min\/km<br \/>\n<a href=\"https:\/\/miomiorun.com\/fr\/guide-des-specificites\/\">Guide des sp\u00e9cifications techniques<\/a><\/p>\n<p><\/div><\/div><div class=\"vc-column\"><div class=\"vc-column-text\"><\/p>\n<h3 class=\"subtitle___9ljbp\">Chaussures de course pour un soutien suppl\u00e9mentaire, fabriqu\u00e9es en partie \u00e0 partir de mat\u00e9riaux recycl\u00e9s.<\/p>\n<h2 class=\"gl-vspace\">Maintenez un rythme constant et atteignez vos objectifs avec ces chaussures de course adidas.<\/p>\n<p class=\"gl-vspace\">Les <strong>Adistar 3<\/strong> pour homme sont con\u00e7ues pour les courses de longue distance. Elles sont \u00e9quip\u00e9es d&#8217;une semelle interm\u00e9diaire REPETITOR int\u00e9grale qui assure un excellent amorti jusqu&#8217;\u00e0 la ligne d&#8217;arriv\u00e9e. La tige en mesh respirant favorise la circulation de l&#8217;air pour une fra\u00eecheur optimale, tandis que le syst\u00e8me de r\u00e9glage interne stabilise le pied pour un soutien suppl\u00e9mentaire du premier au dernier kilom\u00e8tre.<\/p>\n<p class=\"gl-vspace\">La semelle adiwear offre une adh\u00e9rence fiable et une r\u00e9sistance sup\u00e9rieure. Ce produit contient au moins 20 % de mat\u00e9riaux recycl\u00e9s.<br \/>\n<strong>Caract\u00e9ristiques :<\/strong><\/p>\n<ul class=\"gl-list\">\n<li class=\"gl-vspace-bpall-small\">Coupe standard<\/li>\n<li class=\"gl-vspace-bpall-small\">Fermeture \u00e0 lacets<\/li>\n<li class=\"gl-vspace-bpall-small\">Empeigne en mono mesh<\/li>\n<li class=\"gl-vspace-bpall-small\">Doublure en tissu<\/li>\n<li class=\"gl-vspace-bpall-small\">Semelle interm\u00e9diaire REPETITOR<\/li>\n<li class=\"gl-vspace-bpall-small\">Semelle adiwear<\/li>\n<li class=\"gl-vspace-bpall-small\">Contient au moins 20 % de mat\u00e9riaux recycl\u00e9s ; produit soumis \u00e0 la mesure de l&#8217;empreinte carbone<\/li>\n<\/ul>\n<p><\/div><\/div><\/div>\n<\/p>\n<\/h2>\n<\/h3>\n","protected":false},"excerpt":{"rendered":"<ul>\n<li>Con\u00e7ue pour courir plus vite.<\/li>\n<li>Id\u00e9ale pour ceux qui courent sur de longues distances, mais aussi pour ceux qui marchent.<\/li>\n<\/ul>\n","protected":false},"featured_media":264634,"template":"","meta":{"_acf_changed":false,"inline_featured_image":false},"product_brand":[],"product_cat":[24254,24255],"product_tag":[23557,23564],"class_list":{"0":"post-293926","1":"product","2":"type-product","3":"status-publish","4":"has-post-thumbnail","6":"product_cat-chaussures-pour-hommes","7":"product_cat-neutre-fr","8":"product_tag-adidas-fr","9":"product_tag-adidas-homme","10":"pa_attivita-marcher","11":"pa_attivita-running-fr","12":"pa_colore-adistar-3-m-halsil-zeromt-pullim-fr","13":"pa_marca-adidas-fr","14":"pa_sesso-homme","15":"pa_size-45-fr","17":"first","18":"instock","19":"taxable","20":"shipping-taxable","21":"purchasable","22":"product-type-variable","23":"wvs-archive-product-wrapper"},"acf":[],"yoast_head":"<!-- This site is optimized with the Yoast SEO plugin v26.8 - https:\/\/yoast.com\/product\/yoast-seo-wordpress\/ -->\n<title>AdidasAdistar 3 homme - chaussures de course - MioMioRun.com<\/title>\n<meta name=\"description\" content=\"La chaussure de course Adistar 3 est un excellent choix pour ceux qui recherchent une chaussure plus r\u00e9active. Con\u00e7ue pour courir plus vite, elle est plus l\u00e9g\u00e8re.\" \/>\n<meta name=\"robots\" content=\"index, follow, max-snippet:-1, max-image-preview:large, max-video-preview:-1\" \/>\n<link rel=\"canonical\" href=\"https:\/\/www.miomiorun.com\/fr\/produit\/adistar-3-homme\/\" \/>\n<meta property=\"og:locale\" content=\"fr_FR\" \/>\n<meta property=\"og:type\" content=\"article\" \/>\n<meta property=\"og:title\" content=\"AdidasAdistar 3 homme - chaussures de course - MioMioRun.com\" \/>\n<meta property=\"og:description\" content=\"La chaussure de course Adistar 3 est un excellent choix pour ceux qui recherchent une chaussure plus r\u00e9active. Con\u00e7ue pour courir plus vite, elle est plus l\u00e9g\u00e8re.\" \/>\n<meta property=\"og:url\" content=\"https:\/\/www.miomiorun.com\/fr\/produit\/adistar-3-homme\/\" \/>\n<meta property=\"og:site_name\" content=\"MioMioRun\" \/>\n<meta property=\"article:publisher\" content=\"https:\/\/www.facebook.com\/miomiorun\/\" \/>\n<meta property=\"article:modified_time\" content=\"2025-12-03T10:08:52+00:00\" \/>\n<meta property=\"og:image\" content=\"https:\/\/www.miomiorun.com\/app\/uploads\/2025\/03\/adidas-Adistar-3-M-hireye-halsil-dshgry-JI1241.webp\" \/>\n\t<meta property=\"og:image:width\" content=\"600\" \/>\n\t<meta property=\"og:image:height\" content=\"600\" \/>\n\t<meta property=\"og:image:type\" content=\"image\/webp\" \/>\n<meta name=\"twitter:card\" content=\"summary_large_image\" \/>\n<meta name=\"twitter:label1\" content=\"Est. reading time\" \/>\n\t<meta name=\"twitter:data1\" content=\"1 minute\" \/>\n<script type=\"application\/ld+json\" class=\"yoast-schema-graph\">{\"@context\":\"https:\/\/schema.org\",\"@graph\":[{\"@type\":\"WebPage\",\"@id\":\"https:\/\/www.miomiorun.com\/fr\/produit\/adistar-3-homme\/\",\"url\":\"https:\/\/www.miomiorun.com\/fr\/produit\/adistar-3-homme\/\",\"name\":\"AdidasAdistar 3 homme - chaussures de course - MioMioRun.com\",\"isPartOf\":{\"@id\":\"https:\/\/www.miomiorun.com\/fr\/#website\"},\"primaryImageOfPage\":{\"@id\":\"https:\/\/www.miomiorun.com\/fr\/produit\/adistar-3-homme\/#primaryimage\"},\"image\":{\"@id\":\"https:\/\/www.miomiorun.com\/fr\/produit\/adistar-3-homme\/#primaryimage\"},\"thumbnailUrl\":\"https:\/\/www.miomiorun.com\/app\/uploads\/2025\/03\/adidas-Adistar-3-M-hireye-halsil-dshgry-JI1241.webp\",\"datePublished\":\"2024-08-27T11:23:41+00:00\",\"dateModified\":\"2025-12-03T10:08:52+00:00\",\"description\":\"La chaussure de course Adistar 3 est un excellent choix pour ceux qui recherchent une chaussure plus r\u00e9active. Con\u00e7ue pour courir plus vite, elle est plus l\u00e9g\u00e8re.\",\"breadcrumb\":{\"@id\":\"https:\/\/www.miomiorun.com\/fr\/produit\/adistar-3-homme\/#breadcrumb\"},\"inLanguage\":\"fr-FR\",\"potentialAction\":[{\"@type\":\"ReadAction\",\"target\":[\"https:\/\/www.miomiorun.com\/fr\/produit\/adistar-3-homme\/\"]}]},{\"@type\":\"ImageObject\",\"inLanguage\":\"fr-FR\",\"@id\":\"https:\/\/www.miomiorun.com\/fr\/produit\/adistar-3-homme\/#primaryimage\",\"url\":\"https:\/\/www.miomiorun.com\/app\/uploads\/2025\/03\/adidas-Adistar-3-M-hireye-halsil-dshgry-JI1241.webp\",\"contentUrl\":\"https:\/\/www.miomiorun.com\/app\/uploads\/2025\/03\/adidas-Adistar-3-M-hireye-halsil-dshgry-JI1241.webp\",\"width\":600,\"height\":600,\"caption\":\"adidas Adistar 3 M hireye halsil dshgry JI1241\"},{\"@type\":\"BreadcrumbList\",\"@id\":\"https:\/\/www.miomiorun.com\/fr\/produit\/adistar-3-homme\/#breadcrumb\",\"itemListElement\":[{\"@type\":\"ListItem\",\"position\":1,\"name\":\"Home\",\"item\":\"https:\/\/www.miomiorun.com\/fr\/home-page\/\"},{\"@type\":\"ListItem\",\"position\":2,\"name\":\"Shop\",\"item\":\"https:\/\/www.miomiorun.com\/shop\/\"},{\"@type\":\"ListItem\",\"position\":3,\"name\":\"Adistar 3 homme\"}]},{\"@type\":\"WebSite\",\"@id\":\"https:\/\/www.miomiorun.com\/fr\/#website\",\"url\":\"https:\/\/www.miomiorun.com\/fr\/\",\"name\":\"MioMioRun\",\"description\":\"Boutique 100% running et trail\",\"publisher\":{\"@id\":\"https:\/\/www.miomiorun.com\/fr\/#organization\"},\"potentialAction\":[{\"@type\":\"SearchAction\",\"target\":{\"@type\":\"EntryPoint\",\"urlTemplate\":\"https:\/\/www.miomiorun.com\/fr\/?s={search_term_string}\"},\"query-input\":{\"@type\":\"PropertyValueSpecification\",\"valueRequired\":true,\"valueName\":\"search_term_string\"}}],\"inLanguage\":\"fr-FR\"},{\"@type\":\"Organization\",\"@id\":\"https:\/\/www.miomiorun.com\/fr\/#organization\",\"name\":\"MioMio Run\",\"url\":\"https:\/\/www.miomiorun.com\/fr\/\",\"logo\":{\"@type\":\"ImageObject\",\"inLanguage\":\"fr-FR\",\"@id\":\"https:\/\/www.miomiorun.com\/fr\/#\/schema\/logo\/image\/\",\"url\":\"https:\/\/www.miomiorun.com\/app\/uploads\/2019\/12\/logomio.png\",\"contentUrl\":\"https:\/\/www.miomiorun.com\/app\/uploads\/2019\/12\/logomio.png\",\"width\":115,\"height\":82,\"caption\":\"MioMio Run\"},\"image\":{\"@id\":\"https:\/\/www.miomiorun.com\/fr\/#\/schema\/logo\/image\/\"},\"sameAs\":[\"https:\/\/www.facebook.com\/miomiorun\/\",\"https:\/\/www.instagram.com\/miomiorun\/\"]}]}<\/script>\n<!-- \/ Yoast SEO plugin. -->","yoast_head_json":{"title":"AdidasAdistar 3 homme - chaussures de course - MioMioRun.com","description":"La chaussure de course Adistar 3 est un excellent choix pour ceux qui recherchent une chaussure plus r\u00e9active. Con\u00e7ue pour courir plus vite, elle est plus l\u00e9g\u00e8re.","robots":{"index":"index","follow":"follow","max-snippet":"max-snippet:-1","max-image-preview":"max-image-preview:large","max-video-preview":"max-video-preview:-1"},"canonical":"https:\/\/www.miomiorun.com\/fr\/produit\/adistar-3-homme\/","og_locale":"fr_FR","og_type":"article","og_title":"AdidasAdistar 3 homme - chaussures de course - MioMioRun.com","og_description":"La chaussure de course Adistar 3 est un excellent choix pour ceux qui recherchent une chaussure plus r\u00e9active. Con\u00e7ue pour courir plus vite, elle est plus l\u00e9g\u00e8re.","og_url":"https:\/\/www.miomiorun.com\/fr\/produit\/adistar-3-homme\/","og_site_name":"MioMioRun","article_publisher":"https:\/\/www.facebook.com\/miomiorun\/","article_modified_time":"2025-12-03T10:08:52+00:00","og_image":[{"width":600,"height":600,"url":"https:\/\/www.miomiorun.com\/app\/uploads\/2025\/03\/adidas-Adistar-3-M-hireye-halsil-dshgry-JI1241.webp","type":"image\/webp"}],"twitter_card":"summary_large_image","twitter_misc":{"Est. reading time":"1 minute"},"schema":{"@context":"https:\/\/schema.org","@graph":[{"@type":"WebPage","@id":"https:\/\/www.miomiorun.com\/fr\/produit\/adistar-3-homme\/","url":"https:\/\/www.miomiorun.com\/fr\/produit\/adistar-3-homme\/","name":"AdidasAdistar 3 homme - chaussures de course - MioMioRun.com","isPartOf":{"@id":"https:\/\/www.miomiorun.com\/fr\/#website"},"primaryImageOfPage":{"@id":"https:\/\/www.miomiorun.com\/fr\/produit\/adistar-3-homme\/#primaryimage"},"image":{"@id":"https:\/\/www.miomiorun.com\/fr\/produit\/adistar-3-homme\/#primaryimage"},"thumbnailUrl":"https:\/\/www.miomiorun.com\/app\/uploads\/2025\/03\/adidas-Adistar-3-M-hireye-halsil-dshgry-JI1241.webp","datePublished":"2024-08-27T11:23:41+00:00","dateModified":"2025-12-03T10:08:52+00:00","description":"La chaussure de course Adistar 3 est un excellent choix pour ceux qui recherchent une chaussure plus r\u00e9active. Con\u00e7ue pour courir plus vite, elle est plus l\u00e9g\u00e8re.","breadcrumb":{"@id":"https:\/\/www.miomiorun.com\/fr\/produit\/adistar-3-homme\/#breadcrumb"},"inLanguage":"fr-FR","potentialAction":[{"@type":"ReadAction","target":["https:\/\/www.miomiorun.com\/fr\/produit\/adistar-3-homme\/"]}]},{"@type":"ImageObject","inLanguage":"fr-FR","@id":"https:\/\/www.miomiorun.com\/fr\/produit\/adistar-3-homme\/#primaryimage","url":"https:\/\/www.miomiorun.com\/app\/uploads\/2025\/03\/adidas-Adistar-3-M-hireye-halsil-dshgry-JI1241.webp","contentUrl":"https:\/\/www.miomiorun.com\/app\/uploads\/2025\/03\/adidas-Adistar-3-M-hireye-halsil-dshgry-JI1241.webp","width":600,"height":600,"caption":"adidas Adistar 3 M hireye halsil dshgry JI1241"},{"@type":"BreadcrumbList","@id":"https:\/\/www.miomiorun.com\/fr\/produit\/adistar-3-homme\/#breadcrumb","itemListElement":[{"@type":"ListItem","position":1,"name":"Home","item":"https:\/\/www.miomiorun.com\/fr\/home-page\/"},{"@type":"ListItem","position":2,"name":"Shop","item":"https:\/\/www.miomiorun.com\/shop\/"},{"@type":"ListItem","position":3,"name":"Adistar 3 homme"}]},{"@type":"WebSite","@id":"https:\/\/www.miomiorun.com\/fr\/#website","url":"https:\/\/www.miomiorun.com\/fr\/","name":"MioMioRun","description":"Boutique 100% running et trail","publisher":{"@id":"https:\/\/www.miomiorun.com\/fr\/#organization"},"potentialAction":[{"@type":"SearchAction","target":{"@type":"EntryPoint","urlTemplate":"https:\/\/www.miomiorun.com\/fr\/?s={search_term_string}"},"query-input":{"@type":"PropertyValueSpecification","valueRequired":true,"valueName":"search_term_string"}}],"inLanguage":"fr-FR"},{"@type":"Organization","@id":"https:\/\/www.miomiorun.com\/fr\/#organization","name":"MioMio Run","url":"https:\/\/www.miomiorun.com\/fr\/","logo":{"@type":"ImageObject","inLanguage":"fr-FR","@id":"https:\/\/www.miomiorun.com\/fr\/#\/schema\/logo\/image\/","url":"https:\/\/www.miomiorun.com\/app\/uploads\/2019\/12\/logomio.png","contentUrl":"https:\/\/www.miomiorun.com\/app\/uploads\/2019\/12\/logomio.png","width":115,"height":82,"caption":"MioMio Run"},"image":{"@id":"https:\/\/www.miomiorun.com\/fr\/#\/schema\/logo\/image\/"},"sameAs":["https:\/\/www.facebook.com\/miomiorun\/","https:\/\/www.instagram.com\/miomiorun\/"]}]}},"_links":{"self":[{"href":"https:\/\/www.miomiorun.com\/fr\/wp-json\/wp\/v2\/product\/293926","targetHints":{"allow":["GET"]}}],"collection":[{"href":"https:\/\/www.miomiorun.com\/fr\/wp-json\/wp\/v2\/product"}],"about":[{"href":"https:\/\/www.miomiorun.com\/fr\/wp-json\/wp\/v2\/types\/product"}],"wp:featuredmedia":[{"embeddable":true,"href":"https:\/\/www.miomiorun.com\/fr\/wp-json\/wp\/v2\/media\/264634"}],"wp:attachment":[{"href":"https:\/\/www.miomiorun.com\/fr\/wp-json\/wp\/v2\/media?parent=293926"}],"wp:term":[{"taxonomy":"product_brand","embeddable":true,"href":"https:\/\/www.miomiorun.com\/fr\/wp-json\/wp\/v2\/product_brand?post=293926"},{"taxonomy":"product_cat","embeddable":true,"href":"https:\/\/www.miomiorun.com\/fr\/wp-json\/wp\/v2\/product_cat?post=293926"},{"taxonomy":"product_tag","embeddable":true,"href":"https:\/\/www.miomiorun.com\/fr\/wp-json\/wp\/v2\/product_tag?post=293926"}],"curies":[{"name":"wp","href":"https:\/\/api.w.org\/{rel}","templated":true}]}}