{"id":293922,"date":"2024-08-27T13:51:44","date_gmt":"2024-08-27T11:51:44","guid":{"rendered":"https:\/\/miomiorun.com\/prodotto\/adistar-byd-donna\/"},"modified":"2025-07-26T01:04:02","modified_gmt":"2025-07-25T23:04:02","slug":"adistar-byd-femme","status":"publish","type":"product","link":"https:\/\/www.miomiorun.com\/fr\/produit\/adistar-byd-femme\/","title":{"rendered":"Adistar Byd femme"},"content":{"rendered":"<div class=\"vc-row container\"><div class=\"vc-column\"><div class=\"vc-column-text\"><\/p>\n<h4>Caract\u00e9ristiques techniques<\/h4>\n<p>Cat\u00e9gorie : Amortissement structur\u00e9<br \/>\nD\u00e9calage : 6 mm<br \/>\nPoids : 250 g<br \/>\nId\u00e9al pour : coureurs et marcheurs moyens \u00e0 lourds avec un pied neutre, recherchant un mod\u00e8le avec un maximum d&#8217;amorti et de structure, pour les longues distances en course \u00e0 pied ou m\u00eame en marche.<br \/>\nPoids du sportif : &gt;65 kg<br \/>\nAllure de course : lente (&gt;5 min\/km)<br \/>\n<a href=\"https:\/\/miomiorun.com\/fr\/guide-des-specificites\/\">Guide des sp\u00e9cifications<\/a><\/p>\n<p><\/div><\/div><div class=\"vc-column\"><div class=\"vc-column-text\"><\/p>\n<h3 class=\"subtitle___9ljbp\">Chaussures de course \u00e0 pied pour un soutien accru, fabriqu\u00e9es en partie \u00e0 partir de mat\u00e9riaux recycl\u00e9s.<\/h3>\n<p class=\"gl-vspace\">Lorsque votre programme d&#8217;entra\u00eenement comprend des courses de longue distance, ces chaussures de course \u00e0 pied <strong>Adistar Byd<\/strong> pour femmes sont le choix id\u00e9al. La semelle interm\u00e9diaire REPETITOR 2.0 assure un retour d&#8217;\u00e9nergie optimal et entoure le talon pour offrir un soutien suppl\u00e9mentaire, kilom\u00e8tre apr\u00e8s kilom\u00e8tre. L&#8217;amorti Lightstrike Pro et la plaque de carbone Distance Drive vous aident \u00e0 donner le meilleur de vous-m\u00eame, m\u00eame sur les longues distances. La semelle ext\u00e9rieure en caoutchouc Continental\u2122 offre une adh\u00e9rence impeccable, m\u00eame sur sol mouill\u00e9, pour que vous puissiez vous concentrer sur la course sans distraction. Ce produit contient au moins 20 % de mat\u00e9riaux recycl\u00e9s.<\/p>\n<p><strong>Caract\u00e9ristiques :<\/strong><\/p>\n<ul class=\"gl-list\">\n<li class=\"gl-vspace-bpall-small\">Coupe r\u00e9guli\u00e8re<\/li>\n<li class=\"gl-vspace-bpall-small\">Fermeture \u00e0 lacets<\/li>\n<li class=\"gl-vspace-bpall-small\">Dessus en tissu<\/li>\n<li class=\"gl-vspace-bpall-small\">Doublure en tissu<\/li>\n<li class=\"gl-vspace-bpall-small\">Amortissement Lightstrike Pro<\/li>\n<li class=\"gl-vspace-bpall-small\">Semelle interm\u00e9diaire REPETITOR 2.0<\/li>\n<li class=\"gl-vspace-bpall-small\">Semelle ext\u00e9rieure en caoutchouc Continental\u2122<\/li>\n<li class=\"gl-vspace-bpall-small\">Ce produit contient au moins 20% de mat\u00e9riaux recycl\u00e9s<\/li>\n<\/ul>\n<h2>Technologies<\/h2>\n<div class=\"accordion__content___29x9h\">\n<div class=\"content-padding___2kVWQ\">\n<div class=\"technologies-section___3gZqW technologies-section--no-img___B_YZF\">\n<div class=\"technologies-content-container--no-img___wNKqW\">\n<h3 class=\"technologies-content-name___kkx_0\">LIGHTSTRIKE PRO<\/h3>\n<div class=\"technologies-content-title___moWj6\"><strong>L\u00e9g\u00e8ret\u00e9 record<\/strong><\/div>\n<p class=\"technologies-content-subtitle___2bGCf\">L&#8217;amorti adidas Lightstrike Pro est con\u00e7u pour vous offrir une vitesse et un retour d&#8217;\u00e9nergie sup\u00e9rieurs.<\/p>\n<\/div>\n<\/div>\n<div class=\"technologies-section___3gZqW technologies-section--no-img___B_YZF\">\n<div class=\"technologies-content-container--no-img___wNKqW\">\n<h3 class=\"technologies-content-name___kkx_0\">REPETITEUR<\/h3>\n<div class=\"technologies-content-title___moWj6\"><strong>Retour d&#8217;\u00e9nergie m\u00eame pendant les courses plus longues<\/strong><\/div>\n<p class=\"technologies-content-subtitle___2bGCf\">Repetitor offre un niveau constant de stabilit\u00e9 et de retour d&#8217;\u00e9nergie pour maintenir des performances optimales plus longtemps.<\/p>\n<\/div>\n<\/div>\n<\/div>\n<\/div>\n<p><\/div><\/div><\/div>\n","protected":false},"excerpt":{"rendered":"<ul>\n<li>Chaussure polyvalente pour affronter les longues distances.<\/li>\n<li>Equip\u00e9e d&#8217;une plaque en carbone pour vous aider \u00e0 \u00eatre le plus performant possible.<\/li>\n<\/ul>\n","protected":false},"featured_media":326811,"template":"","meta":{"_acf_changed":false,"inline_featured_image":false},"product_brand":[],"product_cat":[22605,22606],"product_tag":[23557,23563],"class_list":{"0":"post-293922","1":"product","2":"type-product","3":"status-publish","4":"has-post-thumbnail","6":"product_cat-chaussures-pour-femmes","7":"product_cat-neutre","8":"product_tag-adidas-fr","9":"product_tag-adidas-femme","10":"pa_attivita-marcher","11":"pa_attivita-running-fr","12":"pa_colore-adistar-byd-w-blufus-lucpnk-lu-fr","13":"pa_colore-adistar-byd-w-grestr-tauoxi-carbon-fr","14":"pa_marca-adidas-fr","15":"pa_sesso-femme","16":"pa_size-38-fr","17":"pa_size-39-fr","18":"pa_size-40-fr","19":"pa_size-41-fr","21":"first","22":"instock","23":"sale","24":"taxable","25":"shipping-taxable","26":"purchasable","27":"product-type-variable","28":"wvs-archive-product-wrapper"},"acf":[],"yoast_head":"<!-- This site is optimized with the Yoast SEO plugin v26.8 - https:\/\/yoast.com\/product\/yoast-seo-wordpress\/ -->\n<title>Adidas Adistar Byd femme - chaussures de course - MioMioRun .com<\/title>\n<meta name=\"description\" content=\"Lorsque votre programme d&#039;entra\u00eenement comprend des courses de longue dur\u00e9e, ces chaussures de course \u00e0 pied Adistar Byd pour femmes sont le choix id\u00e9al.\" \/>\n<meta name=\"robots\" content=\"index, follow, max-snippet:-1, max-image-preview:large, max-video-preview:-1\" \/>\n<link rel=\"canonical\" href=\"https:\/\/www.miomiorun.com\/fr\/produit\/adistar-byd-femme\/\" \/>\n<meta property=\"og:locale\" content=\"fr_FR\" \/>\n<meta property=\"og:type\" content=\"article\" \/>\n<meta property=\"og:title\" content=\"Adidas Adistar Byd femme - chaussures de course - MioMioRun .com\" \/>\n<meta property=\"og:description\" content=\"Lorsque votre programme d&#039;entra\u00eenement comprend des courses de longue dur\u00e9e, ces chaussures de course \u00e0 pied Adistar Byd pour femmes sont le choix id\u00e9al.\" \/>\n<meta property=\"og:url\" content=\"https:\/\/www.miomiorun.com\/fr\/produit\/adistar-byd-femme\/\" \/>\n<meta property=\"og:site_name\" content=\"MioMioRun\" \/>\n<meta property=\"article:publisher\" content=\"https:\/\/www.facebook.com\/miomiorun\/\" \/>\n<meta property=\"article:modified_time\" content=\"2025-07-25T23:04:02+00:00\" \/>\n<meta property=\"og:image\" content=\"https:\/\/www.miomiorun.com\/app\/uploads\/2024\/09\/Adidas-Adistar-BYD-W-prptnt-bluspa-ID6179.webp\" \/>\n\t<meta property=\"og:image:width\" content=\"600\" \/>\n\t<meta property=\"og:image:height\" content=\"600\" \/>\n\t<meta property=\"og:image:type\" content=\"image\/webp\" \/>\n<meta name=\"twitter:card\" content=\"summary_large_image\" \/>\n<meta name=\"twitter:label1\" content=\"Est. reading time\" \/>\n\t<meta name=\"twitter:data1\" content=\"2 minutes\" \/>\n<script type=\"application\/ld+json\" class=\"yoast-schema-graph\">{\"@context\":\"https:\/\/schema.org\",\"@graph\":[{\"@type\":\"WebPage\",\"@id\":\"https:\/\/www.miomiorun.com\/fr\/produit\/adistar-byd-femme\/\",\"url\":\"https:\/\/www.miomiorun.com\/fr\/produit\/adistar-byd-femme\/\",\"name\":\"Adidas Adistar Byd femme - chaussures de course - MioMioRun .com\",\"isPartOf\":{\"@id\":\"https:\/\/www.miomiorun.com\/fr\/#website\"},\"primaryImageOfPage\":{\"@id\":\"https:\/\/www.miomiorun.com\/fr\/produit\/adistar-byd-femme\/#primaryimage\"},\"image\":{\"@id\":\"https:\/\/www.miomiorun.com\/fr\/produit\/adistar-byd-femme\/#primaryimage\"},\"thumbnailUrl\":\"https:\/\/www.miomiorun.com\/app\/uploads\/2025\/07\/adidas-Adistar-BYD-W-blufus-lucpnk-lu-JR0277.webp\",\"datePublished\":\"2024-08-27T11:51:44+00:00\",\"dateModified\":\"2025-07-25T23:04:02+00:00\",\"description\":\"Lorsque votre programme d'entra\u00eenement comprend des courses de longue dur\u00e9e, ces chaussures de course \u00e0 pied Adistar Byd pour femmes sont le choix id\u00e9al.\",\"breadcrumb\":{\"@id\":\"https:\/\/www.miomiorun.com\/fr\/produit\/adistar-byd-femme\/#breadcrumb\"},\"inLanguage\":\"fr-FR\",\"potentialAction\":[{\"@type\":\"ReadAction\",\"target\":[\"https:\/\/www.miomiorun.com\/fr\/produit\/adistar-byd-femme\/\"]}]},{\"@type\":\"ImageObject\",\"inLanguage\":\"fr-FR\",\"@id\":\"https:\/\/www.miomiorun.com\/fr\/produit\/adistar-byd-femme\/#primaryimage\",\"url\":\"https:\/\/www.miomiorun.com\/app\/uploads\/2025\/07\/adidas-Adistar-BYD-W-blufus-lucpnk-lu-JR0277.webp\",\"contentUrl\":\"https:\/\/www.miomiorun.com\/app\/uploads\/2025\/07\/adidas-Adistar-BYD-W-blufus-lucpnk-lu-JR0277.webp\",\"width\":600,\"height\":600,\"caption\":\"adidas Adistar BYD W blufus lucpnk lu JR0277\"},{\"@type\":\"BreadcrumbList\",\"@id\":\"https:\/\/www.miomiorun.com\/fr\/produit\/adistar-byd-femme\/#breadcrumb\",\"itemListElement\":[{\"@type\":\"ListItem\",\"position\":1,\"name\":\"Home\",\"item\":\"https:\/\/www.miomiorun.com\/fr\/home-page\/\"},{\"@type\":\"ListItem\",\"position\":2,\"name\":\"Shop\",\"item\":\"https:\/\/www.miomiorun.com\/shop\/\"},{\"@type\":\"ListItem\",\"position\":3,\"name\":\"Adistar Byd femme\"}]},{\"@type\":\"WebSite\",\"@id\":\"https:\/\/www.miomiorun.com\/fr\/#website\",\"url\":\"https:\/\/www.miomiorun.com\/fr\/\",\"name\":\"MioMioRun\",\"description\":\"Boutique 100% running et trail\",\"publisher\":{\"@id\":\"https:\/\/www.miomiorun.com\/fr\/#organization\"},\"potentialAction\":[{\"@type\":\"SearchAction\",\"target\":{\"@type\":\"EntryPoint\",\"urlTemplate\":\"https:\/\/www.miomiorun.com\/fr\/?s={search_term_string}\"},\"query-input\":{\"@type\":\"PropertyValueSpecification\",\"valueRequired\":true,\"valueName\":\"search_term_string\"}}],\"inLanguage\":\"fr-FR\"},{\"@type\":\"Organization\",\"@id\":\"https:\/\/www.miomiorun.com\/fr\/#organization\",\"name\":\"MioMio Run\",\"url\":\"https:\/\/www.miomiorun.com\/fr\/\",\"logo\":{\"@type\":\"ImageObject\",\"inLanguage\":\"fr-FR\",\"@id\":\"https:\/\/www.miomiorun.com\/fr\/#\/schema\/logo\/image\/\",\"url\":\"https:\/\/www.miomiorun.com\/app\/uploads\/2019\/12\/logomio.png\",\"contentUrl\":\"https:\/\/www.miomiorun.com\/app\/uploads\/2019\/12\/logomio.png\",\"width\":115,\"height\":82,\"caption\":\"MioMio Run\"},\"image\":{\"@id\":\"https:\/\/www.miomiorun.com\/fr\/#\/schema\/logo\/image\/\"},\"sameAs\":[\"https:\/\/www.facebook.com\/miomiorun\/\",\"https:\/\/www.instagram.com\/miomiorun\/\"]}]}<\/script>\n<!-- \/ Yoast SEO plugin. -->","yoast_head_json":{"title":"Adidas Adistar Byd femme - chaussures de course - MioMioRun .com","description":"Lorsque votre programme d'entra\u00eenement comprend des courses de longue dur\u00e9e, ces chaussures de course \u00e0 pied Adistar Byd pour femmes sont le choix id\u00e9al.","robots":{"index":"index","follow":"follow","max-snippet":"max-snippet:-1","max-image-preview":"max-image-preview:large","max-video-preview":"max-video-preview:-1"},"canonical":"https:\/\/www.miomiorun.com\/fr\/produit\/adistar-byd-femme\/","og_locale":"fr_FR","og_type":"article","og_title":"Adidas Adistar Byd femme - chaussures de course - MioMioRun .com","og_description":"Lorsque votre programme d'entra\u00eenement comprend des courses de longue dur\u00e9e, ces chaussures de course \u00e0 pied Adistar Byd pour femmes sont le choix id\u00e9al.","og_url":"https:\/\/www.miomiorun.com\/fr\/produit\/adistar-byd-femme\/","og_site_name":"MioMioRun","article_publisher":"https:\/\/www.facebook.com\/miomiorun\/","article_modified_time":"2025-07-25T23:04:02+00:00","og_image":[{"width":600,"height":600,"url":"https:\/\/www.miomiorun.com\/app\/uploads\/2024\/09\/Adidas-Adistar-BYD-W-prptnt-bluspa-ID6179.webp","type":"image\/webp"}],"twitter_card":"summary_large_image","twitter_misc":{"Est. reading time":"2 minutes"},"schema":{"@context":"https:\/\/schema.org","@graph":[{"@type":"WebPage","@id":"https:\/\/www.miomiorun.com\/fr\/produit\/adistar-byd-femme\/","url":"https:\/\/www.miomiorun.com\/fr\/produit\/adistar-byd-femme\/","name":"Adidas Adistar Byd femme - chaussures de course - MioMioRun .com","isPartOf":{"@id":"https:\/\/www.miomiorun.com\/fr\/#website"},"primaryImageOfPage":{"@id":"https:\/\/www.miomiorun.com\/fr\/produit\/adistar-byd-femme\/#primaryimage"},"image":{"@id":"https:\/\/www.miomiorun.com\/fr\/produit\/adistar-byd-femme\/#primaryimage"},"thumbnailUrl":"https:\/\/www.miomiorun.com\/app\/uploads\/2025\/07\/adidas-Adistar-BYD-W-blufus-lucpnk-lu-JR0277.webp","datePublished":"2024-08-27T11:51:44+00:00","dateModified":"2025-07-25T23:04:02+00:00","description":"Lorsque votre programme d'entra\u00eenement comprend des courses de longue dur\u00e9e, ces chaussures de course \u00e0 pied Adistar Byd pour femmes sont le choix id\u00e9al.","breadcrumb":{"@id":"https:\/\/www.miomiorun.com\/fr\/produit\/adistar-byd-femme\/#breadcrumb"},"inLanguage":"fr-FR","potentialAction":[{"@type":"ReadAction","target":["https:\/\/www.miomiorun.com\/fr\/produit\/adistar-byd-femme\/"]}]},{"@type":"ImageObject","inLanguage":"fr-FR","@id":"https:\/\/www.miomiorun.com\/fr\/produit\/adistar-byd-femme\/#primaryimage","url":"https:\/\/www.miomiorun.com\/app\/uploads\/2025\/07\/adidas-Adistar-BYD-W-blufus-lucpnk-lu-JR0277.webp","contentUrl":"https:\/\/www.miomiorun.com\/app\/uploads\/2025\/07\/adidas-Adistar-BYD-W-blufus-lucpnk-lu-JR0277.webp","width":600,"height":600,"caption":"adidas Adistar BYD W blufus lucpnk lu JR0277"},{"@type":"BreadcrumbList","@id":"https:\/\/www.miomiorun.com\/fr\/produit\/adistar-byd-femme\/#breadcrumb","itemListElement":[{"@type":"ListItem","position":1,"name":"Home","item":"https:\/\/www.miomiorun.com\/fr\/home-page\/"},{"@type":"ListItem","position":2,"name":"Shop","item":"https:\/\/www.miomiorun.com\/shop\/"},{"@type":"ListItem","position":3,"name":"Adistar Byd femme"}]},{"@type":"WebSite","@id":"https:\/\/www.miomiorun.com\/fr\/#website","url":"https:\/\/www.miomiorun.com\/fr\/","name":"MioMioRun","description":"Boutique 100% running et trail","publisher":{"@id":"https:\/\/www.miomiorun.com\/fr\/#organization"},"potentialAction":[{"@type":"SearchAction","target":{"@type":"EntryPoint","urlTemplate":"https:\/\/www.miomiorun.com\/fr\/?s={search_term_string}"},"query-input":{"@type":"PropertyValueSpecification","valueRequired":true,"valueName":"search_term_string"}}],"inLanguage":"fr-FR"},{"@type":"Organization","@id":"https:\/\/www.miomiorun.com\/fr\/#organization","name":"MioMio Run","url":"https:\/\/www.miomiorun.com\/fr\/","logo":{"@type":"ImageObject","inLanguage":"fr-FR","@id":"https:\/\/www.miomiorun.com\/fr\/#\/schema\/logo\/image\/","url":"https:\/\/www.miomiorun.com\/app\/uploads\/2019\/12\/logomio.png","contentUrl":"https:\/\/www.miomiorun.com\/app\/uploads\/2019\/12\/logomio.png","width":115,"height":82,"caption":"MioMio Run"},"image":{"@id":"https:\/\/www.miomiorun.com\/fr\/#\/schema\/logo\/image\/"},"sameAs":["https:\/\/www.facebook.com\/miomiorun\/","https:\/\/www.instagram.com\/miomiorun\/"]}]}},"_links":{"self":[{"href":"https:\/\/www.miomiorun.com\/fr\/wp-json\/wp\/v2\/product\/293922","targetHints":{"allow":["GET"]}}],"collection":[{"href":"https:\/\/www.miomiorun.com\/fr\/wp-json\/wp\/v2\/product"}],"about":[{"href":"https:\/\/www.miomiorun.com\/fr\/wp-json\/wp\/v2\/types\/product"}],"wp:featuredmedia":[{"embeddable":true,"href":"https:\/\/www.miomiorun.com\/fr\/wp-json\/wp\/v2\/media\/326811"}],"wp:attachment":[{"href":"https:\/\/www.miomiorun.com\/fr\/wp-json\/wp\/v2\/media?parent=293922"}],"wp:term":[{"taxonomy":"product_brand","embeddable":true,"href":"https:\/\/www.miomiorun.com\/fr\/wp-json\/wp\/v2\/product_brand?post=293922"},{"taxonomy":"product_cat","embeddable":true,"href":"https:\/\/www.miomiorun.com\/fr\/wp-json\/wp\/v2\/product_cat?post=293922"},{"taxonomy":"product_tag","embeddable":true,"href":"https:\/\/www.miomiorun.com\/fr\/wp-json\/wp\/v2\/product_tag?post=293922"}],"curies":[{"name":"wp","href":"https:\/\/api.w.org\/{rel}","templated":true}]}}