{"id":293919,"date":"2024-08-27T14:05:30","date_gmt":"2024-08-27T12:05:30","guid":{"rendered":"https:\/\/miomiorun.com\/prodotto\/supernova-prima-donna\/"},"modified":"2026-05-08T22:10:38","modified_gmt":"2026-05-08T20:10:38","slug":"supernova-prima-femme","status":"publish","type":"product","link":"https:\/\/www.miomiorun.com\/fr\/produit\/supernova-prima-femme\/","title":{"rendered":"Supernova Prima femme"},"content":{"rendered":"<div class=\"vc-row container\"><div class=\"vc-column\"><div class=\"vc-column-text\"><\/p>\n<p><strong>Caract\u00e9ristiques techniques<\/strong><\/p>\n<p>Cat\u00e9gorie : amorti moyen<br \/>\nD\u00e9calage : 8 mm<br \/>\nPoids : 290 g<br \/>\nId\u00e9al pour : coureurs avec pronation recherchant un mod\u00e8le offrant stabilit\u00e9 et protection ainsi qu&#8217;un amorti ad\u00e9quat et une bonne durabilit\u00e9.<br \/>\nPoids de l&#8217;athl\u00e8te : 50-70 kg<br \/>\nAllure de course : moyenne (&gt;5.00 min\/km)<br \/>\n<a href=\"https:\/\/miomiorun.com\/fr\/guide-des-specificites\/\">Guide des sp\u00e9cifications<\/a><\/p>\n<p><\/div><\/div><div class=\"vc-column\"><div class=\"vc-column-text\"><\/p>\n<div class=\"text-content___13aRm\">\n<h3 class=\"subtitle___9ljbp\">Chaussures de course fabriqu\u00e9es en partie \u00e0 partir d&#8217;un m\u00e9lange de mat\u00e9riaux recycl\u00e9s et renouvelables.<\/h3>\n<p class=\"gl-vspace\">Les chaussures de <strong>course \u00e0 pied<\/strong> adidas <strong>Supernova Prima<\/strong> pour femmes ont \u00e9t\u00e9 cr\u00e9\u00e9es sp\u00e9cialement pour vous aider \u00e0 atteindre vos objectifs.<\/p>\n<p class=\"gl-vspace\">Chaque d\u00e9tail est con\u00e7u pour le confort et le soutien, de la tige en mesh respirant \u00e0 la semelle interm\u00e9diaire Dreamstrike+ absorbant les chocs et offrant un meilleur amorti \u00e0 l&#8217;avant-pied. Le syst\u00e8me de barres de soutien assure une transition en douceur, tandis que la semelle ext\u00e9rieure innovante Lighttraxion offre une adh\u00e9rence optimale sans ajouter de poids. Le choix de mat\u00e9riaux recycl\u00e9s nous permet de r\u00e9utiliser ce qui a d\u00e9j\u00e0 \u00e9t\u00e9 cr\u00e9\u00e9, contribuant ainsi \u00e0 r\u00e9duire les d\u00e9chets et les d\u00e9tritus.<\/p>\n<p><strong>Caract\u00e9ristiques :<\/strong><\/p>\n<ul class=\"gl-list\">\n<li class=\"gl-vspace-bpall-small\">Coupe r\u00e9guli\u00e8re<\/li>\n<li class=\"gl-vspace-bpall-small\">Fermeture \u00e0 lacets<\/li>\n<li class=\"gl-vspace-bpall-small\">Dessus en maille<\/li>\n<li class=\"gl-vspace-bpall-small\">Doublure en tissu<\/li>\n<li class=\"gl-vspace-bpall-small\">Syst\u00e8me de barres de soutien<\/li>\n<li class=\"gl-vspace-bpall-small\">Semelle interm\u00e9diaire Dreamstrike<\/li>\n<\/ul>\n<\/div>\n<p><\/div><\/div><\/div>\n","protected":false},"excerpt":{"rendered":"<ul>\n<li>Chaussure tr\u00e8s amortissante mais l\u00e9g\u00e8re. Elle<\/li>\n<li>vous aidera \u00e0 donner de la fluidit\u00e9 \u00e0 votre course.<\/li>\n<li>Id\u00e9ale pour les personnes maigres qui ont tendance \u00e0 la pronation<\/li>\n<li>.<\/li>\n<\/ul>\n","protected":false},"featured_media":248552,"template":"","meta":{"_acf_changed":false,"inline_featured_image":false},"product_brand":[],"product_cat":[24435,24434],"product_tag":[23557,23563],"class_list":{"0":"post-293919","1":"product","2":"type-product","3":"status-publish","4":"has-post-thumbnail","6":"product_cat-chaussures-pour-femmes-fr","7":"product_cat-neutre-fr-2","8":"product_tag-adidas-fr","9":"product_tag-adidas-femme","10":"pa_attivita-marcher","11":"pa_attivita-running-fr","12":"pa_colore-supernova-prima-w-cobblu-prptn-fr","13":"pa_colore-supernova-prima-w-powyel-pursul-hireye-fr","14":"pa_marca-adidas-fr","15":"pa_sesso-femme","16":"pa_size-38-fr","18":"pa_size-40-fr","19":"pa_size-41-fr","21":"first","22":"instock","23":"sale","24":"taxable","25":"shipping-taxable","26":"purchasable","27":"product-type-variable","28":"wvs-archive-product-wrapper"},"acf":[],"yoast_head":"<!-- This site is optimized with the Yoast SEO plugin v26.8 - https:\/\/yoast.com\/product\/yoast-seo-wordpress\/ -->\n<title>Adidas Supernova Prima femme - chaussures de course - MioMioRun<\/title>\n<meta name=\"description\" content=\"Les chaussures de course adidas Supernova Prima pour femmes sont sp\u00e9cialement con\u00e7ues pour vous aider \u00e0 atteindre vos objectifs en soutenant votre pied.\" \/>\n<meta name=\"robots\" content=\"index, follow, max-snippet:-1, max-image-preview:large, max-video-preview:-1\" \/>\n<link rel=\"canonical\" href=\"https:\/\/www.miomiorun.com\/fr\/produit\/supernova-prima-femme\/\" \/>\n<meta property=\"og:locale\" content=\"fr_FR\" \/>\n<meta property=\"og:type\" content=\"article\" \/>\n<meta property=\"og:title\" content=\"Adidas Supernova Prima femme - chaussures de course - MioMioRun\" \/>\n<meta property=\"og:description\" content=\"Les chaussures de course adidas Supernova Prima pour femmes sont sp\u00e9cialement con\u00e7ues pour vous aider \u00e0 atteindre vos objectifs en soutenant votre pied.\" \/>\n<meta property=\"og:url\" content=\"https:\/\/www.miomiorun.com\/fr\/produit\/supernova-prima-femme\/\" \/>\n<meta property=\"og:site_name\" content=\"MioMioRun\" \/>\n<meta property=\"article:publisher\" content=\"https:\/\/www.facebook.com\/miomiorun\/\" \/>\n<meta property=\"article:modified_time\" content=\"2026-05-08T20:10:38+00:00\" \/>\n<meta property=\"og:image\" content=\"https:\/\/www.miomiorun.com\/app\/uploads\/2024\/09\/Adidas-Supernova-Prima-W-cobblu-prptn-ID3689.webp\" \/>\n\t<meta property=\"og:image:width\" content=\"600\" \/>\n\t<meta property=\"og:image:height\" content=\"600\" \/>\n\t<meta property=\"og:image:type\" content=\"image\/webp\" \/>\n<meta name=\"twitter:card\" content=\"summary_large_image\" \/>\n<meta name=\"twitter:label1\" content=\"Est. reading time\" \/>\n\t<meta name=\"twitter:data1\" content=\"1 minute\" \/>\n<script type=\"application\/ld+json\" class=\"yoast-schema-graph\">{\"@context\":\"https:\/\/schema.org\",\"@graph\":[{\"@type\":\"WebPage\",\"@id\":\"https:\/\/www.miomiorun.com\/fr\/produit\/supernova-prima-femme\/\",\"url\":\"https:\/\/www.miomiorun.com\/fr\/produit\/supernova-prima-femme\/\",\"name\":\"Adidas Supernova Prima femme - chaussures de course - MioMioRun\",\"isPartOf\":{\"@id\":\"https:\/\/www.miomiorun.com\/fr\/#website\"},\"primaryImageOfPage\":{\"@id\":\"https:\/\/www.miomiorun.com\/fr\/produit\/supernova-prima-femme\/#primaryimage\"},\"image\":{\"@id\":\"https:\/\/www.miomiorun.com\/fr\/produit\/supernova-prima-femme\/#primaryimage\"},\"thumbnailUrl\":\"https:\/\/www.miomiorun.com\/app\/uploads\/2024\/09\/Adidas-Supernova-Prima-W-cobblu-prptn-ID3689.webp\",\"datePublished\":\"2024-08-27T12:05:30+00:00\",\"dateModified\":\"2026-05-08T20:10:38+00:00\",\"description\":\"Les chaussures de course adidas Supernova Prima pour femmes sont sp\u00e9cialement con\u00e7ues pour vous aider \u00e0 atteindre vos objectifs en soutenant votre pied.\",\"breadcrumb\":{\"@id\":\"https:\/\/www.miomiorun.com\/fr\/produit\/supernova-prima-femme\/#breadcrumb\"},\"inLanguage\":\"fr-FR\",\"potentialAction\":[{\"@type\":\"ReadAction\",\"target\":[\"https:\/\/www.miomiorun.com\/fr\/produit\/supernova-prima-femme\/\"]}]},{\"@type\":\"ImageObject\",\"inLanguage\":\"fr-FR\",\"@id\":\"https:\/\/www.miomiorun.com\/fr\/produit\/supernova-prima-femme\/#primaryimage\",\"url\":\"https:\/\/www.miomiorun.com\/app\/uploads\/2024\/09\/Adidas-Supernova-Prima-W-cobblu-prptn-ID3689.webp\",\"contentUrl\":\"https:\/\/www.miomiorun.com\/app\/uploads\/2024\/09\/Adidas-Supernova-Prima-W-cobblu-prptn-ID3689.webp\",\"width\":600,\"height\":600,\"caption\":\"Adidas Supernova Prima W cobblu prptn ID3689\"},{\"@type\":\"BreadcrumbList\",\"@id\":\"https:\/\/www.miomiorun.com\/fr\/produit\/supernova-prima-femme\/#breadcrumb\",\"itemListElement\":[{\"@type\":\"ListItem\",\"position\":1,\"name\":\"Home\",\"item\":\"https:\/\/www.miomiorun.com\/fr\/home-page\/\"},{\"@type\":\"ListItem\",\"position\":2,\"name\":\"Shop\",\"item\":\"https:\/\/www.miomiorun.com\/shop\/\"},{\"@type\":\"ListItem\",\"position\":3,\"name\":\"Supernova Prima femme\"}]},{\"@type\":\"WebSite\",\"@id\":\"https:\/\/www.miomiorun.com\/fr\/#website\",\"url\":\"https:\/\/www.miomiorun.com\/fr\/\",\"name\":\"MioMioRun\",\"description\":\"Boutique 100% running et trail\",\"publisher\":{\"@id\":\"https:\/\/www.miomiorun.com\/fr\/#organization\"},\"potentialAction\":[{\"@type\":\"SearchAction\",\"target\":{\"@type\":\"EntryPoint\",\"urlTemplate\":\"https:\/\/www.miomiorun.com\/fr\/?s={search_term_string}\"},\"query-input\":{\"@type\":\"PropertyValueSpecification\",\"valueRequired\":true,\"valueName\":\"search_term_string\"}}],\"inLanguage\":\"fr-FR\"},{\"@type\":\"Organization\",\"@id\":\"https:\/\/www.miomiorun.com\/fr\/#organization\",\"name\":\"MioMio Run\",\"url\":\"https:\/\/www.miomiorun.com\/fr\/\",\"logo\":{\"@type\":\"ImageObject\",\"inLanguage\":\"fr-FR\",\"@id\":\"https:\/\/www.miomiorun.com\/fr\/#\/schema\/logo\/image\/\",\"url\":\"https:\/\/www.miomiorun.com\/app\/uploads\/2019\/12\/logomio.png\",\"contentUrl\":\"https:\/\/www.miomiorun.com\/app\/uploads\/2019\/12\/logomio.png\",\"width\":115,\"height\":82,\"caption\":\"MioMio Run\"},\"image\":{\"@id\":\"https:\/\/www.miomiorun.com\/fr\/#\/schema\/logo\/image\/\"},\"sameAs\":[\"https:\/\/www.facebook.com\/miomiorun\/\",\"https:\/\/www.instagram.com\/miomiorun\/\"]}]}<\/script>\n<!-- \/ Yoast SEO plugin. -->","yoast_head_json":{"title":"Adidas Supernova Prima femme - chaussures de course - MioMioRun","description":"Les chaussures de course adidas Supernova Prima pour femmes sont sp\u00e9cialement con\u00e7ues pour vous aider \u00e0 atteindre vos objectifs en soutenant votre pied.","robots":{"index":"index","follow":"follow","max-snippet":"max-snippet:-1","max-image-preview":"max-image-preview:large","max-video-preview":"max-video-preview:-1"},"canonical":"https:\/\/www.miomiorun.com\/fr\/produit\/supernova-prima-femme\/","og_locale":"fr_FR","og_type":"article","og_title":"Adidas Supernova Prima femme - chaussures de course - MioMioRun","og_description":"Les chaussures de course adidas Supernova Prima pour femmes sont sp\u00e9cialement con\u00e7ues pour vous aider \u00e0 atteindre vos objectifs en soutenant votre pied.","og_url":"https:\/\/www.miomiorun.com\/fr\/produit\/supernova-prima-femme\/","og_site_name":"MioMioRun","article_publisher":"https:\/\/www.facebook.com\/miomiorun\/","article_modified_time":"2026-05-08T20:10:38+00:00","og_image":[{"width":600,"height":600,"url":"https:\/\/www.miomiorun.com\/app\/uploads\/2024\/09\/Adidas-Supernova-Prima-W-cobblu-prptn-ID3689.webp","type":"image\/webp"}],"twitter_card":"summary_large_image","twitter_misc":{"Est. reading time":"1 minute"},"schema":{"@context":"https:\/\/schema.org","@graph":[{"@type":"WebPage","@id":"https:\/\/www.miomiorun.com\/fr\/produit\/supernova-prima-femme\/","url":"https:\/\/www.miomiorun.com\/fr\/produit\/supernova-prima-femme\/","name":"Adidas Supernova Prima femme - chaussures de course - MioMioRun","isPartOf":{"@id":"https:\/\/www.miomiorun.com\/fr\/#website"},"primaryImageOfPage":{"@id":"https:\/\/www.miomiorun.com\/fr\/produit\/supernova-prima-femme\/#primaryimage"},"image":{"@id":"https:\/\/www.miomiorun.com\/fr\/produit\/supernova-prima-femme\/#primaryimage"},"thumbnailUrl":"https:\/\/www.miomiorun.com\/app\/uploads\/2024\/09\/Adidas-Supernova-Prima-W-cobblu-prptn-ID3689.webp","datePublished":"2024-08-27T12:05:30+00:00","dateModified":"2026-05-08T20:10:38+00:00","description":"Les chaussures de course adidas Supernova Prima pour femmes sont sp\u00e9cialement con\u00e7ues pour vous aider \u00e0 atteindre vos objectifs en soutenant votre pied.","breadcrumb":{"@id":"https:\/\/www.miomiorun.com\/fr\/produit\/supernova-prima-femme\/#breadcrumb"},"inLanguage":"fr-FR","potentialAction":[{"@type":"ReadAction","target":["https:\/\/www.miomiorun.com\/fr\/produit\/supernova-prima-femme\/"]}]},{"@type":"ImageObject","inLanguage":"fr-FR","@id":"https:\/\/www.miomiorun.com\/fr\/produit\/supernova-prima-femme\/#primaryimage","url":"https:\/\/www.miomiorun.com\/app\/uploads\/2024\/09\/Adidas-Supernova-Prima-W-cobblu-prptn-ID3689.webp","contentUrl":"https:\/\/www.miomiorun.com\/app\/uploads\/2024\/09\/Adidas-Supernova-Prima-W-cobblu-prptn-ID3689.webp","width":600,"height":600,"caption":"Adidas Supernova Prima W cobblu prptn ID3689"},{"@type":"BreadcrumbList","@id":"https:\/\/www.miomiorun.com\/fr\/produit\/supernova-prima-femme\/#breadcrumb","itemListElement":[{"@type":"ListItem","position":1,"name":"Home","item":"https:\/\/www.miomiorun.com\/fr\/home-page\/"},{"@type":"ListItem","position":2,"name":"Shop","item":"https:\/\/www.miomiorun.com\/shop\/"},{"@type":"ListItem","position":3,"name":"Supernova Prima femme"}]},{"@type":"WebSite","@id":"https:\/\/www.miomiorun.com\/fr\/#website","url":"https:\/\/www.miomiorun.com\/fr\/","name":"MioMioRun","description":"Boutique 100% running et trail","publisher":{"@id":"https:\/\/www.miomiorun.com\/fr\/#organization"},"potentialAction":[{"@type":"SearchAction","target":{"@type":"EntryPoint","urlTemplate":"https:\/\/www.miomiorun.com\/fr\/?s={search_term_string}"},"query-input":{"@type":"PropertyValueSpecification","valueRequired":true,"valueName":"search_term_string"}}],"inLanguage":"fr-FR"},{"@type":"Organization","@id":"https:\/\/www.miomiorun.com\/fr\/#organization","name":"MioMio Run","url":"https:\/\/www.miomiorun.com\/fr\/","logo":{"@type":"ImageObject","inLanguage":"fr-FR","@id":"https:\/\/www.miomiorun.com\/fr\/#\/schema\/logo\/image\/","url":"https:\/\/www.miomiorun.com\/app\/uploads\/2019\/12\/logomio.png","contentUrl":"https:\/\/www.miomiorun.com\/app\/uploads\/2019\/12\/logomio.png","width":115,"height":82,"caption":"MioMio Run"},"image":{"@id":"https:\/\/www.miomiorun.com\/fr\/#\/schema\/logo\/image\/"},"sameAs":["https:\/\/www.facebook.com\/miomiorun\/","https:\/\/www.instagram.com\/miomiorun\/"]}]}},"_links":{"self":[{"href":"https:\/\/www.miomiorun.com\/fr\/wp-json\/wp\/v2\/product\/293919","targetHints":{"allow":["GET"]}}],"collection":[{"href":"https:\/\/www.miomiorun.com\/fr\/wp-json\/wp\/v2\/product"}],"about":[{"href":"https:\/\/www.miomiorun.com\/fr\/wp-json\/wp\/v2\/types\/product"}],"wp:featuredmedia":[{"embeddable":true,"href":"https:\/\/www.miomiorun.com\/fr\/wp-json\/wp\/v2\/media\/248552"}],"wp:attachment":[{"href":"https:\/\/www.miomiorun.com\/fr\/wp-json\/wp\/v2\/media?parent=293919"}],"wp:term":[{"taxonomy":"product_brand","embeddable":true,"href":"https:\/\/www.miomiorun.com\/fr\/wp-json\/wp\/v2\/product_brand?post=293919"},{"taxonomy":"product_cat","embeddable":true,"href":"https:\/\/www.miomiorun.com\/fr\/wp-json\/wp\/v2\/product_cat?post=293919"},{"taxonomy":"product_tag","embeddable":true,"href":"https:\/\/www.miomiorun.com\/fr\/wp-json\/wp\/v2\/product_tag?post=293919"}],"curies":[{"name":"wp","href":"https:\/\/api.w.org\/{rel}","templated":true}]}}