{"id":293912,"date":"2024-08-27T15:08:04","date_gmt":"2024-08-27T13:08:04","guid":{"rendered":"https:\/\/miomiorun.com\/prodotto\/ride-tr2-uomo\/"},"modified":"2026-02-25T13:25:56","modified_gmt":"2026-02-25T12:25:56","slug":"ride-tr2-homme","status":"publish","type":"product","link":"https:\/\/www.miomiorun.com\/fr\/produit\/ride-tr2-homme\/","title":{"rendered":"Ride TR2 homme"},"content":{"rendered":"<div class=\"vc-row container\"><div class=\"vc-column\"><div class=\"vc-column-text\"><\/p>\n<h4>Caract\u00e9ristiques techniques<\/h4>\n<p>Cat\u00e9gorie : Amorti structur\u00e9<br \/>\nD\u00e9calage : 8 mm (35\/27)<br \/>\nPoids : 296 g<br \/>\nId\u00e9al pour : Ride est la chaussure id\u00e9ale pour les athl\u00e8tes de poids moyen et \u00e0 foul\u00e9e moyenne qui recherchent un excellent amorti pour affronter des entra\u00eenements ou des comp\u00e9titions sur moyenne et longue distance sur des terrains hors route. Elle s&#8217;av\u00e8re \u00e9galement \u00eatre une excellente compagne pour la marche.<br \/>\nPoids de l&#8217;athl\u00e8te : 60-70 kg<br \/>\nAllure de course : 5 min\/kg<br \/>\n<a href=\"https:\/\/miomiorun.com\/fr\/guide-des-specificites\/\">Guide des sp\u00e9cifications techniques<\/a><\/p>\n<p><\/div><\/div><div class=\"vc-column\"><div class=\"vc-column-text\"><\/p>\n<div class=\"description\">\n<h2>Courez sans limites.<\/h2>\n<p>Les nouvelles <strong>Ride TR2<\/strong> pour homme sont con\u00e7ues pour vous offrir un confort optimal et vous permettre d&#8217;atteindre de nouveaux sommets pendant votre course. Elles sont dot\u00e9es d&#8217;un amorti PWRRUN+ extr\u00eamement confortable qui garantit des atterrissages en douceur, quelle que soit la surface sur laquelle vous courez.<\/p>\n<\/div>\n<div class=\"description\">\n<h4>Nouveaut\u00e9s<\/h4>\n<ul>\n<li>L&#8217;amorti PWRRUN+ extr\u00eamement confortable garantit des atterrissages en douceur, quelle que soit la surface. <\/li>\n<li>Les crampons l\u00e9gers de 3,5 mm sont parfaits pour la route, les sentiers et le retour. <\/li>\n<li>Semelle PWRTRAC pour une adh\u00e9rence et une traction optimales sur toutes les surfaces. <\/li>\n<li>Tige en mesh r\u00e9sistant pour une protection adapt\u00e9e au trail.<\/li>\n<\/ul>\n<p><strong>Id\u00e9al pour :<\/strong><\/p>\n<ul>\n<li>Surfaces mixtes : de la route au sentier.<\/li>\n<\/ul>\n<p><strong>Caract\u00e9ristiques :<\/strong><\/p>\n<ul>\n<li>Amorti : PWRRUN+.<\/li>\n<li>Semelle int\u00e9rieure : PWRRUN+.<\/li>\n<\/ul>\n<p>&nbsp;<\/p>\n<\/div>\n<p><\/div><\/div><\/div>\n","protected":false},"excerpt":{"rendered":"<ul>\n<li>Chaussure id\u00e9ale pour courir sur route et sur chemins de terre.<\/li>\n<li>L\u00e9g\u00e8re et confortable pour vous permettre d&#8217;aller plus loin.<\/li>\n<\/ul>\n","protected":false},"featured_media":399832,"template":"","meta":{"_acf_changed":false,"inline_featured_image":false},"product_brand":[],"product_cat":[24448,24445,24484],"product_tag":[23579,23546],"class_list":{"0":"post-293912","1":"product","2":"type-product","3":"status-publish","4":"has-post-thumbnail","6":"product_cat-chaussures-pour-hommes-fr","7":"product_cat-trail-fr-3","8":"product_cat-homme","9":"product_tag-saucony-fr","10":"product_tag-saucony-homme","11":"pa_attivita-marcher","12":"pa_attivita-running-fr","13":"pa_attivita-trail-fr","14":"pa_colore-ride-tr2-black-autumn-fr","15":"pa_colore-ride-tr2-carbon-black","16":"pa_colore-ride-tr2-kodiak-wine-fr","17":"pa_colore-ride-tr2-skydiver-black-fr","18":"pa_colore-ride-tr2-white-fire","19":"pa_marca-saucony-fr","20":"pa_sesso-homme","21":"pa_size-41-fr","22":"pa_size-42-fr","23":"pa_size-42-5-fr","24":"pa_size-43-fr","25":"pa_size-44-fr","26":"pa_size-44-5-fr","27":"pa_size-45-fr","28":"pa_size-46-fr","29":"pa_size-46-5-fr","30":"pa_size-47-fr","32":"first","33":"instock","34":"sale","35":"taxable","36":"shipping-taxable","37":"purchasable","38":"product-type-variable","39":"wvs-archive-product-wrapper"},"acf":[],"yoast_head":"<!-- This site is optimized with the Yoast SEO plugin v26.8 - https:\/\/yoast.com\/product\/yoast-seo-wordpress\/ -->\n<title>Saucony Ride TR2 homme - chaussures de trail running - MioMioRun<\/title>\n<meta name=\"description\" content=\"Les nouvelles Ride TR2 pour homme sont con\u00e7ues pour vous offrir un confort optimal et vous permettre d&#039;atteindre de nouveaux sommets lors de vos courses sur route et sur chemin.\" \/>\n<meta name=\"robots\" content=\"index, follow, max-snippet:-1, max-image-preview:large, max-video-preview:-1\" \/>\n<link rel=\"canonical\" href=\"https:\/\/www.miomiorun.com\/fr\/produit\/ride-tr2-homme\/\" \/>\n<meta property=\"og:locale\" content=\"fr_FR\" \/>\n<meta property=\"og:type\" content=\"article\" \/>\n<meta property=\"og:title\" content=\"Saucony Ride TR2 homme - chaussures de trail running - MioMioRun\" \/>\n<meta property=\"og:description\" content=\"Les nouvelles Ride TR2 pour homme sont con\u00e7ues pour vous offrir un confort optimal et vous permettre d&#039;atteindre de nouveaux sommets lors de vos courses sur route et sur chemin.\" \/>\n<meta property=\"og:url\" content=\"https:\/\/www.miomiorun.com\/fr\/produit\/ride-tr2-homme\/\" \/>\n<meta property=\"og:site_name\" content=\"MioMioRun\" \/>\n<meta property=\"article:publisher\" content=\"https:\/\/www.facebook.com\/miomiorun\/\" \/>\n<meta property=\"article:modified_time\" content=\"2026-02-25T12:25:56+00:00\" \/>\n<meta property=\"og:image\" content=\"https:\/\/www.miomiorun.com\/app\/uploads\/2025\/09\/saucony-Ride-TR2-kodiak-wine-S20951-247.webp\" \/>\n\t<meta property=\"og:image:width\" content=\"720\" \/>\n\t<meta property=\"og:image:height\" content=\"720\" \/>\n\t<meta property=\"og:image:type\" content=\"image\/webp\" \/>\n<meta name=\"twitter:card\" content=\"summary_large_image\" \/>\n<meta name=\"twitter:label1\" content=\"Est. reading time\" \/>\n\t<meta name=\"twitter:data1\" content=\"1 minute\" \/>\n<script type=\"application\/ld+json\" class=\"yoast-schema-graph\">{\"@context\":\"https:\/\/schema.org\",\"@graph\":[{\"@type\":\"WebPage\",\"@id\":\"https:\/\/www.miomiorun.com\/fr\/produit\/ride-tr2-homme\/\",\"url\":\"https:\/\/www.miomiorun.com\/fr\/produit\/ride-tr2-homme\/\",\"name\":\"Saucony Ride TR2 homme - chaussures de trail running - MioMioRun\",\"isPartOf\":{\"@id\":\"https:\/\/www.miomiorun.com\/fr\/#website\"},\"primaryImageOfPage\":{\"@id\":\"https:\/\/www.miomiorun.com\/fr\/produit\/ride-tr2-homme\/#primaryimage\"},\"image\":{\"@id\":\"https:\/\/www.miomiorun.com\/fr\/produit\/ride-tr2-homme\/#primaryimage\"},\"thumbnailUrl\":\"https:\/\/www.miomiorun.com\/app\/uploads\/2026\/02\/saucony-Ride-TR2-white-fire-S20951-143.webp\",\"datePublished\":\"2024-08-27T13:08:04+00:00\",\"dateModified\":\"2026-02-25T12:25:56+00:00\",\"description\":\"Les nouvelles Ride TR2 pour homme sont con\u00e7ues pour vous offrir un confort optimal et vous permettre d'atteindre de nouveaux sommets lors de vos courses sur route et sur chemin.\",\"breadcrumb\":{\"@id\":\"https:\/\/www.miomiorun.com\/fr\/produit\/ride-tr2-homme\/#breadcrumb\"},\"inLanguage\":\"fr-FR\",\"potentialAction\":[{\"@type\":\"ReadAction\",\"target\":[\"https:\/\/www.miomiorun.com\/fr\/produit\/ride-tr2-homme\/\"]}]},{\"@type\":\"ImageObject\",\"inLanguage\":\"fr-FR\",\"@id\":\"https:\/\/www.miomiorun.com\/fr\/produit\/ride-tr2-homme\/#primaryimage\",\"url\":\"https:\/\/www.miomiorun.com\/app\/uploads\/2026\/02\/saucony-Ride-TR2-white-fire-S20951-143.webp\",\"contentUrl\":\"https:\/\/www.miomiorun.com\/app\/uploads\/2026\/02\/saucony-Ride-TR2-white-fire-S20951-143.webp\",\"width\":720,\"height\":720,\"caption\":\"saucony Ride TR2 white fire S20951-143\"},{\"@type\":\"BreadcrumbList\",\"@id\":\"https:\/\/www.miomiorun.com\/fr\/produit\/ride-tr2-homme\/#breadcrumb\",\"itemListElement\":[{\"@type\":\"ListItem\",\"position\":1,\"name\":\"Home\",\"item\":\"https:\/\/www.miomiorun.com\/fr\/home-page\/\"},{\"@type\":\"ListItem\",\"position\":2,\"name\":\"Shop\",\"item\":\"https:\/\/www.miomiorun.com\/shop\/\"},{\"@type\":\"ListItem\",\"position\":3,\"name\":\"Ride TR2 homme\"}]},{\"@type\":\"WebSite\",\"@id\":\"https:\/\/www.miomiorun.com\/fr\/#website\",\"url\":\"https:\/\/www.miomiorun.com\/fr\/\",\"name\":\"MioMioRun\",\"description\":\"Boutique 100% running et trail\",\"publisher\":{\"@id\":\"https:\/\/www.miomiorun.com\/fr\/#organization\"},\"potentialAction\":[{\"@type\":\"SearchAction\",\"target\":{\"@type\":\"EntryPoint\",\"urlTemplate\":\"https:\/\/www.miomiorun.com\/fr\/?s={search_term_string}\"},\"query-input\":{\"@type\":\"PropertyValueSpecification\",\"valueRequired\":true,\"valueName\":\"search_term_string\"}}],\"inLanguage\":\"fr-FR\"},{\"@type\":\"Organization\",\"@id\":\"https:\/\/www.miomiorun.com\/fr\/#organization\",\"name\":\"MioMio Run\",\"url\":\"https:\/\/www.miomiorun.com\/fr\/\",\"logo\":{\"@type\":\"ImageObject\",\"inLanguage\":\"fr-FR\",\"@id\":\"https:\/\/www.miomiorun.com\/fr\/#\/schema\/logo\/image\/\",\"url\":\"https:\/\/www.miomiorun.com\/app\/uploads\/2019\/12\/logomio.png\",\"contentUrl\":\"https:\/\/www.miomiorun.com\/app\/uploads\/2019\/12\/logomio.png\",\"width\":115,\"height\":82,\"caption\":\"MioMio Run\"},\"image\":{\"@id\":\"https:\/\/www.miomiorun.com\/fr\/#\/schema\/logo\/image\/\"},\"sameAs\":[\"https:\/\/www.facebook.com\/miomiorun\/\",\"https:\/\/www.instagram.com\/miomiorun\/\"]}]}<\/script>\n<!-- \/ Yoast SEO plugin. -->","yoast_head_json":{"title":"Saucony Ride TR2 homme - chaussures de trail running - MioMioRun","description":"Les nouvelles Ride TR2 pour homme sont con\u00e7ues pour vous offrir un confort optimal et vous permettre d'atteindre de nouveaux sommets lors de vos courses sur route et sur chemin.","robots":{"index":"index","follow":"follow","max-snippet":"max-snippet:-1","max-image-preview":"max-image-preview:large","max-video-preview":"max-video-preview:-1"},"canonical":"https:\/\/www.miomiorun.com\/fr\/produit\/ride-tr2-homme\/","og_locale":"fr_FR","og_type":"article","og_title":"Saucony Ride TR2 homme - chaussures de trail running - MioMioRun","og_description":"Les nouvelles Ride TR2 pour homme sont con\u00e7ues pour vous offrir un confort optimal et vous permettre d'atteindre de nouveaux sommets lors de vos courses sur route et sur chemin.","og_url":"https:\/\/www.miomiorun.com\/fr\/produit\/ride-tr2-homme\/","og_site_name":"MioMioRun","article_publisher":"https:\/\/www.facebook.com\/miomiorun\/","article_modified_time":"2026-02-25T12:25:56+00:00","og_image":[{"width":720,"height":720,"url":"https:\/\/www.miomiorun.com\/app\/uploads\/2025\/09\/saucony-Ride-TR2-kodiak-wine-S20951-247.webp","type":"image\/webp"}],"twitter_card":"summary_large_image","twitter_misc":{"Est. reading time":"1 minute"},"schema":{"@context":"https:\/\/schema.org","@graph":[{"@type":"WebPage","@id":"https:\/\/www.miomiorun.com\/fr\/produit\/ride-tr2-homme\/","url":"https:\/\/www.miomiorun.com\/fr\/produit\/ride-tr2-homme\/","name":"Saucony Ride TR2 homme - chaussures de trail running - MioMioRun","isPartOf":{"@id":"https:\/\/www.miomiorun.com\/fr\/#website"},"primaryImageOfPage":{"@id":"https:\/\/www.miomiorun.com\/fr\/produit\/ride-tr2-homme\/#primaryimage"},"image":{"@id":"https:\/\/www.miomiorun.com\/fr\/produit\/ride-tr2-homme\/#primaryimage"},"thumbnailUrl":"https:\/\/www.miomiorun.com\/app\/uploads\/2026\/02\/saucony-Ride-TR2-white-fire-S20951-143.webp","datePublished":"2024-08-27T13:08:04+00:00","dateModified":"2026-02-25T12:25:56+00:00","description":"Les nouvelles Ride TR2 pour homme sont con\u00e7ues pour vous offrir un confort optimal et vous permettre d'atteindre de nouveaux sommets lors de vos courses sur route et sur chemin.","breadcrumb":{"@id":"https:\/\/www.miomiorun.com\/fr\/produit\/ride-tr2-homme\/#breadcrumb"},"inLanguage":"fr-FR","potentialAction":[{"@type":"ReadAction","target":["https:\/\/www.miomiorun.com\/fr\/produit\/ride-tr2-homme\/"]}]},{"@type":"ImageObject","inLanguage":"fr-FR","@id":"https:\/\/www.miomiorun.com\/fr\/produit\/ride-tr2-homme\/#primaryimage","url":"https:\/\/www.miomiorun.com\/app\/uploads\/2026\/02\/saucony-Ride-TR2-white-fire-S20951-143.webp","contentUrl":"https:\/\/www.miomiorun.com\/app\/uploads\/2026\/02\/saucony-Ride-TR2-white-fire-S20951-143.webp","width":720,"height":720,"caption":"saucony Ride TR2 white fire S20951-143"},{"@type":"BreadcrumbList","@id":"https:\/\/www.miomiorun.com\/fr\/produit\/ride-tr2-homme\/#breadcrumb","itemListElement":[{"@type":"ListItem","position":1,"name":"Home","item":"https:\/\/www.miomiorun.com\/fr\/home-page\/"},{"@type":"ListItem","position":2,"name":"Shop","item":"https:\/\/www.miomiorun.com\/shop\/"},{"@type":"ListItem","position":3,"name":"Ride TR2 homme"}]},{"@type":"WebSite","@id":"https:\/\/www.miomiorun.com\/fr\/#website","url":"https:\/\/www.miomiorun.com\/fr\/","name":"MioMioRun","description":"Boutique 100% running et trail","publisher":{"@id":"https:\/\/www.miomiorun.com\/fr\/#organization"},"potentialAction":[{"@type":"SearchAction","target":{"@type":"EntryPoint","urlTemplate":"https:\/\/www.miomiorun.com\/fr\/?s={search_term_string}"},"query-input":{"@type":"PropertyValueSpecification","valueRequired":true,"valueName":"search_term_string"}}],"inLanguage":"fr-FR"},{"@type":"Organization","@id":"https:\/\/www.miomiorun.com\/fr\/#organization","name":"MioMio Run","url":"https:\/\/www.miomiorun.com\/fr\/","logo":{"@type":"ImageObject","inLanguage":"fr-FR","@id":"https:\/\/www.miomiorun.com\/fr\/#\/schema\/logo\/image\/","url":"https:\/\/www.miomiorun.com\/app\/uploads\/2019\/12\/logomio.png","contentUrl":"https:\/\/www.miomiorun.com\/app\/uploads\/2019\/12\/logomio.png","width":115,"height":82,"caption":"MioMio Run"},"image":{"@id":"https:\/\/www.miomiorun.com\/fr\/#\/schema\/logo\/image\/"},"sameAs":["https:\/\/www.facebook.com\/miomiorun\/","https:\/\/www.instagram.com\/miomiorun\/"]}]}},"_links":{"self":[{"href":"https:\/\/www.miomiorun.com\/fr\/wp-json\/wp\/v2\/product\/293912","targetHints":{"allow":["GET"]}}],"collection":[{"href":"https:\/\/www.miomiorun.com\/fr\/wp-json\/wp\/v2\/product"}],"about":[{"href":"https:\/\/www.miomiorun.com\/fr\/wp-json\/wp\/v2\/types\/product"}],"wp:featuredmedia":[{"embeddable":true,"href":"https:\/\/www.miomiorun.com\/fr\/wp-json\/wp\/v2\/media\/399832"}],"wp:attachment":[{"href":"https:\/\/www.miomiorun.com\/fr\/wp-json\/wp\/v2\/media?parent=293912"}],"wp:term":[{"taxonomy":"product_brand","embeddable":true,"href":"https:\/\/www.miomiorun.com\/fr\/wp-json\/wp\/v2\/product_brand?post=293912"},{"taxonomy":"product_cat","embeddable":true,"href":"https:\/\/www.miomiorun.com\/fr\/wp-json\/wp\/v2\/product_cat?post=293912"},{"taxonomy":"product_tag","embeddable":true,"href":"https:\/\/www.miomiorun.com\/fr\/wp-json\/wp\/v2\/product_tag?post=293912"}],"curies":[{"name":"wp","href":"https:\/\/api.w.org\/{rel}","templated":true}]}}