{"id":293597,"date":"2024-09-12T14:31:28","date_gmt":"2024-09-12T12:31:28","guid":{"rendered":"https:\/\/miomiorun.com\/prodotto\/pulse-belt\/"},"modified":"2025-11-20T11:56:58","modified_gmt":"2025-11-20T10:56:58","slug":"pulse-belt","status":"publish","type":"product","link":"https:\/\/www.miomiorun.com\/fr\/produit\/pulse-belt\/","title":{"rendered":"Pulse Belt"},"content":{"rendered":"<p>La ceinture minimaliste <strong>Pulse<\/strong> Stretch est encore plus l\u00e9g\u00e8re et plus durable. Tu peux ainsi garder tes effets personnels et tes gourdes en s\u00e9curit\u00e9 et concentrer toute ton \u00e9nergie sur la course, l&#8217;entra\u00eenement ou la randonn\u00e9e.<\/p>\n<h3>Parfait pour :<\/h3>\n<ul>\n<li>Trail running.<\/li>\n<li>Polyvalence \u00e0 toute \u00e9preuve.<\/li>\n<\/ul>\n<h3>Dimensions :<\/h3>\n<ul>\n<li><strong>hauteur : <\/strong>380 mm<\/li>\n<li><strong>largeur : <\/strong>110 mm<\/li>\n<li><strong>poids :<\/strong> 62 g<\/li>\n<li><strong>Volume :<\/strong> 0,79 l<\/li>\n<\/ul>\n<h3>Caract\u00e9ristiques :<\/h3>\n<ul class=\"product-page-fabrics_features\">\n<li>POCHES <span class=\"title\">ET BOUCLES :<\/span> Poches multiples extensibles.<\/li>\n<li><span class=\"title\">CANIER &#8211;<\/span> Structure <span class=\"title\">tubulaire<\/span><span class=\"title\">:<\/span> Structure plate sans boucles s&#8217;adaptant parfaitement, avec tissu extensible et coutures pour \u00e9viter que le contenu ne glisse et am\u00e9liorer la stabilit\u00e9.<\/li>\n<li><span class=\"title\">SYST\u00c8ME DE TRANSPORT &#8211;<\/span> Sangles diagonales<span class=\"title\">:<\/span> deux sangles diagonales avec poign\u00e9es en silicone pour transporter du mat\u00e9riel suppl\u00e9mentaire, par exemple une veste ou des b\u00e2tons.<\/li>\n<li><span class=\"title\">MISCELLANEOUS :<\/span> D\u00e9tails r\u00e9fl\u00e9chissants.<\/li>\n<li>FABRICS<span class=\"title\">:<\/span> 4-way stretch<\/li>\n<li>Tissu<span class=\"title\">:<\/span> jersey stretch<\/li>\n<li><span class=\"title\">DURABILIT\u00c9 :<\/span> sans PFC<\/li>\n<\/ul>\n<h3>Mati\u00e8re :<\/h3>\n<ul>\n<li>Corps 85% polyamide, 15% \u00e9lasthannedoublure<\/li>\n<li>Manches 87% polyamide, 13% \u00e9lasthanne<\/li>\n<\/ul>\n<h3>Entretien et long\u00e9vit\u00e9<\/h3>\n<p><span class=\"best-for-tag\">Ne pas blanchir<\/span><\/p>\n<p>Ne pas nettoyer \u00e0 sec<\/p>\n<p><span class=\"best-for-tag\">Ne pas essorer<\/span><\/p>\n<p><span class=\"best-for-tag\">Ne pas repasser<\/span><\/p>\n<p><span class=\"best-for-tag\">Lavage \u00e0 la main \u00e0 l&#8217;eau froide (30\u00b0c)<\/span><\/p>\n<h2 style=\"text-align: center\">Coupe enveloppante<\/h2>\n<p>Le tissu stretch 4 directions, l\u00e9ger et respirant, assure un maintien confortable, m\u00eame lorsque vous acc\u00e9l\u00e9rez le rythme.<\/p>\n<h2 style=\"text-align: center\">Poches et compartiments intelligents<\/h2>\n<p style=\"text-align: left\">Poches int\u00e9rieures pour les effets personnels. Deux poches horizontales extensibles peuvent accueillir des bouteilles d&#8217;eau de 500 ml. La fermeture \u00e9clair optimis\u00e9e s&#8217;ouvre facilement et est extr\u00eamement r\u00e9sistante.<\/p>\n<h2 style=\"text-align: center\">Polyvalence dans la nature<\/h2>\n<p>Ceinture polyvalente, id\u00e9ale aussi bien pour les courses courtes en ville que pour les courses plus longues et plus techniques hors des sentiers battus.<\/p>\n<p>&nbsp;<\/p>\n","protected":false},"excerpt":{"rendered":"<div class=\"description woocommerce-product-details__short-description\">\n<ul>\n<li>Ceinture \u00e9lastique et l\u00e9g\u00e8re<\/li>\n<li>Id\u00e9al pour transporter des objets personnels<\/li>\n<\/ul>\n<\/div>\n","protected":false},"featured_media":249660,"template":"","meta":{"_acf_changed":false,"inline_featured_image":false},"product_brand":[],"product_cat":[22588,22587,22538],"product_tag":[23581],"class_list":{"0":"post-293597","1":"product","2":"type-product","3":"status-publish","4":"has-post-thumbnail","6":"product_cat-ceintures","7":"product_cat-sacs-a-dos-et-ceintures","8":"product_cat-accessoires","9":"product_tag-salomon-fr","10":"pa_attivita-outdoor","11":"pa_colore-pulse-belt-high-risk-red","12":"pa_marca-salomon","13":"pa_sesso-donna","14":"pa_size-extra-small","16":"first","17":"instock","18":"sale","19":"taxable","20":"shipping-taxable","21":"purchasable","22":"product-type-variable","23":"wvs-archive-product-wrapper"},"acf":[],"yoast_head":"<!-- This site is optimized with the Yoast SEO plugin v26.8 - https:\/\/yoast.com\/product\/yoast-seo-wordpress\/ -->\n<title>Salomon Pulse Belt - Accessoires courants - MioMioRun<\/title>\n<meta name=\"description\" content=\"La ceinture \u00e9lastique minimaliste Pulse est encore plus l\u00e9g\u00e8re et plus r\u00e9sistante. Vous pouvez ainsi garder vos effets personnels et vos flacons en s\u00e9curit\u00e9.\" \/>\n<meta name=\"robots\" content=\"index, follow, max-snippet:-1, max-image-preview:large, max-video-preview:-1\" \/>\n<link rel=\"canonical\" href=\"https:\/\/www.miomiorun.com\/fr\/produit\/pulse-belt\/\" \/>\n<meta property=\"og:locale\" content=\"fr_FR\" \/>\n<meta property=\"og:type\" content=\"article\" \/>\n<meta property=\"og:title\" content=\"Salomon Pulse Belt - Accessoires courants - MioMioRun\" \/>\n<meta property=\"og:description\" content=\"La ceinture \u00e9lastique minimaliste Pulse est encore plus l\u00e9g\u00e8re et plus r\u00e9sistante. Vous pouvez ainsi garder vos effets personnels et vos flacons en s\u00e9curit\u00e9.\" \/>\n<meta property=\"og:url\" content=\"https:\/\/www.miomiorun.com\/fr\/produit\/pulse-belt\/\" \/>\n<meta property=\"og:site_name\" content=\"MioMioRun\" \/>\n<meta property=\"article:publisher\" content=\"https:\/\/www.facebook.com\/miomiorun\/\" \/>\n<meta property=\"article:modified_time\" content=\"2025-11-20T10:56:58+00:00\" \/>\n<meta property=\"og:image\" content=\"https:\/\/www.miomiorun.com\/app\/uploads\/2024\/10\/salomon-Pulse-belt-sulphur-spring-glacier-gray-LC2180200-retro.webp\" \/>\n\t<meta property=\"og:image:width\" content=\"600\" \/>\n\t<meta property=\"og:image:height\" content=\"600\" \/>\n\t<meta property=\"og:image:type\" content=\"image\/webp\" \/>\n<meta name=\"twitter:card\" content=\"summary_large_image\" \/>\n<meta name=\"twitter:label1\" content=\"Est. reading time\" \/>\n\t<meta name=\"twitter:data1\" content=\"1 minute\" \/>\n<script type=\"application\/ld+json\" class=\"yoast-schema-graph\">{\"@context\":\"https:\/\/schema.org\",\"@graph\":[{\"@type\":\"WebPage\",\"@id\":\"https:\/\/www.miomiorun.com\/fr\/produit\/pulse-belt\/\",\"url\":\"https:\/\/www.miomiorun.com\/fr\/produit\/pulse-belt\/\",\"name\":\"Salomon Pulse Belt - Accessoires courants - MioMioRun\",\"isPartOf\":{\"@id\":\"https:\/\/www.miomiorun.com\/fr\/#website\"},\"primaryImageOfPage\":{\"@id\":\"https:\/\/www.miomiorun.com\/fr\/produit\/pulse-belt\/#primaryimage\"},\"image\":{\"@id\":\"https:\/\/www.miomiorun.com\/fr\/produit\/pulse-belt\/#primaryimage\"},\"thumbnailUrl\":\"https:\/\/www.miomiorun.com\/app\/uploads\/2024\/10\/salomon-Pulse-belt-sulphur-spring-glacier-gray-LC2180200-retro.webp\",\"datePublished\":\"2024-09-12T12:31:28+00:00\",\"dateModified\":\"2025-11-20T10:56:58+00:00\",\"description\":\"La ceinture \u00e9lastique minimaliste Pulse est encore plus l\u00e9g\u00e8re et plus r\u00e9sistante. Vous pouvez ainsi garder vos effets personnels et vos flacons en s\u00e9curit\u00e9.\",\"breadcrumb\":{\"@id\":\"https:\/\/www.miomiorun.com\/fr\/produit\/pulse-belt\/#breadcrumb\"},\"inLanguage\":\"fr-FR\",\"potentialAction\":[{\"@type\":\"ReadAction\",\"target\":[\"https:\/\/www.miomiorun.com\/fr\/produit\/pulse-belt\/\"]}]},{\"@type\":\"ImageObject\",\"inLanguage\":\"fr-FR\",\"@id\":\"https:\/\/www.miomiorun.com\/fr\/produit\/pulse-belt\/#primaryimage\",\"url\":\"https:\/\/www.miomiorun.com\/app\/uploads\/2024\/10\/salomon-Pulse-belt-sulphur-spring-glacier-gray-LC2180200-retro.webp\",\"contentUrl\":\"https:\/\/www.miomiorun.com\/app\/uploads\/2024\/10\/salomon-Pulse-belt-sulphur-spring-glacier-gray-LC2180200-retro.webp\",\"width\":600,\"height\":600,\"caption\":\"salomon Pulse belt sulphur spring glacier gray LC2180200 retro\"},{\"@type\":\"BreadcrumbList\",\"@id\":\"https:\/\/www.miomiorun.com\/fr\/produit\/pulse-belt\/#breadcrumb\",\"itemListElement\":[{\"@type\":\"ListItem\",\"position\":1,\"name\":\"Home\",\"item\":\"https:\/\/www.miomiorun.com\/fr\/home-page\/\"},{\"@type\":\"ListItem\",\"position\":2,\"name\":\"Shop\",\"item\":\"https:\/\/www.miomiorun.com\/shop\/\"},{\"@type\":\"ListItem\",\"position\":3,\"name\":\"Pulse Belt\"}]},{\"@type\":\"WebSite\",\"@id\":\"https:\/\/www.miomiorun.com\/fr\/#website\",\"url\":\"https:\/\/www.miomiorun.com\/fr\/\",\"name\":\"MioMioRun\",\"description\":\"Boutique 100% running et trail\",\"publisher\":{\"@id\":\"https:\/\/www.miomiorun.com\/fr\/#organization\"},\"potentialAction\":[{\"@type\":\"SearchAction\",\"target\":{\"@type\":\"EntryPoint\",\"urlTemplate\":\"https:\/\/www.miomiorun.com\/fr\/?s={search_term_string}\"},\"query-input\":{\"@type\":\"PropertyValueSpecification\",\"valueRequired\":true,\"valueName\":\"search_term_string\"}}],\"inLanguage\":\"fr-FR\"},{\"@type\":\"Organization\",\"@id\":\"https:\/\/www.miomiorun.com\/fr\/#organization\",\"name\":\"MioMio Run\",\"url\":\"https:\/\/www.miomiorun.com\/fr\/\",\"logo\":{\"@type\":\"ImageObject\",\"inLanguage\":\"fr-FR\",\"@id\":\"https:\/\/www.miomiorun.com\/fr\/#\/schema\/logo\/image\/\",\"url\":\"https:\/\/www.miomiorun.com\/app\/uploads\/2019\/12\/logomio.png\",\"contentUrl\":\"https:\/\/www.miomiorun.com\/app\/uploads\/2019\/12\/logomio.png\",\"width\":115,\"height\":82,\"caption\":\"MioMio Run\"},\"image\":{\"@id\":\"https:\/\/www.miomiorun.com\/fr\/#\/schema\/logo\/image\/\"},\"sameAs\":[\"https:\/\/www.facebook.com\/miomiorun\/\",\"https:\/\/www.instagram.com\/miomiorun\/\"]}]}<\/script>\n<!-- \/ Yoast SEO plugin. -->","yoast_head_json":{"title":"Salomon Pulse Belt - Accessoires courants - MioMioRun","description":"La ceinture \u00e9lastique minimaliste Pulse est encore plus l\u00e9g\u00e8re et plus r\u00e9sistante. Vous pouvez ainsi garder vos effets personnels et vos flacons en s\u00e9curit\u00e9.","robots":{"index":"index","follow":"follow","max-snippet":"max-snippet:-1","max-image-preview":"max-image-preview:large","max-video-preview":"max-video-preview:-1"},"canonical":"https:\/\/www.miomiorun.com\/fr\/produit\/pulse-belt\/","og_locale":"fr_FR","og_type":"article","og_title":"Salomon Pulse Belt - Accessoires courants - MioMioRun","og_description":"La ceinture \u00e9lastique minimaliste Pulse est encore plus l\u00e9g\u00e8re et plus r\u00e9sistante. Vous pouvez ainsi garder vos effets personnels et vos flacons en s\u00e9curit\u00e9.","og_url":"https:\/\/www.miomiorun.com\/fr\/produit\/pulse-belt\/","og_site_name":"MioMioRun","article_publisher":"https:\/\/www.facebook.com\/miomiorun\/","article_modified_time":"2025-11-20T10:56:58+00:00","og_image":[{"width":600,"height":600,"url":"https:\/\/www.miomiorun.com\/app\/uploads\/2024\/10\/salomon-Pulse-belt-sulphur-spring-glacier-gray-LC2180200-retro.webp","type":"image\/webp"}],"twitter_card":"summary_large_image","twitter_misc":{"Est. reading time":"1 minute"},"schema":{"@context":"https:\/\/schema.org","@graph":[{"@type":"WebPage","@id":"https:\/\/www.miomiorun.com\/fr\/produit\/pulse-belt\/","url":"https:\/\/www.miomiorun.com\/fr\/produit\/pulse-belt\/","name":"Salomon Pulse Belt - Accessoires courants - MioMioRun","isPartOf":{"@id":"https:\/\/www.miomiorun.com\/fr\/#website"},"primaryImageOfPage":{"@id":"https:\/\/www.miomiorun.com\/fr\/produit\/pulse-belt\/#primaryimage"},"image":{"@id":"https:\/\/www.miomiorun.com\/fr\/produit\/pulse-belt\/#primaryimage"},"thumbnailUrl":"https:\/\/www.miomiorun.com\/app\/uploads\/2024\/10\/salomon-Pulse-belt-sulphur-spring-glacier-gray-LC2180200-retro.webp","datePublished":"2024-09-12T12:31:28+00:00","dateModified":"2025-11-20T10:56:58+00:00","description":"La ceinture \u00e9lastique minimaliste Pulse est encore plus l\u00e9g\u00e8re et plus r\u00e9sistante. Vous pouvez ainsi garder vos effets personnels et vos flacons en s\u00e9curit\u00e9.","breadcrumb":{"@id":"https:\/\/www.miomiorun.com\/fr\/produit\/pulse-belt\/#breadcrumb"},"inLanguage":"fr-FR","potentialAction":[{"@type":"ReadAction","target":["https:\/\/www.miomiorun.com\/fr\/produit\/pulse-belt\/"]}]},{"@type":"ImageObject","inLanguage":"fr-FR","@id":"https:\/\/www.miomiorun.com\/fr\/produit\/pulse-belt\/#primaryimage","url":"https:\/\/www.miomiorun.com\/app\/uploads\/2024\/10\/salomon-Pulse-belt-sulphur-spring-glacier-gray-LC2180200-retro.webp","contentUrl":"https:\/\/www.miomiorun.com\/app\/uploads\/2024\/10\/salomon-Pulse-belt-sulphur-spring-glacier-gray-LC2180200-retro.webp","width":600,"height":600,"caption":"salomon Pulse belt sulphur spring glacier gray LC2180200 retro"},{"@type":"BreadcrumbList","@id":"https:\/\/www.miomiorun.com\/fr\/produit\/pulse-belt\/#breadcrumb","itemListElement":[{"@type":"ListItem","position":1,"name":"Home","item":"https:\/\/www.miomiorun.com\/fr\/home-page\/"},{"@type":"ListItem","position":2,"name":"Shop","item":"https:\/\/www.miomiorun.com\/shop\/"},{"@type":"ListItem","position":3,"name":"Pulse Belt"}]},{"@type":"WebSite","@id":"https:\/\/www.miomiorun.com\/fr\/#website","url":"https:\/\/www.miomiorun.com\/fr\/","name":"MioMioRun","description":"Boutique 100% running et trail","publisher":{"@id":"https:\/\/www.miomiorun.com\/fr\/#organization"},"potentialAction":[{"@type":"SearchAction","target":{"@type":"EntryPoint","urlTemplate":"https:\/\/www.miomiorun.com\/fr\/?s={search_term_string}"},"query-input":{"@type":"PropertyValueSpecification","valueRequired":true,"valueName":"search_term_string"}}],"inLanguage":"fr-FR"},{"@type":"Organization","@id":"https:\/\/www.miomiorun.com\/fr\/#organization","name":"MioMio Run","url":"https:\/\/www.miomiorun.com\/fr\/","logo":{"@type":"ImageObject","inLanguage":"fr-FR","@id":"https:\/\/www.miomiorun.com\/fr\/#\/schema\/logo\/image\/","url":"https:\/\/www.miomiorun.com\/app\/uploads\/2019\/12\/logomio.png","contentUrl":"https:\/\/www.miomiorun.com\/app\/uploads\/2019\/12\/logomio.png","width":115,"height":82,"caption":"MioMio Run"},"image":{"@id":"https:\/\/www.miomiorun.com\/fr\/#\/schema\/logo\/image\/"},"sameAs":["https:\/\/www.facebook.com\/miomiorun\/","https:\/\/www.instagram.com\/miomiorun\/"]}]}},"_links":{"self":[{"href":"https:\/\/www.miomiorun.com\/fr\/wp-json\/wp\/v2\/product\/293597","targetHints":{"allow":["GET"]}}],"collection":[{"href":"https:\/\/www.miomiorun.com\/fr\/wp-json\/wp\/v2\/product"}],"about":[{"href":"https:\/\/www.miomiorun.com\/fr\/wp-json\/wp\/v2\/types\/product"}],"wp:featuredmedia":[{"embeddable":true,"href":"https:\/\/www.miomiorun.com\/fr\/wp-json\/wp\/v2\/media\/249660"}],"wp:attachment":[{"href":"https:\/\/www.miomiorun.com\/fr\/wp-json\/wp\/v2\/media?parent=293597"}],"wp:term":[{"taxonomy":"product_brand","embeddable":true,"href":"https:\/\/www.miomiorun.com\/fr\/wp-json\/wp\/v2\/product_brand?post=293597"},{"taxonomy":"product_cat","embeddable":true,"href":"https:\/\/www.miomiorun.com\/fr\/wp-json\/wp\/v2\/product_cat?post=293597"},{"taxonomy":"product_tag","embeddable":true,"href":"https:\/\/www.miomiorun.com\/fr\/wp-json\/wp\/v2\/product_tag?post=293597"}],"curies":[{"name":"wp","href":"https:\/\/api.w.org\/{rel}","templated":true}]}}