{"id":293560,"date":"2024-09-11T16:40:17","date_gmt":"2024-09-11T14:40:17","guid":{"rendered":"https:\/\/miomiorun.com\/prodotto\/speedcross-6-gtx-uomo\/"},"modified":"2026-05-08T22:09:18","modified_gmt":"2026-05-08T20:09:18","slug":"speedcross-6-gtx-homme","status":"publish","type":"product","link":"https:\/\/www.miomiorun.com\/fr\/produit\/speedcross-6-gtx-homme\/","title":{"rendered":"Speedcross 6 GTX homme"},"content":{"rendered":"<div class=\"vc-row container\"><div class=\"vc-column\"><div class=\"vc-column-text\"><\/p>\n<p><strong>Caract\u00e9ristiques techniques<\/strong><\/p>\n<p>Cat\u00e9gorie : amorti sup\u00e9rieur<br \/>\nD\u00e9calage : 10 mm<br \/>\nPoids : 328 g<br \/>\nId\u00e9al pour : les coureurs de trail et de montagne, \u00e0 la recherche d&#8217;un mod\u00e8le l\u00e9ger, bien amorti et protecteur, avec une membrane Gore-Tex capable de transmettre un maximum de confort m\u00eame sur des distances prolong\u00e9es.<br \/>\nPoids de l&#8217;athl\u00e8te : 60-70 kg<br \/>\nAllure de course : moyenne-rapide (4.30-6.00 min\/km)<br \/>\n<a href=\"https:\/\/miomiorun.com\/fr\/guide-des-specificites\/\">Guide des sp\u00e9cifications techniques<\/a><\/p>\n<p><\/div><\/div><div class=\"vc-column\"><div class=\"vc-column-text\">La version masculine de la <strong>SPEEDCROSS 6 GORE-TEX<\/strong> n&#8217;a plus besoin d&#8217;\u00eatre pr\u00e9sent\u00e9e.<\/p>\n<p>Fid\u00e8le \u00e0 ses origines l\u00e9gendaires et \u00e0 son statut d&#8217;ic\u00f4ne du trail running, cette version est plus l\u00e9g\u00e8re, avec un contact au sol encore plus puissant et efficace, et plus rapide pour glisser sur la boue. Elle est dot\u00e9e d&#8217;une membrane GORE-TEX imperm\u00e9able et respirante, id\u00e9ale pour les terrains humides et boueux, d&#8217;une nouvelle tige et de tout le confort classique de la SPEEDCROSS.<\/p>\n<h3><strong>PARFAIT POUR :<\/strong><\/h3>\n<ul>\n<li>Terrain mixte, boue.<\/li>\n<li>Traction.<\/li>\n<li>2-3 courses par semaine.<\/li>\n<\/ul>\n<h3><strong>Caract\u00e9ristiques :<\/strong><\/h3>\n<ul>\n<li>Amorti doux et protecteur qui ne sacrifie pas la r\u00e9activit\u00e9 et la pouss\u00e9e.<\/li>\n<li>Syst\u00e8me de la\u00e7age Quicklace.<\/li>\n<li>Doublure en tissu.<\/li>\n<li>Id\u00e9al pour les terrains mixtes et boueux.<\/li>\n<\/ul>\n<h2 style=\"text-align: center;\">Adh\u00e9rence<\/h2>\n<p>Gr\u00e2ce \u00e0 une bande de roulement r\u00e9vis\u00e9e, ce Speedcross tient la boue \u00e0 distance plus rapidement et offre une meilleure adh\u00e9rence sur les surfaces mouill\u00e9es.<\/p>\n<h2 style=\"text-align: center;\">Fit<\/h2>\n<p>Construction SensiFit pour un maintien pr\u00e9cis et optimal du pied, avec tout le confort classique des Speedcross.<\/p>\n<h2 style=\"text-align: center;\">Imperm\u00e9able<\/h2>\n<p>Membrane GORE-TEX imperm\u00e9able et respirante pour des pieds secs et confortables m\u00eame dans des conditions difficiles et sur des terrains boueux.<\/div><\/div><\/div>\n","protected":false},"excerpt":{"rendered":"<ul>\n<li>Chaussure de trail id\u00e9ale pour les terrains mixtes et boueux.<\/li>\n<li>Parfaite pour les longues marches et courses.<\/li>\n<li>Chaussures Gore-Tex.<\/li>\n<\/ul>\n","protected":false},"featured_media":250602,"template":"","meta":{"_acf_changed":false,"inline_featured_image":false},"product_brand":[],"product_cat":[24448,24445],"product_tag":[23581,23580],"class_list":{"0":"post-293560","1":"product","2":"type-product","3":"status-publish","4":"has-post-thumbnail","6":"product_cat-chaussures-pour-hommes-fr","7":"product_cat-trail-fr-3","8":"product_tag-salomon-fr","9":"product_tag-salomon-homme","10":"pa_attivita-outdoor-fr","11":"pa_attivita-trail-fr","12":"pa_colore-speedcross-6-gtx-20-years-q1-black","13":"pa_colore-speedcross-6-gtx-black-alloy-green-gecko-fr","14":"pa_colore-speedcross-6-gtx-poseidon-black-lunroc-fr","15":"pa_colore-speedcross-6-gtx-tyello-black-watf","16":"pa_marca-salomon-fr","17":"pa_sesso-homme","18":"pa_size-42-fr","19":"pa_size-43-fr","20":"pa_size-44-fr","22":"pa_size-45-fr","23":"pa_size-46-fr","25":"pa_size-47-fr","27":"first","28":"instock","29":"sale","30":"taxable","31":"shipping-taxable","32":"purchasable","33":"product-type-variable","34":"wvs-archive-product-wrapper"},"acf":[],"yoast_head":"<!-- This site is optimized with the Yoast SEO plugin v26.8 - https:\/\/yoast.com\/product\/yoast-seo-wordpress\/ -->\n<title>Salomon Speedcross 6 GTX homme - chaussures de trail - MioMioRun.com<\/title>\n<meta name=\"description\" content=\"La version masculine de la SPEEDCROSS 6 n&#039;a plus besoin d&#039;\u00eatre pr\u00e9sent\u00e9e. Fid\u00e8le \u00e0 ses origines l\u00e9gendaires et \u00e0 son statut de chaussure de trail\" \/>\n<meta name=\"robots\" content=\"index, follow, max-snippet:-1, max-image-preview:large, max-video-preview:-1\" \/>\n<link rel=\"canonical\" href=\"https:\/\/www.miomiorun.com\/fr\/produit\/speedcross-6-gtx-homme\/\" \/>\n<meta property=\"og:locale\" content=\"fr_FR\" \/>\n<meta property=\"og:type\" content=\"article\" \/>\n<meta property=\"og:title\" content=\"Salomon Speedcross 6 GTX homme - chaussures de trail - MioMioRun.com\" \/>\n<meta property=\"og:description\" content=\"La version masculine de la SPEEDCROSS 6 n&#039;a plus besoin d&#039;\u00eatre pr\u00e9sent\u00e9e. Fid\u00e8le \u00e0 ses origines l\u00e9gendaires et \u00e0 son statut de chaussure de trail\" \/>\n<meta property=\"og:url\" content=\"https:\/\/www.miomiorun.com\/fr\/produit\/speedcross-6-gtx-homme\/\" \/>\n<meta property=\"og:site_name\" content=\"MioMioRun\" \/>\n<meta property=\"article:publisher\" content=\"https:\/\/www.facebook.com\/miomiorun\/\" \/>\n<meta property=\"article:modified_time\" content=\"2026-05-08T20:09:18+00:00\" \/>\n<meta property=\"og:image\" content=\"https:\/\/www.miomiorun.com\/app\/uploads\/2024\/12\/salomon-Speedcross-6-GTX-grisaille-carbon-tea-L47465500.webp\" \/>\n\t<meta property=\"og:image:width\" content=\"600\" \/>\n\t<meta property=\"og:image:height\" content=\"600\" \/>\n\t<meta property=\"og:image:type\" content=\"image\/webp\" \/>\n<meta name=\"twitter:card\" content=\"summary_large_image\" \/>\n<meta name=\"twitter:label1\" content=\"Est. reading time\" \/>\n\t<meta name=\"twitter:data1\" content=\"2 minutes\" \/>\n<script type=\"application\/ld+json\" class=\"yoast-schema-graph\">{\"@context\":\"https:\/\/schema.org\",\"@graph\":[{\"@type\":\"WebPage\",\"@id\":\"https:\/\/www.miomiorun.com\/fr\/produit\/speedcross-6-gtx-homme\/\",\"url\":\"https:\/\/www.miomiorun.com\/fr\/produit\/speedcross-6-gtx-homme\/\",\"name\":\"Salomon Speedcross 6 GTX homme - chaussures de trail - MioMioRun.com\",\"isPartOf\":{\"@id\":\"https:\/\/www.miomiorun.com\/fr\/#website\"},\"primaryImageOfPage\":{\"@id\":\"https:\/\/www.miomiorun.com\/fr\/produit\/speedcross-6-gtx-homme\/#primaryimage\"},\"image\":{\"@id\":\"https:\/\/www.miomiorun.com\/fr\/produit\/speedcross-6-gtx-homme\/#primaryimage\"},\"thumbnailUrl\":\"https:\/\/www.miomiorun.com\/app\/uploads\/2024\/12\/salomon-Speedcross-6-GTX-grisaille-carbon-tea-L47465500.webp\",\"datePublished\":\"2024-09-11T14:40:17+00:00\",\"dateModified\":\"2026-05-08T20:09:18+00:00\",\"description\":\"La version masculine de la SPEEDCROSS 6 n'a plus besoin d'\u00eatre pr\u00e9sent\u00e9e. Fid\u00e8le \u00e0 ses origines l\u00e9gendaires et \u00e0 son statut de chaussure de trail\",\"breadcrumb\":{\"@id\":\"https:\/\/www.miomiorun.com\/fr\/produit\/speedcross-6-gtx-homme\/#breadcrumb\"},\"inLanguage\":\"fr-FR\",\"potentialAction\":[{\"@type\":\"ReadAction\",\"target\":[\"https:\/\/www.miomiorun.com\/fr\/produit\/speedcross-6-gtx-homme\/\"]}]},{\"@type\":\"ImageObject\",\"inLanguage\":\"fr-FR\",\"@id\":\"https:\/\/www.miomiorun.com\/fr\/produit\/speedcross-6-gtx-homme\/#primaryimage\",\"url\":\"https:\/\/www.miomiorun.com\/app\/uploads\/2024\/12\/salomon-Speedcross-6-GTX-grisaille-carbon-tea-L47465500.webp\",\"contentUrl\":\"https:\/\/www.miomiorun.com\/app\/uploads\/2024\/12\/salomon-Speedcross-6-GTX-grisaille-carbon-tea-L47465500.webp\",\"width\":600,\"height\":600,\"caption\":\"salomon Speedcross 6 GTX grisaille carbon tea L47465500\"},{\"@type\":\"BreadcrumbList\",\"@id\":\"https:\/\/www.miomiorun.com\/fr\/produit\/speedcross-6-gtx-homme\/#breadcrumb\",\"itemListElement\":[{\"@type\":\"ListItem\",\"position\":1,\"name\":\"Home\",\"item\":\"https:\/\/www.miomiorun.com\/fr\/home-page\/\"},{\"@type\":\"ListItem\",\"position\":2,\"name\":\"Shop\",\"item\":\"https:\/\/www.miomiorun.com\/shop\/\"},{\"@type\":\"ListItem\",\"position\":3,\"name\":\"Speedcross 6 GTX homme\"}]},{\"@type\":\"WebSite\",\"@id\":\"https:\/\/www.miomiorun.com\/fr\/#website\",\"url\":\"https:\/\/www.miomiorun.com\/fr\/\",\"name\":\"MioMioRun\",\"description\":\"Boutique 100% running et trail\",\"publisher\":{\"@id\":\"https:\/\/www.miomiorun.com\/fr\/#organization\"},\"potentialAction\":[{\"@type\":\"SearchAction\",\"target\":{\"@type\":\"EntryPoint\",\"urlTemplate\":\"https:\/\/www.miomiorun.com\/fr\/?s={search_term_string}\"},\"query-input\":{\"@type\":\"PropertyValueSpecification\",\"valueRequired\":true,\"valueName\":\"search_term_string\"}}],\"inLanguage\":\"fr-FR\"},{\"@type\":\"Organization\",\"@id\":\"https:\/\/www.miomiorun.com\/fr\/#organization\",\"name\":\"MioMio Run\",\"url\":\"https:\/\/www.miomiorun.com\/fr\/\",\"logo\":{\"@type\":\"ImageObject\",\"inLanguage\":\"fr-FR\",\"@id\":\"https:\/\/www.miomiorun.com\/fr\/#\/schema\/logo\/image\/\",\"url\":\"https:\/\/www.miomiorun.com\/app\/uploads\/2019\/12\/logomio.png\",\"contentUrl\":\"https:\/\/www.miomiorun.com\/app\/uploads\/2019\/12\/logomio.png\",\"width\":115,\"height\":82,\"caption\":\"MioMio Run\"},\"image\":{\"@id\":\"https:\/\/www.miomiorun.com\/fr\/#\/schema\/logo\/image\/\"},\"sameAs\":[\"https:\/\/www.facebook.com\/miomiorun\/\",\"https:\/\/www.instagram.com\/miomiorun\/\"]}]}<\/script>\n<!-- \/ Yoast SEO plugin. -->","yoast_head_json":{"title":"Salomon Speedcross 6 GTX homme - chaussures de trail - MioMioRun.com","description":"La version masculine de la SPEEDCROSS 6 n'a plus besoin d'\u00eatre pr\u00e9sent\u00e9e. Fid\u00e8le \u00e0 ses origines l\u00e9gendaires et \u00e0 son statut de chaussure de trail","robots":{"index":"index","follow":"follow","max-snippet":"max-snippet:-1","max-image-preview":"max-image-preview:large","max-video-preview":"max-video-preview:-1"},"canonical":"https:\/\/www.miomiorun.com\/fr\/produit\/speedcross-6-gtx-homme\/","og_locale":"fr_FR","og_type":"article","og_title":"Salomon Speedcross 6 GTX homme - chaussures de trail - MioMioRun.com","og_description":"La version masculine de la SPEEDCROSS 6 n'a plus besoin d'\u00eatre pr\u00e9sent\u00e9e. Fid\u00e8le \u00e0 ses origines l\u00e9gendaires et \u00e0 son statut de chaussure de trail","og_url":"https:\/\/www.miomiorun.com\/fr\/produit\/speedcross-6-gtx-homme\/","og_site_name":"MioMioRun","article_publisher":"https:\/\/www.facebook.com\/miomiorun\/","article_modified_time":"2026-05-08T20:09:18+00:00","og_image":[{"width":600,"height":600,"url":"https:\/\/www.miomiorun.com\/app\/uploads\/2024\/12\/salomon-Speedcross-6-GTX-grisaille-carbon-tea-L47465500.webp","type":"image\/webp"}],"twitter_card":"summary_large_image","twitter_misc":{"Est. reading time":"2 minutes"},"schema":{"@context":"https:\/\/schema.org","@graph":[{"@type":"WebPage","@id":"https:\/\/www.miomiorun.com\/fr\/produit\/speedcross-6-gtx-homme\/","url":"https:\/\/www.miomiorun.com\/fr\/produit\/speedcross-6-gtx-homme\/","name":"Salomon Speedcross 6 GTX homme - chaussures de trail - MioMioRun.com","isPartOf":{"@id":"https:\/\/www.miomiorun.com\/fr\/#website"},"primaryImageOfPage":{"@id":"https:\/\/www.miomiorun.com\/fr\/produit\/speedcross-6-gtx-homme\/#primaryimage"},"image":{"@id":"https:\/\/www.miomiorun.com\/fr\/produit\/speedcross-6-gtx-homme\/#primaryimage"},"thumbnailUrl":"https:\/\/www.miomiorun.com\/app\/uploads\/2024\/12\/salomon-Speedcross-6-GTX-grisaille-carbon-tea-L47465500.webp","datePublished":"2024-09-11T14:40:17+00:00","dateModified":"2026-05-08T20:09:18+00:00","description":"La version masculine de la SPEEDCROSS 6 n'a plus besoin d'\u00eatre pr\u00e9sent\u00e9e. Fid\u00e8le \u00e0 ses origines l\u00e9gendaires et \u00e0 son statut de chaussure de trail","breadcrumb":{"@id":"https:\/\/www.miomiorun.com\/fr\/produit\/speedcross-6-gtx-homme\/#breadcrumb"},"inLanguage":"fr-FR","potentialAction":[{"@type":"ReadAction","target":["https:\/\/www.miomiorun.com\/fr\/produit\/speedcross-6-gtx-homme\/"]}]},{"@type":"ImageObject","inLanguage":"fr-FR","@id":"https:\/\/www.miomiorun.com\/fr\/produit\/speedcross-6-gtx-homme\/#primaryimage","url":"https:\/\/www.miomiorun.com\/app\/uploads\/2024\/12\/salomon-Speedcross-6-GTX-grisaille-carbon-tea-L47465500.webp","contentUrl":"https:\/\/www.miomiorun.com\/app\/uploads\/2024\/12\/salomon-Speedcross-6-GTX-grisaille-carbon-tea-L47465500.webp","width":600,"height":600,"caption":"salomon Speedcross 6 GTX grisaille carbon tea L47465500"},{"@type":"BreadcrumbList","@id":"https:\/\/www.miomiorun.com\/fr\/produit\/speedcross-6-gtx-homme\/#breadcrumb","itemListElement":[{"@type":"ListItem","position":1,"name":"Home","item":"https:\/\/www.miomiorun.com\/fr\/home-page\/"},{"@type":"ListItem","position":2,"name":"Shop","item":"https:\/\/www.miomiorun.com\/shop\/"},{"@type":"ListItem","position":3,"name":"Speedcross 6 GTX homme"}]},{"@type":"WebSite","@id":"https:\/\/www.miomiorun.com\/fr\/#website","url":"https:\/\/www.miomiorun.com\/fr\/","name":"MioMioRun","description":"Boutique 100% running et trail","publisher":{"@id":"https:\/\/www.miomiorun.com\/fr\/#organization"},"potentialAction":[{"@type":"SearchAction","target":{"@type":"EntryPoint","urlTemplate":"https:\/\/www.miomiorun.com\/fr\/?s={search_term_string}"},"query-input":{"@type":"PropertyValueSpecification","valueRequired":true,"valueName":"search_term_string"}}],"inLanguage":"fr-FR"},{"@type":"Organization","@id":"https:\/\/www.miomiorun.com\/fr\/#organization","name":"MioMio Run","url":"https:\/\/www.miomiorun.com\/fr\/","logo":{"@type":"ImageObject","inLanguage":"fr-FR","@id":"https:\/\/www.miomiorun.com\/fr\/#\/schema\/logo\/image\/","url":"https:\/\/www.miomiorun.com\/app\/uploads\/2019\/12\/logomio.png","contentUrl":"https:\/\/www.miomiorun.com\/app\/uploads\/2019\/12\/logomio.png","width":115,"height":82,"caption":"MioMio Run"},"image":{"@id":"https:\/\/www.miomiorun.com\/fr\/#\/schema\/logo\/image\/"},"sameAs":["https:\/\/www.facebook.com\/miomiorun\/","https:\/\/www.instagram.com\/miomiorun\/"]}]}},"_links":{"self":[{"href":"https:\/\/www.miomiorun.com\/fr\/wp-json\/wp\/v2\/product\/293560","targetHints":{"allow":["GET"]}}],"collection":[{"href":"https:\/\/www.miomiorun.com\/fr\/wp-json\/wp\/v2\/product"}],"about":[{"href":"https:\/\/www.miomiorun.com\/fr\/wp-json\/wp\/v2\/types\/product"}],"wp:featuredmedia":[{"embeddable":true,"href":"https:\/\/www.miomiorun.com\/fr\/wp-json\/wp\/v2\/media\/250602"}],"wp:attachment":[{"href":"https:\/\/www.miomiorun.com\/fr\/wp-json\/wp\/v2\/media?parent=293560"}],"wp:term":[{"taxonomy":"product_brand","embeddable":true,"href":"https:\/\/www.miomiorun.com\/fr\/wp-json\/wp\/v2\/product_brand?post=293560"},{"taxonomy":"product_cat","embeddable":true,"href":"https:\/\/www.miomiorun.com\/fr\/wp-json\/wp\/v2\/product_cat?post=293560"},{"taxonomy":"product_tag","embeddable":true,"href":"https:\/\/www.miomiorun.com\/fr\/wp-json\/wp\/v2\/product_tag?post=293560"}],"curies":[{"name":"wp","href":"https:\/\/api.w.org\/{rel}","templated":true}]}}