{"id":293483,"date":"2024-09-12T13:18:41","date_gmt":"2024-09-12T11:18:41","guid":{"rendered":"https:\/\/miomiorun.com\/prodotto\/speedcross-waterproof-jr\/"},"modified":"2025-09-19T13:01:41","modified_gmt":"2025-09-19T11:01:41","slug":"speedcross-waterproof-jr","status":"publish","type":"product","link":"https:\/\/www.miomiorun.com\/fr\/produit\/speedcross-waterproof-jr\/","title":{"rendered":"Speedcross Waterproof JR"},"content":{"rendered":"<div class=\"vc-row container\"><div class=\"vc-column\"><div class=\"vc-column-text\"><\/p>\n<h4>Caract\u00e9ristiques techniques<\/h4>\n<p>Cat\u00e9gorie : Amortissement structur\u00e9<br \/>\nPoids : 208gr<br \/>\nId\u00e9al pour : les gar\u00e7ons qui ont besoin d&#8217;une chaussure avec un bon amorti et une bonne structure pour affronter les sentiers de montagne. Id\u00e9ale pour une premi\u00e8re approche du trail running ou pour les gar\u00e7ons qui ont d\u00e9j\u00e0 tendance \u00e0 s&#8217;attaquer \u00e0 des distances moyennes \u00e0 longues.<br \/>\n<a href=\"https:\/\/miomiorun.com\/fr\/guide-des-specificites\/\">Guide des sp\u00e9cifications techniques<\/a><\/p>\n<p><\/div><\/div><div class=\"vc-column\"><div class=\"vc-column-text\">La chaussure pour enfants <strong>SPEEDCROSS CLIMASALOMON\u2122 WATERPROOF<\/strong> est fabriqu\u00e9e avec une adh\u00e9rence suppl\u00e9mentaire et d\u00e9di\u00e9e aux jeunes athl\u00e8tes qui sont pr\u00eats \u00e0 courir vite et \u00e0 vous suivre sur n&#8217;importe quel terrain. Il est temps de renouveler le d\u00e9fi !<\/p>\n<h2>Caract\u00e9ristiques :<\/h2>\n<ul>\n<li>Chaussure parfaite pour l&#8217;entr\u00e9e \u00e0 l&#8217;\u00e9cole.<\/li>\n<li>Imperm\u00e9able.<\/li>\n<li>Excellente adh\u00e9rence pour la course sur tous les terrains.<\/li>\n<\/ul>\n<h2 style=\"text-align: center;\">Ajustement pr\u00e9cis<\/h2>\n<p>Le syst\u00e8me SensiFit assure un ajustement pr\u00e9cis et confortable ainsi qu&#8217;une excellente sensation au sol. Les jeunes pieds m\u00e9ritent un c\u00e2lin !<\/p>\n<h2 style=\"text-align: center;\">Adh\u00e9rence<\/h2>\n<p>Avec la technologie Contagrip pour une traction maximale et pour affronter les terrains les plus difficiles. Un maximum de plaisir sans d\u00e9rapage.<\/p>\n<h2 style=\"text-align: center;\">Un confort pratique<\/h2>\n<p>Facile \u00e0 mettre et \u00e0 enlever : le syst\u00e8me Quicklace est un jeu d&#8217;enfant. La semelle interm\u00e9diaire en EVA inject\u00e9 et profil\u00e9 offre un maximum de confort et d&#8217;amorti.<\/div><\/div><\/div>\n","protected":false},"excerpt":{"rendered":"<ul>\n<li>Chaussure pour les enfants qui aiment courir sur tous les terrains et ne veulent pas glisser.<\/li>\n<li>Super amorti et excellente adh\u00e9rence.<\/li>\n<\/ul>\n","protected":false},"featured_media":248840,"template":"","meta":{"_acf_changed":false,"inline_featured_image":false},"product_brand":[],"product_cat":[22594,22593,22590],"product_tag":[23581,24191],"class_list":{"0":"post-293483","1":"product","2":"type-product","3":"status-publish","4":"has-post-thumbnail","6":"product_cat-chaussures-pour-enfants","7":"product_cat-chaussures-pour-filles","8":"product_cat-enfant","9":"product_tag-salomon-fr","10":"product_tag-salomon-garcon","11":"pa_attivita-lifestyle-fr","12":"pa_attivita-marcher","13":"pa_attivita-outdoor-fr","14":"pa_attivita-trail-fr","15":"pa_colore-speedcross-cswp-j-dlicgr-black-yellow-fr","16":"pa_colore-speedcross-cswp-j-plumc-orchib-bla-fr","17":"pa_marca-salomon-fr","18":"pa_sesso-femme","19":"pa_sesso-homme","20":"pa_size-31-fr","21":"pa_size-32-fr","22":"pa_size-33-fr","23":"pa_size-34-fr","24":"pa_size-35-fr","25":"pa_size-36-fr","26":"pa_size-37-fr","27":"pa_size-38-fr","28":"pa_size-39-fr","30":"first","31":"instock","32":"sale","33":"taxable","34":"shipping-taxable","35":"purchasable","36":"product-type-variable","37":"wvs-archive-product-wrapper"},"acf":[],"yoast_head":"<!-- This site is optimized with the Yoast SEO plugin v26.8 - https:\/\/yoast.com\/product\/yoast-seo-wordpress\/ -->\n<title>SalomonSpeedcross Waterproof JR - chaussures de course - MioMioRun.com<\/title>\n<meta name=\"description\" content=\"La chaussure pour enfants SPEEDCROSS CLIMASALOMON\u2122 WATERPROOF est fabriqu\u00e9e avec une adh\u00e9rence suppl\u00e9mentaire et d\u00e9di\u00e9e aux jeunes athl\u00e8tes pr\u00eats \u00e0 courir vite\" \/>\n<meta name=\"robots\" content=\"index, follow, max-snippet:-1, max-image-preview:large, max-video-preview:-1\" \/>\n<link rel=\"canonical\" href=\"https:\/\/www.miomiorun.com\/fr\/produit\/speedcross-waterproof-jr\/\" \/>\n<meta property=\"og:locale\" content=\"fr_FR\" \/>\n<meta property=\"og:type\" content=\"article\" \/>\n<meta property=\"og:title\" content=\"SalomonSpeedcross Waterproof JR - chaussures de course - MioMioRun.com\" \/>\n<meta property=\"og:description\" content=\"La chaussure pour enfants SPEEDCROSS CLIMASALOMON\u2122 WATERPROOF est fabriqu\u00e9e avec une adh\u00e9rence suppl\u00e9mentaire et d\u00e9di\u00e9e aux jeunes athl\u00e8tes pr\u00eats \u00e0 courir vite\" \/>\n<meta property=\"og:url\" content=\"https:\/\/www.miomiorun.com\/fr\/produit\/speedcross-waterproof-jr\/\" \/>\n<meta property=\"og:site_name\" content=\"MioMioRun\" \/>\n<meta property=\"article:publisher\" content=\"https:\/\/www.facebook.com\/miomiorun\/\" \/>\n<meta property=\"article:modified_time\" content=\"2025-09-19T11:01:41+00:00\" \/>\n<meta property=\"og:image\" content=\"https:\/\/www.miomiorun.com\/app\/uploads\/2024\/09\/Salomon-Speedcross-CSWP-J-dlicgr-black-yellow-L47278900.webp\" \/>\n\t<meta property=\"og:image:width\" content=\"600\" \/>\n\t<meta property=\"og:image:height\" content=\"600\" \/>\n\t<meta property=\"og:image:type\" content=\"image\/webp\" \/>\n<meta name=\"twitter:card\" content=\"summary_large_image\" \/>\n<meta name=\"twitter:label1\" content=\"Est. reading time\" \/>\n\t<meta name=\"twitter:data1\" content=\"1 minute\" \/>\n<script type=\"application\/ld+json\" class=\"yoast-schema-graph\">{\"@context\":\"https:\/\/schema.org\",\"@graph\":[{\"@type\":\"WebPage\",\"@id\":\"https:\/\/www.miomiorun.com\/fr\/produit\/speedcross-waterproof-jr\/\",\"url\":\"https:\/\/www.miomiorun.com\/fr\/produit\/speedcross-waterproof-jr\/\",\"name\":\"SalomonSpeedcross Waterproof JR - chaussures de course - MioMioRun.com\",\"isPartOf\":{\"@id\":\"https:\/\/www.miomiorun.com\/fr\/#website\"},\"primaryImageOfPage\":{\"@id\":\"https:\/\/www.miomiorun.com\/fr\/produit\/speedcross-waterproof-jr\/#primaryimage\"},\"image\":{\"@id\":\"https:\/\/www.miomiorun.com\/fr\/produit\/speedcross-waterproof-jr\/#primaryimage\"},\"thumbnailUrl\":\"https:\/\/www.miomiorun.com\/app\/uploads\/2024\/09\/Salomon-Speedcross-CSWP-J-dlicgr-black-yellow-L47278900.webp\",\"datePublished\":\"2024-09-12T11:18:41+00:00\",\"dateModified\":\"2025-09-19T11:01:41+00:00\",\"description\":\"La chaussure pour enfants SPEEDCROSS CLIMASALOMON\u2122 WATERPROOF est fabriqu\u00e9e avec une adh\u00e9rence suppl\u00e9mentaire et d\u00e9di\u00e9e aux jeunes athl\u00e8tes pr\u00eats \u00e0 courir vite\",\"breadcrumb\":{\"@id\":\"https:\/\/www.miomiorun.com\/fr\/produit\/speedcross-waterproof-jr\/#breadcrumb\"},\"inLanguage\":\"fr-FR\",\"potentialAction\":[{\"@type\":\"ReadAction\",\"target\":[\"https:\/\/www.miomiorun.com\/fr\/produit\/speedcross-waterproof-jr\/\"]}]},{\"@type\":\"ImageObject\",\"inLanguage\":\"fr-FR\",\"@id\":\"https:\/\/www.miomiorun.com\/fr\/produit\/speedcross-waterproof-jr\/#primaryimage\",\"url\":\"https:\/\/www.miomiorun.com\/app\/uploads\/2024\/09\/Salomon-Speedcross-CSWP-J-dlicgr-black-yellow-L47278900.webp\",\"contentUrl\":\"https:\/\/www.miomiorun.com\/app\/uploads\/2024\/09\/Salomon-Speedcross-CSWP-J-dlicgr-black-yellow-L47278900.webp\",\"width\":600,\"height\":600,\"caption\":\"Salomon Speedcross CSWP J dlicgr black yellow L47278900\"},{\"@type\":\"BreadcrumbList\",\"@id\":\"https:\/\/www.miomiorun.com\/fr\/produit\/speedcross-waterproof-jr\/#breadcrumb\",\"itemListElement\":[{\"@type\":\"ListItem\",\"position\":1,\"name\":\"Home\",\"item\":\"https:\/\/www.miomiorun.com\/fr\/home-page\/\"},{\"@type\":\"ListItem\",\"position\":2,\"name\":\"Shop\",\"item\":\"https:\/\/www.miomiorun.com\/shop\/\"},{\"@type\":\"ListItem\",\"position\":3,\"name\":\"Speedcross Waterproof JR\"}]},{\"@type\":\"WebSite\",\"@id\":\"https:\/\/www.miomiorun.com\/fr\/#website\",\"url\":\"https:\/\/www.miomiorun.com\/fr\/\",\"name\":\"MioMioRun\",\"description\":\"Boutique 100% running et trail\",\"publisher\":{\"@id\":\"https:\/\/www.miomiorun.com\/fr\/#organization\"},\"potentialAction\":[{\"@type\":\"SearchAction\",\"target\":{\"@type\":\"EntryPoint\",\"urlTemplate\":\"https:\/\/www.miomiorun.com\/fr\/?s={search_term_string}\"},\"query-input\":{\"@type\":\"PropertyValueSpecification\",\"valueRequired\":true,\"valueName\":\"search_term_string\"}}],\"inLanguage\":\"fr-FR\"},{\"@type\":\"Organization\",\"@id\":\"https:\/\/www.miomiorun.com\/fr\/#organization\",\"name\":\"MioMio Run\",\"url\":\"https:\/\/www.miomiorun.com\/fr\/\",\"logo\":{\"@type\":\"ImageObject\",\"inLanguage\":\"fr-FR\",\"@id\":\"https:\/\/www.miomiorun.com\/fr\/#\/schema\/logo\/image\/\",\"url\":\"https:\/\/www.miomiorun.com\/app\/uploads\/2019\/12\/logomio.png\",\"contentUrl\":\"https:\/\/www.miomiorun.com\/app\/uploads\/2019\/12\/logomio.png\",\"width\":115,\"height\":82,\"caption\":\"MioMio Run\"},\"image\":{\"@id\":\"https:\/\/www.miomiorun.com\/fr\/#\/schema\/logo\/image\/\"},\"sameAs\":[\"https:\/\/www.facebook.com\/miomiorun\/\",\"https:\/\/www.instagram.com\/miomiorun\/\"]}]}<\/script>\n<!-- \/ Yoast SEO plugin. -->","yoast_head_json":{"title":"SalomonSpeedcross Waterproof JR - chaussures de course - MioMioRun.com","description":"La chaussure pour enfants SPEEDCROSS CLIMASALOMON\u2122 WATERPROOF est fabriqu\u00e9e avec une adh\u00e9rence suppl\u00e9mentaire et d\u00e9di\u00e9e aux jeunes athl\u00e8tes pr\u00eats \u00e0 courir vite","robots":{"index":"index","follow":"follow","max-snippet":"max-snippet:-1","max-image-preview":"max-image-preview:large","max-video-preview":"max-video-preview:-1"},"canonical":"https:\/\/www.miomiorun.com\/fr\/produit\/speedcross-waterproof-jr\/","og_locale":"fr_FR","og_type":"article","og_title":"SalomonSpeedcross Waterproof JR - chaussures de course - MioMioRun.com","og_description":"La chaussure pour enfants SPEEDCROSS CLIMASALOMON\u2122 WATERPROOF est fabriqu\u00e9e avec une adh\u00e9rence suppl\u00e9mentaire et d\u00e9di\u00e9e aux jeunes athl\u00e8tes pr\u00eats \u00e0 courir vite","og_url":"https:\/\/www.miomiorun.com\/fr\/produit\/speedcross-waterproof-jr\/","og_site_name":"MioMioRun","article_publisher":"https:\/\/www.facebook.com\/miomiorun\/","article_modified_time":"2025-09-19T11:01:41+00:00","og_image":[{"width":600,"height":600,"url":"https:\/\/www.miomiorun.com\/app\/uploads\/2024\/09\/Salomon-Speedcross-CSWP-J-dlicgr-black-yellow-L47278900.webp","type":"image\/webp"}],"twitter_card":"summary_large_image","twitter_misc":{"Est. reading time":"1 minute"},"schema":{"@context":"https:\/\/schema.org","@graph":[{"@type":"WebPage","@id":"https:\/\/www.miomiorun.com\/fr\/produit\/speedcross-waterproof-jr\/","url":"https:\/\/www.miomiorun.com\/fr\/produit\/speedcross-waterproof-jr\/","name":"SalomonSpeedcross Waterproof JR - chaussures de course - MioMioRun.com","isPartOf":{"@id":"https:\/\/www.miomiorun.com\/fr\/#website"},"primaryImageOfPage":{"@id":"https:\/\/www.miomiorun.com\/fr\/produit\/speedcross-waterproof-jr\/#primaryimage"},"image":{"@id":"https:\/\/www.miomiorun.com\/fr\/produit\/speedcross-waterproof-jr\/#primaryimage"},"thumbnailUrl":"https:\/\/www.miomiorun.com\/app\/uploads\/2024\/09\/Salomon-Speedcross-CSWP-J-dlicgr-black-yellow-L47278900.webp","datePublished":"2024-09-12T11:18:41+00:00","dateModified":"2025-09-19T11:01:41+00:00","description":"La chaussure pour enfants SPEEDCROSS CLIMASALOMON\u2122 WATERPROOF est fabriqu\u00e9e avec une adh\u00e9rence suppl\u00e9mentaire et d\u00e9di\u00e9e aux jeunes athl\u00e8tes pr\u00eats \u00e0 courir vite","breadcrumb":{"@id":"https:\/\/www.miomiorun.com\/fr\/produit\/speedcross-waterproof-jr\/#breadcrumb"},"inLanguage":"fr-FR","potentialAction":[{"@type":"ReadAction","target":["https:\/\/www.miomiorun.com\/fr\/produit\/speedcross-waterproof-jr\/"]}]},{"@type":"ImageObject","inLanguage":"fr-FR","@id":"https:\/\/www.miomiorun.com\/fr\/produit\/speedcross-waterproof-jr\/#primaryimage","url":"https:\/\/www.miomiorun.com\/app\/uploads\/2024\/09\/Salomon-Speedcross-CSWP-J-dlicgr-black-yellow-L47278900.webp","contentUrl":"https:\/\/www.miomiorun.com\/app\/uploads\/2024\/09\/Salomon-Speedcross-CSWP-J-dlicgr-black-yellow-L47278900.webp","width":600,"height":600,"caption":"Salomon Speedcross CSWP J dlicgr black yellow L47278900"},{"@type":"BreadcrumbList","@id":"https:\/\/www.miomiorun.com\/fr\/produit\/speedcross-waterproof-jr\/#breadcrumb","itemListElement":[{"@type":"ListItem","position":1,"name":"Home","item":"https:\/\/www.miomiorun.com\/fr\/home-page\/"},{"@type":"ListItem","position":2,"name":"Shop","item":"https:\/\/www.miomiorun.com\/shop\/"},{"@type":"ListItem","position":3,"name":"Speedcross Waterproof JR"}]},{"@type":"WebSite","@id":"https:\/\/www.miomiorun.com\/fr\/#website","url":"https:\/\/www.miomiorun.com\/fr\/","name":"MioMioRun","description":"Boutique 100% running et trail","publisher":{"@id":"https:\/\/www.miomiorun.com\/fr\/#organization"},"potentialAction":[{"@type":"SearchAction","target":{"@type":"EntryPoint","urlTemplate":"https:\/\/www.miomiorun.com\/fr\/?s={search_term_string}"},"query-input":{"@type":"PropertyValueSpecification","valueRequired":true,"valueName":"search_term_string"}}],"inLanguage":"fr-FR"},{"@type":"Organization","@id":"https:\/\/www.miomiorun.com\/fr\/#organization","name":"MioMio Run","url":"https:\/\/www.miomiorun.com\/fr\/","logo":{"@type":"ImageObject","inLanguage":"fr-FR","@id":"https:\/\/www.miomiorun.com\/fr\/#\/schema\/logo\/image\/","url":"https:\/\/www.miomiorun.com\/app\/uploads\/2019\/12\/logomio.png","contentUrl":"https:\/\/www.miomiorun.com\/app\/uploads\/2019\/12\/logomio.png","width":115,"height":82,"caption":"MioMio Run"},"image":{"@id":"https:\/\/www.miomiorun.com\/fr\/#\/schema\/logo\/image\/"},"sameAs":["https:\/\/www.facebook.com\/miomiorun\/","https:\/\/www.instagram.com\/miomiorun\/"]}]}},"_links":{"self":[{"href":"https:\/\/www.miomiorun.com\/fr\/wp-json\/wp\/v2\/product\/293483","targetHints":{"allow":["GET"]}}],"collection":[{"href":"https:\/\/www.miomiorun.com\/fr\/wp-json\/wp\/v2\/product"}],"about":[{"href":"https:\/\/www.miomiorun.com\/fr\/wp-json\/wp\/v2\/types\/product"}],"wp:featuredmedia":[{"embeddable":true,"href":"https:\/\/www.miomiorun.com\/fr\/wp-json\/wp\/v2\/media\/248840"}],"wp:attachment":[{"href":"https:\/\/www.miomiorun.com\/fr\/wp-json\/wp\/v2\/media?parent=293483"}],"wp:term":[{"taxonomy":"product_brand","embeddable":true,"href":"https:\/\/www.miomiorun.com\/fr\/wp-json\/wp\/v2\/product_brand?post=293483"},{"taxonomy":"product_cat","embeddable":true,"href":"https:\/\/www.miomiorun.com\/fr\/wp-json\/wp\/v2\/product_cat?post=293483"},{"taxonomy":"product_tag","embeddable":true,"href":"https:\/\/www.miomiorun.com\/fr\/wp-json\/wp\/v2\/product_tag?post=293483"}],"curies":[{"name":"wp","href":"https:\/\/api.w.org\/{rel}","templated":true}]}}