{"id":293301,"date":"2024-09-12T15:02:13","date_gmt":"2024-09-12T13:02:13","guid":{"rendered":"https:\/\/miomiorun.com\/prodotto\/adv-skin-12l\/"},"modified":"2025-12-04T10:28:10","modified_gmt":"2025-12-04T09:28:10","slug":"adv-skin-12l","status":"publish","type":"product","link":"https:\/\/www.miomiorun.com\/fr\/produit\/adv-skin-12l\/","title":{"rendered":"Adv Skin 12L"},"content":{"rendered":"<p>Le sac \u00e0 dos gilet le plus vendu est un champion de l&#8217;hydratation polyvalent et polyvalent. <strong>Adv Skin 12L<\/strong> est con\u00e7u et optimis\u00e9 pour les courses d&#8217;endurance exigeantes et les coureurs exigeants, l&#8217;ADV Skin 12 garantit un acc\u00e8s \u00e0 l&#8217;hydratation sans avoir \u00e0 s&#8217;arr\u00eater, un confort sur les longues distances et une libert\u00e9 de mouvement. Avec un espace ultra polyvalent et une capacit\u00e9 allant jusqu&#8217;\u00e0 12 litres, il est id\u00e9al pour les courses ou les aventures sur de longues distances.<\/p>\n<h2>Parfait pour :<\/h2>\n<ul>\n<li>Trail Running<\/li>\n<li>Polyvalence<\/li>\n<\/ul>\n<p><strong>Hauteur :<\/strong> 400 mm<\/p>\n<p><strong>Largeur :<\/strong> 190 mm<\/p>\n<p><strong>Volume :<\/strong> 12 L<\/p>\n<p><strong>Poids : <\/strong>293 g<\/p>\n<p>&nbsp;<\/p>\n<h2>Caract\u00e9ristiques :<\/h2>\n<ul class=\"product-page-fabrics_features\">\n<li><span class=\"title\">CONCEPT ET TECHNOLOGIE &#8211; SensiFit\u2122 :<\/span>&nbsp;Stabilit\u00e9\/libert\u00e9 de mouvement La structure est r\u00e9alis\u00e9e en tissus stretch respirants qui \u00e9pousent les formes du corps, avec des syst\u00e8mes de r\u00e9glage l\u00e9gers pour offrir un ajustement et une stabilit\u00e9 optimaux. Ainsi, le sac \u00e0 dos ne bouge pas, tout en garantissant respirabilit\u00e9 et confort.\n<li><span class=\"title\">GESTION DE LA CHARGE &#8211; Quick link :<\/span>&nbsp;Gr\u00e2ce \u00e0 cette structure innovante de la sangle sur le sternum, vous pouvez facilement ajuster et attacher le sac \u00e0 dos, m\u00eame lorsque vous \u00eates en mouvement. De plus, la sangle \u00e9lastique vous permet de respirer facilement pendant les activit\u00e9s intenses.\n<li><span class=\"title\">GESTION DE LA CHARGE :<\/span>&nbsp;R\u00e9glage \u00e0 l&#8217;aide de sangles de compression lat\u00e9rales\n<li><span class=\"title\">HYDRATATION &#8211; Compartiment pour r\u00e9servoir :<\/span>&nbsp;Cet article est \u00e9quip\u00e9 d&#8217;un compartiment interne pour le r\u00e9servoir avec une sangle pour le maintenir en place.\n<li><span class=\"title\">HYDRATATION :<\/span>&nbsp;Compatible avec des r\u00e9servoirs de 1,5 l<\/li>\n<li><span class=\"title\">HYDRATATION :<\/span>&nbsp;Compatible avec des gourdes souples de 500 ml<\/li>\n<li><span class=\"title\">HYDRATATION :<\/span>&nbsp;Housse isolante<\/li>\n<li><span class=\"title\">HYDRATATION :<\/span>&nbsp;2 gourdes souples de 500 ml avec ouverture de 42 mm incluses<\/li>\n<li><span class=\"title\">POCHES ET COMPARTIMENTS :<\/span>&nbsp;1 poche pour les d\u00e9chets<\/li>\n<li><span class=\"title\">POCHES ET COMPARTIMENTS &#8211; 2 poches avant extensibles :<\/span>&nbsp;Extensibles pour ranger l&#8217;essentiel et y acc\u00e9der sans s&#8217;arr\u00eater.\n<li><span class=\"title\">POCHES ET COMPARTIMENTS :<\/span>&nbsp;1 compartiment interne pour la poche \u00e0 eau<\/li>\n<li><span class=\"title\">POCHES ET COMPARTIMENTS &#8211; 2 poches avant pour gourdes :<\/span>&nbsp;Adapt\u00e9es aux gourdes souples Salomon, pour les maintenir bien en place. Les boucles \u00e9lastiques dans la partie sup\u00e9rieure de la poche maintiennent la gourde en place, qui est ainsi toujours pr\u00eate \u00e0 l&#8217;emploi. <\/li>\n<li><span class=\"title\">POCHES ET COMPARTIMENTS &#8211; 1 compartiment principal extensible :<\/span>&nbsp;Espace extensible pour ranger tout ce dont vous avez besoin pendant votre activit\u00e9. Volume de 3 \u00e0 5 litres selon la capacit\u00e9 du sac \u00e0 dos.\n<li><span class=\"title\">POCHES ET COMPARTIMENTS &#8211; 1 poche arri\u00e8re avec 2 acc\u00e8s des deux c\u00f4t\u00e9s :<\/span>&nbsp;Grande poche \u00e0 l&#8217;arri\u00e8re accessible des deux c\u00f4t\u00e9s.\n<li><span class=\"title\">POCHES ET COMPARTIMENTS :<\/span>&nbsp;2 poches avant extensibles avec fermeture \u00e9clair<\/li>\n<li><span class=\"title\">POCHES ET COMPARTIMENTS :<\/span>&nbsp;2 poches extensibles sur les bretelles<\/li>\n<li><span class=\"title\">POCHES ET COMPARTIMENTS :<\/span>&nbsp;1 poche extensible sup\u00e9rieure<\/li>\n<li><span class=\"title\">OUVERTURE ET FERMETURE &#8211; Fermeture \u00e9clair YKK :<\/span>&nbsp;Fermetures \u00e9clair de tr\u00e8s bonne qualit\u00e9, r\u00e9sistantes et fiables.\n<li><span class=\"title\">SYST\u00c8ME DE TRANSPORT &#8211; Syst\u00e8me Custom Quiver :<\/span>&nbsp;Optimisez votre sac \u00e0 dos gr\u00e2ce au syst\u00e8me Custom Quiver, pour un acc\u00e8s rapide et un transport stable des b\u00e2tons. Pr\u00eat \u00e0 \u00eatre fix\u00e9 au sac \u00e0 dos.\n<li><span class=\"title\">SYST\u00c8ME DE TRANSPORT &#8211; Solutions polyvalentes pour les b\u00e2tons :<\/span>&nbsp;D\u00e9placez les cordons \u00e9lastiques et les boucles \u00e0 diff\u00e9rents endroits du sac \u00e0 dos pour cr\u00e9er la solution de transport des b\u00e2tons la mieux adapt\u00e9e \u00e0 vos besoins.\n<li><span class=\"title\">SYST\u00c8ME DE TRANSPORT :<\/span>&nbsp;Boucle ultra r\u00e9fl\u00e9chissante pour lampe<\/li>\n<li><span class=\"title\">DIVERS :<\/span>&nbsp;Sifflet<\/li>\n<li><span class=\"title\">DURABILIT\u00c9 :<\/span>&nbsp;Sans PFC<\/li>\n<\/li>\n<\/li>\n<\/li>\n<\/li>\n<\/li>\n<\/li>\n<\/li>\n<\/li>\n<\/li>\n<\/li>\n<\/ul>\n<h2>Composition :<\/h2>\n<p>Corps : 84 % polyamide, 16 % \u00e9lasthanne Doublure : 100 % polyamide<\/p>\n<p>Empi\u00e8cement arri\u00e8re : 89 % polyamide, 11 % \u00e9lasthanne<\/p>\n<p>Doublure des manches : 100 % polyester<\/p>\n<p>Doublure : 2100 % polyester Empi\u00e8cement<\/p>\n<p>sur le corps : 88 % polyamide, 12 % \u00e9lasthanne<\/p>\n<p>&nbsp;<\/p>\n","protected":false},"excerpt":{"rendered":"<ul>\n<li>Gilet de trail running con\u00e7u pour les courses d&#8217;endurance.<\/li>\n<li>Capacit\u00e9 12 L<\/li>\n<li>Id\u00e9al pour les courses longues distances.<\/li>\n<\/ul>\n","protected":false},"featured_media":265964,"template":"","meta":{"_acf_changed":false,"inline_featured_image":false},"product_brand":[],"product_cat":[22589,22587,22538],"product_tag":[23581,23619,23580],"class_list":{"0":"post-293301","1":"product","2":"type-product","3":"status-publish","4":"has-post-thumbnail","6":"product_cat-sacs-a-dos","7":"product_cat-sacs-a-dos-et-ceintures","8":"product_cat-accessoires","9":"product_tag-salomon-fr","10":"product_tag-salomon-femme","11":"product_tag-salomon-homme","12":"pa_attivita-outdoor-fr","13":"pa_attivita-trail-fr","14":"pa_colore-adv-skin-12-set-black-fr-2","15":"pa_colore-adv-skin-12-set-flame-scarlet-haute-red-2-fr","16":"pa_colore-adv-skin-12-set-white-electric-green-fr","17":"pa_marca-salomon-fr","18":"pa_sesso-femme","19":"pa_sesso-homme","20":"pa_size-small-fr","21":"pa_size-medium-fr","22":"pa_size-large-fr","23":"pa_size-extra-large-fr","25":"first","26":"instock","27":"sale","28":"taxable","29":"shipping-taxable","30":"purchasable","31":"product-type-variable","32":"wvs-archive-product-wrapper"},"acf":[],"yoast_head":"<!-- This site is optimized with the Yoast SEO plugin v26.8 - https:\/\/yoast.com\/product\/yoast-seo-wordpress\/ -->\n<title>Salomon Adv Skin 12L - sac \u00e0 dos de course- MioMioRun<\/title>\n<meta name=\"description\" content=\"Le sac \u00e0 dos gilet le plus vendu est un champion polyvalent et polyvalent en mati\u00e8re d&#039;hydratation. Adv Skin 12L est con\u00e7u et optimis\u00e9 pour les courses d&#039;endurance exigeantes.\" \/>\n<meta name=\"robots\" content=\"index, follow, max-snippet:-1, max-image-preview:large, max-video-preview:-1\" \/>\n<link rel=\"canonical\" href=\"https:\/\/www.miomiorun.com\/fr\/produit\/adv-skin-12l\/\" \/>\n<meta property=\"og:locale\" content=\"fr_FR\" \/>\n<meta property=\"og:type\" content=\"article\" \/>\n<meta property=\"og:title\" content=\"Salomon Adv Skin 12L - sac \u00e0 dos de course- MioMioRun\" \/>\n<meta property=\"og:description\" content=\"Le sac \u00e0 dos gilet le plus vendu est un champion polyvalent et polyvalent en mati\u00e8re d&#039;hydratation. Adv Skin 12L est con\u00e7u et optimis\u00e9 pour les courses d&#039;endurance exigeantes.\" \/>\n<meta property=\"og:url\" content=\"https:\/\/www.miomiorun.com\/fr\/produit\/adv-skin-12l\/\" \/>\n<meta property=\"og:site_name\" content=\"MioMioRun\" \/>\n<meta property=\"article:publisher\" content=\"https:\/\/www.facebook.com\/miomiorun\/\" \/>\n<meta property=\"article:modified_time\" content=\"2025-12-04T09:28:10+00:00\" \/>\n<meta property=\"og:image\" content=\"https:\/\/www.miomiorun.com\/app\/uploads\/2025\/03\/salomon-ADV-Skin-12-set-flame-scarlet-haute-red-LC2464500.webp\" \/>\n\t<meta property=\"og:image:width\" content=\"600\" \/>\n\t<meta property=\"og:image:height\" content=\"600\" \/>\n\t<meta property=\"og:image:type\" content=\"image\/webp\" \/>\n<meta name=\"twitter:card\" content=\"summary_large_image\" \/>\n<meta name=\"twitter:label1\" content=\"Est. reading time\" \/>\n\t<meta name=\"twitter:data1\" content=\"3 minutes\" \/>\n<script type=\"application\/ld+json\" class=\"yoast-schema-graph\">{\"@context\":\"https:\/\/schema.org\",\"@graph\":[{\"@type\":\"WebPage\",\"@id\":\"https:\/\/www.miomiorun.com\/fr\/produit\/adv-skin-12l\/\",\"url\":\"https:\/\/www.miomiorun.com\/fr\/produit\/adv-skin-12l\/\",\"name\":\"Salomon Adv Skin 12L - sac \u00e0 dos de course- MioMioRun\",\"isPartOf\":{\"@id\":\"https:\/\/www.miomiorun.com\/fr\/#website\"},\"primaryImageOfPage\":{\"@id\":\"https:\/\/www.miomiorun.com\/fr\/produit\/adv-skin-12l\/#primaryimage\"},\"image\":{\"@id\":\"https:\/\/www.miomiorun.com\/fr\/produit\/adv-skin-12l\/#primaryimage\"},\"thumbnailUrl\":\"https:\/\/www.miomiorun.com\/app\/uploads\/2025\/03\/salomon-ADV-Skin-12-set-flame-scarlet-haute-red-LC2464500.webp\",\"datePublished\":\"2024-09-12T13:02:13+00:00\",\"dateModified\":\"2025-12-04T09:28:10+00:00\",\"description\":\"Le sac \u00e0 dos gilet le plus vendu est un champion polyvalent et polyvalent en mati\u00e8re d'hydratation. Adv Skin 12L est con\u00e7u et optimis\u00e9 pour les courses d'endurance exigeantes.\",\"breadcrumb\":{\"@id\":\"https:\/\/www.miomiorun.com\/fr\/produit\/adv-skin-12l\/#breadcrumb\"},\"inLanguage\":\"fr-FR\",\"potentialAction\":[{\"@type\":\"ReadAction\",\"target\":[\"https:\/\/www.miomiorun.com\/fr\/produit\/adv-skin-12l\/\"]}]},{\"@type\":\"ImageObject\",\"inLanguage\":\"fr-FR\",\"@id\":\"https:\/\/www.miomiorun.com\/fr\/produit\/adv-skin-12l\/#primaryimage\",\"url\":\"https:\/\/www.miomiorun.com\/app\/uploads\/2025\/03\/salomon-ADV-Skin-12-set-flame-scarlet-haute-red-LC2464500.webp\",\"contentUrl\":\"https:\/\/www.miomiorun.com\/app\/uploads\/2025\/03\/salomon-ADV-Skin-12-set-flame-scarlet-haute-red-LC2464500.webp\",\"width\":600,\"height\":600,\"caption\":\"salomon ADV Skin 12 set flame scarlet haute red LC2464500\"},{\"@type\":\"BreadcrumbList\",\"@id\":\"https:\/\/www.miomiorun.com\/fr\/produit\/adv-skin-12l\/#breadcrumb\",\"itemListElement\":[{\"@type\":\"ListItem\",\"position\":1,\"name\":\"Home\",\"item\":\"https:\/\/www.miomiorun.com\/fr\/home-page\/\"},{\"@type\":\"ListItem\",\"position\":2,\"name\":\"Shop\",\"item\":\"https:\/\/www.miomiorun.com\/shop\/\"},{\"@type\":\"ListItem\",\"position\":3,\"name\":\"Adv Skin 12L\"}]},{\"@type\":\"WebSite\",\"@id\":\"https:\/\/www.miomiorun.com\/fr\/#website\",\"url\":\"https:\/\/www.miomiorun.com\/fr\/\",\"name\":\"MioMioRun\",\"description\":\"Boutique 100% running et trail\",\"publisher\":{\"@id\":\"https:\/\/www.miomiorun.com\/fr\/#organization\"},\"potentialAction\":[{\"@type\":\"SearchAction\",\"target\":{\"@type\":\"EntryPoint\",\"urlTemplate\":\"https:\/\/www.miomiorun.com\/fr\/?s={search_term_string}\"},\"query-input\":{\"@type\":\"PropertyValueSpecification\",\"valueRequired\":true,\"valueName\":\"search_term_string\"}}],\"inLanguage\":\"fr-FR\"},{\"@type\":\"Organization\",\"@id\":\"https:\/\/www.miomiorun.com\/fr\/#organization\",\"name\":\"MioMio Run\",\"url\":\"https:\/\/www.miomiorun.com\/fr\/\",\"logo\":{\"@type\":\"ImageObject\",\"inLanguage\":\"fr-FR\",\"@id\":\"https:\/\/www.miomiorun.com\/fr\/#\/schema\/logo\/image\/\",\"url\":\"https:\/\/www.miomiorun.com\/app\/uploads\/2019\/12\/logomio.png\",\"contentUrl\":\"https:\/\/www.miomiorun.com\/app\/uploads\/2019\/12\/logomio.png\",\"width\":115,\"height\":82,\"caption\":\"MioMio Run\"},\"image\":{\"@id\":\"https:\/\/www.miomiorun.com\/fr\/#\/schema\/logo\/image\/\"},\"sameAs\":[\"https:\/\/www.facebook.com\/miomiorun\/\",\"https:\/\/www.instagram.com\/miomiorun\/\"]}]}<\/script>\n<!-- \/ Yoast SEO plugin. -->","yoast_head_json":{"title":"Salomon Adv Skin 12L - sac \u00e0 dos de course- MioMioRun","description":"Le sac \u00e0 dos gilet le plus vendu est un champion polyvalent et polyvalent en mati\u00e8re d'hydratation. Adv Skin 12L est con\u00e7u et optimis\u00e9 pour les courses d'endurance exigeantes.","robots":{"index":"index","follow":"follow","max-snippet":"max-snippet:-1","max-image-preview":"max-image-preview:large","max-video-preview":"max-video-preview:-1"},"canonical":"https:\/\/www.miomiorun.com\/fr\/produit\/adv-skin-12l\/","og_locale":"fr_FR","og_type":"article","og_title":"Salomon Adv Skin 12L - sac \u00e0 dos de course- MioMioRun","og_description":"Le sac \u00e0 dos gilet le plus vendu est un champion polyvalent et polyvalent en mati\u00e8re d'hydratation. Adv Skin 12L est con\u00e7u et optimis\u00e9 pour les courses d'endurance exigeantes.","og_url":"https:\/\/www.miomiorun.com\/fr\/produit\/adv-skin-12l\/","og_site_name":"MioMioRun","article_publisher":"https:\/\/www.facebook.com\/miomiorun\/","article_modified_time":"2025-12-04T09:28:10+00:00","og_image":[{"width":600,"height":600,"url":"https:\/\/www.miomiorun.com\/app\/uploads\/2025\/03\/salomon-ADV-Skin-12-set-flame-scarlet-haute-red-LC2464500.webp","type":"image\/webp"}],"twitter_card":"summary_large_image","twitter_misc":{"Est. reading time":"3 minutes"},"schema":{"@context":"https:\/\/schema.org","@graph":[{"@type":"WebPage","@id":"https:\/\/www.miomiorun.com\/fr\/produit\/adv-skin-12l\/","url":"https:\/\/www.miomiorun.com\/fr\/produit\/adv-skin-12l\/","name":"Salomon Adv Skin 12L - sac \u00e0 dos de course- MioMioRun","isPartOf":{"@id":"https:\/\/www.miomiorun.com\/fr\/#website"},"primaryImageOfPage":{"@id":"https:\/\/www.miomiorun.com\/fr\/produit\/adv-skin-12l\/#primaryimage"},"image":{"@id":"https:\/\/www.miomiorun.com\/fr\/produit\/adv-skin-12l\/#primaryimage"},"thumbnailUrl":"https:\/\/www.miomiorun.com\/app\/uploads\/2025\/03\/salomon-ADV-Skin-12-set-flame-scarlet-haute-red-LC2464500.webp","datePublished":"2024-09-12T13:02:13+00:00","dateModified":"2025-12-04T09:28:10+00:00","description":"Le sac \u00e0 dos gilet le plus vendu est un champion polyvalent et polyvalent en mati\u00e8re d'hydratation. Adv Skin 12L est con\u00e7u et optimis\u00e9 pour les courses d'endurance exigeantes.","breadcrumb":{"@id":"https:\/\/www.miomiorun.com\/fr\/produit\/adv-skin-12l\/#breadcrumb"},"inLanguage":"fr-FR","potentialAction":[{"@type":"ReadAction","target":["https:\/\/www.miomiorun.com\/fr\/produit\/adv-skin-12l\/"]}]},{"@type":"ImageObject","inLanguage":"fr-FR","@id":"https:\/\/www.miomiorun.com\/fr\/produit\/adv-skin-12l\/#primaryimage","url":"https:\/\/www.miomiorun.com\/app\/uploads\/2025\/03\/salomon-ADV-Skin-12-set-flame-scarlet-haute-red-LC2464500.webp","contentUrl":"https:\/\/www.miomiorun.com\/app\/uploads\/2025\/03\/salomon-ADV-Skin-12-set-flame-scarlet-haute-red-LC2464500.webp","width":600,"height":600,"caption":"salomon ADV Skin 12 set flame scarlet haute red LC2464500"},{"@type":"BreadcrumbList","@id":"https:\/\/www.miomiorun.com\/fr\/produit\/adv-skin-12l\/#breadcrumb","itemListElement":[{"@type":"ListItem","position":1,"name":"Home","item":"https:\/\/www.miomiorun.com\/fr\/home-page\/"},{"@type":"ListItem","position":2,"name":"Shop","item":"https:\/\/www.miomiorun.com\/shop\/"},{"@type":"ListItem","position":3,"name":"Adv Skin 12L"}]},{"@type":"WebSite","@id":"https:\/\/www.miomiorun.com\/fr\/#website","url":"https:\/\/www.miomiorun.com\/fr\/","name":"MioMioRun","description":"Boutique 100% running et trail","publisher":{"@id":"https:\/\/www.miomiorun.com\/fr\/#organization"},"potentialAction":[{"@type":"SearchAction","target":{"@type":"EntryPoint","urlTemplate":"https:\/\/www.miomiorun.com\/fr\/?s={search_term_string}"},"query-input":{"@type":"PropertyValueSpecification","valueRequired":true,"valueName":"search_term_string"}}],"inLanguage":"fr-FR"},{"@type":"Organization","@id":"https:\/\/www.miomiorun.com\/fr\/#organization","name":"MioMio Run","url":"https:\/\/www.miomiorun.com\/fr\/","logo":{"@type":"ImageObject","inLanguage":"fr-FR","@id":"https:\/\/www.miomiorun.com\/fr\/#\/schema\/logo\/image\/","url":"https:\/\/www.miomiorun.com\/app\/uploads\/2019\/12\/logomio.png","contentUrl":"https:\/\/www.miomiorun.com\/app\/uploads\/2019\/12\/logomio.png","width":115,"height":82,"caption":"MioMio Run"},"image":{"@id":"https:\/\/www.miomiorun.com\/fr\/#\/schema\/logo\/image\/"},"sameAs":["https:\/\/www.facebook.com\/miomiorun\/","https:\/\/www.instagram.com\/miomiorun\/"]}]}},"_links":{"self":[{"href":"https:\/\/www.miomiorun.com\/fr\/wp-json\/wp\/v2\/product\/293301","targetHints":{"allow":["GET"]}}],"collection":[{"href":"https:\/\/www.miomiorun.com\/fr\/wp-json\/wp\/v2\/product"}],"about":[{"href":"https:\/\/www.miomiorun.com\/fr\/wp-json\/wp\/v2\/types\/product"}],"wp:featuredmedia":[{"embeddable":true,"href":"https:\/\/www.miomiorun.com\/fr\/wp-json\/wp\/v2\/media\/265964"}],"wp:attachment":[{"href":"https:\/\/www.miomiorun.com\/fr\/wp-json\/wp\/v2\/media?parent=293301"}],"wp:term":[{"taxonomy":"product_brand","embeddable":true,"href":"https:\/\/www.miomiorun.com\/fr\/wp-json\/wp\/v2\/product_brand?post=293301"},{"taxonomy":"product_cat","embeddable":true,"href":"https:\/\/www.miomiorun.com\/fr\/wp-json\/wp\/v2\/product_cat?post=293301"},{"taxonomy":"product_tag","embeddable":true,"href":"https:\/\/www.miomiorun.com\/fr\/wp-json\/wp\/v2\/product_tag?post=293301"}],"curies":[{"name":"wp","href":"https:\/\/api.w.org\/{rel}","templated":true}]}}