{"id":293295,"date":"2024-09-14T11:26:00","date_gmt":"2024-09-14T09:26:00","guid":{"rendered":"https:\/\/miomiorun.com\/prodotto\/adizero-essentials-running-long-tight-uomo\/"},"modified":"2026-05-08T22:08:43","modified_gmt":"2026-05-08T20:08:43","slug":"adizero-essentials-running-long-tight-homme","status":"publish","type":"product","link":"https:\/\/www.miomiorun.com\/fr\/produit\/adizero-essentials-running-long-tight-homme\/","title":{"rendered":"Adizero Essentials Running Long Tight homme"},"content":{"rendered":"<p>Concentration. Vitesse. Rythme. Vous \u00eates un coureur, vous savez que chaque d\u00e9tail compte lorsqu&#8217;il s&#8217;agit de se donner \u00e0 fond. La collection adizero Essentials est faite pour vous et pour tous les coureurs actifs et passionn\u00e9s qui s&#8217;efforcent de s&#8217;am\u00e9liorer \u00e0 chaque course. Le legging de course long adizero Essentials est dot\u00e9 de panneaux en mesh qui favorisent la circulation de l&#8217;air. Les zips aux chevilles vous permettent de vous changer sans enlever vos chaussures. La technologie adidas AEROREADY vous aide \u00e0 rester au sec m\u00eame lorsque vous devez acc\u00e9l\u00e9rer pour atteindre vos objectifs. Un v\u00eatement adizero Essentials pour donner le meilleur de vous-m\u00eame. Ce produit contient au moins 70 % de mat\u00e9riaux recycl\u00e9s. La mise en \u0153uvre de notre production avec des mat\u00e9riaux recycl\u00e9s nous permet de r\u00e9duire les d\u00e9chets, l&#8217;utilisation de sources non renouvelables et l&#8217;impact environnemental des produits que nous fabriquons.<\/p>\n<h4>Mati\u00e8res :<\/h4>\n<p>85% polyester recycl\u00e9\/15% \u00e9lasthanne<\/p>\n<p>&nbsp;<\/p>\n<div class=\"care-instructions___3scEd\">\n<h4 class=\"care-title___2YJe1 gl-no-margin-bottom\">Instructions de lavage<\/h4>\n<ul class=\"\">\n<li class=\"gl-vspace-bpall-small\"><img loading=\"lazy\" decoding=\"async\" src=\"https:\/\/www.adidas.it\/glass\/react\/050cc48\/assets\/img\/washing-instructions\/B1.svg\" alt=\"\" width=\"24\" height=\"24\" \/> Ne pas javelliser<\/li>\n<li class=\"gl-vspace-bpall-small\"><img loading=\"lazy\" decoding=\"async\" src=\"https:\/\/www.adidas.it\/glass\/react\/050cc48\/assets\/img\/washing-instructions\/C2.svg\" alt=\"\" width=\"24\" height=\"24\" \/> Utiliser un s\u00e8che-linge \u00e0 basse temp\u00e9rature<\/li>\n<li class=\"gl-vspace-bpall-small\"><img loading=\"lazy\" decoding=\"async\" src=\"https:\/\/www.adidas.it\/glass\/react\/050cc48\/assets\/img\/washing-instructions\/E1.svg\" alt=\"\" width=\"24\" height=\"24\" \/> Ne pas nettoyer \u00e0 sec<\/li>\n<li class=\"gl-vspace-bpall-small\"><img loading=\"lazy\" decoding=\"async\" src=\"https:\/\/www.adidas.it\/glass\/react\/050cc48\/assets\/img\/washing-instructions\/D2.svg\" alt=\"\" width=\"24\" height=\"24\" \/> Repassage doux \u00e0 froid<\/li>\n<li class=\"gl-vspace-bpall-small\"><img loading=\"lazy\" decoding=\"async\" src=\"https:\/\/www.adidas.it\/glass\/react\/050cc48\/assets\/img\/washing-instructions\/A5.svg\" alt=\"\" width=\"24\" height=\"24\" \/> Lavage en machine \u00e0 l&#8217;eau ti\u00e8de<\/li>\n<\/ul>\n<div class=\"extra-instructions___2TR8b\">\n<h4 class=\"care-title___2YJe1 gl-no-margin-bottom\">Informations sur l&#8217;entretien du produit<\/h4>\n<ul class=\"gl-list gl-vspace-bpall-small\">\n<li class=\"gl-vspace-bpall-small\">Ne pas utiliser d&#8217;assouplissant<\/li>\n<li class=\"gl-vspace-bpall-small\">Laver avec les fermetures \u00e9clair ferm\u00e9es<\/li>\n<li class=\"gl-vspace-bpall-small\">Laver et repasser \u00e0 l&#8217;envers<\/li>\n<li class=\"gl-vspace-bpall-small\">Laver avec des couleurs similaires<\/li>\n<\/ul>\n<\/div>\n<\/div>\n","protected":false},"excerpt":{"rendered":"<ul>\n<li>Empi\u00e8cements en mesh favorisant la circulation de l&#8217;air et technologie AEROREADY pour garder la peau au sec.<\/li>\n<li>Une pi\u00e8ce Adizero Essentials pour vous donner le meilleur de vous-m\u00eame.<\/li>\n<\/ul>\n","protected":false},"featured_media":248794,"template":"","meta":{"_acf_changed":false,"inline_featured_image":false},"product_brand":[],"product_cat":[24450,24482],"product_tag":[23557,23564],"class_list":{"0":"post-293295","1":"product","2":"type-product","3":"status-publish","4":"has-post-thumbnail","6":"product_cat-pantalon-long-fr-3","7":"product_cat-vetements-pour-hommes-fr","8":"product_tag-adidas-fr","9":"product_tag-adidas-homme","10":"pa_attivita-fitness-fr","11":"pa_attivita-marcher","12":"pa_attivita-running-fr","13":"pa_colore-adizero-e-l-tgt-black-m-fr","14":"pa_marca-adidas-fr","15":"pa_sesso-homme","16":"pa_size-large-fr","18":"first","19":"instock","20":"sale","21":"taxable","22":"shipping-taxable","23":"purchasable","24":"product-type-variable","25":"wvs-archive-product-wrapper"},"acf":[],"yoast_head":"<!-- This site is optimized with the Yoast SEO plugin v26.8 - https:\/\/yoast.com\/product\/yoast-seo-wordpress\/ -->\n<title>Adidas Adizero Essentials Running Long Tight homme - Pantalon de course - MioMioRun<\/title>\n<meta name=\"description\" content=\"Le legging adizero Essentials favorise la circulation de l&#039;air, la technologie AEROREADY aide \u00e0 garder la peau s\u00e8che. D\u00e9couvrez-les avec nous\" \/>\n<meta name=\"robots\" content=\"index, follow, max-snippet:-1, max-image-preview:large, max-video-preview:-1\" \/>\n<link rel=\"canonical\" href=\"https:\/\/www.miomiorun.com\/fr\/produit\/adizero-essentials-running-long-tight-homme\/\" \/>\n<meta property=\"og:locale\" content=\"fr_FR\" \/>\n<meta property=\"og:type\" content=\"article\" \/>\n<meta property=\"og:title\" content=\"Adidas Adizero Essentials Running Long Tight homme - Pantalon de course - MioMioRun\" \/>\n<meta property=\"og:description\" content=\"Le legging adizero Essentials favorise la circulation de l&#039;air, la technologie AEROREADY aide \u00e0 garder la peau s\u00e8che. D\u00e9couvrez-les avec nous\" \/>\n<meta property=\"og:url\" content=\"https:\/\/www.miomiorun.com\/fr\/produit\/adizero-essentials-running-long-tight-homme\/\" \/>\n<meta property=\"og:site_name\" content=\"MioMioRun\" \/>\n<meta property=\"article:publisher\" content=\"https:\/\/www.facebook.com\/miomiorun\/\" \/>\n<meta property=\"article:modified_time\" content=\"2026-05-08T20:08:43+00:00\" \/>\n<meta property=\"og:image\" content=\"https:\/\/www.miomiorun.com\/app\/uploads\/2024\/09\/Adidas-Adizero-E-L-TGT-black-M-IN1164.webp\" \/>\n\t<meta property=\"og:image:width\" content=\"600\" \/>\n\t<meta property=\"og:image:height\" content=\"600\" \/>\n\t<meta property=\"og:image:type\" content=\"image\/webp\" \/>\n<meta name=\"twitter:card\" content=\"summary_large_image\" \/>\n<meta name=\"twitter:label1\" content=\"Est. reading time\" \/>\n\t<meta name=\"twitter:data1\" content=\"1 minute\" \/>\n<script type=\"application\/ld+json\" class=\"yoast-schema-graph\">{\"@context\":\"https:\/\/schema.org\",\"@graph\":[{\"@type\":\"WebPage\",\"@id\":\"https:\/\/www.miomiorun.com\/fr\/produit\/adizero-essentials-running-long-tight-homme\/\",\"url\":\"https:\/\/www.miomiorun.com\/fr\/produit\/adizero-essentials-running-long-tight-homme\/\",\"name\":\"Adidas Adizero Essentials Running Long Tight homme - Pantalon de course - MioMioRun\",\"isPartOf\":{\"@id\":\"https:\/\/www.miomiorun.com\/fr\/#website\"},\"primaryImageOfPage\":{\"@id\":\"https:\/\/www.miomiorun.com\/fr\/produit\/adizero-essentials-running-long-tight-homme\/#primaryimage\"},\"image\":{\"@id\":\"https:\/\/www.miomiorun.com\/fr\/produit\/adizero-essentials-running-long-tight-homme\/#primaryimage\"},\"thumbnailUrl\":\"https:\/\/www.miomiorun.com\/app\/uploads\/2024\/09\/Adidas-Adizero-E-L-TGT-black-M-IN1164.webp\",\"datePublished\":\"2024-09-14T09:26:00+00:00\",\"dateModified\":\"2026-05-08T20:08:43+00:00\",\"description\":\"Le legging adizero Essentials favorise la circulation de l'air, la technologie AEROREADY aide \u00e0 garder la peau s\u00e8che. D\u00e9couvrez-les avec nous\",\"breadcrumb\":{\"@id\":\"https:\/\/www.miomiorun.com\/fr\/produit\/adizero-essentials-running-long-tight-homme\/#breadcrumb\"},\"inLanguage\":\"fr-FR\",\"potentialAction\":[{\"@type\":\"ReadAction\",\"target\":[\"https:\/\/www.miomiorun.com\/fr\/produit\/adizero-essentials-running-long-tight-homme\/\"]}]},{\"@type\":\"ImageObject\",\"inLanguage\":\"fr-FR\",\"@id\":\"https:\/\/www.miomiorun.com\/fr\/produit\/adizero-essentials-running-long-tight-homme\/#primaryimage\",\"url\":\"https:\/\/www.miomiorun.com\/app\/uploads\/2024\/09\/Adidas-Adizero-E-L-TGT-black-M-IN1164.webp\",\"contentUrl\":\"https:\/\/www.miomiorun.com\/app\/uploads\/2024\/09\/Adidas-Adizero-E-L-TGT-black-M-IN1164.webp\",\"width\":600,\"height\":600,\"caption\":\"Adidas Adizero E L TGT black M IN1164\"},{\"@type\":\"BreadcrumbList\",\"@id\":\"https:\/\/www.miomiorun.com\/fr\/produit\/adizero-essentials-running-long-tight-homme\/#breadcrumb\",\"itemListElement\":[{\"@type\":\"ListItem\",\"position\":1,\"name\":\"Home\",\"item\":\"https:\/\/www.miomiorun.com\/fr\/home-page\/\"},{\"@type\":\"ListItem\",\"position\":2,\"name\":\"Shop\",\"item\":\"https:\/\/www.miomiorun.com\/shop\/\"},{\"@type\":\"ListItem\",\"position\":3,\"name\":\"Adizero Essentials Running Long Tight homme\"}]},{\"@type\":\"WebSite\",\"@id\":\"https:\/\/www.miomiorun.com\/fr\/#website\",\"url\":\"https:\/\/www.miomiorun.com\/fr\/\",\"name\":\"MioMioRun\",\"description\":\"Boutique 100% running et trail\",\"publisher\":{\"@id\":\"https:\/\/www.miomiorun.com\/fr\/#organization\"},\"potentialAction\":[{\"@type\":\"SearchAction\",\"target\":{\"@type\":\"EntryPoint\",\"urlTemplate\":\"https:\/\/www.miomiorun.com\/fr\/?s={search_term_string}\"},\"query-input\":{\"@type\":\"PropertyValueSpecification\",\"valueRequired\":true,\"valueName\":\"search_term_string\"}}],\"inLanguage\":\"fr-FR\"},{\"@type\":\"Organization\",\"@id\":\"https:\/\/www.miomiorun.com\/fr\/#organization\",\"name\":\"MioMio Run\",\"url\":\"https:\/\/www.miomiorun.com\/fr\/\",\"logo\":{\"@type\":\"ImageObject\",\"inLanguage\":\"fr-FR\",\"@id\":\"https:\/\/www.miomiorun.com\/fr\/#\/schema\/logo\/image\/\",\"url\":\"https:\/\/www.miomiorun.com\/app\/uploads\/2019\/12\/logomio.png\",\"contentUrl\":\"https:\/\/www.miomiorun.com\/app\/uploads\/2019\/12\/logomio.png\",\"width\":115,\"height\":82,\"caption\":\"MioMio Run\"},\"image\":{\"@id\":\"https:\/\/www.miomiorun.com\/fr\/#\/schema\/logo\/image\/\"},\"sameAs\":[\"https:\/\/www.facebook.com\/miomiorun\/\",\"https:\/\/www.instagram.com\/miomiorun\/\"]}]}<\/script>\n<!-- \/ Yoast SEO plugin. -->","yoast_head_json":{"title":"Adidas Adizero Essentials Running Long Tight homme - Pantalon de course - MioMioRun","description":"Le legging adizero Essentials favorise la circulation de l'air, la technologie AEROREADY aide \u00e0 garder la peau s\u00e8che. D\u00e9couvrez-les avec nous","robots":{"index":"index","follow":"follow","max-snippet":"max-snippet:-1","max-image-preview":"max-image-preview:large","max-video-preview":"max-video-preview:-1"},"canonical":"https:\/\/www.miomiorun.com\/fr\/produit\/adizero-essentials-running-long-tight-homme\/","og_locale":"fr_FR","og_type":"article","og_title":"Adidas Adizero Essentials Running Long Tight homme - Pantalon de course - MioMioRun","og_description":"Le legging adizero Essentials favorise la circulation de l'air, la technologie AEROREADY aide \u00e0 garder la peau s\u00e8che. D\u00e9couvrez-les avec nous","og_url":"https:\/\/www.miomiorun.com\/fr\/produit\/adizero-essentials-running-long-tight-homme\/","og_site_name":"MioMioRun","article_publisher":"https:\/\/www.facebook.com\/miomiorun\/","article_modified_time":"2026-05-08T20:08:43+00:00","og_image":[{"width":600,"height":600,"url":"https:\/\/www.miomiorun.com\/app\/uploads\/2024\/09\/Adidas-Adizero-E-L-TGT-black-M-IN1164.webp","type":"image\/webp"}],"twitter_card":"summary_large_image","twitter_misc":{"Est. reading time":"1 minute"},"schema":{"@context":"https:\/\/schema.org","@graph":[{"@type":"WebPage","@id":"https:\/\/www.miomiorun.com\/fr\/produit\/adizero-essentials-running-long-tight-homme\/","url":"https:\/\/www.miomiorun.com\/fr\/produit\/adizero-essentials-running-long-tight-homme\/","name":"Adidas Adizero Essentials Running Long Tight homme - Pantalon de course - MioMioRun","isPartOf":{"@id":"https:\/\/www.miomiorun.com\/fr\/#website"},"primaryImageOfPage":{"@id":"https:\/\/www.miomiorun.com\/fr\/produit\/adizero-essentials-running-long-tight-homme\/#primaryimage"},"image":{"@id":"https:\/\/www.miomiorun.com\/fr\/produit\/adizero-essentials-running-long-tight-homme\/#primaryimage"},"thumbnailUrl":"https:\/\/www.miomiorun.com\/app\/uploads\/2024\/09\/Adidas-Adizero-E-L-TGT-black-M-IN1164.webp","datePublished":"2024-09-14T09:26:00+00:00","dateModified":"2026-05-08T20:08:43+00:00","description":"Le legging adizero Essentials favorise la circulation de l'air, la technologie AEROREADY aide \u00e0 garder la peau s\u00e8che. D\u00e9couvrez-les avec nous","breadcrumb":{"@id":"https:\/\/www.miomiorun.com\/fr\/produit\/adizero-essentials-running-long-tight-homme\/#breadcrumb"},"inLanguage":"fr-FR","potentialAction":[{"@type":"ReadAction","target":["https:\/\/www.miomiorun.com\/fr\/produit\/adizero-essentials-running-long-tight-homme\/"]}]},{"@type":"ImageObject","inLanguage":"fr-FR","@id":"https:\/\/www.miomiorun.com\/fr\/produit\/adizero-essentials-running-long-tight-homme\/#primaryimage","url":"https:\/\/www.miomiorun.com\/app\/uploads\/2024\/09\/Adidas-Adizero-E-L-TGT-black-M-IN1164.webp","contentUrl":"https:\/\/www.miomiorun.com\/app\/uploads\/2024\/09\/Adidas-Adizero-E-L-TGT-black-M-IN1164.webp","width":600,"height":600,"caption":"Adidas Adizero E L TGT black M IN1164"},{"@type":"BreadcrumbList","@id":"https:\/\/www.miomiorun.com\/fr\/produit\/adizero-essentials-running-long-tight-homme\/#breadcrumb","itemListElement":[{"@type":"ListItem","position":1,"name":"Home","item":"https:\/\/www.miomiorun.com\/fr\/home-page\/"},{"@type":"ListItem","position":2,"name":"Shop","item":"https:\/\/www.miomiorun.com\/shop\/"},{"@type":"ListItem","position":3,"name":"Adizero Essentials Running Long Tight homme"}]},{"@type":"WebSite","@id":"https:\/\/www.miomiorun.com\/fr\/#website","url":"https:\/\/www.miomiorun.com\/fr\/","name":"MioMioRun","description":"Boutique 100% running et trail","publisher":{"@id":"https:\/\/www.miomiorun.com\/fr\/#organization"},"potentialAction":[{"@type":"SearchAction","target":{"@type":"EntryPoint","urlTemplate":"https:\/\/www.miomiorun.com\/fr\/?s={search_term_string}"},"query-input":{"@type":"PropertyValueSpecification","valueRequired":true,"valueName":"search_term_string"}}],"inLanguage":"fr-FR"},{"@type":"Organization","@id":"https:\/\/www.miomiorun.com\/fr\/#organization","name":"MioMio Run","url":"https:\/\/www.miomiorun.com\/fr\/","logo":{"@type":"ImageObject","inLanguage":"fr-FR","@id":"https:\/\/www.miomiorun.com\/fr\/#\/schema\/logo\/image\/","url":"https:\/\/www.miomiorun.com\/app\/uploads\/2019\/12\/logomio.png","contentUrl":"https:\/\/www.miomiorun.com\/app\/uploads\/2019\/12\/logomio.png","width":115,"height":82,"caption":"MioMio Run"},"image":{"@id":"https:\/\/www.miomiorun.com\/fr\/#\/schema\/logo\/image\/"},"sameAs":["https:\/\/www.facebook.com\/miomiorun\/","https:\/\/www.instagram.com\/miomiorun\/"]}]}},"_links":{"self":[{"href":"https:\/\/www.miomiorun.com\/fr\/wp-json\/wp\/v2\/product\/293295","targetHints":{"allow":["GET"]}}],"collection":[{"href":"https:\/\/www.miomiorun.com\/fr\/wp-json\/wp\/v2\/product"}],"about":[{"href":"https:\/\/www.miomiorun.com\/fr\/wp-json\/wp\/v2\/types\/product"}],"wp:featuredmedia":[{"embeddable":true,"href":"https:\/\/www.miomiorun.com\/fr\/wp-json\/wp\/v2\/media\/248794"}],"wp:attachment":[{"href":"https:\/\/www.miomiorun.com\/fr\/wp-json\/wp\/v2\/media?parent=293295"}],"wp:term":[{"taxonomy":"product_brand","embeddable":true,"href":"https:\/\/www.miomiorun.com\/fr\/wp-json\/wp\/v2\/product_brand?post=293295"},{"taxonomy":"product_cat","embeddable":true,"href":"https:\/\/www.miomiorun.com\/fr\/wp-json\/wp\/v2\/product_cat?post=293295"},{"taxonomy":"product_tag","embeddable":true,"href":"https:\/\/www.miomiorun.com\/fr\/wp-json\/wp\/v2\/product_tag?post=293295"}],"curies":[{"name":"wp","href":"https:\/\/api.w.org\/{rel}","templated":true}]}}