{"id":293258,"date":"2024-09-18T19:14:32","date_gmt":"2024-09-18T17:14:32","guid":{"rendered":"https:\/\/miomiorun.com\/prodotto\/gt-1000-13-gs-kids\/"},"modified":"2025-09-26T07:56:46","modified_gmt":"2025-09-26T05:56:46","slug":"gt-1000-13-gs-kids","status":"publish","type":"product","link":"https:\/\/www.miomiorun.com\/fr\/produit\/gt-1000-13-gs-kids\/","title":{"rendered":"GT-1000 13 GS kids"},"content":{"rendered":"<div class=\"vc-row container\"><div class=\"vc-column\"><div class=\"vc-column-text\"><\/p>\n<h4>Donn\u00e9es techniques<\/h4>\n<p>Cat\u00e9gorie : Amortissement structur\u00e9<br \/>\nD\u00e9calage : 8,5 mm<br \/>\nPoids : 210 g<br \/>\nId\u00e9al pour : Les gar\u00e7ons qui ont besoin d&#8217;une chaussure avec un bon amorti et une bonne structure. Id\u00e9ale pour d\u00e9buter une activit\u00e9 sportive ou pour les gar\u00e7ons qui sont d\u00e9j\u00e0 enclins \u00e0 s&#8217;attaquer \u00e0 des distances moyennes \u00e0 longues.<br \/>\n<a href=\"https:\/\/miomiorun.com\/fr\/guide-des-specificites\/\">Sp\u00e9cifications guide<\/a><\/p>\n<p><\/div><\/div><div class=\"vc-column\"><div class=\"vc-column-text\">La GT-1000 13 GS (Grade School) pour enfants est une chaussure stable et polyvalente, id\u00e9ale pour parcourir diff\u00e9rentes distances. L&#8217;amorti sous le pied a \u00e9t\u00e9 am\u00e9lior\u00e9 pour la rendre plus confortable et dynamique.<\/p>\n<p>Le damier de taille et la semelle int\u00e9rieure, sp\u00e9cialement con\u00e7us pour les jeunes enfants, s&#8217;adaptent \u00e0 la croissance des pieds. De plus, la semelle ext\u00e9rieure enveloppante dans la zone m\u00e9diane de l&#8217;avant-pied et la couture en caoutchouc des orteils sont con\u00e7ues pour am\u00e9liorer la robustesse de la chaussure.<\/p>\n<p>Enfin, la technologie GEL offre un amorti confortable tout au long de la journ\u00e9e.<\/p>\n<h3>Technologie et caract\u00e9ristiques<\/h3>\n<div class=\"product-features-section\">\n<ul>\n<li class=\"small-reg\">\n<div class=\"small-bold\"><strong>Tige en maille respirante<\/strong><\/div>\n<p>Assure un soutien efficace et confortable<\/li>\n<li class=\"small-reg\">\n<div class=\"small-bold\"><strong>Au moins 20 % du mat\u00e9riau principal de la tige est fabriqu\u00e9 \u00e0 partir de mati\u00e8res premi\u00e8res recycl\u00e9es afin de r\u00e9duire les d\u00e9chets et les \u00e9missions de carbone.<\/strong><\/div>\n<p>La semelle int\u00e9rieure est fabriqu\u00e9e \u00e0 l&#8217;aide d&#8217;un proc\u00e9d\u00e9 de teinture en p\u00e2te qui r\u00e9duit la consommation d&#8217;eau d&#8217;environ 33 % et les \u00e9missions de carbone d&#8217;environ 45 % par rapport \u00e0 la technologie de teinture traditionnelle.<\/li>\n<li class=\"small-reg\">\n<div class=\"small-bold\"><strong>Technologie GEL au niveau du talon<\/strong><\/div>\n<p>Am\u00e9liore l&#8217;absorption des impacts<\/li>\n<\/ul>\n<\/div>\n<p><\/div><\/div><\/div>\n","protected":false},"excerpt":{"rendered":"<ul>\n<li>Chaussure de course pour jeunes athl\u00e8tes.<\/li>\n<li>Amorti et confortable pour d\u00e9couvrir diff\u00e9rentes distances.<\/li>\n<\/ul>\n","protected":false},"featured_media":248966,"template":"","meta":{"_acf_changed":false,"inline_featured_image":false},"product_brand":[],"product_cat":[22594,22590],"product_tag":[23560,24180,24186],"class_list":{"0":"post-293258","1":"product","2":"type-product","3":"status-publish","4":"has-post-thumbnail","6":"product_cat-chaussures-pour-enfants","7":"product_cat-enfant","8":"product_tag-asics-fr","9":"product_tag-asics-fille","10":"product_tag-asics-garcon","11":"pa_attivita-fitness-fr","12":"pa_attivita-lifestyle-fr","13":"pa_attivita-marcher","14":"pa_attivita-running-fr","15":"pa_colore-gt-1000-13-gs-dusty-mauve-white-fr","16":"pa_marca-asics-fr","17":"pa_sesso-homme","18":"pa_size-32-5-fr","19":"pa_size-33-fr","20":"pa_size-33-5-fr","21":"pa_size-35-5-fr","22":"pa_size-37-fr","24":"first","25":"instock","26":"sale","27":"taxable","28":"shipping-taxable","29":"purchasable","30":"product-type-variable","31":"wvs-archive-product-wrapper"},"acf":[],"yoast_head":"<!-- This site is optimized with the Yoast SEO plugin v26.8 - https:\/\/yoast.com\/product\/yoast-seo-wordpress\/ -->\n<title>AsicsGT-1000 13 GS kids -Baskets de running enfant - MioMioRun<\/title>\n<meta name=\"description\" content=\"La GT-1000 13 GS (Grade School) pour enfants est une chaussure stable et polyvalente, id\u00e9ale pour parcourir diff\u00e9rentes distances. L&#039;amorti est am\u00e9lior\u00e9.\" \/>\n<meta name=\"robots\" content=\"index, follow, max-snippet:-1, max-image-preview:large, max-video-preview:-1\" \/>\n<link rel=\"canonical\" href=\"https:\/\/www.miomiorun.com\/fr\/produit\/gt-1000-13-gs-kids\/\" \/>\n<meta property=\"og:locale\" content=\"fr_FR\" \/>\n<meta property=\"og:type\" content=\"article\" \/>\n<meta property=\"og:title\" content=\"AsicsGT-1000 13 GS kids -Baskets de running enfant - MioMioRun\" \/>\n<meta property=\"og:description\" content=\"La GT-1000 13 GS (Grade School) pour enfants est une chaussure stable et polyvalente, id\u00e9ale pour parcourir diff\u00e9rentes distances. L&#039;amorti est am\u00e9lior\u00e9.\" \/>\n<meta property=\"og:url\" content=\"https:\/\/www.miomiorun.com\/fr\/produit\/gt-1000-13-gs-kids\/\" \/>\n<meta property=\"og:site_name\" content=\"MioMioRun\" \/>\n<meta property=\"article:publisher\" content=\"https:\/\/www.facebook.com\/miomiorun\/\" \/>\n<meta property=\"article:modified_time\" content=\"2025-09-26T05:56:46+00:00\" \/>\n<meta property=\"og:image\" content=\"https:\/\/www.miomiorun.com\/app\/uploads\/2024\/09\/asics-GT-1000-13-GS-Black-Digital-Aqua-1014A343-001.webp\" \/>\n\t<meta property=\"og:image:width\" content=\"600\" \/>\n\t<meta property=\"og:image:height\" content=\"600\" \/>\n\t<meta property=\"og:image:type\" content=\"image\/webp\" \/>\n<meta name=\"twitter:card\" content=\"summary_large_image\" \/>\n<meta name=\"twitter:label1\" content=\"Est. reading time\" \/>\n\t<meta name=\"twitter:data1\" content=\"1 minute\" \/>\n<script type=\"application\/ld+json\" class=\"yoast-schema-graph\">{\"@context\":\"https:\/\/schema.org\",\"@graph\":[{\"@type\":\"WebPage\",\"@id\":\"https:\/\/www.miomiorun.com\/fr\/produit\/gt-1000-13-gs-kids\/\",\"url\":\"https:\/\/www.miomiorun.com\/fr\/produit\/gt-1000-13-gs-kids\/\",\"name\":\"AsicsGT-1000 13 GS kids -Baskets de running enfant - MioMioRun\",\"isPartOf\":{\"@id\":\"https:\/\/www.miomiorun.com\/fr\/#website\"},\"primaryImageOfPage\":{\"@id\":\"https:\/\/www.miomiorun.com\/fr\/produit\/gt-1000-13-gs-kids\/#primaryimage\"},\"image\":{\"@id\":\"https:\/\/www.miomiorun.com\/fr\/produit\/gt-1000-13-gs-kids\/#primaryimage\"},\"thumbnailUrl\":\"https:\/\/www.miomiorun.com\/app\/uploads\/2024\/09\/asics-GT-1000-13-GS-Black-Digital-Aqua-1014A343-001.webp\",\"datePublished\":\"2024-09-18T17:14:32+00:00\",\"dateModified\":\"2025-09-26T05:56:46+00:00\",\"description\":\"La GT-1000 13 GS (Grade School) pour enfants est une chaussure stable et polyvalente, id\u00e9ale pour parcourir diff\u00e9rentes distances. L'amorti est am\u00e9lior\u00e9.\",\"breadcrumb\":{\"@id\":\"https:\/\/www.miomiorun.com\/fr\/produit\/gt-1000-13-gs-kids\/#breadcrumb\"},\"inLanguage\":\"fr-FR\",\"potentialAction\":[{\"@type\":\"ReadAction\",\"target\":[\"https:\/\/www.miomiorun.com\/fr\/produit\/gt-1000-13-gs-kids\/\"]}]},{\"@type\":\"ImageObject\",\"inLanguage\":\"fr-FR\",\"@id\":\"https:\/\/www.miomiorun.com\/fr\/produit\/gt-1000-13-gs-kids\/#primaryimage\",\"url\":\"https:\/\/www.miomiorun.com\/app\/uploads\/2024\/09\/asics-GT-1000-13-GS-Black-Digital-Aqua-1014A343-001.webp\",\"contentUrl\":\"https:\/\/www.miomiorun.com\/app\/uploads\/2024\/09\/asics-GT-1000-13-GS-Black-Digital-Aqua-1014A343-001.webp\",\"width\":600,\"height\":600,\"caption\":\"asics GT-1000 13 GS Black Digital Aqua 1014A343 001\"},{\"@type\":\"BreadcrumbList\",\"@id\":\"https:\/\/www.miomiorun.com\/fr\/produit\/gt-1000-13-gs-kids\/#breadcrumb\",\"itemListElement\":[{\"@type\":\"ListItem\",\"position\":1,\"name\":\"Home\",\"item\":\"https:\/\/www.miomiorun.com\/fr\/home-page\/\"},{\"@type\":\"ListItem\",\"position\":2,\"name\":\"Shop\",\"item\":\"https:\/\/www.miomiorun.com\/shop\/\"},{\"@type\":\"ListItem\",\"position\":3,\"name\":\"GT-1000 13 GS kids\"}]},{\"@type\":\"WebSite\",\"@id\":\"https:\/\/www.miomiorun.com\/fr\/#website\",\"url\":\"https:\/\/www.miomiorun.com\/fr\/\",\"name\":\"MioMioRun\",\"description\":\"Boutique 100% running et trail\",\"publisher\":{\"@id\":\"https:\/\/www.miomiorun.com\/fr\/#organization\"},\"potentialAction\":[{\"@type\":\"SearchAction\",\"target\":{\"@type\":\"EntryPoint\",\"urlTemplate\":\"https:\/\/www.miomiorun.com\/fr\/?s={search_term_string}\"},\"query-input\":{\"@type\":\"PropertyValueSpecification\",\"valueRequired\":true,\"valueName\":\"search_term_string\"}}],\"inLanguage\":\"fr-FR\"},{\"@type\":\"Organization\",\"@id\":\"https:\/\/www.miomiorun.com\/fr\/#organization\",\"name\":\"MioMio Run\",\"url\":\"https:\/\/www.miomiorun.com\/fr\/\",\"logo\":{\"@type\":\"ImageObject\",\"inLanguage\":\"fr-FR\",\"@id\":\"https:\/\/www.miomiorun.com\/fr\/#\/schema\/logo\/image\/\",\"url\":\"https:\/\/www.miomiorun.com\/app\/uploads\/2019\/12\/logomio.png\",\"contentUrl\":\"https:\/\/www.miomiorun.com\/app\/uploads\/2019\/12\/logomio.png\",\"width\":115,\"height\":82,\"caption\":\"MioMio Run\"},\"image\":{\"@id\":\"https:\/\/www.miomiorun.com\/fr\/#\/schema\/logo\/image\/\"},\"sameAs\":[\"https:\/\/www.facebook.com\/miomiorun\/\",\"https:\/\/www.instagram.com\/miomiorun\/\"]}]}<\/script>\n<!-- \/ Yoast SEO plugin. -->","yoast_head_json":{"title":"AsicsGT-1000 13 GS kids -Baskets de running enfant - MioMioRun","description":"La GT-1000 13 GS (Grade School) pour enfants est une chaussure stable et polyvalente, id\u00e9ale pour parcourir diff\u00e9rentes distances. L'amorti est am\u00e9lior\u00e9.","robots":{"index":"index","follow":"follow","max-snippet":"max-snippet:-1","max-image-preview":"max-image-preview:large","max-video-preview":"max-video-preview:-1"},"canonical":"https:\/\/www.miomiorun.com\/fr\/produit\/gt-1000-13-gs-kids\/","og_locale":"fr_FR","og_type":"article","og_title":"AsicsGT-1000 13 GS kids -Baskets de running enfant - MioMioRun","og_description":"La GT-1000 13 GS (Grade School) pour enfants est une chaussure stable et polyvalente, id\u00e9ale pour parcourir diff\u00e9rentes distances. L'amorti est am\u00e9lior\u00e9.","og_url":"https:\/\/www.miomiorun.com\/fr\/produit\/gt-1000-13-gs-kids\/","og_site_name":"MioMioRun","article_publisher":"https:\/\/www.facebook.com\/miomiorun\/","article_modified_time":"2025-09-26T05:56:46+00:00","og_image":[{"width":600,"height":600,"url":"https:\/\/www.miomiorun.com\/app\/uploads\/2024\/09\/asics-GT-1000-13-GS-Black-Digital-Aqua-1014A343-001.webp","type":"image\/webp"}],"twitter_card":"summary_large_image","twitter_misc":{"Est. reading time":"1 minute"},"schema":{"@context":"https:\/\/schema.org","@graph":[{"@type":"WebPage","@id":"https:\/\/www.miomiorun.com\/fr\/produit\/gt-1000-13-gs-kids\/","url":"https:\/\/www.miomiorun.com\/fr\/produit\/gt-1000-13-gs-kids\/","name":"AsicsGT-1000 13 GS kids -Baskets de running enfant - MioMioRun","isPartOf":{"@id":"https:\/\/www.miomiorun.com\/fr\/#website"},"primaryImageOfPage":{"@id":"https:\/\/www.miomiorun.com\/fr\/produit\/gt-1000-13-gs-kids\/#primaryimage"},"image":{"@id":"https:\/\/www.miomiorun.com\/fr\/produit\/gt-1000-13-gs-kids\/#primaryimage"},"thumbnailUrl":"https:\/\/www.miomiorun.com\/app\/uploads\/2024\/09\/asics-GT-1000-13-GS-Black-Digital-Aqua-1014A343-001.webp","datePublished":"2024-09-18T17:14:32+00:00","dateModified":"2025-09-26T05:56:46+00:00","description":"La GT-1000 13 GS (Grade School) pour enfants est une chaussure stable et polyvalente, id\u00e9ale pour parcourir diff\u00e9rentes distances. L'amorti est am\u00e9lior\u00e9.","breadcrumb":{"@id":"https:\/\/www.miomiorun.com\/fr\/produit\/gt-1000-13-gs-kids\/#breadcrumb"},"inLanguage":"fr-FR","potentialAction":[{"@type":"ReadAction","target":["https:\/\/www.miomiorun.com\/fr\/produit\/gt-1000-13-gs-kids\/"]}]},{"@type":"ImageObject","inLanguage":"fr-FR","@id":"https:\/\/www.miomiorun.com\/fr\/produit\/gt-1000-13-gs-kids\/#primaryimage","url":"https:\/\/www.miomiorun.com\/app\/uploads\/2024\/09\/asics-GT-1000-13-GS-Black-Digital-Aqua-1014A343-001.webp","contentUrl":"https:\/\/www.miomiorun.com\/app\/uploads\/2024\/09\/asics-GT-1000-13-GS-Black-Digital-Aqua-1014A343-001.webp","width":600,"height":600,"caption":"asics GT-1000 13 GS Black Digital Aqua 1014A343 001"},{"@type":"BreadcrumbList","@id":"https:\/\/www.miomiorun.com\/fr\/produit\/gt-1000-13-gs-kids\/#breadcrumb","itemListElement":[{"@type":"ListItem","position":1,"name":"Home","item":"https:\/\/www.miomiorun.com\/fr\/home-page\/"},{"@type":"ListItem","position":2,"name":"Shop","item":"https:\/\/www.miomiorun.com\/shop\/"},{"@type":"ListItem","position":3,"name":"GT-1000 13 GS kids"}]},{"@type":"WebSite","@id":"https:\/\/www.miomiorun.com\/fr\/#website","url":"https:\/\/www.miomiorun.com\/fr\/","name":"MioMioRun","description":"Boutique 100% running et trail","publisher":{"@id":"https:\/\/www.miomiorun.com\/fr\/#organization"},"potentialAction":[{"@type":"SearchAction","target":{"@type":"EntryPoint","urlTemplate":"https:\/\/www.miomiorun.com\/fr\/?s={search_term_string}"},"query-input":{"@type":"PropertyValueSpecification","valueRequired":true,"valueName":"search_term_string"}}],"inLanguage":"fr-FR"},{"@type":"Organization","@id":"https:\/\/www.miomiorun.com\/fr\/#organization","name":"MioMio Run","url":"https:\/\/www.miomiorun.com\/fr\/","logo":{"@type":"ImageObject","inLanguage":"fr-FR","@id":"https:\/\/www.miomiorun.com\/fr\/#\/schema\/logo\/image\/","url":"https:\/\/www.miomiorun.com\/app\/uploads\/2019\/12\/logomio.png","contentUrl":"https:\/\/www.miomiorun.com\/app\/uploads\/2019\/12\/logomio.png","width":115,"height":82,"caption":"MioMio Run"},"image":{"@id":"https:\/\/www.miomiorun.com\/fr\/#\/schema\/logo\/image\/"},"sameAs":["https:\/\/www.facebook.com\/miomiorun\/","https:\/\/www.instagram.com\/miomiorun\/"]}]}},"_links":{"self":[{"href":"https:\/\/www.miomiorun.com\/fr\/wp-json\/wp\/v2\/product\/293258","targetHints":{"allow":["GET"]}}],"collection":[{"href":"https:\/\/www.miomiorun.com\/fr\/wp-json\/wp\/v2\/product"}],"about":[{"href":"https:\/\/www.miomiorun.com\/fr\/wp-json\/wp\/v2\/types\/product"}],"wp:featuredmedia":[{"embeddable":true,"href":"https:\/\/www.miomiorun.com\/fr\/wp-json\/wp\/v2\/media\/248966"}],"wp:attachment":[{"href":"https:\/\/www.miomiorun.com\/fr\/wp-json\/wp\/v2\/media?parent=293258"}],"wp:term":[{"taxonomy":"product_brand","embeddable":true,"href":"https:\/\/www.miomiorun.com\/fr\/wp-json\/wp\/v2\/product_brand?post=293258"},{"taxonomy":"product_cat","embeddable":true,"href":"https:\/\/www.miomiorun.com\/fr\/wp-json\/wp\/v2\/product_cat?post=293258"},{"taxonomy":"product_tag","embeddable":true,"href":"https:\/\/www.miomiorun.com\/fr\/wp-json\/wp\/v2\/product_tag?post=293258"}],"curies":[{"name":"wp","href":"https:\/\/api.w.org\/{rel}","templated":true}]}}