{"id":293131,"date":"2024-05-17T12:10:54","date_gmt":"2024-05-17T10:10:54","guid":{"rendered":"https:\/\/miomiorun.com\/prodotto\/vaporkrar-2-0-4l\/"},"modified":"2026-05-08T22:08:34","modified_gmt":"2026-05-08T20:08:34","slug":"vaporkrar-2-0-4l","status":"publish","type":"product","link":"https:\/\/www.miomiorun.com\/fr\/produit\/vaporkrar-2-0-4l\/","title":{"rendered":"VaporKrar 2.0 4L"},"content":{"rendered":"<p>Partez pour votre prochaine course sur sentier avec le gilet d&#8217;hydratation Nathan VaporKrar de 4 litres, confortable et incroyablement fonctionnel. Ce gilet a \u00e9t\u00e9 con\u00e7u avec l&#8217;aide du champion d&#8217;ultra running et minimaliste renomm\u00e9 Rob Krar, ce qui garantit qu&#8217;il r\u00e9pond aux besoins des coureurs de trail s\u00e9rieux.<\/p>\n<h4>Caract\u00e9ristiques principales<\/h4>\n<ul>\n<li><strong>Ajustement semblable \u00e0 celui d&#8217;un v\u00eatement<\/strong>: Fabriqu\u00e9 \u00e0 partir de mat\u00e9riaux l\u00e9gers et respirants avec des trous perfor\u00e9s au laser pour un confort maximal. Permet un ajustement sans rebond et sans frottement.<\/li>\n<li><strong>Hydratation<\/strong>: comprend 2 flacons souples ExoShot d&#8217;une capacit\u00e9 de 12 onces liquides chacun, \u00e9quip\u00e9s de pailles allong\u00e9es pour boire facilement sans retirer les flacons des poches avant. Le gilet est \u00e9galement compatible avec un r\u00e9servoir d&#8217;hydratation de 1,5 L (vendu s\u00e9par\u00e9ment).<\/li>\n<li><strong>Espace de rangement<\/strong>: plusieurs poches pour un acc\u00e8s facile \u00e0 l&#8217;\u00e9quipement. Les poches avant peuvent contenir des flacons souples jusqu&#8217;\u00e0 22 ml, de la nourriture, des smartphones jusqu&#8217;\u00e0 la taille d&#8217;un iPhone\u00ae 6 et d&#8217;autres objets essentiels. Il y a \u00e9galement une poche principale \u00e0 l&#8217;arri\u00e8re avec une poche int\u00e9rieure pour le r\u00e9servoir.<\/li>\n<li><strong>Visibilit\u00e9<\/strong>: Les d\u00e9tails r\u00e9fl\u00e9chissants vous permettent d&#8217;\u00eatre vu dans des conditions de faible luminosit\u00e9.<\/li>\n<li><strong>Caract\u00e9ristiques suppl\u00e9mentaires<\/strong>: poche poitrine zipp\u00e9e \u00e9tanche pour smartphone, poche arri\u00e8re zipp\u00e9e \u00e9tanche pour ranger les objets essentiels, poche \u00e0 pilules sur l&#8217;\u00e9paule et sifflet de s\u00e9curit\u00e9.<\/li>\n<\/ul>\n<h4>Caract\u00e9ristiques techniques<\/h4>\n<ul>\n<li><strong>Capacit\u00e9 de charge<\/strong>: 4 litres (244 cu in)<\/li>\n<li><strong>Poids<\/strong>\n<ul>\n<li>:Sans Soft Flask : 6.4 oz (181 g)<\/li>\n<li>Avec Soft Flask : 11 oz (306 g)<\/li>\n<\/ul>\n<\/li>\n<li><strong>Mati\u00e8re<\/strong>: Nylon\/Polyester<\/li>\n<li><strong>Sans BPA<\/strong>: Oui<\/li>\n<li><strong>Sexe<\/strong>: Unisexe<\/li>\n<li><strong>Type de structure<\/strong>: Sans cadre<\/li>\n<li><strong>Nombre de poches ext\u00e9rieures<\/strong>: Multiples poches + compartiment principal pour le r\u00e9servoir<\/li>\n<\/ul>\n","protected":false},"excerpt":{"rendered":"<p>Partez pour votre prochaine course sur sentier avec le gilet d&#8217;hydratation Nathan VaporKrar de 4 litres, confortable et incroyablement fonctionnel. Ce gilet a \u00e9t\u00e9 con\u00e7u avec l&#8217;aide du champion d&#8217;ultra running et minimaliste renomm\u00e9 Rob Krar, ce qui garantit qu&#8217;il r\u00e9pond aux besoins des coureurs de trail s\u00e9rieux. Caract\u00e9ristiques principales Ajustement semblable \u00e0 celui d&#8217;un &hellip; <a href=\"https:\/\/www.miomiorun.com\/fr\/produit\/vaporkrar-2-0-4l\/\">Continued<\/a><\/p>\n","protected":false},"featured_media":247180,"template":"","meta":{"_acf_changed":false,"inline_featured_image":false},"product_brand":[],"product_cat":[22589,22587,22538],"product_tag":[23511,23516],"class_list":{"0":"post-293131","1":"product","2":"type-product","3":"status-publish","4":"has-post-thumbnail","6":"product_cat-sacs-a-dos","7":"product_cat-sacs-a-dos-et-ceintures","8":"product_cat-accessoires","9":"product_tag-nathan-fr","10":"product_tag-nathan-femme","11":"pa_attivita-outdoor-fr","12":"pa_attivita-trail-fr","13":"pa_marca-nathan-fr","14":"pa_sesso-femme","15":"pa_sesso-homme","16":"pa_size-medium-fr","17":"pa_size-large-fr","18":"pa_size-extra-large-fr","20":"first","21":"instock","22":"sale","23":"taxable","24":"shipping-taxable","25":"purchasable","26":"product-type-variable","27":"wvs-archive-product-wrapper"},"acf":[],"yoast_head":"<!-- This site is optimized with the Yoast SEO plugin v26.8 - https:\/\/yoast.com\/product\/yoast-seo-wordpress\/ -->\n<title>Nathan VaporKrar 2.0 4L - sac \u00e0 dos de course - MioMioRun<\/title>\n<meta name=\"description\" content=\"Gilet d&#039;hydratation Nathan VaporKrar 4L : l\u00e9ger, confortable, avec flasque 12 oz, nombreuses poches. Parfait pour le trail running.\" \/>\n<meta name=\"robots\" content=\"index, follow, max-snippet:-1, max-image-preview:large, max-video-preview:-1\" \/>\n<link rel=\"canonical\" href=\"https:\/\/www.miomiorun.com\/fr\/produit\/vaporkrar-2-0-4l\/\" \/>\n<meta property=\"og:locale\" content=\"fr_FR\" \/>\n<meta property=\"og:type\" content=\"article\" \/>\n<meta property=\"og:title\" content=\"Nathan VaporKrar 2.0 4L - sac \u00e0 dos de course - MioMioRun\" \/>\n<meta property=\"og:description\" content=\"Gilet d&#039;hydratation Nathan VaporKrar 4L : l\u00e9ger, confortable, avec flasque 12 oz, nombreuses poches. Parfait pour le trail running.\" \/>\n<meta property=\"og:url\" content=\"https:\/\/www.miomiorun.com\/fr\/produit\/vaporkrar-2-0-4l\/\" \/>\n<meta property=\"og:site_name\" content=\"MioMioRun\" \/>\n<meta property=\"article:publisher\" content=\"https:\/\/www.facebook.com\/miomiorun\/\" \/>\n<meta property=\"article:modified_time\" content=\"2026-05-08T20:08:34+00:00\" \/>\n<meta property=\"og:image\" content=\"https:\/\/www.miomiorun.com\/app\/uploads\/2024\/05\/nathan-Vapor-Krak-2-4L-dark-slate-firecracker-4735-retro.webp\" \/>\n\t<meta property=\"og:image:width\" content=\"600\" \/>\n\t<meta property=\"og:image:height\" content=\"600\" \/>\n\t<meta property=\"og:image:type\" content=\"image\/webp\" \/>\n<meta name=\"twitter:card\" content=\"summary_large_image\" \/>\n<meta name=\"twitter:label1\" content=\"Est. reading time\" \/>\n\t<meta name=\"twitter:data1\" content=\"1 minute\" \/>\n<script type=\"application\/ld+json\" class=\"yoast-schema-graph\">{\"@context\":\"https:\/\/schema.org\",\"@graph\":[{\"@type\":\"WebPage\",\"@id\":\"https:\/\/www.miomiorun.com\/fr\/produit\/vaporkrar-2-0-4l\/\",\"url\":\"https:\/\/www.miomiorun.com\/fr\/produit\/vaporkrar-2-0-4l\/\",\"name\":\"Nathan VaporKrar 2.0 4L - sac \u00e0 dos de course - MioMioRun\",\"isPartOf\":{\"@id\":\"https:\/\/www.miomiorun.com\/fr\/#website\"},\"primaryImageOfPage\":{\"@id\":\"https:\/\/www.miomiorun.com\/fr\/produit\/vaporkrar-2-0-4l\/#primaryimage\"},\"image\":{\"@id\":\"https:\/\/www.miomiorun.com\/fr\/produit\/vaporkrar-2-0-4l\/#primaryimage\"},\"thumbnailUrl\":\"https:\/\/www.miomiorun.com\/app\/uploads\/2024\/05\/nathan-Vapor-Krak-2-4L-dark-slate-firecracker-4735-retro.webp\",\"datePublished\":\"2024-05-17T10:10:54+00:00\",\"dateModified\":\"2026-05-08T20:08:34+00:00\",\"description\":\"Gilet d'hydratation Nathan VaporKrar 4L : l\u00e9ger, confortable, avec flasque 12 oz, nombreuses poches. Parfait pour le trail running.\",\"breadcrumb\":{\"@id\":\"https:\/\/www.miomiorun.com\/fr\/produit\/vaporkrar-2-0-4l\/#breadcrumb\"},\"inLanguage\":\"fr-FR\",\"potentialAction\":[{\"@type\":\"ReadAction\",\"target\":[\"https:\/\/www.miomiorun.com\/fr\/produit\/vaporkrar-2-0-4l\/\"]}]},{\"@type\":\"ImageObject\",\"inLanguage\":\"fr-FR\",\"@id\":\"https:\/\/www.miomiorun.com\/fr\/produit\/vaporkrar-2-0-4l\/#primaryimage\",\"url\":\"https:\/\/www.miomiorun.com\/app\/uploads\/2024\/05\/nathan-Vapor-Krak-2-4L-dark-slate-firecracker-4735-retro.webp\",\"contentUrl\":\"https:\/\/www.miomiorun.com\/app\/uploads\/2024\/05\/nathan-Vapor-Krak-2-4L-dark-slate-firecracker-4735-retro.webp\",\"width\":600,\"height\":600,\"caption\":\"nathan Vapor Krak 2 4L dark slate firecracker 4735 retro\"},{\"@type\":\"BreadcrumbList\",\"@id\":\"https:\/\/www.miomiorun.com\/fr\/produit\/vaporkrar-2-0-4l\/#breadcrumb\",\"itemListElement\":[{\"@type\":\"ListItem\",\"position\":1,\"name\":\"Home\",\"item\":\"https:\/\/www.miomiorun.com\/fr\/home-page\/\"},{\"@type\":\"ListItem\",\"position\":2,\"name\":\"Shop\",\"item\":\"https:\/\/www.miomiorun.com\/shop\/\"},{\"@type\":\"ListItem\",\"position\":3,\"name\":\"VaporKrar 2.0 4L\"}]},{\"@type\":\"WebSite\",\"@id\":\"https:\/\/www.miomiorun.com\/fr\/#website\",\"url\":\"https:\/\/www.miomiorun.com\/fr\/\",\"name\":\"MioMioRun\",\"description\":\"Boutique 100% running et trail\",\"publisher\":{\"@id\":\"https:\/\/www.miomiorun.com\/fr\/#organization\"},\"potentialAction\":[{\"@type\":\"SearchAction\",\"target\":{\"@type\":\"EntryPoint\",\"urlTemplate\":\"https:\/\/www.miomiorun.com\/fr\/?s={search_term_string}\"},\"query-input\":{\"@type\":\"PropertyValueSpecification\",\"valueRequired\":true,\"valueName\":\"search_term_string\"}}],\"inLanguage\":\"fr-FR\"},{\"@type\":\"Organization\",\"@id\":\"https:\/\/www.miomiorun.com\/fr\/#organization\",\"name\":\"MioMio Run\",\"url\":\"https:\/\/www.miomiorun.com\/fr\/\",\"logo\":{\"@type\":\"ImageObject\",\"inLanguage\":\"fr-FR\",\"@id\":\"https:\/\/www.miomiorun.com\/fr\/#\/schema\/logo\/image\/\",\"url\":\"https:\/\/www.miomiorun.com\/app\/uploads\/2019\/12\/logomio.png\",\"contentUrl\":\"https:\/\/www.miomiorun.com\/app\/uploads\/2019\/12\/logomio.png\",\"width\":115,\"height\":82,\"caption\":\"MioMio Run\"},\"image\":{\"@id\":\"https:\/\/www.miomiorun.com\/fr\/#\/schema\/logo\/image\/\"},\"sameAs\":[\"https:\/\/www.facebook.com\/miomiorun\/\",\"https:\/\/www.instagram.com\/miomiorun\/\"]}]}<\/script>\n<!-- \/ Yoast SEO plugin. -->","yoast_head_json":{"title":"Nathan VaporKrar 2.0 4L - sac \u00e0 dos de course - MioMioRun","description":"Gilet d'hydratation Nathan VaporKrar 4L : l\u00e9ger, confortable, avec flasque 12 oz, nombreuses poches. Parfait pour le trail running.","robots":{"index":"index","follow":"follow","max-snippet":"max-snippet:-1","max-image-preview":"max-image-preview:large","max-video-preview":"max-video-preview:-1"},"canonical":"https:\/\/www.miomiorun.com\/fr\/produit\/vaporkrar-2-0-4l\/","og_locale":"fr_FR","og_type":"article","og_title":"Nathan VaporKrar 2.0 4L - sac \u00e0 dos de course - MioMioRun","og_description":"Gilet d'hydratation Nathan VaporKrar 4L : l\u00e9ger, confortable, avec flasque 12 oz, nombreuses poches. Parfait pour le trail running.","og_url":"https:\/\/www.miomiorun.com\/fr\/produit\/vaporkrar-2-0-4l\/","og_site_name":"MioMioRun","article_publisher":"https:\/\/www.facebook.com\/miomiorun\/","article_modified_time":"2026-05-08T20:08:34+00:00","og_image":[{"width":600,"height":600,"url":"https:\/\/www.miomiorun.com\/app\/uploads\/2024\/05\/nathan-Vapor-Krak-2-4L-dark-slate-firecracker-4735-retro.webp","type":"image\/webp"}],"twitter_card":"summary_large_image","twitter_misc":{"Est. reading time":"1 minute"},"schema":{"@context":"https:\/\/schema.org","@graph":[{"@type":"WebPage","@id":"https:\/\/www.miomiorun.com\/fr\/produit\/vaporkrar-2-0-4l\/","url":"https:\/\/www.miomiorun.com\/fr\/produit\/vaporkrar-2-0-4l\/","name":"Nathan VaporKrar 2.0 4L - sac \u00e0 dos de course - MioMioRun","isPartOf":{"@id":"https:\/\/www.miomiorun.com\/fr\/#website"},"primaryImageOfPage":{"@id":"https:\/\/www.miomiorun.com\/fr\/produit\/vaporkrar-2-0-4l\/#primaryimage"},"image":{"@id":"https:\/\/www.miomiorun.com\/fr\/produit\/vaporkrar-2-0-4l\/#primaryimage"},"thumbnailUrl":"https:\/\/www.miomiorun.com\/app\/uploads\/2024\/05\/nathan-Vapor-Krak-2-4L-dark-slate-firecracker-4735-retro.webp","datePublished":"2024-05-17T10:10:54+00:00","dateModified":"2026-05-08T20:08:34+00:00","description":"Gilet d'hydratation Nathan VaporKrar 4L : l\u00e9ger, confortable, avec flasque 12 oz, nombreuses poches. Parfait pour le trail running.","breadcrumb":{"@id":"https:\/\/www.miomiorun.com\/fr\/produit\/vaporkrar-2-0-4l\/#breadcrumb"},"inLanguage":"fr-FR","potentialAction":[{"@type":"ReadAction","target":["https:\/\/www.miomiorun.com\/fr\/produit\/vaporkrar-2-0-4l\/"]}]},{"@type":"ImageObject","inLanguage":"fr-FR","@id":"https:\/\/www.miomiorun.com\/fr\/produit\/vaporkrar-2-0-4l\/#primaryimage","url":"https:\/\/www.miomiorun.com\/app\/uploads\/2024\/05\/nathan-Vapor-Krak-2-4L-dark-slate-firecracker-4735-retro.webp","contentUrl":"https:\/\/www.miomiorun.com\/app\/uploads\/2024\/05\/nathan-Vapor-Krak-2-4L-dark-slate-firecracker-4735-retro.webp","width":600,"height":600,"caption":"nathan Vapor Krak 2 4L dark slate firecracker 4735 retro"},{"@type":"BreadcrumbList","@id":"https:\/\/www.miomiorun.com\/fr\/produit\/vaporkrar-2-0-4l\/#breadcrumb","itemListElement":[{"@type":"ListItem","position":1,"name":"Home","item":"https:\/\/www.miomiorun.com\/fr\/home-page\/"},{"@type":"ListItem","position":2,"name":"Shop","item":"https:\/\/www.miomiorun.com\/shop\/"},{"@type":"ListItem","position":3,"name":"VaporKrar 2.0 4L"}]},{"@type":"WebSite","@id":"https:\/\/www.miomiorun.com\/fr\/#website","url":"https:\/\/www.miomiorun.com\/fr\/","name":"MioMioRun","description":"Boutique 100% running et trail","publisher":{"@id":"https:\/\/www.miomiorun.com\/fr\/#organization"},"potentialAction":[{"@type":"SearchAction","target":{"@type":"EntryPoint","urlTemplate":"https:\/\/www.miomiorun.com\/fr\/?s={search_term_string}"},"query-input":{"@type":"PropertyValueSpecification","valueRequired":true,"valueName":"search_term_string"}}],"inLanguage":"fr-FR"},{"@type":"Organization","@id":"https:\/\/www.miomiorun.com\/fr\/#organization","name":"MioMio Run","url":"https:\/\/www.miomiorun.com\/fr\/","logo":{"@type":"ImageObject","inLanguage":"fr-FR","@id":"https:\/\/www.miomiorun.com\/fr\/#\/schema\/logo\/image\/","url":"https:\/\/www.miomiorun.com\/app\/uploads\/2019\/12\/logomio.png","contentUrl":"https:\/\/www.miomiorun.com\/app\/uploads\/2019\/12\/logomio.png","width":115,"height":82,"caption":"MioMio Run"},"image":{"@id":"https:\/\/www.miomiorun.com\/fr\/#\/schema\/logo\/image\/"},"sameAs":["https:\/\/www.facebook.com\/miomiorun\/","https:\/\/www.instagram.com\/miomiorun\/"]}]}},"_links":{"self":[{"href":"https:\/\/www.miomiorun.com\/fr\/wp-json\/wp\/v2\/product\/293131","targetHints":{"allow":["GET"]}}],"collection":[{"href":"https:\/\/www.miomiorun.com\/fr\/wp-json\/wp\/v2\/product"}],"about":[{"href":"https:\/\/www.miomiorun.com\/fr\/wp-json\/wp\/v2\/types\/product"}],"wp:featuredmedia":[{"embeddable":true,"href":"https:\/\/www.miomiorun.com\/fr\/wp-json\/wp\/v2\/media\/247180"}],"wp:attachment":[{"href":"https:\/\/www.miomiorun.com\/fr\/wp-json\/wp\/v2\/media?parent=293131"}],"wp:term":[{"taxonomy":"product_brand","embeddable":true,"href":"https:\/\/www.miomiorun.com\/fr\/wp-json\/wp\/v2\/product_brand?post=293131"},{"taxonomy":"product_cat","embeddable":true,"href":"https:\/\/www.miomiorun.com\/fr\/wp-json\/wp\/v2\/product_cat?post=293131"},{"taxonomy":"product_tag","embeddable":true,"href":"https:\/\/www.miomiorun.com\/fr\/wp-json\/wp\/v2\/product_tag?post=293131"}],"curies":[{"name":"wp","href":"https:\/\/api.w.org\/{rel}","templated":true}]}}