{"id":293110,"date":"2024-05-24T18:10:18","date_gmt":"2024-05-24T16:10:18","guid":{"rendered":"https:\/\/miomiorun.com\/prodotto\/cavo-usb-da-tipo-a-a-tipo-c\/"},"modified":"2025-05-28T19:07:17","modified_gmt":"2025-05-28T17:07:17","slug":"cable-usb-type-a-vers-type-c","status":"publish","type":"product","link":"https:\/\/www.miomiorun.com\/fr\/produit\/cable-usb-type-a-vers-type-c\/","title":{"rendered":"C\u00e2ble USB Type-A vers Type-C"},"content":{"rendered":"<p>Connectez le c\u00e2ble au port USB-A de votre appareil compatible pour le charger et transf\u00e9rer des donn\u00e9es vers votre ordinateur.<\/p>\n<p>Remarque : Lorsqu&#8217;un produit automobile est connect\u00e9 \u00e0 un ordinateur via un c\u00e2ble USB, le produit peut afficher un message indiquant que le c\u00e2ble connect\u00e9 n&#8217;est pas en mesure de charger l&#8217;appareil. Ce message est normal. Bien que l&#8217;appareil re\u00e7oive suffisamment d&#8217;\u00e9nergie de l&#8217;ordinateur pour rester allum\u00e9 et fonctionner, il ne re\u00e7oit pas assez d&#8217;\u00e9nergie pour augmenter le niveau de la batterie.<\/p>\n<h4><\/h4>\n","protected":false},"excerpt":{"rendered":"<p>Connectez le c\u00e2ble au port USB-A de votre appareil compatible pour le charger et transf\u00e9rer des donn\u00e9es vers votre ordinateur. Remarque : Lorsqu&#8217;un produit automobile est connect\u00e9 \u00e0 un ordinateur via un c\u00e2ble USB, le produit peut afficher un message indiquant que le c\u00e2ble connect\u00e9 n&#8217;est pas en mesure de charger l&#8217;appareil. Ce message est &hellip; <a href=\"https:\/\/www.miomiorun.com\/fr\/produit\/cable-usb-type-a-vers-type-c\/\">Continued<\/a><\/p>\n","protected":false},"featured_media":247258,"template":"","meta":{"_acf_changed":false,"inline_featured_image":false},"product_brand":[],"product_cat":[22537,22566],"product_tag":[23480],"class_list":{"0":"post-293110","1":"product","2":"type-product","3":"status-publish","4":"has-post-thumbnail","6":"product_cat-garmin-fr","7":"product_cat-accessoires-fr","8":"product_tag-garmin-fr","9":"pa_marca-garmin-fr","10":"pa_sesso-femme","11":"pa_sesso-homme","13":"first","14":"outofstock","15":"sale","16":"taxable","17":"shipping-taxable","18":"purchasable","19":"product-type-simple"},"acf":[],"yoast_head":"<!-- This site is optimized with the Yoast SEO plugin v26.8 - https:\/\/yoast.com\/product\/yoast-seo-wordpress\/ -->\n<title>Garmin C\u00e2ble USB Type-A vers Type-C - Accessoires Garmin - MioMioRun<\/title>\n<meta name=\"description\" content=\"Connectez le c\u00e2ble au port USB-A de votre appareil compatible pour le charger et transf\u00e9rer des donn\u00e9es vers votre ordinateur.\" \/>\n<meta name=\"robots\" content=\"index, follow, max-snippet:-1, max-image-preview:large, max-video-preview:-1\" \/>\n<link rel=\"canonical\" href=\"https:\/\/www.miomiorun.com\/fr\/produit\/cable-usb-type-a-vers-type-c\/\" \/>\n<meta property=\"og:locale\" content=\"fr_FR\" \/>\n<meta property=\"og:type\" content=\"article\" \/>\n<meta property=\"og:title\" content=\"Garmin C\u00e2ble USB Type-A vers Type-C - Accessoires Garmin - MioMioRun\" \/>\n<meta property=\"og:description\" content=\"Connectez le c\u00e2ble au port USB-A de votre appareil compatible pour le charger et transf\u00e9rer des donn\u00e9es vers votre ordinateur.\" \/>\n<meta property=\"og:url\" content=\"https:\/\/www.miomiorun.com\/fr\/produit\/cable-usb-type-a-vers-type-c\/\" \/>\n<meta property=\"og:site_name\" content=\"MioMioRun\" \/>\n<meta property=\"article:publisher\" content=\"https:\/\/www.facebook.com\/miomiorun\/\" \/>\n<meta property=\"article:modified_time\" content=\"2025-05-28T17:07:17+00:00\" \/>\n<meta property=\"og:image\" content=\"https:\/\/www.miomiorun.com\/app\/uploads\/2024\/05\/garmin-CAVO-USB-EDGE-010-13199-00.webp\" \/>\n\t<meta property=\"og:image:width\" content=\"600\" \/>\n\t<meta property=\"og:image:height\" content=\"600\" \/>\n\t<meta property=\"og:image:type\" content=\"image\/webp\" \/>\n<meta name=\"twitter:card\" content=\"summary_large_image\" \/>\n<script type=\"application\/ld+json\" class=\"yoast-schema-graph\">{\"@context\":\"https:\/\/schema.org\",\"@graph\":[{\"@type\":\"WebPage\",\"@id\":\"https:\/\/www.miomiorun.com\/fr\/produit\/cable-usb-type-a-vers-type-c\/\",\"url\":\"https:\/\/www.miomiorun.com\/fr\/produit\/cable-usb-type-a-vers-type-c\/\",\"name\":\"Garmin C\u00e2ble USB Type-A vers Type-C - Accessoires Garmin - MioMioRun\",\"isPartOf\":{\"@id\":\"https:\/\/www.miomiorun.com\/fr\/#website\"},\"primaryImageOfPage\":{\"@id\":\"https:\/\/www.miomiorun.com\/fr\/produit\/cable-usb-type-a-vers-type-c\/#primaryimage\"},\"image\":{\"@id\":\"https:\/\/www.miomiorun.com\/fr\/produit\/cable-usb-type-a-vers-type-c\/#primaryimage\"},\"thumbnailUrl\":\"https:\/\/www.miomiorun.com\/app\/uploads\/2024\/05\/garmin-CAVO-USB-EDGE-010-13199-00.webp\",\"datePublished\":\"2024-05-24T16:10:18+00:00\",\"dateModified\":\"2025-05-28T17:07:17+00:00\",\"description\":\"Connectez le c\u00e2ble au port USB-A de votre appareil compatible pour le charger et transf\u00e9rer des donn\u00e9es vers votre ordinateur.\",\"breadcrumb\":{\"@id\":\"https:\/\/www.miomiorun.com\/fr\/produit\/cable-usb-type-a-vers-type-c\/#breadcrumb\"},\"inLanguage\":\"fr-FR\",\"potentialAction\":[{\"@type\":\"ReadAction\",\"target\":[\"https:\/\/www.miomiorun.com\/fr\/produit\/cable-usb-type-a-vers-type-c\/\"]}]},{\"@type\":\"ImageObject\",\"inLanguage\":\"fr-FR\",\"@id\":\"https:\/\/www.miomiorun.com\/fr\/produit\/cable-usb-type-a-vers-type-c\/#primaryimage\",\"url\":\"https:\/\/www.miomiorun.com\/app\/uploads\/2024\/05\/garmin-CAVO-USB-EDGE-010-13199-00.webp\",\"contentUrl\":\"https:\/\/www.miomiorun.com\/app\/uploads\/2024\/05\/garmin-CAVO-USB-EDGE-010-13199-00.webp\",\"width\":600,\"height\":600,\"caption\":\"garmin CAVO USB EDGE 010-13199-00\"},{\"@type\":\"BreadcrumbList\",\"@id\":\"https:\/\/www.miomiorun.com\/fr\/produit\/cable-usb-type-a-vers-type-c\/#breadcrumb\",\"itemListElement\":[{\"@type\":\"ListItem\",\"position\":1,\"name\":\"Home\",\"item\":\"https:\/\/www.miomiorun.com\/fr\/home-page\/\"},{\"@type\":\"ListItem\",\"position\":2,\"name\":\"Shop\",\"item\":\"https:\/\/www.miomiorun.com\/shop\/\"},{\"@type\":\"ListItem\",\"position\":3,\"name\":\"C\u00e2ble USB Type-A vers Type-C\"}]},{\"@type\":\"WebSite\",\"@id\":\"https:\/\/www.miomiorun.com\/fr\/#website\",\"url\":\"https:\/\/www.miomiorun.com\/fr\/\",\"name\":\"MioMioRun\",\"description\":\"Boutique 100% running et trail\",\"publisher\":{\"@id\":\"https:\/\/www.miomiorun.com\/fr\/#organization\"},\"potentialAction\":[{\"@type\":\"SearchAction\",\"target\":{\"@type\":\"EntryPoint\",\"urlTemplate\":\"https:\/\/www.miomiorun.com\/fr\/?s={search_term_string}\"},\"query-input\":{\"@type\":\"PropertyValueSpecification\",\"valueRequired\":true,\"valueName\":\"search_term_string\"}}],\"inLanguage\":\"fr-FR\"},{\"@type\":\"Organization\",\"@id\":\"https:\/\/www.miomiorun.com\/fr\/#organization\",\"name\":\"MioMio Run\",\"url\":\"https:\/\/www.miomiorun.com\/fr\/\",\"logo\":{\"@type\":\"ImageObject\",\"inLanguage\":\"fr-FR\",\"@id\":\"https:\/\/www.miomiorun.com\/fr\/#\/schema\/logo\/image\/\",\"url\":\"https:\/\/www.miomiorun.com\/app\/uploads\/2019\/12\/logomio.png\",\"contentUrl\":\"https:\/\/www.miomiorun.com\/app\/uploads\/2019\/12\/logomio.png\",\"width\":115,\"height\":82,\"caption\":\"MioMio Run\"},\"image\":{\"@id\":\"https:\/\/www.miomiorun.com\/fr\/#\/schema\/logo\/image\/\"},\"sameAs\":[\"https:\/\/www.facebook.com\/miomiorun\/\",\"https:\/\/www.instagram.com\/miomiorun\/\"]}]}<\/script>\n<!-- \/ Yoast SEO plugin. -->","yoast_head_json":{"title":"Garmin C\u00e2ble USB Type-A vers Type-C - Accessoires Garmin - MioMioRun","description":"Connectez le c\u00e2ble au port USB-A de votre appareil compatible pour le charger et transf\u00e9rer des donn\u00e9es vers votre ordinateur.","robots":{"index":"index","follow":"follow","max-snippet":"max-snippet:-1","max-image-preview":"max-image-preview:large","max-video-preview":"max-video-preview:-1"},"canonical":"https:\/\/www.miomiorun.com\/fr\/produit\/cable-usb-type-a-vers-type-c\/","og_locale":"fr_FR","og_type":"article","og_title":"Garmin C\u00e2ble USB Type-A vers Type-C - Accessoires Garmin - MioMioRun","og_description":"Connectez le c\u00e2ble au port USB-A de votre appareil compatible pour le charger et transf\u00e9rer des donn\u00e9es vers votre ordinateur.","og_url":"https:\/\/www.miomiorun.com\/fr\/produit\/cable-usb-type-a-vers-type-c\/","og_site_name":"MioMioRun","article_publisher":"https:\/\/www.facebook.com\/miomiorun\/","article_modified_time":"2025-05-28T17:07:17+00:00","og_image":[{"width":600,"height":600,"url":"https:\/\/www.miomiorun.com\/app\/uploads\/2024\/05\/garmin-CAVO-USB-EDGE-010-13199-00.webp","type":"image\/webp"}],"twitter_card":"summary_large_image","schema":{"@context":"https:\/\/schema.org","@graph":[{"@type":"WebPage","@id":"https:\/\/www.miomiorun.com\/fr\/produit\/cable-usb-type-a-vers-type-c\/","url":"https:\/\/www.miomiorun.com\/fr\/produit\/cable-usb-type-a-vers-type-c\/","name":"Garmin C\u00e2ble USB Type-A vers Type-C - Accessoires Garmin - MioMioRun","isPartOf":{"@id":"https:\/\/www.miomiorun.com\/fr\/#website"},"primaryImageOfPage":{"@id":"https:\/\/www.miomiorun.com\/fr\/produit\/cable-usb-type-a-vers-type-c\/#primaryimage"},"image":{"@id":"https:\/\/www.miomiorun.com\/fr\/produit\/cable-usb-type-a-vers-type-c\/#primaryimage"},"thumbnailUrl":"https:\/\/www.miomiorun.com\/app\/uploads\/2024\/05\/garmin-CAVO-USB-EDGE-010-13199-00.webp","datePublished":"2024-05-24T16:10:18+00:00","dateModified":"2025-05-28T17:07:17+00:00","description":"Connectez le c\u00e2ble au port USB-A de votre appareil compatible pour le charger et transf\u00e9rer des donn\u00e9es vers votre ordinateur.","breadcrumb":{"@id":"https:\/\/www.miomiorun.com\/fr\/produit\/cable-usb-type-a-vers-type-c\/#breadcrumb"},"inLanguage":"fr-FR","potentialAction":[{"@type":"ReadAction","target":["https:\/\/www.miomiorun.com\/fr\/produit\/cable-usb-type-a-vers-type-c\/"]}]},{"@type":"ImageObject","inLanguage":"fr-FR","@id":"https:\/\/www.miomiorun.com\/fr\/produit\/cable-usb-type-a-vers-type-c\/#primaryimage","url":"https:\/\/www.miomiorun.com\/app\/uploads\/2024\/05\/garmin-CAVO-USB-EDGE-010-13199-00.webp","contentUrl":"https:\/\/www.miomiorun.com\/app\/uploads\/2024\/05\/garmin-CAVO-USB-EDGE-010-13199-00.webp","width":600,"height":600,"caption":"garmin CAVO USB EDGE 010-13199-00"},{"@type":"BreadcrumbList","@id":"https:\/\/www.miomiorun.com\/fr\/produit\/cable-usb-type-a-vers-type-c\/#breadcrumb","itemListElement":[{"@type":"ListItem","position":1,"name":"Home","item":"https:\/\/www.miomiorun.com\/fr\/home-page\/"},{"@type":"ListItem","position":2,"name":"Shop","item":"https:\/\/www.miomiorun.com\/shop\/"},{"@type":"ListItem","position":3,"name":"C\u00e2ble USB Type-A vers Type-C"}]},{"@type":"WebSite","@id":"https:\/\/www.miomiorun.com\/fr\/#website","url":"https:\/\/www.miomiorun.com\/fr\/","name":"MioMioRun","description":"Boutique 100% running et trail","publisher":{"@id":"https:\/\/www.miomiorun.com\/fr\/#organization"},"potentialAction":[{"@type":"SearchAction","target":{"@type":"EntryPoint","urlTemplate":"https:\/\/www.miomiorun.com\/fr\/?s={search_term_string}"},"query-input":{"@type":"PropertyValueSpecification","valueRequired":true,"valueName":"search_term_string"}}],"inLanguage":"fr-FR"},{"@type":"Organization","@id":"https:\/\/www.miomiorun.com\/fr\/#organization","name":"MioMio Run","url":"https:\/\/www.miomiorun.com\/fr\/","logo":{"@type":"ImageObject","inLanguage":"fr-FR","@id":"https:\/\/www.miomiorun.com\/fr\/#\/schema\/logo\/image\/","url":"https:\/\/www.miomiorun.com\/app\/uploads\/2019\/12\/logomio.png","contentUrl":"https:\/\/www.miomiorun.com\/app\/uploads\/2019\/12\/logomio.png","width":115,"height":82,"caption":"MioMio Run"},"image":{"@id":"https:\/\/www.miomiorun.com\/fr\/#\/schema\/logo\/image\/"},"sameAs":["https:\/\/www.facebook.com\/miomiorun\/","https:\/\/www.instagram.com\/miomiorun\/"]}]}},"_links":{"self":[{"href":"https:\/\/www.miomiorun.com\/fr\/wp-json\/wp\/v2\/product\/293110","targetHints":{"allow":["GET"]}}],"collection":[{"href":"https:\/\/www.miomiorun.com\/fr\/wp-json\/wp\/v2\/product"}],"about":[{"href":"https:\/\/www.miomiorun.com\/fr\/wp-json\/wp\/v2\/types\/product"}],"wp:featuredmedia":[{"embeddable":true,"href":"https:\/\/www.miomiorun.com\/fr\/wp-json\/wp\/v2\/media\/247258"}],"wp:attachment":[{"href":"https:\/\/www.miomiorun.com\/fr\/wp-json\/wp\/v2\/media?parent=293110"}],"wp:term":[{"taxonomy":"product_brand","embeddable":true,"href":"https:\/\/www.miomiorun.com\/fr\/wp-json\/wp\/v2\/product_brand?post=293110"},{"taxonomy":"product_cat","embeddable":true,"href":"https:\/\/www.miomiorun.com\/fr\/wp-json\/wp\/v2\/product_cat?post=293110"},{"taxonomy":"product_tag","embeddable":true,"href":"https:\/\/www.miomiorun.com\/fr\/wp-json\/wp\/v2\/product_tag?post=293110"}],"curies":[{"name":"wp","href":"https:\/\/api.w.org\/{rel}","templated":true}]}}