{"id":293000,"date":"2024-06-01T10:43:29","date_gmt":"2024-06-01T08:43:29","guid":{"rendered":"https:\/\/miomiorun.com\/prodotto\/speedgoat-6-donna\/"},"modified":"2025-12-10T13:37:53","modified_gmt":"2025-12-10T12:37:53","slug":"speedgoat-6-femme","status":"publish","type":"product","link":"https:\/\/www.miomiorun.com\/fr\/produit\/speedgoat-6-femme\/","title":{"rendered":"Speedgoat 6 femme"},"content":{"rendered":"<p><div class=\"vc-row container\"><div class=\"vc-column\"><div class=\"vc-column-text\"><\/p>\n<p><strong>Caract\u00e9ristiques techniques<\/strong><\/p>\n<p>Cat\u00e9gorie : amorti sup\u00e9rieur<br \/>\nD\u00e9calage : 5 mm<br \/>\nPoids : 232 g<br \/>\nId\u00e9al pour : les coureurs de trail et les amateurs de randonn\u00e9es en montagne \u00e0 la recherche d&#8217;un mod\u00e8le l\u00e9ger, bien amorti et protecteur, capable d&#8217;offrir un confort maximal m\u00eame sur de longues distances.<br \/>\nPoids de l&#8217;athl\u00e8te : 50-70 kg<br \/>\nAllure de course : moyenne \u00e0 rapide (4,30-6,00 min\/km)<br \/>\n<a href=\"https:\/\/miomiorun.com\/fr\/guide-des-specificites\/\">Guide des sp\u00e9cifications techniques<\/a><\/p>\n<p><\/div><\/div><div class=\"vc-column\"><div class=\"vc-column-text\"><\/p>\n<h3>Une exp\u00e9rience d&#8217;utilisation riche en adh\u00e9rence et en r\u00e9activit\u00e9 pour les terrains techniques.<\/p>\n<h3>Le meilleur du meilleur sur les sentiers.<br \/>\nLa voici. La <strong>Speedgoat 6 <\/strong>pour femmes est n\u00e9e pour dominer les sentiers, gr\u00e2ce \u00e0 la combinaison de l&#8217;amorti HOKA \u00e9prouv\u00e9, d&#8217;une traction agressive et de mat\u00e9riaux ultral\u00e9gers. Con\u00e7ue pour les terrains techniques, cette r\u00e9cente r\u00e9\u00e9dition pr\u00e9sente une tige en tissu respirant, une structure interne qui enveloppe le pied, une languette \u00e0 double soufflet plus souple et une orientation de la semelle repens\u00e9e en s&#8217;inspirant de la patte d&#8217;une ch\u00e8vre (\u00ab goat \u00bb en anglais, qui rappelle le nom de la chaussure).<\/p>\n<p><strong>CONVIENT POUR<\/strong><\/p>\n<ul>\n<li>Trail.<\/li>\n<li>Randonn\u00e9e.<\/li>\n<\/ul>\n<p><strong>CARACT\u00c9RISTIQUES :<\/strong><\/p>\n<ul class=\"features-container\">\n<li class=\"feature-item\">Tige en tissu l\u00e9ger<\/li>\n<li class=\"feature-item\">Cadre interne offrant un bon maintien<\/li>\n<li class=\"feature-item\">Languette \u00e0 soufflet des deux c\u00f4t\u00e9s<\/li>\n<li class=\"feature-item\">Masque dynamique<\/li>\n<li class=\"feature-item\">\u00c9l\u00e9ment de protection sur la pointe<\/li>\n<li class=\"feature-item\">Vibram\u00ae Megagrip avec Traction Lug<\/li>\n<li class=\"feature-item\">Orientation de la semelle repens\u00e9e<\/li>\n<li class=\"feature-item\">Semelle interm\u00e9diaire en compos\u00e9 l\u00e9ger et r\u00e9actif<\/li>\n<li class=\"feature-item\">Mousse plus l\u00e9g\u00e8re et plus r\u00e9active<\/li>\n<li class=\"feature-item\">Semelle ext\u00e9rieure de 5 mm<\/li>\n<li class=\"feature-item\">Mod\u00e8le vegan<\/li>\n<\/ul>\n<div class=\"description-whatsnew\">\n<p><strong>Quelles sont les nouveaut\u00e9s ?<\/strong><\/p>\n<p>Une exp\u00e9rience am\u00e9lior\u00e9e pour la plante du pied, avec moins de poids et plus de r\u00e9activit\u00e9. Vous trouverez des nouveaut\u00e9s dans la structure globale, notamment la tige en tissu respirant, le compos\u00e9 de la semelle interm\u00e9diaire plus l\u00e9ger et plus r\u00e9actif, le ch\u00e2ssis interne, la masque dynamique et la languette \u00e0 double soufflet plus souple.<\/p>\n<h2>Stabilit\u00e9<\/h2>\n<p>Speedgoat 6 \u00e9quip\u00e9e d&#8217;un lit amortissant sym\u00e9trique, sans technologies orthop\u00e9diques suppl\u00e9mentaires. Con\u00e7ue pour vous offrir le soutien dont vous avez besoin, sans fonctionnalit\u00e9s superflues.<\/p>\n<h2>Amorti<\/h2>\n<p>La Speedgoat 6 est con\u00e7ue pour offrir un amorti protecteur, tout en conservant une pouss\u00e9e r\u00e9active lorsque vous souhaitez augmenter votre vitesse.<\/p>\n<p>&nbsp;<\/p>\n<\/div>\n<p><\/div><\/div><\/div><\/h3>\n<\/h3>\n","protected":false},"excerpt":{"rendered":"<ul>\n<li>Chaussure id\u00e9ale pour le trail et la randonn\u00e9e.<\/li>\n<li>Semelle Vibram\u00ae Megagrip avec Traction Lug.<\/li>\n<li>Id\u00e9ale pour les parcours techniques.<\/li>\n<\/ul>\n","protected":false},"featured_media":310801,"template":"","meta":{"_acf_changed":false,"inline_featured_image":false},"product_brand":[],"product_cat":[24435,24432],"product_tag":[23478,23494],"class_list":{"0":"post-293000","1":"product","2":"type-product","3":"status-publish","4":"has-post-thumbnail","6":"product_cat-chaussures-pour-femmes-fr","7":"product_cat-trail-fr-2","8":"product_tag-hoka-one-one-fr","9":"product_tag-hoka-femme","10":"pa_attivita-outdoor-fr","11":"pa_attivita-trail-fr","12":"pa_colore-speedgoat-6-w-black-neon-hoka-citrus-fr","13":"pa_colore-speedgoat-6-w-gull-stormy-skies-fr","14":"pa_colore-speedgoat-6-w-skyward-blue-cielo-blue-fr","15":"pa_marca-hoka-fr","16":"pa_sesso-femme","17":"pa_size-38-fr","18":"pa_size-39-fr","19":"pa_size-41-fr","21":"first","22":"instock","23":"sale","24":"taxable","25":"shipping-taxable","26":"purchasable","27":"product-type-variable","28":"wvs-archive-product-wrapper"},"acf":[],"yoast_head":"<!-- This site is optimized with the Yoast SEO plugin v26.8 - https:\/\/yoast.com\/product\/yoast-seo-wordpress\/ -->\n<title>Hoka Speedgoat 6 femme - chaussures de trail - MioMioRun.com<\/title>\n<meta name=\"description\" content=\"La Speedgoat 6 pour femme est con\u00e7ue pour dominer les sentiers gr\u00e2ce \u00e0 la combinaison de l&#039;amorti HOKA \u00e9prouv\u00e9, d&#039;une traction agressive et de mat\u00e9riaux ultral\u00e9gers.\" \/>\n<meta name=\"robots\" content=\"index, follow, max-snippet:-1, max-image-preview:large, max-video-preview:-1\" \/>\n<link rel=\"canonical\" href=\"https:\/\/www.miomiorun.com\/fr\/produit\/speedgoat-6-femme\/\" \/>\n<meta property=\"og:locale\" content=\"fr_FR\" \/>\n<meta property=\"og:type\" content=\"article\" \/>\n<meta property=\"og:title\" content=\"Hoka Speedgoat 6 femme - chaussures de trail - MioMioRun.com\" \/>\n<meta property=\"og:description\" content=\"La Speedgoat 6 pour femme est con\u00e7ue pour dominer les sentiers gr\u00e2ce \u00e0 la combinaison de l&#039;amorti HOKA \u00e9prouv\u00e9, d&#039;une traction agressive et de mat\u00e9riaux ultral\u00e9gers.\" \/>\n<meta property=\"og:url\" content=\"https:\/\/www.miomiorun.com\/fr\/produit\/speedgoat-6-femme\/\" \/>\n<meta property=\"og:site_name\" content=\"MioMioRun\" \/>\n<meta property=\"article:publisher\" content=\"https:\/\/www.facebook.com\/miomiorun\/\" \/>\n<meta property=\"article:modified_time\" content=\"2025-12-10T12:37:53+00:00\" \/>\n<meta property=\"og:image\" content=\"https:\/\/www.miomiorun.com\/app\/uploads\/2025\/05\/hoka-Speedgoat-6-W-feldspar-blue-twilight-1147811-FDS.webp\" \/>\n\t<meta property=\"og:image:width\" content=\"600\" \/>\n\t<meta property=\"og:image:height\" content=\"600\" \/>\n\t<meta property=\"og:image:type\" content=\"image\/webp\" \/>\n<meta name=\"twitter:card\" content=\"summary_large_image\" \/>\n<meta name=\"twitter:label1\" content=\"Est. reading time\" \/>\n\t<meta name=\"twitter:data1\" content=\"2 minutes\" \/>\n<script type=\"application\/ld+json\" class=\"yoast-schema-graph\">{\"@context\":\"https:\/\/schema.org\",\"@graph\":[{\"@type\":\"WebPage\",\"@id\":\"https:\/\/www.miomiorun.com\/fr\/produit\/speedgoat-6-femme\/\",\"url\":\"https:\/\/www.miomiorun.com\/fr\/produit\/speedgoat-6-femme\/\",\"name\":\"Hoka Speedgoat 6 femme - chaussures de trail - MioMioRun.com\",\"isPartOf\":{\"@id\":\"https:\/\/www.miomiorun.com\/fr\/#website\"},\"primaryImageOfPage\":{\"@id\":\"https:\/\/www.miomiorun.com\/fr\/produit\/speedgoat-6-femme\/#primaryimage\"},\"image\":{\"@id\":\"https:\/\/www.miomiorun.com\/fr\/produit\/speedgoat-6-femme\/#primaryimage\"},\"thumbnailUrl\":\"https:\/\/www.miomiorun.com\/app\/uploads\/2025\/05\/hoka-Speedgoat-6-W-feldspar-blue-twilight-1147811-FDS.webp\",\"datePublished\":\"2024-06-01T08:43:29+00:00\",\"dateModified\":\"2025-12-10T12:37:53+00:00\",\"description\":\"La Speedgoat 6 pour femme est con\u00e7ue pour dominer les sentiers gr\u00e2ce \u00e0 la combinaison de l'amorti HOKA \u00e9prouv\u00e9, d'une traction agressive et de mat\u00e9riaux ultral\u00e9gers.\",\"breadcrumb\":{\"@id\":\"https:\/\/www.miomiorun.com\/fr\/produit\/speedgoat-6-femme\/#breadcrumb\"},\"inLanguage\":\"fr-FR\",\"potentialAction\":[{\"@type\":\"ReadAction\",\"target\":[\"https:\/\/www.miomiorun.com\/fr\/produit\/speedgoat-6-femme\/\"]}]},{\"@type\":\"ImageObject\",\"inLanguage\":\"fr-FR\",\"@id\":\"https:\/\/www.miomiorun.com\/fr\/produit\/speedgoat-6-femme\/#primaryimage\",\"url\":\"https:\/\/www.miomiorun.com\/app\/uploads\/2025\/05\/hoka-Speedgoat-6-W-feldspar-blue-twilight-1147811-FDS.webp\",\"contentUrl\":\"https:\/\/www.miomiorun.com\/app\/uploads\/2025\/05\/hoka-Speedgoat-6-W-feldspar-blue-twilight-1147811-FDS.webp\",\"width\":600,\"height\":600,\"caption\":\"hoka Speedgoat 6 W feldspar blue twilight 1147811 FDS\"},{\"@type\":\"BreadcrumbList\",\"@id\":\"https:\/\/www.miomiorun.com\/fr\/produit\/speedgoat-6-femme\/#breadcrumb\",\"itemListElement\":[{\"@type\":\"ListItem\",\"position\":1,\"name\":\"Home\",\"item\":\"https:\/\/www.miomiorun.com\/fr\/home-page\/\"},{\"@type\":\"ListItem\",\"position\":2,\"name\":\"Shop\",\"item\":\"https:\/\/www.miomiorun.com\/shop\/\"},{\"@type\":\"ListItem\",\"position\":3,\"name\":\"Speedgoat 6 femme\"}]},{\"@type\":\"WebSite\",\"@id\":\"https:\/\/www.miomiorun.com\/fr\/#website\",\"url\":\"https:\/\/www.miomiorun.com\/fr\/\",\"name\":\"MioMioRun\",\"description\":\"Boutique 100% running et trail\",\"publisher\":{\"@id\":\"https:\/\/www.miomiorun.com\/fr\/#organization\"},\"potentialAction\":[{\"@type\":\"SearchAction\",\"target\":{\"@type\":\"EntryPoint\",\"urlTemplate\":\"https:\/\/www.miomiorun.com\/fr\/?s={search_term_string}\"},\"query-input\":{\"@type\":\"PropertyValueSpecification\",\"valueRequired\":true,\"valueName\":\"search_term_string\"}}],\"inLanguage\":\"fr-FR\"},{\"@type\":\"Organization\",\"@id\":\"https:\/\/www.miomiorun.com\/fr\/#organization\",\"name\":\"MioMio Run\",\"url\":\"https:\/\/www.miomiorun.com\/fr\/\",\"logo\":{\"@type\":\"ImageObject\",\"inLanguage\":\"fr-FR\",\"@id\":\"https:\/\/www.miomiorun.com\/fr\/#\/schema\/logo\/image\/\",\"url\":\"https:\/\/www.miomiorun.com\/app\/uploads\/2019\/12\/logomio.png\",\"contentUrl\":\"https:\/\/www.miomiorun.com\/app\/uploads\/2019\/12\/logomio.png\",\"width\":115,\"height\":82,\"caption\":\"MioMio Run\"},\"image\":{\"@id\":\"https:\/\/www.miomiorun.com\/fr\/#\/schema\/logo\/image\/\"},\"sameAs\":[\"https:\/\/www.facebook.com\/miomiorun\/\",\"https:\/\/www.instagram.com\/miomiorun\/\"]}]}<\/script>\n<!-- \/ Yoast SEO plugin. -->","yoast_head_json":{"title":"Hoka Speedgoat 6 femme - chaussures de trail - MioMioRun.com","description":"La Speedgoat 6 pour femme est con\u00e7ue pour dominer les sentiers gr\u00e2ce \u00e0 la combinaison de l'amorti HOKA \u00e9prouv\u00e9, d'une traction agressive et de mat\u00e9riaux ultral\u00e9gers.","robots":{"index":"index","follow":"follow","max-snippet":"max-snippet:-1","max-image-preview":"max-image-preview:large","max-video-preview":"max-video-preview:-1"},"canonical":"https:\/\/www.miomiorun.com\/fr\/produit\/speedgoat-6-femme\/","og_locale":"fr_FR","og_type":"article","og_title":"Hoka Speedgoat 6 femme - chaussures de trail - MioMioRun.com","og_description":"La Speedgoat 6 pour femme est con\u00e7ue pour dominer les sentiers gr\u00e2ce \u00e0 la combinaison de l'amorti HOKA \u00e9prouv\u00e9, d'une traction agressive et de mat\u00e9riaux ultral\u00e9gers.","og_url":"https:\/\/www.miomiorun.com\/fr\/produit\/speedgoat-6-femme\/","og_site_name":"MioMioRun","article_publisher":"https:\/\/www.facebook.com\/miomiorun\/","article_modified_time":"2025-12-10T12:37:53+00:00","og_image":[{"width":600,"height":600,"url":"https:\/\/www.miomiorun.com\/app\/uploads\/2025\/05\/hoka-Speedgoat-6-W-feldspar-blue-twilight-1147811-FDS.webp","type":"image\/webp"}],"twitter_card":"summary_large_image","twitter_misc":{"Est. reading time":"2 minutes"},"schema":{"@context":"https:\/\/schema.org","@graph":[{"@type":"WebPage","@id":"https:\/\/www.miomiorun.com\/fr\/produit\/speedgoat-6-femme\/","url":"https:\/\/www.miomiorun.com\/fr\/produit\/speedgoat-6-femme\/","name":"Hoka Speedgoat 6 femme - chaussures de trail - MioMioRun.com","isPartOf":{"@id":"https:\/\/www.miomiorun.com\/fr\/#website"},"primaryImageOfPage":{"@id":"https:\/\/www.miomiorun.com\/fr\/produit\/speedgoat-6-femme\/#primaryimage"},"image":{"@id":"https:\/\/www.miomiorun.com\/fr\/produit\/speedgoat-6-femme\/#primaryimage"},"thumbnailUrl":"https:\/\/www.miomiorun.com\/app\/uploads\/2025\/05\/hoka-Speedgoat-6-W-feldspar-blue-twilight-1147811-FDS.webp","datePublished":"2024-06-01T08:43:29+00:00","dateModified":"2025-12-10T12:37:53+00:00","description":"La Speedgoat 6 pour femme est con\u00e7ue pour dominer les sentiers gr\u00e2ce \u00e0 la combinaison de l'amorti HOKA \u00e9prouv\u00e9, d'une traction agressive et de mat\u00e9riaux ultral\u00e9gers.","breadcrumb":{"@id":"https:\/\/www.miomiorun.com\/fr\/produit\/speedgoat-6-femme\/#breadcrumb"},"inLanguage":"fr-FR","potentialAction":[{"@type":"ReadAction","target":["https:\/\/www.miomiorun.com\/fr\/produit\/speedgoat-6-femme\/"]}]},{"@type":"ImageObject","inLanguage":"fr-FR","@id":"https:\/\/www.miomiorun.com\/fr\/produit\/speedgoat-6-femme\/#primaryimage","url":"https:\/\/www.miomiorun.com\/app\/uploads\/2025\/05\/hoka-Speedgoat-6-W-feldspar-blue-twilight-1147811-FDS.webp","contentUrl":"https:\/\/www.miomiorun.com\/app\/uploads\/2025\/05\/hoka-Speedgoat-6-W-feldspar-blue-twilight-1147811-FDS.webp","width":600,"height":600,"caption":"hoka Speedgoat 6 W feldspar blue twilight 1147811 FDS"},{"@type":"BreadcrumbList","@id":"https:\/\/www.miomiorun.com\/fr\/produit\/speedgoat-6-femme\/#breadcrumb","itemListElement":[{"@type":"ListItem","position":1,"name":"Home","item":"https:\/\/www.miomiorun.com\/fr\/home-page\/"},{"@type":"ListItem","position":2,"name":"Shop","item":"https:\/\/www.miomiorun.com\/shop\/"},{"@type":"ListItem","position":3,"name":"Speedgoat 6 femme"}]},{"@type":"WebSite","@id":"https:\/\/www.miomiorun.com\/fr\/#website","url":"https:\/\/www.miomiorun.com\/fr\/","name":"MioMioRun","description":"Boutique 100% running et trail","publisher":{"@id":"https:\/\/www.miomiorun.com\/fr\/#organization"},"potentialAction":[{"@type":"SearchAction","target":{"@type":"EntryPoint","urlTemplate":"https:\/\/www.miomiorun.com\/fr\/?s={search_term_string}"},"query-input":{"@type":"PropertyValueSpecification","valueRequired":true,"valueName":"search_term_string"}}],"inLanguage":"fr-FR"},{"@type":"Organization","@id":"https:\/\/www.miomiorun.com\/fr\/#organization","name":"MioMio Run","url":"https:\/\/www.miomiorun.com\/fr\/","logo":{"@type":"ImageObject","inLanguage":"fr-FR","@id":"https:\/\/www.miomiorun.com\/fr\/#\/schema\/logo\/image\/","url":"https:\/\/www.miomiorun.com\/app\/uploads\/2019\/12\/logomio.png","contentUrl":"https:\/\/www.miomiorun.com\/app\/uploads\/2019\/12\/logomio.png","width":115,"height":82,"caption":"MioMio Run"},"image":{"@id":"https:\/\/www.miomiorun.com\/fr\/#\/schema\/logo\/image\/"},"sameAs":["https:\/\/www.facebook.com\/miomiorun\/","https:\/\/www.instagram.com\/miomiorun\/"]}]}},"_links":{"self":[{"href":"https:\/\/www.miomiorun.com\/fr\/wp-json\/wp\/v2\/product\/293000","targetHints":{"allow":["GET"]}}],"collection":[{"href":"https:\/\/www.miomiorun.com\/fr\/wp-json\/wp\/v2\/product"}],"about":[{"href":"https:\/\/www.miomiorun.com\/fr\/wp-json\/wp\/v2\/types\/product"}],"wp:featuredmedia":[{"embeddable":true,"href":"https:\/\/www.miomiorun.com\/fr\/wp-json\/wp\/v2\/media\/310801"}],"wp:attachment":[{"href":"https:\/\/www.miomiorun.com\/fr\/wp-json\/wp\/v2\/media?parent=293000"}],"wp:term":[{"taxonomy":"product_brand","embeddable":true,"href":"https:\/\/www.miomiorun.com\/fr\/wp-json\/wp\/v2\/product_brand?post=293000"},{"taxonomy":"product_cat","embeddable":true,"href":"https:\/\/www.miomiorun.com\/fr\/wp-json\/wp\/v2\/product_cat?post=293000"},{"taxonomy":"product_tag","embeddable":true,"href":"https:\/\/www.miomiorun.com\/fr\/wp-json\/wp\/v2\/product_tag?post=293000"}],"curies":[{"name":"wp","href":"https:\/\/api.w.org\/{rel}","templated":true}]}}