{"id":292998,"date":"2024-06-08T10:36:56","date_gmt":"2024-06-08T08:36:56","guid":{"rendered":"https:\/\/miomiorun.com\/prodotto\/event-logo-performance-t-shirt\/"},"modified":"2025-05-28T19:18:15","modified_gmt":"2025-05-28T17:18:15","slug":"event-logo-performance-t-shirt","status":"publish","type":"product","link":"https:\/\/www.miomiorun.com\/fr\/produit\/event-logo-performance-t-shirt\/","title":{"rendered":"Event Logo Performance T-Shirt"},"content":{"rendered":"<p>Un T-shirt limit\u00e9 et exclusif pour les Championnats d&#8217;Europe 2024. Si vous \u00eates un fan inconditionnel ou si vous aimez simplement le frisson de la comp\u00e9tition, ce T-shirt est l&#8217;accessoire indispensable pour montrer votre passion pour les championnats de cette ann\u00e9e \u00e0 Rome.<\/p>\n<p>Avec ses couleurs vives et son design dynamique, ce t-shirt refl\u00e8te l&#8217;esprit \u00e9lectrisant des Championnats d&#8217;Europe 2024.<\/p>\n<h3>Mati\u00e8re<\/h3>\n<p>&#8211; 100% polyester<br \/>\n&#8211; logo des Championnats d&#8217;Europe 2024<\/p>\n","protected":false},"excerpt":{"rendered":"<p>Un T-shirt limit\u00e9 et exclusif pour les Championnats d&#8217;Europe 2024. Si vous \u00eates un fan inconditionnel ou si vous aimez simplement le frisson de la comp\u00e9tition, ce T-shirt est l&#8217;accessoire indispensable pour montrer votre passion pour les championnats de cette ann\u00e9e \u00e0 Rome. Avec ses couleurs vives et son design dynamique, ce t-shirt refl\u00e8te l&#8217;esprit &hellip; <a href=\"https:\/\/www.miomiorun.com\/fr\/produit\/event-logo-performance-t-shirt\/\">Continued<\/a><\/p>\n","protected":false},"featured_media":247286,"template":"","meta":{"_acf_changed":false,"inline_featured_image":false},"product_brand":[],"product_cat":[22604,24449,22596,24482],"product_tag":[23474,23495,23602,23500],"class_list":{"0":"post-292998","1":"product","2":"type-product","3":"status-publish","4":"has-post-thumbnail","6":"product_cat-t-shirt","7":"product_cat-t-shirt-fr-3","8":"product_cat-vetements-pour-femmes","9":"product_cat-vetements-pour-hommes-fr","10":"product_tag-karhu-fr","11":"product_tag-karhu-femme","12":"product_tag-karhu-homme","13":"product_tag-roma-24-fr","14":"pa_attivita-marcher","15":"pa_attivita-running-fr","16":"pa_colore-t-shirt-european-athletics-roma-magenta-fr","17":"pa_colore-t-shirt-european-athletics-roma-white-fr","18":"pa_marca-karhu-fr","19":"pa_sesso-femme","20":"pa_sesso-homme","21":"pa_size-extra-small-fr","22":"pa_size-small-fr","23":"pa_size-medium-fr","24":"pa_size-large-fr","25":"pa_size-extra-large-fr","27":"first","28":"instock","29":"sale","30":"taxable","31":"shipping-taxable","32":"purchasable","33":"product-type-variable","34":"wvs-archive-product-wrapper"},"acf":[],"yoast_head":"<!-- This site is optimized with the Yoast SEO plugin v26.8 - https:\/\/yoast.com\/product\/yoast-seo-wordpress\/ -->\n<title>Karhu Event Logo Performance T-Shirt - T-shirt de course - MioMioRun<\/title>\n<meta name=\"description\" content=\"Un t-shirt limit\u00e9 et exclusif pour les Championnats d&#039;Europe 2024. Avec ses couleurs vives et son design dynamique, il capture l&#039;esprit des Championnats d&#039;Europe 2024.\" \/>\n<meta name=\"robots\" content=\"index, follow, max-snippet:-1, max-image-preview:large, max-video-preview:-1\" \/>\n<link rel=\"canonical\" href=\"https:\/\/www.miomiorun.com\/fr\/produit\/event-logo-performance-t-shirt\/\" \/>\n<meta property=\"og:locale\" content=\"fr_FR\" \/>\n<meta property=\"og:type\" content=\"article\" \/>\n<meta property=\"og:title\" content=\"Karhu Event Logo Performance T-Shirt - T-shirt de course - MioMioRun\" \/>\n<meta property=\"og:description\" content=\"Un t-shirt limit\u00e9 et exclusif pour les Championnats d&#039;Europe 2024. Avec ses couleurs vives et son design dynamique, il capture l&#039;esprit des Championnats d&#039;Europe 2024.\" \/>\n<meta property=\"og:url\" content=\"https:\/\/www.miomiorun.com\/fr\/produit\/event-logo-performance-t-shirt\/\" \/>\n<meta property=\"og:site_name\" content=\"MioMioRun\" \/>\n<meta property=\"article:publisher\" content=\"https:\/\/www.facebook.com\/miomiorun\/\" \/>\n<meta property=\"article:modified_time\" content=\"2025-05-28T17:18:15+00:00\" \/>\n<meta property=\"og:image\" content=\"https:\/\/www.miomiorun.com\/app\/uploads\/2024\/06\/karhu-T-shirt-European-Athletics-Roma-white-KP00600.0024.webp\" \/>\n\t<meta property=\"og:image:width\" content=\"600\" \/>\n\t<meta property=\"og:image:height\" content=\"600\" \/>\n\t<meta property=\"og:image:type\" content=\"image\/webp\" \/>\n<meta name=\"twitter:card\" content=\"summary_large_image\" \/>\n<script type=\"application\/ld+json\" class=\"yoast-schema-graph\">{\"@context\":\"https:\/\/schema.org\",\"@graph\":[{\"@type\":\"WebPage\",\"@id\":\"https:\/\/www.miomiorun.com\/fr\/produit\/event-logo-performance-t-shirt\/\",\"url\":\"https:\/\/www.miomiorun.com\/fr\/produit\/event-logo-performance-t-shirt\/\",\"name\":\"Karhu Event Logo Performance T-Shirt - T-shirt de course - MioMioRun\",\"isPartOf\":{\"@id\":\"https:\/\/www.miomiorun.com\/fr\/#website\"},\"primaryImageOfPage\":{\"@id\":\"https:\/\/www.miomiorun.com\/fr\/produit\/event-logo-performance-t-shirt\/#primaryimage\"},\"image\":{\"@id\":\"https:\/\/www.miomiorun.com\/fr\/produit\/event-logo-performance-t-shirt\/#primaryimage\"},\"thumbnailUrl\":\"https:\/\/www.miomiorun.com\/app\/uploads\/2024\/06\/karhu-T-shirt-European-Athletics-Roma-white-KP00600.0024.webp\",\"datePublished\":\"2024-06-08T08:36:56+00:00\",\"dateModified\":\"2025-05-28T17:18:15+00:00\",\"description\":\"Un t-shirt limit\u00e9 et exclusif pour les Championnats d'Europe 2024. Avec ses couleurs vives et son design dynamique, il capture l'esprit des Championnats d'Europe 2024.\",\"breadcrumb\":{\"@id\":\"https:\/\/www.miomiorun.com\/fr\/produit\/event-logo-performance-t-shirt\/#breadcrumb\"},\"inLanguage\":\"fr-FR\",\"potentialAction\":[{\"@type\":\"ReadAction\",\"target\":[\"https:\/\/www.miomiorun.com\/fr\/produit\/event-logo-performance-t-shirt\/\"]}]},{\"@type\":\"ImageObject\",\"inLanguage\":\"fr-FR\",\"@id\":\"https:\/\/www.miomiorun.com\/fr\/produit\/event-logo-performance-t-shirt\/#primaryimage\",\"url\":\"https:\/\/www.miomiorun.com\/app\/uploads\/2024\/06\/karhu-T-shirt-European-Athletics-Roma-white-KP00600.0024.webp\",\"contentUrl\":\"https:\/\/www.miomiorun.com\/app\/uploads\/2024\/06\/karhu-T-shirt-European-Athletics-Roma-white-KP00600.0024.webp\",\"width\":600,\"height\":600,\"caption\":\"karhu T-shirt European Athletics Roma white KP00600.0024\"},{\"@type\":\"BreadcrumbList\",\"@id\":\"https:\/\/www.miomiorun.com\/fr\/produit\/event-logo-performance-t-shirt\/#breadcrumb\",\"itemListElement\":[{\"@type\":\"ListItem\",\"position\":1,\"name\":\"Home\",\"item\":\"https:\/\/www.miomiorun.com\/fr\/home-page\/\"},{\"@type\":\"ListItem\",\"position\":2,\"name\":\"Shop\",\"item\":\"https:\/\/www.miomiorun.com\/shop\/\"},{\"@type\":\"ListItem\",\"position\":3,\"name\":\"Event Logo Performance T-Shirt\"}]},{\"@type\":\"WebSite\",\"@id\":\"https:\/\/www.miomiorun.com\/fr\/#website\",\"url\":\"https:\/\/www.miomiorun.com\/fr\/\",\"name\":\"MioMioRun\",\"description\":\"Boutique 100% running et trail\",\"publisher\":{\"@id\":\"https:\/\/www.miomiorun.com\/fr\/#organization\"},\"potentialAction\":[{\"@type\":\"SearchAction\",\"target\":{\"@type\":\"EntryPoint\",\"urlTemplate\":\"https:\/\/www.miomiorun.com\/fr\/?s={search_term_string}\"},\"query-input\":{\"@type\":\"PropertyValueSpecification\",\"valueRequired\":true,\"valueName\":\"search_term_string\"}}],\"inLanguage\":\"fr-FR\"},{\"@type\":\"Organization\",\"@id\":\"https:\/\/www.miomiorun.com\/fr\/#organization\",\"name\":\"MioMio Run\",\"url\":\"https:\/\/www.miomiorun.com\/fr\/\",\"logo\":{\"@type\":\"ImageObject\",\"inLanguage\":\"fr-FR\",\"@id\":\"https:\/\/www.miomiorun.com\/fr\/#\/schema\/logo\/image\/\",\"url\":\"https:\/\/www.miomiorun.com\/app\/uploads\/2019\/12\/logomio.png\",\"contentUrl\":\"https:\/\/www.miomiorun.com\/app\/uploads\/2019\/12\/logomio.png\",\"width\":115,\"height\":82,\"caption\":\"MioMio Run\"},\"image\":{\"@id\":\"https:\/\/www.miomiorun.com\/fr\/#\/schema\/logo\/image\/\"},\"sameAs\":[\"https:\/\/www.facebook.com\/miomiorun\/\",\"https:\/\/www.instagram.com\/miomiorun\/\"]}]}<\/script>\n<!-- \/ Yoast SEO plugin. -->","yoast_head_json":{"title":"Karhu Event Logo Performance T-Shirt - T-shirt de course - MioMioRun","description":"Un t-shirt limit\u00e9 et exclusif pour les Championnats d'Europe 2024. Avec ses couleurs vives et son design dynamique, il capture l'esprit des Championnats d'Europe 2024.","robots":{"index":"index","follow":"follow","max-snippet":"max-snippet:-1","max-image-preview":"max-image-preview:large","max-video-preview":"max-video-preview:-1"},"canonical":"https:\/\/www.miomiorun.com\/fr\/produit\/event-logo-performance-t-shirt\/","og_locale":"fr_FR","og_type":"article","og_title":"Karhu Event Logo Performance T-Shirt - T-shirt de course - MioMioRun","og_description":"Un t-shirt limit\u00e9 et exclusif pour les Championnats d'Europe 2024. Avec ses couleurs vives et son design dynamique, il capture l'esprit des Championnats d'Europe 2024.","og_url":"https:\/\/www.miomiorun.com\/fr\/produit\/event-logo-performance-t-shirt\/","og_site_name":"MioMioRun","article_publisher":"https:\/\/www.facebook.com\/miomiorun\/","article_modified_time":"2025-05-28T17:18:15+00:00","og_image":[{"width":600,"height":600,"url":"https:\/\/www.miomiorun.com\/app\/uploads\/2024\/06\/karhu-T-shirt-European-Athletics-Roma-white-KP00600.0024.webp","type":"image\/webp"}],"twitter_card":"summary_large_image","schema":{"@context":"https:\/\/schema.org","@graph":[{"@type":"WebPage","@id":"https:\/\/www.miomiorun.com\/fr\/produit\/event-logo-performance-t-shirt\/","url":"https:\/\/www.miomiorun.com\/fr\/produit\/event-logo-performance-t-shirt\/","name":"Karhu Event Logo Performance T-Shirt - T-shirt de course - MioMioRun","isPartOf":{"@id":"https:\/\/www.miomiorun.com\/fr\/#website"},"primaryImageOfPage":{"@id":"https:\/\/www.miomiorun.com\/fr\/produit\/event-logo-performance-t-shirt\/#primaryimage"},"image":{"@id":"https:\/\/www.miomiorun.com\/fr\/produit\/event-logo-performance-t-shirt\/#primaryimage"},"thumbnailUrl":"https:\/\/www.miomiorun.com\/app\/uploads\/2024\/06\/karhu-T-shirt-European-Athletics-Roma-white-KP00600.0024.webp","datePublished":"2024-06-08T08:36:56+00:00","dateModified":"2025-05-28T17:18:15+00:00","description":"Un t-shirt limit\u00e9 et exclusif pour les Championnats d'Europe 2024. Avec ses couleurs vives et son design dynamique, il capture l'esprit des Championnats d'Europe 2024.","breadcrumb":{"@id":"https:\/\/www.miomiorun.com\/fr\/produit\/event-logo-performance-t-shirt\/#breadcrumb"},"inLanguage":"fr-FR","potentialAction":[{"@type":"ReadAction","target":["https:\/\/www.miomiorun.com\/fr\/produit\/event-logo-performance-t-shirt\/"]}]},{"@type":"ImageObject","inLanguage":"fr-FR","@id":"https:\/\/www.miomiorun.com\/fr\/produit\/event-logo-performance-t-shirt\/#primaryimage","url":"https:\/\/www.miomiorun.com\/app\/uploads\/2024\/06\/karhu-T-shirt-European-Athletics-Roma-white-KP00600.0024.webp","contentUrl":"https:\/\/www.miomiorun.com\/app\/uploads\/2024\/06\/karhu-T-shirt-European-Athletics-Roma-white-KP00600.0024.webp","width":600,"height":600,"caption":"karhu T-shirt European Athletics Roma white KP00600.0024"},{"@type":"BreadcrumbList","@id":"https:\/\/www.miomiorun.com\/fr\/produit\/event-logo-performance-t-shirt\/#breadcrumb","itemListElement":[{"@type":"ListItem","position":1,"name":"Home","item":"https:\/\/www.miomiorun.com\/fr\/home-page\/"},{"@type":"ListItem","position":2,"name":"Shop","item":"https:\/\/www.miomiorun.com\/shop\/"},{"@type":"ListItem","position":3,"name":"Event Logo Performance T-Shirt"}]},{"@type":"WebSite","@id":"https:\/\/www.miomiorun.com\/fr\/#website","url":"https:\/\/www.miomiorun.com\/fr\/","name":"MioMioRun","description":"Boutique 100% running et trail","publisher":{"@id":"https:\/\/www.miomiorun.com\/fr\/#organization"},"potentialAction":[{"@type":"SearchAction","target":{"@type":"EntryPoint","urlTemplate":"https:\/\/www.miomiorun.com\/fr\/?s={search_term_string}"},"query-input":{"@type":"PropertyValueSpecification","valueRequired":true,"valueName":"search_term_string"}}],"inLanguage":"fr-FR"},{"@type":"Organization","@id":"https:\/\/www.miomiorun.com\/fr\/#organization","name":"MioMio Run","url":"https:\/\/www.miomiorun.com\/fr\/","logo":{"@type":"ImageObject","inLanguage":"fr-FR","@id":"https:\/\/www.miomiorun.com\/fr\/#\/schema\/logo\/image\/","url":"https:\/\/www.miomiorun.com\/app\/uploads\/2019\/12\/logomio.png","contentUrl":"https:\/\/www.miomiorun.com\/app\/uploads\/2019\/12\/logomio.png","width":115,"height":82,"caption":"MioMio Run"},"image":{"@id":"https:\/\/www.miomiorun.com\/fr\/#\/schema\/logo\/image\/"},"sameAs":["https:\/\/www.facebook.com\/miomiorun\/","https:\/\/www.instagram.com\/miomiorun\/"]}]}},"_links":{"self":[{"href":"https:\/\/www.miomiorun.com\/fr\/wp-json\/wp\/v2\/product\/292998","targetHints":{"allow":["GET"]}}],"collection":[{"href":"https:\/\/www.miomiorun.com\/fr\/wp-json\/wp\/v2\/product"}],"about":[{"href":"https:\/\/www.miomiorun.com\/fr\/wp-json\/wp\/v2\/types\/product"}],"wp:featuredmedia":[{"embeddable":true,"href":"https:\/\/www.miomiorun.com\/fr\/wp-json\/wp\/v2\/media\/247286"}],"wp:attachment":[{"href":"https:\/\/www.miomiorun.com\/fr\/wp-json\/wp\/v2\/media?parent=292998"}],"wp:term":[{"taxonomy":"product_brand","embeddable":true,"href":"https:\/\/www.miomiorun.com\/fr\/wp-json\/wp\/v2\/product_brand?post=292998"},{"taxonomy":"product_cat","embeddable":true,"href":"https:\/\/www.miomiorun.com\/fr\/wp-json\/wp\/v2\/product_cat?post=292998"},{"taxonomy":"product_tag","embeddable":true,"href":"https:\/\/www.miomiorun.com\/fr\/wp-json\/wp\/v2\/product_tag?post=292998"}],"curies":[{"name":"wp","href":"https:\/\/api.w.org\/{rel}","templated":true}]}}