{"id":292993,"date":"2024-06-08T10:54:09","date_gmt":"2024-06-08T08:54:09","guid":{"rendered":"https:\/\/miomiorun.com\/prodotto\/ludo-mascot-t-shirt\/"},"modified":"2025-05-28T19:23:36","modified_gmt":"2025-05-28T17:23:36","slug":"ludo-mascot-t-shirt","status":"publish","type":"product","link":"https:\/\/www.miomiorun.com\/fr\/produit\/ludo-mascot-t-shirt\/","title":{"rendered":"&#8220;Ludo&#8221; Mascot T\u2013Shirt"},"content":{"rendered":"<p>Entrez dans le monde de l&#8217;athl\u00e9tisme d&#8217;\u00e9lite avec Karhu, la marque finlandaise embl\u00e9matique et fier sponsor des Championnats d&#8217;Europe d&#8217;athl\u00e9tisme 2024. R\u00e9put\u00e9e pour sa tradition d&#8217;ing\u00e9nierie de pr\u00e9cision et de design innovant.<\/p>\n<p>Rejoignez-nous pour soutenir les athl\u00e8tes et inspirer la grandeur lors des Championnats d&#8217;Europe de cette ann\u00e9e \u00e0 Rome.<\/p>\n<p>Le T-shirt unisexe avec la mascotte &#8220;Ludo&#8221; &#8211; Championnats d&#8217;Europe 2024 est un T-shirt limit\u00e9 et exclusif pour les Championnats d&#8217;Europe 2024. Si vous \u00eates un fan inconditionnel ou si vous aimez simplement le frisson de la comp\u00e9tition, ce T-shirt est l&#8217;accessoire indispensable pour montrer votre passion pour les Championnats de cette ann\u00e9e \u00e0 Rome.<\/p>\n<p>&nbsp;<\/p>\n<h3>Mat\u00e9riaux :<\/h3>\n<p>&#8211; 100% coton jersey<br \/>\n&#8211; Poids 210 grammes<\/p>\n","protected":false},"excerpt":{"rendered":"<p>Entrez dans le monde de l&#8217;athl\u00e9tisme d&#8217;\u00e9lite avec Karhu, la marque finlandaise embl\u00e9matique et fier sponsor des Championnats d&#8217;Europe d&#8217;athl\u00e9tisme 2024. R\u00e9put\u00e9e pour sa tradition d&#8217;ing\u00e9nierie de pr\u00e9cision et de design innovant. Rejoignez-nous pour soutenir les athl\u00e8tes et inspirer la grandeur lors des Championnats d&#8217;Europe de cette ann\u00e9e \u00e0 Rome. Le T-shirt unisexe avec la &hellip; <a href=\"https:\/\/www.miomiorun.com\/fr\/produit\/ludo-mascot-t-shirt\/\">Continued<\/a><\/p>\n","protected":false},"featured_media":247288,"template":"","meta":{"_acf_changed":false,"inline_featured_image":false},"product_brand":[],"product_cat":[22604,24449,22596,24482],"product_tag":[23474,23495,23602,23500],"class_list":{"0":"post-292993","1":"product","2":"type-product","3":"status-publish","4":"has-post-thumbnail","6":"product_cat-t-shirt","7":"product_cat-t-shirt-fr-3","8":"product_cat-vetements-pour-femmes","9":"product_cat-vetements-pour-hommes-fr","10":"product_tag-karhu-fr","11":"product_tag-karhu-femme","12":"product_tag-karhu-homme","13":"product_tag-roma-24-fr","14":"pa_attivita-lifestyle-fr","15":"pa_marca-karhu-fr","16":"pa_sesso-femme","17":"pa_sesso-homme","18":"pa_size-extra-small-fr","19":"pa_size-small-fr","20":"pa_size-medium-fr","21":"pa_size-large-fr","22":"pa_size-extra-large-fr","24":"first","25":"instock","26":"sale","27":"taxable","28":"shipping-taxable","29":"purchasable","30":"product-type-variable","31":"wvs-archive-product-wrapper"},"acf":[],"yoast_head":"<!-- This site is optimized with the Yoast SEO plugin v26.8 - https:\/\/yoast.com\/product\/yoast-seo-wordpress\/ -->\n<title>Karhu &quot;Ludo&quot; Mascot T\u2013Shirt - T-shirt de course - MioMioRun<\/title>\n<meta name=\"description\" content=\"Le T-shirt unisexe avec la mascotte &quot;Ludo&quot; - Championnats d&#039;Europe 2024 est un T-shirt limit\u00e9 et exclusif pour les Championnats d&#039;Europe 2024.\" \/>\n<meta name=\"robots\" content=\"index, follow, max-snippet:-1, max-image-preview:large, max-video-preview:-1\" \/>\n<link rel=\"canonical\" href=\"https:\/\/www.miomiorun.com\/fr\/produit\/ludo-mascot-t-shirt\/\" \/>\n<meta property=\"og:locale\" content=\"fr_FR\" \/>\n<meta property=\"og:type\" content=\"article\" \/>\n<meta property=\"og:title\" content=\"Karhu &quot;Ludo&quot; Mascot T\u2013Shirt - T-shirt de course - MioMioRun\" \/>\n<meta property=\"og:description\" content=\"Le T-shirt unisexe avec la mascotte &quot;Ludo&quot; - Championnats d&#039;Europe 2024 est un T-shirt limit\u00e9 et exclusif pour les Championnats d&#039;Europe 2024.\" \/>\n<meta property=\"og:url\" content=\"https:\/\/www.miomiorun.com\/fr\/produit\/ludo-mascot-t-shirt\/\" \/>\n<meta property=\"og:site_name\" content=\"MioMioRun\" \/>\n<meta property=\"article:publisher\" content=\"https:\/\/www.facebook.com\/miomiorun\/\" \/>\n<meta property=\"article:modified_time\" content=\"2025-05-28T17:23:36+00:00\" \/>\n<meta property=\"og:image\" content=\"https:\/\/www.miomiorun.com\/app\/uploads\/2024\/06\/karhu-T-shirt-Mascotte-Roma-KP00616.webp\" \/>\n\t<meta property=\"og:image:width\" content=\"600\" \/>\n\t<meta property=\"og:image:height\" content=\"600\" \/>\n\t<meta property=\"og:image:type\" content=\"image\/webp\" \/>\n<meta name=\"twitter:card\" content=\"summary_large_image\" \/>\n<meta name=\"twitter:label1\" content=\"Est. reading time\" \/>\n\t<meta name=\"twitter:data1\" content=\"1 minute\" \/>\n<script type=\"application\/ld+json\" class=\"yoast-schema-graph\">{\"@context\":\"https:\/\/schema.org\",\"@graph\":[{\"@type\":\"WebPage\",\"@id\":\"https:\/\/www.miomiorun.com\/fr\/produit\/ludo-mascot-t-shirt\/\",\"url\":\"https:\/\/www.miomiorun.com\/fr\/produit\/ludo-mascot-t-shirt\/\",\"name\":\"Karhu \\\"Ludo\\\" Mascot T\u2013Shirt - T-shirt de course - MioMioRun\",\"isPartOf\":{\"@id\":\"https:\/\/www.miomiorun.com\/fr\/#website\"},\"primaryImageOfPage\":{\"@id\":\"https:\/\/www.miomiorun.com\/fr\/produit\/ludo-mascot-t-shirt\/#primaryimage\"},\"image\":{\"@id\":\"https:\/\/www.miomiorun.com\/fr\/produit\/ludo-mascot-t-shirt\/#primaryimage\"},\"thumbnailUrl\":\"https:\/\/www.miomiorun.com\/app\/uploads\/2024\/06\/karhu-T-shirt-Mascotte-Roma-KP00616.webp\",\"datePublished\":\"2024-06-08T08:54:09+00:00\",\"dateModified\":\"2025-05-28T17:23:36+00:00\",\"description\":\"Le T-shirt unisexe avec la mascotte \\\"Ludo\\\" - Championnats d'Europe 2024 est un T-shirt limit\u00e9 et exclusif pour les Championnats d'Europe 2024.\",\"breadcrumb\":{\"@id\":\"https:\/\/www.miomiorun.com\/fr\/produit\/ludo-mascot-t-shirt\/#breadcrumb\"},\"inLanguage\":\"fr-FR\",\"potentialAction\":[{\"@type\":\"ReadAction\",\"target\":[\"https:\/\/www.miomiorun.com\/fr\/produit\/ludo-mascot-t-shirt\/\"]}]},{\"@type\":\"ImageObject\",\"inLanguage\":\"fr-FR\",\"@id\":\"https:\/\/www.miomiorun.com\/fr\/produit\/ludo-mascot-t-shirt\/#primaryimage\",\"url\":\"https:\/\/www.miomiorun.com\/app\/uploads\/2024\/06\/karhu-T-shirt-Mascotte-Roma-KP00616.webp\",\"contentUrl\":\"https:\/\/www.miomiorun.com\/app\/uploads\/2024\/06\/karhu-T-shirt-Mascotte-Roma-KP00616.webp\",\"width\":600,\"height\":600,\"caption\":\"karhu T-shirt Mascotte Roma KP00616\"},{\"@type\":\"BreadcrumbList\",\"@id\":\"https:\/\/www.miomiorun.com\/fr\/produit\/ludo-mascot-t-shirt\/#breadcrumb\",\"itemListElement\":[{\"@type\":\"ListItem\",\"position\":1,\"name\":\"Home\",\"item\":\"https:\/\/www.miomiorun.com\/fr\/home-page\/\"},{\"@type\":\"ListItem\",\"position\":2,\"name\":\"Shop\",\"item\":\"https:\/\/www.miomiorun.com\/shop\/\"},{\"@type\":\"ListItem\",\"position\":3,\"name\":\"&#8220;Ludo&#8221; Mascot T\u2013Shirt\"}]},{\"@type\":\"WebSite\",\"@id\":\"https:\/\/www.miomiorun.com\/fr\/#website\",\"url\":\"https:\/\/www.miomiorun.com\/fr\/\",\"name\":\"MioMioRun\",\"description\":\"Boutique 100% running et trail\",\"publisher\":{\"@id\":\"https:\/\/www.miomiorun.com\/fr\/#organization\"},\"potentialAction\":[{\"@type\":\"SearchAction\",\"target\":{\"@type\":\"EntryPoint\",\"urlTemplate\":\"https:\/\/www.miomiorun.com\/fr\/?s={search_term_string}\"},\"query-input\":{\"@type\":\"PropertyValueSpecification\",\"valueRequired\":true,\"valueName\":\"search_term_string\"}}],\"inLanguage\":\"fr-FR\"},{\"@type\":\"Organization\",\"@id\":\"https:\/\/www.miomiorun.com\/fr\/#organization\",\"name\":\"MioMio Run\",\"url\":\"https:\/\/www.miomiorun.com\/fr\/\",\"logo\":{\"@type\":\"ImageObject\",\"inLanguage\":\"fr-FR\",\"@id\":\"https:\/\/www.miomiorun.com\/fr\/#\/schema\/logo\/image\/\",\"url\":\"https:\/\/www.miomiorun.com\/app\/uploads\/2019\/12\/logomio.png\",\"contentUrl\":\"https:\/\/www.miomiorun.com\/app\/uploads\/2019\/12\/logomio.png\",\"width\":115,\"height\":82,\"caption\":\"MioMio Run\"},\"image\":{\"@id\":\"https:\/\/www.miomiorun.com\/fr\/#\/schema\/logo\/image\/\"},\"sameAs\":[\"https:\/\/www.facebook.com\/miomiorun\/\",\"https:\/\/www.instagram.com\/miomiorun\/\"]}]}<\/script>\n<!-- \/ Yoast SEO plugin. -->","yoast_head_json":{"title":"Karhu \"Ludo\" Mascot T\u2013Shirt - T-shirt de course - MioMioRun","description":"Le T-shirt unisexe avec la mascotte \"Ludo\" - Championnats d'Europe 2024 est un T-shirt limit\u00e9 et exclusif pour les Championnats d'Europe 2024.","robots":{"index":"index","follow":"follow","max-snippet":"max-snippet:-1","max-image-preview":"max-image-preview:large","max-video-preview":"max-video-preview:-1"},"canonical":"https:\/\/www.miomiorun.com\/fr\/produit\/ludo-mascot-t-shirt\/","og_locale":"fr_FR","og_type":"article","og_title":"Karhu \"Ludo\" Mascot T\u2013Shirt - T-shirt de course - MioMioRun","og_description":"Le T-shirt unisexe avec la mascotte \"Ludo\" - Championnats d'Europe 2024 est un T-shirt limit\u00e9 et exclusif pour les Championnats d'Europe 2024.","og_url":"https:\/\/www.miomiorun.com\/fr\/produit\/ludo-mascot-t-shirt\/","og_site_name":"MioMioRun","article_publisher":"https:\/\/www.facebook.com\/miomiorun\/","article_modified_time":"2025-05-28T17:23:36+00:00","og_image":[{"width":600,"height":600,"url":"https:\/\/www.miomiorun.com\/app\/uploads\/2024\/06\/karhu-T-shirt-Mascotte-Roma-KP00616.webp","type":"image\/webp"}],"twitter_card":"summary_large_image","twitter_misc":{"Est. reading time":"1 minute"},"schema":{"@context":"https:\/\/schema.org","@graph":[{"@type":"WebPage","@id":"https:\/\/www.miomiorun.com\/fr\/produit\/ludo-mascot-t-shirt\/","url":"https:\/\/www.miomiorun.com\/fr\/produit\/ludo-mascot-t-shirt\/","name":"Karhu \"Ludo\" Mascot T\u2013Shirt - T-shirt de course - MioMioRun","isPartOf":{"@id":"https:\/\/www.miomiorun.com\/fr\/#website"},"primaryImageOfPage":{"@id":"https:\/\/www.miomiorun.com\/fr\/produit\/ludo-mascot-t-shirt\/#primaryimage"},"image":{"@id":"https:\/\/www.miomiorun.com\/fr\/produit\/ludo-mascot-t-shirt\/#primaryimage"},"thumbnailUrl":"https:\/\/www.miomiorun.com\/app\/uploads\/2024\/06\/karhu-T-shirt-Mascotte-Roma-KP00616.webp","datePublished":"2024-06-08T08:54:09+00:00","dateModified":"2025-05-28T17:23:36+00:00","description":"Le T-shirt unisexe avec la mascotte \"Ludo\" - Championnats d'Europe 2024 est un T-shirt limit\u00e9 et exclusif pour les Championnats d'Europe 2024.","breadcrumb":{"@id":"https:\/\/www.miomiorun.com\/fr\/produit\/ludo-mascot-t-shirt\/#breadcrumb"},"inLanguage":"fr-FR","potentialAction":[{"@type":"ReadAction","target":["https:\/\/www.miomiorun.com\/fr\/produit\/ludo-mascot-t-shirt\/"]}]},{"@type":"ImageObject","inLanguage":"fr-FR","@id":"https:\/\/www.miomiorun.com\/fr\/produit\/ludo-mascot-t-shirt\/#primaryimage","url":"https:\/\/www.miomiorun.com\/app\/uploads\/2024\/06\/karhu-T-shirt-Mascotte-Roma-KP00616.webp","contentUrl":"https:\/\/www.miomiorun.com\/app\/uploads\/2024\/06\/karhu-T-shirt-Mascotte-Roma-KP00616.webp","width":600,"height":600,"caption":"karhu T-shirt Mascotte Roma KP00616"},{"@type":"BreadcrumbList","@id":"https:\/\/www.miomiorun.com\/fr\/produit\/ludo-mascot-t-shirt\/#breadcrumb","itemListElement":[{"@type":"ListItem","position":1,"name":"Home","item":"https:\/\/www.miomiorun.com\/fr\/home-page\/"},{"@type":"ListItem","position":2,"name":"Shop","item":"https:\/\/www.miomiorun.com\/shop\/"},{"@type":"ListItem","position":3,"name":"&#8220;Ludo&#8221; Mascot T\u2013Shirt"}]},{"@type":"WebSite","@id":"https:\/\/www.miomiorun.com\/fr\/#website","url":"https:\/\/www.miomiorun.com\/fr\/","name":"MioMioRun","description":"Boutique 100% running et trail","publisher":{"@id":"https:\/\/www.miomiorun.com\/fr\/#organization"},"potentialAction":[{"@type":"SearchAction","target":{"@type":"EntryPoint","urlTemplate":"https:\/\/www.miomiorun.com\/fr\/?s={search_term_string}"},"query-input":{"@type":"PropertyValueSpecification","valueRequired":true,"valueName":"search_term_string"}}],"inLanguage":"fr-FR"},{"@type":"Organization","@id":"https:\/\/www.miomiorun.com\/fr\/#organization","name":"MioMio Run","url":"https:\/\/www.miomiorun.com\/fr\/","logo":{"@type":"ImageObject","inLanguage":"fr-FR","@id":"https:\/\/www.miomiorun.com\/fr\/#\/schema\/logo\/image\/","url":"https:\/\/www.miomiorun.com\/app\/uploads\/2019\/12\/logomio.png","contentUrl":"https:\/\/www.miomiorun.com\/app\/uploads\/2019\/12\/logomio.png","width":115,"height":82,"caption":"MioMio Run"},"image":{"@id":"https:\/\/www.miomiorun.com\/fr\/#\/schema\/logo\/image\/"},"sameAs":["https:\/\/www.facebook.com\/miomiorun\/","https:\/\/www.instagram.com\/miomiorun\/"]}]}},"_links":{"self":[{"href":"https:\/\/www.miomiorun.com\/fr\/wp-json\/wp\/v2\/product\/292993","targetHints":{"allow":["GET"]}}],"collection":[{"href":"https:\/\/www.miomiorun.com\/fr\/wp-json\/wp\/v2\/product"}],"about":[{"href":"https:\/\/www.miomiorun.com\/fr\/wp-json\/wp\/v2\/types\/product"}],"wp:featuredmedia":[{"embeddable":true,"href":"https:\/\/www.miomiorun.com\/fr\/wp-json\/wp\/v2\/media\/247288"}],"wp:attachment":[{"href":"https:\/\/www.miomiorun.com\/fr\/wp-json\/wp\/v2\/media?parent=292993"}],"wp:term":[{"taxonomy":"product_brand","embeddable":true,"href":"https:\/\/www.miomiorun.com\/fr\/wp-json\/wp\/v2\/product_brand?post=292993"},{"taxonomy":"product_cat","embeddable":true,"href":"https:\/\/www.miomiorun.com\/fr\/wp-json\/wp\/v2\/product_cat?post=292993"},{"taxonomy":"product_tag","embeddable":true,"href":"https:\/\/www.miomiorun.com\/fr\/wp-json\/wp\/v2\/product_tag?post=292993"}],"curies":[{"name":"wp","href":"https:\/\/api.w.org\/{rel}","templated":true}]}}