{"id":292705,"date":"2024-06-28T16:04:44","date_gmt":"2024-06-28T14:04:44","guid":{"rendered":"https:\/\/miomiorun.com\/prodotto\/cherry-blossom-maglietta-donna\/"},"modified":"2025-12-05T12:26:54","modified_gmt":"2025-12-05T11:26:54","slug":"cherry-blossom-t-shirt-femme","status":"publish","type":"product","link":"https:\/\/www.miomiorun.com\/fr\/produit\/cherry-blossom-t-shirt-femme\/","title":{"rendered":"Cherry Blossom T-shirt femme"},"content":{"rendered":"<h3 class=\"single-product-description\">Ce v\u00eatement sportif c\u00e9l\u00e8bre la d\u00e9licatesse et la beaut\u00e9 de la nature avec un motif inspir\u00e9 des bourgeons de cerisier. La couleur bleu clair du t-shirt \u00e9voque la s\u00e9r\u00e9nit\u00e9 du ciel printanier, tandis que le motif floral ajoute une touche de gr\u00e2ce. En portant ce t-shirt, vous emporterez avec vous l&#8217;essence du printemps et de la nature \u00e0 chaque pas, envelopp\u00e9 dans la beaut\u00e9 des bourgeons de cerisier en fleurs.<\/p>\n<h3 class=\"title-description\">Caract\u00e9ristiques<\/p>\n<div>\n<ul>\n<li dir=\"ltr\">Maillot technique, l\u00e9ger et respirant.\n<li dir=\"ltr\">Fabriqu\u00e9 en tissu Micromesh doux comme de la soie. <\/li>\n<li dir=\"ltr\">Son grammage le rend id\u00e9al pour les courses de trail et d&#8217;ultra-trail : respirant pour les moments les plus chauds, suffisamment couvrant par temps frais, il prot\u00e8ge les \u00e9paules des frottements \u00e9ventuels du sac \u00e0 dos. <\/li>\n<li dir=\"ltr\">Parfait \u00e9galement pour les entra\u00eenements urbains et hors saison*.<\/li>\n<li dir=\"ltr\">Coupe f\u00e9minine, taille europ\u00e9enne.<\/li>\n<li dir=\"ltr\">L&#8217;impression du motif est r\u00e9alis\u00e9e par sublimation : elle ne s&#8217;ab\u00eeme pas et ne se d\u00e9colore pas.<\/li>\n<\/li>\n<\/ul>\n<div class=\"istruzioni\">\n<h3>Instructions de lavage<\/h3>\n<div>\n<p>Les produits Wild Tee sont con\u00e7us pour durer, leur entretien est tr\u00e8s simple : laver \u00e0 l&#8217;envers, en machine, avec un programme pour v\u00eatements de sport, sans adoucissant, \u00e0 40 \u00b0C maximum, s\u00e9cher \u00e0 l&#8217;air libre.<\/p>\n<div class=\"tab-composizione \">\n<h3>Composition<\/h3>\n<div>100 % PES imprim\u00e9 par sublimation totale. 100 % recyclable. <\/div>\n<\/div>\n<\/div>\n<\/div>\n<\/div>\n<\/h3>\n<\/h3>\n","protected":false},"excerpt":{"rendered":"<ul>\n<li>T-shirt l\u00e9ger et respirant.<\/li>\n<li>Id\u00e9al pour l&#8217;entra\u00eenement.<\/li>\n<\/ul>\n","protected":false},"featured_media":247432,"template":"","meta":{"_acf_changed":false,"inline_featured_image":false},"product_brand":[],"product_cat":[22604,22596,22595],"product_tag":[23528,23568],"class_list":{"0":"post-292705","1":"product","2":"type-product","3":"status-publish","4":"has-post-thumbnail","6":"product_cat-t-shirt","7":"product_cat-vetements-pour-femmes","8":"product_cat-femme","9":"product_tag-wild-tee-fr","10":"product_tag-wild-tee-femme","11":"pa_attivita-fitness-fr","12":"pa_attivita-marcher","13":"pa_marca-wild-tee-fr","14":"pa_sesso-femme","15":"pa_size-extra-small-fr","16":"pa_size-medium-fr","18":"first","19":"instock","20":"sale","21":"taxable","22":"shipping-taxable","23":"purchasable","24":"product-type-variable","25":"wvs-archive-product-wrapper"},"acf":[],"yoast_head":"<!-- This site is optimized with the Yoast SEO plugin v26.8 - https:\/\/yoast.com\/product\/yoast-seo-wordpress\/ -->\n<title>Wild Tee Cherry Blossom T-shirt femme - T-shirt de course \u00e0 pied - MioMioRun<\/title>\n<meta name=\"description\" content=\"Maillot technique, l\u00e9ger et respirant. Fabriqu\u00e9 en tissu Micromesh doux comme de la soie. Son grammage le rend id\u00e9al pour les courses de trail et d&#039;ultra-trail.\" \/>\n<meta name=\"robots\" content=\"index, follow, max-snippet:-1, max-image-preview:large, max-video-preview:-1\" \/>\n<link rel=\"canonical\" href=\"https:\/\/www.miomiorun.com\/fr\/produit\/cherry-blossom-t-shirt-femme\/\" \/>\n<meta property=\"og:locale\" content=\"fr_FR\" \/>\n<meta property=\"og:type\" content=\"article\" \/>\n<meta property=\"og:title\" content=\"Wild Tee Cherry Blossom T-shirt femme - T-shirt de course \u00e0 pied - MioMioRun\" \/>\n<meta property=\"og:description\" content=\"Maillot technique, l\u00e9ger et respirant. Fabriqu\u00e9 en tissu Micromesh doux comme de la soie. Son grammage le rend id\u00e9al pour les courses de trail et d&#039;ultra-trail.\" \/>\n<meta property=\"og:url\" content=\"https:\/\/www.miomiorun.com\/fr\/produit\/cherry-blossom-t-shirt-femme\/\" \/>\n<meta property=\"og:site_name\" content=\"MioMioRun\" \/>\n<meta property=\"article:publisher\" content=\"https:\/\/www.facebook.com\/miomiorun\/\" \/>\n<meta property=\"article:modified_time\" content=\"2025-12-05T11:26:54+00:00\" \/>\n<meta property=\"og:image\" content=\"https:\/\/www.miomiorun.com\/app\/uploads\/2024\/06\/wild-tee-Cherry-blossom-maglietta-W-WT020WT179.webp\" \/>\n\t<meta property=\"og:image:width\" content=\"600\" \/>\n\t<meta property=\"og:image:height\" content=\"600\" \/>\n\t<meta property=\"og:image:type\" content=\"image\/webp\" \/>\n<meta name=\"twitter:card\" content=\"summary_large_image\" \/>\n<meta name=\"twitter:label1\" content=\"Est. reading time\" \/>\n\t<meta name=\"twitter:data1\" content=\"1 minute\" \/>\n<script type=\"application\/ld+json\" class=\"yoast-schema-graph\">{\"@context\":\"https:\/\/schema.org\",\"@graph\":[{\"@type\":\"WebPage\",\"@id\":\"https:\/\/www.miomiorun.com\/fr\/produit\/cherry-blossom-t-shirt-femme\/\",\"url\":\"https:\/\/www.miomiorun.com\/fr\/produit\/cherry-blossom-t-shirt-femme\/\",\"name\":\"Wild Tee Cherry Blossom T-shirt femme - T-shirt de course \u00e0 pied - MioMioRun\",\"isPartOf\":{\"@id\":\"https:\/\/www.miomiorun.com\/fr\/#website\"},\"primaryImageOfPage\":{\"@id\":\"https:\/\/www.miomiorun.com\/fr\/produit\/cherry-blossom-t-shirt-femme\/#primaryimage\"},\"image\":{\"@id\":\"https:\/\/www.miomiorun.com\/fr\/produit\/cherry-blossom-t-shirt-femme\/#primaryimage\"},\"thumbnailUrl\":\"https:\/\/www.miomiorun.com\/app\/uploads\/2024\/06\/wild-tee-Cherry-blossom-maglietta-W-WT020WT179.webp\",\"datePublished\":\"2024-06-28T14:04:44+00:00\",\"dateModified\":\"2025-12-05T11:26:54+00:00\",\"description\":\"Maillot technique, l\u00e9ger et respirant. Fabriqu\u00e9 en tissu Micromesh doux comme de la soie. Son grammage le rend id\u00e9al pour les courses de trail et d'ultra-trail.\",\"breadcrumb\":{\"@id\":\"https:\/\/www.miomiorun.com\/fr\/produit\/cherry-blossom-t-shirt-femme\/#breadcrumb\"},\"inLanguage\":\"fr-FR\",\"potentialAction\":[{\"@type\":\"ReadAction\",\"target\":[\"https:\/\/www.miomiorun.com\/fr\/produit\/cherry-blossom-t-shirt-femme\/\"]}]},{\"@type\":\"ImageObject\",\"inLanguage\":\"fr-FR\",\"@id\":\"https:\/\/www.miomiorun.com\/fr\/produit\/cherry-blossom-t-shirt-femme\/#primaryimage\",\"url\":\"https:\/\/www.miomiorun.com\/app\/uploads\/2024\/06\/wild-tee-Cherry-blossom-maglietta-W-WT020WT179.webp\",\"contentUrl\":\"https:\/\/www.miomiorun.com\/app\/uploads\/2024\/06\/wild-tee-Cherry-blossom-maglietta-W-WT020WT179.webp\",\"width\":600,\"height\":600,\"caption\":\"wild tee Cherry blossom maglietta W WT020WT179\"},{\"@type\":\"BreadcrumbList\",\"@id\":\"https:\/\/www.miomiorun.com\/fr\/produit\/cherry-blossom-t-shirt-femme\/#breadcrumb\",\"itemListElement\":[{\"@type\":\"ListItem\",\"position\":1,\"name\":\"Home\",\"item\":\"https:\/\/www.miomiorun.com\/fr\/home-page\/\"},{\"@type\":\"ListItem\",\"position\":2,\"name\":\"Shop\",\"item\":\"https:\/\/www.miomiorun.com\/shop\/\"},{\"@type\":\"ListItem\",\"position\":3,\"name\":\"Cherry Blossom T-shirt femme\"}]},{\"@type\":\"WebSite\",\"@id\":\"https:\/\/www.miomiorun.com\/fr\/#website\",\"url\":\"https:\/\/www.miomiorun.com\/fr\/\",\"name\":\"MioMioRun\",\"description\":\"Boutique 100% running et trail\",\"publisher\":{\"@id\":\"https:\/\/www.miomiorun.com\/fr\/#organization\"},\"potentialAction\":[{\"@type\":\"SearchAction\",\"target\":{\"@type\":\"EntryPoint\",\"urlTemplate\":\"https:\/\/www.miomiorun.com\/fr\/?s={search_term_string}\"},\"query-input\":{\"@type\":\"PropertyValueSpecification\",\"valueRequired\":true,\"valueName\":\"search_term_string\"}}],\"inLanguage\":\"fr-FR\"},{\"@type\":\"Organization\",\"@id\":\"https:\/\/www.miomiorun.com\/fr\/#organization\",\"name\":\"MioMio Run\",\"url\":\"https:\/\/www.miomiorun.com\/fr\/\",\"logo\":{\"@type\":\"ImageObject\",\"inLanguage\":\"fr-FR\",\"@id\":\"https:\/\/www.miomiorun.com\/fr\/#\/schema\/logo\/image\/\",\"url\":\"https:\/\/www.miomiorun.com\/app\/uploads\/2019\/12\/logomio.png\",\"contentUrl\":\"https:\/\/www.miomiorun.com\/app\/uploads\/2019\/12\/logomio.png\",\"width\":115,\"height\":82,\"caption\":\"MioMio Run\"},\"image\":{\"@id\":\"https:\/\/www.miomiorun.com\/fr\/#\/schema\/logo\/image\/\"},\"sameAs\":[\"https:\/\/www.facebook.com\/miomiorun\/\",\"https:\/\/www.instagram.com\/miomiorun\/\"]}]}<\/script>\n<!-- \/ Yoast SEO plugin. -->","yoast_head_json":{"title":"Wild Tee Cherry Blossom T-shirt femme - T-shirt de course \u00e0 pied - MioMioRun","description":"Maillot technique, l\u00e9ger et respirant. Fabriqu\u00e9 en tissu Micromesh doux comme de la soie. Son grammage le rend id\u00e9al pour les courses de trail et d'ultra-trail.","robots":{"index":"index","follow":"follow","max-snippet":"max-snippet:-1","max-image-preview":"max-image-preview:large","max-video-preview":"max-video-preview:-1"},"canonical":"https:\/\/www.miomiorun.com\/fr\/produit\/cherry-blossom-t-shirt-femme\/","og_locale":"fr_FR","og_type":"article","og_title":"Wild Tee Cherry Blossom T-shirt femme - T-shirt de course \u00e0 pied - MioMioRun","og_description":"Maillot technique, l\u00e9ger et respirant. Fabriqu\u00e9 en tissu Micromesh doux comme de la soie. Son grammage le rend id\u00e9al pour les courses de trail et d'ultra-trail.","og_url":"https:\/\/www.miomiorun.com\/fr\/produit\/cherry-blossom-t-shirt-femme\/","og_site_name":"MioMioRun","article_publisher":"https:\/\/www.facebook.com\/miomiorun\/","article_modified_time":"2025-12-05T11:26:54+00:00","og_image":[{"width":600,"height":600,"url":"https:\/\/www.miomiorun.com\/app\/uploads\/2024\/06\/wild-tee-Cherry-blossom-maglietta-W-WT020WT179.webp","type":"image\/webp"}],"twitter_card":"summary_large_image","twitter_misc":{"Est. reading time":"1 minute"},"schema":{"@context":"https:\/\/schema.org","@graph":[{"@type":"WebPage","@id":"https:\/\/www.miomiorun.com\/fr\/produit\/cherry-blossom-t-shirt-femme\/","url":"https:\/\/www.miomiorun.com\/fr\/produit\/cherry-blossom-t-shirt-femme\/","name":"Wild Tee Cherry Blossom T-shirt femme - T-shirt de course \u00e0 pied - MioMioRun","isPartOf":{"@id":"https:\/\/www.miomiorun.com\/fr\/#website"},"primaryImageOfPage":{"@id":"https:\/\/www.miomiorun.com\/fr\/produit\/cherry-blossom-t-shirt-femme\/#primaryimage"},"image":{"@id":"https:\/\/www.miomiorun.com\/fr\/produit\/cherry-blossom-t-shirt-femme\/#primaryimage"},"thumbnailUrl":"https:\/\/www.miomiorun.com\/app\/uploads\/2024\/06\/wild-tee-Cherry-blossom-maglietta-W-WT020WT179.webp","datePublished":"2024-06-28T14:04:44+00:00","dateModified":"2025-12-05T11:26:54+00:00","description":"Maillot technique, l\u00e9ger et respirant. Fabriqu\u00e9 en tissu Micromesh doux comme de la soie. Son grammage le rend id\u00e9al pour les courses de trail et d'ultra-trail.","breadcrumb":{"@id":"https:\/\/www.miomiorun.com\/fr\/produit\/cherry-blossom-t-shirt-femme\/#breadcrumb"},"inLanguage":"fr-FR","potentialAction":[{"@type":"ReadAction","target":["https:\/\/www.miomiorun.com\/fr\/produit\/cherry-blossom-t-shirt-femme\/"]}]},{"@type":"ImageObject","inLanguage":"fr-FR","@id":"https:\/\/www.miomiorun.com\/fr\/produit\/cherry-blossom-t-shirt-femme\/#primaryimage","url":"https:\/\/www.miomiorun.com\/app\/uploads\/2024\/06\/wild-tee-Cherry-blossom-maglietta-W-WT020WT179.webp","contentUrl":"https:\/\/www.miomiorun.com\/app\/uploads\/2024\/06\/wild-tee-Cherry-blossom-maglietta-W-WT020WT179.webp","width":600,"height":600,"caption":"wild tee Cherry blossom maglietta W WT020WT179"},{"@type":"BreadcrumbList","@id":"https:\/\/www.miomiorun.com\/fr\/produit\/cherry-blossom-t-shirt-femme\/#breadcrumb","itemListElement":[{"@type":"ListItem","position":1,"name":"Home","item":"https:\/\/www.miomiorun.com\/fr\/home-page\/"},{"@type":"ListItem","position":2,"name":"Shop","item":"https:\/\/www.miomiorun.com\/shop\/"},{"@type":"ListItem","position":3,"name":"Cherry Blossom T-shirt femme"}]},{"@type":"WebSite","@id":"https:\/\/www.miomiorun.com\/fr\/#website","url":"https:\/\/www.miomiorun.com\/fr\/","name":"MioMioRun","description":"Boutique 100% running et trail","publisher":{"@id":"https:\/\/www.miomiorun.com\/fr\/#organization"},"potentialAction":[{"@type":"SearchAction","target":{"@type":"EntryPoint","urlTemplate":"https:\/\/www.miomiorun.com\/fr\/?s={search_term_string}"},"query-input":{"@type":"PropertyValueSpecification","valueRequired":true,"valueName":"search_term_string"}}],"inLanguage":"fr-FR"},{"@type":"Organization","@id":"https:\/\/www.miomiorun.com\/fr\/#organization","name":"MioMio Run","url":"https:\/\/www.miomiorun.com\/fr\/","logo":{"@type":"ImageObject","inLanguage":"fr-FR","@id":"https:\/\/www.miomiorun.com\/fr\/#\/schema\/logo\/image\/","url":"https:\/\/www.miomiorun.com\/app\/uploads\/2019\/12\/logomio.png","contentUrl":"https:\/\/www.miomiorun.com\/app\/uploads\/2019\/12\/logomio.png","width":115,"height":82,"caption":"MioMio Run"},"image":{"@id":"https:\/\/www.miomiorun.com\/fr\/#\/schema\/logo\/image\/"},"sameAs":["https:\/\/www.facebook.com\/miomiorun\/","https:\/\/www.instagram.com\/miomiorun\/"]}]}},"_links":{"self":[{"href":"https:\/\/www.miomiorun.com\/fr\/wp-json\/wp\/v2\/product\/292705","targetHints":{"allow":["GET"]}}],"collection":[{"href":"https:\/\/www.miomiorun.com\/fr\/wp-json\/wp\/v2\/product"}],"about":[{"href":"https:\/\/www.miomiorun.com\/fr\/wp-json\/wp\/v2\/types\/product"}],"wp:featuredmedia":[{"embeddable":true,"href":"https:\/\/www.miomiorun.com\/fr\/wp-json\/wp\/v2\/media\/247432"}],"wp:attachment":[{"href":"https:\/\/www.miomiorun.com\/fr\/wp-json\/wp\/v2\/media?parent=292705"}],"wp:term":[{"taxonomy":"product_brand","embeddable":true,"href":"https:\/\/www.miomiorun.com\/fr\/wp-json\/wp\/v2\/product_brand?post=292705"},{"taxonomy":"product_cat","embeddable":true,"href":"https:\/\/www.miomiorun.com\/fr\/wp-json\/wp\/v2\/product_cat?post=292705"},{"taxonomy":"product_tag","embeddable":true,"href":"https:\/\/www.miomiorun.com\/fr\/wp-json\/wp\/v2\/product_tag?post=292705"}],"curies":[{"name":"wp","href":"https:\/\/api.w.org\/{rel}","templated":true}]}}