{"id":292694,"date":"2024-07-03T17:27:04","date_gmt":"2024-07-03T15:27:04","guid":{"rendered":"https:\/\/miomiorun.com\/prodotto\/skyflow-uomo\/"},"modified":"2025-12-06T19:04:08","modified_gmt":"2025-12-06T18:04:08","slug":"skyflow-homme","status":"publish","type":"product","link":"https:\/\/www.miomiorun.com\/fr\/produit\/skyflow-homme\/","title":{"rendered":"Skyflow homme"},"content":{"rendered":"<div class=\"vc-row container\"><div class=\"vc-column\"><div class=\"vc-column-text\"><\/p>\n<h4>Caract\u00e9ristiques techniques<\/h4>\n<p>Cat\u00e9gorie : Amorti structur\u00e9<br \/>\nD\u00e9calage : 5 mm<br \/>\nPoids : 280 g<br \/>\nId\u00e9al pour : les coureurs et les marcheurs \u00e0 foul\u00e9e neutre \u00e0 la recherche d&#8217;un mod\u00e8le parfaitement amorti et confortable, capable de neutraliser les impacts avec le sol, pour les courses et les marches de moyenne et longue distance.<br \/>\nPoids de l&#8217;athl\u00e8te : 70-80 kg<br \/>\nAllure de course : moyenne (5-6 min\/km)<br \/>\n<a href=\"https:\/\/miomiorun.com\/fr\/guide-des-specificites\/\">Guide des sp\u00e9cifications techniques<\/a><\/p>\n<p><\/div><\/div><div class=\"vc-column\"><div class=\"vc-column-text\"><strong>Une course quotidienne de niveau sup\u00e9rieur<\/strong><\/p>\n<p>Con\u00e7ue pour am\u00e9liorer la course quotidienne, la version masculine de la <strong>Skyflow<\/strong> combine la forme exceptionnelle inspir\u00e9e de la Skyward X et des compos\u00e9s de mousse avanc\u00e9s, offrant une approche innovante pour les kilom\u00e8tres parcourus chaque jour. L&#8217;EVA appliqu\u00e9 selon un proc\u00e9d\u00e9 innovant offre une exp\u00e9rience extr\u00eamement souple et r\u00e9active, tandis que le soutien concentr\u00e9 sur le talon de l&#8217;Active Foot Frame\u2122 enveloppe le pied et que la fluidit\u00e9 du MetaRocker\u2122 au niveau de l&#8217;avant-pied facilite la foul\u00e9e. Cette chaussure, caract\u00e9ris\u00e9e par une tige fine et une semelle extr\u00eamement r\u00e9sistante, red\u00e9finit le concept de la course quotidienne.<\/p>\n<p><strong>Caract\u00e9ristiques :<\/strong><\/p>\n<ul class=\"features-container\">\n<li class=\"feature-item\">Col fin<\/li>\n<li class=\"feature-item\">Tige en creel jacquard<\/li>\n<li class=\"feature-item\">Languette \u00e0 double soufflet<\/li>\n<li class=\"feature-item\">D\u00e9tails r\u00e9fl\u00e9chissants<\/li>\n<li class=\"feature-item\">Semelle interm\u00e9diaire en EVA appliqu\u00e9e selon un proc\u00e9d\u00e9 innovant<\/li>\n<li class=\"feature-item\">Active Foot Frame\u2122 concentr\u00e9 sur le talon<\/li>\n<li class=\"feature-item\">MetaRocker\u2122 pr\u00e8s du cou-de-pied<\/li>\n<li class=\"feature-item\">\u00c9l\u00e9ments asym\u00e9triques de la semelle interm\u00e9diaire<\/li>\n<li class=\"feature-item\">Semelle ext\u00e9rieure avec disposition modulaire des \u00e9l\u00e9ments hautement r\u00e9sistants \u00e0 l&#8217;abrasion<\/li>\n<\/ul>\n<p>&nbsp;<\/p>\n<h2 class=\"card-title mb-3\"><span title=\"\" data-toggle=\"tooltip\" data-placement=\"bottom\" data-title=\"Alcune scarpe hanno un supporto integrato superiore, pensato per gli iperpronatori; altre sono in minima parte ortopediche, progettate per garantire ammortizzazione senza ostacolarti.\" data-original-title=\"\"> <span class=\"techspec-bar-title\">Stabilit\u00e9<\/span><\/span><\/h2>\n<p class=\"card-title mb-3\"><span title=\"\" data-toggle=\"tooltip\" data-placement=\"bottom\" data-title=\"Alcune scarpe hanno un supporto integrato superiore, pensato per gli iperpronatori; altre sono in minima parte ortopediche, progettate per garantire ammortizzazione senza ostacolarti.\" data-original-title=\"\"><span class=\"techspec-bar-title\"><br \/>\nSkyflow est dot\u00e9e d&#8217;un lit amortissant sym\u00e9trique, sans technologies orthop\u00e9diques suppl\u00e9mentaires. Con\u00e7ue pour vous offrir le soutien dont vous avez besoin, sans caract\u00e9ristiques superflues. <\/span><\/span><\/p>\n<p>&nbsp;<\/p>\n<h2 class=\"card-title mb-3\"><span title=\"\" data-toggle=\"tooltip\" data-placement=\"bottom\" data-title=\"Tutte le nostre calzature presentano un\u2019intersuola ammortizzata, progettata per ridurre l\u2019impatto e garantire supporto. La quantit\u00e0 di ammortizzazione e quanto sia compatta o morbida varia da modello a modello.\" data-original-title=\"\"> <span class=\"techspec-bar-title\">Amorti<\/span><\/span><\/h2>\n<p class=\"tech-spec-product-msg active\">Skyflow est con\u00e7u pour offrir un amorti protecteur, tout en conservant une pouss\u00e9e r\u00e9active lorsque vous souhaitez augmenter votre vitesse. <\/p>\n<p><\/div><\/div><\/div>\n","protected":false},"excerpt":{"rendered":"<ul class=\"features-container\">\n<li class=\"feature-item\">Languette \u00e0 soufflet.<\/li>\n<li class=\"feature-item\">Semelle interm\u00e9diaire en mousse EVA appliqu\u00e9e selon un proc\u00e9d\u00e9 innovant.<\/li>\n<li class=\"feature-item\">Id\u00e9ale pour la course \u00e0 pied quotidienne et la marche.<\/li>\n<\/ul>\n","protected":false},"featured_media":394909,"template":"","meta":{"_acf_changed":false,"inline_featured_image":false},"product_brand":[],"product_cat":[24448,24447],"product_tag":[23478,23604],"class_list":{"0":"post-292694","1":"product","2":"type-product","3":"status-publish","4":"has-post-thumbnail","6":"product_cat-chaussures-pour-hommes-fr","7":"product_cat-neutre-fr-3","8":"product_tag-hoka-one-one-fr","9":"product_tag-hoka-homme","10":"pa_attivita-marcher","11":"pa_attivita-running-fr","12":"pa_colore-skyflow-black-white-fr","13":"pa_colore-skyflow-frost-cosmic-grey-fr","14":"pa_colore-skyflow-midnight-blue-night-sky-fr","15":"pa_colore-skyflow-midnight-blue-varsity-navy","16":"pa_colore-skyflow-sunlight-neon-yuzu","17":"pa_marca-hoka-fr","18":"pa_sesso-homme","19":"pa_size-41-fr","20":"pa_size-42-fr","21":"pa_size-43-fr","22":"pa_size-44-fr","24":"pa_size-45-fr","25":"pa_size-46-fr","28":"first","29":"instock","30":"sale","31":"taxable","32":"shipping-taxable","33":"purchasable","34":"product-type-variable","35":"wvs-archive-product-wrapper"},"acf":[],"yoast_head":"<!-- This site is optimized with the Yoast SEO plugin v26.8 - https:\/\/yoast.com\/product\/yoast-seo-wordpress\/ -->\n<title>Hoka Skyflow homme - chaussures de course - MioMioRun.com<\/title>\n<meta name=\"description\" content=\"Skyflow est con\u00e7u pour offrir un amorti protecteur tout en conservant une pouss\u00e9e r\u00e9active lorsque vous souhaitez augmenter votre vitesse.\" \/>\n<meta name=\"robots\" content=\"index, follow, max-snippet:-1, max-image-preview:large, max-video-preview:-1\" \/>\n<link rel=\"canonical\" href=\"https:\/\/www.miomiorun.com\/fr\/produit\/skyflow-homme\/\" \/>\n<meta property=\"og:locale\" content=\"fr_FR\" \/>\n<meta property=\"og:type\" content=\"article\" \/>\n<meta property=\"og:title\" content=\"Hoka Skyflow homme - chaussures de course - MioMioRun.com\" \/>\n<meta property=\"og:description\" content=\"Skyflow est con\u00e7u pour offrir un amorti protecteur tout en conservant une pouss\u00e9e r\u00e9active lorsque vous souhaitez augmenter votre vitesse.\" \/>\n<meta property=\"og:url\" content=\"https:\/\/www.miomiorun.com\/fr\/produit\/skyflow-homme\/\" \/>\n<meta property=\"og:site_name\" content=\"MioMioRun\" \/>\n<meta property=\"article:publisher\" content=\"https:\/\/www.facebook.com\/miomiorun\/\" \/>\n<meta property=\"article:modified_time\" content=\"2025-12-06T18:04:08+00:00\" \/>\n<meta property=\"og:image\" content=\"https:\/\/www.miomiorun.com\/app\/uploads\/2026\/02\/hoka-Skyflow-sunlight-neon-yuzu-1155111-SYZ.webp\" \/>\n\t<meta property=\"og:image:width\" content=\"720\" \/>\n\t<meta property=\"og:image:height\" content=\"720\" \/>\n\t<meta property=\"og:image:type\" content=\"image\/webp\" \/>\n<meta name=\"twitter:card\" content=\"summary_large_image\" \/>\n<meta name=\"twitter:label1\" content=\"Est. reading time\" \/>\n\t<meta name=\"twitter:data1\" content=\"2 minutes\" \/>\n<script type=\"application\/ld+json\" class=\"yoast-schema-graph\">{\"@context\":\"https:\/\/schema.org\",\"@graph\":[{\"@type\":\"WebPage\",\"@id\":\"https:\/\/www.miomiorun.com\/fr\/produit\/skyflow-homme\/\",\"url\":\"https:\/\/www.miomiorun.com\/fr\/produit\/skyflow-homme\/\",\"name\":\"Hoka Skyflow homme - chaussures de course - MioMioRun.com\",\"isPartOf\":{\"@id\":\"https:\/\/www.miomiorun.com\/fr\/#website\"},\"primaryImageOfPage\":{\"@id\":\"https:\/\/www.miomiorun.com\/fr\/produit\/skyflow-homme\/#primaryimage\"},\"image\":{\"@id\":\"https:\/\/www.miomiorun.com\/fr\/produit\/skyflow-homme\/#primaryimage\"},\"thumbnailUrl\":\"https:\/\/www.miomiorun.com\/app\/uploads\/2026\/02\/hoka-Skyflow-sunlight-neon-yuzu-1155111-SYZ.webp\",\"datePublished\":\"2024-07-03T15:27:04+00:00\",\"dateModified\":\"2025-12-06T18:04:08+00:00\",\"description\":\"Skyflow est con\u00e7u pour offrir un amorti protecteur tout en conservant une pouss\u00e9e r\u00e9active lorsque vous souhaitez augmenter votre vitesse.\",\"breadcrumb\":{\"@id\":\"https:\/\/www.miomiorun.com\/fr\/produit\/skyflow-homme\/#breadcrumb\"},\"inLanguage\":\"fr-FR\",\"potentialAction\":[{\"@type\":\"ReadAction\",\"target\":[\"https:\/\/www.miomiorun.com\/fr\/produit\/skyflow-homme\/\"]}]},{\"@type\":\"ImageObject\",\"inLanguage\":\"fr-FR\",\"@id\":\"https:\/\/www.miomiorun.com\/fr\/produit\/skyflow-homme\/#primaryimage\",\"url\":\"https:\/\/www.miomiorun.com\/app\/uploads\/2026\/02\/hoka-Skyflow-sunlight-neon-yuzu-1155111-SYZ.webp\",\"contentUrl\":\"https:\/\/www.miomiorun.com\/app\/uploads\/2026\/02\/hoka-Skyflow-sunlight-neon-yuzu-1155111-SYZ.webp\",\"width\":720,\"height\":720,\"caption\":\"hoka Skyflow sunlight neon yuzu 1155111 SYZ\"},{\"@type\":\"BreadcrumbList\",\"@id\":\"https:\/\/www.miomiorun.com\/fr\/produit\/skyflow-homme\/#breadcrumb\",\"itemListElement\":[{\"@type\":\"ListItem\",\"position\":1,\"name\":\"Home\",\"item\":\"https:\/\/www.miomiorun.com\/fr\/home-page\/\"},{\"@type\":\"ListItem\",\"position\":2,\"name\":\"Shop\",\"item\":\"https:\/\/www.miomiorun.com\/shop\/\"},{\"@type\":\"ListItem\",\"position\":3,\"name\":\"Skyflow homme\"}]},{\"@type\":\"WebSite\",\"@id\":\"https:\/\/www.miomiorun.com\/fr\/#website\",\"url\":\"https:\/\/www.miomiorun.com\/fr\/\",\"name\":\"MioMioRun\",\"description\":\"Boutique 100% running et trail\",\"publisher\":{\"@id\":\"https:\/\/www.miomiorun.com\/fr\/#organization\"},\"potentialAction\":[{\"@type\":\"SearchAction\",\"target\":{\"@type\":\"EntryPoint\",\"urlTemplate\":\"https:\/\/www.miomiorun.com\/fr\/?s={search_term_string}\"},\"query-input\":{\"@type\":\"PropertyValueSpecification\",\"valueRequired\":true,\"valueName\":\"search_term_string\"}}],\"inLanguage\":\"fr-FR\"},{\"@type\":\"Organization\",\"@id\":\"https:\/\/www.miomiorun.com\/fr\/#organization\",\"name\":\"MioMio Run\",\"url\":\"https:\/\/www.miomiorun.com\/fr\/\",\"logo\":{\"@type\":\"ImageObject\",\"inLanguage\":\"fr-FR\",\"@id\":\"https:\/\/www.miomiorun.com\/fr\/#\/schema\/logo\/image\/\",\"url\":\"https:\/\/www.miomiorun.com\/app\/uploads\/2019\/12\/logomio.png\",\"contentUrl\":\"https:\/\/www.miomiorun.com\/app\/uploads\/2019\/12\/logomio.png\",\"width\":115,\"height\":82,\"caption\":\"MioMio Run\"},\"image\":{\"@id\":\"https:\/\/www.miomiorun.com\/fr\/#\/schema\/logo\/image\/\"},\"sameAs\":[\"https:\/\/www.facebook.com\/miomiorun\/\",\"https:\/\/www.instagram.com\/miomiorun\/\"]}]}<\/script>\n<!-- \/ Yoast SEO plugin. -->","yoast_head_json":{"title":"Hoka Skyflow homme - chaussures de course - MioMioRun.com","description":"Skyflow est con\u00e7u pour offrir un amorti protecteur tout en conservant une pouss\u00e9e r\u00e9active lorsque vous souhaitez augmenter votre vitesse.","robots":{"index":"index","follow":"follow","max-snippet":"max-snippet:-1","max-image-preview":"max-image-preview:large","max-video-preview":"max-video-preview:-1"},"canonical":"https:\/\/www.miomiorun.com\/fr\/produit\/skyflow-homme\/","og_locale":"fr_FR","og_type":"article","og_title":"Hoka Skyflow homme - chaussures de course - MioMioRun.com","og_description":"Skyflow est con\u00e7u pour offrir un amorti protecteur tout en conservant une pouss\u00e9e r\u00e9active lorsque vous souhaitez augmenter votre vitesse.","og_url":"https:\/\/www.miomiorun.com\/fr\/produit\/skyflow-homme\/","og_site_name":"MioMioRun","article_publisher":"https:\/\/www.facebook.com\/miomiorun\/","article_modified_time":"2025-12-06T18:04:08+00:00","og_image":[{"width":720,"height":720,"url":"https:\/\/www.miomiorun.com\/app\/uploads\/2026\/02\/hoka-Skyflow-sunlight-neon-yuzu-1155111-SYZ.webp","type":"image\/webp"}],"twitter_card":"summary_large_image","twitter_misc":{"Est. reading time":"2 minutes"},"schema":{"@context":"https:\/\/schema.org","@graph":[{"@type":"WebPage","@id":"https:\/\/www.miomiorun.com\/fr\/produit\/skyflow-homme\/","url":"https:\/\/www.miomiorun.com\/fr\/produit\/skyflow-homme\/","name":"Hoka Skyflow homme - chaussures de course - MioMioRun.com","isPartOf":{"@id":"https:\/\/www.miomiorun.com\/fr\/#website"},"primaryImageOfPage":{"@id":"https:\/\/www.miomiorun.com\/fr\/produit\/skyflow-homme\/#primaryimage"},"image":{"@id":"https:\/\/www.miomiorun.com\/fr\/produit\/skyflow-homme\/#primaryimage"},"thumbnailUrl":"https:\/\/www.miomiorun.com\/app\/uploads\/2026\/02\/hoka-Skyflow-sunlight-neon-yuzu-1155111-SYZ.webp","datePublished":"2024-07-03T15:27:04+00:00","dateModified":"2025-12-06T18:04:08+00:00","description":"Skyflow est con\u00e7u pour offrir un amorti protecteur tout en conservant une pouss\u00e9e r\u00e9active lorsque vous souhaitez augmenter votre vitesse.","breadcrumb":{"@id":"https:\/\/www.miomiorun.com\/fr\/produit\/skyflow-homme\/#breadcrumb"},"inLanguage":"fr-FR","potentialAction":[{"@type":"ReadAction","target":["https:\/\/www.miomiorun.com\/fr\/produit\/skyflow-homme\/"]}]},{"@type":"ImageObject","inLanguage":"fr-FR","@id":"https:\/\/www.miomiorun.com\/fr\/produit\/skyflow-homme\/#primaryimage","url":"https:\/\/www.miomiorun.com\/app\/uploads\/2026\/02\/hoka-Skyflow-sunlight-neon-yuzu-1155111-SYZ.webp","contentUrl":"https:\/\/www.miomiorun.com\/app\/uploads\/2026\/02\/hoka-Skyflow-sunlight-neon-yuzu-1155111-SYZ.webp","width":720,"height":720,"caption":"hoka Skyflow sunlight neon yuzu 1155111 SYZ"},{"@type":"BreadcrumbList","@id":"https:\/\/www.miomiorun.com\/fr\/produit\/skyflow-homme\/#breadcrumb","itemListElement":[{"@type":"ListItem","position":1,"name":"Home","item":"https:\/\/www.miomiorun.com\/fr\/home-page\/"},{"@type":"ListItem","position":2,"name":"Shop","item":"https:\/\/www.miomiorun.com\/shop\/"},{"@type":"ListItem","position":3,"name":"Skyflow homme"}]},{"@type":"WebSite","@id":"https:\/\/www.miomiorun.com\/fr\/#website","url":"https:\/\/www.miomiorun.com\/fr\/","name":"MioMioRun","description":"Boutique 100% running et trail","publisher":{"@id":"https:\/\/www.miomiorun.com\/fr\/#organization"},"potentialAction":[{"@type":"SearchAction","target":{"@type":"EntryPoint","urlTemplate":"https:\/\/www.miomiorun.com\/fr\/?s={search_term_string}"},"query-input":{"@type":"PropertyValueSpecification","valueRequired":true,"valueName":"search_term_string"}}],"inLanguage":"fr-FR"},{"@type":"Organization","@id":"https:\/\/www.miomiorun.com\/fr\/#organization","name":"MioMio Run","url":"https:\/\/www.miomiorun.com\/fr\/","logo":{"@type":"ImageObject","inLanguage":"fr-FR","@id":"https:\/\/www.miomiorun.com\/fr\/#\/schema\/logo\/image\/","url":"https:\/\/www.miomiorun.com\/app\/uploads\/2019\/12\/logomio.png","contentUrl":"https:\/\/www.miomiorun.com\/app\/uploads\/2019\/12\/logomio.png","width":115,"height":82,"caption":"MioMio Run"},"image":{"@id":"https:\/\/www.miomiorun.com\/fr\/#\/schema\/logo\/image\/"},"sameAs":["https:\/\/www.facebook.com\/miomiorun\/","https:\/\/www.instagram.com\/miomiorun\/"]}]}},"_links":{"self":[{"href":"https:\/\/www.miomiorun.com\/fr\/wp-json\/wp\/v2\/product\/292694","targetHints":{"allow":["GET"]}}],"collection":[{"href":"https:\/\/www.miomiorun.com\/fr\/wp-json\/wp\/v2\/product"}],"about":[{"href":"https:\/\/www.miomiorun.com\/fr\/wp-json\/wp\/v2\/types\/product"}],"wp:featuredmedia":[{"embeddable":true,"href":"https:\/\/www.miomiorun.com\/fr\/wp-json\/wp\/v2\/media\/394909"}],"wp:attachment":[{"href":"https:\/\/www.miomiorun.com\/fr\/wp-json\/wp\/v2\/media?parent=292694"}],"wp:term":[{"taxonomy":"product_brand","embeddable":true,"href":"https:\/\/www.miomiorun.com\/fr\/wp-json\/wp\/v2\/product_brand?post=292694"},{"taxonomy":"product_cat","embeddable":true,"href":"https:\/\/www.miomiorun.com\/fr\/wp-json\/wp\/v2\/product_cat?post=292694"},{"taxonomy":"product_tag","embeddable":true,"href":"https:\/\/www.miomiorun.com\/fr\/wp-json\/wp\/v2\/product_tag?post=292694"}],"curies":[{"name":"wp","href":"https:\/\/api.w.org\/{rel}","templated":true}]}}