{"id":292417,"date":"2024-07-04T13:11:33","date_gmt":"2024-07-04T11:11:33","guid":{"rendered":"https:\/\/miomiorun.com\/prodotto\/ikoni-3-0-uomo\/"},"modified":"2026-05-08T22:07:16","modified_gmt":"2026-05-08T20:07:16","slug":"ikoni-3-0-homme","status":"publish","type":"product","link":"https:\/\/www.miomiorun.com\/fr\/produit\/ikoni-3-0-homme\/","title":{"rendered":"Ikoni 3.0 homme"},"content":{"rendered":"<div class=\"vc-row container\"><div class=\"vc-column\"><div class=\"vc-column-text\"><\/p>\n<h4>Caract\u00e9ristiques techniques<\/h4>\n<p>Cat\u00e9gorie : amorti moyen<br \/>\nD\u00e9calage : 8 mm<br \/>\nPoids : 301 g<br \/>\nId\u00e9al pour : coureurs recherchant une chaussure avec un bon amorti, avec une transition douce, pour des courses de longueur moyenne.<br \/>\nPoids de l&#8217;athl\u00e8te : 65-75 kg<br \/>\nAllure de course : moyennement rapide (4.30-5.30 min\/km)<br \/>\n<a href=\"https:\/\/miomiorun.com\/fr\/guide-des-specificites\/\">Guide des sp\u00e9cifications<\/a><\/p>\n<p><\/div><\/div><div class=\"vc-column\"><div class=\"vc-column-text\"><\/p>\n<h2 style=\"text-align: center;\">Am\u00e9liorez votre exp\u00e9rience de la course \u00e0 pied avec ce mod\u00e8le exceptionnel de KARHU.<\/h2>\n<p>&nbsp;<\/p>\n<h3 style=\"text-align: center;\">Voici la nouvelle <strong>KARHU<\/strong> Men&#8217;s <strong>Ikoni 3.0<\/strong>, la chaussure de course ultime con\u00e7ue pour offrir un confort, une conduite et un amorti in\u00e9gal\u00e9s.<\/h3>\n<p>Con\u00e7ue pour les surpronateurs neutres et l\u00e9gers, l&#8217;<strong>Ikoni 3.0<\/strong> pour hommes est la chaussure parfaite pour la course \u00e0 pied de tous les jours. Le contrefort de talon \u00e9vas\u00e9 moderne et la tige en mesh <strong>IdealKnit<\/strong> avec un motif bring\u00e9 am\u00e9liorent le confort et la respirabilit\u00e9.<\/p>\n<p>L&#8217;augmentation de la hauteur de la semelle interm\u00e9diaire <strong>AeroFoam<\/strong>, plus souple, assure un bon amorti, tandis que la conception plus large sous le pied garantit un meilleur \u00e9quilibre et un meilleur maintien. La semelle ext\u00e9rieure pr\u00e9sente des recouvrements en caoutchouc suppl\u00e9mentaires pour une traction et une stabilit\u00e9 sup\u00e9rieures, tandis que le nouveau canal de d\u00e9flexion absorbe les impacts pour une excellente exp\u00e9rience de course.<\/p>\n<h3>Caract\u00e9ristiques :<\/h3>\n<ul>\n<li>Contrefort de talon \u00e9vas\u00e9 pour un confort personnalis\u00e9<\/li>\n<li>Un Fulcrum stable enveloppe le pied pour une conduite et une transition en douceur.<\/li>\n<li>La hauteur suppl\u00e9mentaire de la semelle interm\u00e9diaire et l&#8217;unit\u00e9 de propulsion se combinent pour une conduite souple et guid\u00e9e.<\/li>\n<li>AeroFoam plus souple pour un meilleur amorti<\/li>\n<li>Construction en mesh IdealKnit avec motif en fuseau pour la respirabilit\u00e9 et le maintien<\/li>\n<li>La\u00e7age M-lock pour s\u00e9curiser le m\u00e9dio-pied<\/li>\n<\/ul>\n<p>&nbsp;<\/p>\n<p>Utilise la <strong>technologie<\/strong> <strong>Fulcrum<\/strong>:<\/p>\n<p><img loading=\"lazy\" decoding=\"async\" class=\"\" src=\"https:\/\/cdn.shopify.com\/s\/files\/1\/0519\/4570\/1549\/files\/fulcrum_800x.png?v=1612961012\" width=\"122\" height=\"54\" \/><\/p>\n<p>La technologie Fulcrum de KARHU est con\u00e7ue pour maintenir toutes les forces vers l&#8217;avant, en r\u00e9duisant les forces de freinage et en utilisant l&#8217;\u00e9nergie naturelle de votre corps pour cr\u00e9er une conduite plus douce. C&#8217;est ce que nous appelons l&#8217;effet de roulement. La technologie Fulcrum offre : un amorti \u00e9quilibr\u00e9, plus de soutien, plus d&#8217;\u00e9nergie. L&#8217;Ikoni poss\u00e8de un fulcrum demi-long pour un avant-pied flexible.<\/div><\/div><\/div>\n","protected":false},"excerpt":{"rendered":"<ul>\n<li>Super l\u00e9g\u00e8re<\/li>\n<li>Super amortie<\/li>\n<li>Id\u00e9ale pour les coureurs neutres et les surpronateurs<\/li>\n<\/ul>\n","protected":false},"featured_media":360933,"template":"","meta":{"_acf_changed":false,"inline_featured_image":false},"product_brand":[],"product_cat":[24448,24447],"product_tag":[23474,23602],"class_list":{"0":"post-292417","1":"product","2":"type-product","3":"status-publish","4":"has-post-thumbnail","6":"product_cat-chaussures-pour-hommes-fr","7":"product_cat-neutre-fr-3","8":"product_tag-karhu-fr","9":"product_tag-karhu-homme","10":"pa_attivita-fitness-fr","11":"pa_attivita-marcher","12":"pa_attivita-running-fr","13":"pa_colore-ikoni-3-0-glacier-gray-turmeric-fr","14":"pa_colore-ikoni-3-0-lunar-rock-turtledove-fr","15":"pa_colore-ikoni-3-0-m-white-mood-indigo-fr","16":"pa_marca-karhu-fr","17":"pa_sesso-homme","18":"pa_size-41-5-fr","19":"pa_size-42-fr","20":"pa_size-42-5-fr","21":"pa_size-46-5-fr","23":"first","24":"instock","25":"sale","26":"taxable","27":"shipping-taxable","28":"purchasable","29":"product-type-variable","30":"wvs-archive-product-wrapper"},"acf":[],"yoast_head":"<!-- This site is optimized with the Yoast SEO plugin v26.8 - https:\/\/yoast.com\/product\/yoast-seo-wordpress\/ -->\n<title>Karhu Ikoni 3.0 homme - chaussures de course - MioMioRun .com<\/title>\n<meta name=\"description\" content=\"Con\u00e7ue pour les surpronateurs neutres et l\u00e9gers, l&#039;Ikoni 3.0 pour hommes est la chaussure id\u00e9ale pour la course \u00e0 pied au quotidien.\" \/>\n<meta name=\"robots\" content=\"index, follow, max-snippet:-1, max-image-preview:large, max-video-preview:-1\" \/>\n<link rel=\"canonical\" href=\"https:\/\/www.miomiorun.com\/fr\/produit\/ikoni-3-0-homme\/\" \/>\n<meta property=\"og:locale\" content=\"fr_FR\" \/>\n<meta property=\"og:type\" content=\"article\" \/>\n<meta property=\"og:title\" content=\"Karhu Ikoni 3.0 homme - chaussures de course - MioMioRun .com\" \/>\n<meta property=\"og:description\" content=\"Con\u00e7ue pour les surpronateurs neutres et l\u00e9gers, l&#039;Ikoni 3.0 pour hommes est la chaussure id\u00e9ale pour la course \u00e0 pied au quotidien.\" \/>\n<meta property=\"og:url\" content=\"https:\/\/www.miomiorun.com\/fr\/produit\/ikoni-3-0-homme\/\" \/>\n<meta property=\"og:site_name\" content=\"MioMioRun\" \/>\n<meta property=\"article:publisher\" content=\"https:\/\/www.facebook.com\/miomiorun\/\" \/>\n<meta property=\"article:modified_time\" content=\"2026-05-08T20:07:16+00:00\" \/>\n<meta property=\"og:image\" content=\"https:\/\/www.miomiorun.com\/app\/uploads\/2025\/10\/karhu-Ikoni-3.0-titan-shocking-orange-F102020.webp\" \/>\n\t<meta property=\"og:image:width\" content=\"720\" \/>\n\t<meta property=\"og:image:height\" content=\"720\" \/>\n\t<meta property=\"og:image:type\" content=\"image\/webp\" \/>\n<meta name=\"twitter:card\" content=\"summary_large_image\" \/>\n<meta name=\"twitter:label1\" content=\"Est. reading time\" \/>\n\t<meta name=\"twitter:data1\" content=\"2 minutes\" \/>\n<script type=\"application\/ld+json\" class=\"yoast-schema-graph\">{\"@context\":\"https:\/\/schema.org\",\"@graph\":[{\"@type\":\"WebPage\",\"@id\":\"https:\/\/www.miomiorun.com\/fr\/produit\/ikoni-3-0-homme\/\",\"url\":\"https:\/\/www.miomiorun.com\/fr\/produit\/ikoni-3-0-homme\/\",\"name\":\"Karhu Ikoni 3.0 homme - chaussures de course - MioMioRun .com\",\"isPartOf\":{\"@id\":\"https:\/\/www.miomiorun.com\/fr\/#website\"},\"primaryImageOfPage\":{\"@id\":\"https:\/\/www.miomiorun.com\/fr\/produit\/ikoni-3-0-homme\/#primaryimage\"},\"image\":{\"@id\":\"https:\/\/www.miomiorun.com\/fr\/produit\/ikoni-3-0-homme\/#primaryimage\"},\"thumbnailUrl\":\"https:\/\/www.miomiorun.com\/app\/uploads\/2025\/10\/karhu-Ikoni-3.0-titan-shocking-orange-F102020.webp\",\"datePublished\":\"2024-07-04T11:11:33+00:00\",\"dateModified\":\"2026-05-08T20:07:16+00:00\",\"description\":\"Con\u00e7ue pour les surpronateurs neutres et l\u00e9gers, l'Ikoni 3.0 pour hommes est la chaussure id\u00e9ale pour la course \u00e0 pied au quotidien.\",\"breadcrumb\":{\"@id\":\"https:\/\/www.miomiorun.com\/fr\/produit\/ikoni-3-0-homme\/#breadcrumb\"},\"inLanguage\":\"fr-FR\",\"potentialAction\":[{\"@type\":\"ReadAction\",\"target\":[\"https:\/\/www.miomiorun.com\/fr\/produit\/ikoni-3-0-homme\/\"]}]},{\"@type\":\"ImageObject\",\"inLanguage\":\"fr-FR\",\"@id\":\"https:\/\/www.miomiorun.com\/fr\/produit\/ikoni-3-0-homme\/#primaryimage\",\"url\":\"https:\/\/www.miomiorun.com\/app\/uploads\/2025\/10\/karhu-Ikoni-3.0-titan-shocking-orange-F102020.webp\",\"contentUrl\":\"https:\/\/www.miomiorun.com\/app\/uploads\/2025\/10\/karhu-Ikoni-3.0-titan-shocking-orange-F102020.webp\",\"width\":720,\"height\":720,\"caption\":\"karhu Ikoni 3.0 titan shocking orange F102020\"},{\"@type\":\"BreadcrumbList\",\"@id\":\"https:\/\/www.miomiorun.com\/fr\/produit\/ikoni-3-0-homme\/#breadcrumb\",\"itemListElement\":[{\"@type\":\"ListItem\",\"position\":1,\"name\":\"Home\",\"item\":\"https:\/\/www.miomiorun.com\/fr\/home-page\/\"},{\"@type\":\"ListItem\",\"position\":2,\"name\":\"Shop\",\"item\":\"https:\/\/www.miomiorun.com\/shop\/\"},{\"@type\":\"ListItem\",\"position\":3,\"name\":\"Ikoni 3.0 homme\"}]},{\"@type\":\"WebSite\",\"@id\":\"https:\/\/www.miomiorun.com\/fr\/#website\",\"url\":\"https:\/\/www.miomiorun.com\/fr\/\",\"name\":\"MioMioRun\",\"description\":\"Boutique 100% running et trail\",\"publisher\":{\"@id\":\"https:\/\/www.miomiorun.com\/fr\/#organization\"},\"potentialAction\":[{\"@type\":\"SearchAction\",\"target\":{\"@type\":\"EntryPoint\",\"urlTemplate\":\"https:\/\/www.miomiorun.com\/fr\/?s={search_term_string}\"},\"query-input\":{\"@type\":\"PropertyValueSpecification\",\"valueRequired\":true,\"valueName\":\"search_term_string\"}}],\"inLanguage\":\"fr-FR\"},{\"@type\":\"Organization\",\"@id\":\"https:\/\/www.miomiorun.com\/fr\/#organization\",\"name\":\"MioMio Run\",\"url\":\"https:\/\/www.miomiorun.com\/fr\/\",\"logo\":{\"@type\":\"ImageObject\",\"inLanguage\":\"fr-FR\",\"@id\":\"https:\/\/www.miomiorun.com\/fr\/#\/schema\/logo\/image\/\",\"url\":\"https:\/\/www.miomiorun.com\/app\/uploads\/2019\/12\/logomio.png\",\"contentUrl\":\"https:\/\/www.miomiorun.com\/app\/uploads\/2019\/12\/logomio.png\",\"width\":115,\"height\":82,\"caption\":\"MioMio Run\"},\"image\":{\"@id\":\"https:\/\/www.miomiorun.com\/fr\/#\/schema\/logo\/image\/\"},\"sameAs\":[\"https:\/\/www.facebook.com\/miomiorun\/\",\"https:\/\/www.instagram.com\/miomiorun\/\"]}]}<\/script>\n<!-- \/ Yoast SEO plugin. -->","yoast_head_json":{"title":"Karhu Ikoni 3.0 homme - chaussures de course - MioMioRun .com","description":"Con\u00e7ue pour les surpronateurs neutres et l\u00e9gers, l'Ikoni 3.0 pour hommes est la chaussure id\u00e9ale pour la course \u00e0 pied au quotidien.","robots":{"index":"index","follow":"follow","max-snippet":"max-snippet:-1","max-image-preview":"max-image-preview:large","max-video-preview":"max-video-preview:-1"},"canonical":"https:\/\/www.miomiorun.com\/fr\/produit\/ikoni-3-0-homme\/","og_locale":"fr_FR","og_type":"article","og_title":"Karhu Ikoni 3.0 homme - chaussures de course - MioMioRun .com","og_description":"Con\u00e7ue pour les surpronateurs neutres et l\u00e9gers, l'Ikoni 3.0 pour hommes est la chaussure id\u00e9ale pour la course \u00e0 pied au quotidien.","og_url":"https:\/\/www.miomiorun.com\/fr\/produit\/ikoni-3-0-homme\/","og_site_name":"MioMioRun","article_publisher":"https:\/\/www.facebook.com\/miomiorun\/","article_modified_time":"2026-05-08T20:07:16+00:00","og_image":[{"width":720,"height":720,"url":"https:\/\/www.miomiorun.com\/app\/uploads\/2025\/10\/karhu-Ikoni-3.0-titan-shocking-orange-F102020.webp","type":"image\/webp"}],"twitter_card":"summary_large_image","twitter_misc":{"Est. reading time":"2 minutes"},"schema":{"@context":"https:\/\/schema.org","@graph":[{"@type":"WebPage","@id":"https:\/\/www.miomiorun.com\/fr\/produit\/ikoni-3-0-homme\/","url":"https:\/\/www.miomiorun.com\/fr\/produit\/ikoni-3-0-homme\/","name":"Karhu Ikoni 3.0 homme - chaussures de course - MioMioRun .com","isPartOf":{"@id":"https:\/\/www.miomiorun.com\/fr\/#website"},"primaryImageOfPage":{"@id":"https:\/\/www.miomiorun.com\/fr\/produit\/ikoni-3-0-homme\/#primaryimage"},"image":{"@id":"https:\/\/www.miomiorun.com\/fr\/produit\/ikoni-3-0-homme\/#primaryimage"},"thumbnailUrl":"https:\/\/www.miomiorun.com\/app\/uploads\/2025\/10\/karhu-Ikoni-3.0-titan-shocking-orange-F102020.webp","datePublished":"2024-07-04T11:11:33+00:00","dateModified":"2026-05-08T20:07:16+00:00","description":"Con\u00e7ue pour les surpronateurs neutres et l\u00e9gers, l'Ikoni 3.0 pour hommes est la chaussure id\u00e9ale pour la course \u00e0 pied au quotidien.","breadcrumb":{"@id":"https:\/\/www.miomiorun.com\/fr\/produit\/ikoni-3-0-homme\/#breadcrumb"},"inLanguage":"fr-FR","potentialAction":[{"@type":"ReadAction","target":["https:\/\/www.miomiorun.com\/fr\/produit\/ikoni-3-0-homme\/"]}]},{"@type":"ImageObject","inLanguage":"fr-FR","@id":"https:\/\/www.miomiorun.com\/fr\/produit\/ikoni-3-0-homme\/#primaryimage","url":"https:\/\/www.miomiorun.com\/app\/uploads\/2025\/10\/karhu-Ikoni-3.0-titan-shocking-orange-F102020.webp","contentUrl":"https:\/\/www.miomiorun.com\/app\/uploads\/2025\/10\/karhu-Ikoni-3.0-titan-shocking-orange-F102020.webp","width":720,"height":720,"caption":"karhu Ikoni 3.0 titan shocking orange F102020"},{"@type":"BreadcrumbList","@id":"https:\/\/www.miomiorun.com\/fr\/produit\/ikoni-3-0-homme\/#breadcrumb","itemListElement":[{"@type":"ListItem","position":1,"name":"Home","item":"https:\/\/www.miomiorun.com\/fr\/home-page\/"},{"@type":"ListItem","position":2,"name":"Shop","item":"https:\/\/www.miomiorun.com\/shop\/"},{"@type":"ListItem","position":3,"name":"Ikoni 3.0 homme"}]},{"@type":"WebSite","@id":"https:\/\/www.miomiorun.com\/fr\/#website","url":"https:\/\/www.miomiorun.com\/fr\/","name":"MioMioRun","description":"Boutique 100% running et trail","publisher":{"@id":"https:\/\/www.miomiorun.com\/fr\/#organization"},"potentialAction":[{"@type":"SearchAction","target":{"@type":"EntryPoint","urlTemplate":"https:\/\/www.miomiorun.com\/fr\/?s={search_term_string}"},"query-input":{"@type":"PropertyValueSpecification","valueRequired":true,"valueName":"search_term_string"}}],"inLanguage":"fr-FR"},{"@type":"Organization","@id":"https:\/\/www.miomiorun.com\/fr\/#organization","name":"MioMio Run","url":"https:\/\/www.miomiorun.com\/fr\/","logo":{"@type":"ImageObject","inLanguage":"fr-FR","@id":"https:\/\/www.miomiorun.com\/fr\/#\/schema\/logo\/image\/","url":"https:\/\/www.miomiorun.com\/app\/uploads\/2019\/12\/logomio.png","contentUrl":"https:\/\/www.miomiorun.com\/app\/uploads\/2019\/12\/logomio.png","width":115,"height":82,"caption":"MioMio Run"},"image":{"@id":"https:\/\/www.miomiorun.com\/fr\/#\/schema\/logo\/image\/"},"sameAs":["https:\/\/www.facebook.com\/miomiorun\/","https:\/\/www.instagram.com\/miomiorun\/"]}]}},"_links":{"self":[{"href":"https:\/\/www.miomiorun.com\/fr\/wp-json\/wp\/v2\/product\/292417","targetHints":{"allow":["GET"]}}],"collection":[{"href":"https:\/\/www.miomiorun.com\/fr\/wp-json\/wp\/v2\/product"}],"about":[{"href":"https:\/\/www.miomiorun.com\/fr\/wp-json\/wp\/v2\/types\/product"}],"wp:featuredmedia":[{"embeddable":true,"href":"https:\/\/www.miomiorun.com\/fr\/wp-json\/wp\/v2\/media\/360933"}],"wp:attachment":[{"href":"https:\/\/www.miomiorun.com\/fr\/wp-json\/wp\/v2\/media?parent=292417"}],"wp:term":[{"taxonomy":"product_brand","embeddable":true,"href":"https:\/\/www.miomiorun.com\/fr\/wp-json\/wp\/v2\/product_brand?post=292417"},{"taxonomy":"product_cat","embeddable":true,"href":"https:\/\/www.miomiorun.com\/fr\/wp-json\/wp\/v2\/product_cat?post=292417"},{"taxonomy":"product_tag","embeddable":true,"href":"https:\/\/www.miomiorun.com\/fr\/wp-json\/wp\/v2\/product_tag?post=292417"}],"curies":[{"name":"wp","href":"https:\/\/api.w.org\/{rel}","templated":true}]}}