{"id":292282,"date":"2024-05-16T14:11:15","date_gmt":"2024-05-16T12:11:15","guid":{"rendered":"https:\/\/miomiorun.com\/prodotto\/double-gr\/"},"modified":"2025-05-28T18:25:52","modified_gmt":"2025-05-28T16:25:52","slug":"double-gr","status":"publish","type":"product","link":"https:\/\/www.miomiorun.com\/fr\/produit\/double-gr\/","title":{"rendered":"Double Gr"},"content":{"rendered":"<p><div class=\"vc-row container\"><div class=\"vc-column\"><div class=\"vc-column-text\"><\/p>\n<div class=\"o-feature-callout__feature-copy\">\n<div class=\"o-feature-callout__feature-copy\">\n<div class=\"o-feature-callout__feature-copy\">\n<p>La chaussette <strong>DOUBLE GR <\/strong> est sp\u00e9cialement con\u00e7ue pour la randonn\u00e9e.<\/p>\n<p>Elle se compose de 2 couches, la premi\u00e8re adh\u00e9rant au pied et la seconde \u00e0 la chaussure.<\/p>\n<p><strong>Cette technique de fabrication permet de r\u00e9duire l&#8217;\u00e9chauffement et de limiter les risques d&#8217;ampoules.<\/strong><\/p>\n<p>Ultra l\u00e9ger et tr\u00e8s a\u00e9r\u00e9, il est compos\u00e9 d&#8217;une microfibre de derni\u00e8re g\u00e9n\u00e9ration, la SENSIL AQUARIUS. Cette microfibre poss\u00e8de des propri\u00e9t\u00e9s hydrophobes et une structure triple T qui favorise l&#8217;\u00e9vaporation rapide de la sueur lors de vos sorties.<\/p>\n<p><strong>Caract\u00e9ristiques :<\/strong><\/p>\n<ul>\n<li>Le soutien et la stabilisation \u00e0 360\u00b0 du pied et de la cheville permettent de soutenir la cheville tout en stabilisant le pied dans la chaussure.<\/li>\n<li>La DOUBLE GR est dot\u00e9e d&#8217;un RESEAU AERESTIQUE sur toute la partie sup\u00e9rieure de la chaussette pour une meilleure \u00e9vacuation de la transpiration.<\/li>\n<li>Son bord est sans couture.<\/li>\n<li>Le talon et les orteils sont en CORDURA. Il s&#8217;agit d&#8217;une fibre durable et respirante connue pour sa r\u00e9sistance \u00e0 l&#8217;usure. Elle est facile \u00e0 nettoyer et s\u00e8che rapidement.<\/li>\n<\/ul>\n<\/div>\n<\/div>\n<\/div>\n<p><\/div><\/div><\/div><div class=\"vc-row container\"><div class=\"vc-column\"><div class=\"vc-column-text\"><a href=\"https:\/\/miomiorun.com\/wp-content\/uploads\/2024\/05\/Double-GR-haute-caratteristiche.webp\"><img loading=\"lazy\" decoding=\"async\" class=\"aligncenter wp-image-170417 size-full\" src=\"https:\/\/miomiorun.com\/wp-content\/uploads\/2024\/05\/Double-GR-haute-caratteristiche.webp\" alt=\"\" width=\"600\" height=\"600\" srcset=\"https:\/\/www.miomiorun.com\/app\/uploads\/2024\/05\/Double-GR-haute-caratteristiche.webp 600w, https:\/\/www.miomiorun.com\/app\/uploads\/2024\/05\/Double-GR-haute-caratteristiche-300x300.webp 300w, https:\/\/www.miomiorun.com\/app\/uploads\/2024\/05\/Double-GR-haute-caratteristiche-100x100.webp 100w, https:\/\/www.miomiorun.com\/app\/uploads\/2024\/05\/Double-GR-haute-caratteristiche-150x150.webp 150w, https:\/\/www.miomiorun.com\/app\/uploads\/2024\/05\/Double-GR-haute-caratteristiche-400x400.webp 400w, https:\/\/www.miomiorun.com\/app\/uploads\/2024\/05\/Double-GR-haute-caratteristiche-85x85.webp 85w, https:\/\/www.miomiorun.com\/app\/uploads\/2024\/05\/Double-GR-haute-caratteristiche-50x50.webp 50w, https:\/\/www.miomiorun.com\/app\/uploads\/2024\/05\/Double-GR-haute-caratteristiche-32x32.webp 32w, https:\/\/www.miomiorun.com\/app\/uploads\/2024\/05\/Double-GR-haute-caratteristiche-480x480.webp 480w\" sizes=\"auto, (max-width: 600px) 100vw, 600px\" \/><\/a><\/div><\/div><div class=\"vc-column\"><div class=\"vc-column-text\"><\/p>\n<h3>Technologie :<\/h3>\n<div class=\"o-feature-callout__feature-copy\">\n<div class=\"o-feature-callout__feature-copy\">\n<div class=\"o-feature-callout__feature-copy\">\n<div class=\"col-sm-5 col-12\">\n<h3 class=\"title\">Chaussettes doubles<\/h3>\n<p><strong>Technique<\/strong>: chaussettes compos\u00e9es de 2 couches reli\u00e9es entre elles. La premi\u00e8re couche adh\u00e8re au pied et la seconde \u00e0 la chaussure.<\/p>\n<p><strong>Action<\/strong>: r\u00e9duit la surchauffe.<\/p>\n<p><strong>Avantages<\/strong>: Limite le risque d&#8217;ampoules.<\/p>\n<h3><\/h3>\n<h3 class=\"title\">Maintien et stabilisation int\u00e9grale du pied et de la cheville<\/h3>\n<p><strong>Technique<\/strong>: Tricot c\u00f4tel\u00e9 positionn\u00e9 au niveau de l&#8217;articulation de la cheville.<\/p>\n<p><strong>Action<\/strong>: Soutient et stabilise la cheville sans la comprimer.<\/p>\n<p><strong>B\u00e9n\u00e9fice<\/strong>: Maintien optimal de la cheville pendant la course.<\/p>\n<h3><\/h3>\n<h3 class=\"title\">SENSIL AQUARIUS<\/h3>\n<p><strong>Technique<\/strong>: Microfibre aux propri\u00e9t\u00e9s hydrophobes avec une structure triple couche.<\/p>\n<p><strong>Action<\/strong>: Evacue efficacement la transpiration et s\u00e8che rapidement.<\/p>\n<p><strong>Avantages<\/strong>: Confort thermique dans la chaussette.<\/p>\n<p>&nbsp;<\/p>\n<h3 class=\"title\">SANS COUVERTURE<\/h3>\n<p><strong>Technique<\/strong>: Construction sans couture.<\/p>\n<p><strong>Action<\/strong>: R\u00e9duit les zones de surchauffe.<\/p>\n<p><strong>Avantages<\/strong>: Confort optimal.<\/p>\n<p>&nbsp;<\/p>\n<h3 class=\"title\">Maille perfor\u00e9e<\/h3>\n<p><strong>Technique<\/strong>: Maille l\u00e9g\u00e8re et perfor\u00e9e sur le dessus du pied.<\/p>\n<p><strong>Action<\/strong>: Acc\u00e9l\u00e8re la r\u00e9gulation thermique. Ventilation optimale.<\/p>\n<p><strong>Avantages<\/strong>: \u00e9vacue efficacement la transpiration.<\/p>\n<p>&nbsp;<\/p>\n<h3 class=\"title\">Cordura<\/h3>\n<p><strong>Technique<\/strong>: Fibre synth\u00e9tique positionn\u00e9e au niveau du talon et de la pointe.<\/p>\n<p><strong>Action<\/strong>: R\u00e9sistant et respirant.<\/p>\n<p><strong>Avantages<\/strong>: R\u00e9siste \u00e0 l&#8217;usure, se lave facilement et s\u00e8che rapidement.<\/p>\n<\/div>\n<\/div>\n<\/div>\n<\/div>\n<p><\/div><\/div><\/div><\/p>\n","protected":false},"excerpt":{"rendered":"<ul>\n<li>Chaussette id\u00e9ale pour la randonn\u00e9e.<\/li>\n<li>Chaussette haute.<\/li>\n<li>R\u00e9sistante \u00e0 l&#8217;usure.<\/li>\n<\/ul>\n","protected":false},"featured_media":247230,"template":"","meta":{"_acf_changed":false,"inline_featured_image":false},"product_brand":[],"product_cat":[22597,24256,22596,24482],"product_tag":[23562,24174,24175],"class_list":{"0":"post-292282","1":"product","2":"type-product","3":"status-publish","4":"has-post-thumbnail","6":"product_cat-chaussettes","7":"product_cat-chaussettes-fr","8":"product_cat-vetements-pour-femmes","9":"product_cat-vetements-pour-hommes-fr","10":"product_tag-bv-sport-fr","11":"product_tag-bv-sport-femme","12":"product_tag-bv-sport-homme","13":"pa_attivita-marcher","14":"pa_attivita-outdoor-fr","15":"pa_attivita-running-fr","16":"pa_attivita-trail-fr","17":"pa_colore-double-gr-haute-bleu-navy-fr","18":"pa_colore-double-gr-haute-noir-fr","19":"pa_marca-bv-sport-fr","20":"pa_sesso-femme","21":"pa_sesso-homme","22":"pa_size-36-38-fr","23":"pa_size-39-41-fr","24":"pa_size-42-44-fr","25":"pa_size-45-47-fr","27":"first","28":"instock","29":"sale","30":"taxable","31":"shipping-taxable","32":"purchasable","33":"product-type-variable","34":"wvs-archive-product-wrapper"},"acf":[],"yoast_head":"<!-- This site is optimized with the Yoast SEO plugin v26.8 - https:\/\/yoast.com\/product\/yoast-seo-wordpress\/ -->\n<title>BvsportDouble Gr - Chaussettes de course - MioMioRun<\/title>\n<meta name=\"description\" content=\"La chaussette DOUBLE GR est sp\u00e9cialement con\u00e7ue pour la randonn\u00e9e. Elle est compos\u00e9e de 2 couches et la premi\u00e8re couche adh\u00e8re parfaitement au pied.\" \/>\n<meta name=\"robots\" content=\"index, follow, max-snippet:-1, max-image-preview:large, max-video-preview:-1\" \/>\n<link rel=\"canonical\" href=\"https:\/\/www.miomiorun.com\/fr\/produit\/double-gr\/\" \/>\n<meta property=\"og:locale\" content=\"fr_FR\" \/>\n<meta property=\"og:type\" content=\"article\" \/>\n<meta property=\"og:title\" content=\"BvsportDouble Gr - Chaussettes de course - MioMioRun\" \/>\n<meta property=\"og:description\" content=\"La chaussette DOUBLE GR est sp\u00e9cialement con\u00e7ue pour la randonn\u00e9e. Elle est compos\u00e9e de 2 couches et la premi\u00e8re couche adh\u00e8re parfaitement au pied.\" \/>\n<meta property=\"og:url\" content=\"https:\/\/www.miomiorun.com\/fr\/produit\/double-gr\/\" \/>\n<meta property=\"og:site_name\" content=\"MioMioRun\" \/>\n<meta property=\"article:publisher\" content=\"https:\/\/www.facebook.com\/miomiorun\/\" \/>\n<meta property=\"article:modified_time\" content=\"2025-05-28T16:25:52+00:00\" \/>\n<meta property=\"og:image\" content=\"https:\/\/www.miomiorun.com\/app\/uploads\/2024\/05\/bv-sport-Double-GR-haute-bleu-navy-197-002.webp\" \/>\n\t<meta property=\"og:image:width\" content=\"600\" \/>\n\t<meta property=\"og:image:height\" content=\"600\" \/>\n\t<meta property=\"og:image:type\" content=\"image\/webp\" \/>\n<meta name=\"twitter:card\" content=\"summary_large_image\" \/>\n<meta name=\"twitter:label1\" content=\"Est. reading time\" \/>\n\t<meta name=\"twitter:data1\" content=\"2 minutes\" \/>\n<script type=\"application\/ld+json\" class=\"yoast-schema-graph\">{\"@context\":\"https:\/\/schema.org\",\"@graph\":[{\"@type\":\"WebPage\",\"@id\":\"https:\/\/www.miomiorun.com\/fr\/produit\/double-gr\/\",\"url\":\"https:\/\/www.miomiorun.com\/fr\/produit\/double-gr\/\",\"name\":\"BvsportDouble Gr - Chaussettes de course - MioMioRun\",\"isPartOf\":{\"@id\":\"https:\/\/www.miomiorun.com\/fr\/#website\"},\"primaryImageOfPage\":{\"@id\":\"https:\/\/www.miomiorun.com\/fr\/produit\/double-gr\/#primaryimage\"},\"image\":{\"@id\":\"https:\/\/www.miomiorun.com\/fr\/produit\/double-gr\/#primaryimage\"},\"thumbnailUrl\":\"https:\/\/www.miomiorun.com\/app\/uploads\/2024\/05\/bv-sport-Double-GR-haute-bleu-navy-197-002.webp\",\"datePublished\":\"2024-05-16T12:11:15+00:00\",\"dateModified\":\"2025-05-28T16:25:52+00:00\",\"description\":\"La chaussette DOUBLE GR est sp\u00e9cialement con\u00e7ue pour la randonn\u00e9e. Elle est compos\u00e9e de 2 couches et la premi\u00e8re couche adh\u00e8re parfaitement au pied.\",\"breadcrumb\":{\"@id\":\"https:\/\/www.miomiorun.com\/fr\/produit\/double-gr\/#breadcrumb\"},\"inLanguage\":\"fr-FR\",\"potentialAction\":[{\"@type\":\"ReadAction\",\"target\":[\"https:\/\/www.miomiorun.com\/fr\/produit\/double-gr\/\"]}]},{\"@type\":\"ImageObject\",\"inLanguage\":\"fr-FR\",\"@id\":\"https:\/\/www.miomiorun.com\/fr\/produit\/double-gr\/#primaryimage\",\"url\":\"https:\/\/www.miomiorun.com\/app\/uploads\/2024\/05\/bv-sport-Double-GR-haute-bleu-navy-197-002.webp\",\"contentUrl\":\"https:\/\/www.miomiorun.com\/app\/uploads\/2024\/05\/bv-sport-Double-GR-haute-bleu-navy-197-002.webp\",\"width\":600,\"height\":600,\"caption\":\"bv sport Double GR haute bleu navy 197 002\"},{\"@type\":\"BreadcrumbList\",\"@id\":\"https:\/\/www.miomiorun.com\/fr\/produit\/double-gr\/#breadcrumb\",\"itemListElement\":[{\"@type\":\"ListItem\",\"position\":1,\"name\":\"Home\",\"item\":\"https:\/\/www.miomiorun.com\/fr\/home-page\/\"},{\"@type\":\"ListItem\",\"position\":2,\"name\":\"Shop\",\"item\":\"https:\/\/www.miomiorun.com\/shop\/\"},{\"@type\":\"ListItem\",\"position\":3,\"name\":\"Double Gr\"}]},{\"@type\":\"WebSite\",\"@id\":\"https:\/\/www.miomiorun.com\/fr\/#website\",\"url\":\"https:\/\/www.miomiorun.com\/fr\/\",\"name\":\"MioMioRun\",\"description\":\"Boutique 100% running et trail\",\"publisher\":{\"@id\":\"https:\/\/www.miomiorun.com\/fr\/#organization\"},\"potentialAction\":[{\"@type\":\"SearchAction\",\"target\":{\"@type\":\"EntryPoint\",\"urlTemplate\":\"https:\/\/www.miomiorun.com\/fr\/?s={search_term_string}\"},\"query-input\":{\"@type\":\"PropertyValueSpecification\",\"valueRequired\":true,\"valueName\":\"search_term_string\"}}],\"inLanguage\":\"fr-FR\"},{\"@type\":\"Organization\",\"@id\":\"https:\/\/www.miomiorun.com\/fr\/#organization\",\"name\":\"MioMio Run\",\"url\":\"https:\/\/www.miomiorun.com\/fr\/\",\"logo\":{\"@type\":\"ImageObject\",\"inLanguage\":\"fr-FR\",\"@id\":\"https:\/\/www.miomiorun.com\/fr\/#\/schema\/logo\/image\/\",\"url\":\"https:\/\/www.miomiorun.com\/app\/uploads\/2019\/12\/logomio.png\",\"contentUrl\":\"https:\/\/www.miomiorun.com\/app\/uploads\/2019\/12\/logomio.png\",\"width\":115,\"height\":82,\"caption\":\"MioMio Run\"},\"image\":{\"@id\":\"https:\/\/www.miomiorun.com\/fr\/#\/schema\/logo\/image\/\"},\"sameAs\":[\"https:\/\/www.facebook.com\/miomiorun\/\",\"https:\/\/www.instagram.com\/miomiorun\/\"]}]}<\/script>\n<!-- \/ Yoast SEO plugin. -->","yoast_head_json":{"title":"BvsportDouble Gr - Chaussettes de course - MioMioRun","description":"La chaussette DOUBLE GR est sp\u00e9cialement con\u00e7ue pour la randonn\u00e9e. Elle est compos\u00e9e de 2 couches et la premi\u00e8re couche adh\u00e8re parfaitement au pied.","robots":{"index":"index","follow":"follow","max-snippet":"max-snippet:-1","max-image-preview":"max-image-preview:large","max-video-preview":"max-video-preview:-1"},"canonical":"https:\/\/www.miomiorun.com\/fr\/produit\/double-gr\/","og_locale":"fr_FR","og_type":"article","og_title":"BvsportDouble Gr - Chaussettes de course - MioMioRun","og_description":"La chaussette DOUBLE GR est sp\u00e9cialement con\u00e7ue pour la randonn\u00e9e. Elle est compos\u00e9e de 2 couches et la premi\u00e8re couche adh\u00e8re parfaitement au pied.","og_url":"https:\/\/www.miomiorun.com\/fr\/produit\/double-gr\/","og_site_name":"MioMioRun","article_publisher":"https:\/\/www.facebook.com\/miomiorun\/","article_modified_time":"2025-05-28T16:25:52+00:00","og_image":[{"width":600,"height":600,"url":"https:\/\/www.miomiorun.com\/app\/uploads\/2024\/05\/bv-sport-Double-GR-haute-bleu-navy-197-002.webp","type":"image\/webp"}],"twitter_card":"summary_large_image","twitter_misc":{"Est. reading time":"2 minutes"},"schema":{"@context":"https:\/\/schema.org","@graph":[{"@type":"WebPage","@id":"https:\/\/www.miomiorun.com\/fr\/produit\/double-gr\/","url":"https:\/\/www.miomiorun.com\/fr\/produit\/double-gr\/","name":"BvsportDouble Gr - Chaussettes de course - MioMioRun","isPartOf":{"@id":"https:\/\/www.miomiorun.com\/fr\/#website"},"primaryImageOfPage":{"@id":"https:\/\/www.miomiorun.com\/fr\/produit\/double-gr\/#primaryimage"},"image":{"@id":"https:\/\/www.miomiorun.com\/fr\/produit\/double-gr\/#primaryimage"},"thumbnailUrl":"https:\/\/www.miomiorun.com\/app\/uploads\/2024\/05\/bv-sport-Double-GR-haute-bleu-navy-197-002.webp","datePublished":"2024-05-16T12:11:15+00:00","dateModified":"2025-05-28T16:25:52+00:00","description":"La chaussette DOUBLE GR est sp\u00e9cialement con\u00e7ue pour la randonn\u00e9e. Elle est compos\u00e9e de 2 couches et la premi\u00e8re couche adh\u00e8re parfaitement au pied.","breadcrumb":{"@id":"https:\/\/www.miomiorun.com\/fr\/produit\/double-gr\/#breadcrumb"},"inLanguage":"fr-FR","potentialAction":[{"@type":"ReadAction","target":["https:\/\/www.miomiorun.com\/fr\/produit\/double-gr\/"]}]},{"@type":"ImageObject","inLanguage":"fr-FR","@id":"https:\/\/www.miomiorun.com\/fr\/produit\/double-gr\/#primaryimage","url":"https:\/\/www.miomiorun.com\/app\/uploads\/2024\/05\/bv-sport-Double-GR-haute-bleu-navy-197-002.webp","contentUrl":"https:\/\/www.miomiorun.com\/app\/uploads\/2024\/05\/bv-sport-Double-GR-haute-bleu-navy-197-002.webp","width":600,"height":600,"caption":"bv sport Double GR haute bleu navy 197 002"},{"@type":"BreadcrumbList","@id":"https:\/\/www.miomiorun.com\/fr\/produit\/double-gr\/#breadcrumb","itemListElement":[{"@type":"ListItem","position":1,"name":"Home","item":"https:\/\/www.miomiorun.com\/fr\/home-page\/"},{"@type":"ListItem","position":2,"name":"Shop","item":"https:\/\/www.miomiorun.com\/shop\/"},{"@type":"ListItem","position":3,"name":"Double Gr"}]},{"@type":"WebSite","@id":"https:\/\/www.miomiorun.com\/fr\/#website","url":"https:\/\/www.miomiorun.com\/fr\/","name":"MioMioRun","description":"Boutique 100% running et trail","publisher":{"@id":"https:\/\/www.miomiorun.com\/fr\/#organization"},"potentialAction":[{"@type":"SearchAction","target":{"@type":"EntryPoint","urlTemplate":"https:\/\/www.miomiorun.com\/fr\/?s={search_term_string}"},"query-input":{"@type":"PropertyValueSpecification","valueRequired":true,"valueName":"search_term_string"}}],"inLanguage":"fr-FR"},{"@type":"Organization","@id":"https:\/\/www.miomiorun.com\/fr\/#organization","name":"MioMio Run","url":"https:\/\/www.miomiorun.com\/fr\/","logo":{"@type":"ImageObject","inLanguage":"fr-FR","@id":"https:\/\/www.miomiorun.com\/fr\/#\/schema\/logo\/image\/","url":"https:\/\/www.miomiorun.com\/app\/uploads\/2019\/12\/logomio.png","contentUrl":"https:\/\/www.miomiorun.com\/app\/uploads\/2019\/12\/logomio.png","width":115,"height":82,"caption":"MioMio Run"},"image":{"@id":"https:\/\/www.miomiorun.com\/fr\/#\/schema\/logo\/image\/"},"sameAs":["https:\/\/www.facebook.com\/miomiorun\/","https:\/\/www.instagram.com\/miomiorun\/"]}]}},"_links":{"self":[{"href":"https:\/\/www.miomiorun.com\/fr\/wp-json\/wp\/v2\/product\/292282","targetHints":{"allow":["GET"]}}],"collection":[{"href":"https:\/\/www.miomiorun.com\/fr\/wp-json\/wp\/v2\/product"}],"about":[{"href":"https:\/\/www.miomiorun.com\/fr\/wp-json\/wp\/v2\/types\/product"}],"wp:featuredmedia":[{"embeddable":true,"href":"https:\/\/www.miomiorun.com\/fr\/wp-json\/wp\/v2\/media\/247230"}],"wp:attachment":[{"href":"https:\/\/www.miomiorun.com\/fr\/wp-json\/wp\/v2\/media?parent=292282"}],"wp:term":[{"taxonomy":"product_brand","embeddable":true,"href":"https:\/\/www.miomiorun.com\/fr\/wp-json\/wp\/v2\/product_brand?post=292282"},{"taxonomy":"product_cat","embeddable":true,"href":"https:\/\/www.miomiorun.com\/fr\/wp-json\/wp\/v2\/product_cat?post=292282"},{"taxonomy":"product_tag","embeddable":true,"href":"https:\/\/www.miomiorun.com\/fr\/wp-json\/wp\/v2\/product_tag?post=292282"}],"curies":[{"name":"wp","href":"https:\/\/api.w.org\/{rel}","templated":true}]}}