{"id":292046,"date":"2024-07-11T14:37:33","date_gmt":"2024-07-11T12:37:33","guid":{"rendered":"https:\/\/miomiorun.com\/prodotto\/experience-form-donna\/"},"modified":"2026-05-08T22:06:49","modified_gmt":"2026-05-08T20:06:49","slug":"experience-form-donna","status":"publish","type":"product","link":"https:\/\/www.miomiorun.com\/fr\/produit\/experience-form-donna\/","title":{"rendered":"Experience Form femme"},"content":{"rendered":"<div class=\"vc-row container\"><div class=\"vc-column\"><div class=\"vc-column-text\"><\/p>\n<p><strong>Caract\u00e9ristiques techniques<\/strong><\/p>\n<p>Cat\u00e9gorie : amorti mod\u00e9r\u00e9<br \/>\nHauteur des crampons : 28mm\/32mm<br \/>\nD\u00e9calage : 4 mm<br \/>\nPoids : 221 g<br \/>\nId\u00e9al pour : les coureurs \u00e0 la recherche d&#8217;une chaussure rapide, l\u00e9g\u00e8re et amortissante qui offre le bon soutien pendant les longues courses.<br \/>\nPoids de l&#8217;athl\u00e8te : 60-75 kg<br \/>\nAllure de course : moyenne-rapide (4,00-5,30 min\/km)<br \/>\n<a href=\"https:\/\/miomiorun.com\/fr\/guide-des-specificites\/\">Guide des sp\u00e9cifications<\/a><\/p>\n<p><\/div><\/div><div class=\"vc-column\"><div class=\"vc-column-text\"><\/p>\n<h2>La chaussure Experience Form offre un soutien pour des kilom\u00e8tres de course faciles, avec un amorti de 4 mm, une technologie de soutien et une semelle interm\u00e9diaire l\u00e9g\u00e8re.<\/h2>\n<p>La chaussure <strong>Experience Form<\/strong> pour femme offre un soutien pour des kilom\u00e8tres de course faciles, avec une semelle interm\u00e9diaire l\u00e9g\u00e8re, une technologie de soutien et un amorti de 4 mm.<\/p>\n<h2>Affrontez les entra\u00eenements quotidiens et les longues courses d&#8217;entra\u00eenement avec facilit\u00e9, et courez des kilom\u00e8tres avec une chaussure de soutien qui s&#8217;adapte \u00e0 chacun de vos mouvements.<\/h2>\n<p>La semelle interm\u00e9diaire en mousse moul\u00e9e par compression, l\u00e9g\u00e8re et r\u00e9active, favorise une meilleure efficacit\u00e9. Elle est dot\u00e9e de la technologie GuideRail\u2122, qui encourage la position naturelle du pied avec un soutien doux pour une conduite plus stable. Associ\u00e9 au profil rocker de la chaussure, le faible drop de 4 mm assure un d\u00e9collage efficace et un roulement en douceur \u00e0 chaque pas. Avec la caract\u00e9ristique d&#8217;ajustement FootShape d&#8217;Altra, vous b\u00e9n\u00e9ficiez d&#8217;une bo\u00eete \u00e0 orteils spacieuse et d&#8217;un soutien au milieu du pied pour un mouvement naturel.<\/p>\n<h3>Ressentez la fluidit\u00e9 de vos pas avec le soutien et la performance dont vous avez besoin.<\/h3>\n<h3>Caract\u00e9ristiques :<\/h3>\n<ul>\n<li>Semelle interm\u00e9diaire : mousse EVA l\u00e9g\u00e8re moul\u00e9e par compression<\/li>\n<li>Semelle ext\u00e9rieure : caoutchouc<\/li>\n<li>Hauteur des crampons : 28mm\/32mm<\/li>\n<li>Hauteur de chute : 4 mm<\/li>\n<li>Partie sup\u00e9rieure : Maille technique bicolore<\/li>\n<li>Forme du pied : Standard<\/li>\n<li>Famille : Exp\u00e9rience<\/li>\n<li>Amortissement : Mod\u00e9r\u00e9<\/li>\n<li>Ligne : Route<\/li>\n<\/ul>\n<h2>Technologies<\/h2>\n<h3>GUIDERAIL<\/h3>\n<p>Un soutien dynamique qui agit comme une glissi\u00e8re de s\u00e9curit\u00e9 sur l&#8217;autoroute et qui peut vous guider uniquement lorsque vous en avez besoin.<\/p>\n<h3>FORME ROCKER<\/h3>\n<p>La forme rocker est con\u00e7ue pour donner la sensation d&#8217;\u00eatre propuls\u00e9 vers l&#8217;avant \u00e0 chaque pas et fournit une garde au sol efficace sans compromettre votre foul\u00e9e naturelle.<\/p>\n<h3>AJUSTEMENT NATUREL<\/h3>\n<p>Avec une bo\u00eete \u00e0 orteils spacieuse, ces chaussures sont faites pour courir dans le confort et vous permettre de bouger naturellement.<\/p>\n<h3>SEMELLE INTERM\u00c9DIAIRE EN MOUSSE EVA<\/h3>\n<p>Semelle interm\u00e9diaire en mousse comprim\u00e9e, l\u00e9g\u00e8re et r\u00e9active, pour une foul\u00e9e plus naturelle et des performances plus efficaces.<\/div><\/div><\/div>\n","protected":false},"excerpt":{"rendered":"<ul>\n<li>La chaussure id\u00e9ale pour l&#8217;entra\u00eenement et la course rapide.<\/li>\n<li>Chaussure stable qui apporte du soutien lors de la course sur route.<\/li>\n<\/ul>\n","protected":false},"featured_media":248036,"template":"","meta":{"_acf_changed":false,"inline_featured_image":false},"product_brand":[],"product_cat":[24435,24433],"product_tag":[23458,23672],"class_list":{"0":"post-292046","1":"product","2":"type-product","3":"status-publish","4":"has-post-thumbnail","6":"product_cat-chaussures-pour-femmes-fr","7":"product_cat-les-ecuries","8":"product_tag-altra-fr","9":"product_tag-altra-femme","10":"pa_attivita-marcher","11":"pa_attivita-running-fr","12":"pa_colore-experience-form-w-blue-gray-fr","13":"pa_marca-altra-fr","14":"pa_sesso-femme","15":"pa_size-38-fr","17":"first","18":"instock","19":"taxable","20":"shipping-taxable","21":"purchasable","22":"product-type-variable","23":"wvs-archive-product-wrapper"},"acf":[],"yoast_head":"<!-- This site is optimized with the Yoast SEO plugin v26.8 - https:\/\/yoast.com\/product\/yoast-seo-wordpress\/ -->\n<title>Altra Experience Form femme - chaussures de course - MioMioRun.com<\/title>\n<meta name=\"description\" content=\"La chaussure Experience Form offre un soutien pour des kilom\u00e8tres de course faciles, avec un amorti de 4 mm, une technologie de soutien et une semelle interm\u00e9diaire l\u00e9g\u00e8re.\" \/>\n<meta name=\"robots\" content=\"index, follow, max-snippet:-1, max-image-preview:large, max-video-preview:-1\" \/>\n<link rel=\"canonical\" href=\"https:\/\/www.miomiorun.com\/fr\/produit\/experience-form-donna\/\" \/>\n<meta property=\"og:locale\" content=\"fr_FR\" \/>\n<meta property=\"og:type\" content=\"article\" \/>\n<meta property=\"og:title\" content=\"Altra Experience Form femme - chaussures de course - MioMioRun.com\" \/>\n<meta property=\"og:description\" content=\"La chaussure Experience Form offre un soutien pour des kilom\u00e8tres de course faciles, avec un amorti de 4 mm, une technologie de soutien et une semelle interm\u00e9diaire l\u00e9g\u00e8re.\" \/>\n<meta property=\"og:url\" content=\"https:\/\/www.miomiorun.com\/fr\/produit\/experience-form-donna\/\" \/>\n<meta property=\"og:site_name\" content=\"MioMioRun\" \/>\n<meta property=\"article:publisher\" content=\"https:\/\/www.facebook.com\/miomiorun\/\" \/>\n<meta property=\"article:modified_time\" content=\"2026-05-08T20:06:49+00:00\" \/>\n<meta property=\"og:image\" content=\"https:\/\/www.miomiorun.com\/app\/uploads\/2024\/08\/Altra-Experience-form-W-blue-gray-AL0A85NU4201.webp\" \/>\n\t<meta property=\"og:image:width\" content=\"600\" \/>\n\t<meta property=\"og:image:height\" content=\"600\" \/>\n\t<meta property=\"og:image:type\" content=\"image\/webp\" \/>\n<meta name=\"twitter:card\" content=\"summary_large_image\" \/>\n<meta name=\"twitter:label1\" content=\"Est. reading time\" \/>\n\t<meta name=\"twitter:data1\" content=\"2 minutes\" \/>\n<script type=\"application\/ld+json\" class=\"yoast-schema-graph\">{\"@context\":\"https:\/\/schema.org\",\"@graph\":[{\"@type\":\"WebPage\",\"@id\":\"https:\/\/www.miomiorun.com\/fr\/produit\/experience-form-donna\/\",\"url\":\"https:\/\/www.miomiorun.com\/fr\/produit\/experience-form-donna\/\",\"name\":\"Altra Experience Form femme - chaussures de course - MioMioRun.com\",\"isPartOf\":{\"@id\":\"https:\/\/www.miomiorun.com\/fr\/#website\"},\"primaryImageOfPage\":{\"@id\":\"https:\/\/www.miomiorun.com\/fr\/produit\/experience-form-donna\/#primaryimage\"},\"image\":{\"@id\":\"https:\/\/www.miomiorun.com\/fr\/produit\/experience-form-donna\/#primaryimage\"},\"thumbnailUrl\":\"https:\/\/www.miomiorun.com\/app\/uploads\/2024\/08\/Altra-Experience-form-W-blue-gray-AL0A85NU4201.webp\",\"datePublished\":\"2024-07-11T12:37:33+00:00\",\"dateModified\":\"2026-05-08T20:06:49+00:00\",\"description\":\"La chaussure Experience Form offre un soutien pour des kilom\u00e8tres de course faciles, avec un amorti de 4 mm, une technologie de soutien et une semelle interm\u00e9diaire l\u00e9g\u00e8re.\",\"breadcrumb\":{\"@id\":\"https:\/\/www.miomiorun.com\/fr\/produit\/experience-form-donna\/#breadcrumb\"},\"inLanguage\":\"fr-FR\",\"potentialAction\":[{\"@type\":\"ReadAction\",\"target\":[\"https:\/\/www.miomiorun.com\/fr\/produit\/experience-form-donna\/\"]}]},{\"@type\":\"ImageObject\",\"inLanguage\":\"fr-FR\",\"@id\":\"https:\/\/www.miomiorun.com\/fr\/produit\/experience-form-donna\/#primaryimage\",\"url\":\"https:\/\/www.miomiorun.com\/app\/uploads\/2024\/08\/Altra-Experience-form-W-blue-gray-AL0A85NU4201.webp\",\"contentUrl\":\"https:\/\/www.miomiorun.com\/app\/uploads\/2024\/08\/Altra-Experience-form-W-blue-gray-AL0A85NU4201.webp\",\"width\":600,\"height\":600,\"caption\":\"Altra Experience form W blue gray AL0A85NU4201\"},{\"@type\":\"BreadcrumbList\",\"@id\":\"https:\/\/www.miomiorun.com\/fr\/produit\/experience-form-donna\/#breadcrumb\",\"itemListElement\":[{\"@type\":\"ListItem\",\"position\":1,\"name\":\"Home\",\"item\":\"https:\/\/www.miomiorun.com\/fr\/home-page\/\"},{\"@type\":\"ListItem\",\"position\":2,\"name\":\"Shop\",\"item\":\"https:\/\/www.miomiorun.com\/shop\/\"},{\"@type\":\"ListItem\",\"position\":3,\"name\":\"Experience Form femme\"}]},{\"@type\":\"WebSite\",\"@id\":\"https:\/\/www.miomiorun.com\/fr\/#website\",\"url\":\"https:\/\/www.miomiorun.com\/fr\/\",\"name\":\"MioMioRun\",\"description\":\"Boutique 100% running et trail\",\"publisher\":{\"@id\":\"https:\/\/www.miomiorun.com\/fr\/#organization\"},\"potentialAction\":[{\"@type\":\"SearchAction\",\"target\":{\"@type\":\"EntryPoint\",\"urlTemplate\":\"https:\/\/www.miomiorun.com\/fr\/?s={search_term_string}\"},\"query-input\":{\"@type\":\"PropertyValueSpecification\",\"valueRequired\":true,\"valueName\":\"search_term_string\"}}],\"inLanguage\":\"fr-FR\"},{\"@type\":\"Organization\",\"@id\":\"https:\/\/www.miomiorun.com\/fr\/#organization\",\"name\":\"MioMio Run\",\"url\":\"https:\/\/www.miomiorun.com\/fr\/\",\"logo\":{\"@type\":\"ImageObject\",\"inLanguage\":\"fr-FR\",\"@id\":\"https:\/\/www.miomiorun.com\/fr\/#\/schema\/logo\/image\/\",\"url\":\"https:\/\/www.miomiorun.com\/app\/uploads\/2019\/12\/logomio.png\",\"contentUrl\":\"https:\/\/www.miomiorun.com\/app\/uploads\/2019\/12\/logomio.png\",\"width\":115,\"height\":82,\"caption\":\"MioMio Run\"},\"image\":{\"@id\":\"https:\/\/www.miomiorun.com\/fr\/#\/schema\/logo\/image\/\"},\"sameAs\":[\"https:\/\/www.facebook.com\/miomiorun\/\",\"https:\/\/www.instagram.com\/miomiorun\/\"]}]}<\/script>\n<!-- \/ Yoast SEO plugin. -->","yoast_head_json":{"title":"Altra Experience Form femme - chaussures de course - MioMioRun.com","description":"La chaussure Experience Form offre un soutien pour des kilom\u00e8tres de course faciles, avec un amorti de 4 mm, une technologie de soutien et une semelle interm\u00e9diaire l\u00e9g\u00e8re.","robots":{"index":"index","follow":"follow","max-snippet":"max-snippet:-1","max-image-preview":"max-image-preview:large","max-video-preview":"max-video-preview:-1"},"canonical":"https:\/\/www.miomiorun.com\/fr\/produit\/experience-form-donna\/","og_locale":"fr_FR","og_type":"article","og_title":"Altra Experience Form femme - chaussures de course - MioMioRun.com","og_description":"La chaussure Experience Form offre un soutien pour des kilom\u00e8tres de course faciles, avec un amorti de 4 mm, une technologie de soutien et une semelle interm\u00e9diaire l\u00e9g\u00e8re.","og_url":"https:\/\/www.miomiorun.com\/fr\/produit\/experience-form-donna\/","og_site_name":"MioMioRun","article_publisher":"https:\/\/www.facebook.com\/miomiorun\/","article_modified_time":"2026-05-08T20:06:49+00:00","og_image":[{"width":600,"height":600,"url":"https:\/\/www.miomiorun.com\/app\/uploads\/2024\/08\/Altra-Experience-form-W-blue-gray-AL0A85NU4201.webp","type":"image\/webp"}],"twitter_card":"summary_large_image","twitter_misc":{"Est. reading time":"2 minutes"},"schema":{"@context":"https:\/\/schema.org","@graph":[{"@type":"WebPage","@id":"https:\/\/www.miomiorun.com\/fr\/produit\/experience-form-donna\/","url":"https:\/\/www.miomiorun.com\/fr\/produit\/experience-form-donna\/","name":"Altra Experience Form femme - chaussures de course - MioMioRun.com","isPartOf":{"@id":"https:\/\/www.miomiorun.com\/fr\/#website"},"primaryImageOfPage":{"@id":"https:\/\/www.miomiorun.com\/fr\/produit\/experience-form-donna\/#primaryimage"},"image":{"@id":"https:\/\/www.miomiorun.com\/fr\/produit\/experience-form-donna\/#primaryimage"},"thumbnailUrl":"https:\/\/www.miomiorun.com\/app\/uploads\/2024\/08\/Altra-Experience-form-W-blue-gray-AL0A85NU4201.webp","datePublished":"2024-07-11T12:37:33+00:00","dateModified":"2026-05-08T20:06:49+00:00","description":"La chaussure Experience Form offre un soutien pour des kilom\u00e8tres de course faciles, avec un amorti de 4 mm, une technologie de soutien et une semelle interm\u00e9diaire l\u00e9g\u00e8re.","breadcrumb":{"@id":"https:\/\/www.miomiorun.com\/fr\/produit\/experience-form-donna\/#breadcrumb"},"inLanguage":"fr-FR","potentialAction":[{"@type":"ReadAction","target":["https:\/\/www.miomiorun.com\/fr\/produit\/experience-form-donna\/"]}]},{"@type":"ImageObject","inLanguage":"fr-FR","@id":"https:\/\/www.miomiorun.com\/fr\/produit\/experience-form-donna\/#primaryimage","url":"https:\/\/www.miomiorun.com\/app\/uploads\/2024\/08\/Altra-Experience-form-W-blue-gray-AL0A85NU4201.webp","contentUrl":"https:\/\/www.miomiorun.com\/app\/uploads\/2024\/08\/Altra-Experience-form-W-blue-gray-AL0A85NU4201.webp","width":600,"height":600,"caption":"Altra Experience form W blue gray AL0A85NU4201"},{"@type":"BreadcrumbList","@id":"https:\/\/www.miomiorun.com\/fr\/produit\/experience-form-donna\/#breadcrumb","itemListElement":[{"@type":"ListItem","position":1,"name":"Home","item":"https:\/\/www.miomiorun.com\/fr\/home-page\/"},{"@type":"ListItem","position":2,"name":"Shop","item":"https:\/\/www.miomiorun.com\/shop\/"},{"@type":"ListItem","position":3,"name":"Experience Form femme"}]},{"@type":"WebSite","@id":"https:\/\/www.miomiorun.com\/fr\/#website","url":"https:\/\/www.miomiorun.com\/fr\/","name":"MioMioRun","description":"Boutique 100% running et trail","publisher":{"@id":"https:\/\/www.miomiorun.com\/fr\/#organization"},"potentialAction":[{"@type":"SearchAction","target":{"@type":"EntryPoint","urlTemplate":"https:\/\/www.miomiorun.com\/fr\/?s={search_term_string}"},"query-input":{"@type":"PropertyValueSpecification","valueRequired":true,"valueName":"search_term_string"}}],"inLanguage":"fr-FR"},{"@type":"Organization","@id":"https:\/\/www.miomiorun.com\/fr\/#organization","name":"MioMio Run","url":"https:\/\/www.miomiorun.com\/fr\/","logo":{"@type":"ImageObject","inLanguage":"fr-FR","@id":"https:\/\/www.miomiorun.com\/fr\/#\/schema\/logo\/image\/","url":"https:\/\/www.miomiorun.com\/app\/uploads\/2019\/12\/logomio.png","contentUrl":"https:\/\/www.miomiorun.com\/app\/uploads\/2019\/12\/logomio.png","width":115,"height":82,"caption":"MioMio Run"},"image":{"@id":"https:\/\/www.miomiorun.com\/fr\/#\/schema\/logo\/image\/"},"sameAs":["https:\/\/www.facebook.com\/miomiorun\/","https:\/\/www.instagram.com\/miomiorun\/"]}]}},"_links":{"self":[{"href":"https:\/\/www.miomiorun.com\/fr\/wp-json\/wp\/v2\/product\/292046","targetHints":{"allow":["GET"]}}],"collection":[{"href":"https:\/\/www.miomiorun.com\/fr\/wp-json\/wp\/v2\/product"}],"about":[{"href":"https:\/\/www.miomiorun.com\/fr\/wp-json\/wp\/v2\/types\/product"}],"wp:featuredmedia":[{"embeddable":true,"href":"https:\/\/www.miomiorun.com\/fr\/wp-json\/wp\/v2\/media\/248036"}],"wp:attachment":[{"href":"https:\/\/www.miomiorun.com\/fr\/wp-json\/wp\/v2\/media?parent=292046"}],"wp:term":[{"taxonomy":"product_brand","embeddable":true,"href":"https:\/\/www.miomiorun.com\/fr\/wp-json\/wp\/v2\/product_brand?post=292046"},{"taxonomy":"product_cat","embeddable":true,"href":"https:\/\/www.miomiorun.com\/fr\/wp-json\/wp\/v2\/product_cat?post=292046"},{"taxonomy":"product_tag","embeddable":true,"href":"https:\/\/www.miomiorun.com\/fr\/wp-json\/wp\/v2\/product_tag?post=292046"}],"curies":[{"name":"wp","href":"https:\/\/api.w.org\/{rel}","templated":true}]}}