{"id":291755,"date":"2024-07-24T17:09:19","date_gmt":"2024-07-24T15:09:19","guid":{"rendered":"https:\/\/miomiorun.com\/prodotto\/noosa-tri-16-uomo\/"},"modified":"2025-06-11T12:04:23","modified_gmt":"2025-06-11T10:04:23","slug":"noosa-tri-16-homme","status":"publish","type":"product","link":"https:\/\/www.miomiorun.com\/fr\/produit\/noosa-tri-16-homme\/","title":{"rendered":"Noosa Tri 16 homme"},"content":{"rendered":"<div class=\"vc-row container\"><div class=\"vc-column\"><div class=\"vc-column-text\"><\/p>\n<h4>Caract\u00e9ristiques techniques<\/h4>\n<p>Cat\u00e9gorie : Amortissement r\u00e9actif<br \/>\nD\u00e9calage : 5mm<br \/>\nPoids : 217 g<br \/>\nId\u00e9al pour : Cette chaussure est id\u00e9ale pour les athl\u00e8tes rapides et pour l&#8217;entra\u00eenement \u00e0 la course. Gr\u00e2ce \u00e0 son amorti souple et r\u00e9actif, elle convient \u00e9galement aux athl\u00e8tes moins performants qui recherchent une chaussure r\u00e9active pour des s\u00e9ances d&#8217;entra\u00eenement courtes \u00e0 moyennes.<br \/>\nPoids de l&#8217;athl\u00e8te : &lt; 70 kg<br \/>\nAllure de course : &lt; 4,30 min\/km<br \/>\n<a href=\"https:\/\/miomiorun.com\/fr\/guide-des-specificites\/\">Guide des sp\u00e9cifications<\/a><\/p>\n<p><\/div><\/div><div class=\"vc-column\"><div class=\"vc-column-text\">La <strong>NOOSA TRI 16<\/strong> pour hommes est con\u00e7ue pour une rupture r\u00e9active et une \u00e9conomie d&#8217;\u00e9nergie avanc\u00e9e.<\/p>\n<p>La tige aux couleurs vives et aux motifs uniques est fabriqu\u00e9e en mesh respirant pour garder les pieds au frais et assurer un maximum de confort.<\/p>\n<p>L&#8217;amorti FF BLAST PLUS de la semelle interm\u00e9diaire assure une absorption des chocs douce et l\u00e9g\u00e8re sous le pied.<\/p>\n<h3><\/h3>\n<h3>Caract\u00e9ristiques :<\/h3>\n<p>&nbsp;<\/p>\n<ul>\n<li class=\"small-reg\">\n<div class=\"small-bold\"><strong>Amortissement FF BLAST PLUS.<\/strong><\/div>\n<p>Notre mat\u00e9riau d&#8217;amorti le plus souple et le plus l\u00e9ger.<\/li>\n<li class=\"small-reg\">\n<div class=\"small-bold\"><strong>SYST\u00c8ME DE GUIDAGE 3D.<\/strong><\/div>\n<p>Fournit une stabilit\u00e9 adaptative pour tous les besoins<\/li>\n<li class=\"small-reg\">\n<div class=\"small-bold\"><strong>Tige en maille renforc\u00e9e.<\/strong><\/div>\n<p>Am\u00e9liore la respirabilit\u00e9<\/li>\n<li class=\"small-reg\">\n<div class=\"small-bold\"><strong>Semelle ext\u00e9rieure ASICSGRIP.<\/strong><\/div>\n<p>Contribue \u00e0 am\u00e9liorer la durabilit\u00e9<\/li>\n<li class=\"small-reg\">\n<div class=\"small-bold\"><strong>La semelle est fabriqu\u00e9e \u00e0 l&#8217;aide d&#8217;un proc\u00e9d\u00e9 de teinture en solution, qui r\u00e9duit la consommation d&#8217;eau d&#8217;environ 33 % et les \u00e9missions de carbone d&#8217;environ 45 % par rapport \u00e0 la technologie de teinture traditionnelle.<\/strong><\/div>\n<p>Une conception qui assure un contact total avec le sol<\/li>\n<li class=\"small-reg\">\n<div class=\"small-bold\"><strong>Pour une conduite plus souple et plus efficace.<\/strong><\/div>\n<\/li>\n<\/ul>\n<h2>D\u00e9velopp\u00e9 pour&#8230;<\/h2>\n<h3 class=\"pdp-pronation__flexParent__child-header small-bold\">Neutre<\/h3>\n<ul class=\"pdp-pronation__flexParent__child-details\">\n<li class=\"pdp-pronation__flexParent__child-details-list\">\n<h4 class=\"pdp-pronation__flexParent__child-details-header small-bold\">Type de pied<\/h4>\n<div class=\"pdp-pronation__flexParent__child-details-inner small-reg\">Vo\u00fbte plantaire normale<\/div>\n<\/li>\n<li class=\"pdp-pronation__flexParent__child-details-list\">\n<h4 class=\"pdp-pronation__flexParent__child-details-header small-bold\">Pouss\u00e9e<\/h4>\n<div class=\"pdp-pronation__flexParent__child-details-inner small-reg\">La r\u00e9partition est \u00e9quilibr\u00e9e \u00e0 l&#8217;avant du pied.<\/div>\n<\/li>\n<li class=\"pdp-pronation__flexParent__child-details-list\">\n<h4 class=\"pdp-pronation__flexParent__child-details-header small-bold\">Comment le pied repose-t-il sur le sol ?<\/h4>\n<div class=\"pdp-pronation__flexParent__child-details-inner small-reg\">Le pied repose sur l&#8217;ext\u00e9rieur par rapport \u00e0 la ligne du talon, puis tourne vers l&#8217;int\u00e9rieur (en pronation) pour absorber les chocs et supporter le poids du corps.<\/div>\n<\/li>\n<\/ul>\n<p><\/div><\/div><\/div>\n","protected":false},"excerpt":{"rendered":"<ul class=\"m-long-description__features\">\n<li class=\"m-long-description__feature\">Ultral\u00e9ger, r\u00e9actif et ultra doux.<\/li>\n<li class=\"m-long-description__feature\">Transitions rapides.<\/li>\n<\/ul>\n","protected":false},"featured_media":328687,"template":"","meta":{"_acf_changed":false,"inline_featured_image":false},"product_brand":[],"product_cat":[24448,24447],"product_tag":[23560,23667],"class_list":{"0":"post-291755","1":"product","2":"type-product","3":"status-publish","4":"has-post-thumbnail","6":"product_cat-chaussures-pour-hommes-fr","7":"product_cat-neutre-fr-3","8":"product_tag-asics-fr","9":"product_tag-asics-homme","10":"pa_attivita-lifestyle-fr","11":"pa_attivita-running-fr","12":"pa_colore-noosa-tri-16-orange-glow-flash-red-fr","13":"pa_marca-asics-fr","14":"pa_sesso-homme","15":"pa_size-42-fr","17":"first","18":"instock","19":"sale","20":"taxable","21":"shipping-taxable","22":"purchasable","23":"product-type-variable","24":"wvs-archive-product-wrapper"},"acf":[],"yoast_head":"<!-- This site is optimized with the Yoast SEO plugin v26.8 - https:\/\/yoast.com\/product\/yoast-seo-wordpress\/ -->\n<title>Asics Noosa Tri 16 homme - chaussures de course- MioMioRun.com<\/title>\n<meta name=\"description\" content=\"La NOOSA TRI 16 pour hommes est con\u00e7ue pour une rupture r\u00e9active et une conservation avanc\u00e9e de l&#039;\u00e9nergie. La tige aux couleurs vives et aux motifs uniques\" \/>\n<meta name=\"robots\" content=\"index, follow, max-snippet:-1, max-image-preview:large, max-video-preview:-1\" \/>\n<link rel=\"canonical\" href=\"https:\/\/www.miomiorun.com\/fr\/produit\/noosa-tri-16-homme\/\" \/>\n<meta property=\"og:locale\" content=\"fr_FR\" \/>\n<meta property=\"og:type\" content=\"article\" \/>\n<meta property=\"og:title\" content=\"Asics Noosa Tri 16 homme - chaussures de course- MioMioRun.com\" \/>\n<meta property=\"og:description\" content=\"La NOOSA TRI 16 pour hommes est con\u00e7ue pour une rupture r\u00e9active et une conservation avanc\u00e9e de l&#039;\u00e9nergie. La tige aux couleurs vives et aux motifs uniques\" \/>\n<meta property=\"og:url\" content=\"https:\/\/www.miomiorun.com\/fr\/produit\/noosa-tri-16-homme\/\" \/>\n<meta property=\"og:site_name\" content=\"MioMioRun\" \/>\n<meta property=\"article:publisher\" content=\"https:\/\/www.facebook.com\/miomiorun\/\" \/>\n<meta property=\"article:modified_time\" content=\"2025-06-11T10:04:23+00:00\" \/>\n<meta property=\"og:image\" content=\"https:\/\/www.miomiorun.com\/app\/uploads\/2025\/07\/asics-Noosa-Tri-16-orange-glow-flash-red-1011B872-800.webp\" \/>\n\t<meta property=\"og:image:width\" content=\"600\" \/>\n\t<meta property=\"og:image:height\" content=\"600\" \/>\n\t<meta property=\"og:image:type\" content=\"image\/webp\" \/>\n<meta name=\"twitter:card\" content=\"summary_large_image\" \/>\n<meta name=\"twitter:label1\" content=\"Est. reading time\" \/>\n\t<meta name=\"twitter:data1\" content=\"2 minutes\" \/>\n<script type=\"application\/ld+json\" class=\"yoast-schema-graph\">{\"@context\":\"https:\/\/schema.org\",\"@graph\":[{\"@type\":\"WebPage\",\"@id\":\"https:\/\/www.miomiorun.com\/fr\/produit\/noosa-tri-16-homme\/\",\"url\":\"https:\/\/www.miomiorun.com\/fr\/produit\/noosa-tri-16-homme\/\",\"name\":\"Asics Noosa Tri 16 homme - chaussures de course- MioMioRun.com\",\"isPartOf\":{\"@id\":\"https:\/\/www.miomiorun.com\/fr\/#website\"},\"primaryImageOfPage\":{\"@id\":\"https:\/\/www.miomiorun.com\/fr\/produit\/noosa-tri-16-homme\/#primaryimage\"},\"image\":{\"@id\":\"https:\/\/www.miomiorun.com\/fr\/produit\/noosa-tri-16-homme\/#primaryimage\"},\"thumbnailUrl\":\"https:\/\/www.miomiorun.com\/app\/uploads\/2025\/07\/asics-Noosa-Tri-16-orange-glow-flash-red-1011B872-800.webp\",\"datePublished\":\"2024-07-24T15:09:19+00:00\",\"dateModified\":\"2025-06-11T10:04:23+00:00\",\"description\":\"La NOOSA TRI 16 pour hommes est con\u00e7ue pour une rupture r\u00e9active et une conservation avanc\u00e9e de l'\u00e9nergie. La tige aux couleurs vives et aux motifs uniques\",\"breadcrumb\":{\"@id\":\"https:\/\/www.miomiorun.com\/fr\/produit\/noosa-tri-16-homme\/#breadcrumb\"},\"inLanguage\":\"fr-FR\",\"potentialAction\":[{\"@type\":\"ReadAction\",\"target\":[\"https:\/\/www.miomiorun.com\/fr\/produit\/noosa-tri-16-homme\/\"]}]},{\"@type\":\"ImageObject\",\"inLanguage\":\"fr-FR\",\"@id\":\"https:\/\/www.miomiorun.com\/fr\/produit\/noosa-tri-16-homme\/#primaryimage\",\"url\":\"https:\/\/www.miomiorun.com\/app\/uploads\/2025\/07\/asics-Noosa-Tri-16-orange-glow-flash-red-1011B872-800.webp\",\"contentUrl\":\"https:\/\/www.miomiorun.com\/app\/uploads\/2025\/07\/asics-Noosa-Tri-16-orange-glow-flash-red-1011B872-800.webp\",\"width\":600,\"height\":600,\"caption\":\"asics Noosa Tri 16 orange glow flash red 1011B872 800\"},{\"@type\":\"BreadcrumbList\",\"@id\":\"https:\/\/www.miomiorun.com\/fr\/produit\/noosa-tri-16-homme\/#breadcrumb\",\"itemListElement\":[{\"@type\":\"ListItem\",\"position\":1,\"name\":\"Home\",\"item\":\"https:\/\/www.miomiorun.com\/fr\/home-page\/\"},{\"@type\":\"ListItem\",\"position\":2,\"name\":\"Shop\",\"item\":\"https:\/\/www.miomiorun.com\/shop\/\"},{\"@type\":\"ListItem\",\"position\":3,\"name\":\"Noosa Tri 16 homme\"}]},{\"@type\":\"WebSite\",\"@id\":\"https:\/\/www.miomiorun.com\/fr\/#website\",\"url\":\"https:\/\/www.miomiorun.com\/fr\/\",\"name\":\"MioMioRun\",\"description\":\"Boutique 100% running et trail\",\"publisher\":{\"@id\":\"https:\/\/www.miomiorun.com\/fr\/#organization\"},\"potentialAction\":[{\"@type\":\"SearchAction\",\"target\":{\"@type\":\"EntryPoint\",\"urlTemplate\":\"https:\/\/www.miomiorun.com\/fr\/?s={search_term_string}\"},\"query-input\":{\"@type\":\"PropertyValueSpecification\",\"valueRequired\":true,\"valueName\":\"search_term_string\"}}],\"inLanguage\":\"fr-FR\"},{\"@type\":\"Organization\",\"@id\":\"https:\/\/www.miomiorun.com\/fr\/#organization\",\"name\":\"MioMio Run\",\"url\":\"https:\/\/www.miomiorun.com\/fr\/\",\"logo\":{\"@type\":\"ImageObject\",\"inLanguage\":\"fr-FR\",\"@id\":\"https:\/\/www.miomiorun.com\/fr\/#\/schema\/logo\/image\/\",\"url\":\"https:\/\/www.miomiorun.com\/app\/uploads\/2019\/12\/logomio.png\",\"contentUrl\":\"https:\/\/www.miomiorun.com\/app\/uploads\/2019\/12\/logomio.png\",\"width\":115,\"height\":82,\"caption\":\"MioMio Run\"},\"image\":{\"@id\":\"https:\/\/www.miomiorun.com\/fr\/#\/schema\/logo\/image\/\"},\"sameAs\":[\"https:\/\/www.facebook.com\/miomiorun\/\",\"https:\/\/www.instagram.com\/miomiorun\/\"]}]}<\/script>\n<!-- \/ Yoast SEO plugin. -->","yoast_head_json":{"title":"Asics Noosa Tri 16 homme - chaussures de course- MioMioRun.com","description":"La NOOSA TRI 16 pour hommes est con\u00e7ue pour une rupture r\u00e9active et une conservation avanc\u00e9e de l'\u00e9nergie. La tige aux couleurs vives et aux motifs uniques","robots":{"index":"index","follow":"follow","max-snippet":"max-snippet:-1","max-image-preview":"max-image-preview:large","max-video-preview":"max-video-preview:-1"},"canonical":"https:\/\/www.miomiorun.com\/fr\/produit\/noosa-tri-16-homme\/","og_locale":"fr_FR","og_type":"article","og_title":"Asics Noosa Tri 16 homme - chaussures de course- MioMioRun.com","og_description":"La NOOSA TRI 16 pour hommes est con\u00e7ue pour une rupture r\u00e9active et une conservation avanc\u00e9e de l'\u00e9nergie. La tige aux couleurs vives et aux motifs uniques","og_url":"https:\/\/www.miomiorun.com\/fr\/produit\/noosa-tri-16-homme\/","og_site_name":"MioMioRun","article_publisher":"https:\/\/www.facebook.com\/miomiorun\/","article_modified_time":"2025-06-11T10:04:23+00:00","og_image":[{"width":600,"height":600,"url":"https:\/\/www.miomiorun.com\/app\/uploads\/2025\/07\/asics-Noosa-Tri-16-orange-glow-flash-red-1011B872-800.webp","type":"image\/webp"}],"twitter_card":"summary_large_image","twitter_misc":{"Est. reading time":"2 minutes"},"schema":{"@context":"https:\/\/schema.org","@graph":[{"@type":"WebPage","@id":"https:\/\/www.miomiorun.com\/fr\/produit\/noosa-tri-16-homme\/","url":"https:\/\/www.miomiorun.com\/fr\/produit\/noosa-tri-16-homme\/","name":"Asics Noosa Tri 16 homme - chaussures de course- MioMioRun.com","isPartOf":{"@id":"https:\/\/www.miomiorun.com\/fr\/#website"},"primaryImageOfPage":{"@id":"https:\/\/www.miomiorun.com\/fr\/produit\/noosa-tri-16-homme\/#primaryimage"},"image":{"@id":"https:\/\/www.miomiorun.com\/fr\/produit\/noosa-tri-16-homme\/#primaryimage"},"thumbnailUrl":"https:\/\/www.miomiorun.com\/app\/uploads\/2025\/07\/asics-Noosa-Tri-16-orange-glow-flash-red-1011B872-800.webp","datePublished":"2024-07-24T15:09:19+00:00","dateModified":"2025-06-11T10:04:23+00:00","description":"La NOOSA TRI 16 pour hommes est con\u00e7ue pour une rupture r\u00e9active et une conservation avanc\u00e9e de l'\u00e9nergie. La tige aux couleurs vives et aux motifs uniques","breadcrumb":{"@id":"https:\/\/www.miomiorun.com\/fr\/produit\/noosa-tri-16-homme\/#breadcrumb"},"inLanguage":"fr-FR","potentialAction":[{"@type":"ReadAction","target":["https:\/\/www.miomiorun.com\/fr\/produit\/noosa-tri-16-homme\/"]}]},{"@type":"ImageObject","inLanguage":"fr-FR","@id":"https:\/\/www.miomiorun.com\/fr\/produit\/noosa-tri-16-homme\/#primaryimage","url":"https:\/\/www.miomiorun.com\/app\/uploads\/2025\/07\/asics-Noosa-Tri-16-orange-glow-flash-red-1011B872-800.webp","contentUrl":"https:\/\/www.miomiorun.com\/app\/uploads\/2025\/07\/asics-Noosa-Tri-16-orange-glow-flash-red-1011B872-800.webp","width":600,"height":600,"caption":"asics Noosa Tri 16 orange glow flash red 1011B872 800"},{"@type":"BreadcrumbList","@id":"https:\/\/www.miomiorun.com\/fr\/produit\/noosa-tri-16-homme\/#breadcrumb","itemListElement":[{"@type":"ListItem","position":1,"name":"Home","item":"https:\/\/www.miomiorun.com\/fr\/home-page\/"},{"@type":"ListItem","position":2,"name":"Shop","item":"https:\/\/www.miomiorun.com\/shop\/"},{"@type":"ListItem","position":3,"name":"Noosa Tri 16 homme"}]},{"@type":"WebSite","@id":"https:\/\/www.miomiorun.com\/fr\/#website","url":"https:\/\/www.miomiorun.com\/fr\/","name":"MioMioRun","description":"Boutique 100% running et trail","publisher":{"@id":"https:\/\/www.miomiorun.com\/fr\/#organization"},"potentialAction":[{"@type":"SearchAction","target":{"@type":"EntryPoint","urlTemplate":"https:\/\/www.miomiorun.com\/fr\/?s={search_term_string}"},"query-input":{"@type":"PropertyValueSpecification","valueRequired":true,"valueName":"search_term_string"}}],"inLanguage":"fr-FR"},{"@type":"Organization","@id":"https:\/\/www.miomiorun.com\/fr\/#organization","name":"MioMio Run","url":"https:\/\/www.miomiorun.com\/fr\/","logo":{"@type":"ImageObject","inLanguage":"fr-FR","@id":"https:\/\/www.miomiorun.com\/fr\/#\/schema\/logo\/image\/","url":"https:\/\/www.miomiorun.com\/app\/uploads\/2019\/12\/logomio.png","contentUrl":"https:\/\/www.miomiorun.com\/app\/uploads\/2019\/12\/logomio.png","width":115,"height":82,"caption":"MioMio Run"},"image":{"@id":"https:\/\/www.miomiorun.com\/fr\/#\/schema\/logo\/image\/"},"sameAs":["https:\/\/www.facebook.com\/miomiorun\/","https:\/\/www.instagram.com\/miomiorun\/"]}]}},"_links":{"self":[{"href":"https:\/\/www.miomiorun.com\/fr\/wp-json\/wp\/v2\/product\/291755","targetHints":{"allow":["GET"]}}],"collection":[{"href":"https:\/\/www.miomiorun.com\/fr\/wp-json\/wp\/v2\/product"}],"about":[{"href":"https:\/\/www.miomiorun.com\/fr\/wp-json\/wp\/v2\/types\/product"}],"wp:featuredmedia":[{"embeddable":true,"href":"https:\/\/www.miomiorun.com\/fr\/wp-json\/wp\/v2\/media\/328687"}],"wp:attachment":[{"href":"https:\/\/www.miomiorun.com\/fr\/wp-json\/wp\/v2\/media?parent=291755"}],"wp:term":[{"taxonomy":"product_brand","embeddable":true,"href":"https:\/\/www.miomiorun.com\/fr\/wp-json\/wp\/v2\/product_brand?post=291755"},{"taxonomy":"product_cat","embeddable":true,"href":"https:\/\/www.miomiorun.com\/fr\/wp-json\/wp\/v2\/product_cat?post=291755"},{"taxonomy":"product_tag","embeddable":true,"href":"https:\/\/www.miomiorun.com\/fr\/wp-json\/wp\/v2\/product_tag?post=291755"}],"curies":[{"name":"wp","href":"https:\/\/api.w.org\/{rel}","templated":true}]}}