{"id":291752,"date":"2024-07-24T17:37:01","date_gmt":"2024-07-24T15:37:01","guid":{"rendered":"https:\/\/miomiorun.com\/prodotto\/hurricane-24-donna\/"},"modified":"2025-12-03T19:04:44","modified_gmt":"2025-12-03T18:04:44","slug":"hurricane-24-femme","status":"publish","type":"product","link":"https:\/\/www.miomiorun.com\/fr\/produit\/hurricane-24-femme\/","title":{"rendered":"Hurricane 24 femme"},"content":{"rendered":"<div class=\"vc-row container\"><div class=\"vc-column\"><div class=\"vc-column-text\"><\/p>\n<p><strong>Caract\u00e9ristiques techniques<\/strong><\/p>\n<p>Cat\u00e9gorie : amorti structur\u00e9<br \/>\nD\u00e9calage : 6 mm ( 38\/32 )<br \/>\nPoids : 279 g<br \/>\nId\u00e9al pour : les coureurs ayant tendance \u00e0 la pronation et recherchant une chaussure l\u00e9g\u00e8re, structur\u00e9e et \u00e0 la fois tr\u00e8s amortie, pour parcourir de longues distances.<br \/>\nPoids de l&#8217;athl\u00e8te : &lt;80 kg<br \/>\nAllure de course : moyenne (6 min\/km)<br \/>\n<a href=\"https:\/\/miomiorun.com\/fr\/guide-des-specificites\/\">Guide des sp\u00e9cifications techniques<\/a><\/p>\n<p><\/div><\/div><div class=\"vc-column\"><div class=\"vc-column-text\"><\/p>\n<h2 style=\"text-align: center\">Amorti maximal<\/h2>\n<p>Double dose de confort avec la nouvelle <strong>Hurricane 24<\/strong> pour femmes . Tout nouveau syst\u00e8me \u00e0 double amorti, avec mousse PWRRUN PB pour la r\u00e9activit\u00e9 \u00e9nerg\u00e9tique et mousse PWWRUN pour le maintien.<\/p>\n<p><strong>Technologie CenterPath :<\/strong> Caract\u00e9ris\u00e9e par une base plus large et un profil lat\u00e9ral plus haut pour une protection et un soutien accrus.<\/p>\n<p><strong>Conception de haute qualit\u00e9 :<\/strong> Une maille technique et respirante avec une structure s\u00fbre au niveau du talon pour envelopper le pied dans un confort qui dure toute la journ\u00e9e.<\/p>\n<h3><\/h3>\n<h3>Caract\u00e9ristiques :<\/h3>\n<ul>\n<li class=\"ep\">NIVEAU DE SOUTIEN : Stable<\/li>\n<li class=\"ep\">AMORTISSEMENT : PWRRUNPB pour la r\u00e9activit\u00e9 et PWRRUN pour le soutien.<\/li>\n<li class=\"ep\">Confort moelleux.<\/li>\n<li class=\"ep\">Vegan.<\/li>\n<li class=\"ep\">Mat\u00e9riaux recycl\u00e9s.<\/li>\n<\/ul>\n<p><\/div><\/div><\/div>\n","protected":false},"excerpt":{"rendered":"<ul>\n<li>Maille technique respirante.<\/li>\n<li>Chaussure id\u00e9ale pour les pronateurs.<\/li>\n<li>V\u00e9g\u00e9talienne.<\/li>\n<\/ul>\n","protected":false},"featured_media":247988,"template":"","meta":{"_acf_changed":false,"inline_featured_image":false},"product_brand":[],"product_cat":[24435,24433],"product_tag":[23579,33803],"class_list":{"0":"post-291752","1":"product","2":"type-product","3":"status-publish","4":"has-post-thumbnail","6":"product_cat-chaussures-pour-femmes-fr","7":"product_cat-les-ecuries","8":"product_tag-saucony-fr","9":"product_tag-saucony-donna-fr","10":"pa_attivita-lifestyle-fr","11":"pa_attivita-marcher","12":"pa_attivita-running-fr","13":"pa_colore-hurricane-24-w-black-carbon-fr","14":"pa_marca-saucony-fr","15":"pa_sesso-femme","16":"pa_size-38-fr","17":"pa_size-41-fr","19":"first","20":"instock","21":"sale","22":"taxable","23":"shipping-taxable","24":"purchasable","25":"product-type-variable","26":"wvs-archive-product-wrapper"},"acf":[],"yoast_head":"<!-- This site is optimized with the Yoast SEO plugin v26.8 - https:\/\/yoast.com\/product\/yoast-seo-wordpress\/ -->\n<title>Saucony Hurricane 24 femme - chaussures stables MioMioRun .com<\/title>\n<meta name=\"description\" content=\"Une double dose de confort avec la nouvelle Hurricane 24 pour femmes . Le tout nouveau syst\u00e8me \u00e0 double amorti et mousse PWRRUN PB\" \/>\n<meta name=\"robots\" content=\"index, follow, max-snippet:-1, max-image-preview:large, max-video-preview:-1\" \/>\n<link rel=\"canonical\" href=\"https:\/\/www.miomiorun.com\/fr\/produit\/hurricane-24-femme\/\" \/>\n<meta property=\"og:locale\" content=\"fr_FR\" \/>\n<meta property=\"og:type\" content=\"article\" \/>\n<meta property=\"og:title\" content=\"Saucony Hurricane 24 femme - chaussures stables MioMioRun .com\" \/>\n<meta property=\"og:description\" content=\"Une double dose de confort avec la nouvelle Hurricane 24 pour femmes . Le tout nouveau syst\u00e8me \u00e0 double amorti et mousse PWRRUN PB\" \/>\n<meta property=\"og:url\" content=\"https:\/\/www.miomiorun.com\/fr\/produit\/hurricane-24-femme\/\" \/>\n<meta property=\"og:site_name\" content=\"MioMioRun\" \/>\n<meta property=\"article:publisher\" content=\"https:\/\/www.facebook.com\/miomiorun\/\" \/>\n<meta property=\"article:modified_time\" content=\"2025-12-03T18:04:44+00:00\" \/>\n<meta property=\"og:image\" content=\"https:\/\/www.miomiorun.com\/app\/uploads\/2024\/07\/Saucony-Hurricane-24-W-white-foam-S10933-246.webp\" \/>\n\t<meta property=\"og:image:width\" content=\"600\" \/>\n\t<meta property=\"og:image:height\" content=\"600\" \/>\n\t<meta property=\"og:image:type\" content=\"image\/webp\" \/>\n<meta name=\"twitter:card\" content=\"summary_large_image\" \/>\n<meta name=\"twitter:label1\" content=\"Est. reading time\" \/>\n\t<meta name=\"twitter:data1\" content=\"1 minute\" \/>\n<script type=\"application\/ld+json\" class=\"yoast-schema-graph\">{\"@context\":\"https:\/\/schema.org\",\"@graph\":[{\"@type\":\"WebPage\",\"@id\":\"https:\/\/www.miomiorun.com\/fr\/produit\/hurricane-24-femme\/\",\"url\":\"https:\/\/www.miomiorun.com\/fr\/produit\/hurricane-24-femme\/\",\"name\":\"Saucony Hurricane 24 femme - chaussures stables MioMioRun .com\",\"isPartOf\":{\"@id\":\"https:\/\/www.miomiorun.com\/fr\/#website\"},\"primaryImageOfPage\":{\"@id\":\"https:\/\/www.miomiorun.com\/fr\/produit\/hurricane-24-femme\/#primaryimage\"},\"image\":{\"@id\":\"https:\/\/www.miomiorun.com\/fr\/produit\/hurricane-24-femme\/#primaryimage\"},\"thumbnailUrl\":\"https:\/\/www.miomiorun.com\/app\/uploads\/2024\/07\/Saucony-Hurricane-24-W-white-foam-S10933-246.webp\",\"datePublished\":\"2024-07-24T15:37:01+00:00\",\"dateModified\":\"2025-12-03T18:04:44+00:00\",\"description\":\"Une double dose de confort avec la nouvelle Hurricane 24 pour femmes . Le tout nouveau syst\u00e8me \u00e0 double amorti et mousse PWRRUN PB\",\"breadcrumb\":{\"@id\":\"https:\/\/www.miomiorun.com\/fr\/produit\/hurricane-24-femme\/#breadcrumb\"},\"inLanguage\":\"fr-FR\",\"potentialAction\":[{\"@type\":\"ReadAction\",\"target\":[\"https:\/\/www.miomiorun.com\/fr\/produit\/hurricane-24-femme\/\"]}]},{\"@type\":\"ImageObject\",\"inLanguage\":\"fr-FR\",\"@id\":\"https:\/\/www.miomiorun.com\/fr\/produit\/hurricane-24-femme\/#primaryimage\",\"url\":\"https:\/\/www.miomiorun.com\/app\/uploads\/2024\/07\/Saucony-Hurricane-24-W-white-foam-S10933-246.webp\",\"contentUrl\":\"https:\/\/www.miomiorun.com\/app\/uploads\/2024\/07\/Saucony-Hurricane-24-W-white-foam-S10933-246.webp\",\"width\":600,\"height\":600,\"caption\":\"Saucony Hurricane 24 W white foam S10933-246\"},{\"@type\":\"BreadcrumbList\",\"@id\":\"https:\/\/www.miomiorun.com\/fr\/produit\/hurricane-24-femme\/#breadcrumb\",\"itemListElement\":[{\"@type\":\"ListItem\",\"position\":1,\"name\":\"Home\",\"item\":\"https:\/\/www.miomiorun.com\/fr\/home-page\/\"},{\"@type\":\"ListItem\",\"position\":2,\"name\":\"Shop\",\"item\":\"https:\/\/www.miomiorun.com\/shop\/\"},{\"@type\":\"ListItem\",\"position\":3,\"name\":\"Hurricane 24 femme\"}]},{\"@type\":\"WebSite\",\"@id\":\"https:\/\/www.miomiorun.com\/fr\/#website\",\"url\":\"https:\/\/www.miomiorun.com\/fr\/\",\"name\":\"MioMioRun\",\"description\":\"Boutique 100% running et trail\",\"publisher\":{\"@id\":\"https:\/\/www.miomiorun.com\/fr\/#organization\"},\"potentialAction\":[{\"@type\":\"SearchAction\",\"target\":{\"@type\":\"EntryPoint\",\"urlTemplate\":\"https:\/\/www.miomiorun.com\/fr\/?s={search_term_string}\"},\"query-input\":{\"@type\":\"PropertyValueSpecification\",\"valueRequired\":true,\"valueName\":\"search_term_string\"}}],\"inLanguage\":\"fr-FR\"},{\"@type\":\"Organization\",\"@id\":\"https:\/\/www.miomiorun.com\/fr\/#organization\",\"name\":\"MioMio Run\",\"url\":\"https:\/\/www.miomiorun.com\/fr\/\",\"logo\":{\"@type\":\"ImageObject\",\"inLanguage\":\"fr-FR\",\"@id\":\"https:\/\/www.miomiorun.com\/fr\/#\/schema\/logo\/image\/\",\"url\":\"https:\/\/www.miomiorun.com\/app\/uploads\/2019\/12\/logomio.png\",\"contentUrl\":\"https:\/\/www.miomiorun.com\/app\/uploads\/2019\/12\/logomio.png\",\"width\":115,\"height\":82,\"caption\":\"MioMio Run\"},\"image\":{\"@id\":\"https:\/\/www.miomiorun.com\/fr\/#\/schema\/logo\/image\/\"},\"sameAs\":[\"https:\/\/www.facebook.com\/miomiorun\/\",\"https:\/\/www.instagram.com\/miomiorun\/\"]}]}<\/script>\n<!-- \/ Yoast SEO plugin. -->","yoast_head_json":{"title":"Saucony Hurricane 24 femme - chaussures stables MioMioRun .com","description":"Une double dose de confort avec la nouvelle Hurricane 24 pour femmes . Le tout nouveau syst\u00e8me \u00e0 double amorti et mousse PWRRUN PB","robots":{"index":"index","follow":"follow","max-snippet":"max-snippet:-1","max-image-preview":"max-image-preview:large","max-video-preview":"max-video-preview:-1"},"canonical":"https:\/\/www.miomiorun.com\/fr\/produit\/hurricane-24-femme\/","og_locale":"fr_FR","og_type":"article","og_title":"Saucony Hurricane 24 femme - chaussures stables MioMioRun .com","og_description":"Une double dose de confort avec la nouvelle Hurricane 24 pour femmes . Le tout nouveau syst\u00e8me \u00e0 double amorti et mousse PWRRUN PB","og_url":"https:\/\/www.miomiorun.com\/fr\/produit\/hurricane-24-femme\/","og_site_name":"MioMioRun","article_publisher":"https:\/\/www.facebook.com\/miomiorun\/","article_modified_time":"2025-12-03T18:04:44+00:00","og_image":[{"width":600,"height":600,"url":"https:\/\/www.miomiorun.com\/app\/uploads\/2024\/07\/Saucony-Hurricane-24-W-white-foam-S10933-246.webp","type":"image\/webp"}],"twitter_card":"summary_large_image","twitter_misc":{"Est. reading time":"1 minute"},"schema":{"@context":"https:\/\/schema.org","@graph":[{"@type":"WebPage","@id":"https:\/\/www.miomiorun.com\/fr\/produit\/hurricane-24-femme\/","url":"https:\/\/www.miomiorun.com\/fr\/produit\/hurricane-24-femme\/","name":"Saucony Hurricane 24 femme - chaussures stables MioMioRun .com","isPartOf":{"@id":"https:\/\/www.miomiorun.com\/fr\/#website"},"primaryImageOfPage":{"@id":"https:\/\/www.miomiorun.com\/fr\/produit\/hurricane-24-femme\/#primaryimage"},"image":{"@id":"https:\/\/www.miomiorun.com\/fr\/produit\/hurricane-24-femme\/#primaryimage"},"thumbnailUrl":"https:\/\/www.miomiorun.com\/app\/uploads\/2024\/07\/Saucony-Hurricane-24-W-white-foam-S10933-246.webp","datePublished":"2024-07-24T15:37:01+00:00","dateModified":"2025-12-03T18:04:44+00:00","description":"Une double dose de confort avec la nouvelle Hurricane 24 pour femmes . Le tout nouveau syst\u00e8me \u00e0 double amorti et mousse PWRRUN PB","breadcrumb":{"@id":"https:\/\/www.miomiorun.com\/fr\/produit\/hurricane-24-femme\/#breadcrumb"},"inLanguage":"fr-FR","potentialAction":[{"@type":"ReadAction","target":["https:\/\/www.miomiorun.com\/fr\/produit\/hurricane-24-femme\/"]}]},{"@type":"ImageObject","inLanguage":"fr-FR","@id":"https:\/\/www.miomiorun.com\/fr\/produit\/hurricane-24-femme\/#primaryimage","url":"https:\/\/www.miomiorun.com\/app\/uploads\/2024\/07\/Saucony-Hurricane-24-W-white-foam-S10933-246.webp","contentUrl":"https:\/\/www.miomiorun.com\/app\/uploads\/2024\/07\/Saucony-Hurricane-24-W-white-foam-S10933-246.webp","width":600,"height":600,"caption":"Saucony Hurricane 24 W white foam S10933-246"},{"@type":"BreadcrumbList","@id":"https:\/\/www.miomiorun.com\/fr\/produit\/hurricane-24-femme\/#breadcrumb","itemListElement":[{"@type":"ListItem","position":1,"name":"Home","item":"https:\/\/www.miomiorun.com\/fr\/home-page\/"},{"@type":"ListItem","position":2,"name":"Shop","item":"https:\/\/www.miomiorun.com\/shop\/"},{"@type":"ListItem","position":3,"name":"Hurricane 24 femme"}]},{"@type":"WebSite","@id":"https:\/\/www.miomiorun.com\/fr\/#website","url":"https:\/\/www.miomiorun.com\/fr\/","name":"MioMioRun","description":"Boutique 100% running et trail","publisher":{"@id":"https:\/\/www.miomiorun.com\/fr\/#organization"},"potentialAction":[{"@type":"SearchAction","target":{"@type":"EntryPoint","urlTemplate":"https:\/\/www.miomiorun.com\/fr\/?s={search_term_string}"},"query-input":{"@type":"PropertyValueSpecification","valueRequired":true,"valueName":"search_term_string"}}],"inLanguage":"fr-FR"},{"@type":"Organization","@id":"https:\/\/www.miomiorun.com\/fr\/#organization","name":"MioMio Run","url":"https:\/\/www.miomiorun.com\/fr\/","logo":{"@type":"ImageObject","inLanguage":"fr-FR","@id":"https:\/\/www.miomiorun.com\/fr\/#\/schema\/logo\/image\/","url":"https:\/\/www.miomiorun.com\/app\/uploads\/2019\/12\/logomio.png","contentUrl":"https:\/\/www.miomiorun.com\/app\/uploads\/2019\/12\/logomio.png","width":115,"height":82,"caption":"MioMio Run"},"image":{"@id":"https:\/\/www.miomiorun.com\/fr\/#\/schema\/logo\/image\/"},"sameAs":["https:\/\/www.facebook.com\/miomiorun\/","https:\/\/www.instagram.com\/miomiorun\/"]}]}},"_links":{"self":[{"href":"https:\/\/www.miomiorun.com\/fr\/wp-json\/wp\/v2\/product\/291752","targetHints":{"allow":["GET"]}}],"collection":[{"href":"https:\/\/www.miomiorun.com\/fr\/wp-json\/wp\/v2\/product"}],"about":[{"href":"https:\/\/www.miomiorun.com\/fr\/wp-json\/wp\/v2\/types\/product"}],"wp:featuredmedia":[{"embeddable":true,"href":"https:\/\/www.miomiorun.com\/fr\/wp-json\/wp\/v2\/media\/247988"}],"wp:attachment":[{"href":"https:\/\/www.miomiorun.com\/fr\/wp-json\/wp\/v2\/media?parent=291752"}],"wp:term":[{"taxonomy":"product_brand","embeddable":true,"href":"https:\/\/www.miomiorun.com\/fr\/wp-json\/wp\/v2\/product_brand?post=291752"},{"taxonomy":"product_cat","embeddable":true,"href":"https:\/\/www.miomiorun.com\/fr\/wp-json\/wp\/v2\/product_cat?post=291752"},{"taxonomy":"product_tag","embeddable":true,"href":"https:\/\/www.miomiorun.com\/fr\/wp-json\/wp\/v2\/product_tag?post=291752"}],"curies":[{"name":"wp","href":"https:\/\/api.w.org\/{rel}","templated":true}]}}