{"id":291684,"date":"2024-04-17T16:50:57","date_gmt":"2024-04-17T14:50:57","guid":{"rendered":"https:\/\/miomiorun.com\/prodotto\/travel-2-bermuda-uomo\/"},"modified":"2026-05-08T22:06:18","modified_gmt":"2026-05-08T20:06:18","slug":"bermudes-travel-2-hommes","status":"publish","type":"product","link":"https:\/\/www.miomiorun.com\/fr\/produit\/bermudes-travel-2-hommes\/","title":{"rendered":"Bermudes Travel 2 hommes"},"content":{"rendered":"<p><strong>Bermuda Travel 2<\/strong> pour hommes : fonctionnalit\u00e9 et \u00e9l\u00e9gance pour vos excursions estivales.<\/p>\n<p>Le tissu en nylon extensible dans les deux sens vous offre une libert\u00e9 de mouvement maximale et absorbe la transpiration pour vous donner une sensation de fra\u00eecheur permanente. La poche arri\u00e8re zipp\u00e9e vous permet de ranger vos affaires en toute s\u00e9curit\u00e9 ; pour un acc\u00e8s rapide, vous pouvez utiliser les poches lat\u00e9rales et les poches pour les mains. La taille \u00e9lastique confortable avec passants de ceinture vous permet d&#8217;ajuster la coupe sans sacrifier le confort.<\/p>\n<h3 style=\"text-align: center;\">Fonctionnel et \u00e9l\u00e9gant, le bermuda Travel 2 pour homme est id\u00e9al pour les randonn\u00e9es en montagne et les promenades en ville.<\/h3>\n<p><strong>Caract\u00e9ristiques :<\/strong><\/p>\n<ul class=\"tw-list-disc\">\n<li class=\"tw-text-xs\">Bermuda pour hommes<\/li>\n<li class=\"tw-text-xs\">Tissu nylon extensible<\/li>\n<li class=\"tw-text-xs\">Ceinture avec \u00e9lastique et passants, ouverture par bouton et fermeture \u00e0 glissi\u00e8re<\/li>\n<li class=\"tw-text-xs\">Poches ouvertes sur les mains, poches zipp\u00e9es sur les hanches, poche arri\u00e8re zipp\u00e9e<\/li>\n<li class=\"tw-text-xs\">V\u00eatement id\u00e9al pour diverses activit\u00e9s de plein air<\/li>\n<li class=\"tw-text-xs\">Poids : 160,0 g<\/li>\n<\/ul>\n<h3><\/h3>\n<p>&nbsp;<\/p>\n<div class=\"content__image-wrapper tw-w-fit\">\n<div class=\"content__image tw-relative tw-w-[5rem]\"><img loading=\"lazy\" decoding=\"async\" class=\"tw-absolute tw-top-0 tw-left-0 tw-w-full tw-h-full\" src=\"https:\/\/www.montura.com\/cdn\/shop\/files\/004_Breathable_Black.svg?v=1709125473&amp;width=200\" srcset=\"\/\/www.montura.com\/cdn\/shop\/files\/004_Breathable_Black.svg?v=1709125473&amp;width=200 200w\" alt=\"\" width=\"76\" height=\"76\" \/><\/div>\n<div>Gr\u00e2ce \u00e0 des tissus respirants, ce v\u00eatement favorise la transpiration naturelle de la peau et maintient le corps \u00e0 une temp\u00e9rature optimale.<\/div>\n<\/div>\n<div><\/div>\n<h2>Id\u00e9al pour :<\/h2>\n<p>&nbsp;<\/p>\n<div>\n<div class=\"content__image-wrapper tw-w-fit\">\n<div class=\"content__image tw-relative tw-w-[5rem]\"><img loading=\"lazy\" decoding=\"async\" class=\"tw-absolute tw-top-0 tw-left-0 tw-w-full tw-h-full\" src=\"https:\/\/www.montura.com\/cdn\/shop\/files\/017_TrekkingHiking_Black.svg?v=1709126467&amp;width=200\" srcset=\"\/\/www.montura.com\/cdn\/shop\/files\/017_TrekkingHiking_Black.svg?v=1709126467&amp;width=200 200w\" alt=\"\" width=\"94\" height=\"94\" \/><\/div>\n<div>\n<h3 class=\"tw-text-s tw-pt-[1.2rem] tw-pb-[0.4rem] tw-font-medium\">Trekking \/ Randonn\u00e9e<\/h3>\n<\/div>\n<\/div>\n<\/div>\n","protected":false},"excerpt":{"rendered":"<ul>\n<li>Bermuda id\u00e9al pour les randonn\u00e9es en montagne comme pour les balades en ville.<\/li>\n<li>Excellente respirabilit\u00e9 pour une peau toujours fra\u00eeche et s\u00e8che.<\/li>\n<\/ul>\n","protected":false},"featured_media":246618,"template":"","meta":{"_acf_changed":false,"inline_featured_image":false},"product_brand":[],"product_cat":[24477,24482,24484],"product_tag":[23512,23524],"class_list":{"0":"post-291684","1":"product","2":"type-product","3":"status-publish","4":"has-post-thumbnail","6":"product_cat-pantalon-court-fr-3","7":"product_cat-vetements-pour-hommes-fr","8":"product_cat-homme","9":"product_tag-montura-fr","10":"product_tag-montura-homme","11":"pa_attivita-marcher","12":"pa_attivita-outdoor-fr","13":"pa_colore-travel-2-bermuda-nero-fr","14":"pa_colore-travel-2-bermuda-verde-salvia-fr","15":"pa_marca-montura-fr","16":"pa_sesso-homme","17":"pa_size-medium-fr","18":"pa_size-large-fr","20":"first","21":"instock","22":"sale","23":"taxable","24":"shipping-taxable","25":"purchasable","26":"product-type-variable","27":"wvs-archive-product-wrapper"},"acf":[],"yoast_head":"<!-- This site is optimized with the Yoast SEO plugin v26.8 - https:\/\/yoast.com\/product\/yoast-seo-wordpress\/ -->\n<title>Montura Bermudes Travel 2 hommes - Shorts pour hommes - MioMioRun<\/title>\n<meta name=\"description\" content=\"Bermuda Travel 2 pour hommes : fonctionnalit\u00e9 et \u00e9l\u00e9gance pour vos excursions estivales. Le tissu en nylon extensible dans les deux sens vous offre une libert\u00e9 de mouvement maximale\" \/>\n<meta name=\"robots\" content=\"index, follow, max-snippet:-1, max-image-preview:large, max-video-preview:-1\" \/>\n<link rel=\"canonical\" href=\"https:\/\/www.miomiorun.com\/fr\/produit\/bermudes-travel-2-hommes\/\" \/>\n<meta property=\"og:locale\" content=\"fr_FR\" \/>\n<meta property=\"og:type\" content=\"article\" \/>\n<meta property=\"og:title\" content=\"Montura Bermudes Travel 2 hommes - Shorts pour hommes - MioMioRun\" \/>\n<meta property=\"og:description\" content=\"Bermuda Travel 2 pour hommes : fonctionnalit\u00e9 et \u00e9l\u00e9gance pour vos excursions estivales. Le tissu en nylon extensible dans les deux sens vous offre une libert\u00e9 de mouvement maximale\" \/>\n<meta property=\"og:url\" content=\"https:\/\/www.miomiorun.com\/fr\/produit\/bermudes-travel-2-hommes\/\" \/>\n<meta property=\"og:site_name\" content=\"MioMioRun\" \/>\n<meta property=\"article:publisher\" content=\"https:\/\/www.facebook.com\/miomiorun\/\" \/>\n<meta property=\"article:modified_time\" content=\"2026-05-08T20:06:18+00:00\" \/>\n<meta property=\"og:image\" content=\"https:\/\/www.miomiorun.com\/app\/uploads\/2024\/04\/Montura-Travel-2-bermuda-nero-MPBG21X-90.webp\" \/>\n\t<meta property=\"og:image:width\" content=\"600\" \/>\n\t<meta property=\"og:image:height\" content=\"600\" \/>\n\t<meta property=\"og:image:type\" content=\"image\/webp\" \/>\n<meta name=\"twitter:card\" content=\"summary_large_image\" \/>\n<meta name=\"twitter:label1\" content=\"Est. reading time\" \/>\n\t<meta name=\"twitter:data1\" content=\"1 minute\" \/>\n<script type=\"application\/ld+json\" class=\"yoast-schema-graph\">{\"@context\":\"https:\/\/schema.org\",\"@graph\":[{\"@type\":\"WebPage\",\"@id\":\"https:\/\/www.miomiorun.com\/fr\/produit\/bermudes-travel-2-hommes\/\",\"url\":\"https:\/\/www.miomiorun.com\/fr\/produit\/bermudes-travel-2-hommes\/\",\"name\":\"Montura Bermudes Travel 2 hommes - Shorts pour hommes - MioMioRun\",\"isPartOf\":{\"@id\":\"https:\/\/www.miomiorun.com\/fr\/#website\"},\"primaryImageOfPage\":{\"@id\":\"https:\/\/www.miomiorun.com\/fr\/produit\/bermudes-travel-2-hommes\/#primaryimage\"},\"image\":{\"@id\":\"https:\/\/www.miomiorun.com\/fr\/produit\/bermudes-travel-2-hommes\/#primaryimage\"},\"thumbnailUrl\":\"https:\/\/www.miomiorun.com\/app\/uploads\/2024\/04\/Montura-Travel-2-bermuda-nero-MPBG21X-90.webp\",\"datePublished\":\"2024-04-17T14:50:57+00:00\",\"dateModified\":\"2026-05-08T20:06:18+00:00\",\"description\":\"Bermuda Travel 2 pour hommes : fonctionnalit\u00e9 et \u00e9l\u00e9gance pour vos excursions estivales. Le tissu en nylon extensible dans les deux sens vous offre une libert\u00e9 de mouvement maximale\",\"breadcrumb\":{\"@id\":\"https:\/\/www.miomiorun.com\/fr\/produit\/bermudes-travel-2-hommes\/#breadcrumb\"},\"inLanguage\":\"fr-FR\",\"potentialAction\":[{\"@type\":\"ReadAction\",\"target\":[\"https:\/\/www.miomiorun.com\/fr\/produit\/bermudes-travel-2-hommes\/\"]}]},{\"@type\":\"ImageObject\",\"inLanguage\":\"fr-FR\",\"@id\":\"https:\/\/www.miomiorun.com\/fr\/produit\/bermudes-travel-2-hommes\/#primaryimage\",\"url\":\"https:\/\/www.miomiorun.com\/app\/uploads\/2024\/04\/Montura-Travel-2-bermuda-nero-MPBG21X-90.webp\",\"contentUrl\":\"https:\/\/www.miomiorun.com\/app\/uploads\/2024\/04\/Montura-Travel-2-bermuda-nero-MPBG21X-90.webp\",\"width\":600,\"height\":600,\"caption\":\"Montura Travel 2 bermuda nero MPBG21X 90\"},{\"@type\":\"BreadcrumbList\",\"@id\":\"https:\/\/www.miomiorun.com\/fr\/produit\/bermudes-travel-2-hommes\/#breadcrumb\",\"itemListElement\":[{\"@type\":\"ListItem\",\"position\":1,\"name\":\"Home\",\"item\":\"https:\/\/www.miomiorun.com\/fr\/home-page\/\"},{\"@type\":\"ListItem\",\"position\":2,\"name\":\"Shop\",\"item\":\"https:\/\/www.miomiorun.com\/shop\/\"},{\"@type\":\"ListItem\",\"position\":3,\"name\":\"Bermudes Travel 2 hommes\"}]},{\"@type\":\"WebSite\",\"@id\":\"https:\/\/www.miomiorun.com\/fr\/#website\",\"url\":\"https:\/\/www.miomiorun.com\/fr\/\",\"name\":\"MioMioRun\",\"description\":\"Boutique 100% running et trail\",\"publisher\":{\"@id\":\"https:\/\/www.miomiorun.com\/fr\/#organization\"},\"potentialAction\":[{\"@type\":\"SearchAction\",\"target\":{\"@type\":\"EntryPoint\",\"urlTemplate\":\"https:\/\/www.miomiorun.com\/fr\/?s={search_term_string}\"},\"query-input\":{\"@type\":\"PropertyValueSpecification\",\"valueRequired\":true,\"valueName\":\"search_term_string\"}}],\"inLanguage\":\"fr-FR\"},{\"@type\":\"Organization\",\"@id\":\"https:\/\/www.miomiorun.com\/fr\/#organization\",\"name\":\"MioMio Run\",\"url\":\"https:\/\/www.miomiorun.com\/fr\/\",\"logo\":{\"@type\":\"ImageObject\",\"inLanguage\":\"fr-FR\",\"@id\":\"https:\/\/www.miomiorun.com\/fr\/#\/schema\/logo\/image\/\",\"url\":\"https:\/\/www.miomiorun.com\/app\/uploads\/2019\/12\/logomio.png\",\"contentUrl\":\"https:\/\/www.miomiorun.com\/app\/uploads\/2019\/12\/logomio.png\",\"width\":115,\"height\":82,\"caption\":\"MioMio Run\"},\"image\":{\"@id\":\"https:\/\/www.miomiorun.com\/fr\/#\/schema\/logo\/image\/\"},\"sameAs\":[\"https:\/\/www.facebook.com\/miomiorun\/\",\"https:\/\/www.instagram.com\/miomiorun\/\"]}]}<\/script>\n<!-- \/ Yoast SEO plugin. -->","yoast_head_json":{"title":"Montura Bermudes Travel 2 hommes - Shorts pour hommes - MioMioRun","description":"Bermuda Travel 2 pour hommes : fonctionnalit\u00e9 et \u00e9l\u00e9gance pour vos excursions estivales. Le tissu en nylon extensible dans les deux sens vous offre une libert\u00e9 de mouvement maximale","robots":{"index":"index","follow":"follow","max-snippet":"max-snippet:-1","max-image-preview":"max-image-preview:large","max-video-preview":"max-video-preview:-1"},"canonical":"https:\/\/www.miomiorun.com\/fr\/produit\/bermudes-travel-2-hommes\/","og_locale":"fr_FR","og_type":"article","og_title":"Montura Bermudes Travel 2 hommes - Shorts pour hommes - MioMioRun","og_description":"Bermuda Travel 2 pour hommes : fonctionnalit\u00e9 et \u00e9l\u00e9gance pour vos excursions estivales. Le tissu en nylon extensible dans les deux sens vous offre une libert\u00e9 de mouvement maximale","og_url":"https:\/\/www.miomiorun.com\/fr\/produit\/bermudes-travel-2-hommes\/","og_site_name":"MioMioRun","article_publisher":"https:\/\/www.facebook.com\/miomiorun\/","article_modified_time":"2026-05-08T20:06:18+00:00","og_image":[{"width":600,"height":600,"url":"https:\/\/www.miomiorun.com\/app\/uploads\/2024\/04\/Montura-Travel-2-bermuda-nero-MPBG21X-90.webp","type":"image\/webp"}],"twitter_card":"summary_large_image","twitter_misc":{"Est. reading time":"1 minute"},"schema":{"@context":"https:\/\/schema.org","@graph":[{"@type":"WebPage","@id":"https:\/\/www.miomiorun.com\/fr\/produit\/bermudes-travel-2-hommes\/","url":"https:\/\/www.miomiorun.com\/fr\/produit\/bermudes-travel-2-hommes\/","name":"Montura Bermudes Travel 2 hommes - Shorts pour hommes - MioMioRun","isPartOf":{"@id":"https:\/\/www.miomiorun.com\/fr\/#website"},"primaryImageOfPage":{"@id":"https:\/\/www.miomiorun.com\/fr\/produit\/bermudes-travel-2-hommes\/#primaryimage"},"image":{"@id":"https:\/\/www.miomiorun.com\/fr\/produit\/bermudes-travel-2-hommes\/#primaryimage"},"thumbnailUrl":"https:\/\/www.miomiorun.com\/app\/uploads\/2024\/04\/Montura-Travel-2-bermuda-nero-MPBG21X-90.webp","datePublished":"2024-04-17T14:50:57+00:00","dateModified":"2026-05-08T20:06:18+00:00","description":"Bermuda Travel 2 pour hommes : fonctionnalit\u00e9 et \u00e9l\u00e9gance pour vos excursions estivales. Le tissu en nylon extensible dans les deux sens vous offre une libert\u00e9 de mouvement maximale","breadcrumb":{"@id":"https:\/\/www.miomiorun.com\/fr\/produit\/bermudes-travel-2-hommes\/#breadcrumb"},"inLanguage":"fr-FR","potentialAction":[{"@type":"ReadAction","target":["https:\/\/www.miomiorun.com\/fr\/produit\/bermudes-travel-2-hommes\/"]}]},{"@type":"ImageObject","inLanguage":"fr-FR","@id":"https:\/\/www.miomiorun.com\/fr\/produit\/bermudes-travel-2-hommes\/#primaryimage","url":"https:\/\/www.miomiorun.com\/app\/uploads\/2024\/04\/Montura-Travel-2-bermuda-nero-MPBG21X-90.webp","contentUrl":"https:\/\/www.miomiorun.com\/app\/uploads\/2024\/04\/Montura-Travel-2-bermuda-nero-MPBG21X-90.webp","width":600,"height":600,"caption":"Montura Travel 2 bermuda nero MPBG21X 90"},{"@type":"BreadcrumbList","@id":"https:\/\/www.miomiorun.com\/fr\/produit\/bermudes-travel-2-hommes\/#breadcrumb","itemListElement":[{"@type":"ListItem","position":1,"name":"Home","item":"https:\/\/www.miomiorun.com\/fr\/home-page\/"},{"@type":"ListItem","position":2,"name":"Shop","item":"https:\/\/www.miomiorun.com\/shop\/"},{"@type":"ListItem","position":3,"name":"Bermudes Travel 2 hommes"}]},{"@type":"WebSite","@id":"https:\/\/www.miomiorun.com\/fr\/#website","url":"https:\/\/www.miomiorun.com\/fr\/","name":"MioMioRun","description":"Boutique 100% running et trail","publisher":{"@id":"https:\/\/www.miomiorun.com\/fr\/#organization"},"potentialAction":[{"@type":"SearchAction","target":{"@type":"EntryPoint","urlTemplate":"https:\/\/www.miomiorun.com\/fr\/?s={search_term_string}"},"query-input":{"@type":"PropertyValueSpecification","valueRequired":true,"valueName":"search_term_string"}}],"inLanguage":"fr-FR"},{"@type":"Organization","@id":"https:\/\/www.miomiorun.com\/fr\/#organization","name":"MioMio Run","url":"https:\/\/www.miomiorun.com\/fr\/","logo":{"@type":"ImageObject","inLanguage":"fr-FR","@id":"https:\/\/www.miomiorun.com\/fr\/#\/schema\/logo\/image\/","url":"https:\/\/www.miomiorun.com\/app\/uploads\/2019\/12\/logomio.png","contentUrl":"https:\/\/www.miomiorun.com\/app\/uploads\/2019\/12\/logomio.png","width":115,"height":82,"caption":"MioMio Run"},"image":{"@id":"https:\/\/www.miomiorun.com\/fr\/#\/schema\/logo\/image\/"},"sameAs":["https:\/\/www.facebook.com\/miomiorun\/","https:\/\/www.instagram.com\/miomiorun\/"]}]}},"_links":{"self":[{"href":"https:\/\/www.miomiorun.com\/fr\/wp-json\/wp\/v2\/product\/291684","targetHints":{"allow":["GET"]}}],"collection":[{"href":"https:\/\/www.miomiorun.com\/fr\/wp-json\/wp\/v2\/product"}],"about":[{"href":"https:\/\/www.miomiorun.com\/fr\/wp-json\/wp\/v2\/types\/product"}],"wp:featuredmedia":[{"embeddable":true,"href":"https:\/\/www.miomiorun.com\/fr\/wp-json\/wp\/v2\/media\/246618"}],"wp:attachment":[{"href":"https:\/\/www.miomiorun.com\/fr\/wp-json\/wp\/v2\/media?parent=291684"}],"wp:term":[{"taxonomy":"product_brand","embeddable":true,"href":"https:\/\/www.miomiorun.com\/fr\/wp-json\/wp\/v2\/product_brand?post=291684"},{"taxonomy":"product_cat","embeddable":true,"href":"https:\/\/www.miomiorun.com\/fr\/wp-json\/wp\/v2\/product_cat?post=291684"},{"taxonomy":"product_tag","embeddable":true,"href":"https:\/\/www.miomiorun.com\/fr\/wp-json\/wp\/v2\/product_tag?post=291684"}],"curies":[{"name":"wp","href":"https:\/\/api.w.org\/{rel}","templated":true}]}}