{"id":291674,"date":"2024-04-17T17:34:27","date_gmt":"2024-04-17T15:34:27","guid":{"rendered":"https:\/\/miomiorun.com\/prodotto\/timeless-maglia-donna\/"},"modified":"2025-12-06T11:16:35","modified_gmt":"2025-12-06T10:16:35","slug":"timeless-pull-femme","status":"publish","type":"product","link":"https:\/\/www.miomiorun.com\/fr\/produit\/timeless-pull-femme\/","title":{"rendered":"Timeless Pull femme"},"content":{"rendered":"<div class=\"product-attribute product-attribute-passion\">\n<p><strong>Sweat Timeless<\/strong> pour femme : protection, l\u00e9g\u00e8ret\u00e9 et respirabilit\u00e9 pour grimper en \u00e9t\u00e9 dans un confort optimal.<\/p>\n<p>Fabriqu\u00e9 en tissu recycl\u00e9 Deltapeak\u2122 haute densit\u00e9, ce sweat technique \u00e0 capuche est respirant, l\u00e9ger et r\u00e9sistant aux d\u00e9chirures.<\/p>\n<p>Le tissu offre une protection contre les rayons UV, ce qui le rend parfait pour les longues voies ou l&#8217;alpinisme sous le soleil. La fermeture \u00e9clair centrale pratique vous permet de vous rafra\u00eechir lorsque la temp\u00e9rature augmente, tandis que le bas du torse \u00e9lastique assure un ajustement toujours parfait. Les poches lat\u00e9rales pour les mains sont confortables et polyvalentes.<\/p>\n<p style=\"text-align: center\"><strong> Avec le sweat-shirt Timeless pour femme, vous pouvez faire de l&#8217;escalade ou de la randonn\u00e9e en toute s\u00e9curit\u00e9 et dans un confort optimal. <\/strong><\/p>\n<h3><strong>Caract\u00e9ristiques :<\/strong><\/h3>\n<ul class=\"tw-list-disc\">\n<li class=\"tw-text-xs\">Pull ouvert \u00e0 capuche pour femme<\/li>\n<li class=\"tw-text-xs\">Tissu Deltapeak\u2122 \u00e0 structure haute densit\u00e9, excellentes propri\u00e9t\u00e9s de s\u00e9chage rapide et protection contre les rayons UV<\/li>\n<li class=\"tw-text-xs\">Fermeture \u00e9clair au centre sur le devant, poches ouvertes pour les mains<\/li>\n<li class=\"tw-text-xs\">Bas \u00e9lastiqu\u00e9<\/li>\n<li class=\"tw-text-xs\">V\u00eatement id\u00e9al pour l&#8217;escalade et diverses activit\u00e9s de plein air<\/li>\n<li>Poids : 230,0 g<\/li>\n<\/ul>\n<div class=\"content__image-wrapper tw-w-fit\">\n<div><\/div>\n<div><\/div>\n<div><\/div>\n<div class=\"content__image tw-relative tw-w-[5rem]\"><img loading=\"lazy\" decoding=\"async\" class=\"tw-absolute tw-top-0 tw-left-0 tw-w-full tw-h-full\" src=\"https:\/\/www.montura.com\/cdn\/shop\/files\/004_Breathable_Black.svg?v=1709125473&amp;width=200\" alt=\"\" width=\"103\" height=\"103\"><\/div>\n<div>\n<h3 class=\"tw-text-s tw-pt-[1.2rem] tw-pb-[0.4rem] tw-font-medium\">Respirant<\/h3>\n<p>Gr\u00e2ce \u00e0 ses tissus respirants, ce v\u00eatement favorise la transpiration naturelle de la peau tout en maintenant le corps \u00e0 une temp\u00e9rature optimale.<\/p>\n<h3>Id\u00e9al pour :<\/h3>\n<\/div>\n<p>&nbsp;<\/p>\n<div>\n<div class=\"content__image-wrapper tw-w-fit\">\n<div class=\"content__image tw-relative tw-w-[5rem]\"><img loading=\"lazy\" decoding=\"async\" class=\"tw-absolute tw-top-0 tw-left-0 tw-w-full tw-h-full\" src=\"https:\/\/www.montura.com\/cdn\/shop\/files\/015_Everyday_Black.svg?v=1709126253&amp;width=200\" alt=\"\" width=\"93\" height=\"93\"><strong>Tous les jours<\/strong><\/div>\n<\/div>\n<\/div>\n<\/div>\n<\/div>\n<div><\/div>\n<div><\/div>\n<div>\n<div class=\"content__image-wrapper tw-w-fit\">\n<div class=\"content__image tw-relative tw-w-[5rem]\"><img loading=\"lazy\" decoding=\"async\" class=\"tw-absolute tw-top-0 tw-left-0 tw-w-full tw-h-full\" src=\"https:\/\/www.montura.com\/cdn\/shop\/files\/019_Climbing_Black.svg?v=1709126445&amp;width=200\" alt=\"\" width=\"72\" height=\"95\">&nbsp; <strong>Escalade<\/strong><\/div>\n<\/div>\n<\/div>\n","protected":false},"excerpt":{"rendered":"<ul>\n<li>Sweat-shirt l\u00e9ger et respirant<\/li>\n<li>Id\u00e9al pour les activit\u00e9s de plein air<\/li>\n<\/ul>\n","protected":false},"featured_media":265210,"template":"","meta":{"_acf_changed":false,"inline_featured_image":false},"product_brand":[],"product_cat":[22601,22596,22595],"product_tag":[23512,23514],"class_list":{"0":"post-291674","1":"product","2":"type-product","3":"status-publish","4":"has-post-thumbnail","6":"product_cat-maillots","7":"product_cat-vetements-pour-femmes","8":"product_cat-femme","9":"product_tag-montura-fr","10":"product_tag-montura-femme","11":"pa_attivita-fitness-fr","12":"pa_attivita-lifestyle-fr","13":"pa_attivita-marcher","14":"pa_attivita-outdoor-fr","15":"pa_colore-timeless-maglia-w-care-blue-fr","16":"pa_colore-timeless-maglia-w-verde-salvia-fr","17":"pa_marca-montura-fr","18":"pa_sesso-femme","19":"pa_size-medium-fr","20":"pa_size-large-fr","22":"first","23":"instock","24":"sale","25":"taxable","26":"shipping-taxable","27":"purchasable","28":"product-type-variable","29":"wvs-archive-product-wrapper"},"acf":[],"yoast_head":"<!-- This site is optimized with the Yoast SEO plugin v26.8 - https:\/\/yoast.com\/product\/yoast-seo-wordpress\/ -->\n<title>Montura Timeless Pull femme - Pull d&#039;hiver - MioMioRun<\/title>\n<meta name=\"description\" content=\"Sweat-shirt Timeless pour femme : protection, l\u00e9g\u00e8ret\u00e9 et respirabilit\u00e9 pour grimper en \u00e9t\u00e9 dans un confort optimal. Fabriqu\u00e9 en tissu recycl\u00e9 Deltapeak.\" \/>\n<meta name=\"robots\" content=\"index, follow, max-snippet:-1, max-image-preview:large, max-video-preview:-1\" \/>\n<link rel=\"canonical\" href=\"https:\/\/www.miomiorun.com\/fr\/produit\/timeless-pull-femme\/\" \/>\n<meta property=\"og:locale\" content=\"fr_FR\" \/>\n<meta property=\"og:type\" content=\"article\" \/>\n<meta property=\"og:title\" content=\"Montura Timeless Pull femme - Pull d&#039;hiver - MioMioRun\" \/>\n<meta property=\"og:description\" content=\"Sweat-shirt Timeless pour femme : protection, l\u00e9g\u00e8ret\u00e9 et respirabilit\u00e9 pour grimper en \u00e9t\u00e9 dans un confort optimal. Fabriqu\u00e9 en tissu recycl\u00e9 Deltapeak.\" \/>\n<meta property=\"og:url\" content=\"https:\/\/www.miomiorun.com\/fr\/produit\/timeless-pull-femme\/\" \/>\n<meta property=\"og:site_name\" content=\"MioMioRun\" \/>\n<meta property=\"article:publisher\" content=\"https:\/\/www.facebook.com\/miomiorun\/\" \/>\n<meta property=\"article:modified_time\" content=\"2025-12-06T10:16:35+00:00\" \/>\n<meta property=\"og:image\" content=\"https:\/\/www.miomiorun.com\/app\/uploads\/2025\/03\/montura-TImeless-maglia-W-vinaccia-MMAP61W.14.webp\" \/>\n\t<meta property=\"og:image:width\" content=\"600\" \/>\n\t<meta property=\"og:image:height\" content=\"600\" \/>\n\t<meta property=\"og:image:type\" content=\"image\/webp\" \/>\n<meta name=\"twitter:card\" content=\"summary_large_image\" \/>\n<meta name=\"twitter:label1\" content=\"Est. reading time\" \/>\n\t<meta name=\"twitter:data1\" content=\"1 minute\" \/>\n<script type=\"application\/ld+json\" class=\"yoast-schema-graph\">{\"@context\":\"https:\/\/schema.org\",\"@graph\":[{\"@type\":\"WebPage\",\"@id\":\"https:\/\/www.miomiorun.com\/fr\/produit\/timeless-pull-femme\/\",\"url\":\"https:\/\/www.miomiorun.com\/fr\/produit\/timeless-pull-femme\/\",\"name\":\"Montura Timeless Pull femme - Pull d'hiver - MioMioRun\",\"isPartOf\":{\"@id\":\"https:\/\/www.miomiorun.com\/fr\/#website\"},\"primaryImageOfPage\":{\"@id\":\"https:\/\/www.miomiorun.com\/fr\/produit\/timeless-pull-femme\/#primaryimage\"},\"image\":{\"@id\":\"https:\/\/www.miomiorun.com\/fr\/produit\/timeless-pull-femme\/#primaryimage\"},\"thumbnailUrl\":\"https:\/\/www.miomiorun.com\/app\/uploads\/2025\/03\/montura-TImeless-maglia-W-vinaccia-MMAP61W.14.webp\",\"datePublished\":\"2024-04-17T15:34:27+00:00\",\"dateModified\":\"2025-12-06T10:16:35+00:00\",\"description\":\"Sweat-shirt Timeless pour femme : protection, l\u00e9g\u00e8ret\u00e9 et respirabilit\u00e9 pour grimper en \u00e9t\u00e9 dans un confort optimal. Fabriqu\u00e9 en tissu recycl\u00e9 Deltapeak.\",\"breadcrumb\":{\"@id\":\"https:\/\/www.miomiorun.com\/fr\/produit\/timeless-pull-femme\/#breadcrumb\"},\"inLanguage\":\"fr-FR\",\"potentialAction\":[{\"@type\":\"ReadAction\",\"target\":[\"https:\/\/www.miomiorun.com\/fr\/produit\/timeless-pull-femme\/\"]}]},{\"@type\":\"ImageObject\",\"inLanguage\":\"fr-FR\",\"@id\":\"https:\/\/www.miomiorun.com\/fr\/produit\/timeless-pull-femme\/#primaryimage\",\"url\":\"https:\/\/www.miomiorun.com\/app\/uploads\/2025\/03\/montura-TImeless-maglia-W-vinaccia-MMAP61W.14.webp\",\"contentUrl\":\"https:\/\/www.miomiorun.com\/app\/uploads\/2025\/03\/montura-TImeless-maglia-W-vinaccia-MMAP61W.14.webp\",\"width\":600,\"height\":600,\"caption\":\"montura TImeless maglia W vinaccia MMAP61W.14\"},{\"@type\":\"BreadcrumbList\",\"@id\":\"https:\/\/www.miomiorun.com\/fr\/produit\/timeless-pull-femme\/#breadcrumb\",\"itemListElement\":[{\"@type\":\"ListItem\",\"position\":1,\"name\":\"Home\",\"item\":\"https:\/\/www.miomiorun.com\/fr\/home-page\/\"},{\"@type\":\"ListItem\",\"position\":2,\"name\":\"Shop\",\"item\":\"https:\/\/www.miomiorun.com\/shop\/\"},{\"@type\":\"ListItem\",\"position\":3,\"name\":\"Timeless Pull femme\"}]},{\"@type\":\"WebSite\",\"@id\":\"https:\/\/www.miomiorun.com\/fr\/#website\",\"url\":\"https:\/\/www.miomiorun.com\/fr\/\",\"name\":\"MioMioRun\",\"description\":\"Boutique 100% running et trail\",\"publisher\":{\"@id\":\"https:\/\/www.miomiorun.com\/fr\/#organization\"},\"potentialAction\":[{\"@type\":\"SearchAction\",\"target\":{\"@type\":\"EntryPoint\",\"urlTemplate\":\"https:\/\/www.miomiorun.com\/fr\/?s={search_term_string}\"},\"query-input\":{\"@type\":\"PropertyValueSpecification\",\"valueRequired\":true,\"valueName\":\"search_term_string\"}}],\"inLanguage\":\"fr-FR\"},{\"@type\":\"Organization\",\"@id\":\"https:\/\/www.miomiorun.com\/fr\/#organization\",\"name\":\"MioMio Run\",\"url\":\"https:\/\/www.miomiorun.com\/fr\/\",\"logo\":{\"@type\":\"ImageObject\",\"inLanguage\":\"fr-FR\",\"@id\":\"https:\/\/www.miomiorun.com\/fr\/#\/schema\/logo\/image\/\",\"url\":\"https:\/\/www.miomiorun.com\/app\/uploads\/2019\/12\/logomio.png\",\"contentUrl\":\"https:\/\/www.miomiorun.com\/app\/uploads\/2019\/12\/logomio.png\",\"width\":115,\"height\":82,\"caption\":\"MioMio Run\"},\"image\":{\"@id\":\"https:\/\/www.miomiorun.com\/fr\/#\/schema\/logo\/image\/\"},\"sameAs\":[\"https:\/\/www.facebook.com\/miomiorun\/\",\"https:\/\/www.instagram.com\/miomiorun\/\"]}]}<\/script>\n<!-- \/ Yoast SEO plugin. -->","yoast_head_json":{"title":"Montura Timeless Pull femme - Pull d'hiver - MioMioRun","description":"Sweat-shirt Timeless pour femme : protection, l\u00e9g\u00e8ret\u00e9 et respirabilit\u00e9 pour grimper en \u00e9t\u00e9 dans un confort optimal. Fabriqu\u00e9 en tissu recycl\u00e9 Deltapeak.","robots":{"index":"index","follow":"follow","max-snippet":"max-snippet:-1","max-image-preview":"max-image-preview:large","max-video-preview":"max-video-preview:-1"},"canonical":"https:\/\/www.miomiorun.com\/fr\/produit\/timeless-pull-femme\/","og_locale":"fr_FR","og_type":"article","og_title":"Montura Timeless Pull femme - Pull d'hiver - MioMioRun","og_description":"Sweat-shirt Timeless pour femme : protection, l\u00e9g\u00e8ret\u00e9 et respirabilit\u00e9 pour grimper en \u00e9t\u00e9 dans un confort optimal. Fabriqu\u00e9 en tissu recycl\u00e9 Deltapeak.","og_url":"https:\/\/www.miomiorun.com\/fr\/produit\/timeless-pull-femme\/","og_site_name":"MioMioRun","article_publisher":"https:\/\/www.facebook.com\/miomiorun\/","article_modified_time":"2025-12-06T10:16:35+00:00","og_image":[{"width":600,"height":600,"url":"https:\/\/www.miomiorun.com\/app\/uploads\/2025\/03\/montura-TImeless-maglia-W-vinaccia-MMAP61W.14.webp","type":"image\/webp"}],"twitter_card":"summary_large_image","twitter_misc":{"Est. reading time":"1 minute"},"schema":{"@context":"https:\/\/schema.org","@graph":[{"@type":"WebPage","@id":"https:\/\/www.miomiorun.com\/fr\/produit\/timeless-pull-femme\/","url":"https:\/\/www.miomiorun.com\/fr\/produit\/timeless-pull-femme\/","name":"Montura Timeless Pull femme - Pull d'hiver - MioMioRun","isPartOf":{"@id":"https:\/\/www.miomiorun.com\/fr\/#website"},"primaryImageOfPage":{"@id":"https:\/\/www.miomiorun.com\/fr\/produit\/timeless-pull-femme\/#primaryimage"},"image":{"@id":"https:\/\/www.miomiorun.com\/fr\/produit\/timeless-pull-femme\/#primaryimage"},"thumbnailUrl":"https:\/\/www.miomiorun.com\/app\/uploads\/2025\/03\/montura-TImeless-maglia-W-vinaccia-MMAP61W.14.webp","datePublished":"2024-04-17T15:34:27+00:00","dateModified":"2025-12-06T10:16:35+00:00","description":"Sweat-shirt Timeless pour femme : protection, l\u00e9g\u00e8ret\u00e9 et respirabilit\u00e9 pour grimper en \u00e9t\u00e9 dans un confort optimal. Fabriqu\u00e9 en tissu recycl\u00e9 Deltapeak.","breadcrumb":{"@id":"https:\/\/www.miomiorun.com\/fr\/produit\/timeless-pull-femme\/#breadcrumb"},"inLanguage":"fr-FR","potentialAction":[{"@type":"ReadAction","target":["https:\/\/www.miomiorun.com\/fr\/produit\/timeless-pull-femme\/"]}]},{"@type":"ImageObject","inLanguage":"fr-FR","@id":"https:\/\/www.miomiorun.com\/fr\/produit\/timeless-pull-femme\/#primaryimage","url":"https:\/\/www.miomiorun.com\/app\/uploads\/2025\/03\/montura-TImeless-maglia-W-vinaccia-MMAP61W.14.webp","contentUrl":"https:\/\/www.miomiorun.com\/app\/uploads\/2025\/03\/montura-TImeless-maglia-W-vinaccia-MMAP61W.14.webp","width":600,"height":600,"caption":"montura TImeless maglia W vinaccia MMAP61W.14"},{"@type":"BreadcrumbList","@id":"https:\/\/www.miomiorun.com\/fr\/produit\/timeless-pull-femme\/#breadcrumb","itemListElement":[{"@type":"ListItem","position":1,"name":"Home","item":"https:\/\/www.miomiorun.com\/fr\/home-page\/"},{"@type":"ListItem","position":2,"name":"Shop","item":"https:\/\/www.miomiorun.com\/shop\/"},{"@type":"ListItem","position":3,"name":"Timeless Pull femme"}]},{"@type":"WebSite","@id":"https:\/\/www.miomiorun.com\/fr\/#website","url":"https:\/\/www.miomiorun.com\/fr\/","name":"MioMioRun","description":"Boutique 100% running et trail","publisher":{"@id":"https:\/\/www.miomiorun.com\/fr\/#organization"},"potentialAction":[{"@type":"SearchAction","target":{"@type":"EntryPoint","urlTemplate":"https:\/\/www.miomiorun.com\/fr\/?s={search_term_string}"},"query-input":{"@type":"PropertyValueSpecification","valueRequired":true,"valueName":"search_term_string"}}],"inLanguage":"fr-FR"},{"@type":"Organization","@id":"https:\/\/www.miomiorun.com\/fr\/#organization","name":"MioMio Run","url":"https:\/\/www.miomiorun.com\/fr\/","logo":{"@type":"ImageObject","inLanguage":"fr-FR","@id":"https:\/\/www.miomiorun.com\/fr\/#\/schema\/logo\/image\/","url":"https:\/\/www.miomiorun.com\/app\/uploads\/2019\/12\/logomio.png","contentUrl":"https:\/\/www.miomiorun.com\/app\/uploads\/2019\/12\/logomio.png","width":115,"height":82,"caption":"MioMio Run"},"image":{"@id":"https:\/\/www.miomiorun.com\/fr\/#\/schema\/logo\/image\/"},"sameAs":["https:\/\/www.facebook.com\/miomiorun\/","https:\/\/www.instagram.com\/miomiorun\/"]}]}},"_links":{"self":[{"href":"https:\/\/www.miomiorun.com\/fr\/wp-json\/wp\/v2\/product\/291674","targetHints":{"allow":["GET"]}}],"collection":[{"href":"https:\/\/www.miomiorun.com\/fr\/wp-json\/wp\/v2\/product"}],"about":[{"href":"https:\/\/www.miomiorun.com\/fr\/wp-json\/wp\/v2\/types\/product"}],"wp:featuredmedia":[{"embeddable":true,"href":"https:\/\/www.miomiorun.com\/fr\/wp-json\/wp\/v2\/media\/265210"}],"wp:attachment":[{"href":"https:\/\/www.miomiorun.com\/fr\/wp-json\/wp\/v2\/media?parent=291674"}],"wp:term":[{"taxonomy":"product_brand","embeddable":true,"href":"https:\/\/www.miomiorun.com\/fr\/wp-json\/wp\/v2\/product_brand?post=291674"},{"taxonomy":"product_cat","embeddable":true,"href":"https:\/\/www.miomiorun.com\/fr\/wp-json\/wp\/v2\/product_cat?post=291674"},{"taxonomy":"product_tag","embeddable":true,"href":"https:\/\/www.miomiorun.com\/fr\/wp-json\/wp\/v2\/product_tag?post=291674"}],"curies":[{"name":"wp","href":"https:\/\/api.w.org\/{rel}","templated":true}]}}