{"id":291672,"date":"2024-04-17T18:08:19","date_gmt":"2024-04-17T16:08:19","guid":{"rendered":"https:\/\/miomiorun.com\/prodotto\/domino-trekking-pants-donna\/"},"modified":"2025-06-13T15:34:29","modified_gmt":"2025-06-13T13:34:29","slug":"domino-trekking-pants-femme","status":"publish","type":"product","link":"https:\/\/www.miomiorun.com\/fr\/produit\/domino-trekking-pants-femme\/","title":{"rendered":"Domino Trekking Pants femme"},"content":{"rendered":"<div class=\"product-attribute product-attribute-featured-materials\">\n<p>Pantalon femme <strong>Domino<\/strong>: respirabilit\u00e9 et libert\u00e9 de mouvement pour la randonn\u00e9e.<\/p>\n<p>Gr\u00e2ce \u00e0 la ceinture \u00e9lastiqu\u00e9e avec cordon de serrage r\u00e9glable, ce pantalon reste s\u00fbr dans toutes les situations. Le tissu l\u00e9ger et respirant vous \u00e9vite d&#8217;avoir trop chaud, m\u00eame lorsque vous marchez pendant des heures au soleil. Les renforts aux genoux sont ultra-r\u00e9sistants aux d\u00e9chirures et \u00e0 l&#8217;abrasion et pr\u00e9viennent l&#8217;usure en cas de contact avec des rochers, tandis que le tissu extensible dans les deux sens vous permet de rester au frais en \u00e9t\u00e9 et vous offre un maximum de confort.<\/p>\n<p>\u00c9quip\u00e9 de poches zipp\u00e9es sur le devant pour ranger en toute s\u00e9curit\u00e9 des objets essentiels tels que votre t\u00e9l\u00e9phone ou vos cl\u00e9s.<\/p>\n<p style=\"text-align: center;\"><strong>Le pantalon femme Domino est confortable et durable : le compagnon id\u00e9al pour vos promenades estivales.<\/strong><\/p>\n<p><strong>Caract\u00e9ristiques :<\/strong><\/p>\n<ul class=\"tw-list-disc\">\n<li class=\"tw-text-xs\">Pantalon long pour femme<\/li>\n<li class=\"tw-text-xs\">Tissu nylon extensible<\/li>\n<li class=\"tw-text-xs\">Pi\u00e8ce de genou en nylon extensible r\u00e9sistant \u00e0 la d\u00e9chirure et \u00e0 l&#8217;abrasion<\/li>\n<li class=\"tw-text-xs\">Taille \u00e9lastiqu\u00e9e avec cordon de serrage et ouverture \u00e0 rabat<\/li>\n<li class=\"tw-text-xs\">Poches zipp\u00e9es pour les mains<\/li>\n<li class=\"tw-text-xs\">Bas avec r\u00e9glage<\/li>\n<li class=\"tw-text-xs\">V\u00eatement id\u00e9al pour diverses activit\u00e9s de plein air<\/li>\n<li>Poids : 220,0 g<\/li>\n<\/ul>\n<\/div>\n<p>&nbsp;<\/p>\n<div class=\"product-attribute product-attribute-featured-materials\">\n<div id=\"materials\" class=\"data item content\" role=\"tabpanel\" aria-hidden=\"false\" aria-labelledby=\"tab-label-materials\" data-role=\"content\">\n<div class=\"product-materials-content\">\n<div class=\"texture-content secondary-texture\">\n<div class=\"content\">\n<div class=\"texture-text\">\n<div id=\"laundry\" class=\"data item content\" role=\"tabpanel\" aria-hidden=\"false\" aria-labelledby=\"tab-label-laundry\" data-role=\"content\">\n<div class=\"laundry-content\">\n<div class=\"laundry-sides-texture\">\n<div class=\"content__image-wrapper tw-w-fit\">\n<div><\/div>\n<div class=\"content__image tw-relative tw-w-[5rem]\"><img loading=\"lazy\" decoding=\"async\" class=\"tw-absolute tw-top-0 tw-left-0 tw-w-full tw-h-full\" src=\"https:\/\/www.montura.com\/cdn\/shop\/files\/004_Breathable_Black.svg?v=1709125473&amp;width=200\" srcset=\"\/\/www.montura.com\/cdn\/shop\/files\/004_Breathable_Black.svg?v=1709125473&amp;width=200 200w\" alt=\"\" width=\"101\" height=\"101\" \/><\/div>\n<div>\n<h3 class=\"tw-text-s tw-pt-[1.2rem] tw-pb-[0.4rem] tw-font-medium\">Respirant<\/h3>\n<p>Gr\u00e2ce \u00e0 des tissus respirants, ce v\u00eatement favorise la transpiration naturelle de la peau et maintient le corps \u00e0 une temp\u00e9rature optimale en permanence.<\/p>\n<\/div>\n<h2>Id\u00e9al pour :<\/h2>\n<div class=\"content__image-wrapper tw-w-fit\">\n<div class=\"content__image tw-relative tw-w-[5rem]\"><img loading=\"lazy\" decoding=\"async\" class=\"tw-absolute tw-top-0 tw-left-0 tw-w-full tw-h-full\" src=\"https:\/\/www.montura.com\/cdn\/shop\/files\/017_TrekkingHiking_Black.svg?v=1709126467&amp;width=200\" srcset=\"\/\/www.montura.com\/cdn\/shop\/files\/017_TrekkingHiking_Black.svg?v=1709126467&amp;width=200 200w\" alt=\"\" width=\"102\" height=\"102\" \/><\/div>\n<div class=\"content__image tw-relative tw-w-[5rem]\"><strong>Trekking \/ Randonn\u00e9e<\/strong><\/div>\n<\/div>\n<\/div>\n<\/div>\n<\/div>\n<\/div>\n<\/div>\n<\/div>\n<\/div>\n<\/div>\n<\/div>\n<\/div>\n","protected":false},"excerpt":{"rendered":"<ul>\n<li>Pantalon id\u00e9al pour les randonn\u00e9es estivales en montagne.<\/li>\n<li>Tissu respirant et l\u00e9ger pour \u00e9viter la surchauffe.<\/li>\n<\/ul>\n","protected":false},"featured_media":246630,"template":"","meta":{"_acf_changed":false,"inline_featured_image":false},"product_brand":[],"product_cat":[22603,22596,22595],"product_tag":[23512,23514],"class_list":{"0":"post-291672","1":"product","2":"type-product","3":"status-publish","4":"has-post-thumbnail","6":"product_cat-pantalon-long","7":"product_cat-vetements-pour-femmes","8":"product_cat-femme","9":"product_tag-montura-fr","10":"product_tag-montura-femme","11":"pa_attivita-marcher","12":"pa_attivita-outdoor-fr","13":"pa_colore-domino-trekking-pants-w-nero-care-blue-fr","14":"pa_marca-montura-fr","15":"pa_sesso-femme","16":"pa_size-medium-fr","18":"first","19":"instock","20":"sale","21":"taxable","22":"shipping-taxable","23":"purchasable","24":"product-type-variable","25":"wvs-archive-product-wrapper"},"acf":[],"yoast_head":"<!-- This site is optimized with the Yoast SEO plugin v26.8 - https:\/\/yoast.com\/product\/yoast-seo-wordpress\/ -->\n<title>Montura Domino Trekking Pants femme - Pantalon long- MioMioRun<\/title>\n<meta name=\"description\" content=\"Pantalon Domino pour femme : respirabilit\u00e9 et libert\u00e9 de mouvement pour la randonn\u00e9e. gr\u00e2ce \u00e0 la taille \u00e9lastiqu\u00e9e avec cordon de serrage ajustable.\" \/>\n<meta name=\"robots\" content=\"index, follow, max-snippet:-1, max-image-preview:large, max-video-preview:-1\" \/>\n<link rel=\"canonical\" href=\"https:\/\/www.miomiorun.com\/fr\/produit\/domino-trekking-pants-femme\/\" \/>\n<meta property=\"og:locale\" content=\"fr_FR\" \/>\n<meta property=\"og:type\" content=\"article\" \/>\n<meta property=\"og:title\" content=\"Montura Domino Trekking Pants femme - Pantalon long- MioMioRun\" \/>\n<meta property=\"og:description\" content=\"Pantalon Domino pour femme : respirabilit\u00e9 et libert\u00e9 de mouvement pour la randonn\u00e9e. gr\u00e2ce \u00e0 la taille \u00e9lastiqu\u00e9e avec cordon de serrage ajustable.\" \/>\n<meta property=\"og:url\" content=\"https:\/\/www.miomiorun.com\/fr\/produit\/domino-trekking-pants-femme\/\" \/>\n<meta property=\"og:site_name\" content=\"MioMioRun\" \/>\n<meta property=\"article:publisher\" content=\"https:\/\/www.facebook.com\/miomiorun\/\" \/>\n<meta property=\"article:modified_time\" content=\"2025-06-13T13:34:29+00:00\" \/>\n<meta property=\"og:image\" content=\"https:\/\/www.miomiorun.com\/app\/uploads\/2024\/04\/Montura-Domino-trekking-pants-W-nero-care-blue-MPLA62W-9028.webp\" \/>\n\t<meta property=\"og:image:width\" content=\"600\" \/>\n\t<meta property=\"og:image:height\" content=\"600\" \/>\n\t<meta property=\"og:image:type\" content=\"image\/webp\" \/>\n<meta name=\"twitter:card\" content=\"summary_large_image\" \/>\n<meta name=\"twitter:label1\" content=\"Est. reading time\" \/>\n\t<meta name=\"twitter:data1\" content=\"1 minute\" \/>\n<script type=\"application\/ld+json\" class=\"yoast-schema-graph\">{\"@context\":\"https:\/\/schema.org\",\"@graph\":[{\"@type\":\"WebPage\",\"@id\":\"https:\/\/www.miomiorun.com\/fr\/produit\/domino-trekking-pants-femme\/\",\"url\":\"https:\/\/www.miomiorun.com\/fr\/produit\/domino-trekking-pants-femme\/\",\"name\":\"Montura Domino Trekking Pants femme - Pantalon long- MioMioRun\",\"isPartOf\":{\"@id\":\"https:\/\/www.miomiorun.com\/fr\/#website\"},\"primaryImageOfPage\":{\"@id\":\"https:\/\/www.miomiorun.com\/fr\/produit\/domino-trekking-pants-femme\/#primaryimage\"},\"image\":{\"@id\":\"https:\/\/www.miomiorun.com\/fr\/produit\/domino-trekking-pants-femme\/#primaryimage\"},\"thumbnailUrl\":\"https:\/\/www.miomiorun.com\/app\/uploads\/2024\/04\/Montura-Domino-trekking-pants-W-nero-care-blue-MPLA62W-9028.webp\",\"datePublished\":\"2024-04-17T16:08:19+00:00\",\"dateModified\":\"2025-06-13T13:34:29+00:00\",\"description\":\"Pantalon Domino pour femme : respirabilit\u00e9 et libert\u00e9 de mouvement pour la randonn\u00e9e. gr\u00e2ce \u00e0 la taille \u00e9lastiqu\u00e9e avec cordon de serrage ajustable.\",\"breadcrumb\":{\"@id\":\"https:\/\/www.miomiorun.com\/fr\/produit\/domino-trekking-pants-femme\/#breadcrumb\"},\"inLanguage\":\"fr-FR\",\"potentialAction\":[{\"@type\":\"ReadAction\",\"target\":[\"https:\/\/www.miomiorun.com\/fr\/produit\/domino-trekking-pants-femme\/\"]}]},{\"@type\":\"ImageObject\",\"inLanguage\":\"fr-FR\",\"@id\":\"https:\/\/www.miomiorun.com\/fr\/produit\/domino-trekking-pants-femme\/#primaryimage\",\"url\":\"https:\/\/www.miomiorun.com\/app\/uploads\/2024\/04\/Montura-Domino-trekking-pants-W-nero-care-blue-MPLA62W-9028.webp\",\"contentUrl\":\"https:\/\/www.miomiorun.com\/app\/uploads\/2024\/04\/Montura-Domino-trekking-pants-W-nero-care-blue-MPLA62W-9028.webp\",\"width\":600,\"height\":600,\"caption\":\"Montura Domino trekking pants W nero care blue MPLA62W 9028\"},{\"@type\":\"BreadcrumbList\",\"@id\":\"https:\/\/www.miomiorun.com\/fr\/produit\/domino-trekking-pants-femme\/#breadcrumb\",\"itemListElement\":[{\"@type\":\"ListItem\",\"position\":1,\"name\":\"Home\",\"item\":\"https:\/\/www.miomiorun.com\/fr\/home-page\/\"},{\"@type\":\"ListItem\",\"position\":2,\"name\":\"Shop\",\"item\":\"https:\/\/www.miomiorun.com\/shop\/\"},{\"@type\":\"ListItem\",\"position\":3,\"name\":\"Domino Trekking Pants femme\"}]},{\"@type\":\"WebSite\",\"@id\":\"https:\/\/www.miomiorun.com\/fr\/#website\",\"url\":\"https:\/\/www.miomiorun.com\/fr\/\",\"name\":\"MioMioRun\",\"description\":\"Boutique 100% running et trail\",\"publisher\":{\"@id\":\"https:\/\/www.miomiorun.com\/fr\/#organization\"},\"potentialAction\":[{\"@type\":\"SearchAction\",\"target\":{\"@type\":\"EntryPoint\",\"urlTemplate\":\"https:\/\/www.miomiorun.com\/fr\/?s={search_term_string}\"},\"query-input\":{\"@type\":\"PropertyValueSpecification\",\"valueRequired\":true,\"valueName\":\"search_term_string\"}}],\"inLanguage\":\"fr-FR\"},{\"@type\":\"Organization\",\"@id\":\"https:\/\/www.miomiorun.com\/fr\/#organization\",\"name\":\"MioMio Run\",\"url\":\"https:\/\/www.miomiorun.com\/fr\/\",\"logo\":{\"@type\":\"ImageObject\",\"inLanguage\":\"fr-FR\",\"@id\":\"https:\/\/www.miomiorun.com\/fr\/#\/schema\/logo\/image\/\",\"url\":\"https:\/\/www.miomiorun.com\/app\/uploads\/2019\/12\/logomio.png\",\"contentUrl\":\"https:\/\/www.miomiorun.com\/app\/uploads\/2019\/12\/logomio.png\",\"width\":115,\"height\":82,\"caption\":\"MioMio Run\"},\"image\":{\"@id\":\"https:\/\/www.miomiorun.com\/fr\/#\/schema\/logo\/image\/\"},\"sameAs\":[\"https:\/\/www.facebook.com\/miomiorun\/\",\"https:\/\/www.instagram.com\/miomiorun\/\"]}]}<\/script>\n<!-- \/ Yoast SEO plugin. -->","yoast_head_json":{"title":"Montura Domino Trekking Pants femme - Pantalon long- MioMioRun","description":"Pantalon Domino pour femme : respirabilit\u00e9 et libert\u00e9 de mouvement pour la randonn\u00e9e. gr\u00e2ce \u00e0 la taille \u00e9lastiqu\u00e9e avec cordon de serrage ajustable.","robots":{"index":"index","follow":"follow","max-snippet":"max-snippet:-1","max-image-preview":"max-image-preview:large","max-video-preview":"max-video-preview:-1"},"canonical":"https:\/\/www.miomiorun.com\/fr\/produit\/domino-trekking-pants-femme\/","og_locale":"fr_FR","og_type":"article","og_title":"Montura Domino Trekking Pants femme - Pantalon long- MioMioRun","og_description":"Pantalon Domino pour femme : respirabilit\u00e9 et libert\u00e9 de mouvement pour la randonn\u00e9e. gr\u00e2ce \u00e0 la taille \u00e9lastiqu\u00e9e avec cordon de serrage ajustable.","og_url":"https:\/\/www.miomiorun.com\/fr\/produit\/domino-trekking-pants-femme\/","og_site_name":"MioMioRun","article_publisher":"https:\/\/www.facebook.com\/miomiorun\/","article_modified_time":"2025-06-13T13:34:29+00:00","og_image":[{"width":600,"height":600,"url":"https:\/\/www.miomiorun.com\/app\/uploads\/2024\/04\/Montura-Domino-trekking-pants-W-nero-care-blue-MPLA62W-9028.webp","type":"image\/webp"}],"twitter_card":"summary_large_image","twitter_misc":{"Est. reading time":"1 minute"},"schema":{"@context":"https:\/\/schema.org","@graph":[{"@type":"WebPage","@id":"https:\/\/www.miomiorun.com\/fr\/produit\/domino-trekking-pants-femme\/","url":"https:\/\/www.miomiorun.com\/fr\/produit\/domino-trekking-pants-femme\/","name":"Montura Domino Trekking Pants femme - Pantalon long- MioMioRun","isPartOf":{"@id":"https:\/\/www.miomiorun.com\/fr\/#website"},"primaryImageOfPage":{"@id":"https:\/\/www.miomiorun.com\/fr\/produit\/domino-trekking-pants-femme\/#primaryimage"},"image":{"@id":"https:\/\/www.miomiorun.com\/fr\/produit\/domino-trekking-pants-femme\/#primaryimage"},"thumbnailUrl":"https:\/\/www.miomiorun.com\/app\/uploads\/2024\/04\/Montura-Domino-trekking-pants-W-nero-care-blue-MPLA62W-9028.webp","datePublished":"2024-04-17T16:08:19+00:00","dateModified":"2025-06-13T13:34:29+00:00","description":"Pantalon Domino pour femme : respirabilit\u00e9 et libert\u00e9 de mouvement pour la randonn\u00e9e. gr\u00e2ce \u00e0 la taille \u00e9lastiqu\u00e9e avec cordon de serrage ajustable.","breadcrumb":{"@id":"https:\/\/www.miomiorun.com\/fr\/produit\/domino-trekking-pants-femme\/#breadcrumb"},"inLanguage":"fr-FR","potentialAction":[{"@type":"ReadAction","target":["https:\/\/www.miomiorun.com\/fr\/produit\/domino-trekking-pants-femme\/"]}]},{"@type":"ImageObject","inLanguage":"fr-FR","@id":"https:\/\/www.miomiorun.com\/fr\/produit\/domino-trekking-pants-femme\/#primaryimage","url":"https:\/\/www.miomiorun.com\/app\/uploads\/2024\/04\/Montura-Domino-trekking-pants-W-nero-care-blue-MPLA62W-9028.webp","contentUrl":"https:\/\/www.miomiorun.com\/app\/uploads\/2024\/04\/Montura-Domino-trekking-pants-W-nero-care-blue-MPLA62W-9028.webp","width":600,"height":600,"caption":"Montura Domino trekking pants W nero care blue MPLA62W 9028"},{"@type":"BreadcrumbList","@id":"https:\/\/www.miomiorun.com\/fr\/produit\/domino-trekking-pants-femme\/#breadcrumb","itemListElement":[{"@type":"ListItem","position":1,"name":"Home","item":"https:\/\/www.miomiorun.com\/fr\/home-page\/"},{"@type":"ListItem","position":2,"name":"Shop","item":"https:\/\/www.miomiorun.com\/shop\/"},{"@type":"ListItem","position":3,"name":"Domino Trekking Pants femme"}]},{"@type":"WebSite","@id":"https:\/\/www.miomiorun.com\/fr\/#website","url":"https:\/\/www.miomiorun.com\/fr\/","name":"MioMioRun","description":"Boutique 100% running et trail","publisher":{"@id":"https:\/\/www.miomiorun.com\/fr\/#organization"},"potentialAction":[{"@type":"SearchAction","target":{"@type":"EntryPoint","urlTemplate":"https:\/\/www.miomiorun.com\/fr\/?s={search_term_string}"},"query-input":{"@type":"PropertyValueSpecification","valueRequired":true,"valueName":"search_term_string"}}],"inLanguage":"fr-FR"},{"@type":"Organization","@id":"https:\/\/www.miomiorun.com\/fr\/#organization","name":"MioMio Run","url":"https:\/\/www.miomiorun.com\/fr\/","logo":{"@type":"ImageObject","inLanguage":"fr-FR","@id":"https:\/\/www.miomiorun.com\/fr\/#\/schema\/logo\/image\/","url":"https:\/\/www.miomiorun.com\/app\/uploads\/2019\/12\/logomio.png","contentUrl":"https:\/\/www.miomiorun.com\/app\/uploads\/2019\/12\/logomio.png","width":115,"height":82,"caption":"MioMio Run"},"image":{"@id":"https:\/\/www.miomiorun.com\/fr\/#\/schema\/logo\/image\/"},"sameAs":["https:\/\/www.facebook.com\/miomiorun\/","https:\/\/www.instagram.com\/miomiorun\/"]}]}},"_links":{"self":[{"href":"https:\/\/www.miomiorun.com\/fr\/wp-json\/wp\/v2\/product\/291672","targetHints":{"allow":["GET"]}}],"collection":[{"href":"https:\/\/www.miomiorun.com\/fr\/wp-json\/wp\/v2\/product"}],"about":[{"href":"https:\/\/www.miomiorun.com\/fr\/wp-json\/wp\/v2\/types\/product"}],"wp:featuredmedia":[{"embeddable":true,"href":"https:\/\/www.miomiorun.com\/fr\/wp-json\/wp\/v2\/media\/246630"}],"wp:attachment":[{"href":"https:\/\/www.miomiorun.com\/fr\/wp-json\/wp\/v2\/media?parent=291672"}],"wp:term":[{"taxonomy":"product_brand","embeddable":true,"href":"https:\/\/www.miomiorun.com\/fr\/wp-json\/wp\/v2\/product_brand?post=291672"},{"taxonomy":"product_cat","embeddable":true,"href":"https:\/\/www.miomiorun.com\/fr\/wp-json\/wp\/v2\/product_cat?post=291672"},{"taxonomy":"product_tag","embeddable":true,"href":"https:\/\/www.miomiorun.com\/fr\/wp-json\/wp\/v2\/product_tag?post=291672"}],"curies":[{"name":"wp","href":"https:\/\/api.w.org\/{rel}","templated":true}]}}