{"id":291671,"date":"2024-04-17T18:41:00","date_gmt":"2024-04-17T16:41:00","guid":{"rendered":"https:\/\/miomiorun.com\/prodotto\/felce-2-shirt-uomo\/"},"modified":"2025-06-13T15:34:11","modified_gmt":"2025-06-13T13:34:11","slug":"felce-2-shirt-homme","status":"publish","type":"product","link":"https:\/\/www.miomiorun.com\/fr\/produit\/felce-2-shirt-homme\/","title":{"rendered":"Felce 2 Shirt homme"},"content":{"rendered":"<p>Chemise<strong> Fern 2<\/strong> pour homme : l\u00e9g\u00e8re et polyvalente, id\u00e9ale pour les randonn\u00e9es par temps chaud.<\/p>\n<p>Fabriqu\u00e9e dans un tissu ultra-l\u00e9ger et respirant qui absorbe et \u00e9vacue la transpiration, cette chemise \u00e0 manches courtes est con\u00e7ue pour offrir un maximum de confort, m\u00eame lorsque les temp\u00e9ratures grimpent. Le tissu en nylon extensible dans les 4 sens accompagne tous les mouvements, tandis que le haut \u00e0 double couche est durable et ajoute une touche de style.<\/p>\n<p>Ouverture frontale avec boutons, poche ouverte sur la poitrine et ourlet du buste en forme qui s&#8217;adapte au corps.<\/p>\n<p style=\"text-align: center;\"><strong>La chemise Fern 2 pour hommes est une chemise au style incomparable, id\u00e9ale pour la montagne comme pour la ville.<\/strong><\/p>\n<p>&nbsp;<\/p>\n<h3>Caract\u00e9ristiques :<\/h3>\n<ul class=\"tw-list-disc\">\n<li class=\"tw-text-xs\">Chemise \u00e0 manches courtes pour hommes<\/li>\n<li class=\"tw-text-xs\">Tissu en nylon extensible dans les 4 sens tr\u00e8s l\u00e9ger<\/li>\n<li class=\"tw-text-xs\">Devant central avec boutons<\/li>\n<li class=\"tw-text-xs\">Poche ouverte sur la poitrine<\/li>\n<li class=\"tw-text-xs\">Partie sup\u00e9rieure en double tissu pour plus de soutien et une finition maximale<\/li>\n<li class=\"tw-text-xs\">Partie inf\u00e9rieure en forme<\/li>\n<li class=\"tw-text-xs\">V\u00eatement id\u00e9al pour diverses activit\u00e9s de plein air et de loisirs<\/li>\n<\/ul>\n<p><strong>Poids<\/strong>: 140,0 g<\/p>\n<p>&nbsp;<\/p>\n<div class=\"content__image-wrapper tw-w-fit\">\n<div class=\"content__image tw-relative tw-w-[5rem]\"><img loading=\"lazy\" decoding=\"async\" class=\"tw-absolute tw-top-0 tw-left-0 tw-w-full tw-h-full\" src=\"https:\/\/www.montura.com\/cdn\/shop\/files\/004_Breathable_Black.svg?v=1709125473&amp;width=200\" srcset=\"\/\/www.montura.com\/cdn\/shop\/files\/004_Breathable_Black.svg?v=1709125473&amp;width=200 200w\" alt=\"\" width=\"103\" height=\"103\" \/> <strong>RESPIRANT : <\/strong>Gr\u00e2ce \u00e0 des tissus respirants, ce v\u00eatement favorise la transpiration naturelle de la peau et maintient le corps \u00e0 une temp\u00e9rature optimale.<\/div>\n<\/div>\n<div><\/div>\n<div><\/div>\n<h3>Id\u00e9al pour :<\/h3>\n<div class=\"content__image-wrapper tw-w-fit\">\n<div><\/div>\n<div><\/div>\n<div class=\"content__image tw-relative tw-w-[5rem]\"><img loading=\"lazy\" decoding=\"async\" class=\"tw-absolute tw-top-0 tw-left-0 tw-w-full tw-h-full\" src=\"https:\/\/www.montura.com\/cdn\/shop\/files\/017_TrekkingHiking_Black.svg?v=1709126467&amp;width=200\" srcset=\"\/\/www.montura.com\/cdn\/shop\/files\/017_TrekkingHiking_Black.svg?v=1709126467&amp;width=200 200w\" alt=\"\" width=\"104\" height=\"104\" \/> <strong> LA RANDONN\u00c9E\/LE TREKKING<\/strong><\/div>\n<\/div>\n<div><\/div>\n<div><\/div>\n<div><\/div>\n<div><\/div>\n<div><\/div>\n<div>\n<div class=\"content__image-wrapper tw-w-fit\">\n<div class=\"content__image tw-relative tw-w-[5rem]\"><img loading=\"lazy\" decoding=\"async\" class=\"tw-absolute tw-top-0 tw-left-0 tw-w-full tw-h-full\" src=\"https:\/\/www.montura.com\/cdn\/shop\/files\/015_Everyday_Black.svg?v=1709126253&amp;width=200\" srcset=\"\/\/www.montura.com\/cdn\/shop\/files\/015_Everyday_Black.svg?v=1709126253&amp;width=200 200w\" alt=\"\" width=\"104\" height=\"104\" \/><strong> TOUS LES JOURS<\/strong><\/div>\n<\/div>\n<\/div>\n<div><\/div>\n<div><\/div>\n<div>\n<div class=\"content__image-wrapper tw-w-fit\">\n<div><\/div>\n<div class=\"content__image tw-relative tw-w-[5rem]\"><img loading=\"lazy\" decoding=\"async\" class=\"tw-absolute tw-top-0 tw-left-0 tw-w-full tw-h-full\" src=\"https:\/\/www.montura.com\/cdn\/shop\/files\/023_Sailing_Black.svg?v=1709126312&amp;width=200\" srcset=\"\/\/www.montura.com\/cdn\/shop\/files\/023_Sailing_Black.svg?v=1709126312&amp;width=200 200w\" alt=\"\" width=\"95\" height=\"104\" \/> <strong>VOILE<\/strong><\/div>\n<\/div>\n<\/div>\n","protected":false},"excerpt":{"rendered":"<ul>\n<li>Chemise l\u00e9g\u00e8re et polyvalente, id\u00e9ale pour les saisons chaudes.<\/li>\n<li>V\u00eatement id\u00e9al pour diverses activit\u00e9s de plein air, loisirs et voile.<\/li>\n<\/ul>\n","protected":false},"featured_media":246634,"template":"","meta":{"_acf_changed":false,"inline_featured_image":false},"product_brand":[],"product_cat":[24449,24482,24484],"product_tag":[23512,23524],"class_list":{"0":"post-291671","1":"product","2":"type-product","3":"status-publish","4":"has-post-thumbnail","6":"product_cat-t-shirt-fr-3","7":"product_cat-vetements-pour-hommes-fr","8":"product_cat-homme","9":"product_tag-montura-fr","10":"product_tag-montura-homme","11":"pa_attivita-lifestyle-fr","12":"pa_attivita-marcher","13":"pa_attivita-outdoor-fr","14":"pa_colore-felce-2-shirt-deep-blue-fr","15":"pa_marca-montura-fr","16":"pa_sesso-homme","17":"pa_size-small-fr","19":"first","20":"instock","21":"sale","22":"taxable","23":"shipping-taxable","24":"purchasable","25":"product-type-variable","26":"wvs-archive-product-wrapper"},"acf":[],"yoast_head":"<!-- This site is optimized with the Yoast SEO plugin v26.8 - https:\/\/yoast.com\/product\/yoast-seo-wordpress\/ -->\n<title>Montura Felce 2 Shirt homme -Chemise de course - MioMioRun.com<\/title>\n<meta name=\"description\" content=\"Chemise Felce 2 pour hommes : l\u00e9g\u00e8re et polyvalente, id\u00e9ale pour le trekking par temps chaud. Fabriqu\u00e9e dans un tissu ultra-l\u00e9ger et respirant\" \/>\n<meta name=\"robots\" content=\"index, follow, max-snippet:-1, max-image-preview:large, max-video-preview:-1\" \/>\n<link rel=\"canonical\" href=\"https:\/\/www.miomiorun.com\/fr\/produit\/felce-2-shirt-homme\/\" \/>\n<meta property=\"og:locale\" content=\"fr_FR\" \/>\n<meta property=\"og:type\" content=\"article\" \/>\n<meta property=\"og:title\" content=\"Montura Felce 2 Shirt homme -Chemise de course - MioMioRun.com\" \/>\n<meta property=\"og:description\" content=\"Chemise Felce 2 pour hommes : l\u00e9g\u00e8re et polyvalente, id\u00e9ale pour le trekking par temps chaud. Fabriqu\u00e9e dans un tissu ultra-l\u00e9ger et respirant\" \/>\n<meta property=\"og:url\" content=\"https:\/\/www.miomiorun.com\/fr\/produit\/felce-2-shirt-homme\/\" \/>\n<meta property=\"og:site_name\" content=\"MioMioRun\" \/>\n<meta property=\"article:publisher\" content=\"https:\/\/www.facebook.com\/miomiorun\/\" \/>\n<meta property=\"article:modified_time\" content=\"2025-06-13T13:34:11+00:00\" \/>\n<meta property=\"og:image\" content=\"https:\/\/www.miomiorun.com\/app\/uploads\/2024\/04\/Montura-Felce-2-shirt-deep-blue-MQCG49X-87.webp\" \/>\n\t<meta property=\"og:image:width\" content=\"600\" \/>\n\t<meta property=\"og:image:height\" content=\"600\" \/>\n\t<meta property=\"og:image:type\" content=\"image\/webp\" \/>\n<meta name=\"twitter:card\" content=\"summary_large_image\" \/>\n<meta name=\"twitter:label1\" content=\"Est. reading time\" \/>\n\t<meta name=\"twitter:data1\" content=\"1 minute\" \/>\n<script type=\"application\/ld+json\" class=\"yoast-schema-graph\">{\"@context\":\"https:\/\/schema.org\",\"@graph\":[{\"@type\":\"WebPage\",\"@id\":\"https:\/\/www.miomiorun.com\/fr\/produit\/felce-2-shirt-homme\/\",\"url\":\"https:\/\/www.miomiorun.com\/fr\/produit\/felce-2-shirt-homme\/\",\"name\":\"Montura Felce 2 Shirt homme -Chemise de course - MioMioRun.com\",\"isPartOf\":{\"@id\":\"https:\/\/www.miomiorun.com\/fr\/#website\"},\"primaryImageOfPage\":{\"@id\":\"https:\/\/www.miomiorun.com\/fr\/produit\/felce-2-shirt-homme\/#primaryimage\"},\"image\":{\"@id\":\"https:\/\/www.miomiorun.com\/fr\/produit\/felce-2-shirt-homme\/#primaryimage\"},\"thumbnailUrl\":\"https:\/\/www.miomiorun.com\/app\/uploads\/2024\/04\/Montura-Felce-2-shirt-deep-blue-MQCG49X-87.webp\",\"datePublished\":\"2024-04-17T16:41:00+00:00\",\"dateModified\":\"2025-06-13T13:34:11+00:00\",\"description\":\"Chemise Felce 2 pour hommes : l\u00e9g\u00e8re et polyvalente, id\u00e9ale pour le trekking par temps chaud. Fabriqu\u00e9e dans un tissu ultra-l\u00e9ger et respirant\",\"breadcrumb\":{\"@id\":\"https:\/\/www.miomiorun.com\/fr\/produit\/felce-2-shirt-homme\/#breadcrumb\"},\"inLanguage\":\"fr-FR\",\"potentialAction\":[{\"@type\":\"ReadAction\",\"target\":[\"https:\/\/www.miomiorun.com\/fr\/produit\/felce-2-shirt-homme\/\"]}]},{\"@type\":\"ImageObject\",\"inLanguage\":\"fr-FR\",\"@id\":\"https:\/\/www.miomiorun.com\/fr\/produit\/felce-2-shirt-homme\/#primaryimage\",\"url\":\"https:\/\/www.miomiorun.com\/app\/uploads\/2024\/04\/Montura-Felce-2-shirt-deep-blue-MQCG49X-87.webp\",\"contentUrl\":\"https:\/\/www.miomiorun.com\/app\/uploads\/2024\/04\/Montura-Felce-2-shirt-deep-blue-MQCG49X-87.webp\",\"width\":600,\"height\":600,\"caption\":\"Montura Felce 2 shirt deep blue MQCG49X 87\"},{\"@type\":\"BreadcrumbList\",\"@id\":\"https:\/\/www.miomiorun.com\/fr\/produit\/felce-2-shirt-homme\/#breadcrumb\",\"itemListElement\":[{\"@type\":\"ListItem\",\"position\":1,\"name\":\"Home\",\"item\":\"https:\/\/www.miomiorun.com\/fr\/home-page\/\"},{\"@type\":\"ListItem\",\"position\":2,\"name\":\"Shop\",\"item\":\"https:\/\/www.miomiorun.com\/shop\/\"},{\"@type\":\"ListItem\",\"position\":3,\"name\":\"Felce 2 Shirt homme\"}]},{\"@type\":\"WebSite\",\"@id\":\"https:\/\/www.miomiorun.com\/fr\/#website\",\"url\":\"https:\/\/www.miomiorun.com\/fr\/\",\"name\":\"MioMioRun\",\"description\":\"Boutique 100% running et trail\",\"publisher\":{\"@id\":\"https:\/\/www.miomiorun.com\/fr\/#organization\"},\"potentialAction\":[{\"@type\":\"SearchAction\",\"target\":{\"@type\":\"EntryPoint\",\"urlTemplate\":\"https:\/\/www.miomiorun.com\/fr\/?s={search_term_string}\"},\"query-input\":{\"@type\":\"PropertyValueSpecification\",\"valueRequired\":true,\"valueName\":\"search_term_string\"}}],\"inLanguage\":\"fr-FR\"},{\"@type\":\"Organization\",\"@id\":\"https:\/\/www.miomiorun.com\/fr\/#organization\",\"name\":\"MioMio Run\",\"url\":\"https:\/\/www.miomiorun.com\/fr\/\",\"logo\":{\"@type\":\"ImageObject\",\"inLanguage\":\"fr-FR\",\"@id\":\"https:\/\/www.miomiorun.com\/fr\/#\/schema\/logo\/image\/\",\"url\":\"https:\/\/www.miomiorun.com\/app\/uploads\/2019\/12\/logomio.png\",\"contentUrl\":\"https:\/\/www.miomiorun.com\/app\/uploads\/2019\/12\/logomio.png\",\"width\":115,\"height\":82,\"caption\":\"MioMio Run\"},\"image\":{\"@id\":\"https:\/\/www.miomiorun.com\/fr\/#\/schema\/logo\/image\/\"},\"sameAs\":[\"https:\/\/www.facebook.com\/miomiorun\/\",\"https:\/\/www.instagram.com\/miomiorun\/\"]}]}<\/script>\n<!-- \/ Yoast SEO plugin. -->","yoast_head_json":{"title":"Montura Felce 2 Shirt homme -Chemise de course - MioMioRun.com","description":"Chemise Felce 2 pour hommes : l\u00e9g\u00e8re et polyvalente, id\u00e9ale pour le trekking par temps chaud. Fabriqu\u00e9e dans un tissu ultra-l\u00e9ger et respirant","robots":{"index":"index","follow":"follow","max-snippet":"max-snippet:-1","max-image-preview":"max-image-preview:large","max-video-preview":"max-video-preview:-1"},"canonical":"https:\/\/www.miomiorun.com\/fr\/produit\/felce-2-shirt-homme\/","og_locale":"fr_FR","og_type":"article","og_title":"Montura Felce 2 Shirt homme -Chemise de course - MioMioRun.com","og_description":"Chemise Felce 2 pour hommes : l\u00e9g\u00e8re et polyvalente, id\u00e9ale pour le trekking par temps chaud. Fabriqu\u00e9e dans un tissu ultra-l\u00e9ger et respirant","og_url":"https:\/\/www.miomiorun.com\/fr\/produit\/felce-2-shirt-homme\/","og_site_name":"MioMioRun","article_publisher":"https:\/\/www.facebook.com\/miomiorun\/","article_modified_time":"2025-06-13T13:34:11+00:00","og_image":[{"width":600,"height":600,"url":"https:\/\/www.miomiorun.com\/app\/uploads\/2024\/04\/Montura-Felce-2-shirt-deep-blue-MQCG49X-87.webp","type":"image\/webp"}],"twitter_card":"summary_large_image","twitter_misc":{"Est. reading time":"1 minute"},"schema":{"@context":"https:\/\/schema.org","@graph":[{"@type":"WebPage","@id":"https:\/\/www.miomiorun.com\/fr\/produit\/felce-2-shirt-homme\/","url":"https:\/\/www.miomiorun.com\/fr\/produit\/felce-2-shirt-homme\/","name":"Montura Felce 2 Shirt homme -Chemise de course - MioMioRun.com","isPartOf":{"@id":"https:\/\/www.miomiorun.com\/fr\/#website"},"primaryImageOfPage":{"@id":"https:\/\/www.miomiorun.com\/fr\/produit\/felce-2-shirt-homme\/#primaryimage"},"image":{"@id":"https:\/\/www.miomiorun.com\/fr\/produit\/felce-2-shirt-homme\/#primaryimage"},"thumbnailUrl":"https:\/\/www.miomiorun.com\/app\/uploads\/2024\/04\/Montura-Felce-2-shirt-deep-blue-MQCG49X-87.webp","datePublished":"2024-04-17T16:41:00+00:00","dateModified":"2025-06-13T13:34:11+00:00","description":"Chemise Felce 2 pour hommes : l\u00e9g\u00e8re et polyvalente, id\u00e9ale pour le trekking par temps chaud. Fabriqu\u00e9e dans un tissu ultra-l\u00e9ger et respirant","breadcrumb":{"@id":"https:\/\/www.miomiorun.com\/fr\/produit\/felce-2-shirt-homme\/#breadcrumb"},"inLanguage":"fr-FR","potentialAction":[{"@type":"ReadAction","target":["https:\/\/www.miomiorun.com\/fr\/produit\/felce-2-shirt-homme\/"]}]},{"@type":"ImageObject","inLanguage":"fr-FR","@id":"https:\/\/www.miomiorun.com\/fr\/produit\/felce-2-shirt-homme\/#primaryimage","url":"https:\/\/www.miomiorun.com\/app\/uploads\/2024\/04\/Montura-Felce-2-shirt-deep-blue-MQCG49X-87.webp","contentUrl":"https:\/\/www.miomiorun.com\/app\/uploads\/2024\/04\/Montura-Felce-2-shirt-deep-blue-MQCG49X-87.webp","width":600,"height":600,"caption":"Montura Felce 2 shirt deep blue MQCG49X 87"},{"@type":"BreadcrumbList","@id":"https:\/\/www.miomiorun.com\/fr\/produit\/felce-2-shirt-homme\/#breadcrumb","itemListElement":[{"@type":"ListItem","position":1,"name":"Home","item":"https:\/\/www.miomiorun.com\/fr\/home-page\/"},{"@type":"ListItem","position":2,"name":"Shop","item":"https:\/\/www.miomiorun.com\/shop\/"},{"@type":"ListItem","position":3,"name":"Felce 2 Shirt homme"}]},{"@type":"WebSite","@id":"https:\/\/www.miomiorun.com\/fr\/#website","url":"https:\/\/www.miomiorun.com\/fr\/","name":"MioMioRun","description":"Boutique 100% running et trail","publisher":{"@id":"https:\/\/www.miomiorun.com\/fr\/#organization"},"potentialAction":[{"@type":"SearchAction","target":{"@type":"EntryPoint","urlTemplate":"https:\/\/www.miomiorun.com\/fr\/?s={search_term_string}"},"query-input":{"@type":"PropertyValueSpecification","valueRequired":true,"valueName":"search_term_string"}}],"inLanguage":"fr-FR"},{"@type":"Organization","@id":"https:\/\/www.miomiorun.com\/fr\/#organization","name":"MioMio Run","url":"https:\/\/www.miomiorun.com\/fr\/","logo":{"@type":"ImageObject","inLanguage":"fr-FR","@id":"https:\/\/www.miomiorun.com\/fr\/#\/schema\/logo\/image\/","url":"https:\/\/www.miomiorun.com\/app\/uploads\/2019\/12\/logomio.png","contentUrl":"https:\/\/www.miomiorun.com\/app\/uploads\/2019\/12\/logomio.png","width":115,"height":82,"caption":"MioMio Run"},"image":{"@id":"https:\/\/www.miomiorun.com\/fr\/#\/schema\/logo\/image\/"},"sameAs":["https:\/\/www.facebook.com\/miomiorun\/","https:\/\/www.instagram.com\/miomiorun\/"]}]}},"_links":{"self":[{"href":"https:\/\/www.miomiorun.com\/fr\/wp-json\/wp\/v2\/product\/291671","targetHints":{"allow":["GET"]}}],"collection":[{"href":"https:\/\/www.miomiorun.com\/fr\/wp-json\/wp\/v2\/product"}],"about":[{"href":"https:\/\/www.miomiorun.com\/fr\/wp-json\/wp\/v2\/types\/product"}],"wp:featuredmedia":[{"embeddable":true,"href":"https:\/\/www.miomiorun.com\/fr\/wp-json\/wp\/v2\/media\/246634"}],"wp:attachment":[{"href":"https:\/\/www.miomiorun.com\/fr\/wp-json\/wp\/v2\/media?parent=291671"}],"wp:term":[{"taxonomy":"product_brand","embeddable":true,"href":"https:\/\/www.miomiorun.com\/fr\/wp-json\/wp\/v2\/product_brand?post=291671"},{"taxonomy":"product_cat","embeddable":true,"href":"https:\/\/www.miomiorun.com\/fr\/wp-json\/wp\/v2\/product_cat?post=291671"},{"taxonomy":"product_tag","embeddable":true,"href":"https:\/\/www.miomiorun.com\/fr\/wp-json\/wp\/v2\/product_tag?post=291671"}],"curies":[{"name":"wp","href":"https:\/\/api.w.org\/{rel}","templated":true}]}}