{"id":291668,"date":"2024-04-17T19:04:27","date_gmt":"2024-04-17T17:04:27","guid":{"rendered":"https:\/\/miomiorun.com\/prodotto\/calla-2-shirt-donna\/"},"modified":"2025-06-13T11:48:42","modified_gmt":"2025-06-13T09:48:42","slug":"calla-2-shirt-femme","status":"publish","type":"product","link":"https:\/\/www.miomiorun.com\/fr\/produit\/calla-2-shirt-femme\/","title":{"rendered":"Calla 2 Shirt femme"},"content":{"rendered":"<p>Chemise<strong> Calla 2<\/strong> pour femme : l\u00e9g\u00e8re et polyvalente, id\u00e9ale pour les randonn\u00e9es par temps chaud.<\/p>\n<p>Fabriqu\u00e9e dans un tissu ultra-l\u00e9ger et respirant qui absorbe et \u00e9vacue la transpiration, cette chemise \u00e0 manches courtes est con\u00e7ue pour offrir un maximum de confort, m\u00eame lorsque les temp\u00e9ratures grimpent. Le tissu en nylon extensible dans les 4 sens accompagne tous les mouvements, tandis que le haut \u00e0 double couche est durable et ajoute une touche de style.<\/p>\n<p>Ouverture boutonn\u00e9e sur le devant.<\/p>\n<p><strong>La Calla 2 pour femme est une chemise au style inimitable, id\u00e9ale pour la montagne comme pour la ville.<\/strong><\/p>\n<h3>Caract\u00e9ristiques :<\/h3>\n<ul class=\"tw-list-disc\">\n<li class=\"tw-text-xs\">Chemise \u00e0 manches courtes pour femmes<\/li>\n<li class=\"tw-text-xs\">Tissu en nylon extensible dans les 4 sens tr\u00e8s l\u00e9ger<\/li>\n<li class=\"tw-text-xs\">Devant central avec boutons<\/li>\n<li class=\"tw-text-xs\">Bas en forme<\/li>\n<li class=\"tw-text-xs\">V\u00eatement id\u00e9al pour diverses activit\u00e9s de plein air et de loisirs<\/li>\n<li class=\"tw-text-xs\">Poids : 80,0 g<\/li>\n<\/ul>\n<p>&nbsp;<\/p>\n<div class=\"content__image-wrapper tw-w-fit\">\n<div><\/div>\n<div class=\"content__image tw-relative tw-w-[5rem]\"><img loading=\"lazy\" decoding=\"async\" class=\"tw-absolute tw-top-0 tw-left-0 tw-w-full tw-h-full\" src=\"https:\/\/www.montura.com\/cdn\/shop\/files\/004_Breathable_Black.svg?v=1709125473&amp;width=200\" srcset=\"\/\/www.montura.com\/cdn\/shop\/files\/004_Breathable_Black.svg?v=1709125473&amp;width=200 200w\" alt=\"\" width=\"103\" height=\"103\" \/> <strong>RESPIRANT : <\/strong>Gr\u00e2ce \u00e0 des tissus respirants, ce v\u00eatement favorise la transpiration naturelle de la peau et maintient le corps \u00e0 une temp\u00e9rature optimale.<\/div>\n<\/div>\n<div><\/div>\n<div><\/div>\n<h3>Id\u00e9al pour :<\/h3>\n<div class=\"content__image-wrapper tw-w-fit\">\n<div><\/div>\n<div><\/div>\n<div class=\"content__image tw-relative tw-w-[5rem]\"><img loading=\"lazy\" decoding=\"async\" class=\"tw-absolute tw-top-0 tw-left-0 tw-w-full tw-h-full\" src=\"https:\/\/www.montura.com\/cdn\/shop\/files\/017_TrekkingHiking_Black.svg?v=1709126467&amp;width=200\" srcset=\"\/\/www.montura.com\/cdn\/shop\/files\/017_TrekkingHiking_Black.svg?v=1709126467&amp;width=200 200w\" alt=\"\" width=\"104\" height=\"104\" \/> <strong> LA RANDONN\u00c9E\/LE TREKKING<\/strong><\/div>\n<\/div>\n<div><\/div>\n<div><\/div>\n<div><\/div>\n<div><\/div>\n<div><\/div>\n<div>\n<div class=\"content__image-wrapper tw-w-fit\">\n<div class=\"content__image tw-relative tw-w-[5rem]\"><img loading=\"lazy\" decoding=\"async\" class=\"tw-absolute tw-top-0 tw-left-0 tw-w-full tw-h-full\" src=\"https:\/\/www.montura.com\/cdn\/shop\/files\/015_Everyday_Black.svg?v=1709126253&amp;width=200\" srcset=\"\/\/www.montura.com\/cdn\/shop\/files\/015_Everyday_Black.svg?v=1709126253&amp;width=200 200w\" alt=\"\" width=\"104\" height=\"104\" \/><strong> TOUS LES JOURS<\/strong><\/div>\n<\/div>\n<\/div>\n","protected":false},"excerpt":{"rendered":"<ul>\n<li>Chemise l\u00e9g\u00e8re et polyvalente, id\u00e9ale pour les saisons chaudes.<\/li>\n<li>V\u00eatement id\u00e9al pour diverses activit\u00e9s de plein air et loisirs.<\/li>\n<\/ul>\n","protected":false},"featured_media":246646,"template":"","meta":{"_acf_changed":false,"inline_featured_image":false},"product_brand":[],"product_cat":[22604,22596,22595],"product_tag":[23512,23514],"class_list":{"0":"post-291668","1":"product","2":"type-product","3":"status-publish","4":"has-post-thumbnail","6":"product_cat-t-shirt","7":"product_cat-vetements-pour-femmes","8":"product_cat-femme","9":"product_tag-montura-fr","10":"product_tag-montura-femme","11":"pa_attivita-lifestyle-fr","12":"pa_attivita-marcher","13":"pa_attivita-outdoor-fr","14":"pa_colore-calla-2-shirt-w-deep-blue-fr","15":"pa_marca-montura-fr","16":"pa_sesso-femme","17":"pa_size-extra-small-fr","18":"pa_size-small-fr","20":"first","21":"instock","22":"sale","23":"taxable","24":"shipping-taxable","25":"purchasable","26":"product-type-variable","27":"wvs-archive-product-wrapper"},"acf":[],"yoast_head":"<!-- This site is optimized with the Yoast SEO plugin v26.8 - https:\/\/yoast.com\/product\/yoast-seo-wordpress\/ -->\n<title>Montura Calla 2 Shirt femme - T-shirt de course - MioMioRun<\/title>\n<meta name=\"description\" content=\"Chemise Calla 2 pour femme : l\u00e9g\u00e8re et polyvalente, id\u00e9ale pour les randonn\u00e9es par temps chaud. Fabriqu\u00e9e dans un tissu ultra-l\u00e9ger et respirant.\" \/>\n<meta name=\"robots\" content=\"index, follow, max-snippet:-1, max-image-preview:large, max-video-preview:-1\" \/>\n<link rel=\"canonical\" href=\"https:\/\/www.miomiorun.com\/fr\/produit\/calla-2-shirt-femme\/\" \/>\n<meta property=\"og:locale\" content=\"fr_FR\" \/>\n<meta property=\"og:type\" content=\"article\" \/>\n<meta property=\"og:title\" content=\"Montura Calla 2 Shirt femme - T-shirt de course - MioMioRun\" \/>\n<meta property=\"og:description\" content=\"Chemise Calla 2 pour femme : l\u00e9g\u00e8re et polyvalente, id\u00e9ale pour les randonn\u00e9es par temps chaud. Fabriqu\u00e9e dans un tissu ultra-l\u00e9ger et respirant.\" \/>\n<meta property=\"og:url\" content=\"https:\/\/www.miomiorun.com\/fr\/produit\/calla-2-shirt-femme\/\" \/>\n<meta property=\"og:site_name\" content=\"MioMioRun\" \/>\n<meta property=\"article:publisher\" content=\"https:\/\/www.facebook.com\/miomiorun\/\" \/>\n<meta property=\"article:modified_time\" content=\"2025-06-13T09:48:42+00:00\" \/>\n<meta property=\"og:image\" content=\"https:\/\/www.miomiorun.com\/app\/uploads\/2024\/04\/Montura-Calla-2-shirt-W-deep-blue-MQCG49W-87.webp\" \/>\n\t<meta property=\"og:image:width\" content=\"600\" \/>\n\t<meta property=\"og:image:height\" content=\"600\" \/>\n\t<meta property=\"og:image:type\" content=\"image\/webp\" \/>\n<meta name=\"twitter:card\" content=\"summary_large_image\" \/>\n<meta name=\"twitter:label1\" content=\"Est. reading time\" \/>\n\t<meta name=\"twitter:data1\" content=\"1 minute\" \/>\n<script type=\"application\/ld+json\" class=\"yoast-schema-graph\">{\"@context\":\"https:\/\/schema.org\",\"@graph\":[{\"@type\":\"WebPage\",\"@id\":\"https:\/\/www.miomiorun.com\/fr\/produit\/calla-2-shirt-femme\/\",\"url\":\"https:\/\/www.miomiorun.com\/fr\/produit\/calla-2-shirt-femme\/\",\"name\":\"Montura Calla 2 Shirt femme - T-shirt de course - MioMioRun\",\"isPartOf\":{\"@id\":\"https:\/\/www.miomiorun.com\/fr\/#website\"},\"primaryImageOfPage\":{\"@id\":\"https:\/\/www.miomiorun.com\/fr\/produit\/calla-2-shirt-femme\/#primaryimage\"},\"image\":{\"@id\":\"https:\/\/www.miomiorun.com\/fr\/produit\/calla-2-shirt-femme\/#primaryimage\"},\"thumbnailUrl\":\"https:\/\/www.miomiorun.com\/app\/uploads\/2024\/04\/Montura-Calla-2-shirt-W-deep-blue-MQCG49W-87.webp\",\"datePublished\":\"2024-04-17T17:04:27+00:00\",\"dateModified\":\"2025-06-13T09:48:42+00:00\",\"description\":\"Chemise Calla 2 pour femme : l\u00e9g\u00e8re et polyvalente, id\u00e9ale pour les randonn\u00e9es par temps chaud. Fabriqu\u00e9e dans un tissu ultra-l\u00e9ger et respirant.\",\"breadcrumb\":{\"@id\":\"https:\/\/www.miomiorun.com\/fr\/produit\/calla-2-shirt-femme\/#breadcrumb\"},\"inLanguage\":\"fr-FR\",\"potentialAction\":[{\"@type\":\"ReadAction\",\"target\":[\"https:\/\/www.miomiorun.com\/fr\/produit\/calla-2-shirt-femme\/\"]}]},{\"@type\":\"ImageObject\",\"inLanguage\":\"fr-FR\",\"@id\":\"https:\/\/www.miomiorun.com\/fr\/produit\/calla-2-shirt-femme\/#primaryimage\",\"url\":\"https:\/\/www.miomiorun.com\/app\/uploads\/2024\/04\/Montura-Calla-2-shirt-W-deep-blue-MQCG49W-87.webp\",\"contentUrl\":\"https:\/\/www.miomiorun.com\/app\/uploads\/2024\/04\/Montura-Calla-2-shirt-W-deep-blue-MQCG49W-87.webp\",\"width\":600,\"height\":600,\"caption\":\"Montura Calla 2 shirt W deep blue MQCG49W 87\"},{\"@type\":\"BreadcrumbList\",\"@id\":\"https:\/\/www.miomiorun.com\/fr\/produit\/calla-2-shirt-femme\/#breadcrumb\",\"itemListElement\":[{\"@type\":\"ListItem\",\"position\":1,\"name\":\"Home\",\"item\":\"https:\/\/www.miomiorun.com\/fr\/home-page\/\"},{\"@type\":\"ListItem\",\"position\":2,\"name\":\"Shop\",\"item\":\"https:\/\/www.miomiorun.com\/shop\/\"},{\"@type\":\"ListItem\",\"position\":3,\"name\":\"Calla 2 Shirt femme\"}]},{\"@type\":\"WebSite\",\"@id\":\"https:\/\/www.miomiorun.com\/fr\/#website\",\"url\":\"https:\/\/www.miomiorun.com\/fr\/\",\"name\":\"MioMioRun\",\"description\":\"Boutique 100% running et trail\",\"publisher\":{\"@id\":\"https:\/\/www.miomiorun.com\/fr\/#organization\"},\"potentialAction\":[{\"@type\":\"SearchAction\",\"target\":{\"@type\":\"EntryPoint\",\"urlTemplate\":\"https:\/\/www.miomiorun.com\/fr\/?s={search_term_string}\"},\"query-input\":{\"@type\":\"PropertyValueSpecification\",\"valueRequired\":true,\"valueName\":\"search_term_string\"}}],\"inLanguage\":\"fr-FR\"},{\"@type\":\"Organization\",\"@id\":\"https:\/\/www.miomiorun.com\/fr\/#organization\",\"name\":\"MioMio Run\",\"url\":\"https:\/\/www.miomiorun.com\/fr\/\",\"logo\":{\"@type\":\"ImageObject\",\"inLanguage\":\"fr-FR\",\"@id\":\"https:\/\/www.miomiorun.com\/fr\/#\/schema\/logo\/image\/\",\"url\":\"https:\/\/www.miomiorun.com\/app\/uploads\/2019\/12\/logomio.png\",\"contentUrl\":\"https:\/\/www.miomiorun.com\/app\/uploads\/2019\/12\/logomio.png\",\"width\":115,\"height\":82,\"caption\":\"MioMio Run\"},\"image\":{\"@id\":\"https:\/\/www.miomiorun.com\/fr\/#\/schema\/logo\/image\/\"},\"sameAs\":[\"https:\/\/www.facebook.com\/miomiorun\/\",\"https:\/\/www.instagram.com\/miomiorun\/\"]}]}<\/script>\n<!-- \/ Yoast SEO plugin. -->","yoast_head_json":{"title":"Montura Calla 2 Shirt femme - T-shirt de course - MioMioRun","description":"Chemise Calla 2 pour femme : l\u00e9g\u00e8re et polyvalente, id\u00e9ale pour les randonn\u00e9es par temps chaud. Fabriqu\u00e9e dans un tissu ultra-l\u00e9ger et respirant.","robots":{"index":"index","follow":"follow","max-snippet":"max-snippet:-1","max-image-preview":"max-image-preview:large","max-video-preview":"max-video-preview:-1"},"canonical":"https:\/\/www.miomiorun.com\/fr\/produit\/calla-2-shirt-femme\/","og_locale":"fr_FR","og_type":"article","og_title":"Montura Calla 2 Shirt femme - T-shirt de course - MioMioRun","og_description":"Chemise Calla 2 pour femme : l\u00e9g\u00e8re et polyvalente, id\u00e9ale pour les randonn\u00e9es par temps chaud. Fabriqu\u00e9e dans un tissu ultra-l\u00e9ger et respirant.","og_url":"https:\/\/www.miomiorun.com\/fr\/produit\/calla-2-shirt-femme\/","og_site_name":"MioMioRun","article_publisher":"https:\/\/www.facebook.com\/miomiorun\/","article_modified_time":"2025-06-13T09:48:42+00:00","og_image":[{"width":600,"height":600,"url":"https:\/\/www.miomiorun.com\/app\/uploads\/2024\/04\/Montura-Calla-2-shirt-W-deep-blue-MQCG49W-87.webp","type":"image\/webp"}],"twitter_card":"summary_large_image","twitter_misc":{"Est. reading time":"1 minute"},"schema":{"@context":"https:\/\/schema.org","@graph":[{"@type":"WebPage","@id":"https:\/\/www.miomiorun.com\/fr\/produit\/calla-2-shirt-femme\/","url":"https:\/\/www.miomiorun.com\/fr\/produit\/calla-2-shirt-femme\/","name":"Montura Calla 2 Shirt femme - T-shirt de course - MioMioRun","isPartOf":{"@id":"https:\/\/www.miomiorun.com\/fr\/#website"},"primaryImageOfPage":{"@id":"https:\/\/www.miomiorun.com\/fr\/produit\/calla-2-shirt-femme\/#primaryimage"},"image":{"@id":"https:\/\/www.miomiorun.com\/fr\/produit\/calla-2-shirt-femme\/#primaryimage"},"thumbnailUrl":"https:\/\/www.miomiorun.com\/app\/uploads\/2024\/04\/Montura-Calla-2-shirt-W-deep-blue-MQCG49W-87.webp","datePublished":"2024-04-17T17:04:27+00:00","dateModified":"2025-06-13T09:48:42+00:00","description":"Chemise Calla 2 pour femme : l\u00e9g\u00e8re et polyvalente, id\u00e9ale pour les randonn\u00e9es par temps chaud. Fabriqu\u00e9e dans un tissu ultra-l\u00e9ger et respirant.","breadcrumb":{"@id":"https:\/\/www.miomiorun.com\/fr\/produit\/calla-2-shirt-femme\/#breadcrumb"},"inLanguage":"fr-FR","potentialAction":[{"@type":"ReadAction","target":["https:\/\/www.miomiorun.com\/fr\/produit\/calla-2-shirt-femme\/"]}]},{"@type":"ImageObject","inLanguage":"fr-FR","@id":"https:\/\/www.miomiorun.com\/fr\/produit\/calla-2-shirt-femme\/#primaryimage","url":"https:\/\/www.miomiorun.com\/app\/uploads\/2024\/04\/Montura-Calla-2-shirt-W-deep-blue-MQCG49W-87.webp","contentUrl":"https:\/\/www.miomiorun.com\/app\/uploads\/2024\/04\/Montura-Calla-2-shirt-W-deep-blue-MQCG49W-87.webp","width":600,"height":600,"caption":"Montura Calla 2 shirt W deep blue MQCG49W 87"},{"@type":"BreadcrumbList","@id":"https:\/\/www.miomiorun.com\/fr\/produit\/calla-2-shirt-femme\/#breadcrumb","itemListElement":[{"@type":"ListItem","position":1,"name":"Home","item":"https:\/\/www.miomiorun.com\/fr\/home-page\/"},{"@type":"ListItem","position":2,"name":"Shop","item":"https:\/\/www.miomiorun.com\/shop\/"},{"@type":"ListItem","position":3,"name":"Calla 2 Shirt femme"}]},{"@type":"WebSite","@id":"https:\/\/www.miomiorun.com\/fr\/#website","url":"https:\/\/www.miomiorun.com\/fr\/","name":"MioMioRun","description":"Boutique 100% running et trail","publisher":{"@id":"https:\/\/www.miomiorun.com\/fr\/#organization"},"potentialAction":[{"@type":"SearchAction","target":{"@type":"EntryPoint","urlTemplate":"https:\/\/www.miomiorun.com\/fr\/?s={search_term_string}"},"query-input":{"@type":"PropertyValueSpecification","valueRequired":true,"valueName":"search_term_string"}}],"inLanguage":"fr-FR"},{"@type":"Organization","@id":"https:\/\/www.miomiorun.com\/fr\/#organization","name":"MioMio Run","url":"https:\/\/www.miomiorun.com\/fr\/","logo":{"@type":"ImageObject","inLanguage":"fr-FR","@id":"https:\/\/www.miomiorun.com\/fr\/#\/schema\/logo\/image\/","url":"https:\/\/www.miomiorun.com\/app\/uploads\/2019\/12\/logomio.png","contentUrl":"https:\/\/www.miomiorun.com\/app\/uploads\/2019\/12\/logomio.png","width":115,"height":82,"caption":"MioMio Run"},"image":{"@id":"https:\/\/www.miomiorun.com\/fr\/#\/schema\/logo\/image\/"},"sameAs":["https:\/\/www.facebook.com\/miomiorun\/","https:\/\/www.instagram.com\/miomiorun\/"]}]}},"_links":{"self":[{"href":"https:\/\/www.miomiorun.com\/fr\/wp-json\/wp\/v2\/product\/291668","targetHints":{"allow":["GET"]}}],"collection":[{"href":"https:\/\/www.miomiorun.com\/fr\/wp-json\/wp\/v2\/product"}],"about":[{"href":"https:\/\/www.miomiorun.com\/fr\/wp-json\/wp\/v2\/types\/product"}],"wp:featuredmedia":[{"embeddable":true,"href":"https:\/\/www.miomiorun.com\/fr\/wp-json\/wp\/v2\/media\/246646"}],"wp:attachment":[{"href":"https:\/\/www.miomiorun.com\/fr\/wp-json\/wp\/v2\/media?parent=291668"}],"wp:term":[{"taxonomy":"product_brand","embeddable":true,"href":"https:\/\/www.miomiorun.com\/fr\/wp-json\/wp\/v2\/product_brand?post=291668"},{"taxonomy":"product_cat","embeddable":true,"href":"https:\/\/www.miomiorun.com\/fr\/wp-json\/wp\/v2\/product_cat?post=291668"},{"taxonomy":"product_tag","embeddable":true,"href":"https:\/\/www.miomiorun.com\/fr\/wp-json\/wp\/v2\/product_tag?post=291668"}],"curies":[{"name":"wp","href":"https:\/\/api.w.org\/{rel}","templated":true}]}}