{"id":291644,"date":"2024-04-17T19:12:25","date_gmt":"2024-04-17T17:12:25","guid":{"rendered":"https:\/\/miomiorun.com\/prodotto\/spitze-maglia-uomo\/"},"modified":"2025-11-20T12:02:49","modified_gmt":"2025-11-20T11:02:49","slug":"spitze-maillot-homme","status":"publish","type":"product","link":"https:\/\/www.miomiorun.com\/fr\/produit\/spitze-maillot-homme\/","title":{"rendered":"Spitze Maillot homme"},"content":{"rendered":"<p>Polaire <strong>Spitze<\/strong> pour homme : l\u00e9g\u00e8re, protectrice et respirante, id\u00e9ale pour l&#8217;escalade et l&#8217;alpinisme. Fabriqu\u00e9e dans un tissu polaire polyester extensible dans les deux sens, cette polaire d&#8217;alpinisme est id\u00e9ale pour les journ\u00e9es o\u00f9 vous avez besoin d&#8217;une couche confortable et respirante, mais l\u00e9g\u00e8re.<\/p>\n<p>Le tissu offre une protection contre les rayons du soleil et est dot\u00e9 d&#8217;un traitement DWR pour vous garder au sec, tandis que les empi\u00e8cements contrast\u00e9s en nylon extensible ajoutent une touche de style suppl\u00e9mentaire. La fermeture \u00e9clair avant enti\u00e8rement ouvrable vous permet de l&#8217;enfiler et de le retirer facilement pendant les pauses ou lorsque vous assurez, tandis que les poches lat\u00e9rales et la poche poitrine zipp\u00e9e sont id\u00e9ales pour ranger en toute s\u00e9curit\u00e9 de petits objets lorsque vous \u00eates en mouvement.<\/p>\n<p style=\"text-align: center\"><strong>Avec la polaire Spitze pour homme, vous affrontez les journ\u00e9es d&#8217;\u00e9t\u00e9 en haute altitude en toute s\u00e9curit\u00e9 et dans un confort maximal. <\/strong><\/p>\n<p>&nbsp;<\/p>\n<p><strong>Caract\u00e9ristiques :<\/strong><\/p>\n<ul class=\"tw-list-disc\">\n<li class=\"tw-text-xs\">Pull ouvert pour homme avec capuche<\/li>\n<li class=\"tw-text-xs\">Tissu polaire polyester bi-stretch \u00e0 haute protection contre les rayons UV<\/li>\n<li class=\"tw-text-xs\">Empi\u00e8cement contrast\u00e9 en nylon DWR stretch<\/li>\n<li class=\"tw-text-xs\">Fermeture \u00e9clair centrale enti\u00e8rement ouvrable, poches mains zipp\u00e9es, poche poitrine zipp\u00e9e<\/li>\n<li class=\"tw-text-xs\">Capuche et bas du torse finis avec \u00e9lastique<\/li>\n<li class=\"tw-text-xs\">V\u00eatement id\u00e9al pour l&#8217;escalade, l&#8217;alpinisme et diverses activit\u00e9s de plein air<\/li>\n<li class=\"tw-text-xs\">Poids : 400,0 g<\/li>\n<\/ul>\n<p>&nbsp;<\/p>\n<p>&nbsp;<\/p>\n<div class=\"content__image-wrapper tw-w-fit\">\n<div class=\"content__image tw-relative tw-w-[5rem]\"><img loading=\"lazy\" decoding=\"async\" class=\"tw-absolute tw-top-0 tw-left-0 tw-w-full tw-h-full\" src=\"https:\/\/www.montura.com\/cdn\/shop\/files\/004_Breathable_Black.svg?v=1709125473&amp;width=200\" alt=\"\" width=\"102\" height=\"102\"> &nbsp; <strong>RESPIRANT : <\/strong>Gr\u00e2ce \u00e0 ses tissus respirants, ce v\u00eatement favorise la transpiration naturelle de la peau tout en maintenant le corps \u00e0 une temp\u00e9rature optimale.<\/div>\n<\/div>\n<div><\/div>\n<div><\/div>\n<div><strong>Id\u00e9al pour :<\/strong><\/div>\n<div><\/div>\n<div><\/div>\n<div>\n<div class=\"content__image-wrapper tw-w-fit\">\n<div class=\"content__image tw-relative tw-w-[5rem]\"><img loading=\"lazy\" decoding=\"async\" class=\"tw-absolute tw-top-0 tw-left-0 tw-w-full tw-h-full\" src=\"https:\/\/www.montura.com\/cdn\/shop\/files\/017_TrekkingHiking_Black.svg?v=1709126467&amp;width=200\" alt=\"\" width=\"102\" height=\"102\">&nbsp; <strong>TREKKING \/ RANDONN\u00c9E<\/strong><\/div>\n<\/div>\n<\/div>\n<div><\/div>\n<div><\/div>\n<div><\/div>\n<div>\n<div class=\"content__image-wrapper tw-w-fit\">\n<div class=\"content__image tw-relative tw-w-[5rem]\"><\/div>\n<div>\n<div class=\"content__image-wrapper tw-w-fit\">\n<div class=\"content__image tw-relative tw-w-[5rem]\"><img loading=\"lazy\" decoding=\"async\" class=\"tw-absolute tw-top-0 tw-left-0 tw-w-full tw-h-full\" src=\"https:\/\/www.montura.com\/cdn\/shop\/files\/019_Climbing_Black.svg?v=1709126445&amp;width=200\" alt=\"\" width=\"105\" height=\"139\"><strong>ESCALADE<\/strong><\/div>\n<\/div>\n<\/div>\n<\/div>\n<\/div>\n<div><\/div>\n<div><\/div>\n<div><\/div>\n<div>\n<div class=\"content__image-wrapper tw-w-fit\">\n<div class=\"content__image tw-relative tw-w-[5rem]\"><img loading=\"lazy\" decoding=\"async\" class=\"tw-absolute tw-top-0 tw-left-0 tw-w-full tw-h-full\" src=\"https:\/\/www.montura.com\/cdn\/shop\/files\/018_Mountaineering_Black.svg?v=1709126427&amp;width=200\" alt=\"\" width=\"104\" height=\"104\"> <strong>ALPINISME<\/strong><\/div>\n<\/div>\n<\/div>\n","protected":false},"excerpt":{"rendered":"<ul>\n<li>Pull \u00e0 manches longues en tissu polaire \u00e0 s\u00e9chage rapide.<\/li>\n<li>Id\u00e9al pour toutes les activit\u00e9s de plein air en montagne.<\/li>\n<\/ul>\n","protected":false},"featured_media":246666,"template":"","meta":{"_acf_changed":false,"inline_featured_image":false},"product_brand":[],"product_cat":[24478,24482,24484],"product_tag":[23512,23524],"class_list":{"0":"post-291644","1":"product","2":"type-product","3":"status-publish","4":"has-post-thumbnail","6":"product_cat-maillots-fr-2","7":"product_cat-vetements-pour-hommes-fr","8":"product_cat-homme","9":"product_tag-montura-fr","10":"product_tag-montura-homme","11":"pa_attivita-marcher","12":"pa_attivita-outdoor-fr","13":"pa_colore-spitze-maglia-black-verde-salvia-fr","14":"pa_colore-spitze-maglia-deep-blue-verde-lime-fr","15":"pa_marca-montura-fr","16":"pa_sesso-homme","17":"pa_size-medium-fr","18":"pa_size-large-fr","19":"pa_size-extra-large-fr","21":"first","22":"instock","23":"sale","24":"taxable","25":"shipping-taxable","26":"purchasable","27":"product-type-variable","28":"wvs-archive-product-wrapper"},"acf":[],"yoast_head":"<!-- This site is optimized with the Yoast SEO plugin v26.8 - https:\/\/yoast.com\/product\/yoast-seo-wordpress\/ -->\n<title>Montura Spitze Maillot homme -maillot de course \u00e0 pied- MioMioRun.com<\/title>\n<meta name=\"description\" content=\"Pile Spitze da uomo: leggero, protettivo e traspirante, ideale per l\u2019arrampicata e l\u2019alpinismo.Realizzato con un tessuto di pile di poliestere 2-way-stretch\" \/>\n<meta name=\"robots\" content=\"index, follow, max-snippet:-1, max-image-preview:large, max-video-preview:-1\" \/>\n<link rel=\"canonical\" href=\"https:\/\/www.miomiorun.com\/fr\/produit\/spitze-maillot-homme\/\" \/>\n<meta property=\"og:locale\" content=\"fr_FR\" \/>\n<meta property=\"og:type\" content=\"article\" \/>\n<meta property=\"og:title\" content=\"Montura Spitze Maillot homme -maillot de course \u00e0 pied- MioMioRun.com\" \/>\n<meta property=\"og:description\" content=\"Pile Spitze da uomo: leggero, protettivo e traspirante, ideale per l\u2019arrampicata e l\u2019alpinismo.Realizzato con un tessuto di pile di poliestere 2-way-stretch\" \/>\n<meta property=\"og:url\" content=\"https:\/\/www.miomiorun.com\/fr\/produit\/spitze-maillot-homme\/\" \/>\n<meta property=\"og:site_name\" content=\"MioMioRun\" \/>\n<meta property=\"article:publisher\" content=\"https:\/\/www.facebook.com\/miomiorun\/\" \/>\n<meta property=\"article:modified_time\" content=\"2025-11-20T11:02:49+00:00\" \/>\n<meta property=\"og:image\" content=\"https:\/\/www.miomiorun.com\/app\/uploads\/2024\/04\/Montura-Spitze-maglia-deep-blue-verde-lime-MMAP53X-8747.webp\" \/>\n\t<meta property=\"og:image:width\" content=\"600\" \/>\n\t<meta property=\"og:image:height\" content=\"600\" \/>\n\t<meta property=\"og:image:type\" content=\"image\/webp\" \/>\n<meta name=\"twitter:card\" content=\"summary_large_image\" \/>\n<meta name=\"twitter:label1\" content=\"Est. reading time\" \/>\n\t<meta name=\"twitter:data1\" content=\"1 minute\" \/>\n<script type=\"application\/ld+json\" class=\"yoast-schema-graph\">{\"@context\":\"https:\/\/schema.org\",\"@graph\":[{\"@type\":\"WebPage\",\"@id\":\"https:\/\/www.miomiorun.com\/fr\/produit\/spitze-maillot-homme\/\",\"url\":\"https:\/\/www.miomiorun.com\/fr\/produit\/spitze-maillot-homme\/\",\"name\":\"Montura Spitze Maillot homme -maillot de course \u00e0 pied- MioMioRun.com\",\"isPartOf\":{\"@id\":\"https:\/\/www.miomiorun.com\/fr\/#website\"},\"primaryImageOfPage\":{\"@id\":\"https:\/\/www.miomiorun.com\/fr\/produit\/spitze-maillot-homme\/#primaryimage\"},\"image\":{\"@id\":\"https:\/\/www.miomiorun.com\/fr\/produit\/spitze-maillot-homme\/#primaryimage\"},\"thumbnailUrl\":\"https:\/\/www.miomiorun.com\/app\/uploads\/2024\/04\/Montura-Spitze-maglia-deep-blue-verde-lime-MMAP53X-8747.webp\",\"datePublished\":\"2024-04-17T17:12:25+00:00\",\"dateModified\":\"2025-11-20T11:02:49+00:00\",\"description\":\"Pile Spitze da uomo: leggero, protettivo e traspirante, ideale per l\u2019arrampicata e l\u2019alpinismo.Realizzato con un tessuto di pile di poliestere 2-way-stretch\",\"breadcrumb\":{\"@id\":\"https:\/\/www.miomiorun.com\/fr\/produit\/spitze-maillot-homme\/#breadcrumb\"},\"inLanguage\":\"fr-FR\",\"potentialAction\":[{\"@type\":\"ReadAction\",\"target\":[\"https:\/\/www.miomiorun.com\/fr\/produit\/spitze-maillot-homme\/\"]}]},{\"@type\":\"ImageObject\",\"inLanguage\":\"fr-FR\",\"@id\":\"https:\/\/www.miomiorun.com\/fr\/produit\/spitze-maillot-homme\/#primaryimage\",\"url\":\"https:\/\/www.miomiorun.com\/app\/uploads\/2024\/04\/Montura-Spitze-maglia-deep-blue-verde-lime-MMAP53X-8747.webp\",\"contentUrl\":\"https:\/\/www.miomiorun.com\/app\/uploads\/2024\/04\/Montura-Spitze-maglia-deep-blue-verde-lime-MMAP53X-8747.webp\",\"width\":600,\"height\":600,\"caption\":\"Montura Spitze maglia deep blue verde lime MMAP53X 8747\"},{\"@type\":\"BreadcrumbList\",\"@id\":\"https:\/\/www.miomiorun.com\/fr\/produit\/spitze-maillot-homme\/#breadcrumb\",\"itemListElement\":[{\"@type\":\"ListItem\",\"position\":1,\"name\":\"Home\",\"item\":\"https:\/\/www.miomiorun.com\/fr\/home-page\/\"},{\"@type\":\"ListItem\",\"position\":2,\"name\":\"Shop\",\"item\":\"https:\/\/www.miomiorun.com\/shop\/\"},{\"@type\":\"ListItem\",\"position\":3,\"name\":\"Spitze Maillot homme\"}]},{\"@type\":\"WebSite\",\"@id\":\"https:\/\/www.miomiorun.com\/fr\/#website\",\"url\":\"https:\/\/www.miomiorun.com\/fr\/\",\"name\":\"MioMioRun\",\"description\":\"Boutique 100% running et trail\",\"publisher\":{\"@id\":\"https:\/\/www.miomiorun.com\/fr\/#organization\"},\"potentialAction\":[{\"@type\":\"SearchAction\",\"target\":{\"@type\":\"EntryPoint\",\"urlTemplate\":\"https:\/\/www.miomiorun.com\/fr\/?s={search_term_string}\"},\"query-input\":{\"@type\":\"PropertyValueSpecification\",\"valueRequired\":true,\"valueName\":\"search_term_string\"}}],\"inLanguage\":\"fr-FR\"},{\"@type\":\"Organization\",\"@id\":\"https:\/\/www.miomiorun.com\/fr\/#organization\",\"name\":\"MioMio Run\",\"url\":\"https:\/\/www.miomiorun.com\/fr\/\",\"logo\":{\"@type\":\"ImageObject\",\"inLanguage\":\"fr-FR\",\"@id\":\"https:\/\/www.miomiorun.com\/fr\/#\/schema\/logo\/image\/\",\"url\":\"https:\/\/www.miomiorun.com\/app\/uploads\/2019\/12\/logomio.png\",\"contentUrl\":\"https:\/\/www.miomiorun.com\/app\/uploads\/2019\/12\/logomio.png\",\"width\":115,\"height\":82,\"caption\":\"MioMio Run\"},\"image\":{\"@id\":\"https:\/\/www.miomiorun.com\/fr\/#\/schema\/logo\/image\/\"},\"sameAs\":[\"https:\/\/www.facebook.com\/miomiorun\/\",\"https:\/\/www.instagram.com\/miomiorun\/\"]}]}<\/script>\n<!-- \/ Yoast SEO plugin. -->","yoast_head_json":{"title":"Montura Spitze Maillot homme -maillot de course \u00e0 pied- MioMioRun.com","description":"Pile Spitze da uomo: leggero, protettivo e traspirante, ideale per l\u2019arrampicata e l\u2019alpinismo.Realizzato con un tessuto di pile di poliestere 2-way-stretch","robots":{"index":"index","follow":"follow","max-snippet":"max-snippet:-1","max-image-preview":"max-image-preview:large","max-video-preview":"max-video-preview:-1"},"canonical":"https:\/\/www.miomiorun.com\/fr\/produit\/spitze-maillot-homme\/","og_locale":"fr_FR","og_type":"article","og_title":"Montura Spitze Maillot homme -maillot de course \u00e0 pied- MioMioRun.com","og_description":"Pile Spitze da uomo: leggero, protettivo e traspirante, ideale per l\u2019arrampicata e l\u2019alpinismo.Realizzato con un tessuto di pile di poliestere 2-way-stretch","og_url":"https:\/\/www.miomiorun.com\/fr\/produit\/spitze-maillot-homme\/","og_site_name":"MioMioRun","article_publisher":"https:\/\/www.facebook.com\/miomiorun\/","article_modified_time":"2025-11-20T11:02:49+00:00","og_image":[{"width":600,"height":600,"url":"https:\/\/www.miomiorun.com\/app\/uploads\/2024\/04\/Montura-Spitze-maglia-deep-blue-verde-lime-MMAP53X-8747.webp","type":"image\/webp"}],"twitter_card":"summary_large_image","twitter_misc":{"Est. reading time":"1 minute"},"schema":{"@context":"https:\/\/schema.org","@graph":[{"@type":"WebPage","@id":"https:\/\/www.miomiorun.com\/fr\/produit\/spitze-maillot-homme\/","url":"https:\/\/www.miomiorun.com\/fr\/produit\/spitze-maillot-homme\/","name":"Montura Spitze Maillot homme -maillot de course \u00e0 pied- MioMioRun.com","isPartOf":{"@id":"https:\/\/www.miomiorun.com\/fr\/#website"},"primaryImageOfPage":{"@id":"https:\/\/www.miomiorun.com\/fr\/produit\/spitze-maillot-homme\/#primaryimage"},"image":{"@id":"https:\/\/www.miomiorun.com\/fr\/produit\/spitze-maillot-homme\/#primaryimage"},"thumbnailUrl":"https:\/\/www.miomiorun.com\/app\/uploads\/2024\/04\/Montura-Spitze-maglia-deep-blue-verde-lime-MMAP53X-8747.webp","datePublished":"2024-04-17T17:12:25+00:00","dateModified":"2025-11-20T11:02:49+00:00","description":"Pile Spitze da uomo: leggero, protettivo e traspirante, ideale per l\u2019arrampicata e l\u2019alpinismo.Realizzato con un tessuto di pile di poliestere 2-way-stretch","breadcrumb":{"@id":"https:\/\/www.miomiorun.com\/fr\/produit\/spitze-maillot-homme\/#breadcrumb"},"inLanguage":"fr-FR","potentialAction":[{"@type":"ReadAction","target":["https:\/\/www.miomiorun.com\/fr\/produit\/spitze-maillot-homme\/"]}]},{"@type":"ImageObject","inLanguage":"fr-FR","@id":"https:\/\/www.miomiorun.com\/fr\/produit\/spitze-maillot-homme\/#primaryimage","url":"https:\/\/www.miomiorun.com\/app\/uploads\/2024\/04\/Montura-Spitze-maglia-deep-blue-verde-lime-MMAP53X-8747.webp","contentUrl":"https:\/\/www.miomiorun.com\/app\/uploads\/2024\/04\/Montura-Spitze-maglia-deep-blue-verde-lime-MMAP53X-8747.webp","width":600,"height":600,"caption":"Montura Spitze maglia deep blue verde lime MMAP53X 8747"},{"@type":"BreadcrumbList","@id":"https:\/\/www.miomiorun.com\/fr\/produit\/spitze-maillot-homme\/#breadcrumb","itemListElement":[{"@type":"ListItem","position":1,"name":"Home","item":"https:\/\/www.miomiorun.com\/fr\/home-page\/"},{"@type":"ListItem","position":2,"name":"Shop","item":"https:\/\/www.miomiorun.com\/shop\/"},{"@type":"ListItem","position":3,"name":"Spitze Maillot homme"}]},{"@type":"WebSite","@id":"https:\/\/www.miomiorun.com\/fr\/#website","url":"https:\/\/www.miomiorun.com\/fr\/","name":"MioMioRun","description":"Boutique 100% running et trail","publisher":{"@id":"https:\/\/www.miomiorun.com\/fr\/#organization"},"potentialAction":[{"@type":"SearchAction","target":{"@type":"EntryPoint","urlTemplate":"https:\/\/www.miomiorun.com\/fr\/?s={search_term_string}"},"query-input":{"@type":"PropertyValueSpecification","valueRequired":true,"valueName":"search_term_string"}}],"inLanguage":"fr-FR"},{"@type":"Organization","@id":"https:\/\/www.miomiorun.com\/fr\/#organization","name":"MioMio Run","url":"https:\/\/www.miomiorun.com\/fr\/","logo":{"@type":"ImageObject","inLanguage":"fr-FR","@id":"https:\/\/www.miomiorun.com\/fr\/#\/schema\/logo\/image\/","url":"https:\/\/www.miomiorun.com\/app\/uploads\/2019\/12\/logomio.png","contentUrl":"https:\/\/www.miomiorun.com\/app\/uploads\/2019\/12\/logomio.png","width":115,"height":82,"caption":"MioMio Run"},"image":{"@id":"https:\/\/www.miomiorun.com\/fr\/#\/schema\/logo\/image\/"},"sameAs":["https:\/\/www.facebook.com\/miomiorun\/","https:\/\/www.instagram.com\/miomiorun\/"]}]}},"_links":{"self":[{"href":"https:\/\/www.miomiorun.com\/fr\/wp-json\/wp\/v2\/product\/291644","targetHints":{"allow":["GET"]}}],"collection":[{"href":"https:\/\/www.miomiorun.com\/fr\/wp-json\/wp\/v2\/product"}],"about":[{"href":"https:\/\/www.miomiorun.com\/fr\/wp-json\/wp\/v2\/types\/product"}],"wp:featuredmedia":[{"embeddable":true,"href":"https:\/\/www.miomiorun.com\/fr\/wp-json\/wp\/v2\/media\/246666"}],"wp:attachment":[{"href":"https:\/\/www.miomiorun.com\/fr\/wp-json\/wp\/v2\/media?parent=291644"}],"wp:term":[{"taxonomy":"product_brand","embeddable":true,"href":"https:\/\/www.miomiorun.com\/fr\/wp-json\/wp\/v2\/product_brand?post=291644"},{"taxonomy":"product_cat","embeddable":true,"href":"https:\/\/www.miomiorun.com\/fr\/wp-json\/wp\/v2\/product_cat?post=291644"},{"taxonomy":"product_tag","embeddable":true,"href":"https:\/\/www.miomiorun.com\/fr\/wp-json\/wp\/v2\/product_tag?post=291644"}],"curies":[{"name":"wp","href":"https:\/\/api.w.org\/{rel}","templated":true}]}}