{"id":291637,"date":"2024-04-18T13:06:40","date_gmt":"2024-04-18T11:06:40","guid":{"rendered":"https:\/\/miomiorun.com\/prodotto\/sarzana-short-donna\/"},"modified":"2025-06-13T16:24:17","modified_gmt":"2025-06-13T14:24:17","slug":"sarzana-short-femme","status":"publish","type":"product","link":"https:\/\/www.miomiorun.com\/fr\/produit\/sarzana-short-femme\/","title":{"rendered":"Sarzana Short femme"},"content":{"rendered":"<p>Short <strong>Sarzana<\/strong> pour femme : un confort maximal et une peau toujours s\u00e8che lors des excursions estivales.<\/p>\n<p>Ce short en <strong>nylon 4-way-stretch<\/strong> est extensible pour s&#8217;adapter \u00e0 tous les mouvements. Le tissu respirant absorbe et \u00e9vacue la sueur de la peau, vous gardant toujours au frais et au sec. La construction \u00e0 double tissage est ultra-r\u00e9sistante aux d\u00e9chirures et \u00e0 l&#8217;abrasion, id\u00e9ale pour marcher dans les rochers ou la v\u00e9g\u00e9tation dense.<\/p>\n<p>Le traitement d\u00e9perlant <strong>DWR<\/strong> <strong>sans PFC<\/strong> \u00e9vacue l&#8217;humidit\u00e9, la salet\u00e9 et la poussi\u00e8re, et le tissu vous prot\u00e8ge \u00e9galement des rayons UV. La ceinture \u00e0 passants permet d&#8217;ajuster la coupe, tandis que les poches passepoil\u00e9es fonctionnelles offrent suffisamment d&#8217;espace pour ranger les petits objets.<\/p>\n<p style=\"text-align: center;\"><strong>Le short Sarzana pour femme est le choix id\u00e9al pour les aventures estivales qui n\u00e9cessitent un confort et une protection \u00e0 toute \u00e9preuve.<\/strong><\/p>\n<p>&nbsp;<\/p>\n<p><strong>Caract\u00e9ristiques :<\/strong><\/p>\n<ul class=\"tw-list-disc\">\n<li class=\"tw-text-xs\">Pantalon court pour femmes<\/li>\n<li class=\"tw-text-xs\">Tissu en nylon extensible DWR avec structure \u00e0 double tissage gaufr\u00e9, r\u00e9sistant \u00e0 la d\u00e9chirure et \u00e0 l&#8217;abrasion<\/li>\n<li class=\"tw-text-xs\">Ceinture avec passants, ouverture par bouton et fermeture \u00e9clair<\/li>\n<li class=\"tw-text-xs\">Poches ouvertes sur les mains<\/li>\n<li class=\"tw-text-xs\">V\u00eatement id\u00e9al pour diverses activit\u00e9s de plein air et de loisirs<\/li>\n<li class=\"tw-text-xs\">130.0 g<\/li>\n<\/ul>\n<p>&nbsp;<\/p>\n<p>&nbsp;<\/p>\n<p>&nbsp;<\/p>\n<div class=\"content__image-wrapper tw-w-fit\">\n<div class=\"content__image tw-relative tw-w-[5rem]\"><img loading=\"lazy\" decoding=\"async\" class=\"tw-absolute tw-top-0 tw-left-0 tw-w-full tw-h-full\" src=\"https:\/\/www.montura.com\/cdn\/shop\/files\/004_Breathable_Black.svg?v=1709125473&amp;width=200\" srcset=\"\/\/www.montura.com\/cdn\/shop\/files\/004_Breathable_Black.svg?v=1709125473&amp;width=200 200w\" alt=\"\" width=\"102\" height=\"102\" \/> <strong>RESPIRANT : <\/strong>Gr\u00e2ce \u00e0 des tissus respirants, ce v\u00eatement favorise la transpiration naturelle de la peau et maintient le corps \u00e0 une temp\u00e9rature optimale \u00e0 tout moment.<\/div>\n<\/div>\n<div><\/div>\n<div><\/div>\n<div><\/div>\n<div>\n<div class=\"content__image-wrapper tw-w-fit\">\n<div class=\"content__image tw-relative tw-w-[5rem]\"><img loading=\"lazy\" decoding=\"async\" class=\"tw-absolute tw-top-0 tw-left-0 tw-w-full tw-h-full\" src=\"https:\/\/www.montura.com\/cdn\/shop\/files\/002_WaterResistantDWR_Black.svg?v=1709125500&amp;width=200\" srcset=\"\/\/www.montura.com\/cdn\/shop\/files\/002_WaterResistantDWR_Black.svg?v=1709125500&amp;width=200 200w\" alt=\"\" width=\"102\" height=\"102\" \/> <strong>IMPERM\u00c9ABLE : <\/strong>Une couche d\u00e9perlante appliqu\u00e9e sur le tissu offre une l\u00e9g\u00e8re protection contre l&#8217;humidit\u00e9 ext\u00e9rieure.<\/div>\n<\/div>\n<\/div>\n<div><\/div>\n<div><\/div>\n<h3><strong>Id\u00e9al pour :<\/strong><\/h3>\n<p>&nbsp;<\/p>\n<div class=\"content__image-wrapper tw-w-fit\">\n<div class=\"content__image tw-relative tw-w-[5rem]\">\n<div class=\"content__image-wrapper tw-w-fit\">\n<div class=\"content__image tw-relative tw-w-[5rem]\"><img loading=\"lazy\" decoding=\"async\" class=\"tw-absolute tw-top-0 tw-left-0 tw-w-full tw-h-full\" src=\"https:\/\/www.montura.com\/cdn\/shop\/files\/017_TrekkingHiking_Black.svg?v=1709126467&amp;width=200\" srcset=\"\/\/www.montura.com\/cdn\/shop\/files\/017_TrekkingHiking_Black.svg?v=1709126467&amp;width=200 200w\" alt=\"\" width=\"101\" height=\"101\" \/> <strong>TREKKING\/RANDONN\u00c9E<\/strong><\/div>\n<\/div>\n<\/div>\n<\/div>\n","protected":false},"excerpt":{"rendered":"<ul>\n<li>Short id\u00e9al pour les activit\u00e9s de plein air.<\/li>\n<li>R\u00e9sistant \u00e0 l&#8217;eau.<\/li>\n<\/ul>\n","protected":false},"featured_media":246690,"template":"","meta":{"_acf_changed":false,"inline_featured_image":false},"product_brand":[],"product_cat":[22602,22596,22595],"product_tag":[23512,23514],"class_list":{"0":"post-291637","1":"product","2":"type-product","3":"status-publish","4":"has-post-thumbnail","6":"product_cat-pantalon-court","7":"product_cat-vetements-pour-femmes","8":"product_cat-femme","9":"product_tag-montura-fr","10":"product_tag-montura-femme","11":"pa_attivita-marcher","12":"pa_attivita-running-fr","13":"pa_colore-sarzana-short-w-ardesia-fr","14":"pa_marca-montura-fr","15":"pa_sesso-femme","16":"pa_size-small-fr","17":"pa_size-medium-fr","18":"pa_size-large-fr","20":"first","21":"instock","22":"sale","23":"taxable","24":"shipping-taxable","25":"purchasable","26":"product-type-variable","27":"wvs-archive-product-wrapper"},"acf":[],"yoast_head":"<!-- This site is optimized with the Yoast SEO plugin v26.8 - https:\/\/yoast.com\/product\/yoast-seo-wordpress\/ -->\n<title>Montura Sarzana Short femme - shorts pour femmesMioMioRun<\/title>\n<meta name=\"description\" content=\"Short Sarzana pour femmes : confort maximal et peau toujours s\u00e8che lors des randonn\u00e9es estivales. Ce short est fabriqu\u00e9 en nylon extensible dans les 4 sens.\" \/>\n<meta name=\"robots\" content=\"index, follow, max-snippet:-1, max-image-preview:large, max-video-preview:-1\" \/>\n<link rel=\"canonical\" href=\"https:\/\/www.miomiorun.com\/fr\/produit\/sarzana-short-femme\/\" \/>\n<meta property=\"og:locale\" content=\"fr_FR\" \/>\n<meta property=\"og:type\" content=\"article\" \/>\n<meta property=\"og:title\" content=\"Montura Sarzana Short femme - shorts pour femmesMioMioRun\" \/>\n<meta property=\"og:description\" content=\"Short Sarzana pour femmes : confort maximal et peau toujours s\u00e8che lors des randonn\u00e9es estivales. Ce short est fabriqu\u00e9 en nylon extensible dans les 4 sens.\" \/>\n<meta property=\"og:url\" content=\"https:\/\/www.miomiorun.com\/fr\/produit\/sarzana-short-femme\/\" \/>\n<meta property=\"og:site_name\" content=\"MioMioRun\" \/>\n<meta property=\"article:publisher\" content=\"https:\/\/www.facebook.com\/miomiorun\/\" \/>\n<meta property=\"article:modified_time\" content=\"2025-06-13T14:24:17+00:00\" \/>\n<meta property=\"og:image\" content=\"https:\/\/www.miomiorun.com\/app\/uploads\/2024\/04\/Montura-Sarzana-short-W-ardesia-MPSG55W-91.webp\" \/>\n\t<meta property=\"og:image:width\" content=\"600\" \/>\n\t<meta property=\"og:image:height\" content=\"600\" \/>\n\t<meta property=\"og:image:type\" content=\"image\/webp\" \/>\n<meta name=\"twitter:card\" content=\"summary_large_image\" \/>\n<meta name=\"twitter:label1\" content=\"Est. reading time\" \/>\n\t<meta name=\"twitter:data1\" content=\"1 minute\" \/>\n<script type=\"application\/ld+json\" class=\"yoast-schema-graph\">{\"@context\":\"https:\/\/schema.org\",\"@graph\":[{\"@type\":\"WebPage\",\"@id\":\"https:\/\/www.miomiorun.com\/fr\/produit\/sarzana-short-femme\/\",\"url\":\"https:\/\/www.miomiorun.com\/fr\/produit\/sarzana-short-femme\/\",\"name\":\"Montura Sarzana Short femme - shorts pour femmesMioMioRun\",\"isPartOf\":{\"@id\":\"https:\/\/www.miomiorun.com\/fr\/#website\"},\"primaryImageOfPage\":{\"@id\":\"https:\/\/www.miomiorun.com\/fr\/produit\/sarzana-short-femme\/#primaryimage\"},\"image\":{\"@id\":\"https:\/\/www.miomiorun.com\/fr\/produit\/sarzana-short-femme\/#primaryimage\"},\"thumbnailUrl\":\"https:\/\/www.miomiorun.com\/app\/uploads\/2024\/04\/Montura-Sarzana-short-W-ardesia-MPSG55W-91.webp\",\"datePublished\":\"2024-04-18T11:06:40+00:00\",\"dateModified\":\"2025-06-13T14:24:17+00:00\",\"description\":\"Short Sarzana pour femmes : confort maximal et peau toujours s\u00e8che lors des randonn\u00e9es estivales. Ce short est fabriqu\u00e9 en nylon extensible dans les 4 sens.\",\"breadcrumb\":{\"@id\":\"https:\/\/www.miomiorun.com\/fr\/produit\/sarzana-short-femme\/#breadcrumb\"},\"inLanguage\":\"fr-FR\",\"potentialAction\":[{\"@type\":\"ReadAction\",\"target\":[\"https:\/\/www.miomiorun.com\/fr\/produit\/sarzana-short-femme\/\"]}]},{\"@type\":\"ImageObject\",\"inLanguage\":\"fr-FR\",\"@id\":\"https:\/\/www.miomiorun.com\/fr\/produit\/sarzana-short-femme\/#primaryimage\",\"url\":\"https:\/\/www.miomiorun.com\/app\/uploads\/2024\/04\/Montura-Sarzana-short-W-ardesia-MPSG55W-91.webp\",\"contentUrl\":\"https:\/\/www.miomiorun.com\/app\/uploads\/2024\/04\/Montura-Sarzana-short-W-ardesia-MPSG55W-91.webp\",\"width\":600,\"height\":600,\"caption\":\"Montura Sarzana short W ardesia MPSG55W 91\"},{\"@type\":\"BreadcrumbList\",\"@id\":\"https:\/\/www.miomiorun.com\/fr\/produit\/sarzana-short-femme\/#breadcrumb\",\"itemListElement\":[{\"@type\":\"ListItem\",\"position\":1,\"name\":\"Home\",\"item\":\"https:\/\/www.miomiorun.com\/fr\/home-page\/\"},{\"@type\":\"ListItem\",\"position\":2,\"name\":\"Shop\",\"item\":\"https:\/\/www.miomiorun.com\/shop\/\"},{\"@type\":\"ListItem\",\"position\":3,\"name\":\"Sarzana Short femme\"}]},{\"@type\":\"WebSite\",\"@id\":\"https:\/\/www.miomiorun.com\/fr\/#website\",\"url\":\"https:\/\/www.miomiorun.com\/fr\/\",\"name\":\"MioMioRun\",\"description\":\"Boutique 100% running et trail\",\"publisher\":{\"@id\":\"https:\/\/www.miomiorun.com\/fr\/#organization\"},\"potentialAction\":[{\"@type\":\"SearchAction\",\"target\":{\"@type\":\"EntryPoint\",\"urlTemplate\":\"https:\/\/www.miomiorun.com\/fr\/?s={search_term_string}\"},\"query-input\":{\"@type\":\"PropertyValueSpecification\",\"valueRequired\":true,\"valueName\":\"search_term_string\"}}],\"inLanguage\":\"fr-FR\"},{\"@type\":\"Organization\",\"@id\":\"https:\/\/www.miomiorun.com\/fr\/#organization\",\"name\":\"MioMio Run\",\"url\":\"https:\/\/www.miomiorun.com\/fr\/\",\"logo\":{\"@type\":\"ImageObject\",\"inLanguage\":\"fr-FR\",\"@id\":\"https:\/\/www.miomiorun.com\/fr\/#\/schema\/logo\/image\/\",\"url\":\"https:\/\/www.miomiorun.com\/app\/uploads\/2019\/12\/logomio.png\",\"contentUrl\":\"https:\/\/www.miomiorun.com\/app\/uploads\/2019\/12\/logomio.png\",\"width\":115,\"height\":82,\"caption\":\"MioMio Run\"},\"image\":{\"@id\":\"https:\/\/www.miomiorun.com\/fr\/#\/schema\/logo\/image\/\"},\"sameAs\":[\"https:\/\/www.facebook.com\/miomiorun\/\",\"https:\/\/www.instagram.com\/miomiorun\/\"]}]}<\/script>\n<!-- \/ Yoast SEO plugin. -->","yoast_head_json":{"title":"Montura Sarzana Short femme - shorts pour femmesMioMioRun","description":"Short Sarzana pour femmes : confort maximal et peau toujours s\u00e8che lors des randonn\u00e9es estivales. Ce short est fabriqu\u00e9 en nylon extensible dans les 4 sens.","robots":{"index":"index","follow":"follow","max-snippet":"max-snippet:-1","max-image-preview":"max-image-preview:large","max-video-preview":"max-video-preview:-1"},"canonical":"https:\/\/www.miomiorun.com\/fr\/produit\/sarzana-short-femme\/","og_locale":"fr_FR","og_type":"article","og_title":"Montura Sarzana Short femme - shorts pour femmesMioMioRun","og_description":"Short Sarzana pour femmes : confort maximal et peau toujours s\u00e8che lors des randonn\u00e9es estivales. Ce short est fabriqu\u00e9 en nylon extensible dans les 4 sens.","og_url":"https:\/\/www.miomiorun.com\/fr\/produit\/sarzana-short-femme\/","og_site_name":"MioMioRun","article_publisher":"https:\/\/www.facebook.com\/miomiorun\/","article_modified_time":"2025-06-13T14:24:17+00:00","og_image":[{"width":600,"height":600,"url":"https:\/\/www.miomiorun.com\/app\/uploads\/2024\/04\/Montura-Sarzana-short-W-ardesia-MPSG55W-91.webp","type":"image\/webp"}],"twitter_card":"summary_large_image","twitter_misc":{"Est. reading time":"1 minute"},"schema":{"@context":"https:\/\/schema.org","@graph":[{"@type":"WebPage","@id":"https:\/\/www.miomiorun.com\/fr\/produit\/sarzana-short-femme\/","url":"https:\/\/www.miomiorun.com\/fr\/produit\/sarzana-short-femme\/","name":"Montura Sarzana Short femme - shorts pour femmesMioMioRun","isPartOf":{"@id":"https:\/\/www.miomiorun.com\/fr\/#website"},"primaryImageOfPage":{"@id":"https:\/\/www.miomiorun.com\/fr\/produit\/sarzana-short-femme\/#primaryimage"},"image":{"@id":"https:\/\/www.miomiorun.com\/fr\/produit\/sarzana-short-femme\/#primaryimage"},"thumbnailUrl":"https:\/\/www.miomiorun.com\/app\/uploads\/2024\/04\/Montura-Sarzana-short-W-ardesia-MPSG55W-91.webp","datePublished":"2024-04-18T11:06:40+00:00","dateModified":"2025-06-13T14:24:17+00:00","description":"Short Sarzana pour femmes : confort maximal et peau toujours s\u00e8che lors des randonn\u00e9es estivales. Ce short est fabriqu\u00e9 en nylon extensible dans les 4 sens.","breadcrumb":{"@id":"https:\/\/www.miomiorun.com\/fr\/produit\/sarzana-short-femme\/#breadcrumb"},"inLanguage":"fr-FR","potentialAction":[{"@type":"ReadAction","target":["https:\/\/www.miomiorun.com\/fr\/produit\/sarzana-short-femme\/"]}]},{"@type":"ImageObject","inLanguage":"fr-FR","@id":"https:\/\/www.miomiorun.com\/fr\/produit\/sarzana-short-femme\/#primaryimage","url":"https:\/\/www.miomiorun.com\/app\/uploads\/2024\/04\/Montura-Sarzana-short-W-ardesia-MPSG55W-91.webp","contentUrl":"https:\/\/www.miomiorun.com\/app\/uploads\/2024\/04\/Montura-Sarzana-short-W-ardesia-MPSG55W-91.webp","width":600,"height":600,"caption":"Montura Sarzana short W ardesia MPSG55W 91"},{"@type":"BreadcrumbList","@id":"https:\/\/www.miomiorun.com\/fr\/produit\/sarzana-short-femme\/#breadcrumb","itemListElement":[{"@type":"ListItem","position":1,"name":"Home","item":"https:\/\/www.miomiorun.com\/fr\/home-page\/"},{"@type":"ListItem","position":2,"name":"Shop","item":"https:\/\/www.miomiorun.com\/shop\/"},{"@type":"ListItem","position":3,"name":"Sarzana Short femme"}]},{"@type":"WebSite","@id":"https:\/\/www.miomiorun.com\/fr\/#website","url":"https:\/\/www.miomiorun.com\/fr\/","name":"MioMioRun","description":"Boutique 100% running et trail","publisher":{"@id":"https:\/\/www.miomiorun.com\/fr\/#organization"},"potentialAction":[{"@type":"SearchAction","target":{"@type":"EntryPoint","urlTemplate":"https:\/\/www.miomiorun.com\/fr\/?s={search_term_string}"},"query-input":{"@type":"PropertyValueSpecification","valueRequired":true,"valueName":"search_term_string"}}],"inLanguage":"fr-FR"},{"@type":"Organization","@id":"https:\/\/www.miomiorun.com\/fr\/#organization","name":"MioMio Run","url":"https:\/\/www.miomiorun.com\/fr\/","logo":{"@type":"ImageObject","inLanguage":"fr-FR","@id":"https:\/\/www.miomiorun.com\/fr\/#\/schema\/logo\/image\/","url":"https:\/\/www.miomiorun.com\/app\/uploads\/2019\/12\/logomio.png","contentUrl":"https:\/\/www.miomiorun.com\/app\/uploads\/2019\/12\/logomio.png","width":115,"height":82,"caption":"MioMio Run"},"image":{"@id":"https:\/\/www.miomiorun.com\/fr\/#\/schema\/logo\/image\/"},"sameAs":["https:\/\/www.facebook.com\/miomiorun\/","https:\/\/www.instagram.com\/miomiorun\/"]}]}},"_links":{"self":[{"href":"https:\/\/www.miomiorun.com\/fr\/wp-json\/wp\/v2\/product\/291637","targetHints":{"allow":["GET"]}}],"collection":[{"href":"https:\/\/www.miomiorun.com\/fr\/wp-json\/wp\/v2\/product"}],"about":[{"href":"https:\/\/www.miomiorun.com\/fr\/wp-json\/wp\/v2\/types\/product"}],"wp:featuredmedia":[{"embeddable":true,"href":"https:\/\/www.miomiorun.com\/fr\/wp-json\/wp\/v2\/media\/246690"}],"wp:attachment":[{"href":"https:\/\/www.miomiorun.com\/fr\/wp-json\/wp\/v2\/media?parent=291637"}],"wp:term":[{"taxonomy":"product_brand","embeddable":true,"href":"https:\/\/www.miomiorun.com\/fr\/wp-json\/wp\/v2\/product_brand?post=291637"},{"taxonomy":"product_cat","embeddable":true,"href":"https:\/\/www.miomiorun.com\/fr\/wp-json\/wp\/v2\/product_cat?post=291637"},{"taxonomy":"product_tag","embeddable":true,"href":"https:\/\/www.miomiorun.com\/fr\/wp-json\/wp\/v2\/product_tag?post=291637"}],"curies":[{"name":"wp","href":"https:\/\/api.w.org\/{rel}","templated":true}]}}