{"id":291592,"date":"2024-04-18T14:57:47","date_gmt":"2024-04-18T12:57:47","guid":{"rendered":"https:\/\/miomiorun.com\/prodotto\/rock-2-t-shirt-donna\/"},"modified":"2025-06-13T16:32:37","modified_gmt":"2025-06-13T14:32:37","slug":"rock-2-t-shirt-femme","status":"publish","type":"product","link":"https:\/\/www.miomiorun.com\/fr\/produit\/rock-2-t-shirt-femme\/","title":{"rendered":"Rock 2 T-Shirt femme"},"content":{"rendered":"<p>T-shirt <strong>Rock 2<\/strong> pour femme : un v\u00eatement polyvalent pour la course \u00e0 pied, l&#8217;escalade et la randonn\u00e9e. Ce T-shirt est fabriqu\u00e9 en jersey de polyester recycl\u00e9 pour vous offrir confort et l\u00e9g\u00e8ret\u00e9 lors de vos sorties de trail running ou d&#8217;escalade en falaise.<\/p>\n<p>Dot\u00e9 de la technologie <strong>Deltapeak\u2122<\/strong>, il est extr\u00eamement respirant et s\u00e8che rapidement pour tenir la sueur \u00e0 distance lors des journ\u00e9es chaudes. Le tissu haute densit\u00e9 est r\u00e9sistant aux d\u00e9chirures et b\u00e9n\u00e9ficie d&#8217;une protection contre les UV.<\/p>\n<p style=\"text-align: center;\"><strong>Portez le T-shirt Rock 2 pour femmes pour une sensation de fra\u00eecheur prolong\u00e9e lors de vos aventures en plein air.<\/strong><\/p>\n<p>&nbsp;<\/p>\n<p><strong>Caract\u00e9ristiques :<\/strong><\/p>\n<ul class=\"tw-list-disc\">\n<li class=\"tw-text-xs\">T-shirt pour femmes<\/li>\n<li class=\"tw-text-xs\">Tissu jersey en polyester Deltapeak\u2122 recycl\u00e9 avec protection UV et propri\u00e9t\u00e9s de s\u00e9chage rapide.<\/li>\n<li class=\"tw-text-xs\">V\u00eatement id\u00e9al pour la course \u00e0 pied, l&#8217;escalade, les activit\u00e9s de plein air et de loisirs.<\/li>\n<li>Poids : 100,0 g<\/li>\n<\/ul>\n<p>&nbsp;<\/p>\n<div class=\"content__image-wrapper tw-w-fit\">\n<div class=\"content__image tw-relative tw-w-[5rem]\"><img loading=\"lazy\" decoding=\"async\" class=\"tw-absolute tw-top-0 tw-left-0 tw-w-full tw-h-full\" src=\"https:\/\/www.montura.com\/cdn\/shop\/files\/004_Breathable_Black.svg?v=1709125473&amp;width=200\" srcset=\"\/\/www.montura.com\/cdn\/shop\/files\/004_Breathable_Black.svg?v=1709125473&amp;width=200 200w\" alt=\"\" width=\"102\" height=\"102\" \/><\/div>\n<div>\n<h3 class=\"tw-text-s tw-pt-[1.2rem] tw-pb-[0.4rem] tw-font-medium\">Respirant<\/h3>\n<p class=\"tw-text-greyish-brown tw-text-xs tw-pt-[0.4rem]\">Gr\u00e2ce \u00e0 des tissus respirants, ce v\u00eatement favorise la transpiration naturelle de la peau et maintient le corps \u00e0 une temp\u00e9rature optimale en permanence.<\/p>\n<\/div>\n<\/div>\n<p>&nbsp;<\/p>\n<h2>Id\u00e9al pour :<\/h2>\n<p>&nbsp;<\/p>\n<div class=\"content__image-wrapper tw-w-fit\">\n<div class=\"content__image tw-relative tw-w-[5rem]\"><img loading=\"lazy\" decoding=\"async\" class=\"tw-absolute tw-top-0 tw-left-0 tw-w-full tw-h-full\" src=\"https:\/\/www.montura.com\/cdn\/shop\/files\/017_TrekkingHiking_Black.svg?v=1709126467&amp;width=200\" srcset=\"\/\/www.montura.com\/cdn\/shop\/files\/017_TrekkingHiking_Black.svg?v=1709126467&amp;width=200 200w\" alt=\"\" width=\"101\" height=\"101\" \/> <strong>LE TREKKING\/LA RANDONN\u00c9E<\/strong><\/div>\n<\/div>\n<div><\/div>\n<div><\/div>\n<div><\/div>\n<div><\/div>\n<div class=\"content__image-wrapper tw-w-fit\">\n<div class=\"content__image tw-relative tw-w-[5rem]\"><img loading=\"lazy\" decoding=\"async\" class=\"tw-absolute tw-top-0 tw-left-0 tw-w-full tw-h-full\" src=\"https:\/\/www.montura.com\/cdn\/shop\/files\/019_Climbing_Black.svg?v=1709126445&amp;width=200\" srcset=\"\/\/www.montura.com\/cdn\/shop\/files\/019_Climbing_Black.svg?v=1709126445&amp;width=200 200w\" alt=\"\" width=\"102\" height=\"135\" \/><strong> ESCALADE<\/strong><\/div>\n<\/div>\n<div><\/div>\n<div><\/div>\n<div><\/div>\n<div>\n<div class=\"content__image-wrapper tw-w-fit\">\n<div><\/div>\n<div class=\"content__image tw-relative tw-w-[5rem]\"><img loading=\"lazy\" decoding=\"async\" class=\"tw-absolute tw-top-0 tw-left-0 tw-w-full tw-h-full\" src=\"https:\/\/www.montura.com\/cdn\/shop\/files\/020_TrailRunning_Black.svg?v=1709126484&amp;width=200\" srcset=\"\/\/www.montura.com\/cdn\/shop\/files\/020_TrailRunning_Black.svg?v=1709126484&amp;width=200 200w\" alt=\"\" width=\"102\" height=\"102\" \/> <strong>COURSE \u00c0 PIED<\/strong><\/div>\n<\/div>\n<\/div>\n<div><\/div>\n<div><\/div>\n<div><\/div>\n<div><\/div>\n<div>\n<div class=\"content__image-wrapper tw-w-fit\">\n<div class=\"content__image tw-relative tw-w-[5rem]\"><img loading=\"lazy\" decoding=\"async\" class=\"tw-absolute tw-top-0 tw-left-0 tw-w-full tw-h-full\" src=\"https:\/\/www.montura.com\/cdn\/shop\/files\/021_Cycling_Black.svg?v=1709126277&amp;width=200\" srcset=\"\/\/www.montura.com\/cdn\/shop\/files\/021_Cycling_Black.svg?v=1709126277&amp;width=200 200w\" alt=\"\" width=\"103\" height=\"97\" \/> <strong> CYCLISME<\/strong><\/div>\n<\/div>\n<\/div>\n","protected":false},"excerpt":{"rendered":"<ul>\n<li>T-shirt id\u00e9al pour la course \u00e0 pied, l&#8217;escalade et la randonn\u00e9e en montagne.<\/li>\n<li>Extr\u00eamement respirant et \u00e0 s\u00e9chage rapide.<\/li>\n<\/ul>\n","protected":false},"featured_media":246740,"template":"","meta":{"_acf_changed":false,"inline_featured_image":false},"product_brand":[],"product_cat":[22604,22596,22595],"product_tag":[23512,23514],"class_list":{"0":"post-291592","1":"product","2":"type-product","3":"status-publish","4":"has-post-thumbnail","6":"product_cat-t-shirt","7":"product_cat-vetements-pour-femmes","8":"product_cat-femme","9":"product_tag-montura-fr","10":"product_tag-montura-femme","11":"pa_attivita-marcher","12":"pa_attivita-outdoor-fr","13":"pa_attivita-trail-fr","14":"pa_colore-rock-2-t-shirt-w-nero-care-blue-fr","15":"pa_colore-rock-2-t-shirt-w-vinaccia-light-rose-fr","16":"pa_marca-montura-fr","17":"pa_sesso-femme","18":"pa_size-extra-small-fr","19":"pa_size-small-fr","20":"pa_size-medium-fr","21":"pa_size-large-fr","23":"first","24":"instock","25":"sale","26":"taxable","27":"shipping-taxable","28":"purchasable","29":"product-type-variable","30":"wvs-archive-product-wrapper"},"acf":[],"yoast_head":"<!-- This site is optimized with the Yoast SEO plugin v26.8 - https:\/\/yoast.com\/product\/yoast-seo-wordpress\/ -->\n<title>Montura Rock 2 T-Shirt femme - T-shirt de course - MioMioRun<\/title>\n<meta name=\"description\" content=\"T-shirt Rock 2 pour femme : un v\u00eatement polyvalent pour la course \u00e0 pied, l&#039;escalade et la randonn\u00e9e. Ce T-shirt est en jersey de polyester.\" \/>\n<meta name=\"robots\" content=\"index, follow, max-snippet:-1, max-image-preview:large, max-video-preview:-1\" \/>\n<link rel=\"canonical\" href=\"https:\/\/www.miomiorun.com\/fr\/produit\/rock-2-t-shirt-femme\/\" \/>\n<meta property=\"og:locale\" content=\"fr_FR\" \/>\n<meta property=\"og:type\" content=\"article\" \/>\n<meta property=\"og:title\" content=\"Montura Rock 2 T-Shirt femme - T-shirt de course - MioMioRun\" \/>\n<meta property=\"og:description\" content=\"T-shirt Rock 2 pour femme : un v\u00eatement polyvalent pour la course \u00e0 pied, l&#039;escalade et la randonn\u00e9e. Ce T-shirt est en jersey de polyester.\" \/>\n<meta property=\"og:url\" content=\"https:\/\/www.miomiorun.com\/fr\/produit\/rock-2-t-shirt-femme\/\" \/>\n<meta property=\"og:site_name\" content=\"MioMioRun\" \/>\n<meta property=\"article:publisher\" content=\"https:\/\/www.facebook.com\/miomiorun\/\" \/>\n<meta property=\"article:modified_time\" content=\"2025-06-13T14:32:37+00:00\" \/>\n<meta property=\"og:image\" content=\"https:\/\/www.miomiorun.com\/app\/uploads\/2024\/05\/Montura-Rock-2-t-shirt-W-nero-care-blue-MTGN58W-9028.webp\" \/>\n\t<meta property=\"og:image:width\" content=\"600\" \/>\n\t<meta property=\"og:image:height\" content=\"600\" \/>\n\t<meta property=\"og:image:type\" content=\"image\/webp\" \/>\n<meta name=\"twitter:card\" content=\"summary_large_image\" \/>\n<meta name=\"twitter:label1\" content=\"Est. reading time\" \/>\n\t<meta name=\"twitter:data1\" content=\"1 minute\" \/>\n<script type=\"application\/ld+json\" class=\"yoast-schema-graph\">{\"@context\":\"https:\/\/schema.org\",\"@graph\":[{\"@type\":\"WebPage\",\"@id\":\"https:\/\/www.miomiorun.com\/fr\/produit\/rock-2-t-shirt-femme\/\",\"url\":\"https:\/\/www.miomiorun.com\/fr\/produit\/rock-2-t-shirt-femme\/\",\"name\":\"Montura Rock 2 T-Shirt femme - T-shirt de course - MioMioRun\",\"isPartOf\":{\"@id\":\"https:\/\/www.miomiorun.com\/fr\/#website\"},\"primaryImageOfPage\":{\"@id\":\"https:\/\/www.miomiorun.com\/fr\/produit\/rock-2-t-shirt-femme\/#primaryimage\"},\"image\":{\"@id\":\"https:\/\/www.miomiorun.com\/fr\/produit\/rock-2-t-shirt-femme\/#primaryimage\"},\"thumbnailUrl\":\"https:\/\/www.miomiorun.com\/app\/uploads\/2024\/05\/Montura-Rock-2-t-shirt-W-nero-care-blue-MTGN58W-9028.webp\",\"datePublished\":\"2024-04-18T12:57:47+00:00\",\"dateModified\":\"2025-06-13T14:32:37+00:00\",\"description\":\"T-shirt Rock 2 pour femme : un v\u00eatement polyvalent pour la course \u00e0 pied, l'escalade et la randonn\u00e9e. Ce T-shirt est en jersey de polyester.\",\"breadcrumb\":{\"@id\":\"https:\/\/www.miomiorun.com\/fr\/produit\/rock-2-t-shirt-femme\/#breadcrumb\"},\"inLanguage\":\"fr-FR\",\"potentialAction\":[{\"@type\":\"ReadAction\",\"target\":[\"https:\/\/www.miomiorun.com\/fr\/produit\/rock-2-t-shirt-femme\/\"]}]},{\"@type\":\"ImageObject\",\"inLanguage\":\"fr-FR\",\"@id\":\"https:\/\/www.miomiorun.com\/fr\/produit\/rock-2-t-shirt-femme\/#primaryimage\",\"url\":\"https:\/\/www.miomiorun.com\/app\/uploads\/2024\/05\/Montura-Rock-2-t-shirt-W-nero-care-blue-MTGN58W-9028.webp\",\"contentUrl\":\"https:\/\/www.miomiorun.com\/app\/uploads\/2024\/05\/Montura-Rock-2-t-shirt-W-nero-care-blue-MTGN58W-9028.webp\",\"width\":600,\"height\":600,\"caption\":\"Montura Rock 2 t-shirt W nero care blue MTGN58W 9028\"},{\"@type\":\"BreadcrumbList\",\"@id\":\"https:\/\/www.miomiorun.com\/fr\/produit\/rock-2-t-shirt-femme\/#breadcrumb\",\"itemListElement\":[{\"@type\":\"ListItem\",\"position\":1,\"name\":\"Home\",\"item\":\"https:\/\/www.miomiorun.com\/fr\/home-page\/\"},{\"@type\":\"ListItem\",\"position\":2,\"name\":\"Shop\",\"item\":\"https:\/\/www.miomiorun.com\/shop\/\"},{\"@type\":\"ListItem\",\"position\":3,\"name\":\"Rock 2 T-Shirt femme\"}]},{\"@type\":\"WebSite\",\"@id\":\"https:\/\/www.miomiorun.com\/fr\/#website\",\"url\":\"https:\/\/www.miomiorun.com\/fr\/\",\"name\":\"MioMioRun\",\"description\":\"Boutique 100% running et trail\",\"publisher\":{\"@id\":\"https:\/\/www.miomiorun.com\/fr\/#organization\"},\"potentialAction\":[{\"@type\":\"SearchAction\",\"target\":{\"@type\":\"EntryPoint\",\"urlTemplate\":\"https:\/\/www.miomiorun.com\/fr\/?s={search_term_string}\"},\"query-input\":{\"@type\":\"PropertyValueSpecification\",\"valueRequired\":true,\"valueName\":\"search_term_string\"}}],\"inLanguage\":\"fr-FR\"},{\"@type\":\"Organization\",\"@id\":\"https:\/\/www.miomiorun.com\/fr\/#organization\",\"name\":\"MioMio Run\",\"url\":\"https:\/\/www.miomiorun.com\/fr\/\",\"logo\":{\"@type\":\"ImageObject\",\"inLanguage\":\"fr-FR\",\"@id\":\"https:\/\/www.miomiorun.com\/fr\/#\/schema\/logo\/image\/\",\"url\":\"https:\/\/www.miomiorun.com\/app\/uploads\/2019\/12\/logomio.png\",\"contentUrl\":\"https:\/\/www.miomiorun.com\/app\/uploads\/2019\/12\/logomio.png\",\"width\":115,\"height\":82,\"caption\":\"MioMio Run\"},\"image\":{\"@id\":\"https:\/\/www.miomiorun.com\/fr\/#\/schema\/logo\/image\/\"},\"sameAs\":[\"https:\/\/www.facebook.com\/miomiorun\/\",\"https:\/\/www.instagram.com\/miomiorun\/\"]}]}<\/script>\n<!-- \/ Yoast SEO plugin. -->","yoast_head_json":{"title":"Montura Rock 2 T-Shirt femme - T-shirt de course - MioMioRun","description":"T-shirt Rock 2 pour femme : un v\u00eatement polyvalent pour la course \u00e0 pied, l'escalade et la randonn\u00e9e. Ce T-shirt est en jersey de polyester.","robots":{"index":"index","follow":"follow","max-snippet":"max-snippet:-1","max-image-preview":"max-image-preview:large","max-video-preview":"max-video-preview:-1"},"canonical":"https:\/\/www.miomiorun.com\/fr\/produit\/rock-2-t-shirt-femme\/","og_locale":"fr_FR","og_type":"article","og_title":"Montura Rock 2 T-Shirt femme - T-shirt de course - MioMioRun","og_description":"T-shirt Rock 2 pour femme : un v\u00eatement polyvalent pour la course \u00e0 pied, l'escalade et la randonn\u00e9e. Ce T-shirt est en jersey de polyester.","og_url":"https:\/\/www.miomiorun.com\/fr\/produit\/rock-2-t-shirt-femme\/","og_site_name":"MioMioRun","article_publisher":"https:\/\/www.facebook.com\/miomiorun\/","article_modified_time":"2025-06-13T14:32:37+00:00","og_image":[{"width":600,"height":600,"url":"https:\/\/www.miomiorun.com\/app\/uploads\/2024\/05\/Montura-Rock-2-t-shirt-W-nero-care-blue-MTGN58W-9028.webp","type":"image\/webp"}],"twitter_card":"summary_large_image","twitter_misc":{"Est. reading time":"1 minute"},"schema":{"@context":"https:\/\/schema.org","@graph":[{"@type":"WebPage","@id":"https:\/\/www.miomiorun.com\/fr\/produit\/rock-2-t-shirt-femme\/","url":"https:\/\/www.miomiorun.com\/fr\/produit\/rock-2-t-shirt-femme\/","name":"Montura Rock 2 T-Shirt femme - T-shirt de course - MioMioRun","isPartOf":{"@id":"https:\/\/www.miomiorun.com\/fr\/#website"},"primaryImageOfPage":{"@id":"https:\/\/www.miomiorun.com\/fr\/produit\/rock-2-t-shirt-femme\/#primaryimage"},"image":{"@id":"https:\/\/www.miomiorun.com\/fr\/produit\/rock-2-t-shirt-femme\/#primaryimage"},"thumbnailUrl":"https:\/\/www.miomiorun.com\/app\/uploads\/2024\/05\/Montura-Rock-2-t-shirt-W-nero-care-blue-MTGN58W-9028.webp","datePublished":"2024-04-18T12:57:47+00:00","dateModified":"2025-06-13T14:32:37+00:00","description":"T-shirt Rock 2 pour femme : un v\u00eatement polyvalent pour la course \u00e0 pied, l'escalade et la randonn\u00e9e. Ce T-shirt est en jersey de polyester.","breadcrumb":{"@id":"https:\/\/www.miomiorun.com\/fr\/produit\/rock-2-t-shirt-femme\/#breadcrumb"},"inLanguage":"fr-FR","potentialAction":[{"@type":"ReadAction","target":["https:\/\/www.miomiorun.com\/fr\/produit\/rock-2-t-shirt-femme\/"]}]},{"@type":"ImageObject","inLanguage":"fr-FR","@id":"https:\/\/www.miomiorun.com\/fr\/produit\/rock-2-t-shirt-femme\/#primaryimage","url":"https:\/\/www.miomiorun.com\/app\/uploads\/2024\/05\/Montura-Rock-2-t-shirt-W-nero-care-blue-MTGN58W-9028.webp","contentUrl":"https:\/\/www.miomiorun.com\/app\/uploads\/2024\/05\/Montura-Rock-2-t-shirt-W-nero-care-blue-MTGN58W-9028.webp","width":600,"height":600,"caption":"Montura Rock 2 t-shirt W nero care blue MTGN58W 9028"},{"@type":"BreadcrumbList","@id":"https:\/\/www.miomiorun.com\/fr\/produit\/rock-2-t-shirt-femme\/#breadcrumb","itemListElement":[{"@type":"ListItem","position":1,"name":"Home","item":"https:\/\/www.miomiorun.com\/fr\/home-page\/"},{"@type":"ListItem","position":2,"name":"Shop","item":"https:\/\/www.miomiorun.com\/shop\/"},{"@type":"ListItem","position":3,"name":"Rock 2 T-Shirt femme"}]},{"@type":"WebSite","@id":"https:\/\/www.miomiorun.com\/fr\/#website","url":"https:\/\/www.miomiorun.com\/fr\/","name":"MioMioRun","description":"Boutique 100% running et trail","publisher":{"@id":"https:\/\/www.miomiorun.com\/fr\/#organization"},"potentialAction":[{"@type":"SearchAction","target":{"@type":"EntryPoint","urlTemplate":"https:\/\/www.miomiorun.com\/fr\/?s={search_term_string}"},"query-input":{"@type":"PropertyValueSpecification","valueRequired":true,"valueName":"search_term_string"}}],"inLanguage":"fr-FR"},{"@type":"Organization","@id":"https:\/\/www.miomiorun.com\/fr\/#organization","name":"MioMio Run","url":"https:\/\/www.miomiorun.com\/fr\/","logo":{"@type":"ImageObject","inLanguage":"fr-FR","@id":"https:\/\/www.miomiorun.com\/fr\/#\/schema\/logo\/image\/","url":"https:\/\/www.miomiorun.com\/app\/uploads\/2019\/12\/logomio.png","contentUrl":"https:\/\/www.miomiorun.com\/app\/uploads\/2019\/12\/logomio.png","width":115,"height":82,"caption":"MioMio Run"},"image":{"@id":"https:\/\/www.miomiorun.com\/fr\/#\/schema\/logo\/image\/"},"sameAs":["https:\/\/www.facebook.com\/miomiorun\/","https:\/\/www.instagram.com\/miomiorun\/"]}]}},"_links":{"self":[{"href":"https:\/\/www.miomiorun.com\/fr\/wp-json\/wp\/v2\/product\/291592","targetHints":{"allow":["GET"]}}],"collection":[{"href":"https:\/\/www.miomiorun.com\/fr\/wp-json\/wp\/v2\/product"}],"about":[{"href":"https:\/\/www.miomiorun.com\/fr\/wp-json\/wp\/v2\/types\/product"}],"wp:featuredmedia":[{"embeddable":true,"href":"https:\/\/www.miomiorun.com\/fr\/wp-json\/wp\/v2\/media\/246740"}],"wp:attachment":[{"href":"https:\/\/www.miomiorun.com\/fr\/wp-json\/wp\/v2\/media?parent=291592"}],"wp:term":[{"taxonomy":"product_brand","embeddable":true,"href":"https:\/\/www.miomiorun.com\/fr\/wp-json\/wp\/v2\/product_brand?post=291592"},{"taxonomy":"product_cat","embeddable":true,"href":"https:\/\/www.miomiorun.com\/fr\/wp-json\/wp\/v2\/product_cat?post=291592"},{"taxonomy":"product_tag","embeddable":true,"href":"https:\/\/www.miomiorun.com\/fr\/wp-json\/wp\/v2\/product_tag?post=291592"}],"curies":[{"name":"wp","href":"https:\/\/api.w.org\/{rel}","templated":true}]}}